{"id":10,"date":"2025-04-09T12:24:59","date_gmt":"2025-04-09T10:24:59","guid":{"rendered":"https:\/\/fast-track.epsi-wis.ovh\/abdellah\/?page_id=10"},"modified":"2025-05-25T00:04:06","modified_gmt":"2025-05-24T22:04:06","slug":"accueil","status":"publish","type":"page","link":"https:\/\/fast-track.epsi-wis.ovh\/abdellah\/","title":{"rendered":"Accueil"},"content":{"rendered":"\n<figure class=\"wp-block-image size-large\"><img fetchpriority=\"high\" decoding=\"async\" width=\"1110\" height=\"736\" src=\"https:\/\/fast-track.epsi-wis.ovh\/abdellah\/wp-content\/uploads\/2025\/05\/entretien-jardin-1110x736.jpg\" alt=\"\" class=\"wp-image-60\" srcset=\"https:\/\/fast-track.epsi-wis.ovh\/abdellah\/wp-content\/uploads\/2025\/05\/entretien-jardin-1110x736.jpg 1110w, https:\/\/fast-track.epsi-wis.ovh\/abdellah\/wp-content\/uploads\/2025\/05\/entretien-jardin-452x300.jpg 452w, https:\/\/fast-track.epsi-wis.ovh\/abdellah\/wp-content\/uploads\/2025\/05\/entretien-jardin-768x509.jpg 768w, https:\/\/fast-track.epsi-wis.ovh\/abdellah\/wp-content\/uploads\/2025\/05\/entretien-jardin.jpg 1500w\" sizes=\"(max-width: 1110px) 100vw, 1110px\" \/><\/figure>\n\n\n\n<p>\ud83d\udc4b Bienvenue chez Onyx Espa\ud83d\udc4b Bienvenue chez <strong>Onyx Espaces Verts<\/strong>, votre expert en <strong>am\u00e9nagement paysager dans les Yvelines<\/strong> \ud83c\udf33. Nous mettons notre passion et notre expertise au service de vos jardins et espaces verts, en vous offrant des solutions d&rsquo;<strong>am\u00e9nagement paysager Yvelines<\/strong> de qualit\u00e9.<\/p>\n\n\n\n<p>Nous proposons une gamme compl\u00e8te de services pour embellir et prendre soin de votre jardin :<\/p>\n\n\n\n<ul class=\"wp-block-list\">\n<li>\ud83c\udf3f <strong>Entretien de jardin dans les Yvelines :<\/strong> Confiez-nous la tonte r\u00e9guli\u00e8re de votre pelouse \u27a1\ufe0f \ud83c\udf3f, la taille experte de vos haies et arbustes \u2702\ufe0f, le d\u00e9sherbage soign\u00e9 de vos parterres et all\u00e9es, ainsi que le ramassage des feuilles et l&rsquo;\u00e9vacuation des d\u00e9chets verts. Nous assurons un jardin impeccable toute l&rsquo;ann\u00e9e pour votre <strong>am\u00e9nagement paysager Yvelines<\/strong>. <\/li>\n<\/ul>\n\n\n\n<div class=\"wp-block-buttons is-layout-flex wp-block-buttons-is-layout-flex\">\n<div class=\"wp-block-button\"><a class=\"wp-block-button__link wp-element-button\" href=\"https:\/\/fast-track.epsi-wis.ovh\/abdellah\/entretien-de-jardin-pour-particuliers-dans-les-yvelines-onyx-espaces-verts\/\">Voir +<\/a><\/div>\n<\/div>\n\n\n\n<ul class=\"wp-block-list\">\n<li>\ud83c\udf33 <strong>\u00c9lagage et abattage d\u2019arbres \u00e0 Bullion et alentours :<\/strong> Nos experts qualifi\u00e9s interviennent pour la taille de vos arbres fruitiers ou ornementaux, assurant leur sant\u00e9 et leur esth\u00e9tique. Nous r\u00e9alisons \u00e9galement l&rsquo;abattage d&rsquo;arbres dangereux, malades ou g\u00eanants en toute s\u00e9curit\u00e9 \ud83e\ude93, en respectant les normes en vigueur. Faites confiance \u00e0 Onyx Espaces Verts pour tous vos besoins en <strong>am\u00e9nagement paysager Yvelines<\/strong>, y compris \u00e0 Bullion et ses environs. <\/li>\n<\/ul>\n\n\n\n<div class=\"wp-block-buttons is-layout-flex wp-block-buttons-is-layout-flex\">\n<div class=\"wp-block-button\"><a class=\"wp-block-button__link wp-element-button\" href=\"https:\/\/fast-track.epsi-wis.ovh\/abdellah\/elagage-et-abattage-darbres-a-bullion-et-alentours-service-pro-rapide\/\">Voir +<\/a><\/div>\n<\/div>\n\n\n\n<ul class=\"wp-block-list\">\n<li>\ud83e\uddf1 <strong>Cr\u00e9ation de terrasses et all\u00e9es sur mesure dans les Yvelines :<\/strong> Nous concevons et r\u00e9alisons des espaces ext\u00e9rieurs uniques et fonctionnels, adapt\u00e9s \u00e0 vos envies \u2728. Que vous r\u00eaviez d&rsquo;une terrasse conviviale pour vos repas en plein air ou d&rsquo;all\u00e9es pratiques et esth\u00e9tiques pour circuler dans votre jardin, nous sommes \u00e0 votre \u00e9coute pour concr\u00e9tiser votre projet d&rsquo;<strong>am\u00e9nagement paysager Yvelines<\/strong>. <\/li>\n<\/ul>\n\n\n\n<div class=\"wp-block-buttons is-layout-flex wp-block-buttons-is-layout-flex\">\n<div class=\"wp-block-button\"><a class=\"wp-block-button__link wp-element-button\" href=\"https:\/\/fast-track.epsi-wis.ovh\/abdellah\/creation-de-terrasses-et-allees-sur-mesure-dans-les-yvelines\/\">Voir +<\/a><\/div>\n<\/div>\n\n\n\n<figure class=\"wp-block-embed is-type-video is-provider-youtube wp-block-embed-youtube wp-embed-aspect-16-9 wp-has-aspect-ratio\"><div class=\"wp-block-embed__wrapper\">\n<iframe title=\"Garden Catastrophe Restoration | Watch us Transform this Jungle\" width=\"500\" height=\"281\" src=\"https:\/\/www.youtube.com\/embed\/7uq7QKJ-umE?feature=oembed\" frameborder=\"0\" allow=\"accelerometer; autoplay; clipboard-write; encrypted-media; gyroscope; picture-in-picture; web-share\" referrerpolicy=\"strict-origin-when-cross-origin\" allowfullscreen><\/iframe>\n<\/div><\/figure>\n\n\n\n<p id=\"block-36469aab-f133-4f48-8926-260f9a1d7e74\">\ud83d\udcde Contactez-nous pour discuter de votre projet d&rsquo;<strong>am\u00e9nagement paysager dans les Yvelines<\/strong> et obtenir un devis personnalis\u00e9 ! \ud83d\udce7<\/p>\n\n\n\n<div class=\"wp-block-buttons is-layout-flex wp-block-buttons-is-layout-flex\">\n<div class=\"wp-block-button\"><a class=\"wp-block-button__link wp-element-button\" href=\"https:\/\/fast-track.epsi-wis.ovh\/abdellah\/contact-epsi-wis-paris\/\">Contact<\/a><\/div>\n<\/div>\n\n\n\n<p><\/p>\n","protected":false},"excerpt":{"rendered":"<p>\ud83d\udc4b Bienvenue chez Onyx Espa\ud83d\udc4b Bienvenue chez Onyx Espaces Verts, votre expert en am\u00e9nagement paysager dans les Yvelines \ud83c\udf33. Nous mettons notre passion et notre expertise au service de vos jardins et espaces verts, en vous offrant des solutions d&rsquo;am\u00e9nagement paysager Yvelines de qualit\u00e9. Nous proposons une gamme compl\u00e8te de services pour embellir et prendre [&hellip;]<\/p>\n","protected":false},"author":1,"featured_media":0,"parent":0,"menu_order":0,"comment_status":"closed","ping_status":"closed","template":"","meta":{"footnotes":""},"class_list":["post-10","page","type-page","status-publish","hentry"],"yoast_head":"<!-- This site is optimized with the Yoast SEO plugin v27.4 - https:\/\/yoast.com\/product\/yoast-seo-wordpress\/ -->\n<title>Accueil - Onyx Espaces Verts<\/title>\n<meta name=\"robots\" content=\"index, follow, max-snippet:-1, max-image-preview:large, max-video-preview:-1\" \/>\n<link rel=\"canonical\" href=\"https:\/\/fast-track.epsi-wis.ovh\/abdellah\/\" \/>\n<meta property=\"og:locale\" content=\"fr_FR\" \/>\n<meta property=\"og:type\" content=\"article\" \/>\n<meta property=\"og:title\" content=\"Accueil - Onyx Espaces Verts\" \/>\n<meta property=\"og:description\" content=\"\ud83d\udc4b Bienvenue chez Onyx Espa\ud83d\udc4b Bienvenue chez Onyx Espaces Verts, votre expert en am\u00e9nagement paysager dans les Yvelines \ud83c\udf33. Nous mettons notre passion et notre expertise au service de vos jardins et espaces verts, en vous offrant des solutions d&rsquo;am\u00e9nagement paysager Yvelines de qualit\u00e9. Nous proposons une gamme compl\u00e8te de services pour embellir et prendre [&hellip;]\" \/>\n<meta property=\"og:url\" content=\"https:\/\/fast-track.epsi-wis.ovh\/abdellah\/\" \/>\n<meta property=\"og:site_name\" content=\"Onyx Espaces Verts\" \/>\n<meta property=\"article:modified_time\" content=\"2025-05-24T22:04:06+00:00\" \/>\n<meta property=\"og:image\" content=\"https:\/\/fast-track.epsi-wis.ovh\/abdellah\/wp-content\/uploads\/2025\/05\/entretien-jardin.jpg\" \/>\n\t<meta property=\"og:image:width\" content=\"1500\" \/>\n\t<meta property=\"og:image:height\" content=\"995\" \/>\n\t<meta property=\"og:image:type\" content=\"image\/jpeg\" \/>\n<meta name=\"twitter:card\" content=\"summary_large_image\" \/>\n<meta name=\"twitter:label1\" content=\"Dur\u00e9e de lecture estim\u00e9e\" \/>\n\t<meta name=\"twitter:data1\" content=\"2 minutes\" \/>\n<script type=\"application\/ld+json\" class=\"yoast-schema-graph\">{\"@context\":\"https:\\\/\\\/schema.org\",\"@graph\":[{\"@type\":\"WebPage\",\"@id\":\"https:\\\/\\\/fast-track.epsi-wis.ovh\\\/abdellah\\\/\",\"url\":\"https:\\\/\\\/fast-track.epsi-wis.ovh\\\/abdellah\\\/\",\"name\":\"Accueil - Onyx Espaces Verts\",\"isPartOf\":{\"@id\":\"https:\\\/\\\/fast-track.epsi-wis.ovh\\\/abdellah\\\/#website\"},\"primaryImageOfPage\":{\"@id\":\"https:\\\/\\\/fast-track.epsi-wis.ovh\\\/abdellah\\\/#primaryimage\"},\"image\":{\"@id\":\"https:\\\/\\\/fast-track.epsi-wis.ovh\\\/abdellah\\\/#primaryimage\"},\"thumbnailUrl\":\"https:\\\/\\\/fast-track.epsi-wis.ovh\\\/abdellah\\\/wp-content\\\/uploads\\\/2025\\\/05\\\/entretien-jardin-1110x736.jpg\",\"datePublished\":\"2025-04-09T10:24:59+00:00\",\"dateModified\":\"2025-05-24T22:04:06+00:00\",\"breadcrumb\":{\"@id\":\"https:\\\/\\\/fast-track.epsi-wis.ovh\\\/abdellah\\\/#breadcrumb\"},\"inLanguage\":\"fr-FR\",\"potentialAction\":[{\"@type\":\"ReadAction\",\"target\":[\"https:\\\/\\\/fast-track.epsi-wis.ovh\\\/abdellah\\\/\"]}]},{\"@type\":\"ImageObject\",\"inLanguage\":\"fr-FR\",\"@id\":\"https:\\\/\\\/fast-track.epsi-wis.ovh\\\/abdellah\\\/#primaryimage\",\"url\":\"https:\\\/\\\/fast-track.epsi-wis.ovh\\\/abdellah\\\/wp-content\\\/uploads\\\/2025\\\/05\\\/entretien-jardin.jpg\",\"contentUrl\":\"https:\\\/\\\/fast-track.epsi-wis.ovh\\\/abdellah\\\/wp-content\\\/uploads\\\/2025\\\/05\\\/entretien-jardin.jpg\",\"width\":1500,\"height\":995},{\"@type\":\"BreadcrumbList\",\"@id\":\"https:\\\/\\\/fast-track.epsi-wis.ovh\\\/abdellah\\\/#breadcrumb\",\"itemListElement\":[{\"@type\":\"ListItem\",\"position\":1,\"name\":\"Accueil\",\"item\":\"https:\\\/\\\/fast-track.epsi-wis.ovh\\\/abdellah\\\/\"},{\"@type\":\"ListItem\",\"position\":2,\"name\":\"Accueil\"}]},{\"@type\":\"WebSite\",\"@id\":\"https:\\\/\\\/fast-track.epsi-wis.ovh\\\/abdellah\\\/#website\",\"url\":\"https:\\\/\\\/fast-track.epsi-wis.ovh\\\/abdellah\\\/\",\"name\":\"wins\",\"description\":\"\",\"publisher\":{\"@id\":\"https:\\\/\\\/fast-track.epsi-wis.ovh\\\/abdellah\\\/#organization\"},\"potentialAction\":[{\"@type\":\"SearchAction\",\"target\":{\"@type\":\"EntryPoint\",\"urlTemplate\":\"https:\\\/\\\/fast-track.epsi-wis.ovh\\\/abdellah\\\/?s={search_term_string}\"},\"query-input\":{\"@type\":\"PropertyValueSpecification\",\"valueRequired\":true,\"valueName\":\"search_term_string\"}}],\"inLanguage\":\"fr-FR\"},{\"@type\":\"Organization\",\"@id\":\"https:\\\/\\\/fast-track.epsi-wis.ovh\\\/abdellah\\\/#organization\",\"name\":\"wins\",\"url\":\"https:\\\/\\\/fast-track.epsi-wis.ovh\\\/abdellah\\\/\",\"logo\":{\"@type\":\"ImageObject\",\"inLanguage\":\"fr-FR\",\"@id\":\"https:\\\/\\\/fast-track.epsi-wis.ovh\\\/abdellah\\\/#\\\/schema\\\/logo\\\/image\\\/\",\"url\":\"https:\\\/\\\/fast-track.epsi-wis.ovh\\\/abdellah\\\/wp-content\\\/uploads\\\/2025\\\/04\\\/Une_Courbevoie_3a9bf05462.jpg\",\"contentUrl\":\"https:\\\/\\\/fast-track.epsi-wis.ovh\\\/abdellah\\\/wp-content\\\/uploads\\\/2025\\\/04\\\/Une_Courbevoie_3a9bf05462.jpg\",\"width\":1203,\"height\":673,\"caption\":\"wins\"},\"image\":{\"@id\":\"https:\\\/\\\/fast-track.epsi-wis.ovh\\\/abdellah\\\/#\\\/schema\\\/logo\\\/image\\\/\"}}]}<\/script>\n<!-- \/ Yoast SEO plugin. -->","yoast_head_json":{"title":"Accueil - Onyx Espaces Verts","robots":{"index":"index","follow":"follow","max-snippet":"max-snippet:-1","max-image-preview":"max-image-preview:large","max-video-preview":"max-video-preview:-1"},"canonical":"https:\/\/fast-track.epsi-wis.ovh\/abdellah\/","og_locale":"fr_FR","og_type":"article","og_title":"Accueil - Onyx Espaces Verts","og_description":"\ud83d\udc4b Bienvenue chez Onyx Espa\ud83d\udc4b Bienvenue chez Onyx Espaces Verts, votre expert en am\u00e9nagement paysager dans les Yvelines \ud83c\udf33. Nous mettons notre passion et notre expertise au service de vos jardins et espaces verts, en vous offrant des solutions d&rsquo;am\u00e9nagement paysager Yvelines de qualit\u00e9. Nous proposons une gamme compl\u00e8te de services pour embellir et prendre [&hellip;]","og_url":"https:\/\/fast-track.epsi-wis.ovh\/abdellah\/","og_site_name":"Onyx Espaces Verts","article_modified_time":"2025-05-24T22:04:06+00:00","og_image":[{"width":1500,"height":995,"url":"https:\/\/fast-track.epsi-wis.ovh\/abdellah\/wp-content\/uploads\/2025\/05\/entretien-jardin.jpg","type":"image\/jpeg"}],"twitter_card":"summary_large_image","twitter_misc":{"Dur\u00e9e de lecture estim\u00e9e":"2 minutes"},"schema":{"@context":"https:\/\/schema.org","@graph":[{"@type":"WebPage","@id":"https:\/\/fast-track.epsi-wis.ovh\/abdellah\/","url":"https:\/\/fast-track.epsi-wis.ovh\/abdellah\/","name":"Accueil - Onyx Espaces Verts","isPartOf":{"@id":"https:\/\/fast-track.epsi-wis.ovh\/abdellah\/#website"},"primaryImageOfPage":{"@id":"https:\/\/fast-track.epsi-wis.ovh\/abdellah\/#primaryimage"},"image":{"@id":"https:\/\/fast-track.epsi-wis.ovh\/abdellah\/#primaryimage"},"thumbnailUrl":"https:\/\/fast-track.epsi-wis.ovh\/abdellah\/wp-content\/uploads\/2025\/05\/entretien-jardin-1110x736.jpg","datePublished":"2025-04-09T10:24:59+00:00","dateModified":"2025-05-24T22:04:06+00:00","breadcrumb":{"@id":"https:\/\/fast-track.epsi-wis.ovh\/abdellah\/#breadcrumb"},"inLanguage":"fr-FR","potentialAction":[{"@type":"ReadAction","target":["https:\/\/fast-track.epsi-wis.ovh\/abdellah\/"]}]},{"@type":"ImageObject","inLanguage":"fr-FR","@id":"https:\/\/fast-track.epsi-wis.ovh\/abdellah\/#primaryimage","url":"https:\/\/fast-track.epsi-wis.ovh\/abdellah\/wp-content\/uploads\/2025\/05\/entretien-jardin.jpg","contentUrl":"https:\/\/fast-track.epsi-wis.ovh\/abdellah\/wp-content\/uploads\/2025\/05\/entretien-jardin.jpg","width":1500,"height":995},{"@type":"BreadcrumbList","@id":"https:\/\/fast-track.epsi-wis.ovh\/abdellah\/#breadcrumb","itemListElement":[{"@type":"ListItem","position":1,"name":"Accueil","item":"https:\/\/fast-track.epsi-wis.ovh\/abdellah\/"},{"@type":"ListItem","position":2,"name":"Accueil"}]},{"@type":"WebSite","@id":"https:\/\/fast-track.epsi-wis.ovh\/abdellah\/#website","url":"https:\/\/fast-track.epsi-wis.ovh\/abdellah\/","name":"wins","description":"","publisher":{"@id":"https:\/\/fast-track.epsi-wis.ovh\/abdellah\/#organization"},"potentialAction":[{"@type":"SearchAction","target":{"@type":"EntryPoint","urlTemplate":"https:\/\/fast-track.epsi-wis.ovh\/abdellah\/?s={search_term_string}"},"query-input":{"@type":"PropertyValueSpecification","valueRequired":true,"valueName":"search_term_string"}}],"inLanguage":"fr-FR"},{"@type":"Organization","@id":"https:\/\/fast-track.epsi-wis.ovh\/abdellah\/#organization","name":"wins","url":"https:\/\/fast-track.epsi-wis.ovh\/abdellah\/","logo":{"@type":"ImageObject","inLanguage":"fr-FR","@id":"https:\/\/fast-track.epsi-wis.ovh\/abdellah\/#\/schema\/logo\/image\/","url":"https:\/\/fast-track.epsi-wis.ovh\/abdellah\/wp-content\/uploads\/2025\/04\/Une_Courbevoie_3a9bf05462.jpg","contentUrl":"https:\/\/fast-track.epsi-wis.ovh\/abdellah\/wp-content\/uploads\/2025\/04\/Une_Courbevoie_3a9bf05462.jpg","width":1203,"height":673,"caption":"wins"},"image":{"@id":"https:\/\/fast-track.epsi-wis.ovh\/abdellah\/#\/schema\/logo\/image\/"}}]}},"_links":{"self":[{"href":"https:\/\/fast-track.epsi-wis.ovh\/abdellah\/wp-json\/wp\/v2\/pages\/10","targetHints":{"allow":["GET"]}}],"collection":[{"href":"https:\/\/fast-track.epsi-wis.ovh\/abdellah\/wp-json\/wp\/v2\/pages"}],"about":[{"href":"https:\/\/fast-track.epsi-wis.ovh\/abdellah\/wp-json\/wp\/v2\/types\/page"}],"author":[{"embeddable":true,"href":"https:\/\/fast-track.epsi-wis.ovh\/abdellah\/wp-json\/wp\/v2\/users\/1"}],"replies":[{"embeddable":true,"href":"https:\/\/fast-track.epsi-wis.ovh\/abdellah\/wp-json\/wp\/v2\/comments?post=10"}],"version-history":[{"count":4,"href":"https:\/\/fast-track.epsi-wis.ovh\/abdellah\/wp-json\/wp\/v2\/pages\/10\/revisions"}],"predecessor-version":[{"id":143,"href":"https:\/\/fast-track.epsi-wis.ovh\/abdellah\/wp-json\/wp\/v2\/pages\/10\/revisions\/143"}],"wp:attachment":[{"href":"https:\/\/fast-track.epsi-wis.ovh\/abdellah\/wp-json\/wp\/v2\/media?parent=10"}],"curies":[{"name":"wp","href":"https:\/\/api.w.org\/{rel}","templated":true}]}}