{"id":165,"date":"2025-06-16T13:09:35","date_gmt":"2025-06-16T11:09:35","guid":{"rendered":"https:\/\/fast-track.epsi-wis.ovh\/abdellah\/?page_id=165"},"modified":"2025-06-27T19:33:48","modified_gmt":"2025-06-27T17:33:48","slug":"notre-histoire-greenclean","status":"publish","type":"page","link":"https:\/\/fast-track.epsi-wis.ovh\/abdellah\/notre-histoire-greenclean\/","title":{"rendered":"Notre histoire : Green&#038;Clean"},"content":{"rendered":"\n<p><strong>Green&amp;Clean est n\u00e9e d\u2019une envie simple : rendre le m\u00e9nage plus propre pour la plan\u00e8te.<\/strong><\/p>\n\n\n\n<figure class=\"wp-block-image size-large\"><img fetchpriority=\"high\" decoding=\"async\" width=\"1024\" height=\"1024\" src=\"https:\/\/fast-track.epsi-wis.ovh\/abdellah\/wp-content\/uploads\/2025\/06\/Gemini_Generated_Image_kv1752kv1752kv17-1024x1024.jpeg\" alt=\"\" class=\"wp-image-166\" srcset=\"https:\/\/fast-track.epsi-wis.ovh\/abdellah\/wp-content\/uploads\/2025\/06\/Gemini_Generated_Image_kv1752kv1752kv17-1024x1024.jpeg 1024w, https:\/\/fast-track.epsi-wis.ovh\/abdellah\/wp-content\/uploads\/2025\/06\/Gemini_Generated_Image_kv1752kv1752kv17-300x300.jpeg 300w, https:\/\/fast-track.epsi-wis.ovh\/abdellah\/wp-content\/uploads\/2025\/06\/Gemini_Generated_Image_kv1752kv1752kv17-768x768.jpeg 768w, https:\/\/fast-track.epsi-wis.ovh\/abdellah\/wp-content\/uploads\/2025\/06\/Gemini_Generated_Image_kv1752kv1752kv17-1536x1536.jpeg 1536w, https:\/\/fast-track.epsi-wis.ovh\/abdellah\/wp-content\/uploads\/2025\/06\/Gemini_Generated_Image_kv1752kv1752kv17.jpeg 2048w\" sizes=\"(max-width: 1024px) 100vw, 1024px\" \/><\/figure>\n\n\n\n<hr class=\"wp-block-separator has-alpha-channel-opacity\"\/>\n\n\n\n<h2 class=\"wp-block-heading\">\ud83c\udf31 Une marque \u00e9co-responsable<\/h2>\n\n\n\n<p>Nous croyons qu\u2019il est possible de garder sa maison propre sans polluer. C\u2019est pourquoi nous avons cr\u00e9\u00e9 des produits d\u2019entretien naturels, efficaces et rechargeables. Finis les flacons jetables : place \u00e0 la consigne, au vrac et \u00e0 la transparence.<\/p>\n\n\n\n<p>Chaque formule Green&amp;Clean est d\u00e9velopp\u00e9e avec des ingr\u00e9dients d\u2019origine v\u00e9g\u00e9tale, sans substances toxiques, ni parfums artificiels. Nous privil\u00e9gions les circuits courts et les partenaires locaux pour r\u00e9duire notre empreinte carbone.<\/p>\n\n\n<div class=\"wp-block-image\">\n<figure class=\"alignright size-large is-resized\"><img decoding=\"async\" width=\"1024\" height=\"1024\" src=\"https:\/\/fast-track.epsi-wis.ovh\/abdellah\/wp-content\/uploads\/2025\/06\/Gemini_Generated_Image_kv174zkv174zkv17-1-1024x1024.jpeg\" alt=\"\" class=\"wp-image-168\" style=\"width:504px;height:auto\" srcset=\"https:\/\/fast-track.epsi-wis.ovh\/abdellah\/wp-content\/uploads\/2025\/06\/Gemini_Generated_Image_kv174zkv174zkv17-1-1024x1024.jpeg 1024w, https:\/\/fast-track.epsi-wis.ovh\/abdellah\/wp-content\/uploads\/2025\/06\/Gemini_Generated_Image_kv174zkv174zkv17-1-300x300.jpeg 300w, https:\/\/fast-track.epsi-wis.ovh\/abdellah\/wp-content\/uploads\/2025\/06\/Gemini_Generated_Image_kv174zkv174zkv17-1-768x768.jpeg 768w, https:\/\/fast-track.epsi-wis.ovh\/abdellah\/wp-content\/uploads\/2025\/06\/Gemini_Generated_Image_kv174zkv174zkv17-1-1536x1536.jpeg 1536w, https:\/\/fast-track.epsi-wis.ovh\/abdellah\/wp-content\/uploads\/2025\/06\/Gemini_Generated_Image_kv174zkv174zkv17-1.jpeg 2048w\" sizes=\"(max-width: 1024px) 100vw, 1024px\" \/><\/figure>\n<\/div>\n\n\n<hr class=\"wp-block-separator has-alpha-channel-opacity\"\/>\n\n\n\n<h2 class=\"wp-block-heading\">\ud83d\udc68\u200d\ud83d\udc69\u200d\ud83d\udc67\u200d\ud83d\udc66 Une aventure humaine<\/h2>\n\n\n\n<p>Derri\u00e8re Green&amp;Clean, une petite \u00e9quipe de passionn\u00e9s d\u2019\u00e9cologie, d\u2019innovation et de bon sens. Notre ambition : simplifier la transition \u00e9cologique dans les foyers fran\u00e7ais avec des produits accessibles, durables et beaux.<\/p>\n\n\n\n<p>Nous travaillons chaque jour \u00e0 d\u00e9velopper de nouvelles solutions toujours plus responsables et faciles \u00e0 adopter dans votre quotidien.<\/p>\n\n\n\n<hr class=\"wp-block-separator has-alpha-channel-opacity\"\/>\n\n\n\n<h2 class=\"wp-block-heading\">\u267b\ufe0f Nos engagements<\/h2>\n\n\n\n<ul class=\"wp-block-list\">\n<li>\u2714\ufe0f Z\u00e9ro plastique \u00e0 usage unique<\/li>\n\n\n\n<li>\u2714\ufe0f Flacons consign\u00e9s ou rechargeables<\/li>\n\n\n\n<li>\u2714\ufe0f Formules biod\u00e9gradables et non test\u00e9es sur les animaux<\/li>\n\n\n\n<li>\u2714\ufe0f Fabrication en France<\/li>\n<\/ul>\n\n\n\n<hr class=\"wp-block-separator has-alpha-channel-opacity\"\/>\n\n\n\n<h2 class=\"wp-block-heading\">\ud83d\udccd O\u00f9 nous trouver ?<\/h2>\n\n\n\n<p>Nos produits sont disponibles en ligne sur ce site, et dans une s\u00e9lection de boutiques partenaires. Vous pouvez \u00e9galement opter pour la livraison en vrac ou en consigne selon votre r\u00e9gion<\/p>\n\n\n\n<div class=\"wp-block-buttons is-layout-flex wp-block-buttons-is-layout-flex\">\n<div class=\"wp-block-button\"><a class=\"wp-block-button__link wp-element-button\" href=\"https:\/\/fast-track.epsi-wis.ovh\/abdellah\/contact-epsi-wis-paris\/\">Contact<\/a><\/div>\n<\/div>\n\n\n\n<p><\/p>\n","protected":false},"excerpt":{"rendered":"<p>Green&amp;Clean est n\u00e9e d\u2019une envie simple : rendre le m\u00e9nage plus propre pour la plan\u00e8te. \ud83c\udf31 Une marque \u00e9co-responsable Nous croyons qu\u2019il est possible de garder sa maison propre sans polluer. C\u2019est pourquoi nous avons cr\u00e9\u00e9 des produits d\u2019entretien naturels, efficaces et rechargeables. Finis les flacons jetables : place \u00e0 la consigne, au vrac et [&hellip;]<\/p>\n","protected":false},"author":1,"featured_media":0,"parent":0,"menu_order":0,"comment_status":"closed","ping_status":"closed","template":"","meta":{"footnotes":""},"class_list":["post-165","page","type-page","status-publish","hentry"],"yoast_head":"<!-- This site is optimized with the Yoast SEO plugin v27.4 - https:\/\/yoast.com\/product\/yoast-seo-wordpress\/ -->\n<title>Notre histoire : Green&amp;Clean - Onyx Espaces Verts<\/title>\n<meta name=\"robots\" content=\"index, follow, max-snippet:-1, max-image-preview:large, max-video-preview:-1\" \/>\n<link rel=\"canonical\" href=\"https:\/\/fast-track.epsi-wis.ovh\/abdellah\/notre-histoire-greenclean\/\" \/>\n<meta property=\"og:locale\" content=\"fr_FR\" \/>\n<meta property=\"og:type\" content=\"article\" \/>\n<meta property=\"og:title\" content=\"Notre histoire : Green&amp;Clean - Onyx Espaces Verts\" \/>\n<meta property=\"og:description\" content=\"Green&amp;Clean est n\u00e9e d\u2019une envie simple : rendre le m\u00e9nage plus propre pour la plan\u00e8te. \ud83c\udf31 Une marque \u00e9co-responsable Nous croyons qu\u2019il est possible de garder sa maison propre sans polluer. C\u2019est pourquoi nous avons cr\u00e9\u00e9 des produits d\u2019entretien naturels, efficaces et rechargeables. Finis les flacons jetables : place \u00e0 la consigne, au vrac et [&hellip;]\" \/>\n<meta property=\"og:url\" content=\"https:\/\/fast-track.epsi-wis.ovh\/abdellah\/notre-histoire-greenclean\/\" \/>\n<meta property=\"og:site_name\" content=\"Onyx Espaces Verts\" \/>\n<meta property=\"article:modified_time\" content=\"2025-06-27T17:33:48+00:00\" \/>\n<meta property=\"og:image\" content=\"https:\/\/fast-track.epsi-wis.ovh\/abdellah\/wp-content\/uploads\/2025\/06\/Gemini_Generated_Image_kv1752kv1752kv17.jpeg\" \/>\n\t<meta property=\"og:image:width\" content=\"2048\" \/>\n\t<meta property=\"og:image:height\" content=\"2048\" \/>\n\t<meta property=\"og:image:type\" content=\"image\/jpeg\" \/>\n<meta name=\"twitter:card\" content=\"summary_large_image\" \/>\n<meta name=\"twitter:label1\" content=\"Dur\u00e9e de lecture estim\u00e9e\" \/>\n\t<meta name=\"twitter:data1\" content=\"2 minutes\" \/>\n<script type=\"application\/ld+json\" class=\"yoast-schema-graph\">{\"@context\":\"https:\\\/\\\/schema.org\",\"@graph\":[{\"@type\":\"WebPage\",\"@id\":\"https:\\\/\\\/fast-track.epsi-wis.ovh\\\/abdellah\\\/notre-histoire-greenclean\\\/\",\"url\":\"https:\\\/\\\/fast-track.epsi-wis.ovh\\\/abdellah\\\/notre-histoire-greenclean\\\/\",\"name\":\"Notre histoire : Green&Clean - Onyx Espaces Verts\",\"isPartOf\":{\"@id\":\"https:\\\/\\\/fast-track.epsi-wis.ovh\\\/abdellah\\\/#website\"},\"primaryImageOfPage\":{\"@id\":\"https:\\\/\\\/fast-track.epsi-wis.ovh\\\/abdellah\\\/notre-histoire-greenclean\\\/#primaryimage\"},\"image\":{\"@id\":\"https:\\\/\\\/fast-track.epsi-wis.ovh\\\/abdellah\\\/notre-histoire-greenclean\\\/#primaryimage\"},\"thumbnailUrl\":\"https:\\\/\\\/fast-track.epsi-wis.ovh\\\/abdellah\\\/wp-content\\\/uploads\\\/2025\\\/06\\\/Gemini_Generated_Image_kv1752kv1752kv17-1024x1024.jpeg\",\"datePublished\":\"2025-06-16T11:09:35+00:00\",\"dateModified\":\"2025-06-27T17:33:48+00:00\",\"breadcrumb\":{\"@id\":\"https:\\\/\\\/fast-track.epsi-wis.ovh\\\/abdellah\\\/notre-histoire-greenclean\\\/#breadcrumb\"},\"inLanguage\":\"fr-FR\",\"potentialAction\":[{\"@type\":\"ReadAction\",\"target\":[\"https:\\\/\\\/fast-track.epsi-wis.ovh\\\/abdellah\\\/notre-histoire-greenclean\\\/\"]}]},{\"@type\":\"ImageObject\",\"inLanguage\":\"fr-FR\",\"@id\":\"https:\\\/\\\/fast-track.epsi-wis.ovh\\\/abdellah\\\/notre-histoire-greenclean\\\/#primaryimage\",\"url\":\"https:\\\/\\\/fast-track.epsi-wis.ovh\\\/abdellah\\\/wp-content\\\/uploads\\\/2025\\\/06\\\/Gemini_Generated_Image_kv1752kv1752kv17.jpeg\",\"contentUrl\":\"https:\\\/\\\/fast-track.epsi-wis.ovh\\\/abdellah\\\/wp-content\\\/uploads\\\/2025\\\/06\\\/Gemini_Generated_Image_kv1752kv1752kv17.jpeg\",\"width\":2048,\"height\":2048},{\"@type\":\"BreadcrumbList\",\"@id\":\"https:\\\/\\\/fast-track.epsi-wis.ovh\\\/abdellah\\\/notre-histoire-greenclean\\\/#breadcrumb\",\"itemListElement\":[{\"@type\":\"ListItem\",\"position\":1,\"name\":\"Accueil\",\"item\":\"https:\\\/\\\/fast-track.epsi-wis.ovh\\\/abdellah\\\/\"},{\"@type\":\"ListItem\",\"position\":2,\"name\":\"Notre histoire : Green&#038;Clean\"}]},{\"@type\":\"WebSite\",\"@id\":\"https:\\\/\\\/fast-track.epsi-wis.ovh\\\/abdellah\\\/#website\",\"url\":\"https:\\\/\\\/fast-track.epsi-wis.ovh\\\/abdellah\\\/\",\"name\":\"wins\",\"description\":\"\",\"publisher\":{\"@id\":\"https:\\\/\\\/fast-track.epsi-wis.ovh\\\/abdellah\\\/#organization\"},\"potentialAction\":[{\"@type\":\"SearchAction\",\"target\":{\"@type\":\"EntryPoint\",\"urlTemplate\":\"https:\\\/\\\/fast-track.epsi-wis.ovh\\\/abdellah\\\/?s={search_term_string}\"},\"query-input\":{\"@type\":\"PropertyValueSpecification\",\"valueRequired\":true,\"valueName\":\"search_term_string\"}}],\"inLanguage\":\"fr-FR\"},{\"@type\":\"Organization\",\"@id\":\"https:\\\/\\\/fast-track.epsi-wis.ovh\\\/abdellah\\\/#organization\",\"name\":\"wins\",\"url\":\"https:\\\/\\\/fast-track.epsi-wis.ovh\\\/abdellah\\\/\",\"logo\":{\"@type\":\"ImageObject\",\"inLanguage\":\"fr-FR\",\"@id\":\"https:\\\/\\\/fast-track.epsi-wis.ovh\\\/abdellah\\\/#\\\/schema\\\/logo\\\/image\\\/\",\"url\":\"https:\\\/\\\/fast-track.epsi-wis.ovh\\\/abdellah\\\/wp-content\\\/uploads\\\/2025\\\/04\\\/Une_Courbevoie_3a9bf05462.jpg\",\"contentUrl\":\"https:\\\/\\\/fast-track.epsi-wis.ovh\\\/abdellah\\\/wp-content\\\/uploads\\\/2025\\\/04\\\/Une_Courbevoie_3a9bf05462.jpg\",\"width\":1203,\"height\":673,\"caption\":\"wins\"},\"image\":{\"@id\":\"https:\\\/\\\/fast-track.epsi-wis.ovh\\\/abdellah\\\/#\\\/schema\\\/logo\\\/image\\\/\"}}]}<\/script>\n<!-- \/ Yoast SEO plugin. -->","yoast_head_json":{"title":"Notre histoire : Green&Clean - Onyx Espaces Verts","robots":{"index":"index","follow":"follow","max-snippet":"max-snippet:-1","max-image-preview":"max-image-preview:large","max-video-preview":"max-video-preview:-1"},"canonical":"https:\/\/fast-track.epsi-wis.ovh\/abdellah\/notre-histoire-greenclean\/","og_locale":"fr_FR","og_type":"article","og_title":"Notre histoire : Green&Clean - Onyx Espaces Verts","og_description":"Green&amp;Clean est n\u00e9e d\u2019une envie simple : rendre le m\u00e9nage plus propre pour la plan\u00e8te. \ud83c\udf31 Une marque \u00e9co-responsable Nous croyons qu\u2019il est possible de garder sa maison propre sans polluer. C\u2019est pourquoi nous avons cr\u00e9\u00e9 des produits d\u2019entretien naturels, efficaces et rechargeables. Finis les flacons jetables : place \u00e0 la consigne, au vrac et [&hellip;]","og_url":"https:\/\/fast-track.epsi-wis.ovh\/abdellah\/notre-histoire-greenclean\/","og_site_name":"Onyx Espaces Verts","article_modified_time":"2025-06-27T17:33:48+00:00","og_image":[{"width":2048,"height":2048,"url":"https:\/\/fast-track.epsi-wis.ovh\/abdellah\/wp-content\/uploads\/2025\/06\/Gemini_Generated_Image_kv1752kv1752kv17.jpeg","type":"image\/jpeg"}],"twitter_card":"summary_large_image","twitter_misc":{"Dur\u00e9e de lecture estim\u00e9e":"2 minutes"},"schema":{"@context":"https:\/\/schema.org","@graph":[{"@type":"WebPage","@id":"https:\/\/fast-track.epsi-wis.ovh\/abdellah\/notre-histoire-greenclean\/","url":"https:\/\/fast-track.epsi-wis.ovh\/abdellah\/notre-histoire-greenclean\/","name":"Notre histoire : Green&Clean - Onyx Espaces Verts","isPartOf":{"@id":"https:\/\/fast-track.epsi-wis.ovh\/abdellah\/#website"},"primaryImageOfPage":{"@id":"https:\/\/fast-track.epsi-wis.ovh\/abdellah\/notre-histoire-greenclean\/#primaryimage"},"image":{"@id":"https:\/\/fast-track.epsi-wis.ovh\/abdellah\/notre-histoire-greenclean\/#primaryimage"},"thumbnailUrl":"https:\/\/fast-track.epsi-wis.ovh\/abdellah\/wp-content\/uploads\/2025\/06\/Gemini_Generated_Image_kv1752kv1752kv17-1024x1024.jpeg","datePublished":"2025-06-16T11:09:35+00:00","dateModified":"2025-06-27T17:33:48+00:00","breadcrumb":{"@id":"https:\/\/fast-track.epsi-wis.ovh\/abdellah\/notre-histoire-greenclean\/#breadcrumb"},"inLanguage":"fr-FR","potentialAction":[{"@type":"ReadAction","target":["https:\/\/fast-track.epsi-wis.ovh\/abdellah\/notre-histoire-greenclean\/"]}]},{"@type":"ImageObject","inLanguage":"fr-FR","@id":"https:\/\/fast-track.epsi-wis.ovh\/abdellah\/notre-histoire-greenclean\/#primaryimage","url":"https:\/\/fast-track.epsi-wis.ovh\/abdellah\/wp-content\/uploads\/2025\/06\/Gemini_Generated_Image_kv1752kv1752kv17.jpeg","contentUrl":"https:\/\/fast-track.epsi-wis.ovh\/abdellah\/wp-content\/uploads\/2025\/06\/Gemini_Generated_Image_kv1752kv1752kv17.jpeg","width":2048,"height":2048},{"@type":"BreadcrumbList","@id":"https:\/\/fast-track.epsi-wis.ovh\/abdellah\/notre-histoire-greenclean\/#breadcrumb","itemListElement":[{"@type":"ListItem","position":1,"name":"Accueil","item":"https:\/\/fast-track.epsi-wis.ovh\/abdellah\/"},{"@type":"ListItem","position":2,"name":"Notre histoire : Green&#038;Clean"}]},{"@type":"WebSite","@id":"https:\/\/fast-track.epsi-wis.ovh\/abdellah\/#website","url":"https:\/\/fast-track.epsi-wis.ovh\/abdellah\/","name":"wins","description":"","publisher":{"@id":"https:\/\/fast-track.epsi-wis.ovh\/abdellah\/#organization"},"potentialAction":[{"@type":"SearchAction","target":{"@type":"EntryPoint","urlTemplate":"https:\/\/fast-track.epsi-wis.ovh\/abdellah\/?s={search_term_string}"},"query-input":{"@type":"PropertyValueSpecification","valueRequired":true,"valueName":"search_term_string"}}],"inLanguage":"fr-FR"},{"@type":"Organization","@id":"https:\/\/fast-track.epsi-wis.ovh\/abdellah\/#organization","name":"wins","url":"https:\/\/fast-track.epsi-wis.ovh\/abdellah\/","logo":{"@type":"ImageObject","inLanguage":"fr-FR","@id":"https:\/\/fast-track.epsi-wis.ovh\/abdellah\/#\/schema\/logo\/image\/","url":"https:\/\/fast-track.epsi-wis.ovh\/abdellah\/wp-content\/uploads\/2025\/04\/Une_Courbevoie_3a9bf05462.jpg","contentUrl":"https:\/\/fast-track.epsi-wis.ovh\/abdellah\/wp-content\/uploads\/2025\/04\/Une_Courbevoie_3a9bf05462.jpg","width":1203,"height":673,"caption":"wins"},"image":{"@id":"https:\/\/fast-track.epsi-wis.ovh\/abdellah\/#\/schema\/logo\/image\/"}}]}},"_links":{"self":[{"href":"https:\/\/fast-track.epsi-wis.ovh\/abdellah\/wp-json\/wp\/v2\/pages\/165","targetHints":{"allow":["GET"]}}],"collection":[{"href":"https:\/\/fast-track.epsi-wis.ovh\/abdellah\/wp-json\/wp\/v2\/pages"}],"about":[{"href":"https:\/\/fast-track.epsi-wis.ovh\/abdellah\/wp-json\/wp\/v2\/types\/page"}],"author":[{"embeddable":true,"href":"https:\/\/fast-track.epsi-wis.ovh\/abdellah\/wp-json\/wp\/v2\/users\/1"}],"replies":[{"embeddable":true,"href":"https:\/\/fast-track.epsi-wis.ovh\/abdellah\/wp-json\/wp\/v2\/comments?post=165"}],"version-history":[{"count":3,"href":"https:\/\/fast-track.epsi-wis.ovh\/abdellah\/wp-json\/wp\/v2\/pages\/165\/revisions"}],"predecessor-version":[{"id":242,"href":"https:\/\/fast-track.epsi-wis.ovh\/abdellah\/wp-json\/wp\/v2\/pages\/165\/revisions\/242"}],"wp:attachment":[{"href":"https:\/\/fast-track.epsi-wis.ovh\/abdellah\/wp-json\/wp\/v2\/media?parent=165"}],"curies":[{"name":"wp","href":"https:\/\/api.w.org\/{rel}","templated":true}]}}