{"id":55,"date":"2025-05-14T17:15:49","date_gmt":"2025-05-14T15:15:49","guid":{"rendered":"https:\/\/fast-track.epsi-wis.ovh\/abdellah\/?page_id=55"},"modified":"2025-05-24T23:14:15","modified_gmt":"2025-05-24T21:14:15","slug":"elagage-et-abattage-darbres-a-bullion-et-alentours-service-pro-rapide","status":"publish","type":"page","link":"https:\/\/fast-track.epsi-wis.ovh\/abdellah\/elagage-et-abattage-darbres-a-bullion-et-alentours-service-pro-rapide\/","title":{"rendered":"\u00c9lagage abattage arbres Bullion &#8211; Onyx Espaces Verts"},"content":{"rendered":"\n<figure class=\"wp-block-image size-large\"><img fetchpriority=\"high\" decoding=\"async\" width=\"1024\" height=\"1024\" src=\"https:\/\/fast-track.epsi-wis.ovh\/abdellah\/wp-content\/uploads\/2025\/05\/Gemini_Generated_Image_1vrsg51vrsg51vrs-1024x1024.jpeg\" alt=\"\" class=\"wp-image-79\" srcset=\"https:\/\/fast-track.epsi-wis.ovh\/abdellah\/wp-content\/uploads\/2025\/05\/Gemini_Generated_Image_1vrsg51vrsg51vrs-1024x1024.jpeg 1024w, https:\/\/fast-track.epsi-wis.ovh\/abdellah\/wp-content\/uploads\/2025\/05\/Gemini_Generated_Image_1vrsg51vrsg51vrs-300x300.jpeg 300w, https:\/\/fast-track.epsi-wis.ovh\/abdellah\/wp-content\/uploads\/2025\/05\/Gemini_Generated_Image_1vrsg51vrsg51vrs-768x768.jpeg 768w, https:\/\/fast-track.epsi-wis.ovh\/abdellah\/wp-content\/uploads\/2025\/05\/Gemini_Generated_Image_1vrsg51vrsg51vrs-1536x1536.jpeg 1536w, https:\/\/fast-track.epsi-wis.ovh\/abdellah\/wp-content\/uploads\/2025\/05\/Gemini_Generated_Image_1vrsg51vrsg51vrs.jpeg 2048w\" sizes=\"(max-width: 1024px) 100vw, 1024px\" \/><\/figure>\n\n\n\n<p>Vous recherchez une entreprise sp\u00e9cialis\u00e9e dans l&rsquo;<strong>\u00e9lagage \ud83c\udf3f et l&rsquo;abattage d&rsquo;arbres \ud83d\udd2a \u00e0 Bullion<\/strong> et dans les communes environnantes ? <strong>Onyx Espaces Verts<\/strong> met \u00e0 votre service son expertise pour des interventions s\u00e9curis\u00e9es et efficaces, respectueuses de l&rsquo;environnement \ud83c\udf31.<\/p>\n\n\n\n<p><strong>Nos services d&rsquo;\u00e9lagage d&rsquo;arbres \u00e0 Bullion et sa r\u00e9gion \u2702\ufe0f<\/strong><\/p>\n\n\n\n<p>L&rsquo;<strong>\u00e9lagage d&rsquo;arbres \u00e0 Bullion<\/strong> est essentiel pour la sant\u00e9 de vos arbres, leur esth\u00e9tique et la s\u00e9curit\u00e9 de votre propri\u00e9t\u00e9. Nos professionnels r\u00e9alisent diff\u00e9rents types de taille : taille douce, taille de formation, taille sanitaire ou encore la mise en s\u00e9curit\u00e9 des arbres situ\u00e9s pr\u00e8s des habitations ou des lignes \u00e9lectriques \ud83c\udfe1. Nous intervenons \u00e0 <strong>Bullion<\/strong> et dans les localit\u00e9s voisines pour r\u00e9pondre \u00e0 vos besoins.<\/p>\n\n\n\n<p><strong>Abattage d&rsquo;arbres \u00e0 Bullion et les environs : quand et pourquoi ? \u26a0\ufe0f<\/strong><\/p>\n\n\n<div class=\"wp-block-image\">\n<figure class=\"alignright size-large is-resized\"><img decoding=\"async\" width=\"1024\" height=\"1024\" src=\"https:\/\/fast-track.epsi-wis.ovh\/abdellah\/wp-content\/uploads\/2025\/05\/Gemini_Generated_Image_1vrsg41vrsg41vrs-1024x1024.jpeg\" alt=\"\" class=\"wp-image-80\" style=\"width:441px;height:auto\" srcset=\"https:\/\/fast-track.epsi-wis.ovh\/abdellah\/wp-content\/uploads\/2025\/05\/Gemini_Generated_Image_1vrsg41vrsg41vrs-1024x1024.jpeg 1024w, https:\/\/fast-track.epsi-wis.ovh\/abdellah\/wp-content\/uploads\/2025\/05\/Gemini_Generated_Image_1vrsg41vrsg41vrs-300x300.jpeg 300w, https:\/\/fast-track.epsi-wis.ovh\/abdellah\/wp-content\/uploads\/2025\/05\/Gemini_Generated_Image_1vrsg41vrsg41vrs-768x768.jpeg 768w, https:\/\/fast-track.epsi-wis.ovh\/abdellah\/wp-content\/uploads\/2025\/05\/Gemini_Generated_Image_1vrsg41vrsg41vrs-1536x1536.jpeg 1536w, https:\/\/fast-track.epsi-wis.ovh\/abdellah\/wp-content\/uploads\/2025\/05\/Gemini_Generated_Image_1vrsg41vrsg41vrs.jpeg 2048w\" sizes=\"(max-width: 1024px) 100vw, 1024px\" \/><\/figure>\n<\/div>\n\n\n<p>L&rsquo;<strong>abattage d&rsquo;un arbre \u00e0 Bullion<\/strong> peut s&rsquo;av\u00e9rer n\u00e9cessaire lorsqu&rsquo;il est malade \ud83c\udf42, mort, dangereux ou qu&rsquo;il g\u00eane un projet d&rsquo;am\u00e9nagement. <strong>Onyx Espaces Verts<\/strong> assure l&rsquo;abattage d&rsquo;arbres de toutes tailles, en garantissant une s\u00e9curit\u00e9 maximale pour vous et votre environnement. Nous intervenons avec du mat\u00e9riel professionnel adapt\u00e9 \u00e0 chaque situation, que ce soit \u00e0 <strong>Bullion<\/strong> ou dans les communes aux alentours.<\/p>\n\n\n\n<p><strong>Pourquoi choisir Onyx Espaces Verts pour l&rsquo;\u00e9lagage et l&rsquo;abattage de vos arbres \u00e0 Bullion ? \u2705<\/strong><\/p>\n\n\n\n<ul class=\"wp-block-list\">\n<li>Une \u00e9quipe qualifi\u00e9e et exp\u00e9riment\u00e9e en <strong>\u00e9lagage et abattage \u00e0 Bullion<\/strong>.<\/li>\n\n\n\n<li>Le respect des r\u00e8gles de s\u00e9curit\u00e9 pour toutes nos interventions.<\/li>\n\n\n\n<li>Un mat\u00e9riel professionnel performant \ud83d\udcaa.<\/li>\n\n\n\n<li>Des devis gratuits et personnalis\u00e9s pour vos projets \u00e0 <strong>Bullion<\/strong> et alentours \ud83d\udce7.<\/li>\n<\/ul>\n\n\n\n<figure class=\"wp-block-embed is-type-video is-provider-youtube wp-block-embed-youtube wp-embed-aspect-16-9 wp-has-aspect-ratio\"><div class=\"wp-block-embed__wrapper\">\n<iframe title=\"Jean-Jacques Elagage Maine et Loire Entretien parcs et jardins\" width=\"500\" height=\"281\" src=\"https:\/\/www.youtube.com\/embed\/GViD5NcNC9c?feature=oembed\" frameborder=\"0\" allow=\"accelerometer; autoplay; clipboard-write; encrypted-media; gyroscope; picture-in-picture; web-share\" referrerpolicy=\"strict-origin-when-cross-origin\" allowfullscreen><\/iframe>\n<\/div><\/figure>\n\n\n\n<p>N&rsquo;h\u00e9sitez pas \u00e0 nous contacter pour toute demande d&rsquo;information ou pour obtenir un devis gratuit pour l&rsquo;<strong>\u00e9lagage ou l&rsquo;abattage de vos arbres \u00e0 Bullion<\/strong> et dans les environs.<\/p>\n\n\n\n<div class=\"wp-block-buttons is-layout-flex wp-block-buttons-is-layout-flex\">\n<div class=\"wp-block-button\"><a class=\"wp-block-button__link wp-element-button\" href=\"https:\/\/fast-track.epsi-wis.ovh\/abdellah\/contact-epsi-wis-paris\/\">Contact<\/a><\/div>\n<\/div>\n","protected":false},"excerpt":{"rendered":"<p>Vous recherchez une entreprise sp\u00e9cialis\u00e9e dans l&rsquo;\u00e9lagage \ud83c\udf3f et l&rsquo;abattage d&rsquo;arbres \ud83d\udd2a \u00e0 Bullion et dans les communes environnantes ? Onyx Espaces Verts met \u00e0 votre service son expertise pour des interventions s\u00e9curis\u00e9es et efficaces, respectueuses de l&rsquo;environnement \ud83c\udf31. Nos services d&rsquo;\u00e9lagage d&rsquo;arbres \u00e0 Bullion et sa r\u00e9gion \u2702\ufe0f L&rsquo;\u00e9lagage d&rsquo;arbres \u00e0 Bullion est essentiel [&hellip;]<\/p>\n","protected":false},"author":1,"featured_media":79,"parent":0,"menu_order":0,"comment_status":"closed","ping_status":"closed","template":"","meta":{"footnotes":""},"class_list":["post-55","page","type-page","status-publish","has-post-thumbnail","hentry"],"yoast_head":"<!-- This site is optimized with the Yoast SEO plugin v27.4 - https:\/\/yoast.com\/product\/yoast-seo-wordpress\/ -->\n<title>\u00c9lagage abattage arbres Bullion - Onyx Espaces Verts<\/title>\n<meta name=\"description\" content=\"\u00c9lagage et abattage d&#039;arbres \u00e0 Bullion ? Onyx Espaces Verts : service pro et rapide. Demandez un devis gratuit !\" \/>\n<meta name=\"robots\" content=\"index, follow, max-snippet:-1, max-image-preview:large, max-video-preview:-1\" \/>\n<link rel=\"canonical\" href=\"https:\/\/fast-track.epsi-wis.ovh\/abdellah\/elagage-et-abattage-darbres-a-bullion-et-alentours-service-pro-rapide\/\" \/>\n<meta property=\"og:locale\" content=\"fr_FR\" \/>\n<meta property=\"og:type\" content=\"article\" \/>\n<meta property=\"og:title\" content=\"\u00c9lagage abattage arbres Bullion - Onyx Espaces Verts\" \/>\n<meta property=\"og:description\" content=\"\u00c9lagage et abattage d&#039;arbres \u00e0 Bullion ? Onyx Espaces Verts : service pro et rapide. Demandez un devis gratuit !\" \/>\n<meta property=\"og:url\" content=\"https:\/\/fast-track.epsi-wis.ovh\/abdellah\/elagage-et-abattage-darbres-a-bullion-et-alentours-service-pro-rapide\/\" \/>\n<meta property=\"og:site_name\" content=\"Onyx Espaces Verts\" \/>\n<meta property=\"article:modified_time\" content=\"2025-05-24T21:14:15+00:00\" \/>\n<meta property=\"og:image\" content=\"https:\/\/fast-track.epsi-wis.ovh\/abdellah\/wp-content\/uploads\/2025\/05\/Gemini_Generated_Image_1vrsg51vrsg51vrs-1024x1024.jpeg\" \/>\n\t<meta property=\"og:image:width\" content=\"1024\" \/>\n\t<meta property=\"og:image:height\" content=\"1024\" \/>\n\t<meta property=\"og:image:type\" content=\"image\/jpeg\" \/>\n<meta name=\"twitter:card\" content=\"summary_large_image\" \/>\n<meta name=\"twitter:label1\" content=\"Dur\u00e9e de lecture estim\u00e9e\" \/>\n\t<meta name=\"twitter:data1\" content=\"2 minutes\" \/>\n<script type=\"application\/ld+json\" class=\"yoast-schema-graph\">{\"@context\":\"https:\\\/\\\/schema.org\",\"@graph\":[{\"@type\":\"WebPage\",\"@id\":\"https:\\\/\\\/fast-track.epsi-wis.ovh\\\/abdellah\\\/elagage-et-abattage-darbres-a-bullion-et-alentours-service-pro-rapide\\\/\",\"url\":\"https:\\\/\\\/fast-track.epsi-wis.ovh\\\/abdellah\\\/elagage-et-abattage-darbres-a-bullion-et-alentours-service-pro-rapide\\\/\",\"name\":\"\u00c9lagage abattage arbres Bullion - Onyx Espaces Verts\",\"isPartOf\":{\"@id\":\"https:\\\/\\\/fast-track.epsi-wis.ovh\\\/abdellah\\\/#website\"},\"primaryImageOfPage\":{\"@id\":\"https:\\\/\\\/fast-track.epsi-wis.ovh\\\/abdellah\\\/elagage-et-abattage-darbres-a-bullion-et-alentours-service-pro-rapide\\\/#primaryimage\"},\"image\":{\"@id\":\"https:\\\/\\\/fast-track.epsi-wis.ovh\\\/abdellah\\\/elagage-et-abattage-darbres-a-bullion-et-alentours-service-pro-rapide\\\/#primaryimage\"},\"thumbnailUrl\":\"https:\\\/\\\/fast-track.epsi-wis.ovh\\\/abdellah\\\/wp-content\\\/uploads\\\/2025\\\/05\\\/Gemini_Generated_Image_1vrsg51vrsg51vrs.jpeg\",\"datePublished\":\"2025-05-14T15:15:49+00:00\",\"dateModified\":\"2025-05-24T21:14:15+00:00\",\"description\":\"\u00c9lagage et abattage d'arbres \u00e0 Bullion ? Onyx Espaces Verts : service pro et rapide. Demandez un devis gratuit !\",\"breadcrumb\":{\"@id\":\"https:\\\/\\\/fast-track.epsi-wis.ovh\\\/abdellah\\\/elagage-et-abattage-darbres-a-bullion-et-alentours-service-pro-rapide\\\/#breadcrumb\"},\"inLanguage\":\"fr-FR\",\"potentialAction\":[{\"@type\":\"ReadAction\",\"target\":[\"https:\\\/\\\/fast-track.epsi-wis.ovh\\\/abdellah\\\/elagage-et-abattage-darbres-a-bullion-et-alentours-service-pro-rapide\\\/\"]}]},{\"@type\":\"ImageObject\",\"inLanguage\":\"fr-FR\",\"@id\":\"https:\\\/\\\/fast-track.epsi-wis.ovh\\\/abdellah\\\/elagage-et-abattage-darbres-a-bullion-et-alentours-service-pro-rapide\\\/#primaryimage\",\"url\":\"https:\\\/\\\/fast-track.epsi-wis.ovh\\\/abdellah\\\/wp-content\\\/uploads\\\/2025\\\/05\\\/Gemini_Generated_Image_1vrsg51vrsg51vrs.jpeg\",\"contentUrl\":\"https:\\\/\\\/fast-track.epsi-wis.ovh\\\/abdellah\\\/wp-content\\\/uploads\\\/2025\\\/05\\\/Gemini_Generated_Image_1vrsg51vrsg51vrs.jpeg\",\"width\":2048,\"height\":2048},{\"@type\":\"BreadcrumbList\",\"@id\":\"https:\\\/\\\/fast-track.epsi-wis.ovh\\\/abdellah\\\/elagage-et-abattage-darbres-a-bullion-et-alentours-service-pro-rapide\\\/#breadcrumb\",\"itemListElement\":[{\"@type\":\"ListItem\",\"position\":1,\"name\":\"Accueil\",\"item\":\"https:\\\/\\\/fast-track.epsi-wis.ovh\\\/abdellah\\\/\"},{\"@type\":\"ListItem\",\"position\":2,\"name\":\"\u00c9lagage abattage arbres Bullion &#8211; Onyx Espaces Verts\"}]},{\"@type\":\"WebSite\",\"@id\":\"https:\\\/\\\/fast-track.epsi-wis.ovh\\\/abdellah\\\/#website\",\"url\":\"https:\\\/\\\/fast-track.epsi-wis.ovh\\\/abdellah\\\/\",\"name\":\"wins\",\"description\":\"\",\"publisher\":{\"@id\":\"https:\\\/\\\/fast-track.epsi-wis.ovh\\\/abdellah\\\/#organization\"},\"potentialAction\":[{\"@type\":\"SearchAction\",\"target\":{\"@type\":\"EntryPoint\",\"urlTemplate\":\"https:\\\/\\\/fast-track.epsi-wis.ovh\\\/abdellah\\\/?s={search_term_string}\"},\"query-input\":{\"@type\":\"PropertyValueSpecification\",\"valueRequired\":true,\"valueName\":\"search_term_string\"}}],\"inLanguage\":\"fr-FR\"},{\"@type\":\"Organization\",\"@id\":\"https:\\\/\\\/fast-track.epsi-wis.ovh\\\/abdellah\\\/#organization\",\"name\":\"wins\",\"url\":\"https:\\\/\\\/fast-track.epsi-wis.ovh\\\/abdellah\\\/\",\"logo\":{\"@type\":\"ImageObject\",\"inLanguage\":\"fr-FR\",\"@id\":\"https:\\\/\\\/fast-track.epsi-wis.ovh\\\/abdellah\\\/#\\\/schema\\\/logo\\\/image\\\/\",\"url\":\"https:\\\/\\\/fast-track.epsi-wis.ovh\\\/abdellah\\\/wp-content\\\/uploads\\\/2025\\\/04\\\/Une_Courbevoie_3a9bf05462.jpg\",\"contentUrl\":\"https:\\\/\\\/fast-track.epsi-wis.ovh\\\/abdellah\\\/wp-content\\\/uploads\\\/2025\\\/04\\\/Une_Courbevoie_3a9bf05462.jpg\",\"width\":1203,\"height\":673,\"caption\":\"wins\"},\"image\":{\"@id\":\"https:\\\/\\\/fast-track.epsi-wis.ovh\\\/abdellah\\\/#\\\/schema\\\/logo\\\/image\\\/\"}}]}<\/script>\n<!-- \/ Yoast SEO plugin. -->","yoast_head_json":{"title":"\u00c9lagage abattage arbres Bullion - Onyx Espaces Verts","description":"\u00c9lagage et abattage d'arbres \u00e0 Bullion ? Onyx Espaces Verts : service pro et rapide. Demandez un devis gratuit !","robots":{"index":"index","follow":"follow","max-snippet":"max-snippet:-1","max-image-preview":"max-image-preview:large","max-video-preview":"max-video-preview:-1"},"canonical":"https:\/\/fast-track.epsi-wis.ovh\/abdellah\/elagage-et-abattage-darbres-a-bullion-et-alentours-service-pro-rapide\/","og_locale":"fr_FR","og_type":"article","og_title":"\u00c9lagage abattage arbres Bullion - Onyx Espaces Verts","og_description":"\u00c9lagage et abattage d'arbres \u00e0 Bullion ? Onyx Espaces Verts : service pro et rapide. Demandez un devis gratuit !","og_url":"https:\/\/fast-track.epsi-wis.ovh\/abdellah\/elagage-et-abattage-darbres-a-bullion-et-alentours-service-pro-rapide\/","og_site_name":"Onyx Espaces Verts","article_modified_time":"2025-05-24T21:14:15+00:00","og_image":[{"width":1024,"height":1024,"url":"https:\/\/fast-track.epsi-wis.ovh\/abdellah\/wp-content\/uploads\/2025\/05\/Gemini_Generated_Image_1vrsg51vrsg51vrs-1024x1024.jpeg","type":"image\/jpeg"}],"twitter_card":"summary_large_image","twitter_misc":{"Dur\u00e9e de lecture estim\u00e9e":"2 minutes"},"schema":{"@context":"https:\/\/schema.org","@graph":[{"@type":"WebPage","@id":"https:\/\/fast-track.epsi-wis.ovh\/abdellah\/elagage-et-abattage-darbres-a-bullion-et-alentours-service-pro-rapide\/","url":"https:\/\/fast-track.epsi-wis.ovh\/abdellah\/elagage-et-abattage-darbres-a-bullion-et-alentours-service-pro-rapide\/","name":"\u00c9lagage abattage arbres Bullion - Onyx Espaces Verts","isPartOf":{"@id":"https:\/\/fast-track.epsi-wis.ovh\/abdellah\/#website"},"primaryImageOfPage":{"@id":"https:\/\/fast-track.epsi-wis.ovh\/abdellah\/elagage-et-abattage-darbres-a-bullion-et-alentours-service-pro-rapide\/#primaryimage"},"image":{"@id":"https:\/\/fast-track.epsi-wis.ovh\/abdellah\/elagage-et-abattage-darbres-a-bullion-et-alentours-service-pro-rapide\/#primaryimage"},"thumbnailUrl":"https:\/\/fast-track.epsi-wis.ovh\/abdellah\/wp-content\/uploads\/2025\/05\/Gemini_Generated_Image_1vrsg51vrsg51vrs.jpeg","datePublished":"2025-05-14T15:15:49+00:00","dateModified":"2025-05-24T21:14:15+00:00","description":"\u00c9lagage et abattage d'arbres \u00e0 Bullion ? Onyx Espaces Verts : service pro et rapide. Demandez un devis gratuit !","breadcrumb":{"@id":"https:\/\/fast-track.epsi-wis.ovh\/abdellah\/elagage-et-abattage-darbres-a-bullion-et-alentours-service-pro-rapide\/#breadcrumb"},"inLanguage":"fr-FR","potentialAction":[{"@type":"ReadAction","target":["https:\/\/fast-track.epsi-wis.ovh\/abdellah\/elagage-et-abattage-darbres-a-bullion-et-alentours-service-pro-rapide\/"]}]},{"@type":"ImageObject","inLanguage":"fr-FR","@id":"https:\/\/fast-track.epsi-wis.ovh\/abdellah\/elagage-et-abattage-darbres-a-bullion-et-alentours-service-pro-rapide\/#primaryimage","url":"https:\/\/fast-track.epsi-wis.ovh\/abdellah\/wp-content\/uploads\/2025\/05\/Gemini_Generated_Image_1vrsg51vrsg51vrs.jpeg","contentUrl":"https:\/\/fast-track.epsi-wis.ovh\/abdellah\/wp-content\/uploads\/2025\/05\/Gemini_Generated_Image_1vrsg51vrsg51vrs.jpeg","width":2048,"height":2048},{"@type":"BreadcrumbList","@id":"https:\/\/fast-track.epsi-wis.ovh\/abdellah\/elagage-et-abattage-darbres-a-bullion-et-alentours-service-pro-rapide\/#breadcrumb","itemListElement":[{"@type":"ListItem","position":1,"name":"Accueil","item":"https:\/\/fast-track.epsi-wis.ovh\/abdellah\/"},{"@type":"ListItem","position":2,"name":"\u00c9lagage abattage arbres Bullion &#8211; Onyx Espaces Verts"}]},{"@type":"WebSite","@id":"https:\/\/fast-track.epsi-wis.ovh\/abdellah\/#website","url":"https:\/\/fast-track.epsi-wis.ovh\/abdellah\/","name":"wins","description":"","publisher":{"@id":"https:\/\/fast-track.epsi-wis.ovh\/abdellah\/#organization"},"potentialAction":[{"@type":"SearchAction","target":{"@type":"EntryPoint","urlTemplate":"https:\/\/fast-track.epsi-wis.ovh\/abdellah\/?s={search_term_string}"},"query-input":{"@type":"PropertyValueSpecification","valueRequired":true,"valueName":"search_term_string"}}],"inLanguage":"fr-FR"},{"@type":"Organization","@id":"https:\/\/fast-track.epsi-wis.ovh\/abdellah\/#organization","name":"wins","url":"https:\/\/fast-track.epsi-wis.ovh\/abdellah\/","logo":{"@type":"ImageObject","inLanguage":"fr-FR","@id":"https:\/\/fast-track.epsi-wis.ovh\/abdellah\/#\/schema\/logo\/image\/","url":"https:\/\/fast-track.epsi-wis.ovh\/abdellah\/wp-content\/uploads\/2025\/04\/Une_Courbevoie_3a9bf05462.jpg","contentUrl":"https:\/\/fast-track.epsi-wis.ovh\/abdellah\/wp-content\/uploads\/2025\/04\/Une_Courbevoie_3a9bf05462.jpg","width":1203,"height":673,"caption":"wins"},"image":{"@id":"https:\/\/fast-track.epsi-wis.ovh\/abdellah\/#\/schema\/logo\/image\/"}}]}},"_links":{"self":[{"href":"https:\/\/fast-track.epsi-wis.ovh\/abdellah\/wp-json\/wp\/v2\/pages\/55","targetHints":{"allow":["GET"]}}],"collection":[{"href":"https:\/\/fast-track.epsi-wis.ovh\/abdellah\/wp-json\/wp\/v2\/pages"}],"about":[{"href":"https:\/\/fast-track.epsi-wis.ovh\/abdellah\/wp-json\/wp\/v2\/types\/page"}],"author":[{"embeddable":true,"href":"https:\/\/fast-track.epsi-wis.ovh\/abdellah\/wp-json\/wp\/v2\/users\/1"}],"replies":[{"embeddable":true,"href":"https:\/\/fast-track.epsi-wis.ovh\/abdellah\/wp-json\/wp\/v2\/comments?post=55"}],"version-history":[{"count":5,"href":"https:\/\/fast-track.epsi-wis.ovh\/abdellah\/wp-json\/wp\/v2\/pages\/55\/revisions"}],"predecessor-version":[{"id":122,"href":"https:\/\/fast-track.epsi-wis.ovh\/abdellah\/wp-json\/wp\/v2\/pages\/55\/revisions\/122"}],"wp:featuredmedia":[{"embeddable":true,"href":"https:\/\/fast-track.epsi-wis.ovh\/abdellah\/wp-json\/wp\/v2\/media\/79"}],"wp:attachment":[{"href":"https:\/\/fast-track.epsi-wis.ovh\/abdellah\/wp-json\/wp\/v2\/media?parent=55"}],"curies":[{"name":"wp","href":"https:\/\/api.w.org\/{rel}","templated":true}]}}