{"id":10,"date":"2025-04-09T12:27:04","date_gmt":"2025-04-09T10:27:04","guid":{"rendered":"https:\/\/fast-track.epsi-wis.ovh\/adriana\/?page_id=10"},"modified":"2025-05-25T21:53:56","modified_gmt":"2025-05-25T19:53:56","slug":"contact-epsi-wis-paris","status":"publish","type":"page","link":"https:\/\/fast-track.epsi-wis.ovh\/adriana\/contact-epsi-wis-paris\/","title":{"rendered":"contact"},"content":{"rendered":"\n<div class=\"wpcf7 no-js\" id=\"wpcf7-f6-o1\" lang=\"fr-FR\" dir=\"ltr\" data-wpcf7-id=\"6\">\n<div class=\"screen-reader-response\"><p role=\"status\" aria-live=\"polite\" aria-atomic=\"true\"><\/p> <ul><\/ul><\/div>\n<form action=\"\/adriana\/wp-json\/wp\/v2\/pages\/10#wpcf7-f6-o1\" method=\"post\" class=\"wpcf7-form init\" aria-label=\"Formulaire de contact\" novalidate=\"novalidate\" data-status=\"init\">\n<fieldset class=\"hidden-fields-container\"><input type=\"hidden\" name=\"_wpcf7\" value=\"6\" \/><input type=\"hidden\" name=\"_wpcf7_version\" value=\"6.1.5\" \/><input type=\"hidden\" name=\"_wpcf7_locale\" value=\"fr_FR\" \/><input type=\"hidden\" name=\"_wpcf7_unit_tag\" value=\"wpcf7-f6-o1\" \/><input type=\"hidden\" name=\"_wpcf7_container_post\" value=\"0\" \/><input type=\"hidden\" name=\"_wpcf7_posted_data_hash\" value=\"\" \/>\n<\/fieldset>\n<p><label class=\"form-label\"> Votre nom<br \/>\n<span class=\"wpcf7-form-control-wrap\" data-name=\"your-name\"><input size=\"40\" maxlength=\"400\" class=\"wpcf7-form-control wpcf7-text wpcf7-validates-as-required form-control\" autocomplete=\"name\" aria-required=\"true\" aria-invalid=\"false\" value=\"\" type=\"text\" name=\"your-name\" \/><\/span> <\/label>\n<\/p>\n<p><label class=\"form-label\"> Votre e-mail<br \/>\n<span class=\"wpcf7-form-control-wrap\" data-name=\"your-email\"><input size=\"40\" maxlength=\"400\" class=\"wpcf7-form-control wpcf7-email wpcf7-validates-as-required wpcf7-text wpcf7-validates-as-email form-control\" autocomplete=\"email\" aria-required=\"true\" aria-invalid=\"false\" value=\"\" type=\"email\" name=\"your-email\" \/><\/span> <\/label><br \/>\n<label class=\"form-label\"> votre telephone<br \/>\n<span class=\"wpcf7-form-control-wrap\" data-name=\"your-phone\"><input size=\"40\" maxlength=\"400\" class=\"wpcf7-form-control wpcf7-text wpcf7-validates-as-required form-control\" aria-required=\"true\" aria-invalid=\"false\" value=\"\" type=\"text\" name=\"your-phone\" \/><\/span> <\/label>\n<\/p>\n<p><label class=\"form-label\"> Objet<br \/>\n<span class=\"wpcf7-form-control-wrap\" data-name=\"your-subject\"><input size=\"40\" maxlength=\"400\" class=\"wpcf7-form-control wpcf7-text wpcf7-validates-as-required form-control\" aria-required=\"true\" aria-invalid=\"false\" value=\"\" type=\"text\" name=\"your-subject\" \/><\/span> <\/label>\n<\/p>\n<p><label class=\"form-label\"> Votre message (facultatif)<br \/>\n<span class=\"wpcf7-form-control-wrap\" data-name=\"your-message\"><textarea cols=\"40\" rows=\"10\" maxlength=\"2000\" class=\"wpcf7-form-control wpcf7-textarea form-control\" aria-invalid=\"false\" name=\"your-message\"><\/textarea><\/span> <\/label>\n<\/p>\n<p><input class=\"wpcf7-form-control wpcf7-submit has-spinner\" type=\"submit\" value=\"Envoyer\" \/>\n<\/p><div class=\"wpcf7-response-output\" aria-hidden=\"true\"><\/div>\n<\/form>\n<\/div>\n\n\n\n\n<p>Chez <strong>Onyx Espaces Verts<\/strong>, on est toujours heureux d\u2019\u00e9changer avec vous <a href=\"https:\/\/www.pagesjaunes.fr\/\">https:\/\/www.pagesjaunes.fr\/<\/a><\/p>\n\n\n\n<p>Vous avez un projet d\u2019am\u00e9nagement ext\u00e9rieur, d\u2019\u00e9lagage ou d\u2019entretien de jardin dans les Yvelines ?L\u2019\u00e9quipe d<a href=\"https:\/\/fast-track.epsi-wis.ovh\/adriana\/bienvenue-chez-onyx-espaces-verts-experts-en-amenagement-et-entretien-des-espaces-verts-dans-les-yvelines\/\">\u2019<strong>Onyx Espaces Verts<\/strong><\/a> est \u00e0 votre \u00e9coute pour r\u00e9pondre \u00e0 toutes vos pr\u00e9ocupations<br>Remplissez le formulaire ci-dessous, et nous reviendrons vers vous rapidement.<\/p>\n\n\n\n<h3 class=\"wp-block-heading\">\ud83d\udcde Nos coordonn\u00e9es<\/h3>\n\n\n\n<ul class=\"wp-block-list\">\n<li><strong>T\u00e9l\u00e9phone :<\/strong> 06 00 00 00 00<\/li>\n\n\n\n<li><strong>Email :<\/strong> <a>contact@onyxespacesverts.fr<\/a><\/li>\n\n\n\n<li><strong>Adresse :<\/strong> 78 000 Versailles, Yvelines<\/li>\n<\/ul>\n\n\n\n<hr class=\"wp-block-separator has-alpha-channel-opacity\"\/>\n\n\n\n<h3 class=\"wp-block-heading\">\ud83d\udd50 Horaires d\u2019intervention<\/h3>\n\n\n\n<p>Du lundi au samedi \u2013 de 8h \u00e0 18h<\/p>\n\n\n<!-- WPForms: no fields, form hidden -->\n\n\n<figure class=\"wp-block-image size-full is-resized\"><img fetchpriority=\"high\" decoding=\"async\" width=\"768\" height=\"1024\" src=\"https:\/\/fast-track.epsi-wis.ovh\/adriana\/wp-content\/uploads\/2025\/05\/espace-verts-2.jpg\" alt=\"\" class=\"wp-image-138\" style=\"width:296px;height:auto\" srcset=\"https:\/\/fast-track.epsi-wis.ovh\/adriana\/wp-content\/uploads\/2025\/05\/espace-verts-2.jpg 768w, https:\/\/fast-track.epsi-wis.ovh\/adriana\/wp-content\/uploads\/2025\/05\/espace-verts-2-225x300.jpg 225w\" sizes=\"(max-width: 768px) 100vw, 768px\" \/><\/figure>\n\n\n\n<p><\/p>\n","protected":false},"excerpt":{"rendered":"<p>Chez Onyx Espaces Verts, on est toujours heureux d\u2019\u00e9changer avec vous https:\/\/www.pagesjaunes.fr\/ Vous avez un projet d\u2019am\u00e9nagement ext\u00e9rieur, d\u2019\u00e9lagage ou d\u2019entretien de jardin dans les Yvelines ?L\u2019\u00e9quipe d\u2019Onyx Espaces Verts est \u00e0 votre \u00e9coute pour r\u00e9pondre \u00e0 toutes vos pr\u00e9ocupationsRemplissez le formulaire ci-dessous, et nous reviendrons vers vous rapidement. \ud83d\udcde Nos coordonn\u00e9es \ud83d\udd50 Horaires d\u2019intervention [&hellip;]<\/p>\n","protected":false},"author":1,"featured_media":0,"parent":0,"menu_order":0,"comment_status":"closed","ping_status":"closed","template":"","meta":{"footnotes":""},"class_list":["post-10","page","type-page","status-publish","hentry"],"yoast_head":"<!-- This site is optimized with the Yoast SEO plugin v27.4 - https:\/\/yoast.com\/product\/yoast-seo-wordpress\/ -->\n<title>contact -<\/title>\n<meta name=\"robots\" content=\"noindex, follow, max-snippet:-1, max-image-preview:large, max-video-preview:-1\" \/>\n<meta property=\"og:locale\" content=\"fr_FR\" \/>\n<meta property=\"og:type\" content=\"article\" \/>\n<meta property=\"og:title\" content=\"contact -\" \/>\n<meta property=\"og:description\" content=\"Chez Onyx Espaces Verts, on est toujours heureux d\u2019\u00e9changer avec vous https:\/\/www.pagesjaunes.fr\/ Vous avez un projet d\u2019am\u00e9nagement ext\u00e9rieur, d\u2019\u00e9lagage ou d\u2019entretien de jardin dans les Yvelines ?L\u2019\u00e9quipe d\u2019Onyx Espaces Verts est \u00e0 votre \u00e9coute pour r\u00e9pondre \u00e0 toutes vos pr\u00e9ocupationsRemplissez le formulaire ci-dessous, et nous reviendrons vers vous rapidement. \ud83d\udcde Nos coordonn\u00e9es \ud83d\udd50 Horaires d\u2019intervention [&hellip;]\" \/>\n<meta property=\"og:url\" content=\"https:\/\/fast-track.epsi-wis.ovh\/adriana\/contact-epsi-wis-paris\/\" \/>\n<meta property=\"article:modified_time\" content=\"2025-05-25T19:53:56+00:00\" \/>\n<meta property=\"og:image\" content=\"https:\/\/fast-track.epsi-wis.ovh\/adriana\/wp-content\/uploads\/2025\/05\/espace-verts-2.jpg\" \/>\n\t<meta property=\"og:image:width\" content=\"768\" \/>\n\t<meta property=\"og:image:height\" content=\"1024\" \/>\n\t<meta property=\"og:image:type\" content=\"image\/jpeg\" \/>\n<meta name=\"twitter:card\" content=\"summary_large_image\" \/>\n<meta name=\"twitter:label1\" content=\"Dur\u00e9e de lecture estim\u00e9e\" \/>\n\t<meta name=\"twitter:data1\" content=\"1 minute\" \/>\n<script type=\"application\/ld+json\" class=\"yoast-schema-graph\">{\"@context\":\"https:\\\/\\\/schema.org\",\"@graph\":[{\"@type\":\"WebPage\",\"@id\":\"https:\\\/\\\/fast-track.epsi-wis.ovh\\\/adriana\\\/contact-epsi-wis-paris\\\/\",\"url\":\"https:\\\/\\\/fast-track.epsi-wis.ovh\\\/adriana\\\/contact-epsi-wis-paris\\\/\",\"name\":\"contact -\",\"isPartOf\":{\"@id\":\"https:\\\/\\\/fast-track.epsi-wis.ovh\\\/adriana\\\/#website\"},\"primaryImageOfPage\":{\"@id\":\"https:\\\/\\\/fast-track.epsi-wis.ovh\\\/adriana\\\/contact-epsi-wis-paris\\\/#primaryimage\"},\"image\":{\"@id\":\"https:\\\/\\\/fast-track.epsi-wis.ovh\\\/adriana\\\/contact-epsi-wis-paris\\\/#primaryimage\"},\"thumbnailUrl\":\"https:\\\/\\\/fast-track.epsi-wis.ovh\\\/adriana\\\/wp-content\\\/uploads\\\/2025\\\/05\\\/espace-verts-2.jpg\",\"datePublished\":\"2025-04-09T10:27:04+00:00\",\"dateModified\":\"2025-05-25T19:53:56+00:00\",\"breadcrumb\":{\"@id\":\"https:\\\/\\\/fast-track.epsi-wis.ovh\\\/adriana\\\/contact-epsi-wis-paris\\\/#breadcrumb\"},\"inLanguage\":\"fr-FR\",\"potentialAction\":[{\"@type\":\"ReadAction\",\"target\":[\"https:\\\/\\\/fast-track.epsi-wis.ovh\\\/adriana\\\/contact-epsi-wis-paris\\\/\"]}]},{\"@type\":\"ImageObject\",\"inLanguage\":\"fr-FR\",\"@id\":\"https:\\\/\\\/fast-track.epsi-wis.ovh\\\/adriana\\\/contact-epsi-wis-paris\\\/#primaryimage\",\"url\":\"https:\\\/\\\/fast-track.epsi-wis.ovh\\\/adriana\\\/wp-content\\\/uploads\\\/2025\\\/05\\\/espace-verts-2.jpg\",\"contentUrl\":\"https:\\\/\\\/fast-track.epsi-wis.ovh\\\/adriana\\\/wp-content\\\/uploads\\\/2025\\\/05\\\/espace-verts-2.jpg\",\"width\":768,\"height\":1024},{\"@type\":\"BreadcrumbList\",\"@id\":\"https:\\\/\\\/fast-track.epsi-wis.ovh\\\/adriana\\\/contact-epsi-wis-paris\\\/#breadcrumb\",\"itemListElement\":[{\"@type\":\"ListItem\",\"position\":1,\"name\":\"Accueil\",\"item\":\"https:\\\/\\\/fast-track.epsi-wis.ovh\\\/adriana\\\/\"},{\"@type\":\"ListItem\",\"position\":2,\"name\":\"contact\"}]},{\"@type\":\"WebSite\",\"@id\":\"https:\\\/\\\/fast-track.epsi-wis.ovh\\\/adriana\\\/#website\",\"url\":\"https:\\\/\\\/fast-track.epsi-wis.ovh\\\/adriana\\\/\",\"name\":\"adriana\",\"description\":\"\",\"publisher\":{\"@id\":\"https:\\\/\\\/fast-track.epsi-wis.ovh\\\/adriana\\\/#organization\"},\"potentialAction\":[{\"@type\":\"SearchAction\",\"target\":{\"@type\":\"EntryPoint\",\"urlTemplate\":\"https:\\\/\\\/fast-track.epsi-wis.ovh\\\/adriana\\\/?s={search_term_string}\"},\"query-input\":{\"@type\":\"PropertyValueSpecification\",\"valueRequired\":true,\"valueName\":\"search_term_string\"}}],\"inLanguage\":\"fr-FR\"},{\"@type\":\"Organization\",\"@id\":\"https:\\\/\\\/fast-track.epsi-wis.ovh\\\/adriana\\\/#organization\",\"name\":\"adriana\",\"url\":\"https:\\\/\\\/fast-track.epsi-wis.ovh\\\/adriana\\\/\",\"logo\":{\"@type\":\"ImageObject\",\"inLanguage\":\"fr-FR\",\"@id\":\"https:\\\/\\\/fast-track.epsi-wis.ovh\\\/adriana\\\/#\\\/schema\\\/logo\\\/image\\\/\",\"url\":\"https:\\\/\\\/fast-track.epsi-wis.ovh\\\/adriana\\\/wp-content\\\/uploads\\\/2025\\\/05\\\/wis.png\",\"contentUrl\":\"https:\\\/\\\/fast-track.epsi-wis.ovh\\\/adriana\\\/wp-content\\\/uploads\\\/2025\\\/05\\\/wis.png\",\"width\":400,\"height\":400,\"caption\":\"adriana\"},\"image\":{\"@id\":\"https:\\\/\\\/fast-track.epsi-wis.ovh\\\/adriana\\\/#\\\/schema\\\/logo\\\/image\\\/\"}}]}<\/script>\n<!-- \/ Yoast SEO plugin. -->","yoast_head_json":{"title":"contact -","robots":{"index":"noindex","follow":"follow","max-snippet":"max-snippet:-1","max-image-preview":"max-image-preview:large","max-video-preview":"max-video-preview:-1"},"og_locale":"fr_FR","og_type":"article","og_title":"contact -","og_description":"Chez Onyx Espaces Verts, on est toujours heureux d\u2019\u00e9changer avec vous https:\/\/www.pagesjaunes.fr\/ Vous avez un projet d\u2019am\u00e9nagement ext\u00e9rieur, d\u2019\u00e9lagage ou d\u2019entretien de jardin dans les Yvelines ?L\u2019\u00e9quipe d\u2019Onyx Espaces Verts est \u00e0 votre \u00e9coute pour r\u00e9pondre \u00e0 toutes vos pr\u00e9ocupationsRemplissez le formulaire ci-dessous, et nous reviendrons vers vous rapidement. \ud83d\udcde Nos coordonn\u00e9es \ud83d\udd50 Horaires d\u2019intervention [&hellip;]","og_url":"https:\/\/fast-track.epsi-wis.ovh\/adriana\/contact-epsi-wis-paris\/","article_modified_time":"2025-05-25T19:53:56+00:00","og_image":[{"width":768,"height":1024,"url":"https:\/\/fast-track.epsi-wis.ovh\/adriana\/wp-content\/uploads\/2025\/05\/espace-verts-2.jpg","type":"image\/jpeg"}],"twitter_card":"summary_large_image","twitter_misc":{"Dur\u00e9e de lecture estim\u00e9e":"1 minute"},"schema":{"@context":"https:\/\/schema.org","@graph":[{"@type":"WebPage","@id":"https:\/\/fast-track.epsi-wis.ovh\/adriana\/contact-epsi-wis-paris\/","url":"https:\/\/fast-track.epsi-wis.ovh\/adriana\/contact-epsi-wis-paris\/","name":"contact -","isPartOf":{"@id":"https:\/\/fast-track.epsi-wis.ovh\/adriana\/#website"},"primaryImageOfPage":{"@id":"https:\/\/fast-track.epsi-wis.ovh\/adriana\/contact-epsi-wis-paris\/#primaryimage"},"image":{"@id":"https:\/\/fast-track.epsi-wis.ovh\/adriana\/contact-epsi-wis-paris\/#primaryimage"},"thumbnailUrl":"https:\/\/fast-track.epsi-wis.ovh\/adriana\/wp-content\/uploads\/2025\/05\/espace-verts-2.jpg","datePublished":"2025-04-09T10:27:04+00:00","dateModified":"2025-05-25T19:53:56+00:00","breadcrumb":{"@id":"https:\/\/fast-track.epsi-wis.ovh\/adriana\/contact-epsi-wis-paris\/#breadcrumb"},"inLanguage":"fr-FR","potentialAction":[{"@type":"ReadAction","target":["https:\/\/fast-track.epsi-wis.ovh\/adriana\/contact-epsi-wis-paris\/"]}]},{"@type":"ImageObject","inLanguage":"fr-FR","@id":"https:\/\/fast-track.epsi-wis.ovh\/adriana\/contact-epsi-wis-paris\/#primaryimage","url":"https:\/\/fast-track.epsi-wis.ovh\/adriana\/wp-content\/uploads\/2025\/05\/espace-verts-2.jpg","contentUrl":"https:\/\/fast-track.epsi-wis.ovh\/adriana\/wp-content\/uploads\/2025\/05\/espace-verts-2.jpg","width":768,"height":1024},{"@type":"BreadcrumbList","@id":"https:\/\/fast-track.epsi-wis.ovh\/adriana\/contact-epsi-wis-paris\/#breadcrumb","itemListElement":[{"@type":"ListItem","position":1,"name":"Accueil","item":"https:\/\/fast-track.epsi-wis.ovh\/adriana\/"},{"@type":"ListItem","position":2,"name":"contact"}]},{"@type":"WebSite","@id":"https:\/\/fast-track.epsi-wis.ovh\/adriana\/#website","url":"https:\/\/fast-track.epsi-wis.ovh\/adriana\/","name":"adriana","description":"","publisher":{"@id":"https:\/\/fast-track.epsi-wis.ovh\/adriana\/#organization"},"potentialAction":[{"@type":"SearchAction","target":{"@type":"EntryPoint","urlTemplate":"https:\/\/fast-track.epsi-wis.ovh\/adriana\/?s={search_term_string}"},"query-input":{"@type":"PropertyValueSpecification","valueRequired":true,"valueName":"search_term_string"}}],"inLanguage":"fr-FR"},{"@type":"Organization","@id":"https:\/\/fast-track.epsi-wis.ovh\/adriana\/#organization","name":"adriana","url":"https:\/\/fast-track.epsi-wis.ovh\/adriana\/","logo":{"@type":"ImageObject","inLanguage":"fr-FR","@id":"https:\/\/fast-track.epsi-wis.ovh\/adriana\/#\/schema\/logo\/image\/","url":"https:\/\/fast-track.epsi-wis.ovh\/adriana\/wp-content\/uploads\/2025\/05\/wis.png","contentUrl":"https:\/\/fast-track.epsi-wis.ovh\/adriana\/wp-content\/uploads\/2025\/05\/wis.png","width":400,"height":400,"caption":"adriana"},"image":{"@id":"https:\/\/fast-track.epsi-wis.ovh\/adriana\/#\/schema\/logo\/image\/"}}]}},"_links":{"self":[{"href":"https:\/\/fast-track.epsi-wis.ovh\/adriana\/wp-json\/wp\/v2\/pages\/10","targetHints":{"allow":["GET"]}}],"collection":[{"href":"https:\/\/fast-track.epsi-wis.ovh\/adriana\/wp-json\/wp\/v2\/pages"}],"about":[{"href":"https:\/\/fast-track.epsi-wis.ovh\/adriana\/wp-json\/wp\/v2\/types\/page"}],"author":[{"embeddable":true,"href":"https:\/\/fast-track.epsi-wis.ovh\/adriana\/wp-json\/wp\/v2\/users\/1"}],"replies":[{"embeddable":true,"href":"https:\/\/fast-track.epsi-wis.ovh\/adriana\/wp-json\/wp\/v2\/comments?post=10"}],"version-history":[{"count":8,"href":"https:\/\/fast-track.epsi-wis.ovh\/adriana\/wp-json\/wp\/v2\/pages\/10\/revisions"}],"predecessor-version":[{"id":206,"href":"https:\/\/fast-track.epsi-wis.ovh\/adriana\/wp-json\/wp\/v2\/pages\/10\/revisions\/206"}],"wp:attachment":[{"href":"https:\/\/fast-track.epsi-wis.ovh\/adriana\/wp-json\/wp\/v2\/media?parent=10"}],"curies":[{"name":"wp","href":"https:\/\/api.w.org\/{rel}","templated":true}]}}