{"id":61,"date":"2025-05-24T15:38:49","date_gmt":"2025-05-24T13:38:49","guid":{"rendered":"https:\/\/fast-track.epsi-wis.ovh\/adriana\/?page_id=61"},"modified":"2025-06-27T12:04:25","modified_gmt":"2025-06-27T10:04:25","slug":"bienvenue-chez-onyx-espaces-verts-experts-en-amenagement-et-entretien-des-espaces-verts-dans-les-yvelines","status":"publish","type":"page","link":"https:\/\/fast-track.epsi-wis.ovh\/adriana\/","title":{"rendered":"Onyx Espaces Verts \u2013 Am\u00e9nagement d\u2019espaces verts Yvelines"},"content":{"rendered":"\n<p>Entreprise sp\u00e9cialis\u00e9e dans l\u2019am\u00e9nagement, l\u2019entretien, l\u2019\u00e9lagage et la cr\u00e9ation de terrasses dans les Yvelines. Devis rapide et gratuit. <strong>Onyx Espaces Verts<\/strong> est sp\u00e9cialis\u00e9 dans l\u2019<strong>am\u00e9nagement des espaces verts dans les Yvelines<\/strong>. Nous accompagnons particuliers et professionnels dans la cr\u00e9ation, l\u2019entretien et l\u2019embellissement de leurs ext\u00e9rieurs. Avec une \u00e9quipe exp\u00e9riment\u00e9e et des solutions sur mesure, nous transformons vos jardins, terrasses et espaces naturels pour un r\u00e9sultat esth\u00e9tique, durable et \u00e9cologique. Nous vous garantissons un travail soign\u00e9, respectueux de l\u2019environnement et adapt\u00e9 \u00e0 vos besoins. Explorez nos services ou <strong><a href=\"https:\/\/onyxespacesverts.fr\/\">contactez-nous<\/a><a> d\u00e8s maintenant<\/a><\/strong> pour un devis gratuit.<\/p>\n\n\n\n<p>Onyx Espaces Verts \u2013 Am\u00e9nagement d\u2019espaces verts Yvelines<\/p>\n\n\n<div class=\"wp-block-image\">\n<figure class=\"aligncenter size-thumbnail is-resized\"><img decoding=\"async\" width=\"285\" height=\"150\" src=\"https:\/\/fast-track.epsi-wis.ovh\/adriana\/wp-content\/uploads\/2025\/05\/espace-vert-2-285x150.jpg\" alt=\"\" class=\"wp-image-181\" style=\"width:598px;height:auto\"\/><\/figure>\n<\/div>\n\n\n<h2 class=\"wp-block-heading\">Donnez vie \u00e0 vos ext\u00e9rieurs<\/h2>\n\n\n\n<p><strong>Onyx Espaces Verts<\/strong>, expert de l\u2019<strong>am\u00e9nagement d\u2019espaces verts dans les Yvelines<\/strong>, vous accompagne dans tous vos projets paysagers.<br>Nous intervenons aupr\u00e8s des particuliers, entreprises et collectivit\u00e9s pour transformer vos jardins, terrasses et espaces naturels en lieux accueillants, esth\u00e9tiques et durables.<\/p>\n\n\n\n<p>\u2705 Conseil personnalis\u00e9<br>\u2705 \u00c9quipe exp\u00e9riment\u00e9e<br>\u2705 Respect de l\u2019environnement<\/p>\n\n\n\n<h2 class=\"wp-block-heading\">\ud83d\udee0\ufe0f Nos services<\/h2>\n\n\n\n<h3 class=\"wp-block-heading\">\ud83e\uddf9 <strong>Entretien de jardin<\/strong><\/h3>\n\n\n\n<p>Confiez nous la tonte, la taille, le d\u00e9sherbage ou le soin de vos plantes. Un jardin propre et vivant toute l\u2019ann\u00e9e. Voir nos services d&rsquo;entretien .<a href=\"https:\/\/fast-track.epsi-wis.ovh\/adriana\/entretien-des-jardins\/\"><strong>Entretien de jardin<\/strong><\/a> : tonte, taille, d\u00e9sherbage, nettoyage saisonnier<\/p>\n\n\n<div class=\"wp-block-image\">\n<figure class=\"aligncenter size-large is-resized\"><img fetchpriority=\"high\" decoding=\"async\" width=\"1110\" height=\"740\" src=\"https:\/\/fast-track.epsi-wis.ovh\/adriana\/wp-content\/uploads\/2025\/05\/18aacab6-ef1a-43a3-b739-70155dfef913-1110x740.png\" alt=\"\" class=\"wp-image-120\" style=\"width:637px;height:auto\" srcset=\"https:\/\/fast-track.epsi-wis.ovh\/adriana\/wp-content\/uploads\/2025\/05\/18aacab6-ef1a-43a3-b739-70155dfef913-1110x740.png 1110w, https:\/\/fast-track.epsi-wis.ovh\/adriana\/wp-content\/uploads\/2025\/05\/18aacab6-ef1a-43a3-b739-70155dfef913-450x300.png 450w, https:\/\/fast-track.epsi-wis.ovh\/adriana\/wp-content\/uploads\/2025\/05\/18aacab6-ef1a-43a3-b739-70155dfef913-768x512.png 768w, https:\/\/fast-track.epsi-wis.ovh\/adriana\/wp-content\/uploads\/2025\/05\/18aacab6-ef1a-43a3-b739-70155dfef913.png 1536w\" sizes=\"(max-width: 1110px) 100vw, 1110px\" \/><\/figure>\n<\/div>\n\n\n<h3 class=\"wp-block-heading\">\ud83c\udf32 <strong>\u00c9lagage et abattage d\u2019arbres<\/strong><\/h3>\n\n\n\n<p>Nous assurons l\u2019\u00e9lagage en toute s\u00e9curit\u00e9 de vos arbres ainsi que l\u2019abattage quand cela est n\u00e9cessaire.<br> <a>En savoir plus sur l\u2019\u00e9lagage<\/a> : <a href=\"https:\/\/fast-track.epsi-wis.ovh\/adriana\/elagage-et-abattage-darbres\/\"><strong>\u00c9lagage et abattage d\u2019arbres<\/strong><\/a> : s\u00e9curis\u00e9, rapide et \u00e9cologique.<\/p>\n\n\n<div class=\"wp-block-image\">\n<figure class=\"aligncenter size-large is-resized\"><img decoding=\"async\" width=\"1110\" height=\"702\" src=\"https:\/\/fast-track.epsi-wis.ovh\/adriana\/wp-content\/uploads\/2025\/05\/OIP-1110x702.jpeg\" alt=\"\" class=\"wp-image-151\" style=\"width:648px;height:auto\" srcset=\"https:\/\/fast-track.epsi-wis.ovh\/adriana\/wp-content\/uploads\/2025\/05\/OIP-1110x702.jpeg 1110w, https:\/\/fast-track.epsi-wis.ovh\/adriana\/wp-content\/uploads\/2025\/05\/OIP-474x300.jpeg 474w, https:\/\/fast-track.epsi-wis.ovh\/adriana\/wp-content\/uploads\/2025\/05\/OIP-768x486.jpeg 768w, https:\/\/fast-track.epsi-wis.ovh\/adriana\/wp-content\/uploads\/2025\/05\/OIP-1536x972.jpeg 1536w, https:\/\/fast-track.epsi-wis.ovh\/adriana\/wp-content\/uploads\/2025\/05\/OIP.jpeg 1897w\" sizes=\"(max-width: 1110px) 100vw, 1110px\" \/><\/figure>\n<\/div>\n\n\n<h3 class=\"wp-block-heading\">\ud83e\udeb5 <strong>Cr\u00e9ation de terrasses<\/strong><\/h3>\n\n\n\n<p>Terrasse bois, composite ou carrel\u00e9e : nous cr\u00e9ons un espace ext\u00e9rieur chaleureux et sur mesure.<br>\ud83d\udc49 <a>D\u00e9couvrez nos terrasses<\/a> .<a href=\"https:\/\/fast-track.epsi-wis.ovh\/adriana\/elagage-et-abattage-darbres\/\"><strong>\u00c9lagage et abattage d\u2019arbres<\/strong><\/a> : s\u00e9curis\u00e9, rapide et \u00e9cologique<\/p>\n\n\n<div class=\"wp-block-image\">\n<figure class=\"aligncenter size-large is-resized\"><img loading=\"lazy\" decoding=\"async\" width=\"1110\" height=\"741\" src=\"https:\/\/fast-track.epsi-wis.ovh\/adriana\/wp-content\/uploads\/2025\/05\/elagage-arbre-1920x1282-1-1110x741.jpg\" alt=\"\" class=\"wp-image-129\" style=\"object-fit:cover;width:600px;height:300px\" srcset=\"https:\/\/fast-track.epsi-wis.ovh\/adriana\/wp-content\/uploads\/2025\/05\/elagage-arbre-1920x1282-1-1110x741.jpg 1110w, https:\/\/fast-track.epsi-wis.ovh\/adriana\/wp-content\/uploads\/2025\/05\/elagage-arbre-1920x1282-1-449x300.jpg 449w, https:\/\/fast-track.epsi-wis.ovh\/adriana\/wp-content\/uploads\/2025\/05\/elagage-arbre-1920x1282-1-768x513.jpg 768w, https:\/\/fast-track.epsi-wis.ovh\/adriana\/wp-content\/uploads\/2025\/05\/elagage-arbre-1920x1282-1-1536x1026.jpg 1536w, https:\/\/fast-track.epsi-wis.ovh\/adriana\/wp-content\/uploads\/2025\/05\/elagage-arbre-1920x1282-1.jpg 1920w\" sizes=\"(max-width: 1110px) 100vw, 1110px\" \/><\/figure>\n<\/div>\n\n\n<h2 class=\"wp-block-heading\">\ud83d\udd39 Pose de pav\u00e9s, dallages et engazonnement<\/h2>\n\n\n\n<p>Nous r\u00e9alisons la <strong>pose de pav\u00e9s granit<\/strong>, <strong>pav\u00e9s vieillis<\/strong>, <strong>dalles<\/strong> et <strong>engazonnement<\/strong> pour sublimer vos all\u00e9es, terrasses ou zones de circulation.<\/p>\n\n\n\n<p>Que vous souhaitiez un aspect moderne ou rustique, <strong>Onyx Espaces Verts<\/strong> vous propose des mat\u00e9riaux durables, pos\u00e9s avec soin, pour un ext\u00e9rieur \u00e0 la fois esth\u00e9tique et fonctionnel.<\/p>\n\n\n\n<p> <a>Voir nos r\u00e9alisations pav\u00e9es<\/a> <a href=\"https:\/\/fast-track.epsi-wis.ovh\/adriana\/pose-de-paves-dallages-engazonnement\/\"><strong>Pose de pav\u00e9s, dallages, engazonnement<\/strong><\/a> <\/p>\n\n\n<div class=\"wp-block-image\">\n<figure class=\"aligncenter size-large is-resized\"><img loading=\"lazy\" decoding=\"async\" width=\"683\" height=\"1024\" src=\"https:\/\/fast-track.epsi-wis.ovh\/adriana\/wp-content\/uploads\/2025\/05\/85bed560-1b95-4a2c-bc3a-91aa3a66c12f-1-683x1024.png\" alt=\"\" class=\"wp-image-191\" style=\"object-fit:cover;width:600px;height:300px\" srcset=\"https:\/\/fast-track.epsi-wis.ovh\/adriana\/wp-content\/uploads\/2025\/05\/85bed560-1b95-4a2c-bc3a-91aa3a66c12f-1-683x1024.png 683w, https:\/\/fast-track.epsi-wis.ovh\/adriana\/wp-content\/uploads\/2025\/05\/85bed560-1b95-4a2c-bc3a-91aa3a66c12f-1-200x300.png 200w, https:\/\/fast-track.epsi-wis.ovh\/adriana\/wp-content\/uploads\/2025\/05\/85bed560-1b95-4a2c-bc3a-91aa3a66c12f-1-768x1152.png 768w, https:\/\/fast-track.epsi-wis.ovh\/adriana\/wp-content\/uploads\/2025\/05\/85bed560-1b95-4a2c-bc3a-91aa3a66c12f-1.png 1024w\" sizes=\"(max-width: 683px) 100vw, 683px\" \/><\/figure>\n<\/div>\n\n\n<h2 class=\"wp-block-heading\">pourquoi choisir onyx espace verts?<\/h2>\n\n\n\n<h4 class=\"wp-block-heading\"><strong>Une entreprise locale, fiable et passionn\u00e9e<\/strong><\/h4>\n\n\n\n<ul class=\"wp-block-list\">\n<li>30 ans d&rsquo;exp\u00e9rience dans le domaine des espaces verts <\/li>\n\n\n\n<li>intervention rapide dans tout l&rsquo;ile de France<\/li>\n\n\n\n<li>utilisation des techniques durables responsables pour la nature<\/li>\n\n\n\n<li>devis gratuit et conseils personnalis\u00e9s<\/li>\n<\/ul>\n\n\n\n<p>Notre objectif : vous offrir un jardin beau, sain et agr\u00e9able \u00e0 vivre toute l\u2019ann\u00e9e.<\/p>\n\n\n\n<blockquote class=\"wp-block-quote alignleft is-layout-flow wp-block-quote-is-layout-flow\">\n<p>Membre de <a class=\"\" href=\"https:\/\/www.lesentreprisesdupaysage.fr\">l\u2019Union Nationale des Entreprises du Paysage (UNEP)<\/a>, Onyx Espaces Verts s\u2019engage pour un am\u00e9nagement respectueux de l\u2019environnement.<\/p>\n\n\n\n<h2 class=\"wp-block-heading\"><\/h2>\n<\/blockquote>\n\n\n<div class=\"wp-block-image\">\n<figure class=\"aligncenter size-large is-resized\"><img loading=\"lazy\" decoding=\"async\" width=\"1110\" height=\"443\" src=\"https:\/\/fast-track.epsi-wis.ovh\/adriana\/wp-content\/uploads\/2025\/05\/jardin1-e1487425612543-1-1110x443.jpg\" alt=\"\" class=\"wp-image-112\" style=\"width:648px;height:auto\" srcset=\"https:\/\/fast-track.epsi-wis.ovh\/adriana\/wp-content\/uploads\/2025\/05\/jardin1-e1487425612543-1-1110x443.jpg 1110w, https:\/\/fast-track.epsi-wis.ovh\/adriana\/wp-content\/uploads\/2025\/05\/jardin1-e1487425612543-1-730x292.jpg 730w, https:\/\/fast-track.epsi-wis.ovh\/adriana\/wp-content\/uploads\/2025\/05\/jardin1-e1487425612543-1-768x307.jpg 768w, https:\/\/fast-track.epsi-wis.ovh\/adriana\/wp-content\/uploads\/2025\/05\/jardin1-e1487425612543-1.jpg 1174w\" sizes=\"(max-width: 1110px) 100vw, 1110px\" \/><\/figure>\n<\/div>\n\n\n<p>Entretien et cr\u00e9ation d&rsquo;espaces verts ainsi que d\u00e9broussaillage \u00e9lagage et abattage comprenant tous travaux \u00e9num\u00e9r\u00e9s de r\u00e9f\u00e9rentiel bac pro am\u00e9nagement paysager soient implantation terrassement ma\u00e7onnerie paysag\u00e8re cl\u00f4tures et portails arrosage automatique et bassins voirie r\u00e9seaux divers eau pluviale menuiserie charpente paysag\u00e8re mise en \u0153uvre d&rsquo;ouvrages inertes pr\u00e9paration de sols plantation semis d\u00e9cors d&rsquo;espaces int\u00e9rieurs<\/p>\n\n\n\n<h4 class=\"wp-block-heading\"><strong>Besoin d\u2019un devis ou d\u2019un conseil ?<\/strong><\/h4>\n\n\n\n<p>N\u2019attendez plus pour transformer vos ext\u00e9rieurs !<br>\ud83d\udd17 <a href=\"https:\/\/fast-track.epsi-wis.ovh\/adriana\/contact-epsi-wis-paris\/\">Remplissez notre formulaire de contact<\/a> et recevez une r\u00e9ponse sous 24h.<\/p>\n\n\n\n<p><br>\ud83d\udcde Ou appelez-nous directement au <strong>01 23 45 67 89<\/strong>.<\/p>\n\n\n\n<figure class=\"wp-block-embed alignleft is-type-video is-provider-youtube wp-block-embed-youtube wp-embed-aspect-16-9 wp-has-aspect-ratio\"><div class=\"wp-block-embed__wrapper\">\n<iframe hcb-fetch-image-from=\"https:\/\/youtu.be\/J-_WjMBK2NA?si=3Vpp5a18L6WDb6mf\" title=\"VIDEO METIER AGENT ENTRETIEN ESPACES VERTS\" width=\"500\" height=\"281\" src=\"https:\/\/www.youtube.com\/embed\/J-_WjMBK2NA?feature=oembed\" frameborder=\"0\" allow=\"accelerometer; autoplay; clipboard-write; encrypted-media; gyroscope; picture-in-picture; web-share\" referrerpolicy=\"strict-origin-when-cross-origin\" allowfullscreen><\/iframe>\n<\/div><\/figure>\n\n\n\n<p><\/p>\n","protected":false},"excerpt":{"rendered":"<p>Entreprise sp\u00e9cialis\u00e9e dans l\u2019am\u00e9nagement, l\u2019entretien, l\u2019\u00e9lagage et la cr\u00e9ation de terrasses dans les Yvelines. Devis rapide et gratuit. Onyx Espaces Verts est sp\u00e9cialis\u00e9 dans l\u2019am\u00e9nagement des espaces verts dans les Yvelines. Nous accompagnons particuliers et professionnels dans la cr\u00e9ation, l\u2019entretien et l\u2019embellissement de leurs ext\u00e9rieurs. Avec une \u00e9quipe exp\u00e9riment\u00e9e et des solutions sur mesure, nous [&hellip;]<\/p>\n","protected":false},"author":1,"featured_media":0,"parent":0,"menu_order":0,"comment_status":"closed","ping_status":"closed","template":"","meta":{"footnotes":""},"class_list":["post-61","page","type-page","status-publish","hentry"],"yoast_head":"<!-- This site is optimized with the Yoast SEO plugin v27.4 - https:\/\/yoast.com\/product\/yoast-seo-wordpress\/ -->\n<title>Onyx Espaces Verts \u2013 Am\u00e9nagement d\u2019espaces verts Yvelines -<\/title>\n<meta name=\"robots\" content=\"noindex, follow, max-snippet:-1, max-image-preview:large, max-video-preview:-1\" \/>\n<meta property=\"og:locale\" content=\"fr_FR\" \/>\n<meta property=\"og:type\" content=\"article\" \/>\n<meta property=\"og:title\" content=\"Onyx Espaces Verts \u2013 Am\u00e9nagement d\u2019espaces verts Yvelines -\" \/>\n<meta property=\"og:description\" content=\"Entreprise sp\u00e9cialis\u00e9e dans l\u2019am\u00e9nagement, l\u2019entretien, l\u2019\u00e9lagage et la cr\u00e9ation de terrasses dans les Yvelines. Devis rapide et gratuit. Onyx Espaces Verts est sp\u00e9cialis\u00e9 dans l\u2019am\u00e9nagement des espaces verts dans les Yvelines. Nous accompagnons particuliers et professionnels dans la cr\u00e9ation, l\u2019entretien et l\u2019embellissement de leurs ext\u00e9rieurs. Avec une \u00e9quipe exp\u00e9riment\u00e9e et des solutions sur mesure, nous [&hellip;]\" \/>\n<meta property=\"og:url\" content=\"https:\/\/fast-track.epsi-wis.ovh\/adriana\/\" \/>\n<meta property=\"article:modified_time\" content=\"2025-06-27T10:04:25+00:00\" \/>\n<meta property=\"og:image\" content=\"https:\/\/fast-track.epsi-wis.ovh\/adriana\/wp-content\/uploads\/2025\/05\/espace-vert-2.jpg\" \/>\n\t<meta property=\"og:image:width\" content=\"1440\" \/>\n\t<meta property=\"og:image:height\" content=\"864\" \/>\n\t<meta property=\"og:image:type\" content=\"image\/jpeg\" \/>\n<meta name=\"twitter:card\" content=\"summary_large_image\" \/>\n<meta name=\"twitter:label1\" content=\"Dur\u00e9e de lecture estim\u00e9e\" \/>\n\t<meta name=\"twitter:data1\" content=\"4 minutes\" \/>\n<script type=\"application\/ld+json\" class=\"yoast-schema-graph\">{\"@context\":\"https:\\\/\\\/schema.org\",\"@graph\":[{\"@type\":\"WebPage\",\"@id\":\"https:\\\/\\\/fast-track.epsi-wis.ovh\\\/adriana\\\/\",\"url\":\"https:\\\/\\\/fast-track.epsi-wis.ovh\\\/adriana\\\/\",\"name\":\"Onyx Espaces Verts \u2013 Am\u00e9nagement d\u2019espaces verts Yvelines -\",\"isPartOf\":{\"@id\":\"https:\\\/\\\/fast-track.epsi-wis.ovh\\\/adriana\\\/#website\"},\"primaryImageOfPage\":{\"@id\":\"https:\\\/\\\/fast-track.epsi-wis.ovh\\\/adriana\\\/#primaryimage\"},\"image\":{\"@id\":\"https:\\\/\\\/fast-track.epsi-wis.ovh\\\/adriana\\\/#primaryimage\"},\"thumbnailUrl\":\"https:\\\/\\\/fast-track.epsi-wis.ovh\\\/adriana\\\/wp-content\\\/uploads\\\/2025\\\/05\\\/espace-vert-2-285x150.jpg\",\"datePublished\":\"2025-05-24T13:38:49+00:00\",\"dateModified\":\"2025-06-27T10:04:25+00:00\",\"breadcrumb\":{\"@id\":\"https:\\\/\\\/fast-track.epsi-wis.ovh\\\/adriana\\\/#breadcrumb\"},\"inLanguage\":\"fr-FR\",\"potentialAction\":[{\"@type\":\"ReadAction\",\"target\":[\"https:\\\/\\\/fast-track.epsi-wis.ovh\\\/adriana\\\/\"]}]},{\"@type\":\"ImageObject\",\"inLanguage\":\"fr-FR\",\"@id\":\"https:\\\/\\\/fast-track.epsi-wis.ovh\\\/adriana\\\/#primaryimage\",\"url\":\"https:\\\/\\\/fast-track.epsi-wis.ovh\\\/adriana\\\/wp-content\\\/uploads\\\/2025\\\/05\\\/espace-vert-2.jpg\",\"contentUrl\":\"https:\\\/\\\/fast-track.epsi-wis.ovh\\\/adriana\\\/wp-content\\\/uploads\\\/2025\\\/05\\\/espace-vert-2.jpg\",\"width\":1440,\"height\":864},{\"@type\":\"BreadcrumbList\",\"@id\":\"https:\\\/\\\/fast-track.epsi-wis.ovh\\\/adriana\\\/#breadcrumb\",\"itemListElement\":[{\"@type\":\"ListItem\",\"position\":1,\"name\":\"Accueil\",\"item\":\"https:\\\/\\\/fast-track.epsi-wis.ovh\\\/adriana\\\/\"},{\"@type\":\"ListItem\",\"position\":2,\"name\":\"Onyx Espaces Verts \u2013 Am\u00e9nagement d\u2019espaces verts Yvelines\"}]},{\"@type\":\"WebSite\",\"@id\":\"https:\\\/\\\/fast-track.epsi-wis.ovh\\\/adriana\\\/#website\",\"url\":\"https:\\\/\\\/fast-track.epsi-wis.ovh\\\/adriana\\\/\",\"name\":\"adriana\",\"description\":\"\",\"publisher\":{\"@id\":\"https:\\\/\\\/fast-track.epsi-wis.ovh\\\/adriana\\\/#organization\"},\"potentialAction\":[{\"@type\":\"SearchAction\",\"target\":{\"@type\":\"EntryPoint\",\"urlTemplate\":\"https:\\\/\\\/fast-track.epsi-wis.ovh\\\/adriana\\\/?s={search_term_string}\"},\"query-input\":{\"@type\":\"PropertyValueSpecification\",\"valueRequired\":true,\"valueName\":\"search_term_string\"}}],\"inLanguage\":\"fr-FR\"},{\"@type\":\"Organization\",\"@id\":\"https:\\\/\\\/fast-track.epsi-wis.ovh\\\/adriana\\\/#organization\",\"name\":\"adriana\",\"url\":\"https:\\\/\\\/fast-track.epsi-wis.ovh\\\/adriana\\\/\",\"logo\":{\"@type\":\"ImageObject\",\"inLanguage\":\"fr-FR\",\"@id\":\"https:\\\/\\\/fast-track.epsi-wis.ovh\\\/adriana\\\/#\\\/schema\\\/logo\\\/image\\\/\",\"url\":\"https:\\\/\\\/fast-track.epsi-wis.ovh\\\/adriana\\\/wp-content\\\/uploads\\\/2025\\\/05\\\/wis.png\",\"contentUrl\":\"https:\\\/\\\/fast-track.epsi-wis.ovh\\\/adriana\\\/wp-content\\\/uploads\\\/2025\\\/05\\\/wis.png\",\"width\":400,\"height\":400,\"caption\":\"adriana\"},\"image\":{\"@id\":\"https:\\\/\\\/fast-track.epsi-wis.ovh\\\/adriana\\\/#\\\/schema\\\/logo\\\/image\\\/\"}}]}<\/script>\n<!-- \/ Yoast SEO plugin. -->","yoast_head_json":{"title":"Onyx Espaces Verts \u2013 Am\u00e9nagement d\u2019espaces verts Yvelines -","robots":{"index":"noindex","follow":"follow","max-snippet":"max-snippet:-1","max-image-preview":"max-image-preview:large","max-video-preview":"max-video-preview:-1"},"og_locale":"fr_FR","og_type":"article","og_title":"Onyx Espaces Verts \u2013 Am\u00e9nagement d\u2019espaces verts Yvelines -","og_description":"Entreprise sp\u00e9cialis\u00e9e dans l\u2019am\u00e9nagement, l\u2019entretien, l\u2019\u00e9lagage et la cr\u00e9ation de terrasses dans les Yvelines. Devis rapide et gratuit. Onyx Espaces Verts est sp\u00e9cialis\u00e9 dans l\u2019am\u00e9nagement des espaces verts dans les Yvelines. Nous accompagnons particuliers et professionnels dans la cr\u00e9ation, l\u2019entretien et l\u2019embellissement de leurs ext\u00e9rieurs. Avec une \u00e9quipe exp\u00e9riment\u00e9e et des solutions sur mesure, nous [&hellip;]","og_url":"https:\/\/fast-track.epsi-wis.ovh\/adriana\/","article_modified_time":"2025-06-27T10:04:25+00:00","og_image":[{"width":1440,"height":864,"url":"https:\/\/fast-track.epsi-wis.ovh\/adriana\/wp-content\/uploads\/2025\/05\/espace-vert-2.jpg","type":"image\/jpeg"}],"twitter_card":"summary_large_image","twitter_misc":{"Dur\u00e9e de lecture estim\u00e9e":"4 minutes"},"schema":{"@context":"https:\/\/schema.org","@graph":[{"@type":"WebPage","@id":"https:\/\/fast-track.epsi-wis.ovh\/adriana\/","url":"https:\/\/fast-track.epsi-wis.ovh\/adriana\/","name":"Onyx Espaces Verts \u2013 Am\u00e9nagement d\u2019espaces verts Yvelines -","isPartOf":{"@id":"https:\/\/fast-track.epsi-wis.ovh\/adriana\/#website"},"primaryImageOfPage":{"@id":"https:\/\/fast-track.epsi-wis.ovh\/adriana\/#primaryimage"},"image":{"@id":"https:\/\/fast-track.epsi-wis.ovh\/adriana\/#primaryimage"},"thumbnailUrl":"https:\/\/fast-track.epsi-wis.ovh\/adriana\/wp-content\/uploads\/2025\/05\/espace-vert-2-285x150.jpg","datePublished":"2025-05-24T13:38:49+00:00","dateModified":"2025-06-27T10:04:25+00:00","breadcrumb":{"@id":"https:\/\/fast-track.epsi-wis.ovh\/adriana\/#breadcrumb"},"inLanguage":"fr-FR","potentialAction":[{"@type":"ReadAction","target":["https:\/\/fast-track.epsi-wis.ovh\/adriana\/"]}]},{"@type":"ImageObject","inLanguage":"fr-FR","@id":"https:\/\/fast-track.epsi-wis.ovh\/adriana\/#primaryimage","url":"https:\/\/fast-track.epsi-wis.ovh\/adriana\/wp-content\/uploads\/2025\/05\/espace-vert-2.jpg","contentUrl":"https:\/\/fast-track.epsi-wis.ovh\/adriana\/wp-content\/uploads\/2025\/05\/espace-vert-2.jpg","width":1440,"height":864},{"@type":"BreadcrumbList","@id":"https:\/\/fast-track.epsi-wis.ovh\/adriana\/#breadcrumb","itemListElement":[{"@type":"ListItem","position":1,"name":"Accueil","item":"https:\/\/fast-track.epsi-wis.ovh\/adriana\/"},{"@type":"ListItem","position":2,"name":"Onyx Espaces Verts \u2013 Am\u00e9nagement d\u2019espaces verts Yvelines"}]},{"@type":"WebSite","@id":"https:\/\/fast-track.epsi-wis.ovh\/adriana\/#website","url":"https:\/\/fast-track.epsi-wis.ovh\/adriana\/","name":"adriana","description":"","publisher":{"@id":"https:\/\/fast-track.epsi-wis.ovh\/adriana\/#organization"},"potentialAction":[{"@type":"SearchAction","target":{"@type":"EntryPoint","urlTemplate":"https:\/\/fast-track.epsi-wis.ovh\/adriana\/?s={search_term_string}"},"query-input":{"@type":"PropertyValueSpecification","valueRequired":true,"valueName":"search_term_string"}}],"inLanguage":"fr-FR"},{"@type":"Organization","@id":"https:\/\/fast-track.epsi-wis.ovh\/adriana\/#organization","name":"adriana","url":"https:\/\/fast-track.epsi-wis.ovh\/adriana\/","logo":{"@type":"ImageObject","inLanguage":"fr-FR","@id":"https:\/\/fast-track.epsi-wis.ovh\/adriana\/#\/schema\/logo\/image\/","url":"https:\/\/fast-track.epsi-wis.ovh\/adriana\/wp-content\/uploads\/2025\/05\/wis.png","contentUrl":"https:\/\/fast-track.epsi-wis.ovh\/adriana\/wp-content\/uploads\/2025\/05\/wis.png","width":400,"height":400,"caption":"adriana"},"image":{"@id":"https:\/\/fast-track.epsi-wis.ovh\/adriana\/#\/schema\/logo\/image\/"}}]}},"_links":{"self":[{"href":"https:\/\/fast-track.epsi-wis.ovh\/adriana\/wp-json\/wp\/v2\/pages\/61","targetHints":{"allow":["GET"]}}],"collection":[{"href":"https:\/\/fast-track.epsi-wis.ovh\/adriana\/wp-json\/wp\/v2\/pages"}],"about":[{"href":"https:\/\/fast-track.epsi-wis.ovh\/adriana\/wp-json\/wp\/v2\/types\/page"}],"author":[{"embeddable":true,"href":"https:\/\/fast-track.epsi-wis.ovh\/adriana\/wp-json\/wp\/v2\/users\/1"}],"replies":[{"embeddable":true,"href":"https:\/\/fast-track.epsi-wis.ovh\/adriana\/wp-json\/wp\/v2\/comments?post=61"}],"version-history":[{"count":36,"href":"https:\/\/fast-track.epsi-wis.ovh\/adriana\/wp-json\/wp\/v2\/pages\/61\/revisions"}],"predecessor-version":[{"id":196,"href":"https:\/\/fast-track.epsi-wis.ovh\/adriana\/wp-json\/wp\/v2\/pages\/61\/revisions\/196"}],"wp:attachment":[{"href":"https:\/\/fast-track.epsi-wis.ovh\/adriana\/wp-json\/wp\/v2\/media?parent=61"}],"curies":[{"name":"wp","href":"https:\/\/api.w.org\/{rel}","templated":true}]}}