{"id":99,"date":"2025-05-24T19:25:01","date_gmt":"2025-05-24T17:25:01","guid":{"rendered":"https:\/\/fast-track.epsi-wis.ovh\/adriana\/?page_id=99"},"modified":"2025-05-25T22:06:39","modified_gmt":"2025-05-25T20:06:39","slug":"pose-de-paves-dallages-engazonnement","status":"publish","type":"page","link":"https:\/\/fast-track.epsi-wis.ovh\/adriana\/pose-de-paves-dallages-engazonnement\/","title":{"rendered":"\u00a0Pose de pav\u00e9s, dallages, engazonnement"},"content":{"rendered":"\n<p>Pour une all\u00e9e de garage, Onyx installe des pav\u00e9s autobloquants r\u00e9sistants au passage de v\u00e9hicules. Dans un jardin, ils cr\u00e9ent un chemin dall\u00e9 en ardoise menant \u00e0 une pergola. Pour un terrain nu, ils r\u00e9alisent un engazonnement par semis ou en rouleaux. selon la saison, garantissant une pelouse dense et homog\u00e8ne. Ils assurent aussi l\u2019arrosage automatique pour un entretien facilit\u00e9.<\/p>\n\n\n<div class=\"wp-block-image\">\n<figure class=\"aligncenter size-full is-resized\"><img fetchpriority=\"high\" decoding=\"async\" width=\"666\" height=\"500\" src=\"https:\/\/fast-track.epsi-wis.ovh\/adriana\/wp-content\/uploads\/2025\/05\/img-1275424388-503.jpg\" alt=\"\" class=\"wp-image-100\" style=\"width:600px\" srcset=\"https:\/\/fast-track.epsi-wis.ovh\/adriana\/wp-content\/uploads\/2025\/05\/img-1275424388-503.jpg 666w, https:\/\/fast-track.epsi-wis.ovh\/adriana\/wp-content\/uploads\/2025\/05\/img-1275424388-503-400x300.jpg 400w\" sizes=\"(max-width: 666px) 100vw, 666px\" \/><\/figure>\n<\/div>\n\n\n<p>La pose de pav\u00e9s est id\u00e9ale pour cr\u00e9er des all\u00e9es, des cours, des terrasses ou des acc\u00e8s carrossables. Elle allie esth\u00e9tique, robustesse et facilit\u00e9 d\u2019entretien. C&rsquo;est le cas d&rsquo;une all\u00e9e de jardin en&nbsp;<strong>pav\u00e9s de granit<\/strong>&nbsp;pour un style rustique.<\/p>\n\n\n\n<p>Le dallage consiste \u00e0 poser des dalles (en pierre naturelle, b\u00e9ton, c\u00e9ramique). pour cr\u00e9er des surfaces planes et \u00e9l\u00e9gantes .souvent utilis\u00e9es pour les terrasses, plages de piscine ou patios. Comme une terrasse en\u00a0<strong>dalles de travertin<\/strong>\u00a0pour un style m\u00e9diterran\u00e9en.<\/p>\n\n\n\n<p>L\u2019engazonnement permet de cr\u00e9er une pelouse esth\u00e9tique et fonctionnelle. Il peut se faire par&nbsp;<strong>semis<\/strong>&nbsp;ou par&nbsp;<strong>pose de gazon en rouleaux<\/strong>. par exemple Une pelouse de d\u00e9tente pour un jardin familial.<\/p>\n\n\n<div class=\"wp-block-image\">\n<figure class=\"aligncenter size-full is-resized\"><img decoding=\"async\" width=\"237\" height=\"237\" src=\"https:\/\/fast-track.epsi-wis.ovh\/adriana\/wp-content\/uploads\/2025\/05\/telecharger.jpeg\" alt=\"\" class=\"wp-image-101\" style=\"object-fit:cover;width:600px;height:300px\"\/><\/figure>\n<\/div>\n\n\n<p>N\u2019attendez plus pour transformer vos ext\u00e9rieurs ! <a href=\"https:\/\/fast-track.epsi-wis.ovh\/adriana\/bienvenue-chez-onyx-espaces-verts-experts-en-amenagement-et-entretien-des-espaces-verts-dans-les-yvelines\/\">cliquez ici<\/a><br>\ud83d\udd17 <a href=\"https:\/\/fast-track.epsi-wis.ovh\/adriana\/contact-epsi-wis-paris\/\">Remplissez notre formulaire de contact<\/a> et recevez une r\u00e9ponse sous 24h.<br>\ud83d\udcde Ou appelez-nous directement au <strong>01 23 45 67 89<\/strong>.<\/p>\n\n\n\n<p><\/p>\n","protected":false},"excerpt":{"rendered":"<p>Pour une all\u00e9e de garage, Onyx installe des pav\u00e9s autobloquants r\u00e9sistants au passage de v\u00e9hicules. Dans un jardin, ils cr\u00e9ent un chemin dall\u00e9 en ardoise menant \u00e0 une pergola. Pour un terrain nu, ils r\u00e9alisent un engazonnement par semis ou en rouleaux. selon la saison, garantissant une pelouse dense et homog\u00e8ne. Ils assurent aussi l\u2019arrosage [&hellip;]<\/p>\n","protected":false},"author":1,"featured_media":0,"parent":0,"menu_order":0,"comment_status":"closed","ping_status":"closed","template":"","meta":{"footnotes":""},"class_list":["post-99","page","type-page","status-publish","hentry"],"yoast_head":"<!-- This site is optimized with the Yoast SEO plugin v27.4 - https:\/\/yoast.com\/product\/yoast-seo-wordpress\/ -->\n<title>\u00a0Pose de pav\u00e9s, dallages, engazonnement -<\/title>\n<meta name=\"robots\" content=\"noindex, follow, max-snippet:-1, max-image-preview:large, max-video-preview:-1\" \/>\n<meta property=\"og:locale\" content=\"fr_FR\" \/>\n<meta property=\"og:type\" content=\"article\" \/>\n<meta property=\"og:title\" content=\"\u00a0Pose de pav\u00e9s, dallages, engazonnement -\" \/>\n<meta property=\"og:description\" content=\"Pour une all\u00e9e de garage, Onyx installe des pav\u00e9s autobloquants r\u00e9sistants au passage de v\u00e9hicules. Dans un jardin, ils cr\u00e9ent un chemin dall\u00e9 en ardoise menant \u00e0 une pergola. Pour un terrain nu, ils r\u00e9alisent un engazonnement par semis ou en rouleaux. selon la saison, garantissant une pelouse dense et homog\u00e8ne. Ils assurent aussi l\u2019arrosage [&hellip;]\" \/>\n<meta property=\"og:url\" content=\"https:\/\/fast-track.epsi-wis.ovh\/adriana\/pose-de-paves-dallages-engazonnement\/\" \/>\n<meta property=\"article:modified_time\" content=\"2025-05-25T20:06:39+00:00\" \/>\n<meta property=\"og:image\" content=\"https:\/\/fast-track.epsi-wis.ovh\/adriana\/wp-content\/uploads\/2025\/05\/img-1275424388-503.jpg\" \/>\n\t<meta property=\"og:image:width\" content=\"666\" \/>\n\t<meta property=\"og:image:height\" content=\"500\" \/>\n\t<meta property=\"og:image:type\" content=\"image\/jpeg\" \/>\n<meta name=\"twitter:card\" content=\"summary_large_image\" \/>\n<meta name=\"twitter:label1\" content=\"Dur\u00e9e de lecture estim\u00e9e\" \/>\n\t<meta name=\"twitter:data1\" content=\"2 minutes\" \/>\n<script type=\"application\/ld+json\" class=\"yoast-schema-graph\">{\"@context\":\"https:\\\/\\\/schema.org\",\"@graph\":[{\"@type\":\"WebPage\",\"@id\":\"https:\\\/\\\/fast-track.epsi-wis.ovh\\\/adriana\\\/pose-de-paves-dallages-engazonnement\\\/\",\"url\":\"https:\\\/\\\/fast-track.epsi-wis.ovh\\\/adriana\\\/pose-de-paves-dallages-engazonnement\\\/\",\"name\":\"\u00a0Pose de pav\u00e9s, dallages, engazonnement -\",\"isPartOf\":{\"@id\":\"https:\\\/\\\/fast-track.epsi-wis.ovh\\\/adriana\\\/#website\"},\"primaryImageOfPage\":{\"@id\":\"https:\\\/\\\/fast-track.epsi-wis.ovh\\\/adriana\\\/pose-de-paves-dallages-engazonnement\\\/#primaryimage\"},\"image\":{\"@id\":\"https:\\\/\\\/fast-track.epsi-wis.ovh\\\/adriana\\\/pose-de-paves-dallages-engazonnement\\\/#primaryimage\"},\"thumbnailUrl\":\"https:\\\/\\\/fast-track.epsi-wis.ovh\\\/adriana\\\/wp-content\\\/uploads\\\/2025\\\/05\\\/img-1275424388-503.jpg\",\"datePublished\":\"2025-05-24T17:25:01+00:00\",\"dateModified\":\"2025-05-25T20:06:39+00:00\",\"breadcrumb\":{\"@id\":\"https:\\\/\\\/fast-track.epsi-wis.ovh\\\/adriana\\\/pose-de-paves-dallages-engazonnement\\\/#breadcrumb\"},\"inLanguage\":\"fr-FR\",\"potentialAction\":[{\"@type\":\"ReadAction\",\"target\":[\"https:\\\/\\\/fast-track.epsi-wis.ovh\\\/adriana\\\/pose-de-paves-dallages-engazonnement\\\/\"]}]},{\"@type\":\"ImageObject\",\"inLanguage\":\"fr-FR\",\"@id\":\"https:\\\/\\\/fast-track.epsi-wis.ovh\\\/adriana\\\/pose-de-paves-dallages-engazonnement\\\/#primaryimage\",\"url\":\"https:\\\/\\\/fast-track.epsi-wis.ovh\\\/adriana\\\/wp-content\\\/uploads\\\/2025\\\/05\\\/img-1275424388-503.jpg\",\"contentUrl\":\"https:\\\/\\\/fast-track.epsi-wis.ovh\\\/adriana\\\/wp-content\\\/uploads\\\/2025\\\/05\\\/img-1275424388-503.jpg\",\"width\":666,\"height\":500},{\"@type\":\"BreadcrumbList\",\"@id\":\"https:\\\/\\\/fast-track.epsi-wis.ovh\\\/adriana\\\/pose-de-paves-dallages-engazonnement\\\/#breadcrumb\",\"itemListElement\":[{\"@type\":\"ListItem\",\"position\":1,\"name\":\"Accueil\",\"item\":\"https:\\\/\\\/fast-track.epsi-wis.ovh\\\/adriana\\\/\"},{\"@type\":\"ListItem\",\"position\":2,\"name\":\"\u00a0Pose de pav\u00e9s, dallages, engazonnement\"}]},{\"@type\":\"WebSite\",\"@id\":\"https:\\\/\\\/fast-track.epsi-wis.ovh\\\/adriana\\\/#website\",\"url\":\"https:\\\/\\\/fast-track.epsi-wis.ovh\\\/adriana\\\/\",\"name\":\"adriana\",\"description\":\"\",\"publisher\":{\"@id\":\"https:\\\/\\\/fast-track.epsi-wis.ovh\\\/adriana\\\/#organization\"},\"potentialAction\":[{\"@type\":\"SearchAction\",\"target\":{\"@type\":\"EntryPoint\",\"urlTemplate\":\"https:\\\/\\\/fast-track.epsi-wis.ovh\\\/adriana\\\/?s={search_term_string}\"},\"query-input\":{\"@type\":\"PropertyValueSpecification\",\"valueRequired\":true,\"valueName\":\"search_term_string\"}}],\"inLanguage\":\"fr-FR\"},{\"@type\":\"Organization\",\"@id\":\"https:\\\/\\\/fast-track.epsi-wis.ovh\\\/adriana\\\/#organization\",\"name\":\"adriana\",\"url\":\"https:\\\/\\\/fast-track.epsi-wis.ovh\\\/adriana\\\/\",\"logo\":{\"@type\":\"ImageObject\",\"inLanguage\":\"fr-FR\",\"@id\":\"https:\\\/\\\/fast-track.epsi-wis.ovh\\\/adriana\\\/#\\\/schema\\\/logo\\\/image\\\/\",\"url\":\"https:\\\/\\\/fast-track.epsi-wis.ovh\\\/adriana\\\/wp-content\\\/uploads\\\/2025\\\/05\\\/wis.png\",\"contentUrl\":\"https:\\\/\\\/fast-track.epsi-wis.ovh\\\/adriana\\\/wp-content\\\/uploads\\\/2025\\\/05\\\/wis.png\",\"width\":400,\"height\":400,\"caption\":\"adriana\"},\"image\":{\"@id\":\"https:\\\/\\\/fast-track.epsi-wis.ovh\\\/adriana\\\/#\\\/schema\\\/logo\\\/image\\\/\"}}]}<\/script>\n<!-- \/ Yoast SEO plugin. -->","yoast_head_json":{"title":"\u00a0Pose de pav\u00e9s, dallages, engazonnement -","robots":{"index":"noindex","follow":"follow","max-snippet":"max-snippet:-1","max-image-preview":"max-image-preview:large","max-video-preview":"max-video-preview:-1"},"og_locale":"fr_FR","og_type":"article","og_title":"\u00a0Pose de pav\u00e9s, dallages, engazonnement -","og_description":"Pour une all\u00e9e de garage, Onyx installe des pav\u00e9s autobloquants r\u00e9sistants au passage de v\u00e9hicules. Dans un jardin, ils cr\u00e9ent un chemin dall\u00e9 en ardoise menant \u00e0 une pergola. Pour un terrain nu, ils r\u00e9alisent un engazonnement par semis ou en rouleaux. selon la saison, garantissant une pelouse dense et homog\u00e8ne. Ils assurent aussi l\u2019arrosage [&hellip;]","og_url":"https:\/\/fast-track.epsi-wis.ovh\/adriana\/pose-de-paves-dallages-engazonnement\/","article_modified_time":"2025-05-25T20:06:39+00:00","og_image":[{"width":666,"height":500,"url":"https:\/\/fast-track.epsi-wis.ovh\/adriana\/wp-content\/uploads\/2025\/05\/img-1275424388-503.jpg","type":"image\/jpeg"}],"twitter_card":"summary_large_image","twitter_misc":{"Dur\u00e9e de lecture estim\u00e9e":"2 minutes"},"schema":{"@context":"https:\/\/schema.org","@graph":[{"@type":"WebPage","@id":"https:\/\/fast-track.epsi-wis.ovh\/adriana\/pose-de-paves-dallages-engazonnement\/","url":"https:\/\/fast-track.epsi-wis.ovh\/adriana\/pose-de-paves-dallages-engazonnement\/","name":"\u00a0Pose de pav\u00e9s, dallages, engazonnement -","isPartOf":{"@id":"https:\/\/fast-track.epsi-wis.ovh\/adriana\/#website"},"primaryImageOfPage":{"@id":"https:\/\/fast-track.epsi-wis.ovh\/adriana\/pose-de-paves-dallages-engazonnement\/#primaryimage"},"image":{"@id":"https:\/\/fast-track.epsi-wis.ovh\/adriana\/pose-de-paves-dallages-engazonnement\/#primaryimage"},"thumbnailUrl":"https:\/\/fast-track.epsi-wis.ovh\/adriana\/wp-content\/uploads\/2025\/05\/img-1275424388-503.jpg","datePublished":"2025-05-24T17:25:01+00:00","dateModified":"2025-05-25T20:06:39+00:00","breadcrumb":{"@id":"https:\/\/fast-track.epsi-wis.ovh\/adriana\/pose-de-paves-dallages-engazonnement\/#breadcrumb"},"inLanguage":"fr-FR","potentialAction":[{"@type":"ReadAction","target":["https:\/\/fast-track.epsi-wis.ovh\/adriana\/pose-de-paves-dallages-engazonnement\/"]}]},{"@type":"ImageObject","inLanguage":"fr-FR","@id":"https:\/\/fast-track.epsi-wis.ovh\/adriana\/pose-de-paves-dallages-engazonnement\/#primaryimage","url":"https:\/\/fast-track.epsi-wis.ovh\/adriana\/wp-content\/uploads\/2025\/05\/img-1275424388-503.jpg","contentUrl":"https:\/\/fast-track.epsi-wis.ovh\/adriana\/wp-content\/uploads\/2025\/05\/img-1275424388-503.jpg","width":666,"height":500},{"@type":"BreadcrumbList","@id":"https:\/\/fast-track.epsi-wis.ovh\/adriana\/pose-de-paves-dallages-engazonnement\/#breadcrumb","itemListElement":[{"@type":"ListItem","position":1,"name":"Accueil","item":"https:\/\/fast-track.epsi-wis.ovh\/adriana\/"},{"@type":"ListItem","position":2,"name":"\u00a0Pose de pav\u00e9s, dallages, engazonnement"}]},{"@type":"WebSite","@id":"https:\/\/fast-track.epsi-wis.ovh\/adriana\/#website","url":"https:\/\/fast-track.epsi-wis.ovh\/adriana\/","name":"adriana","description":"","publisher":{"@id":"https:\/\/fast-track.epsi-wis.ovh\/adriana\/#organization"},"potentialAction":[{"@type":"SearchAction","target":{"@type":"EntryPoint","urlTemplate":"https:\/\/fast-track.epsi-wis.ovh\/adriana\/?s={search_term_string}"},"query-input":{"@type":"PropertyValueSpecification","valueRequired":true,"valueName":"search_term_string"}}],"inLanguage":"fr-FR"},{"@type":"Organization","@id":"https:\/\/fast-track.epsi-wis.ovh\/adriana\/#organization","name":"adriana","url":"https:\/\/fast-track.epsi-wis.ovh\/adriana\/","logo":{"@type":"ImageObject","inLanguage":"fr-FR","@id":"https:\/\/fast-track.epsi-wis.ovh\/adriana\/#\/schema\/logo\/image\/","url":"https:\/\/fast-track.epsi-wis.ovh\/adriana\/wp-content\/uploads\/2025\/05\/wis.png","contentUrl":"https:\/\/fast-track.epsi-wis.ovh\/adriana\/wp-content\/uploads\/2025\/05\/wis.png","width":400,"height":400,"caption":"adriana"},"image":{"@id":"https:\/\/fast-track.epsi-wis.ovh\/adriana\/#\/schema\/logo\/image\/"}}]}},"_links":{"self":[{"href":"https:\/\/fast-track.epsi-wis.ovh\/adriana\/wp-json\/wp\/v2\/pages\/99","targetHints":{"allow":["GET"]}}],"collection":[{"href":"https:\/\/fast-track.epsi-wis.ovh\/adriana\/wp-json\/wp\/v2\/pages"}],"about":[{"href":"https:\/\/fast-track.epsi-wis.ovh\/adriana\/wp-json\/wp\/v2\/types\/page"}],"author":[{"embeddable":true,"href":"https:\/\/fast-track.epsi-wis.ovh\/adriana\/wp-json\/wp\/v2\/users\/1"}],"replies":[{"embeddable":true,"href":"https:\/\/fast-track.epsi-wis.ovh\/adriana\/wp-json\/wp\/v2\/comments?post=99"}],"version-history":[{"count":6,"href":"https:\/\/fast-track.epsi-wis.ovh\/adriana\/wp-json\/wp\/v2\/pages\/99\/revisions"}],"predecessor-version":[{"id":215,"href":"https:\/\/fast-track.epsi-wis.ovh\/adriana\/wp-json\/wp\/v2\/pages\/99\/revisions\/215"}],"wp:attachment":[{"href":"https:\/\/fast-track.epsi-wis.ovh\/adriana\/wp-json\/wp\/v2\/media?parent=99"}],"curies":[{"name":"wp","href":"https:\/\/api.w.org\/{rel}","templated":true}]}}