{"id":113,"date":"2025-05-25T23:43:28","date_gmt":"2025-05-25T21:43:28","guid":{"rendered":"https:\/\/fast-track.epsi-wis.ovh\/alexandre\/?page_id=113"},"modified":"2025-05-26T00:15:50","modified_gmt":"2025-05-25T22:15:50","slug":"113-2","status":"publish","type":"page","link":"https:\/\/fast-track.epsi-wis.ovh\/alexandre\/","title":{"rendered":"Bienvenue chez Onyx Espaces Verts"},"content":{"rendered":"\n<section style=\"font-family: 'Segoe UI', sans-serif; padding: 2rem; max-width: 900px; margin: auto; background: url('https:\/\/fast-track.epsi-wis.ovh\/alexandre\/wp-content\/uploads\/2025\/05\/etangbrie02_20141228_1391853056.webp') no-repeat center center \/ cover; border-radius: 16px;\">\n  <div style=\"background-color: rgba(255, 255, 255, 0.9); padding: 2rem; border-radius: 16px;\">\n    <h1 style=\"color: #2e7d32; font-size: 2.4rem; text-align: center;\">Bienvenue chez Onyx Espaces Verts \u00e0 Bullion<\/h1>\n\n    <p style=\"font-size: 1.1rem; margin-top: 1rem; text-align: center;\">\n      Sp\u00e9cialistes de l&rsquo;entretien, de l&rsquo;am\u00e9nagement paysager et de la cr\u00e9ation de coins nature, \n      nous transformons vos ext\u00e9rieurs en v\u00e9ritables havres de paix.\n    <\/p>\n\n    <div style=\"display: flex; flex-direction: column; gap: 1rem; margin-top: 2rem;\">\n      <a href=\"https:\/\/fast-track.epsi-wis.ovh\/alexandre\/entretien-jardin-bullion\/\" style=\"text-align: center; background-color: #2e7d32; color: white; padding: 1rem; text-decoration: none; border-radius: 8px; font-weight: bold;\">\n        \ud83c\udf3f Entretien de jardin \u00e0 Bullion\n      <\/a>\n      \n      <a href=\"https:\/\/fast-track.epsi-wis.ovh\/alexandre\/transformer-mon-jardin-a-bullion-avec-un-expert-de-confiance\/\" style=\"text-align: center; background-color: #2e7d32; color: white; padding: 1rem; text-decoration: none; border-radius: 8px; font-weight: bold;\">\n        \ud83c\udfe1 Am\u00e9nagement paysager \u00e0 Bullion\n      <\/a>\n      \n      <a href=\"https:\/\/fast-track.epsi-wis.ovh\/alexandre\/amenager-un-coin-nature-chez-soi-a-bullion\/\" style=\"text-align: center; background-color: #2e7d32; color: white; padding: 1rem; text-decoration: none; border-radius: 8px; font-weight: bold;\">\n        \ud83c\udf43 Cr\u00e9er un coin nature chez soi\n      <\/a>\n    <\/div>\n\n    <p style=\"margin-top: 2rem; text-align: center; font-size: 1rem;\">\n      \ud83d\udc49 Vous avez un projet ? <a href=\"https:\/\/fast-track.epsi-wis.ovh\/alexandre\/contactez-nous\/\" style=\"color: #2e7d32; font-weight: bold;\">Contactez-nous d\u00e8s maintenant<\/a>.\n    <\/p>\n  <\/div>\n<\/section>\n\n\n\n\n<p><\/p>\n","protected":false},"excerpt":{"rendered":"<p>Bienvenue chez Onyx Espaces Verts \u00e0 Bullion Sp\u00e9cialistes de l&rsquo;entretien, de l&rsquo;am\u00e9nagement paysager et de la cr\u00e9ation de coins nature, nous transformons vos ext\u00e9rieurs en v\u00e9ritables havres de paix. \ud83c\udf3f Entretien de jardin \u00e0 Bullion \ud83c\udfe1 Am\u00e9nagement paysager \u00e0 Bullion \ud83c\udf43 Cr\u00e9er un coin nature chez soi \ud83d\udc49 Vous avez un projet ? Contactez-nous d\u00e8s [&hellip;]<\/p>\n","protected":false},"author":1,"featured_media":126,"parent":0,"menu_order":0,"comment_status":"closed","ping_status":"closed","template":"","meta":{"footnotes":""},"class_list":["post-113","page","type-page","status-publish","has-post-thumbnail","hentry"],"yoast_head":"<!-- This site is optimized with the Yoast SEO plugin v27.4 - https:\/\/yoast.com\/product\/yoast-seo-wordpress\/ -->\n<title>Bienvenue chez Onyx Espaces Verts - JielbyZar&#039;s Website<\/title>\n<meta name=\"robots\" content=\"index, follow, max-snippet:-1, max-image-preview:large, max-video-preview:-1\" \/>\n<link rel=\"canonical\" href=\"https:\/\/fast-track.epsi-wis.ovh\/alexandre\/\" \/>\n<meta property=\"og:locale\" content=\"fr_FR\" \/>\n<meta property=\"og:type\" content=\"article\" \/>\n<meta property=\"og:title\" content=\"Bienvenue chez Onyx Espaces Verts - JielbyZar&#039;s Website\" \/>\n<meta property=\"og:description\" content=\"Bienvenue chez Onyx Espaces Verts \u00e0 Bullion Sp\u00e9cialistes de l&rsquo;entretien, de l&rsquo;am\u00e9nagement paysager et de la cr\u00e9ation de coins nature, nous transformons vos ext\u00e9rieurs en v\u00e9ritables havres de paix. \ud83c\udf3f Entretien de jardin \u00e0 Bullion \ud83c\udfe1 Am\u00e9nagement paysager \u00e0 Bullion \ud83c\udf43 Cr\u00e9er un coin nature chez soi \ud83d\udc49 Vous avez un projet ? Contactez-nous d\u00e8s [&hellip;]\" \/>\n<meta property=\"og:url\" content=\"https:\/\/fast-track.epsi-wis.ovh\/alexandre\/\" \/>\n<meta property=\"og:site_name\" content=\"JielbyZar&#039;s Website\" \/>\n<meta property=\"article:modified_time\" content=\"2025-05-25T22:15:50+00:00\" \/>\n<meta property=\"og:image\" content=\"https:\/\/fast-track.epsi-wis.ovh\/alexandre\/wp-content\/uploads\/2025\/05\/etangbrie02_20141228_1391853056.webp\" \/>\n\t<meta property=\"og:image:width\" content=\"960\" \/>\n\t<meta property=\"og:image:height\" content=\"540\" \/>\n\t<meta property=\"og:image:type\" content=\"image\/webp\" \/>\n<meta name=\"twitter:card\" content=\"summary_large_image\" \/>\n<meta name=\"twitter:label1\" content=\"Dur\u00e9e de lecture estim\u00e9e\" \/>\n\t<meta name=\"twitter:data1\" content=\"1 minute\" \/>\n<script type=\"application\/ld+json\" class=\"yoast-schema-graph\">{\"@context\":\"https:\\\/\\\/schema.org\",\"@graph\":[{\"@type\":\"WebPage\",\"@id\":\"https:\\\/\\\/fast-track.epsi-wis.ovh\\\/alexandre\\\/\",\"url\":\"https:\\\/\\\/fast-track.epsi-wis.ovh\\\/alexandre\\\/\",\"name\":\"Bienvenue chez Onyx Espaces Verts - JielbyZar&#039;s Website\",\"isPartOf\":{\"@id\":\"https:\\\/\\\/fast-track.epsi-wis.ovh\\\/alexandre\\\/#website\"},\"primaryImageOfPage\":{\"@id\":\"https:\\\/\\\/fast-track.epsi-wis.ovh\\\/alexandre\\\/#primaryimage\"},\"image\":{\"@id\":\"https:\\\/\\\/fast-track.epsi-wis.ovh\\\/alexandre\\\/#primaryimage\"},\"thumbnailUrl\":\"https:\\\/\\\/fast-track.epsi-wis.ovh\\\/alexandre\\\/wp-content\\\/uploads\\\/2025\\\/05\\\/etangbrie02_20141228_1391853056.webp\",\"datePublished\":\"2025-05-25T21:43:28+00:00\",\"dateModified\":\"2025-05-25T22:15:50+00:00\",\"breadcrumb\":{\"@id\":\"https:\\\/\\\/fast-track.epsi-wis.ovh\\\/alexandre\\\/#breadcrumb\"},\"inLanguage\":\"fr-FR\",\"potentialAction\":[{\"@type\":\"ReadAction\",\"target\":[\"https:\\\/\\\/fast-track.epsi-wis.ovh\\\/alexandre\\\/\"]}]},{\"@type\":\"ImageObject\",\"inLanguage\":\"fr-FR\",\"@id\":\"https:\\\/\\\/fast-track.epsi-wis.ovh\\\/alexandre\\\/#primaryimage\",\"url\":\"https:\\\/\\\/fast-track.epsi-wis.ovh\\\/alexandre\\\/wp-content\\\/uploads\\\/2025\\\/05\\\/etangbrie02_20141228_1391853056.webp\",\"contentUrl\":\"https:\\\/\\\/fast-track.epsi-wis.ovh\\\/alexandre\\\/wp-content\\\/uploads\\\/2025\\\/05\\\/etangbrie02_20141228_1391853056.webp\",\"width\":960,\"height\":540},{\"@type\":\"BreadcrumbList\",\"@id\":\"https:\\\/\\\/fast-track.epsi-wis.ovh\\\/alexandre\\\/#breadcrumb\",\"itemListElement\":[{\"@type\":\"ListItem\",\"position\":1,\"name\":\"Accueil\",\"item\":\"https:\\\/\\\/fast-track.epsi-wis.ovh\\\/alexandre\\\/\"},{\"@type\":\"ListItem\",\"position\":2,\"name\":\"Bienvenue chez Onyx Espaces Verts\"}]},{\"@type\":\"WebSite\",\"@id\":\"https:\\\/\\\/fast-track.epsi-wis.ovh\\\/alexandre\\\/#website\",\"url\":\"https:\\\/\\\/fast-track.epsi-wis.ovh\\\/alexandre\\\/\",\"name\":\"JielbyZar&#039;s Website\",\"description\":\"\",\"potentialAction\":[{\"@type\":\"SearchAction\",\"target\":{\"@type\":\"EntryPoint\",\"urlTemplate\":\"https:\\\/\\\/fast-track.epsi-wis.ovh\\\/alexandre\\\/?s={search_term_string}\"},\"query-input\":{\"@type\":\"PropertyValueSpecification\",\"valueRequired\":true,\"valueName\":\"search_term_string\"}}],\"inLanguage\":\"fr-FR\"}]}<\/script>\n<!-- \/ Yoast SEO plugin. -->","yoast_head_json":{"title":"Bienvenue chez Onyx Espaces Verts - JielbyZar&#039;s Website","robots":{"index":"index","follow":"follow","max-snippet":"max-snippet:-1","max-image-preview":"max-image-preview:large","max-video-preview":"max-video-preview:-1"},"canonical":"https:\/\/fast-track.epsi-wis.ovh\/alexandre\/","og_locale":"fr_FR","og_type":"article","og_title":"Bienvenue chez Onyx Espaces Verts - JielbyZar&#039;s Website","og_description":"Bienvenue chez Onyx Espaces Verts \u00e0 Bullion Sp\u00e9cialistes de l&rsquo;entretien, de l&rsquo;am\u00e9nagement paysager et de la cr\u00e9ation de coins nature, nous transformons vos ext\u00e9rieurs en v\u00e9ritables havres de paix. \ud83c\udf3f Entretien de jardin \u00e0 Bullion \ud83c\udfe1 Am\u00e9nagement paysager \u00e0 Bullion \ud83c\udf43 Cr\u00e9er un coin nature chez soi \ud83d\udc49 Vous avez un projet ? Contactez-nous d\u00e8s [&hellip;]","og_url":"https:\/\/fast-track.epsi-wis.ovh\/alexandre\/","og_site_name":"JielbyZar&#039;s Website","article_modified_time":"2025-05-25T22:15:50+00:00","og_image":[{"width":960,"height":540,"url":"https:\/\/fast-track.epsi-wis.ovh\/alexandre\/wp-content\/uploads\/2025\/05\/etangbrie02_20141228_1391853056.webp","type":"image\/webp"}],"twitter_card":"summary_large_image","twitter_misc":{"Dur\u00e9e de lecture estim\u00e9e":"1 minute"},"schema":{"@context":"https:\/\/schema.org","@graph":[{"@type":"WebPage","@id":"https:\/\/fast-track.epsi-wis.ovh\/alexandre\/","url":"https:\/\/fast-track.epsi-wis.ovh\/alexandre\/","name":"Bienvenue chez Onyx Espaces Verts - JielbyZar&#039;s Website","isPartOf":{"@id":"https:\/\/fast-track.epsi-wis.ovh\/alexandre\/#website"},"primaryImageOfPage":{"@id":"https:\/\/fast-track.epsi-wis.ovh\/alexandre\/#primaryimage"},"image":{"@id":"https:\/\/fast-track.epsi-wis.ovh\/alexandre\/#primaryimage"},"thumbnailUrl":"https:\/\/fast-track.epsi-wis.ovh\/alexandre\/wp-content\/uploads\/2025\/05\/etangbrie02_20141228_1391853056.webp","datePublished":"2025-05-25T21:43:28+00:00","dateModified":"2025-05-25T22:15:50+00:00","breadcrumb":{"@id":"https:\/\/fast-track.epsi-wis.ovh\/alexandre\/#breadcrumb"},"inLanguage":"fr-FR","potentialAction":[{"@type":"ReadAction","target":["https:\/\/fast-track.epsi-wis.ovh\/alexandre\/"]}]},{"@type":"ImageObject","inLanguage":"fr-FR","@id":"https:\/\/fast-track.epsi-wis.ovh\/alexandre\/#primaryimage","url":"https:\/\/fast-track.epsi-wis.ovh\/alexandre\/wp-content\/uploads\/2025\/05\/etangbrie02_20141228_1391853056.webp","contentUrl":"https:\/\/fast-track.epsi-wis.ovh\/alexandre\/wp-content\/uploads\/2025\/05\/etangbrie02_20141228_1391853056.webp","width":960,"height":540},{"@type":"BreadcrumbList","@id":"https:\/\/fast-track.epsi-wis.ovh\/alexandre\/#breadcrumb","itemListElement":[{"@type":"ListItem","position":1,"name":"Accueil","item":"https:\/\/fast-track.epsi-wis.ovh\/alexandre\/"},{"@type":"ListItem","position":2,"name":"Bienvenue chez Onyx Espaces Verts"}]},{"@type":"WebSite","@id":"https:\/\/fast-track.epsi-wis.ovh\/alexandre\/#website","url":"https:\/\/fast-track.epsi-wis.ovh\/alexandre\/","name":"JielbyZar&#039;s Website","description":"","potentialAction":[{"@type":"SearchAction","target":{"@type":"EntryPoint","urlTemplate":"https:\/\/fast-track.epsi-wis.ovh\/alexandre\/?s={search_term_string}"},"query-input":{"@type":"PropertyValueSpecification","valueRequired":true,"valueName":"search_term_string"}}],"inLanguage":"fr-FR"}]}},"_links":{"self":[{"href":"https:\/\/fast-track.epsi-wis.ovh\/alexandre\/wp-json\/wp\/v2\/pages\/113","targetHints":{"allow":["GET"]}}],"collection":[{"href":"https:\/\/fast-track.epsi-wis.ovh\/alexandre\/wp-json\/wp\/v2\/pages"}],"about":[{"href":"https:\/\/fast-track.epsi-wis.ovh\/alexandre\/wp-json\/wp\/v2\/types\/page"}],"author":[{"embeddable":true,"href":"https:\/\/fast-track.epsi-wis.ovh\/alexandre\/wp-json\/wp\/v2\/users\/1"}],"replies":[{"embeddable":true,"href":"https:\/\/fast-track.epsi-wis.ovh\/alexandre\/wp-json\/wp\/v2\/comments?post=113"}],"version-history":[{"count":8,"href":"https:\/\/fast-track.epsi-wis.ovh\/alexandre\/wp-json\/wp\/v2\/pages\/113\/revisions"}],"predecessor-version":[{"id":130,"href":"https:\/\/fast-track.epsi-wis.ovh\/alexandre\/wp-json\/wp\/v2\/pages\/113\/revisions\/130"}],"wp:featuredmedia":[{"embeddable":true,"href":"https:\/\/fast-track.epsi-wis.ovh\/alexandre\/wp-json\/wp\/v2\/media\/126"}],"wp:attachment":[{"href":"https:\/\/fast-track.epsi-wis.ovh\/alexandre\/wp-json\/wp\/v2\/media?parent=113"}],"curies":[{"name":"wp","href":"https:\/\/api.w.org\/{rel}","templated":true}]}}