{"id":71,"date":"2025-05-23T17:27:27","date_gmt":"2025-05-23T15:27:27","guid":{"rendered":"https:\/\/fast-track.epsi-wis.ovh\/alexandre\/?page_id=71"},"modified":"2025-05-26T00:15:29","modified_gmt":"2025-05-25T22:15:29","slug":"entretien-jardin-bullion","status":"publish","type":"page","link":"https:\/\/fast-track.epsi-wis.ovh\/alexandre\/entretien-jardin-bullion\/","title":{"rendered":"Entretien de jardin \u00e0 Bullion (78830)"},"content":{"rendered":"\n<!DOCTYPE html>\n<html lang=\"fr\">\n<head>\n  <meta charset=\"UTF-8\">\n  <title>Entretien de jardin \u00e0 Bullion \u2013 Onyx Espaces Verts<\/title>\n  <meta name=\"description\" content=\"Vous cherchez un service d\u2019entretien de jardin \u00e0 Bullion (78830) ? Onyx Espaces Verts vous accompagne avec passion et professionnalisme.\">\n  <meta name=\"viewport\" content=\"width=device-width, initial-scale=1.0\">\n  <style>\n    body {\n      font-family: \"Segoe UI\", sans-serif;\n      margin: 0;\n      padding: 0;\n      background-color: #fdfdfd;\n      color: #333;\n      line-height: 1.6;\n    }\n\n    header {\n      background-color: #e8f5e9;\n      color: #2e7d32;\n      text-align: center;\n      padding: 1.5rem 0;\n    }\n\n    footer {\n      background-color: #2e7d32;\n      color: white;\n      text-align: center;\n      padding: 1rem 0;\n    }\n\n    main {\n      max-width: 900px;\n      margin: auto;\n      padding: 2rem;\n    }\n\n    h1 {\n      font-size: 2.2rem;\n      margin-bottom: 1rem;\n    }\n\n    h2 {\n      font-size: 1.6rem;\n      margin-top: 2rem;\n      color: #444;\n    }\n\n    p {\n      font-size: 1.1rem;\n      margin-bottom: 1rem;\n    }\n\n    img {\n      width: 100%;\n      height: auto;\n      border-radius: 12px;\n      box-shadow: 0 4px 12px rgba(0,0,0,0.1);\n      margin-top: 1rem;\n    }\n\n    figcaption {\n      text-align: center;\n      font-style: italic;\n      color: #777;\n      margin-top: 0.5rem;\n    }\n\n    .cta {\n      background-color: #e8f5e9;\n      padding: 1rem;\n      border-left: 4px solid #2e7d32;\n      margin-top: 2rem;\n      border-radius: 8px;\n    }\n\n    a {\n      text-decoration: none;\n    }\n  <\/style>\n<\/head>\n\n<body>\n\n<header>\n  <h1>Entretien de jardin \u00e0 Bullion (78830)<\/h1>\n<\/header>\n\n<main>\n  <section>\n    <p>\n      Vous souhaitez retrouver un jardin agr\u00e9able et bien entretenu toute l\u2019ann\u00e9e ? Chez <strong>Onyx Espaces Verts<\/strong>, \n      nous accompagnons les particuliers comme les professionnels dans la mise en beaut\u00e9 et l\u2019entretien r\u00e9gulier de leurs espaces verts \u00e0 Bullion.\n    <\/p>\n\n    <p>\n      Gr\u00e2ce \u00e0 notre savoir-faire local et notre amour du v\u00e9g\u00e9tal, nous transformons chaque espace en un havre de paix.\n      Tonte, taille, d\u00e9broussaillage, d\u00e9sherbage\u2026 Nous adaptons nos prestations \u00e0 vos besoins sp\u00e9cifiques.\n    <\/p>\n\n    <figure>\n      <img decoding=\"async\" src=\"https:\/\/fast-track.epsi-wis.ovh\/alexandre\/wp-content\/uploads\/2025\/05\/entretenu-avantages-jardin.jpg\" \n           alt=\"Jardin verdoyant entretenu par Onyx Espaces Verts \u00e0 Bullion\">\n      <figcaption>Un espace vert harmonieux, con\u00e7u avec soin par nos \u00e9quipes \u00e0 Bullion.<\/figcaption>\n    <\/figure>\n  <\/section>\n\n  <section>\n    <h2>Pourquoi nous faire confiance ?<\/h2>\n    <ul>\n      <li>\u2705 Une \u00e9quipe exp\u00e9riment\u00e9e et passionn\u00e9e<\/li>\n      <li>\u2705 Des interventions rapides \u00e0 Bullion et alentours<\/li>\n      <li>\u2705 Des conseils personnalis\u00e9s pour chaque jardin<\/li>\n    <\/ul>\n  <\/section>\n\n  <section class=\"cta\">\n    <h2>Vous avez un projet d\u2019entretien de jardin \u00e0 Bullion ?<\/h2>\n    <p>N\u2019attendez plus ! Contactez-nous d\u00e8s maintenant et demandez votre devis gratuit. Nous vous r\u00e9pondrons sous 24h.<\/p>\n    <p><a href=\"https:\/\/fast-track.epsi-wis.ovh\/alexandre\/contactez-nous\/\" style=\"color: #2e7d32; font-weight: bold;\">Acc\u00e9der au formulaire de contact \u2192<\/a><\/p>\n  <\/section>\n<\/main>\n\n<footer>\n  <p>\u00a9 2025 Onyx Espaces Verts \u2013 Tous droits r\u00e9serv\u00e9s<\/p>\n<\/footer>\n\n<\/body>\n<\/html>\n\n\n\n<p><\/p>\n","protected":false},"excerpt":{"rendered":"<p>Entretien de jardin \u00e0 Bullion \u2013 Onyx Espaces Verts Entretien de jardin \u00e0 Bullion (78830) Vous souhaitez retrouver un jardin agr\u00e9able et bien entretenu toute l\u2019ann\u00e9e ? Chez Onyx Espaces Verts, nous accompagnons les particuliers comme les professionnels dans la mise en beaut\u00e9 et l\u2019entretien r\u00e9gulier de leurs espaces verts \u00e0 Bullion. Gr\u00e2ce \u00e0 notre [&hellip;]<\/p>\n","protected":false},"author":1,"featured_media":0,"parent":0,"menu_order":0,"comment_status":"closed","ping_status":"closed","template":"","meta":{"footnotes":""},"class_list":["post-71","page","type-page","status-publish","hentry"],"yoast_head":"<!-- This site is optimized with the Yoast SEO plugin v27.4 - https:\/\/yoast.com\/product\/yoast-seo-wordpress\/ -->\n<title>Entretien de jardin \u00e0 Bullion (78830) - JielbyZar&#039;s Website<\/title>\n<meta name=\"description\" content=\"Besoin d\u2019un entretien de jardin \u00e0 Bullion ? Onyx Espaces Verts vous propose un service humain, r\u00e9gulier et personnalis\u00e9.\" \/>\n<meta name=\"robots\" content=\"index, follow, max-snippet:-1, max-image-preview:large, max-video-preview:-1\" \/>\n<link rel=\"canonical\" href=\"https:\/\/fast-track.epsi-wis.ovh\/alexandre\/entretien-jardin-bullion\/\" \/>\n<meta property=\"og:locale\" content=\"fr_FR\" \/>\n<meta property=\"og:type\" content=\"article\" \/>\n<meta property=\"og:title\" content=\"Entretien de jardin \u00e0 Bullion (78830) - JielbyZar&#039;s Website\" \/>\n<meta property=\"og:description\" content=\"Besoin d\u2019un entretien de jardin \u00e0 Bullion ? Onyx Espaces Verts vous propose un service humain, r\u00e9gulier et personnalis\u00e9.\" \/>\n<meta property=\"og:url\" content=\"https:\/\/fast-track.epsi-wis.ovh\/alexandre\/entretien-jardin-bullion\/\" \/>\n<meta property=\"og:site_name\" content=\"JielbyZar&#039;s Website\" \/>\n<meta property=\"article:modified_time\" content=\"2025-05-25T22:15:29+00:00\" \/>\n<meta property=\"og:image\" content=\"https:\/\/fast-track.epsi-wis.ovh\/alexandre\/wp-content\/uploads\/2025\/05\/entretenu-avantages-jardin.jpg\" \/>\n<meta name=\"twitter:card\" content=\"summary_large_image\" \/>\n<meta name=\"twitter:label1\" content=\"Dur\u00e9e de lecture estim\u00e9e\" \/>\n\t<meta name=\"twitter:data1\" content=\"1 minute\" \/>\n<script type=\"application\/ld+json\" class=\"yoast-schema-graph\">{\"@context\":\"https:\\\/\\\/schema.org\",\"@graph\":[{\"@type\":\"WebPage\",\"@id\":\"https:\\\/\\\/fast-track.epsi-wis.ovh\\\/alexandre\\\/entretien-jardin-bullion\\\/\",\"url\":\"https:\\\/\\\/fast-track.epsi-wis.ovh\\\/alexandre\\\/entretien-jardin-bullion\\\/\",\"name\":\"Entretien de jardin \u00e0 Bullion (78830) - JielbyZar&#039;s Website\",\"isPartOf\":{\"@id\":\"https:\\\/\\\/fast-track.epsi-wis.ovh\\\/alexandre\\\/#website\"},\"primaryImageOfPage\":{\"@id\":\"https:\\\/\\\/fast-track.epsi-wis.ovh\\\/alexandre\\\/entretien-jardin-bullion\\\/#primaryimage\"},\"image\":{\"@id\":\"https:\\\/\\\/fast-track.epsi-wis.ovh\\\/alexandre\\\/entretien-jardin-bullion\\\/#primaryimage\"},\"thumbnailUrl\":\"https:\\\/\\\/fast-track.epsi-wis.ovh\\\/alexandre\\\/wp-content\\\/uploads\\\/2025\\\/05\\\/entretenu-avantages-jardin.jpg\",\"datePublished\":\"2025-05-23T15:27:27+00:00\",\"dateModified\":\"2025-05-25T22:15:29+00:00\",\"description\":\"Besoin d\u2019un entretien de jardin \u00e0 Bullion ? Onyx Espaces Verts vous propose un service humain, r\u00e9gulier et personnalis\u00e9.\",\"breadcrumb\":{\"@id\":\"https:\\\/\\\/fast-track.epsi-wis.ovh\\\/alexandre\\\/entretien-jardin-bullion\\\/#breadcrumb\"},\"inLanguage\":\"fr-FR\",\"potentialAction\":[{\"@type\":\"ReadAction\",\"target\":[\"https:\\\/\\\/fast-track.epsi-wis.ovh\\\/alexandre\\\/entretien-jardin-bullion\\\/\"]}]},{\"@type\":\"ImageObject\",\"inLanguage\":\"fr-FR\",\"@id\":\"https:\\\/\\\/fast-track.epsi-wis.ovh\\\/alexandre\\\/entretien-jardin-bullion\\\/#primaryimage\",\"url\":\"https:\\\/\\\/fast-track.epsi-wis.ovh\\\/alexandre\\\/wp-content\\\/uploads\\\/2025\\\/05\\\/entretenu-avantages-jardin.jpg\",\"contentUrl\":\"https:\\\/\\\/fast-track.epsi-wis.ovh\\\/alexandre\\\/wp-content\\\/uploads\\\/2025\\\/05\\\/entretenu-avantages-jardin.jpg\",\"width\":1254,\"height\":836},{\"@type\":\"BreadcrumbList\",\"@id\":\"https:\\\/\\\/fast-track.epsi-wis.ovh\\\/alexandre\\\/entretien-jardin-bullion\\\/#breadcrumb\",\"itemListElement\":[{\"@type\":\"ListItem\",\"position\":1,\"name\":\"Accueil\",\"item\":\"https:\\\/\\\/fast-track.epsi-wis.ovh\\\/alexandre\\\/\"},{\"@type\":\"ListItem\",\"position\":2,\"name\":\"Entretien de jardin \u00e0 Bullion (78830)\"}]},{\"@type\":\"WebSite\",\"@id\":\"https:\\\/\\\/fast-track.epsi-wis.ovh\\\/alexandre\\\/#website\",\"url\":\"https:\\\/\\\/fast-track.epsi-wis.ovh\\\/alexandre\\\/\",\"name\":\"JielbyZar&#039;s Website\",\"description\":\"\",\"potentialAction\":[{\"@type\":\"SearchAction\",\"target\":{\"@type\":\"EntryPoint\",\"urlTemplate\":\"https:\\\/\\\/fast-track.epsi-wis.ovh\\\/alexandre\\\/?s={search_term_string}\"},\"query-input\":{\"@type\":\"PropertyValueSpecification\",\"valueRequired\":true,\"valueName\":\"search_term_string\"}}],\"inLanguage\":\"fr-FR\"}]}<\/script>\n<!-- \/ Yoast SEO plugin. -->","yoast_head_json":{"title":"Entretien de jardin \u00e0 Bullion (78830) - JielbyZar&#039;s Website","description":"Besoin d\u2019un entretien de jardin \u00e0 Bullion ? Onyx Espaces Verts vous propose un service humain, r\u00e9gulier et personnalis\u00e9.","robots":{"index":"index","follow":"follow","max-snippet":"max-snippet:-1","max-image-preview":"max-image-preview:large","max-video-preview":"max-video-preview:-1"},"canonical":"https:\/\/fast-track.epsi-wis.ovh\/alexandre\/entretien-jardin-bullion\/","og_locale":"fr_FR","og_type":"article","og_title":"Entretien de jardin \u00e0 Bullion (78830) - JielbyZar&#039;s Website","og_description":"Besoin d\u2019un entretien de jardin \u00e0 Bullion ? Onyx Espaces Verts vous propose un service humain, r\u00e9gulier et personnalis\u00e9.","og_url":"https:\/\/fast-track.epsi-wis.ovh\/alexandre\/entretien-jardin-bullion\/","og_site_name":"JielbyZar&#039;s Website","article_modified_time":"2025-05-25T22:15:29+00:00","og_image":[{"url":"https:\/\/fast-track.epsi-wis.ovh\/alexandre\/wp-content\/uploads\/2025\/05\/entretenu-avantages-jardin.jpg","type":"","width":"","height":""}],"twitter_card":"summary_large_image","twitter_misc":{"Dur\u00e9e de lecture estim\u00e9e":"1 minute"},"schema":{"@context":"https:\/\/schema.org","@graph":[{"@type":"WebPage","@id":"https:\/\/fast-track.epsi-wis.ovh\/alexandre\/entretien-jardin-bullion\/","url":"https:\/\/fast-track.epsi-wis.ovh\/alexandre\/entretien-jardin-bullion\/","name":"Entretien de jardin \u00e0 Bullion (78830) - JielbyZar&#039;s Website","isPartOf":{"@id":"https:\/\/fast-track.epsi-wis.ovh\/alexandre\/#website"},"primaryImageOfPage":{"@id":"https:\/\/fast-track.epsi-wis.ovh\/alexandre\/entretien-jardin-bullion\/#primaryimage"},"image":{"@id":"https:\/\/fast-track.epsi-wis.ovh\/alexandre\/entretien-jardin-bullion\/#primaryimage"},"thumbnailUrl":"https:\/\/fast-track.epsi-wis.ovh\/alexandre\/wp-content\/uploads\/2025\/05\/entretenu-avantages-jardin.jpg","datePublished":"2025-05-23T15:27:27+00:00","dateModified":"2025-05-25T22:15:29+00:00","description":"Besoin d\u2019un entretien de jardin \u00e0 Bullion ? Onyx Espaces Verts vous propose un service humain, r\u00e9gulier et personnalis\u00e9.","breadcrumb":{"@id":"https:\/\/fast-track.epsi-wis.ovh\/alexandre\/entretien-jardin-bullion\/#breadcrumb"},"inLanguage":"fr-FR","potentialAction":[{"@type":"ReadAction","target":["https:\/\/fast-track.epsi-wis.ovh\/alexandre\/entretien-jardin-bullion\/"]}]},{"@type":"ImageObject","inLanguage":"fr-FR","@id":"https:\/\/fast-track.epsi-wis.ovh\/alexandre\/entretien-jardin-bullion\/#primaryimage","url":"https:\/\/fast-track.epsi-wis.ovh\/alexandre\/wp-content\/uploads\/2025\/05\/entretenu-avantages-jardin.jpg","contentUrl":"https:\/\/fast-track.epsi-wis.ovh\/alexandre\/wp-content\/uploads\/2025\/05\/entretenu-avantages-jardin.jpg","width":1254,"height":836},{"@type":"BreadcrumbList","@id":"https:\/\/fast-track.epsi-wis.ovh\/alexandre\/entretien-jardin-bullion\/#breadcrumb","itemListElement":[{"@type":"ListItem","position":1,"name":"Accueil","item":"https:\/\/fast-track.epsi-wis.ovh\/alexandre\/"},{"@type":"ListItem","position":2,"name":"Entretien de jardin \u00e0 Bullion (78830)"}]},{"@type":"WebSite","@id":"https:\/\/fast-track.epsi-wis.ovh\/alexandre\/#website","url":"https:\/\/fast-track.epsi-wis.ovh\/alexandre\/","name":"JielbyZar&#039;s Website","description":"","potentialAction":[{"@type":"SearchAction","target":{"@type":"EntryPoint","urlTemplate":"https:\/\/fast-track.epsi-wis.ovh\/alexandre\/?s={search_term_string}"},"query-input":{"@type":"PropertyValueSpecification","valueRequired":true,"valueName":"search_term_string"}}],"inLanguage":"fr-FR"}]}},"_links":{"self":[{"href":"https:\/\/fast-track.epsi-wis.ovh\/alexandre\/wp-json\/wp\/v2\/pages\/71","targetHints":{"allow":["GET"]}}],"collection":[{"href":"https:\/\/fast-track.epsi-wis.ovh\/alexandre\/wp-json\/wp\/v2\/pages"}],"about":[{"href":"https:\/\/fast-track.epsi-wis.ovh\/alexandre\/wp-json\/wp\/v2\/types\/page"}],"author":[{"embeddable":true,"href":"https:\/\/fast-track.epsi-wis.ovh\/alexandre\/wp-json\/wp\/v2\/users\/1"}],"replies":[{"embeddable":true,"href":"https:\/\/fast-track.epsi-wis.ovh\/alexandre\/wp-json\/wp\/v2\/comments?post=71"}],"version-history":[{"count":8,"href":"https:\/\/fast-track.epsi-wis.ovh\/alexandre\/wp-json\/wp\/v2\/pages\/71\/revisions"}],"predecessor-version":[{"id":133,"href":"https:\/\/fast-track.epsi-wis.ovh\/alexandre\/wp-json\/wp\/v2\/pages\/71\/revisions\/133"}],"wp:attachment":[{"href":"https:\/\/fast-track.epsi-wis.ovh\/alexandre\/wp-json\/wp\/v2\/media?parent=71"}],"curies":[{"name":"wp","href":"https:\/\/api.w.org\/{rel}","templated":true}]}}