{"id":116,"date":"2025-05-23T18:47:34","date_gmt":"2025-05-23T16:47:34","guid":{"rendered":"https:\/\/fast-track.epsi-wis.ovh\/anihouvi\/?page_id=116"},"modified":"2025-05-23T23:27:52","modified_gmt":"2025-05-23T21:27:52","slug":"renovation-cuisine-sur-mesure","status":"publish","type":"page","link":"https:\/\/fast-track.epsi-wis.ovh\/anihouvi\/renovation-cuisine-sur-mesure\/","title":{"rendered":"R\u00e9novation cuisine sur mesure"},"content":{"rendered":"\n<p>Votre cuisine est vieillissante, mal agenc\u00e9e ou ne correspond plus \u00e0 vs besoins ? <strong><a href=\"https:\/\/batiev.com\/cuisine-realisations\/\">Batiev<\/a><\/strong>, entreprise locale implant\u00e9e en Ile-de-France, vous propose une <strong>r\u00e9novation de cuisine<\/strong> sur mesure, alliant fonctionnalit\u00e9, esth\u00e9tique et durabilit\u00e9.<\/p>\n\n\n\n<p><\/p>\n\n\n\n<p><\/p>\n\n\n\n<h2 class=\"wp-block-heading has-luminous-vivid-amber-color has-text-color has-link-color wp-elements-f9fcf884965e89766a51848f93321a00\"><strong>Ce que nous r\u00e9alisons pour votre cuisine sur mesure<\/strong><\/h2>\n\n\n\n<p>Notre \u00e9quipe vous accompagne de 1 \u00e0 Z dans votre projet de r\u00e9novation : <\/p>\n\n\n\n<ul class=\"wp-block-list\">\n<li><strong>Optimisation de l&rsquo;agencement<\/strong> (gain de place, circulation fluide)<\/li>\n\n\n\n<li><strong>R\u00e9novation des  sols et murs<\/strong> (carrelage, peinture, circulation fluide)<\/li>\n\n\n\n<li><strong>Installation de mobilier de cuisine <\/strong>(sur mesure ou pr\u00eat \u00e0 poser)<\/li>\n\n\n\n<li><strong>Reprise compl\u00e8te des r\u00e9seaux<\/strong> (plomberie, \u00e9lectricit\u00e9, \u00e9clairage)<\/li>\n<\/ul>\n\n\n\n<p>Avec Batiev, chaque la<strong> r\u00e9novation cuisine sur mesure<\/strong> est pens\u00e9e pour s&rsquo;adapter \u00e0 votre mode de vie. <\/p>\n\n\n\n<p><\/p>\n\n\n\n<p><\/p>\n\n\n\n<div class=\"wp-block-columns is-layout-flex wp-container-core-columns-is-layout-9d6595d7 wp-block-columns-is-layout-flex\">\n<div class=\"wp-block-column is-layout-flow wp-block-column-is-layout-flow\">\n<figure class=\"wp-block-image size-large\"><img fetchpriority=\"high\" decoding=\"async\" width=\"1110\" height=\"740\" src=\"https:\/\/fast-track.epsi-wis.ovh\/anihouvi\/wp-content\/uploads\/2025\/05\/cuisine-1-1110x740.webp\" alt=\"R\u00e9novation cuisine sur mesure \" class=\"wp-image-117\" style=\"aspect-ratio:4\/3;object-fit:cover\" srcset=\"https:\/\/fast-track.epsi-wis.ovh\/anihouvi\/wp-content\/uploads\/2025\/05\/cuisine-1-1110x740.webp 1110w, https:\/\/fast-track.epsi-wis.ovh\/anihouvi\/wp-content\/uploads\/2025\/05\/cuisine-1-450x300.webp 450w, https:\/\/fast-track.epsi-wis.ovh\/anihouvi\/wp-content\/uploads\/2025\/05\/cuisine-1-768x512.webp 768w, https:\/\/fast-track.epsi-wis.ovh\/anihouvi\/wp-content\/uploads\/2025\/05\/cuisine-1.webp 1200w\" sizes=\"(max-width: 1110px) 100vw, 1110px\" \/><\/figure>\n<\/div>\n\n\n\n<div class=\"wp-block-column is-layout-flow wp-block-column-is-layout-flow\">\n<figure class=\"wp-block-image size-full\"><img decoding=\"async\" width=\"700\" height=\"459\" src=\"https:\/\/fast-track.epsi-wis.ovh\/anihouvi\/wp-content\/uploads\/2025\/05\/CUSIINE-2.webp\" alt=\"R\u00e9novation cuisine sur mesure \" class=\"wp-image-118\" style=\"aspect-ratio:4\/3;object-fit:cover\" srcset=\"https:\/\/fast-track.epsi-wis.ovh\/anihouvi\/wp-content\/uploads\/2025\/05\/CUSIINE-2.webp 700w, https:\/\/fast-track.epsi-wis.ovh\/anihouvi\/wp-content\/uploads\/2025\/05\/CUSIINE-2-458x300.webp 458w\" sizes=\"(max-width: 700px) 100vw, 700px\" \/><\/figure>\n<\/div>\n<\/div>\n\n\n\n<p class=\"has-text-align-center\"><strong>Vous pouvez visionner la R\u00e9novation cuisine d&rsquo;un de nos clients :<\/strong><\/p>\n\n\n\n<center><figure class=\"wp-block-embed aligncenter is-type-video is-provider-youtube wp-block-embed-youtube wp-embed-aspect-16-9 wp-has-aspect-ratio\"><div class=\"wp-block-embed__wrapper\">\n<iframe hcb-fetch-image-from=\"https:\/\/www.youtube.com\/watch?v=hAIUVNpa_dY\" title=\"R\u00e9novation d&#039;une cuisine en COVERING ! Press citron\" width=\"500\" height=\"281\" src=\"https:\/\/www.youtube.com\/embed\/hAIUVNpa_dY?feature=oembed\" frameborder=\"0\" allow=\"accelerometer; autoplay; clipboard-write; encrypted-media; gyroscope; picture-in-picture; web-share\" referrerpolicy=\"strict-origin-when-cross-origin\" allowfullscreen><\/iframe>\n<\/div><\/figure><\/center>\n\n\n\n<p>Vous n&rsquo;h\u00e9sitez plus ? <strong>Cliquez et Remplissez ce formulaire et nous nous chargerons de venir \u00e0 vous :<\/strong><\/p>\n\n\n\n<div class=\"wp-block-buttons is-content-justification-center is-layout-flex wp-container-core-buttons-is-layout-16018d1d wp-block-buttons-is-layout-flex\">\n<div class=\"wp-block-button has-custom-width wp-block-button__width-50 is-style-outline is-style-outline--1\"><a class=\"wp-block-button__link has-luminous-vivid-amber-color has-black-background-color has-text-color has-background has-link-color wp-element-button\" href=\"https:\/\/fast-track.epsi-wis.ovh\/anihouvi\/contact-batiev\/\">Formulaire<\/a><\/div>\n<\/div>\n\n\n<h3><strong>D\u00e9couvrez nos diff\u00e9rentes autres prestations :<\/strong>\u00a0\u00a0<\/h3>\n<ul>\n<li><a href=\"https:\/\/fast-track.epsi-wis.ovh\/anihouvi\/abri-de-jardin-sur-mesure\/\">Abri de jardin sur mesure<\/a><\/li>\n<li><a href=\"https:\/\/fast-track.epsi-wis.ovh\/anihouvi\/amenagement-de-salle-de-bain\/\">Am\u00e9nagement de salle de bain<\/a><\/li>\n<\/ul>\n\n\n<p><\/p>\n","protected":false},"excerpt":{"rendered":"<p>Votre cuisine est vieillissante, mal agenc\u00e9e ou ne correspond plus \u00e0 vs besoins ? Batiev, entreprise locale implant\u00e9e en Ile-de-France, vous propose une r\u00e9novation de cuisine sur mesure, alliant fonctionnalit\u00e9, esth\u00e9tique et durabilit\u00e9. Ce que nous r\u00e9alisons pour votre cuisine sur mesure Notre \u00e9quipe vous accompagne de 1 \u00e0 Z dans votre projet de r\u00e9novation [&hellip;]<\/p>\n","protected":false},"author":1,"featured_media":0,"parent":0,"menu_order":0,"comment_status":"closed","ping_status":"closed","template":"","meta":{"footnotes":""},"class_list":["post-116","page","type-page","status-publish","hentry"],"yoast_head":"<!-- This site is optimized with the Yoast SEO plugin v27.4 - https:\/\/yoast.com\/product\/yoast-seo-wordpress\/ -->\n<title>R\u00e9novation cuisine sur mesure<\/title>\n<meta name=\"description\" content=\"Confiez votre r\u00e9novation de cuisine sur mesure en Ile-de-France \u00e0 Batiev. Am\u00e9nagement sur mesure, carrelage, \u00e9lectricit\u00e9, immobilier.\" \/>\n<meta name=\"robots\" content=\"index, follow, max-snippet:-1, max-image-preview:large, max-video-preview:-1\" \/>\n<link rel=\"canonical\" href=\"https:\/\/fast-track.epsi-wis.ovh\/anihouvi\/renovation-cuisine-sur-mesure\/\" \/>\n<meta property=\"og:locale\" content=\"fr_FR\" \/>\n<meta property=\"og:type\" content=\"article\" \/>\n<meta property=\"og:title\" content=\"R\u00e9novation cuisine sur mesure\" \/>\n<meta property=\"og:description\" content=\"Confiez votre r\u00e9novation de cuisine sur mesure en Ile-de-France \u00e0 Batiev. Am\u00e9nagement sur mesure, carrelage, \u00e9lectricit\u00e9, immobilier.\" \/>\n<meta property=\"og:url\" content=\"https:\/\/fast-track.epsi-wis.ovh\/anihouvi\/renovation-cuisine-sur-mesure\/\" \/>\n<meta property=\"og:site_name\" content=\"SISTER-IGTH\" \/>\n<meta property=\"article:modified_time\" content=\"2025-05-23T21:27:52+00:00\" \/>\n<meta property=\"og:image\" content=\"https:\/\/fast-track.epsi-wis.ovh\/anihouvi\/wp-content\/uploads\/2025\/05\/cuisine-1.webp\" \/>\n\t<meta property=\"og:image:width\" content=\"1200\" \/>\n\t<meta property=\"og:image:height\" content=\"800\" \/>\n\t<meta property=\"og:image:type\" content=\"image\/webp\" \/>\n<meta name=\"twitter:card\" content=\"summary_large_image\" \/>\n<meta name=\"twitter:label1\" content=\"Dur\u00e9e de lecture estim\u00e9e\" \/>\n\t<meta name=\"twitter:data1\" content=\"2 minutes\" \/>\n<script type=\"application\/ld+json\" class=\"yoast-schema-graph\">{\"@context\":\"https:\\\/\\\/schema.org\",\"@graph\":[{\"@type\":\"WebPage\",\"@id\":\"https:\\\/\\\/fast-track.epsi-wis.ovh\\\/anihouvi\\\/renovation-cuisine-sur-mesure\\\/\",\"url\":\"https:\\\/\\\/fast-track.epsi-wis.ovh\\\/anihouvi\\\/renovation-cuisine-sur-mesure\\\/\",\"name\":\"R\u00e9novation cuisine sur mesure\",\"isPartOf\":{\"@id\":\"https:\\\/\\\/fast-track.epsi-wis.ovh\\\/anihouvi\\\/#website\"},\"primaryImageOfPage\":{\"@id\":\"https:\\\/\\\/fast-track.epsi-wis.ovh\\\/anihouvi\\\/renovation-cuisine-sur-mesure\\\/#primaryimage\"},\"image\":{\"@id\":\"https:\\\/\\\/fast-track.epsi-wis.ovh\\\/anihouvi\\\/renovation-cuisine-sur-mesure\\\/#primaryimage\"},\"thumbnailUrl\":\"https:\\\/\\\/fast-track.epsi-wis.ovh\\\/anihouvi\\\/wp-content\\\/uploads\\\/2025\\\/05\\\/cuisine-1-1110x740.webp\",\"datePublished\":\"2025-05-23T16:47:34+00:00\",\"dateModified\":\"2025-05-23T21:27:52+00:00\",\"description\":\"Confiez votre r\u00e9novation de cuisine sur mesure en Ile-de-France \u00e0 Batiev. Am\u00e9nagement sur mesure, carrelage, \u00e9lectricit\u00e9, immobilier.\",\"breadcrumb\":{\"@id\":\"https:\\\/\\\/fast-track.epsi-wis.ovh\\\/anihouvi\\\/renovation-cuisine-sur-mesure\\\/#breadcrumb\"},\"inLanguage\":\"fr-FR\",\"potentialAction\":[{\"@type\":\"ReadAction\",\"target\":[\"https:\\\/\\\/fast-track.epsi-wis.ovh\\\/anihouvi\\\/renovation-cuisine-sur-mesure\\\/\"]}]},{\"@type\":\"ImageObject\",\"inLanguage\":\"fr-FR\",\"@id\":\"https:\\\/\\\/fast-track.epsi-wis.ovh\\\/anihouvi\\\/renovation-cuisine-sur-mesure\\\/#primaryimage\",\"url\":\"https:\\\/\\\/fast-track.epsi-wis.ovh\\\/anihouvi\\\/wp-content\\\/uploads\\\/2025\\\/05\\\/cuisine-1.webp\",\"contentUrl\":\"https:\\\/\\\/fast-track.epsi-wis.ovh\\\/anihouvi\\\/wp-content\\\/uploads\\\/2025\\\/05\\\/cuisine-1.webp\",\"width\":1200,\"height\":800},{\"@type\":\"BreadcrumbList\",\"@id\":\"https:\\\/\\\/fast-track.epsi-wis.ovh\\\/anihouvi\\\/renovation-cuisine-sur-mesure\\\/#breadcrumb\",\"itemListElement\":[{\"@type\":\"ListItem\",\"position\":1,\"name\":\"Accueil\",\"item\":\"https:\\\/\\\/fast-track.epsi-wis.ovh\\\/anihouvi\\\/\"},{\"@type\":\"ListItem\",\"position\":2,\"name\":\"R\u00e9novation cuisine sur mesure\"}]},{\"@type\":\"WebSite\",\"@id\":\"https:\\\/\\\/fast-track.epsi-wis.ovh\\\/anihouvi\\\/#website\",\"url\":\"https:\\\/\\\/fast-track.epsi-wis.ovh\\\/anihouvi\\\/\",\"name\":\"SISTER-IGTH\",\"description\":\"\",\"publisher\":{\"@id\":\"https:\\\/\\\/fast-track.epsi-wis.ovh\\\/anihouvi\\\/#organization\"},\"potentialAction\":[{\"@type\":\"SearchAction\",\"target\":{\"@type\":\"EntryPoint\",\"urlTemplate\":\"https:\\\/\\\/fast-track.epsi-wis.ovh\\\/anihouvi\\\/?s={search_term_string}\"},\"query-input\":{\"@type\":\"PropertyValueSpecification\",\"valueRequired\":true,\"valueName\":\"search_term_string\"}}],\"inLanguage\":\"fr-FR\"},{\"@type\":\"Organization\",\"@id\":\"https:\\\/\\\/fast-track.epsi-wis.ovh\\\/anihouvi\\\/#organization\",\"name\":\"SISTER-IGTH\",\"url\":\"https:\\\/\\\/fast-track.epsi-wis.ovh\\\/anihouvi\\\/\",\"logo\":{\"@type\":\"ImageObject\",\"inLanguage\":\"fr-FR\",\"@id\":\"https:\\\/\\\/fast-track.epsi-wis.ovh\\\/anihouvi\\\/#\\\/schema\\\/logo\\\/image\\\/\",\"url\":\"https:\\\/\\\/fast-track.epsi-wis.ovh\\\/anihouvi\\\/wp-content\\\/uploads\\\/2025\\\/05\\\/logo-epsi-scaled.png\",\"contentUrl\":\"https:\\\/\\\/fast-track.epsi-wis.ovh\\\/anihouvi\\\/wp-content\\\/uploads\\\/2025\\\/05\\\/logo-epsi-scaled.png\",\"width\":2560,\"height\":1469,\"caption\":\"SISTER-IGTH\"},\"image\":{\"@id\":\"https:\\\/\\\/fast-track.epsi-wis.ovh\\\/anihouvi\\\/#\\\/schema\\\/logo\\\/image\\\/\"}}]}<\/script>\n<!-- \/ Yoast SEO plugin. -->","yoast_head_json":{"title":"R\u00e9novation cuisine sur mesure","description":"Confiez votre r\u00e9novation de cuisine sur mesure en Ile-de-France \u00e0 Batiev. Am\u00e9nagement sur mesure, carrelage, \u00e9lectricit\u00e9, immobilier.","robots":{"index":"index","follow":"follow","max-snippet":"max-snippet:-1","max-image-preview":"max-image-preview:large","max-video-preview":"max-video-preview:-1"},"canonical":"https:\/\/fast-track.epsi-wis.ovh\/anihouvi\/renovation-cuisine-sur-mesure\/","og_locale":"fr_FR","og_type":"article","og_title":"R\u00e9novation cuisine sur mesure","og_description":"Confiez votre r\u00e9novation de cuisine sur mesure en Ile-de-France \u00e0 Batiev. Am\u00e9nagement sur mesure, carrelage, \u00e9lectricit\u00e9, immobilier.","og_url":"https:\/\/fast-track.epsi-wis.ovh\/anihouvi\/renovation-cuisine-sur-mesure\/","og_site_name":"SISTER-IGTH","article_modified_time":"2025-05-23T21:27:52+00:00","og_image":[{"width":1200,"height":800,"url":"https:\/\/fast-track.epsi-wis.ovh\/anihouvi\/wp-content\/uploads\/2025\/05\/cuisine-1.webp","type":"image\/webp"}],"twitter_card":"summary_large_image","twitter_misc":{"Dur\u00e9e de lecture estim\u00e9e":"2 minutes"},"schema":{"@context":"https:\/\/schema.org","@graph":[{"@type":"WebPage","@id":"https:\/\/fast-track.epsi-wis.ovh\/anihouvi\/renovation-cuisine-sur-mesure\/","url":"https:\/\/fast-track.epsi-wis.ovh\/anihouvi\/renovation-cuisine-sur-mesure\/","name":"R\u00e9novation cuisine sur mesure","isPartOf":{"@id":"https:\/\/fast-track.epsi-wis.ovh\/anihouvi\/#website"},"primaryImageOfPage":{"@id":"https:\/\/fast-track.epsi-wis.ovh\/anihouvi\/renovation-cuisine-sur-mesure\/#primaryimage"},"image":{"@id":"https:\/\/fast-track.epsi-wis.ovh\/anihouvi\/renovation-cuisine-sur-mesure\/#primaryimage"},"thumbnailUrl":"https:\/\/fast-track.epsi-wis.ovh\/anihouvi\/wp-content\/uploads\/2025\/05\/cuisine-1-1110x740.webp","datePublished":"2025-05-23T16:47:34+00:00","dateModified":"2025-05-23T21:27:52+00:00","description":"Confiez votre r\u00e9novation de cuisine sur mesure en Ile-de-France \u00e0 Batiev. Am\u00e9nagement sur mesure, carrelage, \u00e9lectricit\u00e9, immobilier.","breadcrumb":{"@id":"https:\/\/fast-track.epsi-wis.ovh\/anihouvi\/renovation-cuisine-sur-mesure\/#breadcrumb"},"inLanguage":"fr-FR","potentialAction":[{"@type":"ReadAction","target":["https:\/\/fast-track.epsi-wis.ovh\/anihouvi\/renovation-cuisine-sur-mesure\/"]}]},{"@type":"ImageObject","inLanguage":"fr-FR","@id":"https:\/\/fast-track.epsi-wis.ovh\/anihouvi\/renovation-cuisine-sur-mesure\/#primaryimage","url":"https:\/\/fast-track.epsi-wis.ovh\/anihouvi\/wp-content\/uploads\/2025\/05\/cuisine-1.webp","contentUrl":"https:\/\/fast-track.epsi-wis.ovh\/anihouvi\/wp-content\/uploads\/2025\/05\/cuisine-1.webp","width":1200,"height":800},{"@type":"BreadcrumbList","@id":"https:\/\/fast-track.epsi-wis.ovh\/anihouvi\/renovation-cuisine-sur-mesure\/#breadcrumb","itemListElement":[{"@type":"ListItem","position":1,"name":"Accueil","item":"https:\/\/fast-track.epsi-wis.ovh\/anihouvi\/"},{"@type":"ListItem","position":2,"name":"R\u00e9novation cuisine sur mesure"}]},{"@type":"WebSite","@id":"https:\/\/fast-track.epsi-wis.ovh\/anihouvi\/#website","url":"https:\/\/fast-track.epsi-wis.ovh\/anihouvi\/","name":"SISTER-IGTH","description":"","publisher":{"@id":"https:\/\/fast-track.epsi-wis.ovh\/anihouvi\/#organization"},"potentialAction":[{"@type":"SearchAction","target":{"@type":"EntryPoint","urlTemplate":"https:\/\/fast-track.epsi-wis.ovh\/anihouvi\/?s={search_term_string}"},"query-input":{"@type":"PropertyValueSpecification","valueRequired":true,"valueName":"search_term_string"}}],"inLanguage":"fr-FR"},{"@type":"Organization","@id":"https:\/\/fast-track.epsi-wis.ovh\/anihouvi\/#organization","name":"SISTER-IGTH","url":"https:\/\/fast-track.epsi-wis.ovh\/anihouvi\/","logo":{"@type":"ImageObject","inLanguage":"fr-FR","@id":"https:\/\/fast-track.epsi-wis.ovh\/anihouvi\/#\/schema\/logo\/image\/","url":"https:\/\/fast-track.epsi-wis.ovh\/anihouvi\/wp-content\/uploads\/2025\/05\/logo-epsi-scaled.png","contentUrl":"https:\/\/fast-track.epsi-wis.ovh\/anihouvi\/wp-content\/uploads\/2025\/05\/logo-epsi-scaled.png","width":2560,"height":1469,"caption":"SISTER-IGTH"},"image":{"@id":"https:\/\/fast-track.epsi-wis.ovh\/anihouvi\/#\/schema\/logo\/image\/"}}]}},"_links":{"self":[{"href":"https:\/\/fast-track.epsi-wis.ovh\/anihouvi\/wp-json\/wp\/v2\/pages\/116","targetHints":{"allow":["GET"]}}],"collection":[{"href":"https:\/\/fast-track.epsi-wis.ovh\/anihouvi\/wp-json\/wp\/v2\/pages"}],"about":[{"href":"https:\/\/fast-track.epsi-wis.ovh\/anihouvi\/wp-json\/wp\/v2\/types\/page"}],"author":[{"embeddable":true,"href":"https:\/\/fast-track.epsi-wis.ovh\/anihouvi\/wp-json\/wp\/v2\/users\/1"}],"replies":[{"embeddable":true,"href":"https:\/\/fast-track.epsi-wis.ovh\/anihouvi\/wp-json\/wp\/v2\/comments?post=116"}],"version-history":[{"count":13,"href":"https:\/\/fast-track.epsi-wis.ovh\/anihouvi\/wp-json\/wp\/v2\/pages\/116\/revisions"}],"predecessor-version":[{"id":204,"href":"https:\/\/fast-track.epsi-wis.ovh\/anihouvi\/wp-json\/wp\/v2\/pages\/116\/revisions\/204"}],"wp:attachment":[{"href":"https:\/\/fast-track.epsi-wis.ovh\/anihouvi\/wp-json\/wp\/v2\/media?parent=116"}],"curies":[{"name":"wp","href":"https:\/\/api.w.org\/{rel}","templated":true}]}}