{"id":120,"date":"2025-05-23T19:02:36","date_gmt":"2025-05-23T17:02:36","guid":{"rendered":"https:\/\/fast-track.epsi-wis.ovh\/anihouvi\/?page_id=120"},"modified":"2025-05-23T23:27:05","modified_gmt":"2025-05-23T21:27:05","slug":"amenagement-de-salle-de-bain","status":"publish","type":"page","link":"https:\/\/fast-track.epsi-wis.ovh\/anihouvi\/amenagement-de-salle-de-bain\/","title":{"rendered":"Am\u00e9nagement de salle de bain"},"content":{"rendered":"\n<p>Vous souhaitez moderniser votre salle de bain ? Faites appel \u00e0 <a href=\"https:\/\/batiev.com\/salle-de-bain-realisations\/\"><strong>Batiev<\/strong><\/a>, sp\u00e9cialiste de l&rsquo;<strong>am\u00e9nagement de salle de bain <\/strong> depuis plus de 15 ans. Notre \u00e9quipe con\u00e7oit et transforme votre salle de bain en un <strong>espace fonctionnel<\/strong>, <strong>moderne et \u00e9l\u00e9gant<\/strong>, enti\u00e8rement adapt\u00e9 \u00e0 vo besoins.<\/p>\n\n\n\n<p><\/p>\n\n\n\n<p><\/p>\n\n\n\n<h2 class=\"wp-block-heading has-vivid-cyan-blue-color has-text-color has-link-color wp-elements-a1e56bdea4068b3646d257c3bc9cf63c\">Nos services pour l&rsquo;am\u00e9nagement de salle de bain<\/h2>\n\n\n\n<p>Nous intervenons sur tous types de projets, que ce soit pour une r\u00e9novation partielle ou compl\u00e8te : <\/p>\n\n\n\n<ul class=\"wp-block-list\">\n<li>Installation de douche \u00e0 l&rsquo;italienne<\/li>\n\n\n\n<li>Pose de baignoire ou remplacement<\/li>\n\n\n\n<li>R\u00e9novation de carrelage (sols et murs)<\/li>\n\n\n\n<li>Cr\u00e9ation ou d\u00e9placement de points d&rsquo;eau <\/li>\n\n\n\n<li>Travaux de plomberie et \u00e9lectricit\u00e9 <\/li>\n\n\n\n<li>Installation de meubles sur mesure <\/li>\n<\/ul>\n\n\n\n<p><strong>Chaque projet est unique : nous vous accompagnons de l&rsquo;\u00e9tude \u00e0 la r\u00e9alisation, avec des conseils personnalis\u00e9s et un suivi complet. <\/strong><\/p>\n\n\n\n<p><\/p>\n\n\n\n<div class=\"wp-block-columns is-layout-flex wp-container-core-columns-is-layout-9d6595d7 wp-block-columns-is-layout-flex\">\n<div class=\"wp-block-column is-layout-flow wp-block-column-is-layout-flow\">\n<figure class=\"wp-block-image size-large\"><img fetchpriority=\"high\" decoding=\"async\" width=\"1110\" height=\"713\" src=\"https:\/\/fast-track.epsi-wis.ovh\/anihouvi\/wp-content\/uploads\/2025\/05\/slb-1-1110x713.jpg\" alt=\"Am\u00e9nagement salle de bain \" class=\"wp-image-147\" style=\"aspect-ratio:4\/3;object-fit:cover\" srcset=\"https:\/\/fast-track.epsi-wis.ovh\/anihouvi\/wp-content\/uploads\/2025\/05\/slb-1-1110x713.jpg 1110w, https:\/\/fast-track.epsi-wis.ovh\/anihouvi\/wp-content\/uploads\/2025\/05\/slb-1-467x300.jpg 467w, https:\/\/fast-track.epsi-wis.ovh\/anihouvi\/wp-content\/uploads\/2025\/05\/slb-1-768x493.jpg 768w, https:\/\/fast-track.epsi-wis.ovh\/anihouvi\/wp-content\/uploads\/2025\/05\/slb-1.jpg 1500w\" sizes=\"(max-width: 1110px) 100vw, 1110px\" \/><\/figure>\n<\/div>\n\n\n\n<div class=\"wp-block-column is-layout-flow wp-block-column-is-layout-flow\">\n<figure class=\"wp-block-image size-full\"><img decoding=\"async\" width=\"800\" height=\"600\" src=\"https:\/\/fast-track.epsi-wis.ovh\/anihouvi\/wp-content\/uploads\/2025\/05\/SLB-2.jpg\" alt=\"Am\u00e9nagement salle de bain \" class=\"wp-image-148\" style=\"aspect-ratio:4\/3;object-fit:cover\" srcset=\"https:\/\/fast-track.epsi-wis.ovh\/anihouvi\/wp-content\/uploads\/2025\/05\/SLB-2.jpg 800w, https:\/\/fast-track.epsi-wis.ovh\/anihouvi\/wp-content\/uploads\/2025\/05\/SLB-2-400x300.jpg 400w, https:\/\/fast-track.epsi-wis.ovh\/anihouvi\/wp-content\/uploads\/2025\/05\/SLB-2-768x576.jpg 768w\" sizes=\"(max-width: 800px) 100vw, 800px\" \/><\/figure>\n<\/div>\n<\/div>\n\n\n\n<p>Pr\u00eat(e) pour votre <strong>am\u00e9nagement <\/strong> ? <strong>Cliquez Remplissez ce formulaire et ce serait un plaisir de vous contacter :<\/strong><\/p>\n\n\n\n<div class=\"wp-block-buttons has-custom-font-size has-white-background-color has-background is-content-justification-center is-layout-flex wp-container-core-buttons-is-layout-16018d1d wp-block-buttons-is-layout-flex\" style=\"font-size:23px\">\n<div class=\"wp-block-button has-custom-width wp-block-button__width-50 is-style-outline is-style-outline--1\"><a class=\"wp-block-button__link has-vivid-cyan-blue-color has-black-background-color has-text-color has-background has-link-color wp-element-button\" href=\"https:\/\/fast-track.epsi-wis.ovh\/anihouvi\/contact-batiev\/\" style=\"border-radius:36px\">Formulaire <\/a><\/div>\n<\/div>\n\n\n\n<p><\/p>\n\n\n<h3><strong>D\u00e9couvrez nos diff\u00e9rentes autres prestations :<\/strong>\u00a0\u00a0<\/h3>\n<ul>\n<li style=\"list-style-type: none;\">\n<ul>\n<li><a href=\"https:\/\/fast-track.epsi-wis.ovh\/anihouvi\/abri-de-jardin-sur-mesure\/\">Abri de jardin sur mesure<\/a><\/li>\n<li><a href=\"https:\/\/fast-track.epsi-wis.ovh\/anihouvi\/renovation-cuisine-sur-mesure\/\">R\u00e9novation cuisine sur mesure<\/a><\/li>\n<\/ul>\n<\/li>\n<\/ul>\n\n\n<p><\/p>\n","protected":false},"excerpt":{"rendered":"<p>Vous souhaitez moderniser votre salle de bain ? Faites appel \u00e0 Batiev, sp\u00e9cialiste de l&rsquo;am\u00e9nagement de salle de bain depuis plus de 15 ans. Notre \u00e9quipe con\u00e7oit et transforme votre salle de bain en un espace fonctionnel, moderne et \u00e9l\u00e9gant, enti\u00e8rement adapt\u00e9 \u00e0 vo besoins. Nos services pour l&rsquo;am\u00e9nagement de salle de bain Nous intervenons [&hellip;]<\/p>\n","protected":false},"author":1,"featured_media":0,"parent":0,"menu_order":0,"comment_status":"closed","ping_status":"closed","template":"","meta":{"footnotes":""},"class_list":["post-120","page","type-page","status-publish","hentry"],"yoast_head":"<!-- This site is optimized with the Yoast SEO plugin v27.4 - https:\/\/yoast.com\/product\/yoast-seo-wordpress\/ -->\n<title>Am\u00e9nagement de salle de bain<\/title>\n<meta name=\"description\" content=\"Batiev vous accompagne dans l&#039;am\u00e9nagement de salle de bain en Ile-de-France. Douche \u00e0 l&#039;italienne, mobilier et biens d&#039;autres.\" \/>\n<meta name=\"robots\" content=\"index, follow, max-snippet:-1, max-image-preview:large, max-video-preview:-1\" \/>\n<link rel=\"canonical\" href=\"https:\/\/fast-track.epsi-wis.ovh\/anihouvi\/amenagement-de-salle-de-bain\/\" \/>\n<meta property=\"og:locale\" content=\"fr_FR\" \/>\n<meta property=\"og:type\" content=\"article\" \/>\n<meta property=\"og:title\" content=\"Am\u00e9nagement de salle de bain\" \/>\n<meta property=\"og:description\" content=\"Batiev vous accompagne dans l&#039;am\u00e9nagement de salle de bain en Ile-de-France. Douche \u00e0 l&#039;italienne, mobilier et biens d&#039;autres.\" \/>\n<meta property=\"og:url\" content=\"https:\/\/fast-track.epsi-wis.ovh\/anihouvi\/amenagement-de-salle-de-bain\/\" \/>\n<meta property=\"og:site_name\" content=\"SISTER-IGTH\" \/>\n<meta property=\"article:modified_time\" content=\"2025-05-23T21:27:05+00:00\" \/>\n<meta property=\"og:image\" content=\"https:\/\/fast-track.epsi-wis.ovh\/anihouvi\/wp-content\/uploads\/2025\/05\/slb-1.jpg\" \/>\n\t<meta property=\"og:image:width\" content=\"1500\" \/>\n\t<meta property=\"og:image:height\" content=\"963\" \/>\n\t<meta property=\"og:image:type\" content=\"image\/jpeg\" \/>\n<meta name=\"twitter:card\" content=\"summary_large_image\" \/>\n<meta name=\"twitter:label1\" content=\"Dur\u00e9e de lecture estim\u00e9e\" \/>\n\t<meta name=\"twitter:data1\" content=\"2 minutes\" \/>\n<script type=\"application\/ld+json\" class=\"yoast-schema-graph\">{\"@context\":\"https:\\\/\\\/schema.org\",\"@graph\":[{\"@type\":\"WebPage\",\"@id\":\"https:\\\/\\\/fast-track.epsi-wis.ovh\\\/anihouvi\\\/amenagement-de-salle-de-bain\\\/\",\"url\":\"https:\\\/\\\/fast-track.epsi-wis.ovh\\\/anihouvi\\\/amenagement-de-salle-de-bain\\\/\",\"name\":\"Am\u00e9nagement de salle de bain\",\"isPartOf\":{\"@id\":\"https:\\\/\\\/fast-track.epsi-wis.ovh\\\/anihouvi\\\/#website\"},\"primaryImageOfPage\":{\"@id\":\"https:\\\/\\\/fast-track.epsi-wis.ovh\\\/anihouvi\\\/amenagement-de-salle-de-bain\\\/#primaryimage\"},\"image\":{\"@id\":\"https:\\\/\\\/fast-track.epsi-wis.ovh\\\/anihouvi\\\/amenagement-de-salle-de-bain\\\/#primaryimage\"},\"thumbnailUrl\":\"https:\\\/\\\/fast-track.epsi-wis.ovh\\\/anihouvi\\\/wp-content\\\/uploads\\\/2025\\\/05\\\/slb-1-1110x713.jpg\",\"datePublished\":\"2025-05-23T17:02:36+00:00\",\"dateModified\":\"2025-05-23T21:27:05+00:00\",\"description\":\"Batiev vous accompagne dans l'am\u00e9nagement de salle de bain en Ile-de-France. Douche \u00e0 l'italienne, mobilier et biens d'autres.\",\"breadcrumb\":{\"@id\":\"https:\\\/\\\/fast-track.epsi-wis.ovh\\\/anihouvi\\\/amenagement-de-salle-de-bain\\\/#breadcrumb\"},\"inLanguage\":\"fr-FR\",\"potentialAction\":[{\"@type\":\"ReadAction\",\"target\":[\"https:\\\/\\\/fast-track.epsi-wis.ovh\\\/anihouvi\\\/amenagement-de-salle-de-bain\\\/\"]}]},{\"@type\":\"ImageObject\",\"inLanguage\":\"fr-FR\",\"@id\":\"https:\\\/\\\/fast-track.epsi-wis.ovh\\\/anihouvi\\\/amenagement-de-salle-de-bain\\\/#primaryimage\",\"url\":\"https:\\\/\\\/fast-track.epsi-wis.ovh\\\/anihouvi\\\/wp-content\\\/uploads\\\/2025\\\/05\\\/slb-1.jpg\",\"contentUrl\":\"https:\\\/\\\/fast-track.epsi-wis.ovh\\\/anihouvi\\\/wp-content\\\/uploads\\\/2025\\\/05\\\/slb-1.jpg\",\"width\":1500,\"height\":963},{\"@type\":\"BreadcrumbList\",\"@id\":\"https:\\\/\\\/fast-track.epsi-wis.ovh\\\/anihouvi\\\/amenagement-de-salle-de-bain\\\/#breadcrumb\",\"itemListElement\":[{\"@type\":\"ListItem\",\"position\":1,\"name\":\"Accueil\",\"item\":\"https:\\\/\\\/fast-track.epsi-wis.ovh\\\/anihouvi\\\/\"},{\"@type\":\"ListItem\",\"position\":2,\"name\":\"Am\u00e9nagement de salle de bain\"}]},{\"@type\":\"WebSite\",\"@id\":\"https:\\\/\\\/fast-track.epsi-wis.ovh\\\/anihouvi\\\/#website\",\"url\":\"https:\\\/\\\/fast-track.epsi-wis.ovh\\\/anihouvi\\\/\",\"name\":\"SISTER-IGTH\",\"description\":\"\",\"publisher\":{\"@id\":\"https:\\\/\\\/fast-track.epsi-wis.ovh\\\/anihouvi\\\/#organization\"},\"potentialAction\":[{\"@type\":\"SearchAction\",\"target\":{\"@type\":\"EntryPoint\",\"urlTemplate\":\"https:\\\/\\\/fast-track.epsi-wis.ovh\\\/anihouvi\\\/?s={search_term_string}\"},\"query-input\":{\"@type\":\"PropertyValueSpecification\",\"valueRequired\":true,\"valueName\":\"search_term_string\"}}],\"inLanguage\":\"fr-FR\"},{\"@type\":\"Organization\",\"@id\":\"https:\\\/\\\/fast-track.epsi-wis.ovh\\\/anihouvi\\\/#organization\",\"name\":\"SISTER-IGTH\",\"url\":\"https:\\\/\\\/fast-track.epsi-wis.ovh\\\/anihouvi\\\/\",\"logo\":{\"@type\":\"ImageObject\",\"inLanguage\":\"fr-FR\",\"@id\":\"https:\\\/\\\/fast-track.epsi-wis.ovh\\\/anihouvi\\\/#\\\/schema\\\/logo\\\/image\\\/\",\"url\":\"https:\\\/\\\/fast-track.epsi-wis.ovh\\\/anihouvi\\\/wp-content\\\/uploads\\\/2025\\\/05\\\/logo-epsi-scaled.png\",\"contentUrl\":\"https:\\\/\\\/fast-track.epsi-wis.ovh\\\/anihouvi\\\/wp-content\\\/uploads\\\/2025\\\/05\\\/logo-epsi-scaled.png\",\"width\":2560,\"height\":1469,\"caption\":\"SISTER-IGTH\"},\"image\":{\"@id\":\"https:\\\/\\\/fast-track.epsi-wis.ovh\\\/anihouvi\\\/#\\\/schema\\\/logo\\\/image\\\/\"}}]}<\/script>\n<!-- \/ Yoast SEO plugin. -->","yoast_head_json":{"title":"Am\u00e9nagement de salle de bain","description":"Batiev vous accompagne dans l'am\u00e9nagement de salle de bain en Ile-de-France. Douche \u00e0 l'italienne, mobilier et biens d'autres.","robots":{"index":"index","follow":"follow","max-snippet":"max-snippet:-1","max-image-preview":"max-image-preview:large","max-video-preview":"max-video-preview:-1"},"canonical":"https:\/\/fast-track.epsi-wis.ovh\/anihouvi\/amenagement-de-salle-de-bain\/","og_locale":"fr_FR","og_type":"article","og_title":"Am\u00e9nagement de salle de bain","og_description":"Batiev vous accompagne dans l'am\u00e9nagement de salle de bain en Ile-de-France. Douche \u00e0 l'italienne, mobilier et biens d'autres.","og_url":"https:\/\/fast-track.epsi-wis.ovh\/anihouvi\/amenagement-de-salle-de-bain\/","og_site_name":"SISTER-IGTH","article_modified_time":"2025-05-23T21:27:05+00:00","og_image":[{"width":1500,"height":963,"url":"https:\/\/fast-track.epsi-wis.ovh\/anihouvi\/wp-content\/uploads\/2025\/05\/slb-1.jpg","type":"image\/jpeg"}],"twitter_card":"summary_large_image","twitter_misc":{"Dur\u00e9e de lecture estim\u00e9e":"2 minutes"},"schema":{"@context":"https:\/\/schema.org","@graph":[{"@type":"WebPage","@id":"https:\/\/fast-track.epsi-wis.ovh\/anihouvi\/amenagement-de-salle-de-bain\/","url":"https:\/\/fast-track.epsi-wis.ovh\/anihouvi\/amenagement-de-salle-de-bain\/","name":"Am\u00e9nagement de salle de bain","isPartOf":{"@id":"https:\/\/fast-track.epsi-wis.ovh\/anihouvi\/#website"},"primaryImageOfPage":{"@id":"https:\/\/fast-track.epsi-wis.ovh\/anihouvi\/amenagement-de-salle-de-bain\/#primaryimage"},"image":{"@id":"https:\/\/fast-track.epsi-wis.ovh\/anihouvi\/amenagement-de-salle-de-bain\/#primaryimage"},"thumbnailUrl":"https:\/\/fast-track.epsi-wis.ovh\/anihouvi\/wp-content\/uploads\/2025\/05\/slb-1-1110x713.jpg","datePublished":"2025-05-23T17:02:36+00:00","dateModified":"2025-05-23T21:27:05+00:00","description":"Batiev vous accompagne dans l'am\u00e9nagement de salle de bain en Ile-de-France. Douche \u00e0 l'italienne, mobilier et biens d'autres.","breadcrumb":{"@id":"https:\/\/fast-track.epsi-wis.ovh\/anihouvi\/amenagement-de-salle-de-bain\/#breadcrumb"},"inLanguage":"fr-FR","potentialAction":[{"@type":"ReadAction","target":["https:\/\/fast-track.epsi-wis.ovh\/anihouvi\/amenagement-de-salle-de-bain\/"]}]},{"@type":"ImageObject","inLanguage":"fr-FR","@id":"https:\/\/fast-track.epsi-wis.ovh\/anihouvi\/amenagement-de-salle-de-bain\/#primaryimage","url":"https:\/\/fast-track.epsi-wis.ovh\/anihouvi\/wp-content\/uploads\/2025\/05\/slb-1.jpg","contentUrl":"https:\/\/fast-track.epsi-wis.ovh\/anihouvi\/wp-content\/uploads\/2025\/05\/slb-1.jpg","width":1500,"height":963},{"@type":"BreadcrumbList","@id":"https:\/\/fast-track.epsi-wis.ovh\/anihouvi\/amenagement-de-salle-de-bain\/#breadcrumb","itemListElement":[{"@type":"ListItem","position":1,"name":"Accueil","item":"https:\/\/fast-track.epsi-wis.ovh\/anihouvi\/"},{"@type":"ListItem","position":2,"name":"Am\u00e9nagement de salle de bain"}]},{"@type":"WebSite","@id":"https:\/\/fast-track.epsi-wis.ovh\/anihouvi\/#website","url":"https:\/\/fast-track.epsi-wis.ovh\/anihouvi\/","name":"SISTER-IGTH","description":"","publisher":{"@id":"https:\/\/fast-track.epsi-wis.ovh\/anihouvi\/#organization"},"potentialAction":[{"@type":"SearchAction","target":{"@type":"EntryPoint","urlTemplate":"https:\/\/fast-track.epsi-wis.ovh\/anihouvi\/?s={search_term_string}"},"query-input":{"@type":"PropertyValueSpecification","valueRequired":true,"valueName":"search_term_string"}}],"inLanguage":"fr-FR"},{"@type":"Organization","@id":"https:\/\/fast-track.epsi-wis.ovh\/anihouvi\/#organization","name":"SISTER-IGTH","url":"https:\/\/fast-track.epsi-wis.ovh\/anihouvi\/","logo":{"@type":"ImageObject","inLanguage":"fr-FR","@id":"https:\/\/fast-track.epsi-wis.ovh\/anihouvi\/#\/schema\/logo\/image\/","url":"https:\/\/fast-track.epsi-wis.ovh\/anihouvi\/wp-content\/uploads\/2025\/05\/logo-epsi-scaled.png","contentUrl":"https:\/\/fast-track.epsi-wis.ovh\/anihouvi\/wp-content\/uploads\/2025\/05\/logo-epsi-scaled.png","width":2560,"height":1469,"caption":"SISTER-IGTH"},"image":{"@id":"https:\/\/fast-track.epsi-wis.ovh\/anihouvi\/#\/schema\/logo\/image\/"}}]}},"_links":{"self":[{"href":"https:\/\/fast-track.epsi-wis.ovh\/anihouvi\/wp-json\/wp\/v2\/pages\/120","targetHints":{"allow":["GET"]}}],"collection":[{"href":"https:\/\/fast-track.epsi-wis.ovh\/anihouvi\/wp-json\/wp\/v2\/pages"}],"about":[{"href":"https:\/\/fast-track.epsi-wis.ovh\/anihouvi\/wp-json\/wp\/v2\/types\/page"}],"author":[{"embeddable":true,"href":"https:\/\/fast-track.epsi-wis.ovh\/anihouvi\/wp-json\/wp\/v2\/users\/1"}],"replies":[{"embeddable":true,"href":"https:\/\/fast-track.epsi-wis.ovh\/anihouvi\/wp-json\/wp\/v2\/comments?post=120"}],"version-history":[{"count":11,"href":"https:\/\/fast-track.epsi-wis.ovh\/anihouvi\/wp-json\/wp\/v2\/pages\/120\/revisions"}],"predecessor-version":[{"id":203,"href":"https:\/\/fast-track.epsi-wis.ovh\/anihouvi\/wp-json\/wp\/v2\/pages\/120\/revisions\/203"}],"wp:attachment":[{"href":"https:\/\/fast-track.epsi-wis.ovh\/anihouvi\/wp-json\/wp\/v2\/media?parent=120"}],"curies":[{"name":"wp","href":"https:\/\/api.w.org\/{rel}","templated":true}]}}