{"id":24,"date":"2025-04-23T17:57:00","date_gmt":"2025-04-23T15:57:00","guid":{"rendered":"https:\/\/fast-track.epsi-wis.ovh\/anihouvi\/?page_id=24"},"modified":"2025-06-19T12:19:31","modified_gmt":"2025-06-19T10:19:31","slug":"formation-digitale-en-alternance-avec-wis-paris-la-defense","status":"publish","type":"page","link":"https:\/\/fast-track.epsi-wis.ovh\/anihouvi\/formation-digitale-en-alternance-avec-wis-paris-la-defense\/","title":{"rendered":"Formation"},"content":{"rendered":"<h1>Formation digitale en alternance avec WIS<\/h1>\n<ul>\n<li>\n<h3 id=\"choix\" class=\"wp-block-heading\"><a href=\"#choix\">EPSI, une \u00e9cole digitale pour se former en alternance<\/a><\/h3>\n<\/li>\n<\/ul>\n<p>Se former en alternance au Digital avec les \u00e9coles EPSI-WIS\u00a0<\/p>\n<p>L\u2019\u00c9cole <strong>Digitale<\/strong> de Formation est une structure innovante d\u00e9di\u00e9e \u00e0 l\u2019enseignement des<a href=\"https:\/\/fast-track.epsi-wis.ovh\/anihouvi\/wp-content\/uploads\/2025\/05\/Formation-Digitale-Alternance-etudiants-2.jpg\" target=\"_blank\" rel=\"noopener\"><img fetchpriority=\"high\" decoding=\"async\" class=\"alignright size-medium wp-image-56\" src=\"https:\/\/fast-track.epsi-wis.ovh\/anihouvi\/wp-content\/uploads\/2025\/05\/Formation-Digitale-Alternance-etudiants-2-567x300.jpg\" alt=\"Etudiants \u00e0 l'\u00e9cole digitale EPSI WIS Paris La D\u00e9fense\" width=\"567\" height=\"300\" srcset=\"https:\/\/fast-track.epsi-wis.ovh\/anihouvi\/wp-content\/uploads\/2025\/05\/Formation-Digitale-Alternance-etudiants-2-567x300.jpg 567w, https:\/\/fast-track.epsi-wis.ovh\/anihouvi\/wp-content\/uploads\/2025\/05\/Formation-Digitale-Alternance-etudiants-2-285x150.jpg 285w, https:\/\/fast-track.epsi-wis.ovh\/anihouvi\/wp-content\/uploads\/2025\/05\/Formation-Digitale-Alternance-etudiants-2-768x407.jpg 768w, https:\/\/fast-track.epsi-wis.ovh\/anihouvi\/wp-content\/uploads\/2025\/05\/Formation-Digitale-Alternance-etudiants-2.jpg 903w\" sizes=\"(max-width: 567px) 100vw, 567px\" \/><\/a> comp\u00e9tences num\u00e9riques les plus recherch\u00e9es sur le march\u00e9. Que vous soyez \u00e9tudiant, salari\u00e9 en reconversion ou entrepreneur, nos parcours sont con\u00e7us pour s\u2019adapter \u00e0 votre rythme et \u00e0 vos ambitions.<\/p>\n<h3 id=\"choix\" class=\"wp-block-heading\">EPSI, une \u00e9cole digitale pour se former en alternance<\/h3>\n<p>L\u2019EPSI est l\u2019\u00e9cole de l\u2019ing\u00e9nierie informatique cr\u00e9\u00e9e en 1961 par des professionnels du secteur pour r\u00e9pondre en temps r\u00e9el aux besoins en comp\u00e9tences des entreprises et des territoires. Aujourd\u2019hui l\u2019\u00e9cole forme des experts dans les domaines de l\u2019IA, de la cybers\u00e9curit\u00e9, du cloud, de la data, du d\u00e9veloppement et de l\u2019infrastructure syst\u00e8me.\u00a0<\/p>\n\n\n<figure class=\"wp-block-embed aligncenter is-type-video is-provider-youtube wp-block-embed-youtube wp-embed-aspect-16-9 wp-has-aspect-ratio\"><div class=\"wp-block-embed__wrapper\">\n<iframe hcb-fetch-image-from=\"https:\/\/www.youtube.com\/watch?v=GJ0svJBJtws\" title=\"2025 BMW X6 M Competition - Sound, Interior and Exterior\" width=\"500\" height=\"281\" src=\"https:\/\/www.youtube.com\/embed\/GJ0svJBJtws?feature=oembed\" frameborder=\"0\" allow=\"accelerometer; autoplay; clipboard-write; encrypted-media; gyroscope; picture-in-picture; web-share\" referrerpolicy=\"strict-origin-when-cross-origin\" allowfullscreen><\/iframe>\n<\/div><\/figure>\n\n\n\n<p><\/p>\n","protected":false},"excerpt":{"rendered":"<p>Formation digitale en alternance avec WIS EPSI, une \u00e9cole digitale pour se former en alternance Se former en alternance au Digital avec les \u00e9coles EPSI-WIS\u00a0 L\u2019\u00c9cole Digitale de Formation est une structure innovante d\u00e9di\u00e9e \u00e0 l\u2019enseignement des comp\u00e9tences num\u00e9riques les plus recherch\u00e9es sur le march\u00e9. Que vous soyez \u00e9tudiant, salari\u00e9 en reconversion ou entrepreneur, nos [&hellip;]<\/p>\n","protected":false},"author":1,"featured_media":0,"parent":0,"menu_order":0,"comment_status":"closed","ping_status":"closed","template":"","meta":{"footnotes":""},"class_list":["post-24","page","type-page","status-publish","hentry"],"yoast_head":"<!-- This site is optimized with the Yoast SEO plugin v27.4 - https:\/\/yoast.com\/product\/yoast-seo-wordpress\/ -->\n<title>Formation - Paris La D\u00e9fense<\/title>\n<meta name=\"robots\" content=\"index, follow, max-snippet:-1, max-image-preview:large, max-video-preview:-1\" \/>\n<link rel=\"canonical\" href=\"https:\/\/fast-track.epsi-wis.ovh\/anihouvi\/formation-digitale-en-alternance-avec-wis-paris-la-defense\/\" \/>\n<meta property=\"og:locale\" content=\"fr_FR\" \/>\n<meta property=\"og:type\" content=\"article\" \/>\n<meta property=\"og:title\" content=\"Formation - Paris La D\u00e9fense\" \/>\n<meta property=\"og:description\" content=\"Formation digitale en alternance avec WIS EPSI, une \u00e9cole digitale pour se former en alternance Se former en alternance au Digital avec les \u00e9coles EPSI-WIS\u00a0 L\u2019\u00c9cole Digitale de Formation est une structure innovante d\u00e9di\u00e9e \u00e0 l\u2019enseignement des comp\u00e9tences num\u00e9riques les plus recherch\u00e9es sur le march\u00e9. Que vous soyez \u00e9tudiant, salari\u00e9 en reconversion ou entrepreneur, nos [&hellip;]\" \/>\n<meta property=\"og:url\" content=\"https:\/\/fast-track.epsi-wis.ovh\/anihouvi\/formation-digitale-en-alternance-avec-wis-paris-la-defense\/\" \/>\n<meta property=\"og:site_name\" content=\"SISTER-IGTH\" \/>\n<meta property=\"article:modified_time\" content=\"2025-06-19T10:19:31+00:00\" \/>\n<meta property=\"og:image\" content=\"https:\/\/fast-track.epsi-wis.ovh\/anihouvi\/wp-content\/uploads\/2025\/05\/Formation-Digitale-Alternance-etudiants-2.jpg\" \/>\n\t<meta property=\"og:image:width\" content=\"903\" \/>\n\t<meta property=\"og:image:height\" content=\"478\" \/>\n\t<meta property=\"og:image:type\" content=\"image\/jpeg\" \/>\n<meta name=\"twitter:card\" content=\"summary_large_image\" \/>\n<meta name=\"twitter:label1\" content=\"Dur\u00e9e de lecture estim\u00e9e\" \/>\n\t<meta name=\"twitter:data1\" content=\"1 minute\" \/>\n<script type=\"application\/ld+json\" class=\"yoast-schema-graph\">{\"@context\":\"https:\\\/\\\/schema.org\",\"@graph\":[{\"@type\":\"WebPage\",\"@id\":\"https:\\\/\\\/fast-track.epsi-wis.ovh\\\/anihouvi\\\/formation-digitale-en-alternance-avec-wis-paris-la-defense\\\/\",\"url\":\"https:\\\/\\\/fast-track.epsi-wis.ovh\\\/anihouvi\\\/formation-digitale-en-alternance-avec-wis-paris-la-defense\\\/\",\"name\":\"Formation - Paris La D\u00e9fense\",\"isPartOf\":{\"@id\":\"https:\\\/\\\/fast-track.epsi-wis.ovh\\\/anihouvi\\\/#website\"},\"primaryImageOfPage\":{\"@id\":\"https:\\\/\\\/fast-track.epsi-wis.ovh\\\/anihouvi\\\/formation-digitale-en-alternance-avec-wis-paris-la-defense\\\/#primaryimage\"},\"image\":{\"@id\":\"https:\\\/\\\/fast-track.epsi-wis.ovh\\\/anihouvi\\\/formation-digitale-en-alternance-avec-wis-paris-la-defense\\\/#primaryimage\"},\"thumbnailUrl\":\"https:\\\/\\\/fast-track.epsi-wis.ovh\\\/anihouvi\\\/wp-content\\\/uploads\\\/2025\\\/05\\\/Formation-Digitale-Alternance-etudiants-2-567x300.jpg\",\"datePublished\":\"2025-04-23T15:57:00+00:00\",\"dateModified\":\"2025-06-19T10:19:31+00:00\",\"breadcrumb\":{\"@id\":\"https:\\\/\\\/fast-track.epsi-wis.ovh\\\/anihouvi\\\/formation-digitale-en-alternance-avec-wis-paris-la-defense\\\/#breadcrumb\"},\"inLanguage\":\"fr-FR\",\"potentialAction\":[{\"@type\":\"ReadAction\",\"target\":[\"https:\\\/\\\/fast-track.epsi-wis.ovh\\\/anihouvi\\\/formation-digitale-en-alternance-avec-wis-paris-la-defense\\\/\"]}]},{\"@type\":\"ImageObject\",\"inLanguage\":\"fr-FR\",\"@id\":\"https:\\\/\\\/fast-track.epsi-wis.ovh\\\/anihouvi\\\/formation-digitale-en-alternance-avec-wis-paris-la-defense\\\/#primaryimage\",\"url\":\"https:\\\/\\\/fast-track.epsi-wis.ovh\\\/anihouvi\\\/wp-content\\\/uploads\\\/2025\\\/05\\\/Formation-Digitale-Alternance-etudiants-2.jpg\",\"contentUrl\":\"https:\\\/\\\/fast-track.epsi-wis.ovh\\\/anihouvi\\\/wp-content\\\/uploads\\\/2025\\\/05\\\/Formation-Digitale-Alternance-etudiants-2.jpg\",\"width\":903,\"height\":478,\"caption\":\"Etudiants \u00e0 l'\u00e9cole digitale EPSI WIS Paris La D\u00e9fense\"},{\"@type\":\"BreadcrumbList\",\"@id\":\"https:\\\/\\\/fast-track.epsi-wis.ovh\\\/anihouvi\\\/formation-digitale-en-alternance-avec-wis-paris-la-defense\\\/#breadcrumb\",\"itemListElement\":[{\"@type\":\"ListItem\",\"position\":1,\"name\":\"Accueil\",\"item\":\"https:\\\/\\\/fast-track.epsi-wis.ovh\\\/anihouvi\\\/\"},{\"@type\":\"ListItem\",\"position\":2,\"name\":\"Formation\"}]},{\"@type\":\"WebSite\",\"@id\":\"https:\\\/\\\/fast-track.epsi-wis.ovh\\\/anihouvi\\\/#website\",\"url\":\"https:\\\/\\\/fast-track.epsi-wis.ovh\\\/anihouvi\\\/\",\"name\":\"SISTER-IGTH\",\"description\":\"\",\"publisher\":{\"@id\":\"https:\\\/\\\/fast-track.epsi-wis.ovh\\\/anihouvi\\\/#organization\"},\"potentialAction\":[{\"@type\":\"SearchAction\",\"target\":{\"@type\":\"EntryPoint\",\"urlTemplate\":\"https:\\\/\\\/fast-track.epsi-wis.ovh\\\/anihouvi\\\/?s={search_term_string}\"},\"query-input\":{\"@type\":\"PropertyValueSpecification\",\"valueRequired\":true,\"valueName\":\"search_term_string\"}}],\"inLanguage\":\"fr-FR\"},{\"@type\":\"Organization\",\"@id\":\"https:\\\/\\\/fast-track.epsi-wis.ovh\\\/anihouvi\\\/#organization\",\"name\":\"SISTER-IGTH\",\"url\":\"https:\\\/\\\/fast-track.epsi-wis.ovh\\\/anihouvi\\\/\",\"logo\":{\"@type\":\"ImageObject\",\"inLanguage\":\"fr-FR\",\"@id\":\"https:\\\/\\\/fast-track.epsi-wis.ovh\\\/anihouvi\\\/#\\\/schema\\\/logo\\\/image\\\/\",\"url\":\"https:\\\/\\\/fast-track.epsi-wis.ovh\\\/anihouvi\\\/wp-content\\\/uploads\\\/2025\\\/05\\\/logo-epsi-scaled.png\",\"contentUrl\":\"https:\\\/\\\/fast-track.epsi-wis.ovh\\\/anihouvi\\\/wp-content\\\/uploads\\\/2025\\\/05\\\/logo-epsi-scaled.png\",\"width\":2560,\"height\":1469,\"caption\":\"SISTER-IGTH\"},\"image\":{\"@id\":\"https:\\\/\\\/fast-track.epsi-wis.ovh\\\/anihouvi\\\/#\\\/schema\\\/logo\\\/image\\\/\"}}]}<\/script>\n<!-- \/ Yoast SEO plugin. -->","yoast_head_json":{"title":"Formation - Paris La D\u00e9fense","robots":{"index":"index","follow":"follow","max-snippet":"max-snippet:-1","max-image-preview":"max-image-preview:large","max-video-preview":"max-video-preview:-1"},"canonical":"https:\/\/fast-track.epsi-wis.ovh\/anihouvi\/formation-digitale-en-alternance-avec-wis-paris-la-defense\/","og_locale":"fr_FR","og_type":"article","og_title":"Formation - Paris La D\u00e9fense","og_description":"Formation digitale en alternance avec WIS EPSI, une \u00e9cole digitale pour se former en alternance Se former en alternance au Digital avec les \u00e9coles EPSI-WIS\u00a0 L\u2019\u00c9cole Digitale de Formation est une structure innovante d\u00e9di\u00e9e \u00e0 l\u2019enseignement des comp\u00e9tences num\u00e9riques les plus recherch\u00e9es sur le march\u00e9. Que vous soyez \u00e9tudiant, salari\u00e9 en reconversion ou entrepreneur, nos [&hellip;]","og_url":"https:\/\/fast-track.epsi-wis.ovh\/anihouvi\/formation-digitale-en-alternance-avec-wis-paris-la-defense\/","og_site_name":"SISTER-IGTH","article_modified_time":"2025-06-19T10:19:31+00:00","og_image":[{"width":903,"height":478,"url":"https:\/\/fast-track.epsi-wis.ovh\/anihouvi\/wp-content\/uploads\/2025\/05\/Formation-Digitale-Alternance-etudiants-2.jpg","type":"image\/jpeg"}],"twitter_card":"summary_large_image","twitter_misc":{"Dur\u00e9e de lecture estim\u00e9e":"1 minute"},"schema":{"@context":"https:\/\/schema.org","@graph":[{"@type":"WebPage","@id":"https:\/\/fast-track.epsi-wis.ovh\/anihouvi\/formation-digitale-en-alternance-avec-wis-paris-la-defense\/","url":"https:\/\/fast-track.epsi-wis.ovh\/anihouvi\/formation-digitale-en-alternance-avec-wis-paris-la-defense\/","name":"Formation - Paris La D\u00e9fense","isPartOf":{"@id":"https:\/\/fast-track.epsi-wis.ovh\/anihouvi\/#website"},"primaryImageOfPage":{"@id":"https:\/\/fast-track.epsi-wis.ovh\/anihouvi\/formation-digitale-en-alternance-avec-wis-paris-la-defense\/#primaryimage"},"image":{"@id":"https:\/\/fast-track.epsi-wis.ovh\/anihouvi\/formation-digitale-en-alternance-avec-wis-paris-la-defense\/#primaryimage"},"thumbnailUrl":"https:\/\/fast-track.epsi-wis.ovh\/anihouvi\/wp-content\/uploads\/2025\/05\/Formation-Digitale-Alternance-etudiants-2-567x300.jpg","datePublished":"2025-04-23T15:57:00+00:00","dateModified":"2025-06-19T10:19:31+00:00","breadcrumb":{"@id":"https:\/\/fast-track.epsi-wis.ovh\/anihouvi\/formation-digitale-en-alternance-avec-wis-paris-la-defense\/#breadcrumb"},"inLanguage":"fr-FR","potentialAction":[{"@type":"ReadAction","target":["https:\/\/fast-track.epsi-wis.ovh\/anihouvi\/formation-digitale-en-alternance-avec-wis-paris-la-defense\/"]}]},{"@type":"ImageObject","inLanguage":"fr-FR","@id":"https:\/\/fast-track.epsi-wis.ovh\/anihouvi\/formation-digitale-en-alternance-avec-wis-paris-la-defense\/#primaryimage","url":"https:\/\/fast-track.epsi-wis.ovh\/anihouvi\/wp-content\/uploads\/2025\/05\/Formation-Digitale-Alternance-etudiants-2.jpg","contentUrl":"https:\/\/fast-track.epsi-wis.ovh\/anihouvi\/wp-content\/uploads\/2025\/05\/Formation-Digitale-Alternance-etudiants-2.jpg","width":903,"height":478,"caption":"Etudiants \u00e0 l'\u00e9cole digitale EPSI WIS Paris La D\u00e9fense"},{"@type":"BreadcrumbList","@id":"https:\/\/fast-track.epsi-wis.ovh\/anihouvi\/formation-digitale-en-alternance-avec-wis-paris-la-defense\/#breadcrumb","itemListElement":[{"@type":"ListItem","position":1,"name":"Accueil","item":"https:\/\/fast-track.epsi-wis.ovh\/anihouvi\/"},{"@type":"ListItem","position":2,"name":"Formation"}]},{"@type":"WebSite","@id":"https:\/\/fast-track.epsi-wis.ovh\/anihouvi\/#website","url":"https:\/\/fast-track.epsi-wis.ovh\/anihouvi\/","name":"SISTER-IGTH","description":"","publisher":{"@id":"https:\/\/fast-track.epsi-wis.ovh\/anihouvi\/#organization"},"potentialAction":[{"@type":"SearchAction","target":{"@type":"EntryPoint","urlTemplate":"https:\/\/fast-track.epsi-wis.ovh\/anihouvi\/?s={search_term_string}"},"query-input":{"@type":"PropertyValueSpecification","valueRequired":true,"valueName":"search_term_string"}}],"inLanguage":"fr-FR"},{"@type":"Organization","@id":"https:\/\/fast-track.epsi-wis.ovh\/anihouvi\/#organization","name":"SISTER-IGTH","url":"https:\/\/fast-track.epsi-wis.ovh\/anihouvi\/","logo":{"@type":"ImageObject","inLanguage":"fr-FR","@id":"https:\/\/fast-track.epsi-wis.ovh\/anihouvi\/#\/schema\/logo\/image\/","url":"https:\/\/fast-track.epsi-wis.ovh\/anihouvi\/wp-content\/uploads\/2025\/05\/logo-epsi-scaled.png","contentUrl":"https:\/\/fast-track.epsi-wis.ovh\/anihouvi\/wp-content\/uploads\/2025\/05\/logo-epsi-scaled.png","width":2560,"height":1469,"caption":"SISTER-IGTH"},"image":{"@id":"https:\/\/fast-track.epsi-wis.ovh\/anihouvi\/#\/schema\/logo\/image\/"}}]}},"_links":{"self":[{"href":"https:\/\/fast-track.epsi-wis.ovh\/anihouvi\/wp-json\/wp\/v2\/pages\/24","targetHints":{"allow":["GET"]}}],"collection":[{"href":"https:\/\/fast-track.epsi-wis.ovh\/anihouvi\/wp-json\/wp\/v2\/pages"}],"about":[{"href":"https:\/\/fast-track.epsi-wis.ovh\/anihouvi\/wp-json\/wp\/v2\/types\/page"}],"author":[{"embeddable":true,"href":"https:\/\/fast-track.epsi-wis.ovh\/anihouvi\/wp-json\/wp\/v2\/users\/1"}],"replies":[{"embeddable":true,"href":"https:\/\/fast-track.epsi-wis.ovh\/anihouvi\/wp-json\/wp\/v2\/comments?post=24"}],"version-history":[{"count":10,"href":"https:\/\/fast-track.epsi-wis.ovh\/anihouvi\/wp-json\/wp\/v2\/pages\/24\/revisions"}],"predecessor-version":[{"id":232,"href":"https:\/\/fast-track.epsi-wis.ovh\/anihouvi\/wp-json\/wp\/v2\/pages\/24\/revisions\/232"}],"wp:attachment":[{"href":"https:\/\/fast-track.epsi-wis.ovh\/anihouvi\/wp-json\/wp\/v2\/media?parent=24"}],"curies":[{"name":"wp","href":"https:\/\/api.w.org\/{rel}","templated":true}]}}