{"id":8,"date":"2025-04-09T12:25:09","date_gmt":"2025-04-09T10:25:09","guid":{"rendered":"https:\/\/fast-track.epsi-wis.ovh\/chedi\/?page_id=8"},"modified":"2025-05-25T04:27:06","modified_gmt":"2025-05-25T02:27:06","slug":"acceuil","status":"publish","type":"page","link":"https:\/\/fast-track.epsi-wis.ovh\/chedi\/","title":{"rendered":"acceuil"},"content":{"rendered":"\n<header class=\"site-header\">\n  <div class=\"container\">\n    <a href=\"\/\" class=\"logo\"> <img decoding=\"async\" src=\"onyx1\" alt=\"Entretien de jardin professionnel\"><\/a>\n    <nav class=\"site-nav\">\n      <ul>\n        <li><a href=\"https:\/\/fast-track.epsi-wis.ovh\/chedi\/entretien-jardin-professionnel\/\">Entretien<\/a><\/li>\n        <li><a href=\"https:\/\/fast-track.epsi-wis.ovh\/chedi\/creation-de-jardin-paysager\/\">Cr\u00e9ation<\/a><\/li>\n        <li><a href=\"https:\/\/fast-track.epsi-wis.ovh\/chedi\/elagage-arbre-securise\/\">\u00c9lagage<\/a><\/li>\n        <li><a href=\"https:\/\/fast-track.epsi-wis.ovh\/chedi\/contact-2\/\" class=\"btn-contact\">Contact<\/a><\/li>\n      <\/ul>\n    <\/nav>\n  <\/div>\n<\/header>\n\n<section class=\"hero\">\n  <div class=\"container hero-content\">\n    <h1>Onyx Espaces Verts<\/h1>\n    <p>Entretien, cr\u00e9ation et \u00e9lagage de vos espaces verts<\/p>\n  <\/div>\n<\/section>\n\n<section class=\"presentation container\">\n  <p>\n    Depuis plus de 15 ans, Onyx Espaces Verts accompagne particuliers, entreprises et collectivit\u00e9s dans l\u2019entretien et l\u2019am\u00e9nagement de leurs espaces verts. De la tonte de pelouse \u00e0 la cr\u00e9ation de jardins sur-mesure, nos \u00e9quipes de professionnels paysagistes vous garantissent un service de qualit\u00e9, respectueux de l\u2019environnement.\n  <\/p><br>\n<img decoding=\"async\" src=\"desc\" alt=\"description\" id=\"desc\">\n<\/section>\n\n<section class=\"services container\">\n  <h2>Nos services principaux<\/h2>\n  <div class=\"services-list\">\n    <article class=\"service-card\">\n      <img decoding=\"async\" src=\"entretien\" alt=\"Entretien de jardin professionnel\">\n      <h3>Entretien de jardin<\/h3>\n      <a href=\"https:\/\/fast-track.epsi-wis.ovh\/chedi\/entretien-jardin-professionnel\/\" class=\"btn\">D\u00e9couvrir<\/a>\n    <\/article>\n\n    <article class=\"service-card\">\n      <img decoding=\"async\" src=\"creation\" alt=\"Cr\u00e9ation de jardin paysager\">\n      <h3>Cr\u00e9ation paysag\u00e8re<\/h3>\n      <a href=\"https:\/\/fast-track.epsi-wis.ovh\/chedi\/creation-de-jardin-paysager\/\" class=\"btn\">En savoir plus<\/a>\n    <\/article>\n\n    <article class=\"service-card\">\n      <img decoding=\"async\" src=\"elagage\" alt=\"\u00c9lagage d\u2019arbres s\u00e9curis\u00e9\">\n      <h3>\u00c9lagage d\u2019arbres<\/h3>\n      <a href=\"https:\/\/fast-track.epsi-wis.ovh\/chedi\/elagage-arbre-securise\/\" class=\"btn\">Voir le service<\/a>\n    <\/article>\n  <\/div>\n<\/section>\n\n<section class=\"cta container\">\n  <h2>Vous avez un projet ?<\/h2>\n  <p>N\u2019h\u00e9sitez pas \u00e0 nous contacter pour un devis ou des questions.<\/p>\n  <a href=\"\/formulaire\" class=\"btn btn-primary\">Remplir le formulaire<\/a>\n<\/section>\n\n<footer class=\"site-footer\">\n  <div class=\"container\">\n    <p>\u00a9 2025 \u2013 Onyx Espaces Verts | Site r\u00e9alis\u00e9 dans le cadre d\u2019un projet \u00e9tudiant<\/p>\n  <\/div>\n<\/footer>\n","protected":false},"excerpt":{"rendered":"<p>Entretien Cr\u00e9ation \u00c9lagage Contact Onyx Espaces Verts Entretien, cr\u00e9ation et \u00e9lagage de vos espaces verts Depuis plus de 15 ans, Onyx Espaces Verts accompagne particuliers, entreprises et collectivit\u00e9s dans l\u2019entretien et l\u2019am\u00e9nagement de leurs espaces verts. De la tonte de pelouse \u00e0 la cr\u00e9ation de jardins sur-mesure, nos \u00e9quipes de professionnels paysagistes vous garantissent un [&hellip;]<\/p>\n","protected":false},"author":1,"featured_media":0,"parent":0,"menu_order":0,"comment_status":"closed","ping_status":"closed","template":"","meta":{"footnotes":""},"class_list":["post-8","page","type-page","status-publish","hentry"],"yoast_head":"<!-- This site is optimized with the Yoast SEO plugin v25.3.1 - https:\/\/yoast.com\/wordpress\/plugins\/seo\/ -->\n<title>acceuil - chedi_jaballi<\/title>\n<meta name=\"robots\" content=\"index, follow, max-snippet:-1, max-image-preview:large, max-video-preview:-1\" \/>\n<link rel=\"canonical\" href=\"https:\/\/fast-track.epsi-wis.ovh\/chedi\/\" \/>\n<meta property=\"og:locale\" content=\"fr_FR\" \/>\n<meta property=\"og:type\" content=\"article\" \/>\n<meta property=\"og:title\" content=\"acceuil - chedi_jaballi\" \/>\n<meta property=\"og:description\" content=\"Entretien Cr\u00e9ation \u00c9lagage Contact Onyx Espaces Verts Entretien, cr\u00e9ation et \u00e9lagage de vos espaces verts Depuis plus de 15 ans, Onyx Espaces Verts accompagne particuliers, entreprises et collectivit\u00e9s dans l\u2019entretien et l\u2019am\u00e9nagement de leurs espaces verts. De la tonte de pelouse \u00e0 la cr\u00e9ation de jardins sur-mesure, nos \u00e9quipes de professionnels paysagistes vous garantissent un [&hellip;]\" \/>\n<meta property=\"og:url\" content=\"https:\/\/fast-track.epsi-wis.ovh\/chedi\/\" \/>\n<meta property=\"og:site_name\" content=\"chedi_jaballi\" \/>\n<meta property=\"article:modified_time\" content=\"2025-05-25T02:27:06+00:00\" \/>\n<meta name=\"twitter:card\" content=\"summary_large_image\" \/>\n<script type=\"application\/ld+json\" class=\"yoast-schema-graph\">{\"@context\":\"https:\/\/schema.org\",\"@graph\":[{\"@type\":\"WebPage\",\"@id\":\"https:\/\/fast-track.epsi-wis.ovh\/chedi\/\",\"url\":\"https:\/\/fast-track.epsi-wis.ovh\/chedi\/\",\"name\":\"acceuil - chedi_jaballi\",\"isPartOf\":{\"@id\":\"https:\/\/fast-track.epsi-wis.ovh\/chedi\/#website\"},\"datePublished\":\"2025-04-09T10:25:09+00:00\",\"dateModified\":\"2025-05-25T02:27:06+00:00\",\"breadcrumb\":{\"@id\":\"https:\/\/fast-track.epsi-wis.ovh\/chedi\/#breadcrumb\"},\"inLanguage\":\"fr-FR\",\"potentialAction\":[{\"@type\":\"ReadAction\",\"target\":[\"https:\/\/fast-track.epsi-wis.ovh\/chedi\/\"]}]},{\"@type\":\"BreadcrumbList\",\"@id\":\"https:\/\/fast-track.epsi-wis.ovh\/chedi\/#breadcrumb\",\"itemListElement\":[{\"@type\":\"ListItem\",\"position\":1,\"name\":\"Accueil\",\"item\":\"https:\/\/fast-track.epsi-wis.ovh\/chedi\/\"},{\"@type\":\"ListItem\",\"position\":2,\"name\":\"acceuil\"}]},{\"@type\":\"WebSite\",\"@id\":\"https:\/\/fast-track.epsi-wis.ovh\/chedi\/#website\",\"url\":\"https:\/\/fast-track.epsi-wis.ovh\/chedi\/\",\"name\":\"chedi_jaballi\",\"description\":\"\u00e9lagage\",\"publisher\":{\"@id\":\"https:\/\/fast-track.epsi-wis.ovh\/chedi\/#organization\"},\"potentialAction\":[{\"@type\":\"SearchAction\",\"target\":{\"@type\":\"EntryPoint\",\"urlTemplate\":\"https:\/\/fast-track.epsi-wis.ovh\/chedi\/?s={search_term_string}\"},\"query-input\":{\"@type\":\"PropertyValueSpecification\",\"valueRequired\":true,\"valueName\":\"search_term_string\"}}],\"inLanguage\":\"fr-FR\"},{\"@type\":\"Organization\",\"@id\":\"https:\/\/fast-track.epsi-wis.ovh\/chedi\/#organization\",\"name\":\"chedi_jaballi\",\"url\":\"https:\/\/fast-track.epsi-wis.ovh\/chedi\/\",\"logo\":{\"@type\":\"ImageObject\",\"inLanguage\":\"fr-FR\",\"@id\":\"https:\/\/fast-track.epsi-wis.ovh\/chedi\/#\/schema\/logo\/image\/\",\"url\":\"https:\/\/fast-track.epsi-wis.ovh\/chedi\/wp-content\/uploads\/2025\/05\/epsi-2.png\",\"contentUrl\":\"https:\/\/fast-track.epsi-wis.ovh\/chedi\/wp-content\/uploads\/2025\/05\/epsi-2.png\",\"width\":245,\"height\":206,\"caption\":\"chedi_jaballi\"},\"image\":{\"@id\":\"https:\/\/fast-track.epsi-wis.ovh\/chedi\/#\/schema\/logo\/image\/\"}}]}<\/script>\n<!-- \/ Yoast SEO plugin. -->","yoast_head_json":{"title":"acceuil - chedi_jaballi","robots":{"index":"index","follow":"follow","max-snippet":"max-snippet:-1","max-image-preview":"max-image-preview:large","max-video-preview":"max-video-preview:-1"},"canonical":"https:\/\/fast-track.epsi-wis.ovh\/chedi\/","og_locale":"fr_FR","og_type":"article","og_title":"acceuil - chedi_jaballi","og_description":"Entretien Cr\u00e9ation \u00c9lagage Contact Onyx Espaces Verts Entretien, cr\u00e9ation et \u00e9lagage de vos espaces verts Depuis plus de 15 ans, Onyx Espaces Verts accompagne particuliers, entreprises et collectivit\u00e9s dans l\u2019entretien et l\u2019am\u00e9nagement de leurs espaces verts. De la tonte de pelouse \u00e0 la cr\u00e9ation de jardins sur-mesure, nos \u00e9quipes de professionnels paysagistes vous garantissent un [&hellip;]","og_url":"https:\/\/fast-track.epsi-wis.ovh\/chedi\/","og_site_name":"chedi_jaballi","article_modified_time":"2025-05-25T02:27:06+00:00","twitter_card":"summary_large_image","schema":{"@context":"https:\/\/schema.org","@graph":[{"@type":"WebPage","@id":"https:\/\/fast-track.epsi-wis.ovh\/chedi\/","url":"https:\/\/fast-track.epsi-wis.ovh\/chedi\/","name":"acceuil - chedi_jaballi","isPartOf":{"@id":"https:\/\/fast-track.epsi-wis.ovh\/chedi\/#website"},"datePublished":"2025-04-09T10:25:09+00:00","dateModified":"2025-05-25T02:27:06+00:00","breadcrumb":{"@id":"https:\/\/fast-track.epsi-wis.ovh\/chedi\/#breadcrumb"},"inLanguage":"fr-FR","potentialAction":[{"@type":"ReadAction","target":["https:\/\/fast-track.epsi-wis.ovh\/chedi\/"]}]},{"@type":"BreadcrumbList","@id":"https:\/\/fast-track.epsi-wis.ovh\/chedi\/#breadcrumb","itemListElement":[{"@type":"ListItem","position":1,"name":"Accueil","item":"https:\/\/fast-track.epsi-wis.ovh\/chedi\/"},{"@type":"ListItem","position":2,"name":"acceuil"}]},{"@type":"WebSite","@id":"https:\/\/fast-track.epsi-wis.ovh\/chedi\/#website","url":"https:\/\/fast-track.epsi-wis.ovh\/chedi\/","name":"chedi_jaballi","description":"\u00e9lagage","publisher":{"@id":"https:\/\/fast-track.epsi-wis.ovh\/chedi\/#organization"},"potentialAction":[{"@type":"SearchAction","target":{"@type":"EntryPoint","urlTemplate":"https:\/\/fast-track.epsi-wis.ovh\/chedi\/?s={search_term_string}"},"query-input":{"@type":"PropertyValueSpecification","valueRequired":true,"valueName":"search_term_string"}}],"inLanguage":"fr-FR"},{"@type":"Organization","@id":"https:\/\/fast-track.epsi-wis.ovh\/chedi\/#organization","name":"chedi_jaballi","url":"https:\/\/fast-track.epsi-wis.ovh\/chedi\/","logo":{"@type":"ImageObject","inLanguage":"fr-FR","@id":"https:\/\/fast-track.epsi-wis.ovh\/chedi\/#\/schema\/logo\/image\/","url":"https:\/\/fast-track.epsi-wis.ovh\/chedi\/wp-content\/uploads\/2025\/05\/epsi-2.png","contentUrl":"https:\/\/fast-track.epsi-wis.ovh\/chedi\/wp-content\/uploads\/2025\/05\/epsi-2.png","width":245,"height":206,"caption":"chedi_jaballi"},"image":{"@id":"https:\/\/fast-track.epsi-wis.ovh\/chedi\/#\/schema\/logo\/image\/"}}]}},"_links":{"self":[{"href":"https:\/\/fast-track.epsi-wis.ovh\/chedi\/wp-json\/wp\/v2\/pages\/8","targetHints":{"allow":["GET"]}}],"collection":[{"href":"https:\/\/fast-track.epsi-wis.ovh\/chedi\/wp-json\/wp\/v2\/pages"}],"about":[{"href":"https:\/\/fast-track.epsi-wis.ovh\/chedi\/wp-json\/wp\/v2\/types\/page"}],"author":[{"embeddable":true,"href":"https:\/\/fast-track.epsi-wis.ovh\/chedi\/wp-json\/wp\/v2\/users\/1"}],"replies":[{"embeddable":true,"href":"https:\/\/fast-track.epsi-wis.ovh\/chedi\/wp-json\/wp\/v2\/comments?post=8"}],"version-history":[{"count":32,"href":"https:\/\/fast-track.epsi-wis.ovh\/chedi\/wp-json\/wp\/v2\/pages\/8\/revisions"}],"predecessor-version":[{"id":159,"href":"https:\/\/fast-track.epsi-wis.ovh\/chedi\/wp-json\/wp\/v2\/pages\/8\/revisions\/159"}],"wp:attachment":[{"href":"https:\/\/fast-track.epsi-wis.ovh\/chedi\/wp-json\/wp\/v2\/media?parent=8"}],"curies":[{"name":"wp","href":"https:\/\/api.w.org\/{rel}","templated":true}]}}