{"id":10,"date":"2025-04-09T12:24:47","date_gmt":"2025-04-09T10:24:47","guid":{"rendered":"https:\/\/fast-track.epsi-wis.ovh\/fady\/?page_id=10"},"modified":"2025-05-16T20:15:59","modified_gmt":"2025-05-16T18:15:59","slug":"accueille","status":"publish","type":"page","link":"https:\/\/fast-track.epsi-wis.ovh\/fady\/","title":{"rendered":"Accueil"},"content":{"rendered":"<div style=\"margin: 2rem 0px; display: flex; flex-direction: column; gap: 1rem; align-items: center; text-align: center;\"><a style=\"background-color: #4a7c59; color: white; padding: 12px 24px; text-decoration: none; border-radius: 6px; font-weight: 600; width: 250px; align-items: flex-start;\" href=\"https:\/\/fast-track.epsi-wis.ovh\/fady\/prestataire-entretien-espaces-verts\/\">Prestataire entretien espaces verts<\/a> <a style=\"background-color: #386641; color: white; padding: 12px 24px; text-decoration: none; border-radius: 6px; font-weight: 600; width: 250px; text-align: center;\" href=\"https:\/\/fast-track.epsi-wis.ovh\/fady\/entreprise-damenagement-exterieur-professionnel\/\">Entreprise Am\u00e9nagement Ext\u00e9rieur<\/a> <a style=\"background-color: #a8d5ba; color: #2f4f4f; padding: 12px 24px; text-decoration: none; border-radius: 6px; font-weight: 600; width: 250px; text-align: center;\" href=\"https:\/\/fast-track.epsi-wis.ovh\/fady\/elagage-arbre-avec-nacelle\/\">\u00c9lagage arbre avec nacelle<\/a> <a style=\"background-color: #7f9a65; color: white; padding: 12px 24px; text-decoration: none; border-radius: 6px; font-weight: 600; width: 250px; text-align: center;\" href=\"https:\/\/fast-track.epsi-wis.ovh\/fady\/contact-epsi-wis-paris-la-defence-courbevoie\/\">Contact<\/a><\/div>\n\n\n<p><\/p>\n","protected":false},"excerpt":{"rendered":"<p>Prestataire entretien espaces verts Entreprise Am\u00e9nagement Ext\u00e9rieur \u00c9lagage arbre avec nacelle Contact<\/p>\n","protected":false},"author":1,"featured_media":0,"parent":0,"menu_order":0,"comment_status":"closed","ping_status":"closed","template":"","meta":{"footnotes":""},"class_list":["post-10","page","type-page","status-publish","hentry"],"yoast_head":"<!-- This site is optimized with the Yoast SEO plugin v27.4 - https:\/\/yoast.com\/product\/yoast-seo-wordpress\/ -->\n<title>Accueil - Group FLF<\/title>\n<meta name=\"robots\" content=\"index, follow, max-snippet:-1, max-image-preview:large, max-video-preview:-1\" \/>\n<link rel=\"canonical\" href=\"https:\/\/fast-track.epsi-wis.ovh\/fady\/\" \/>\n<meta property=\"og:locale\" content=\"fr_FR\" \/>\n<meta property=\"og:type\" content=\"article\" \/>\n<meta property=\"og:title\" content=\"Accueil - Group FLF\" \/>\n<meta property=\"og:description\" content=\"Prestataire entretien espaces verts Entreprise Am\u00e9nagement Ext\u00e9rieur \u00c9lagage arbre avec nacelle Contact\" \/>\n<meta property=\"og:url\" content=\"https:\/\/fast-track.epsi-wis.ovh\/fady\/\" \/>\n<meta property=\"og:site_name\" content=\"Group FLF\" \/>\n<meta property=\"article:modified_time\" content=\"2025-05-16T18:15:59+00:00\" \/>\n<meta name=\"twitter:card\" content=\"summary_large_image\" \/>\n<meta name=\"twitter:label1\" content=\"Dur\u00e9e de lecture estim\u00e9e\" \/>\n\t<meta name=\"twitter:data1\" content=\"1 minute\" \/>\n<script type=\"application\/ld+json\" class=\"yoast-schema-graph\">{\"@context\":\"https:\\\/\\\/schema.org\",\"@graph\":[{\"@type\":\"WebPage\",\"@id\":\"https:\\\/\\\/fast-track.epsi-wis.ovh\\\/fady\\\/\",\"url\":\"https:\\\/\\\/fast-track.epsi-wis.ovh\\\/fady\\\/\",\"name\":\"Accueil - Group FLF\",\"isPartOf\":{\"@id\":\"https:\\\/\\\/fast-track.epsi-wis.ovh\\\/fady\\\/#website\"},\"datePublished\":\"2025-04-09T10:24:47+00:00\",\"dateModified\":\"2025-05-16T18:15:59+00:00\",\"breadcrumb\":{\"@id\":\"https:\\\/\\\/fast-track.epsi-wis.ovh\\\/fady\\\/#breadcrumb\"},\"inLanguage\":\"fr-FR\",\"potentialAction\":[{\"@type\":\"ReadAction\",\"target\":[\"https:\\\/\\\/fast-track.epsi-wis.ovh\\\/fady\\\/\"]}]},{\"@type\":\"BreadcrumbList\",\"@id\":\"https:\\\/\\\/fast-track.epsi-wis.ovh\\\/fady\\\/#breadcrumb\",\"itemListElement\":[{\"@type\":\"ListItem\",\"position\":1,\"name\":\"Accueil\",\"item\":\"https:\\\/\\\/fast-track.epsi-wis.ovh\\\/fady\\\/\"},{\"@type\":\"ListItem\",\"position\":2,\"name\":\"Accueil\"}]},{\"@type\":\"WebSite\",\"@id\":\"https:\\\/\\\/fast-track.epsi-wis.ovh\\\/fady\\\/#website\",\"url\":\"https:\\\/\\\/fast-track.epsi-wis.ovh\\\/fady\\\/\",\"name\":\"Group FLF\",\"description\":\"\",\"publisher\":{\"@id\":\"https:\\\/\\\/fast-track.epsi-wis.ovh\\\/fady\\\/#organization\"},\"potentialAction\":[{\"@type\":\"SearchAction\",\"target\":{\"@type\":\"EntryPoint\",\"urlTemplate\":\"https:\\\/\\\/fast-track.epsi-wis.ovh\\\/fady\\\/?s={search_term_string}\"},\"query-input\":{\"@type\":\"PropertyValueSpecification\",\"valueRequired\":true,\"valueName\":\"search_term_string\"}}],\"inLanguage\":\"fr-FR\"},{\"@type\":\"Organization\",\"@id\":\"https:\\\/\\\/fast-track.epsi-wis.ovh\\\/fady\\\/#organization\",\"name\":\"Group FLF\",\"url\":\"https:\\\/\\\/fast-track.epsi-wis.ovh\\\/fady\\\/\",\"logo\":{\"@type\":\"ImageObject\",\"inLanguage\":\"fr-FR\",\"@id\":\"https:\\\/\\\/fast-track.epsi-wis.ovh\\\/fady\\\/#\\\/schema\\\/logo\\\/image\\\/\",\"url\":\"https:\\\/\\\/fast-track.epsi-wis.ovh\\\/fady\\\/wp-content\\\/uploads\\\/2025\\\/05\\\/logo.jpg\",\"contentUrl\":\"https:\\\/\\\/fast-track.epsi-wis.ovh\\\/fady\\\/wp-content\\\/uploads\\\/2025\\\/05\\\/logo.jpg\",\"width\":1920,\"height\":1920,\"caption\":\"Group FLF\"},\"image\":{\"@id\":\"https:\\\/\\\/fast-track.epsi-wis.ovh\\\/fady\\\/#\\\/schema\\\/logo\\\/image\\\/\"}}]}<\/script>\n<!-- \/ Yoast SEO plugin. -->","yoast_head_json":{"title":"Accueil - Group FLF","robots":{"index":"index","follow":"follow","max-snippet":"max-snippet:-1","max-image-preview":"max-image-preview:large","max-video-preview":"max-video-preview:-1"},"canonical":"https:\/\/fast-track.epsi-wis.ovh\/fady\/","og_locale":"fr_FR","og_type":"article","og_title":"Accueil - Group FLF","og_description":"Prestataire entretien espaces verts Entreprise Am\u00e9nagement Ext\u00e9rieur \u00c9lagage arbre avec nacelle Contact","og_url":"https:\/\/fast-track.epsi-wis.ovh\/fady\/","og_site_name":"Group FLF","article_modified_time":"2025-05-16T18:15:59+00:00","twitter_card":"summary_large_image","twitter_misc":{"Dur\u00e9e de lecture estim\u00e9e":"1 minute"},"schema":{"@context":"https:\/\/schema.org","@graph":[{"@type":"WebPage","@id":"https:\/\/fast-track.epsi-wis.ovh\/fady\/","url":"https:\/\/fast-track.epsi-wis.ovh\/fady\/","name":"Accueil - Group FLF","isPartOf":{"@id":"https:\/\/fast-track.epsi-wis.ovh\/fady\/#website"},"datePublished":"2025-04-09T10:24:47+00:00","dateModified":"2025-05-16T18:15:59+00:00","breadcrumb":{"@id":"https:\/\/fast-track.epsi-wis.ovh\/fady\/#breadcrumb"},"inLanguage":"fr-FR","potentialAction":[{"@type":"ReadAction","target":["https:\/\/fast-track.epsi-wis.ovh\/fady\/"]}]},{"@type":"BreadcrumbList","@id":"https:\/\/fast-track.epsi-wis.ovh\/fady\/#breadcrumb","itemListElement":[{"@type":"ListItem","position":1,"name":"Accueil","item":"https:\/\/fast-track.epsi-wis.ovh\/fady\/"},{"@type":"ListItem","position":2,"name":"Accueil"}]},{"@type":"WebSite","@id":"https:\/\/fast-track.epsi-wis.ovh\/fady\/#website","url":"https:\/\/fast-track.epsi-wis.ovh\/fady\/","name":"Group FLF","description":"","publisher":{"@id":"https:\/\/fast-track.epsi-wis.ovh\/fady\/#organization"},"potentialAction":[{"@type":"SearchAction","target":{"@type":"EntryPoint","urlTemplate":"https:\/\/fast-track.epsi-wis.ovh\/fady\/?s={search_term_string}"},"query-input":{"@type":"PropertyValueSpecification","valueRequired":true,"valueName":"search_term_string"}}],"inLanguage":"fr-FR"},{"@type":"Organization","@id":"https:\/\/fast-track.epsi-wis.ovh\/fady\/#organization","name":"Group FLF","url":"https:\/\/fast-track.epsi-wis.ovh\/fady\/","logo":{"@type":"ImageObject","inLanguage":"fr-FR","@id":"https:\/\/fast-track.epsi-wis.ovh\/fady\/#\/schema\/logo\/image\/","url":"https:\/\/fast-track.epsi-wis.ovh\/fady\/wp-content\/uploads\/2025\/05\/logo.jpg","contentUrl":"https:\/\/fast-track.epsi-wis.ovh\/fady\/wp-content\/uploads\/2025\/05\/logo.jpg","width":1920,"height":1920,"caption":"Group FLF"},"image":{"@id":"https:\/\/fast-track.epsi-wis.ovh\/fady\/#\/schema\/logo\/image\/"}}]}},"_links":{"self":[{"href":"https:\/\/fast-track.epsi-wis.ovh\/fady\/wp-json\/wp\/v2\/pages\/10","targetHints":{"allow":["GET"]}}],"collection":[{"href":"https:\/\/fast-track.epsi-wis.ovh\/fady\/wp-json\/wp\/v2\/pages"}],"about":[{"href":"https:\/\/fast-track.epsi-wis.ovh\/fady\/wp-json\/wp\/v2\/types\/page"}],"author":[{"embeddable":true,"href":"https:\/\/fast-track.epsi-wis.ovh\/fady\/wp-json\/wp\/v2\/users\/1"}],"replies":[{"embeddable":true,"href":"https:\/\/fast-track.epsi-wis.ovh\/fady\/wp-json\/wp\/v2\/comments?post=10"}],"version-history":[{"count":6,"href":"https:\/\/fast-track.epsi-wis.ovh\/fady\/wp-json\/wp\/v2\/pages\/10\/revisions"}],"predecessor-version":[{"id":136,"href":"https:\/\/fast-track.epsi-wis.ovh\/fady\/wp-json\/wp\/v2\/pages\/10\/revisions\/136"}],"wp:attachment":[{"href":"https:\/\/fast-track.epsi-wis.ovh\/fady\/wp-json\/wp\/v2\/media?parent=10"}],"curies":[{"name":"wp","href":"https:\/\/api.w.org\/{rel}","templated":true}]}}