{"id":193,"date":"2025-06-19T10:04:36","date_gmt":"2025-06-19T08:04:36","guid":{"rendered":"https:\/\/fast-track.epsi-wis.ovh\/fady\/?page_id=193"},"modified":"2025-06-19T10:42:56","modified_gmt":"2025-06-19T08:42:56","slug":"mentions-legales","status":"publish","type":"page","link":"https:\/\/fast-track.epsi-wis.ovh\/fady\/mentions-legales\/","title":{"rendered":"Mentions l\u00e9gales"},"content":{"rendered":"\n<details class=\"wp-block-details is-layout-flow wp-block-details-is-layout-flow\"><summary>Editeur<br><\/summary>\n<p>le site<a href=\" https:\/\/fast-track.epsi-wis.ovh\/fady\"> https:\/\/fast-track.epsi-wis.ovh\/fady<\/a> est \u00e9diter par la soci\u00e9t\u00e9 E-LIGNEC SARL au capital de 8000<\/p>\n<\/details>\n\n\n\n<details class=\"wp-block-details is-layout-flow wp-block-details-is-layout-flow\"><summary>Si\u00e9g\u00e9 social<\/summary>\n<p>E-LINEC   <\/p>\n\n\n\n<p>7 avenue Am\u00e9lie   <\/p>\n\n\n\n<p>92320 chatillon  <\/p>\n\n\n\n<p>E-MAIL : contact@e-linec.com <\/p>\n\n\n\n<p>T\u00e9l : 01.59.35.01.13<\/p>\n\n\n\n<p><\/p>\n\n\n\n<p><\/p>\n<\/details>\n\n\n\n<details class=\"wp-block-details is-layout-flow wp-block-details-is-layout-flow\"><summary>Mentions relatives \u00e0 la propri\u00e9t\u00e9 intellectuelle<\/summary>\n<p><\/p>\n\n\n\n<ul class=\"wp-block-list\">\n<li>les site <a href=\"https:\/\/fast-track.epsi-wis.ovh\/fady\">https:\/\/fast-track.epsi-wis.ovh\/fady<\/a>  a \u00e9t\u00e9 r\u00e9aliser par Laurent ilgart suur la base du syst\u00e8me de gestion de contenue WordPress et du th\u00e8me b5st<\/li>\n<\/ul>\n\n\n\n<ul class=\"wp-block-list\">\n<li>Textes :Laurent ilgart  <\/li>\n\n\n\n<li>images ,illustrations ,photographie : base documentaire libre de droits<\/li>\n<\/ul>\n<\/details>\n\n\n\n<details class=\"wp-block-details is-layout-flow wp-block-details-is-layout-flow\"><summary><strong>Les mentions relatives \u00e0 l\u2019h\u00e9bergement du site<\/strong><\/summary>\n<p>OVH SAS <\/p>\n\n\n\n<p>2 rue Kellement <\/p>\n\n\n\n<p>59100 Rouhain <\/p>\n\n\n\n<p>Tel: 1007 <\/p>\n\n\n\n<p><\/p>\n\n\n\n<p><\/p>\n<\/details>\n","protected":false},"excerpt":{"rendered":"","protected":false},"author":1,"featured_media":0,"parent":0,"menu_order":0,"comment_status":"closed","ping_status":"closed","template":"","meta":{"footnotes":""},"class_list":["post-193","page","type-page","status-publish","hentry"],"yoast_head":"<!-- This site is optimized with the Yoast SEO plugin v27.4 - https:\/\/yoast.com\/product\/yoast-seo-wordpress\/ -->\n<title>Mentions l\u00e9gales - Group FLF<\/title>\n<meta name=\"robots\" content=\"index, follow, max-snippet:-1, max-image-preview:large, max-video-preview:-1\" \/>\n<link rel=\"canonical\" href=\"https:\/\/fast-track.epsi-wis.ovh\/fady\/mentions-legales\/\" \/>\n<meta property=\"og:locale\" content=\"fr_FR\" \/>\n<meta property=\"og:type\" content=\"article\" \/>\n<meta property=\"og:title\" content=\"Mentions l\u00e9gales - Group FLF\" \/>\n<meta property=\"og:url\" content=\"https:\/\/fast-track.epsi-wis.ovh\/fady\/mentions-legales\/\" \/>\n<meta property=\"og:site_name\" content=\"Group FLF\" \/>\n<meta property=\"article:modified_time\" content=\"2025-06-19T08:42:56+00:00\" \/>\n<meta name=\"twitter:card\" content=\"summary_large_image\" \/>\n<meta name=\"twitter:label1\" content=\"Dur\u00e9e de lecture estim\u00e9e\" \/>\n\t<meta name=\"twitter:data1\" content=\"1 minute\" \/>\n<script type=\"application\/ld+json\" class=\"yoast-schema-graph\">{\"@context\":\"https:\\\/\\\/schema.org\",\"@graph\":[{\"@type\":\"WebPage\",\"@id\":\"https:\\\/\\\/fast-track.epsi-wis.ovh\\\/fady\\\/mentions-legales\\\/\",\"url\":\"https:\\\/\\\/fast-track.epsi-wis.ovh\\\/fady\\\/mentions-legales\\\/\",\"name\":\"Mentions l\u00e9gales - Group FLF\",\"isPartOf\":{\"@id\":\"https:\\\/\\\/fast-track.epsi-wis.ovh\\\/fady\\\/#website\"},\"datePublished\":\"2025-06-19T08:04:36+00:00\",\"dateModified\":\"2025-06-19T08:42:56+00:00\",\"breadcrumb\":{\"@id\":\"https:\\\/\\\/fast-track.epsi-wis.ovh\\\/fady\\\/mentions-legales\\\/#breadcrumb\"},\"inLanguage\":\"fr-FR\",\"potentialAction\":[{\"@type\":\"ReadAction\",\"target\":[\"https:\\\/\\\/fast-track.epsi-wis.ovh\\\/fady\\\/mentions-legales\\\/\"]}]},{\"@type\":\"BreadcrumbList\",\"@id\":\"https:\\\/\\\/fast-track.epsi-wis.ovh\\\/fady\\\/mentions-legales\\\/#breadcrumb\",\"itemListElement\":[{\"@type\":\"ListItem\",\"position\":1,\"name\":\"Accueil\",\"item\":\"https:\\\/\\\/fast-track.epsi-wis.ovh\\\/fady\\\/\"},{\"@type\":\"ListItem\",\"position\":2,\"name\":\"Mentions l\u00e9gales\"}]},{\"@type\":\"WebSite\",\"@id\":\"https:\\\/\\\/fast-track.epsi-wis.ovh\\\/fady\\\/#website\",\"url\":\"https:\\\/\\\/fast-track.epsi-wis.ovh\\\/fady\\\/\",\"name\":\"Group FLF\",\"description\":\"\",\"publisher\":{\"@id\":\"https:\\\/\\\/fast-track.epsi-wis.ovh\\\/fady\\\/#organization\"},\"potentialAction\":[{\"@type\":\"SearchAction\",\"target\":{\"@type\":\"EntryPoint\",\"urlTemplate\":\"https:\\\/\\\/fast-track.epsi-wis.ovh\\\/fady\\\/?s={search_term_string}\"},\"query-input\":{\"@type\":\"PropertyValueSpecification\",\"valueRequired\":true,\"valueName\":\"search_term_string\"}}],\"inLanguage\":\"fr-FR\"},{\"@type\":\"Organization\",\"@id\":\"https:\\\/\\\/fast-track.epsi-wis.ovh\\\/fady\\\/#organization\",\"name\":\"Group FLF\",\"url\":\"https:\\\/\\\/fast-track.epsi-wis.ovh\\\/fady\\\/\",\"logo\":{\"@type\":\"ImageObject\",\"inLanguage\":\"fr-FR\",\"@id\":\"https:\\\/\\\/fast-track.epsi-wis.ovh\\\/fady\\\/#\\\/schema\\\/logo\\\/image\\\/\",\"url\":\"https:\\\/\\\/fast-track.epsi-wis.ovh\\\/fady\\\/wp-content\\\/uploads\\\/2025\\\/05\\\/logo.jpg\",\"contentUrl\":\"https:\\\/\\\/fast-track.epsi-wis.ovh\\\/fady\\\/wp-content\\\/uploads\\\/2025\\\/05\\\/logo.jpg\",\"width\":1920,\"height\":1920,\"caption\":\"Group FLF\"},\"image\":{\"@id\":\"https:\\\/\\\/fast-track.epsi-wis.ovh\\\/fady\\\/#\\\/schema\\\/logo\\\/image\\\/\"}}]}<\/script>\n<!-- \/ Yoast SEO plugin. -->","yoast_head_json":{"title":"Mentions l\u00e9gales - Group FLF","robots":{"index":"index","follow":"follow","max-snippet":"max-snippet:-1","max-image-preview":"max-image-preview:large","max-video-preview":"max-video-preview:-1"},"canonical":"https:\/\/fast-track.epsi-wis.ovh\/fady\/mentions-legales\/","og_locale":"fr_FR","og_type":"article","og_title":"Mentions l\u00e9gales - Group FLF","og_url":"https:\/\/fast-track.epsi-wis.ovh\/fady\/mentions-legales\/","og_site_name":"Group FLF","article_modified_time":"2025-06-19T08:42:56+00:00","twitter_card":"summary_large_image","twitter_misc":{"Dur\u00e9e de lecture estim\u00e9e":"1 minute"},"schema":{"@context":"https:\/\/schema.org","@graph":[{"@type":"WebPage","@id":"https:\/\/fast-track.epsi-wis.ovh\/fady\/mentions-legales\/","url":"https:\/\/fast-track.epsi-wis.ovh\/fady\/mentions-legales\/","name":"Mentions l\u00e9gales - Group FLF","isPartOf":{"@id":"https:\/\/fast-track.epsi-wis.ovh\/fady\/#website"},"datePublished":"2025-06-19T08:04:36+00:00","dateModified":"2025-06-19T08:42:56+00:00","breadcrumb":{"@id":"https:\/\/fast-track.epsi-wis.ovh\/fady\/mentions-legales\/#breadcrumb"},"inLanguage":"fr-FR","potentialAction":[{"@type":"ReadAction","target":["https:\/\/fast-track.epsi-wis.ovh\/fady\/mentions-legales\/"]}]},{"@type":"BreadcrumbList","@id":"https:\/\/fast-track.epsi-wis.ovh\/fady\/mentions-legales\/#breadcrumb","itemListElement":[{"@type":"ListItem","position":1,"name":"Accueil","item":"https:\/\/fast-track.epsi-wis.ovh\/fady\/"},{"@type":"ListItem","position":2,"name":"Mentions l\u00e9gales"}]},{"@type":"WebSite","@id":"https:\/\/fast-track.epsi-wis.ovh\/fady\/#website","url":"https:\/\/fast-track.epsi-wis.ovh\/fady\/","name":"Group FLF","description":"","publisher":{"@id":"https:\/\/fast-track.epsi-wis.ovh\/fady\/#organization"},"potentialAction":[{"@type":"SearchAction","target":{"@type":"EntryPoint","urlTemplate":"https:\/\/fast-track.epsi-wis.ovh\/fady\/?s={search_term_string}"},"query-input":{"@type":"PropertyValueSpecification","valueRequired":true,"valueName":"search_term_string"}}],"inLanguage":"fr-FR"},{"@type":"Organization","@id":"https:\/\/fast-track.epsi-wis.ovh\/fady\/#organization","name":"Group FLF","url":"https:\/\/fast-track.epsi-wis.ovh\/fady\/","logo":{"@type":"ImageObject","inLanguage":"fr-FR","@id":"https:\/\/fast-track.epsi-wis.ovh\/fady\/#\/schema\/logo\/image\/","url":"https:\/\/fast-track.epsi-wis.ovh\/fady\/wp-content\/uploads\/2025\/05\/logo.jpg","contentUrl":"https:\/\/fast-track.epsi-wis.ovh\/fady\/wp-content\/uploads\/2025\/05\/logo.jpg","width":1920,"height":1920,"caption":"Group FLF"},"image":{"@id":"https:\/\/fast-track.epsi-wis.ovh\/fady\/#\/schema\/logo\/image\/"}}]}},"_links":{"self":[{"href":"https:\/\/fast-track.epsi-wis.ovh\/fady\/wp-json\/wp\/v2\/pages\/193","targetHints":{"allow":["GET"]}}],"collection":[{"href":"https:\/\/fast-track.epsi-wis.ovh\/fady\/wp-json\/wp\/v2\/pages"}],"about":[{"href":"https:\/\/fast-track.epsi-wis.ovh\/fady\/wp-json\/wp\/v2\/types\/page"}],"author":[{"embeddable":true,"href":"https:\/\/fast-track.epsi-wis.ovh\/fady\/wp-json\/wp\/v2\/users\/1"}],"replies":[{"embeddable":true,"href":"https:\/\/fast-track.epsi-wis.ovh\/fady\/wp-json\/wp\/v2\/comments?post=193"}],"version-history":[{"count":9,"href":"https:\/\/fast-track.epsi-wis.ovh\/fady\/wp-json\/wp\/v2\/pages\/193\/revisions"}],"predecessor-version":[{"id":210,"href":"https:\/\/fast-track.epsi-wis.ovh\/fady\/wp-json\/wp\/v2\/pages\/193\/revisions\/210"}],"wp:attachment":[{"href":"https:\/\/fast-track.epsi-wis.ovh\/fady\/wp-json\/wp\/v2\/media?parent=193"}],"curies":[{"name":"wp","href":"https:\/\/api.w.org\/{rel}","templated":true}]}}