{"id":78,"date":"2025-05-14T16:54:47","date_gmt":"2025-05-14T14:54:47","guid":{"rendered":"https:\/\/fast-track.epsi-wis.ovh\/fady\/?page_id=78"},"modified":"2025-05-22T12:33:20","modified_gmt":"2025-05-22T10:33:20","slug":"entreprise-damenagement-exterieur-professionnel","status":"publish","type":"page","link":"https:\/\/fast-track.epsi-wis.ovh\/fady\/entreprise-damenagement-exterieur-professionnel\/","title":{"rendered":"Entreprise d\u2019am\u00e9nagement ext\u00e9rieur professionnel"},"content":{"rendered":"\n<p>Vous recherchez une <strong>entreprise d\u2019am\u00e9nagement ext\u00e9rieur professionnel<\/strong> pour transformer vos espaces en v\u00e9ritables lieux de vie ? Notre \u00e9quipe vous accompagne dans tous vos projets d&rsquo;am\u00e9nagement paysager, avec expertise, cr\u00e9ativit\u00e9 et respect des d\u00e9lais.<\/p>\n\n\n\n<h2 class=\"wp-block-heading\">Nos services d\u2019am\u00e9nagement ext\u00e9rieur:<\/h2>\n\n\n<ul class=\"wp-block-list\">\n<li>Cr\u00e9ation de jardins sur mesure<\/li>\n<li>Installation de terrasses, all\u00e9es et cl\u00f4tures<\/li>\n<li>Am\u00e9nagement de cours et parkings <a href=\"https:\/\/fast-track.epsi-wis.ovh\/fady\/wp-content\/uploads\/2025\/05\/23.jpg\"> <img fetchpriority=\"high\" decoding=\"async\" style=\"float: right; margin-left: 20px; margin-top: 10px;\" src=\"https:\/\/fast-track.epsi-wis.ovh\/fady\/wp-content\/uploads\/2025\/05\/23-300x300.jpg\" alt=\"Une oasis familiale\" width=\"300\" height=\"300\" \/> <\/a><\/li>\n<li>Pose de gazon naturel ou synth\u00e9tique<\/li>\n<li>Int\u00e9gration d\u2019\u00e9clairage ext\u00e9rieur<\/li>\n<li>Mise en place de syst\u00e8mes d\u2019arrosage automatique<\/li>\n<\/ul>\n\n\n<h2 class=\"wp-block-heading\">Pourquoi choisir notre entreprise ?<\/h2>\n\n\n\n<ul class=\"wp-block-list\">\n<li>Plus de 10 ans d\u2019exp\u00e9rience dans l\u2019am\u00e9nagement ext\u00e9rieur<\/li>\n\n\n\n<li>Une \u00e9quipe de professionnels qualifi\u00e9s<\/li>\n\n\n\n<li>Un accompagnement personnalis\u00e9 du d\u00e9but \u00e0 la fin de votre projet<\/li>\n\n\n\n<li>Des mat\u00e9riaux de qualit\u00e9 et durables<\/li>\n\n\n\n<li>Des r\u00e9alisations sur-mesure, selon vos envies<\/li>\n<\/ul>\n\n\n\n<h2 class=\"wp-block-heading\">O\u00f9 intervenons-nous ?<\/h2>\n\n\n\n<p>Notre entreprise d\u2019am\u00e9nagement ext\u00e9rieur intervient principalement dans les d\u00e9partements [\u00e0 personnaliser, par ex. : 75, 92, 93, 94] pour les professionnels et les particuliers.<\/p>\n\n\n\n<h2 class=\"wp-block-heading\"><code>Demandez votre devis gratuit<\/code><\/h2>\n\n\n\n<p>Contactez-nous d\u00e8s maintenant pour discuter de votre projet d\u2019am\u00e9nagement ext\u00e9rieur. Un <strong>devis gratuit et sans engagement<\/strong> vous sera propos\u00e9.<\/p>\n\n\n<div class=\"wp-block-image\">\n<figure class=\"aligncenter size-large is-resized\"><img decoding=\"async\" width=\"1110\" height=\"738\" src=\"https:\/\/fast-track.epsi-wis.ovh\/fady\/wp-content\/uploads\/2025\/05\/amenagements-exterieurs-1110x738.jpeg\" alt=\"Am\u00e9nagement ext\u00e9rieur professionnel \u2013 cr\u00e9ation de jardin avec terrasse en bois\" class=\"wp-image-81\" style=\"width:674px;height:auto\" srcset=\"https:\/\/fast-track.epsi-wis.ovh\/fady\/wp-content\/uploads\/2025\/05\/amenagements-exterieurs-1110x738.jpeg 1110w, https:\/\/fast-track.epsi-wis.ovh\/fady\/wp-content\/uploads\/2025\/05\/amenagements-exterieurs-451x300.jpeg 451w, https:\/\/fast-track.epsi-wis.ovh\/fady\/wp-content\/uploads\/2025\/05\/amenagements-exterieurs-768x511.jpeg 768w, https:\/\/fast-track.epsi-wis.ovh\/fady\/wp-content\/uploads\/2025\/05\/amenagements-exterieurs-1536x1022.jpeg 1536w, https:\/\/fast-track.epsi-wis.ovh\/fady\/wp-content\/uploads\/2025\/05\/amenagements-exterieurs.jpeg 1920w\" sizes=\"(max-width: 1110px) 100vw, 1110px\" \/><\/figure>\n<\/div>\n\n\n<div class=\"wp-block-buttons alignwide is-content-justification-center is-layout-flex wp-container-core-buttons-is-layout-16018d1d wp-block-buttons-is-layout-flex\">\n<div class=\"wp-block-button is-style-outline is-style-outline--1\"><a class=\"wp-block-button__link wp-element-button\" href=\"https:\/\/fast-track.epsi-wis.ovh\/fady\/contact-epsi-wis-paris-la-defence-courbevoie\/\">Contactez-nous<\/a><\/div>\n<\/div>\n\n\n\n<p><\/p>\n","protected":false},"excerpt":{"rendered":"<p>Vous recherchez une entreprise d\u2019am\u00e9nagement ext\u00e9rieur professionnel pour transformer vos espaces en v\u00e9ritables lieux de vie ? Notre \u00e9quipe vous accompagne dans tous vos projets d&rsquo;am\u00e9nagement paysager, avec expertise, cr\u00e9ativit\u00e9 et respect des d\u00e9lais. Nos services d\u2019am\u00e9nagement ext\u00e9rieur: Cr\u00e9ation de jardins sur mesure Installation de terrasses, all\u00e9es et cl\u00f4tures Am\u00e9nagement de cours et parkings Pose [&hellip;]<\/p>\n","protected":false},"author":1,"featured_media":0,"parent":0,"menu_order":0,"comment_status":"closed","ping_status":"closed","template":"","meta":{"footnotes":""},"class_list":["post-78","page","type-page","status-publish","hentry"],"yoast_head":"<!-- This site is optimized with the Yoast SEO plugin v27.4 - https:\/\/yoast.com\/product\/yoast-seo-wordpress\/ -->\n<title>Entreprise d\u2019am\u00e9nagement ext\u00e9rieur professionnel - Group FLF<\/title>\n<meta name=\"robots\" content=\"index, follow, max-snippet:-1, max-image-preview:large, max-video-preview:-1\" \/>\n<link rel=\"canonical\" href=\"https:\/\/fast-track.epsi-wis.ovh\/fady\/entreprise-damenagement-exterieur-professionnel\/\" \/>\n<meta property=\"og:locale\" content=\"fr_FR\" \/>\n<meta property=\"og:type\" content=\"article\" \/>\n<meta property=\"og:title\" content=\"Entreprise d\u2019am\u00e9nagement ext\u00e9rieur professionnel - Group FLF\" \/>\n<meta property=\"og:description\" content=\"Vous recherchez une entreprise d\u2019am\u00e9nagement ext\u00e9rieur professionnel pour transformer vos espaces en v\u00e9ritables lieux de vie ? Notre \u00e9quipe vous accompagne dans tous vos projets d&rsquo;am\u00e9nagement paysager, avec expertise, cr\u00e9ativit\u00e9 et respect des d\u00e9lais. Nos services d\u2019am\u00e9nagement ext\u00e9rieur: Cr\u00e9ation de jardins sur mesure Installation de terrasses, all\u00e9es et cl\u00f4tures Am\u00e9nagement de cours et parkings Pose [&hellip;]\" \/>\n<meta property=\"og:url\" content=\"https:\/\/fast-track.epsi-wis.ovh\/fady\/entreprise-damenagement-exterieur-professionnel\/\" \/>\n<meta property=\"og:site_name\" content=\"Group FLF\" \/>\n<meta property=\"article:modified_time\" content=\"2025-05-22T10:33:20+00:00\" \/>\n<meta property=\"og:image\" content=\"https:\/\/fast-track.epsi-wis.ovh\/fady\/wp-content\/uploads\/2025\/05\/23-300x300.jpg\" \/>\n<meta name=\"twitter:card\" content=\"summary_large_image\" \/>\n<meta name=\"twitter:label1\" content=\"Dur\u00e9e de lecture estim\u00e9e\" \/>\n\t<meta name=\"twitter:data1\" content=\"2 minutes\" \/>\n<script type=\"application\/ld+json\" class=\"yoast-schema-graph\">{\"@context\":\"https:\\\/\\\/schema.org\",\"@graph\":[{\"@type\":\"WebPage\",\"@id\":\"https:\\\/\\\/fast-track.epsi-wis.ovh\\\/fady\\\/entreprise-damenagement-exterieur-professionnel\\\/\",\"url\":\"https:\\\/\\\/fast-track.epsi-wis.ovh\\\/fady\\\/entreprise-damenagement-exterieur-professionnel\\\/\",\"name\":\"Entreprise d\u2019am\u00e9nagement ext\u00e9rieur professionnel - Group FLF\",\"isPartOf\":{\"@id\":\"https:\\\/\\\/fast-track.epsi-wis.ovh\\\/fady\\\/#website\"},\"primaryImageOfPage\":{\"@id\":\"https:\\\/\\\/fast-track.epsi-wis.ovh\\\/fady\\\/entreprise-damenagement-exterieur-professionnel\\\/#primaryimage\"},\"image\":{\"@id\":\"https:\\\/\\\/fast-track.epsi-wis.ovh\\\/fady\\\/entreprise-damenagement-exterieur-professionnel\\\/#primaryimage\"},\"thumbnailUrl\":\"https:\\\/\\\/fast-track.epsi-wis.ovh\\\/fady\\\/wp-content\\\/uploads\\\/2025\\\/05\\\/23-300x300.jpg\",\"datePublished\":\"2025-05-14T14:54:47+00:00\",\"dateModified\":\"2025-05-22T10:33:20+00:00\",\"breadcrumb\":{\"@id\":\"https:\\\/\\\/fast-track.epsi-wis.ovh\\\/fady\\\/entreprise-damenagement-exterieur-professionnel\\\/#breadcrumb\"},\"inLanguage\":\"fr-FR\",\"potentialAction\":[{\"@type\":\"ReadAction\",\"target\":[\"https:\\\/\\\/fast-track.epsi-wis.ovh\\\/fady\\\/entreprise-damenagement-exterieur-professionnel\\\/\"]}]},{\"@type\":\"ImageObject\",\"inLanguage\":\"fr-FR\",\"@id\":\"https:\\\/\\\/fast-track.epsi-wis.ovh\\\/fady\\\/entreprise-damenagement-exterieur-professionnel\\\/#primaryimage\",\"url\":\"https:\\\/\\\/fast-track.epsi-wis.ovh\\\/fady\\\/wp-content\\\/uploads\\\/2025\\\/05\\\/23.jpg\",\"contentUrl\":\"https:\\\/\\\/fast-track.epsi-wis.ovh\\\/fady\\\/wp-content\\\/uploads\\\/2025\\\/05\\\/23.jpg\",\"width\":1024,\"height\":1024,\"caption\":\"votre jardin est bien plus qu\u2019un simple espace vert\"},{\"@type\":\"BreadcrumbList\",\"@id\":\"https:\\\/\\\/fast-track.epsi-wis.ovh\\\/fady\\\/entreprise-damenagement-exterieur-professionnel\\\/#breadcrumb\",\"itemListElement\":[{\"@type\":\"ListItem\",\"position\":1,\"name\":\"Accueil\",\"item\":\"https:\\\/\\\/fast-track.epsi-wis.ovh\\\/fady\\\/\"},{\"@type\":\"ListItem\",\"position\":2,\"name\":\"Entreprise d\u2019am\u00e9nagement ext\u00e9rieur professionnel\"}]},{\"@type\":\"WebSite\",\"@id\":\"https:\\\/\\\/fast-track.epsi-wis.ovh\\\/fady\\\/#website\",\"url\":\"https:\\\/\\\/fast-track.epsi-wis.ovh\\\/fady\\\/\",\"name\":\"Group FLF\",\"description\":\"\",\"publisher\":{\"@id\":\"https:\\\/\\\/fast-track.epsi-wis.ovh\\\/fady\\\/#organization\"},\"potentialAction\":[{\"@type\":\"SearchAction\",\"target\":{\"@type\":\"EntryPoint\",\"urlTemplate\":\"https:\\\/\\\/fast-track.epsi-wis.ovh\\\/fady\\\/?s={search_term_string}\"},\"query-input\":{\"@type\":\"PropertyValueSpecification\",\"valueRequired\":true,\"valueName\":\"search_term_string\"}}],\"inLanguage\":\"fr-FR\"},{\"@type\":\"Organization\",\"@id\":\"https:\\\/\\\/fast-track.epsi-wis.ovh\\\/fady\\\/#organization\",\"name\":\"Group FLF\",\"url\":\"https:\\\/\\\/fast-track.epsi-wis.ovh\\\/fady\\\/\",\"logo\":{\"@type\":\"ImageObject\",\"inLanguage\":\"fr-FR\",\"@id\":\"https:\\\/\\\/fast-track.epsi-wis.ovh\\\/fady\\\/#\\\/schema\\\/logo\\\/image\\\/\",\"url\":\"https:\\\/\\\/fast-track.epsi-wis.ovh\\\/fady\\\/wp-content\\\/uploads\\\/2025\\\/05\\\/logo.jpg\",\"contentUrl\":\"https:\\\/\\\/fast-track.epsi-wis.ovh\\\/fady\\\/wp-content\\\/uploads\\\/2025\\\/05\\\/logo.jpg\",\"width\":1920,\"height\":1920,\"caption\":\"Group FLF\"},\"image\":{\"@id\":\"https:\\\/\\\/fast-track.epsi-wis.ovh\\\/fady\\\/#\\\/schema\\\/logo\\\/image\\\/\"}}]}<\/script>\n<!-- \/ Yoast SEO plugin. -->","yoast_head_json":{"title":"Entreprise d\u2019am\u00e9nagement ext\u00e9rieur professionnel - Group FLF","robots":{"index":"index","follow":"follow","max-snippet":"max-snippet:-1","max-image-preview":"max-image-preview:large","max-video-preview":"max-video-preview:-1"},"canonical":"https:\/\/fast-track.epsi-wis.ovh\/fady\/entreprise-damenagement-exterieur-professionnel\/","og_locale":"fr_FR","og_type":"article","og_title":"Entreprise d\u2019am\u00e9nagement ext\u00e9rieur professionnel - Group FLF","og_description":"Vous recherchez une entreprise d\u2019am\u00e9nagement ext\u00e9rieur professionnel pour transformer vos espaces en v\u00e9ritables lieux de vie ? Notre \u00e9quipe vous accompagne dans tous vos projets d&rsquo;am\u00e9nagement paysager, avec expertise, cr\u00e9ativit\u00e9 et respect des d\u00e9lais. Nos services d\u2019am\u00e9nagement ext\u00e9rieur: Cr\u00e9ation de jardins sur mesure Installation de terrasses, all\u00e9es et cl\u00f4tures Am\u00e9nagement de cours et parkings Pose [&hellip;]","og_url":"https:\/\/fast-track.epsi-wis.ovh\/fady\/entreprise-damenagement-exterieur-professionnel\/","og_site_name":"Group FLF","article_modified_time":"2025-05-22T10:33:20+00:00","og_image":[{"url":"https:\/\/fast-track.epsi-wis.ovh\/fady\/wp-content\/uploads\/2025\/05\/23-300x300.jpg","type":"","width":"","height":""}],"twitter_card":"summary_large_image","twitter_misc":{"Dur\u00e9e de lecture estim\u00e9e":"2 minutes"},"schema":{"@context":"https:\/\/schema.org","@graph":[{"@type":"WebPage","@id":"https:\/\/fast-track.epsi-wis.ovh\/fady\/entreprise-damenagement-exterieur-professionnel\/","url":"https:\/\/fast-track.epsi-wis.ovh\/fady\/entreprise-damenagement-exterieur-professionnel\/","name":"Entreprise d\u2019am\u00e9nagement ext\u00e9rieur professionnel - Group FLF","isPartOf":{"@id":"https:\/\/fast-track.epsi-wis.ovh\/fady\/#website"},"primaryImageOfPage":{"@id":"https:\/\/fast-track.epsi-wis.ovh\/fady\/entreprise-damenagement-exterieur-professionnel\/#primaryimage"},"image":{"@id":"https:\/\/fast-track.epsi-wis.ovh\/fady\/entreprise-damenagement-exterieur-professionnel\/#primaryimage"},"thumbnailUrl":"https:\/\/fast-track.epsi-wis.ovh\/fady\/wp-content\/uploads\/2025\/05\/23-300x300.jpg","datePublished":"2025-05-14T14:54:47+00:00","dateModified":"2025-05-22T10:33:20+00:00","breadcrumb":{"@id":"https:\/\/fast-track.epsi-wis.ovh\/fady\/entreprise-damenagement-exterieur-professionnel\/#breadcrumb"},"inLanguage":"fr-FR","potentialAction":[{"@type":"ReadAction","target":["https:\/\/fast-track.epsi-wis.ovh\/fady\/entreprise-damenagement-exterieur-professionnel\/"]}]},{"@type":"ImageObject","inLanguage":"fr-FR","@id":"https:\/\/fast-track.epsi-wis.ovh\/fady\/entreprise-damenagement-exterieur-professionnel\/#primaryimage","url":"https:\/\/fast-track.epsi-wis.ovh\/fady\/wp-content\/uploads\/2025\/05\/23.jpg","contentUrl":"https:\/\/fast-track.epsi-wis.ovh\/fady\/wp-content\/uploads\/2025\/05\/23.jpg","width":1024,"height":1024,"caption":"votre jardin est bien plus qu\u2019un simple espace vert"},{"@type":"BreadcrumbList","@id":"https:\/\/fast-track.epsi-wis.ovh\/fady\/entreprise-damenagement-exterieur-professionnel\/#breadcrumb","itemListElement":[{"@type":"ListItem","position":1,"name":"Accueil","item":"https:\/\/fast-track.epsi-wis.ovh\/fady\/"},{"@type":"ListItem","position":2,"name":"Entreprise d\u2019am\u00e9nagement ext\u00e9rieur professionnel"}]},{"@type":"WebSite","@id":"https:\/\/fast-track.epsi-wis.ovh\/fady\/#website","url":"https:\/\/fast-track.epsi-wis.ovh\/fady\/","name":"Group FLF","description":"","publisher":{"@id":"https:\/\/fast-track.epsi-wis.ovh\/fady\/#organization"},"potentialAction":[{"@type":"SearchAction","target":{"@type":"EntryPoint","urlTemplate":"https:\/\/fast-track.epsi-wis.ovh\/fady\/?s={search_term_string}"},"query-input":{"@type":"PropertyValueSpecification","valueRequired":true,"valueName":"search_term_string"}}],"inLanguage":"fr-FR"},{"@type":"Organization","@id":"https:\/\/fast-track.epsi-wis.ovh\/fady\/#organization","name":"Group FLF","url":"https:\/\/fast-track.epsi-wis.ovh\/fady\/","logo":{"@type":"ImageObject","inLanguage":"fr-FR","@id":"https:\/\/fast-track.epsi-wis.ovh\/fady\/#\/schema\/logo\/image\/","url":"https:\/\/fast-track.epsi-wis.ovh\/fady\/wp-content\/uploads\/2025\/05\/logo.jpg","contentUrl":"https:\/\/fast-track.epsi-wis.ovh\/fady\/wp-content\/uploads\/2025\/05\/logo.jpg","width":1920,"height":1920,"caption":"Group FLF"},"image":{"@id":"https:\/\/fast-track.epsi-wis.ovh\/fady\/#\/schema\/logo\/image\/"}}]}},"_links":{"self":[{"href":"https:\/\/fast-track.epsi-wis.ovh\/fady\/wp-json\/wp\/v2\/pages\/78","targetHints":{"allow":["GET"]}}],"collection":[{"href":"https:\/\/fast-track.epsi-wis.ovh\/fady\/wp-json\/wp\/v2\/pages"}],"about":[{"href":"https:\/\/fast-track.epsi-wis.ovh\/fady\/wp-json\/wp\/v2\/types\/page"}],"author":[{"embeddable":true,"href":"https:\/\/fast-track.epsi-wis.ovh\/fady\/wp-json\/wp\/v2\/users\/1"}],"replies":[{"embeddable":true,"href":"https:\/\/fast-track.epsi-wis.ovh\/fady\/wp-json\/wp\/v2\/comments?post=78"}],"version-history":[{"count":9,"href":"https:\/\/fast-track.epsi-wis.ovh\/fady\/wp-json\/wp\/v2\/pages\/78\/revisions"}],"predecessor-version":[{"id":189,"href":"https:\/\/fast-track.epsi-wis.ovh\/fady\/wp-json\/wp\/v2\/pages\/78\/revisions\/189"}],"wp:attachment":[{"href":"https:\/\/fast-track.epsi-wis.ovh\/fady\/wp-json\/wp\/v2\/media?parent=78"}],"curies":[{"name":"wp","href":"https:\/\/api.w.org\/{rel}","templated":true}]}}