{"id":93,"date":"2025-05-15T13:51:08","date_gmt":"2025-05-15T11:51:08","guid":{"rendered":"https:\/\/fast-track.epsi-wis.ovh\/fady\/?page_id=93"},"modified":"2025-05-22T11:55:42","modified_gmt":"2025-05-22T09:55:42","slug":"elagage-arbre-avec-nacelle","status":"publish","type":"page","link":"https:\/\/fast-track.epsi-wis.ovh\/fady\/elagage-arbre-avec-nacelle\/","title":{"rendered":"\u00c9lagage arbre avec nacelle"},"content":{"rendered":"\n<h1 class=\"wp-block-heading\"><strong>\u00c9lagage professionnel d&rsquo;arbres avec nacelle \u2013 S\u00e9curit\u00e9 et efficacit\u00e9 garanties<\/strong><\/h1>\n\n\n\n<h2 class=\"wp-block-heading\"> Introduction:<\/h2>\n\n\n<p>L\u2019\u00e9lagage est une op\u00e9ration indispensable pour la sant\u00e9 et la s\u00e9curit\u00e9 de vos arbres. Gr\u00e2ce \u00e0 notre mat\u00e9riel sp\u00e9cialis\u00e9, notamment la nacelle \u00e9l\u00e9vatrice, nous r\u00e9alisons tous types d\u2019\u00e9lagages, m\u00eame dans les endroits difficiles d\u2019acc\u00e8s.<\/p>\n\n\n<h2 class=\"wp-block-heading\">Nos prestations d\u2019\u00e9lagage:<\/h2>\n\n\n<ul>\n<li class=\"\" data-start=\"684\" data-end=\"808\">\n<p class=\"\" data-start=\"686\" data-end=\"808\"><strong data-start=\"686\" data-end=\"709\">\u00c9lagage d\u2019entretien<\/strong> : pour \u00e9liminer les branches mortes ou g\u00eanantes et pr\u00e9server la croissance naturelle de l\u2019arbre.<a href=\"https:\/\/fast-track.epsi-wis.ovh\/fady\/wp-content\/uploads\/2025\/05\/63a2d40ab0d1838eebaefe4a290189c8.jpg\"><img decoding=\"async\" class=\"alignright size-medium wp-image-139\" src=\"https:\/\/fast-track.epsi-wis.ovh\/fady\/wp-content\/uploads\/2025\/05\/63a2d40ab0d1838eebaefe4a290189c8-150x300.jpg\" alt=\"Nos prestations d\u2019\u00e9lagage\" width=\"150\" height=\"300\" srcset=\"https:\/\/fast-track.epsi-wis.ovh\/fady\/wp-content\/uploads\/2025\/05\/63a2d40ab0d1838eebaefe4a290189c8-150x300.jpg 150w, https:\/\/fast-track.epsi-wis.ovh\/fady\/wp-content\/uploads\/2025\/05\/63a2d40ab0d1838eebaefe4a290189c8-512x1024.jpg 512w, https:\/\/fast-track.epsi-wis.ovh\/fady\/wp-content\/uploads\/2025\/05\/63a2d40ab0d1838eebaefe4a290189c8.jpg 736w\" sizes=\"(max-width: 150px) 100vw, 150px\" \/><\/a><\/p>\n<\/li>\n<li class=\"\" data-start=\"809\" data-end=\"933\">\n<p class=\"\" data-start=\"811\" data-end=\"933\"><strong data-start=\"811\" data-end=\"834\">\u00c9lagage de s\u00e9curit\u00e9<\/strong> : afin de pr\u00e9venir les risques li\u00e9s \u00e0 des branches fragiles mena\u00e7ant les biens ou les personnes.<\/p>\n<\/li>\n<li class=\"\" data-start=\"934\" data-end=\"1040\">\n<p class=\"\" data-start=\"936\" data-end=\"1040\"><strong data-start=\"936\" data-end=\"960\">\u00c9lagage de formation<\/strong> : pour guider la croissance des jeunes arbres et assurer une bonne structure.<\/p>\n<\/li>\n<li class=\"\" data-start=\"1041\" data-end=\"1157\">\n<p class=\"\" data-start=\"1043\" data-end=\"1157\"><strong data-start=\"1043\" data-end=\"1078\">\u00c9lagage en hauteur avec nacelle<\/strong> : intervention s\u00e9curis\u00e9e et rapide sur les grands arbres difficiles d\u2019acc\u00e8s.<\/p>\n<\/li>\n<li class=\"\" data-start=\"1158\" data-end=\"1239\">\n<p class=\"\" data-start=\"1160\" data-end=\"1239\"><strong data-start=\"1160\" data-end=\"1189\">Abattage partiel ou total<\/strong> : lorsque l\u2019arbre est malade ou trop dangereux.<\/p>\n<\/li>\n<\/ul>\n\n\n<h2 class=\"wp-block-heading\">Pourquoi choisir notre service d\u2019\u00e9lagage avec nacelle ?<\/h2>\n\n\n<ul>\n<li class=\"\" data-start=\"1311\" data-end=\"1412\">\n<p class=\"\" data-start=\"1313\" data-end=\"1412\"><strong data-start=\"1313\" data-end=\"1339\">Mat\u00e9riel professionnel<\/strong> : nacelle \u00e9l\u00e9vatrice moderne garantissant la s\u00e9curit\u00e9 et la pr\u00e9cision.<\/p>\n<\/li>\n<li class=\"\" data-start=\"1413\" data-end=\"1504\">\n<p class=\"\" data-start=\"1415\" data-end=\"1504\"><strong data-start=\"1415\" data-end=\"1437\">Personnel qualifi\u00e9<\/strong> : \u00e9lagueurs certifi\u00e9s, form\u00e9s aux normes de s\u00e9curit\u00e9 en<a href=\"https:\/\/fast-track.epsi-wis.ovh\/fady\/wp-content\/uploads\/2025\/05\/f616dfe1afd5d5a9e0070c0713d7eccb.jpg\"><img decoding=\"async\" class=\"alignright size-medium wp-image-138\" src=\"https:\/\/fast-track.epsi-wis.ovh\/fady\/wp-content\/uploads\/2025\/05\/f616dfe1afd5d5a9e0070c0713d7eccb-149x300.jpg\" alt=\"service d\u2019\u00e9lagage avec nacelle \" width=\"149\" height=\"300\" srcset=\"https:\/\/fast-track.epsi-wis.ovh\/fady\/wp-content\/uploads\/2025\/05\/f616dfe1afd5d5a9e0070c0713d7eccb-149x300.jpg 149w, https:\/\/fast-track.epsi-wis.ovh\/fady\/wp-content\/uploads\/2025\/05\/f616dfe1afd5d5a9e0070c0713d7eccb-510x1024.jpg 510w, https:\/\/fast-track.epsi-wis.ovh\/fady\/wp-content\/uploads\/2025\/05\/f616dfe1afd5d5a9e0070c0713d7eccb.jpg 736w\" sizes=\"(max-width: 149px) 100vw, 149px\" \/><\/a> vigueur.<\/p>\n<\/li>\n<li class=\"\" data-start=\"1505\" data-end=\"1591\">\n<p class=\"\" data-start=\"1507\" data-end=\"1591\"><strong data-start=\"1507\" data-end=\"1537\">Respect de l\u2019environnement<\/strong> : gestion responsable des d\u00e9chets verts, recyclage.<\/p>\n<\/li>\n<li class=\"\" data-start=\"1592\" data-end=\"1674\">\n<p class=\"\" data-start=\"1594\" data-end=\"1674\"><strong data-start=\"1594\" data-end=\"1617\">Intervention rapide<\/strong> : disponibilit\u00e9 et r\u00e9activit\u00e9 adapt\u00e9es \u00e0 vos urgences.<\/p>\n<\/li>\n<\/ul>\n\n\n<h2 class=\"wp-block-heading\">Zones d\u2019intervention:<\/h2>\n\n\n<p>Nous intervenons dans toute la r\u00e9gion \u00cele-de-France, notamment \u00e0 Paris, Versailles, Boulogne-Billancourt, Nanterre et Cr\u00e9teil.<\/p>\n\n\n<div class=\"wp-block-columns is-layout-flex wp-container-core-columns-is-layout-9d6595d7 wp-block-columns-is-layout-flex\">\n<div class=\"wp-block-column is-layout-flow wp-block-column-is-layout-flow\">\n<figure class=\"wp-block-image size-large\"><img fetchpriority=\"high\" decoding=\"async\" width=\"701\" height=\"1024\" src=\"https:\/\/fast-track.epsi-wis.ovh\/fady\/wp-content\/uploads\/2025\/05\/6fd4dcf3e27b9e653f69c405dcdc428f-701x1024.jpg\" alt=\"mat\u00e9riel jardinage\" class=\"wp-image-142\" srcset=\"https:\/\/fast-track.epsi-wis.ovh\/fady\/wp-content\/uploads\/2025\/05\/6fd4dcf3e27b9e653f69c405dcdc428f-701x1024.jpg 701w, https:\/\/fast-track.epsi-wis.ovh\/fady\/wp-content\/uploads\/2025\/05\/6fd4dcf3e27b9e653f69c405dcdc428f-205x300.jpg 205w, https:\/\/fast-track.epsi-wis.ovh\/fady\/wp-content\/uploads\/2025\/05\/6fd4dcf3e27b9e653f69c405dcdc428f.jpg 735w\" sizes=\"(max-width: 701px) 100vw, 701px\" \/><\/figure>\n<\/div>\n\n\n\n<div class=\"wp-block-column is-layout-flow wp-block-column-is-layout-flow\">\n<figure class=\"wp-block-image size-large\"><img loading=\"lazy\" decoding=\"async\" width=\"683\" height=\"1024\" src=\"https:\/\/fast-track.epsi-wis.ovh\/fady\/wp-content\/uploads\/2025\/05\/ee704fe41116ad18dc3ad2570a6c8c08-683x1024.jpg\" alt=\"entretient des fruit\" class=\"wp-image-141\" srcset=\"https:\/\/fast-track.epsi-wis.ovh\/fady\/wp-content\/uploads\/2025\/05\/ee704fe41116ad18dc3ad2570a6c8c08-683x1024.jpg 683w, https:\/\/fast-track.epsi-wis.ovh\/fady\/wp-content\/uploads\/2025\/05\/ee704fe41116ad18dc3ad2570a6c8c08-200x300.jpg 200w, https:\/\/fast-track.epsi-wis.ovh\/fady\/wp-content\/uploads\/2025\/05\/ee704fe41116ad18dc3ad2570a6c8c08.jpg 736w\" sizes=\"(max-width: 683px) 100vw, 683px\" \/><\/figure>\n<\/div>\n\n\n\n<div class=\"wp-block-column is-layout-flow wp-block-column-is-layout-flow\">\n<figure class=\"wp-block-image size-large\"><img loading=\"lazy\" decoding=\"async\" width=\"683\" height=\"1024\" src=\"https:\/\/fast-track.epsi-wis.ovh\/fady\/wp-content\/uploads\/2025\/05\/15e07aa796ec0fa5d78d43362ae1b3d6-683x1024.jpg\" alt=\"collecte de fruit et l\u00e9gumes \" class=\"wp-image-140\" srcset=\"https:\/\/fast-track.epsi-wis.ovh\/fady\/wp-content\/uploads\/2025\/05\/15e07aa796ec0fa5d78d43362ae1b3d6-683x1024.jpg 683w, https:\/\/fast-track.epsi-wis.ovh\/fady\/wp-content\/uploads\/2025\/05\/15e07aa796ec0fa5d78d43362ae1b3d6-200x300.jpg 200w, https:\/\/fast-track.epsi-wis.ovh\/fady\/wp-content\/uploads\/2025\/05\/15e07aa796ec0fa5d78d43362ae1b3d6.jpg 736w\" sizes=\"(max-width: 683px) 100vw, 683px\" \/><\/figure>\n<\/div>\n<\/div>\n\n\n<div style=\"text-align: center;\"><iframe title=\"Vid\u00e9o d\u2019entretien d\u2019espaces verts\" src=\"https:\/\/www.youtube.com\/embed\/cZSHn3UwTK4\" width=\"560\" height=\"315\" frameborder=\"0\" allowfullscreen=\"allowfullscreen\"><br \/>\n  <\/iframe><\/div>\n<p>\u00a0<\/p>\n\n\n<h2 class=\"wp-block-heading\">Contactez-nous:<\/h2>\n\n\n<p>Besoin d\u2019un devis personnalis\u00e9 ou d\u2019une intervention rapide ? Contactez notre \u00e9quipe d\u2019\u00e9lagueurs professionnels.<\/p>\n\n\n<div class=\"wp-block-buttons alignwide is-content-justification-center is-layout-flex wp-container-core-buttons-is-layout-16018d1d wp-block-buttons-is-layout-flex\">\n<div class=\"wp-block-button is-style-outline is-style-outline--1\"><a class=\"wp-block-button__link wp-element-button\" href=\"https:\/\/fast-track.epsi-wis.ovh\/fady\/contact-epsi-wis-paris-la-defence-courbevoie\/\">Nous contacter<\/a><\/div>\n<\/div>\n","protected":false},"excerpt":{"rendered":"<p>\u00c9lagage professionnel d&rsquo;arbres avec nacelle \u2013 S\u00e9curit\u00e9 et efficacit\u00e9 garanties Introduction: L\u2019\u00e9lagage est une op\u00e9ration indispensable pour la sant\u00e9 et la s\u00e9curit\u00e9 de vos arbres. Gr\u00e2ce \u00e0 notre mat\u00e9riel sp\u00e9cialis\u00e9, notamment la nacelle \u00e9l\u00e9vatrice, nous r\u00e9alisons tous types d\u2019\u00e9lagages, m\u00eame dans les endroits difficiles d\u2019acc\u00e8s. Nos prestations d\u2019\u00e9lagage: \u00c9lagage d\u2019entretien : pour \u00e9liminer les branches [&hellip;]<\/p>\n","protected":false},"author":1,"featured_media":0,"parent":0,"menu_order":0,"comment_status":"closed","ping_status":"closed","template":"","meta":{"footnotes":""},"class_list":["post-93","page","type-page","status-publish","hentry"],"yoast_head":"<!-- This site is optimized with the Yoast SEO plugin v27.4 - https:\/\/yoast.com\/product\/yoast-seo-wordpress\/ -->\n<title>\u00c9lagage arbre avec nacelle - Group FLF<\/title>\n<meta name=\"robots\" content=\"index, follow, max-snippet:-1, max-image-preview:large, max-video-preview:-1\" \/>\n<link rel=\"canonical\" href=\"https:\/\/fast-track.epsi-wis.ovh\/fady\/elagage-arbre-avec-nacelle\/\" \/>\n<meta property=\"og:locale\" content=\"fr_FR\" \/>\n<meta property=\"og:type\" content=\"article\" \/>\n<meta property=\"og:title\" content=\"\u00c9lagage arbre avec nacelle - Group FLF\" \/>\n<meta property=\"og:description\" content=\"\u00c9lagage professionnel d&rsquo;arbres avec nacelle \u2013 S\u00e9curit\u00e9 et efficacit\u00e9 garanties Introduction: L\u2019\u00e9lagage est une op\u00e9ration indispensable pour la sant\u00e9 et la s\u00e9curit\u00e9 de vos arbres. Gr\u00e2ce \u00e0 notre mat\u00e9riel sp\u00e9cialis\u00e9, notamment la nacelle \u00e9l\u00e9vatrice, nous r\u00e9alisons tous types d\u2019\u00e9lagages, m\u00eame dans les endroits difficiles d\u2019acc\u00e8s. Nos prestations d\u2019\u00e9lagage: \u00c9lagage d\u2019entretien : pour \u00e9liminer les branches [&hellip;]\" \/>\n<meta property=\"og:url\" content=\"https:\/\/fast-track.epsi-wis.ovh\/fady\/elagage-arbre-avec-nacelle\/\" \/>\n<meta property=\"og:site_name\" content=\"Group FLF\" \/>\n<meta property=\"article:modified_time\" content=\"2025-05-22T09:55:42+00:00\" \/>\n<meta property=\"og:image\" content=\"https:\/\/fast-track.epsi-wis.ovh\/fady\/wp-content\/uploads\/2025\/05\/63a2d40ab0d1838eebaefe4a290189c8.jpg\" \/>\n\t<meta property=\"og:image:width\" content=\"736\" \/>\n\t<meta property=\"og:image:height\" content=\"1472\" \/>\n\t<meta property=\"og:image:type\" content=\"image\/jpeg\" \/>\n<meta name=\"twitter:card\" content=\"summary_large_image\" \/>\n<meta name=\"twitter:label1\" content=\"Dur\u00e9e de lecture estim\u00e9e\" \/>\n\t<meta name=\"twitter:data1\" content=\"3 minutes\" \/>\n<script type=\"application\/ld+json\" class=\"yoast-schema-graph\">{\"@context\":\"https:\\\/\\\/schema.org\",\"@graph\":[{\"@type\":\"WebPage\",\"@id\":\"https:\\\/\\\/fast-track.epsi-wis.ovh\\\/fady\\\/elagage-arbre-avec-nacelle\\\/\",\"url\":\"https:\\\/\\\/fast-track.epsi-wis.ovh\\\/fady\\\/elagage-arbre-avec-nacelle\\\/\",\"name\":\"\u00c9lagage arbre avec nacelle - Group FLF\",\"isPartOf\":{\"@id\":\"https:\\\/\\\/fast-track.epsi-wis.ovh\\\/fady\\\/#website\"},\"primaryImageOfPage\":{\"@id\":\"https:\\\/\\\/fast-track.epsi-wis.ovh\\\/fady\\\/elagage-arbre-avec-nacelle\\\/#primaryimage\"},\"image\":{\"@id\":\"https:\\\/\\\/fast-track.epsi-wis.ovh\\\/fady\\\/elagage-arbre-avec-nacelle\\\/#primaryimage\"},\"thumbnailUrl\":\"https:\\\/\\\/fast-track.epsi-wis.ovh\\\/fady\\\/wp-content\\\/uploads\\\/2025\\\/05\\\/63a2d40ab0d1838eebaefe4a290189c8-150x300.jpg\",\"datePublished\":\"2025-05-15T11:51:08+00:00\",\"dateModified\":\"2025-05-22T09:55:42+00:00\",\"breadcrumb\":{\"@id\":\"https:\\\/\\\/fast-track.epsi-wis.ovh\\\/fady\\\/elagage-arbre-avec-nacelle\\\/#breadcrumb\"},\"inLanguage\":\"fr-FR\",\"potentialAction\":[{\"@type\":\"ReadAction\",\"target\":[\"https:\\\/\\\/fast-track.epsi-wis.ovh\\\/fady\\\/elagage-arbre-avec-nacelle\\\/\"]}]},{\"@type\":\"ImageObject\",\"inLanguage\":\"fr-FR\",\"@id\":\"https:\\\/\\\/fast-track.epsi-wis.ovh\\\/fady\\\/elagage-arbre-avec-nacelle\\\/#primaryimage\",\"url\":\"https:\\\/\\\/fast-track.epsi-wis.ovh\\\/fady\\\/wp-content\\\/uploads\\\/2025\\\/05\\\/63a2d40ab0d1838eebaefe4a290189c8.jpg\",\"contentUrl\":\"https:\\\/\\\/fast-track.epsi-wis.ovh\\\/fady\\\/wp-content\\\/uploads\\\/2025\\\/05\\\/63a2d40ab0d1838eebaefe4a290189c8.jpg\",\"width\":736,\"height\":1472,\"caption\":\"Nos prestations d\u2019\u00e9lagage\"},{\"@type\":\"BreadcrumbList\",\"@id\":\"https:\\\/\\\/fast-track.epsi-wis.ovh\\\/fady\\\/elagage-arbre-avec-nacelle\\\/#breadcrumb\",\"itemListElement\":[{\"@type\":\"ListItem\",\"position\":1,\"name\":\"Accueil\",\"item\":\"https:\\\/\\\/fast-track.epsi-wis.ovh\\\/fady\\\/\"},{\"@type\":\"ListItem\",\"position\":2,\"name\":\"\u00c9lagage arbre avec nacelle\"}]},{\"@type\":\"WebSite\",\"@id\":\"https:\\\/\\\/fast-track.epsi-wis.ovh\\\/fady\\\/#website\",\"url\":\"https:\\\/\\\/fast-track.epsi-wis.ovh\\\/fady\\\/\",\"name\":\"Group FLF\",\"description\":\"\",\"publisher\":{\"@id\":\"https:\\\/\\\/fast-track.epsi-wis.ovh\\\/fady\\\/#organization\"},\"potentialAction\":[{\"@type\":\"SearchAction\",\"target\":{\"@type\":\"EntryPoint\",\"urlTemplate\":\"https:\\\/\\\/fast-track.epsi-wis.ovh\\\/fady\\\/?s={search_term_string}\"},\"query-input\":{\"@type\":\"PropertyValueSpecification\",\"valueRequired\":true,\"valueName\":\"search_term_string\"}}],\"inLanguage\":\"fr-FR\"},{\"@type\":\"Organization\",\"@id\":\"https:\\\/\\\/fast-track.epsi-wis.ovh\\\/fady\\\/#organization\",\"name\":\"Group FLF\",\"url\":\"https:\\\/\\\/fast-track.epsi-wis.ovh\\\/fady\\\/\",\"logo\":{\"@type\":\"ImageObject\",\"inLanguage\":\"fr-FR\",\"@id\":\"https:\\\/\\\/fast-track.epsi-wis.ovh\\\/fady\\\/#\\\/schema\\\/logo\\\/image\\\/\",\"url\":\"https:\\\/\\\/fast-track.epsi-wis.ovh\\\/fady\\\/wp-content\\\/uploads\\\/2025\\\/05\\\/logo.jpg\",\"contentUrl\":\"https:\\\/\\\/fast-track.epsi-wis.ovh\\\/fady\\\/wp-content\\\/uploads\\\/2025\\\/05\\\/logo.jpg\",\"width\":1920,\"height\":1920,\"caption\":\"Group FLF\"},\"image\":{\"@id\":\"https:\\\/\\\/fast-track.epsi-wis.ovh\\\/fady\\\/#\\\/schema\\\/logo\\\/image\\\/\"}}]}<\/script>\n<!-- \/ Yoast SEO plugin. -->","yoast_head_json":{"title":"\u00c9lagage arbre avec nacelle - Group FLF","robots":{"index":"index","follow":"follow","max-snippet":"max-snippet:-1","max-image-preview":"max-image-preview:large","max-video-preview":"max-video-preview:-1"},"canonical":"https:\/\/fast-track.epsi-wis.ovh\/fady\/elagage-arbre-avec-nacelle\/","og_locale":"fr_FR","og_type":"article","og_title":"\u00c9lagage arbre avec nacelle - Group FLF","og_description":"\u00c9lagage professionnel d&rsquo;arbres avec nacelle \u2013 S\u00e9curit\u00e9 et efficacit\u00e9 garanties Introduction: L\u2019\u00e9lagage est une op\u00e9ration indispensable pour la sant\u00e9 et la s\u00e9curit\u00e9 de vos arbres. Gr\u00e2ce \u00e0 notre mat\u00e9riel sp\u00e9cialis\u00e9, notamment la nacelle \u00e9l\u00e9vatrice, nous r\u00e9alisons tous types d\u2019\u00e9lagages, m\u00eame dans les endroits difficiles d\u2019acc\u00e8s. Nos prestations d\u2019\u00e9lagage: \u00c9lagage d\u2019entretien : pour \u00e9liminer les branches [&hellip;]","og_url":"https:\/\/fast-track.epsi-wis.ovh\/fady\/elagage-arbre-avec-nacelle\/","og_site_name":"Group FLF","article_modified_time":"2025-05-22T09:55:42+00:00","og_image":[{"width":736,"height":1472,"url":"https:\/\/fast-track.epsi-wis.ovh\/fady\/wp-content\/uploads\/2025\/05\/63a2d40ab0d1838eebaefe4a290189c8.jpg","type":"image\/jpeg"}],"twitter_card":"summary_large_image","twitter_misc":{"Dur\u00e9e de lecture estim\u00e9e":"3 minutes"},"schema":{"@context":"https:\/\/schema.org","@graph":[{"@type":"WebPage","@id":"https:\/\/fast-track.epsi-wis.ovh\/fady\/elagage-arbre-avec-nacelle\/","url":"https:\/\/fast-track.epsi-wis.ovh\/fady\/elagage-arbre-avec-nacelle\/","name":"\u00c9lagage arbre avec nacelle - Group FLF","isPartOf":{"@id":"https:\/\/fast-track.epsi-wis.ovh\/fady\/#website"},"primaryImageOfPage":{"@id":"https:\/\/fast-track.epsi-wis.ovh\/fady\/elagage-arbre-avec-nacelle\/#primaryimage"},"image":{"@id":"https:\/\/fast-track.epsi-wis.ovh\/fady\/elagage-arbre-avec-nacelle\/#primaryimage"},"thumbnailUrl":"https:\/\/fast-track.epsi-wis.ovh\/fady\/wp-content\/uploads\/2025\/05\/63a2d40ab0d1838eebaefe4a290189c8-150x300.jpg","datePublished":"2025-05-15T11:51:08+00:00","dateModified":"2025-05-22T09:55:42+00:00","breadcrumb":{"@id":"https:\/\/fast-track.epsi-wis.ovh\/fady\/elagage-arbre-avec-nacelle\/#breadcrumb"},"inLanguage":"fr-FR","potentialAction":[{"@type":"ReadAction","target":["https:\/\/fast-track.epsi-wis.ovh\/fady\/elagage-arbre-avec-nacelle\/"]}]},{"@type":"ImageObject","inLanguage":"fr-FR","@id":"https:\/\/fast-track.epsi-wis.ovh\/fady\/elagage-arbre-avec-nacelle\/#primaryimage","url":"https:\/\/fast-track.epsi-wis.ovh\/fady\/wp-content\/uploads\/2025\/05\/63a2d40ab0d1838eebaefe4a290189c8.jpg","contentUrl":"https:\/\/fast-track.epsi-wis.ovh\/fady\/wp-content\/uploads\/2025\/05\/63a2d40ab0d1838eebaefe4a290189c8.jpg","width":736,"height":1472,"caption":"Nos prestations d\u2019\u00e9lagage"},{"@type":"BreadcrumbList","@id":"https:\/\/fast-track.epsi-wis.ovh\/fady\/elagage-arbre-avec-nacelle\/#breadcrumb","itemListElement":[{"@type":"ListItem","position":1,"name":"Accueil","item":"https:\/\/fast-track.epsi-wis.ovh\/fady\/"},{"@type":"ListItem","position":2,"name":"\u00c9lagage arbre avec nacelle"}]},{"@type":"WebSite","@id":"https:\/\/fast-track.epsi-wis.ovh\/fady\/#website","url":"https:\/\/fast-track.epsi-wis.ovh\/fady\/","name":"Group FLF","description":"","publisher":{"@id":"https:\/\/fast-track.epsi-wis.ovh\/fady\/#organization"},"potentialAction":[{"@type":"SearchAction","target":{"@type":"EntryPoint","urlTemplate":"https:\/\/fast-track.epsi-wis.ovh\/fady\/?s={search_term_string}"},"query-input":{"@type":"PropertyValueSpecification","valueRequired":true,"valueName":"search_term_string"}}],"inLanguage":"fr-FR"},{"@type":"Organization","@id":"https:\/\/fast-track.epsi-wis.ovh\/fady\/#organization","name":"Group FLF","url":"https:\/\/fast-track.epsi-wis.ovh\/fady\/","logo":{"@type":"ImageObject","inLanguage":"fr-FR","@id":"https:\/\/fast-track.epsi-wis.ovh\/fady\/#\/schema\/logo\/image\/","url":"https:\/\/fast-track.epsi-wis.ovh\/fady\/wp-content\/uploads\/2025\/05\/logo.jpg","contentUrl":"https:\/\/fast-track.epsi-wis.ovh\/fady\/wp-content\/uploads\/2025\/05\/logo.jpg","width":1920,"height":1920,"caption":"Group FLF"},"image":{"@id":"https:\/\/fast-track.epsi-wis.ovh\/fady\/#\/schema\/logo\/image\/"}}]}},"_links":{"self":[{"href":"https:\/\/fast-track.epsi-wis.ovh\/fady\/wp-json\/wp\/v2\/pages\/93","targetHints":{"allow":["GET"]}}],"collection":[{"href":"https:\/\/fast-track.epsi-wis.ovh\/fady\/wp-json\/wp\/v2\/pages"}],"about":[{"href":"https:\/\/fast-track.epsi-wis.ovh\/fady\/wp-json\/wp\/v2\/types\/page"}],"author":[{"embeddable":true,"href":"https:\/\/fast-track.epsi-wis.ovh\/fady\/wp-json\/wp\/v2\/users\/1"}],"replies":[{"embeddable":true,"href":"https:\/\/fast-track.epsi-wis.ovh\/fady\/wp-json\/wp\/v2\/comments?post=93"}],"version-history":[{"count":4,"href":"https:\/\/fast-track.epsi-wis.ovh\/fady\/wp-json\/wp\/v2\/pages\/93\/revisions"}],"predecessor-version":[{"id":186,"href":"https:\/\/fast-track.epsi-wis.ovh\/fady\/wp-json\/wp\/v2\/pages\/93\/revisions\/186"}],"wp:attachment":[{"href":"https:\/\/fast-track.epsi-wis.ovh\/fady\/wp-json\/wp\/v2\/media?parent=93"}],"curies":[{"name":"wp","href":"https:\/\/api.w.org\/{rel}","templated":true}]}}