{"id":11,"date":"2025-04-09T12:28:29","date_gmt":"2025-04-09T10:28:29","guid":{"rendered":"https:\/\/fast-track.epsi-wis.ovh\/john\/?page_id=11"},"modified":"2025-05-23T19:13:37","modified_gmt":"2025-05-23T17:13:37","slug":"acceuil","status":"publish","type":"page","link":"https:\/\/fast-track.epsi-wis.ovh\/john\/","title":{"rendered":"Doudou bio"},"content":{"rendered":"\n<h2 class=\"wp-block-heading alignwide has-text-align-center\">Offrez des doudous bio faits main a vos b\u00e9b\u00e9s<\/h2>\n\n\n<div class=\"wp-block-image\">\n<figure class=\"aligncenter size-full\"><img fetchpriority=\"high\" decoding=\"async\" width=\"700\" height=\"467\" src=\"https:\/\/fast-track.epsi-wis.ovh\/john\/wp-content\/uploads\/2025\/05\/doudoubio-1.jpg\" alt=\"\" class=\"wp-image-77\" srcset=\"https:\/\/fast-track.epsi-wis.ovh\/john\/wp-content\/uploads\/2025\/05\/doudoubio-1.jpg 700w, https:\/\/fast-track.epsi-wis.ovh\/john\/wp-content\/uploads\/2025\/05\/doudoubio-1-450x300.jpg 450w\" sizes=\"(max-width: 700px) 100vw, 700px\" \/><\/figure>\n<\/div>\n\n\n<p>Chez <strong>Doudou Bio<\/strong>, nous croyons qu\u2019un doudou doit \u00eatre \u00e0 la fois doux, sain et respectueux de la plan\u00e8te. C\u2019est pourquoi nous cr\u00e9ons des <strong>doudous bio faits main<\/strong>, con\u00e7us avec amour \u00e0 partir de coton 100 % biologique certifi\u00e9 GOTS. Chaque pi\u00e8ce est unique, fabriqu\u00e9e en France dans notre atelier familial.<\/p>\n\n\n\n<p class=\"has-text-align-center\">Nos doudous sont parfaits pour accompagner b\u00e9b\u00e9 d\u00e8s la naissance. Sans produits chimiques, sans substances nocives, ils respectent la peau sensible des tout-petits. Leur design est pens\u00e9 pour stimuler les sens tout en offrant une pr\u00e9sence rassurante.<\/p>\n\n\n\n<p>Offrir un <strong>doudou bio fait main<\/strong>, c\u2019est aussi soutenir une d\u00e9marche \u00e9thique. En choisissant Doudou Bio, vous encouragez une production artisanale locale et durable. Chaque doudou est cousu avec soin pour garantir qualit\u00e9, s\u00e9curit\u00e9 et long\u00e9vit\u00e9.<\/p>\n\n\n\n<p class=\"has-text-align-left\"><strong>Liens utiles :<\/strong><\/p>\n\n\n\n<ul class=\"wp-block-list\">\n<li>Visitez nos <a href=\"https:\/\/fast-track.epsi-wis.ovh\/john\/idees-de-cadeaux-de-naissance-ecologiques\/\">id\u00e9es de cadeaux de naissance \u00e9cologiques<\/a><\/li>\n\n\n\n<li>D\u00e9couvrez  nos <a href=\"https:\/\/fast-track.epsi-wis.ovh\/john\/doudous-bio-faits-main-pour-bebes\/\">doudous bio fait \u00e0 la main<\/a><\/li>\n\n\n\n<li>En savoir plus sur nos <a href=\"https:\/\/fast-track.epsi-wis.ovh\/john\/peluche-bebe-en-coton-bio-securite-et-douceur\/\">peluches en coton bio pour b\u00e9b\u00e9<\/a><\/li>\n\n\n\n<li><a href=\"https:\/\/fast-track.epsi-wis.ovh\/john\/contact-doudou-bio\/\">Contactez-nous<\/a> pour une commande personnalis\u00e9e<\/li>\n<\/ul>\n\n\n\n<p class=\"has-text-align-left\">Nos cr\u00e9ations sont id\u00e9ales pour un cadeau de naissance original et responsable. Faites le choix d\u2019un compagnon sain et naturel pour votre enfant.<\/p>\n\n\n\n<p><\/p>\n","protected":false},"excerpt":{"rendered":"<p>Offrez des doudous bio faits main a vos b\u00e9b\u00e9s Chez Doudou Bio, nous croyons qu\u2019un doudou doit \u00eatre \u00e0 la fois doux, sain et respectueux de la plan\u00e8te. C\u2019est pourquoi nous cr\u00e9ons des doudous bio faits main, con\u00e7us avec amour \u00e0 partir de coton 100 % biologique certifi\u00e9 GOTS. Chaque pi\u00e8ce est unique, fabriqu\u00e9e en [&hellip;]<\/p>\n","protected":false},"author":1,"featured_media":0,"parent":0,"menu_order":0,"comment_status":"closed","ping_status":"closed","template":"","meta":{"footnotes":""},"class_list":["post-11","page","type-page","status-publish","hentry"],"yoast_head":"<!-- This site is optimized with the Yoast SEO plugin v27.4 - https:\/\/yoast.com\/product\/yoast-seo-wordpress\/ -->\n<title>Doudou bio - Doudou bio<\/title>\n<meta name=\"robots\" content=\"index, follow, max-snippet:-1, max-image-preview:large, max-video-preview:-1\" \/>\n<link rel=\"canonical\" href=\"https:\/\/fast-track.epsi-wis.ovh\/john\/\" \/>\n<meta property=\"og:locale\" content=\"fr_FR\" \/>\n<meta property=\"og:type\" content=\"article\" \/>\n<meta property=\"og:title\" content=\"Doudou bio - Doudou bio\" \/>\n<meta property=\"og:description\" content=\"Offrez des doudous bio faits main a vos b\u00e9b\u00e9s Chez Doudou Bio, nous croyons qu\u2019un doudou doit \u00eatre \u00e0 la fois doux, sain et respectueux de la plan\u00e8te. C\u2019est pourquoi nous cr\u00e9ons des doudous bio faits main, con\u00e7us avec amour \u00e0 partir de coton 100 % biologique certifi\u00e9 GOTS. Chaque pi\u00e8ce est unique, fabriqu\u00e9e en [&hellip;]\" \/>\n<meta property=\"og:url\" content=\"https:\/\/fast-track.epsi-wis.ovh\/john\/\" \/>\n<meta property=\"og:site_name\" content=\"Doudou bio\" \/>\n<meta property=\"article:modified_time\" content=\"2025-05-23T17:13:37+00:00\" \/>\n<meta property=\"og:image\" content=\"https:\/\/fast-track.epsi-wis.ovh\/john\/wp-content\/uploads\/2025\/05\/doudoubio-1.jpg\" \/>\n\t<meta property=\"og:image:width\" content=\"700\" \/>\n\t<meta property=\"og:image:height\" content=\"467\" \/>\n\t<meta property=\"og:image:type\" content=\"image\/jpeg\" \/>\n<meta name=\"twitter:card\" content=\"summary_large_image\" \/>\n<meta name=\"twitter:label1\" content=\"Dur\u00e9e de lecture estim\u00e9e\" \/>\n\t<meta name=\"twitter:data1\" content=\"2 minutes\" \/>\n<script type=\"application\/ld+json\" class=\"yoast-schema-graph\">{\"@context\":\"https:\\\/\\\/schema.org\",\"@graph\":[{\"@type\":\"WebPage\",\"@id\":\"https:\\\/\\\/fast-track.epsi-wis.ovh\\\/john\\\/\",\"url\":\"https:\\\/\\\/fast-track.epsi-wis.ovh\\\/john\\\/\",\"name\":\"Doudou bio - Doudou bio\",\"isPartOf\":{\"@id\":\"https:\\\/\\\/fast-track.epsi-wis.ovh\\\/john\\\/#website\"},\"primaryImageOfPage\":{\"@id\":\"https:\\\/\\\/fast-track.epsi-wis.ovh\\\/john\\\/#primaryimage\"},\"image\":{\"@id\":\"https:\\\/\\\/fast-track.epsi-wis.ovh\\\/john\\\/#primaryimage\"},\"thumbnailUrl\":\"https:\\\/\\\/fast-track.epsi-wis.ovh\\\/john\\\/wp-content\\\/uploads\\\/2025\\\/05\\\/doudoubio-1.jpg\",\"datePublished\":\"2025-04-09T10:28:29+00:00\",\"dateModified\":\"2025-05-23T17:13:37+00:00\",\"breadcrumb\":{\"@id\":\"https:\\\/\\\/fast-track.epsi-wis.ovh\\\/john\\\/#breadcrumb\"},\"inLanguage\":\"fr-FR\",\"potentialAction\":[{\"@type\":\"ReadAction\",\"target\":[\"https:\\\/\\\/fast-track.epsi-wis.ovh\\\/john\\\/\"]}]},{\"@type\":\"ImageObject\",\"inLanguage\":\"fr-FR\",\"@id\":\"https:\\\/\\\/fast-track.epsi-wis.ovh\\\/john\\\/#primaryimage\",\"url\":\"https:\\\/\\\/fast-track.epsi-wis.ovh\\\/john\\\/wp-content\\\/uploads\\\/2025\\\/05\\\/doudoubio-1.jpg\",\"contentUrl\":\"https:\\\/\\\/fast-track.epsi-wis.ovh\\\/john\\\/wp-content\\\/uploads\\\/2025\\\/05\\\/doudoubio-1.jpg\",\"width\":700,\"height\":467},{\"@type\":\"BreadcrumbList\",\"@id\":\"https:\\\/\\\/fast-track.epsi-wis.ovh\\\/john\\\/#breadcrumb\",\"itemListElement\":[{\"@type\":\"ListItem\",\"position\":1,\"name\":\"Accueil\",\"item\":\"https:\\\/\\\/fast-track.epsi-wis.ovh\\\/john\\\/\"},{\"@type\":\"ListItem\",\"position\":2,\"name\":\"Doudou bio\"}]},{\"@type\":\"WebSite\",\"@id\":\"https:\\\/\\\/fast-track.epsi-wis.ovh\\\/john\\\/#website\",\"url\":\"https:\\\/\\\/fast-track.epsi-wis.ovh\\\/john\\\/\",\"name\":\"Zelvoria\",\"description\":\"\",\"publisher\":{\"@id\":\"https:\\\/\\\/fast-track.epsi-wis.ovh\\\/john\\\/#organization\"},\"potentialAction\":[{\"@type\":\"SearchAction\",\"target\":{\"@type\":\"EntryPoint\",\"urlTemplate\":\"https:\\\/\\\/fast-track.epsi-wis.ovh\\\/john\\\/?s={search_term_string}\"},\"query-input\":{\"@type\":\"PropertyValueSpecification\",\"valueRequired\":true,\"valueName\":\"search_term_string\"}}],\"inLanguage\":\"fr-FR\"},{\"@type\":\"Organization\",\"@id\":\"https:\\\/\\\/fast-track.epsi-wis.ovh\\\/john\\\/#organization\",\"name\":\"Zelvoria\",\"url\":\"https:\\\/\\\/fast-track.epsi-wis.ovh\\\/john\\\/\",\"logo\":{\"@type\":\"ImageObject\",\"inLanguage\":\"fr-FR\",\"@id\":\"https:\\\/\\\/fast-track.epsi-wis.ovh\\\/john\\\/#\\\/schema\\\/logo\\\/image\\\/\",\"url\":\"https:\\\/\\\/fast-track.epsi-wis.ovh\\\/john\\\/wp-content\\\/uploads\\\/2025\\\/05\\\/porschewallpaper-1-2.jpg\",\"contentUrl\":\"https:\\\/\\\/fast-track.epsi-wis.ovh\\\/john\\\/wp-content\\\/uploads\\\/2025\\\/05\\\/porschewallpaper-1-2.jpg\",\"width\":900,\"height\":600,\"caption\":\"Zelvoria\"},\"image\":{\"@id\":\"https:\\\/\\\/fast-track.epsi-wis.ovh\\\/john\\\/#\\\/schema\\\/logo\\\/image\\\/\"}}]}<\/script>\n<!-- \/ Yoast SEO plugin. -->","yoast_head_json":{"title":"Doudou bio - Doudou bio","robots":{"index":"index","follow":"follow","max-snippet":"max-snippet:-1","max-image-preview":"max-image-preview:large","max-video-preview":"max-video-preview:-1"},"canonical":"https:\/\/fast-track.epsi-wis.ovh\/john\/","og_locale":"fr_FR","og_type":"article","og_title":"Doudou bio - Doudou bio","og_description":"Offrez des doudous bio faits main a vos b\u00e9b\u00e9s Chez Doudou Bio, nous croyons qu\u2019un doudou doit \u00eatre \u00e0 la fois doux, sain et respectueux de la plan\u00e8te. C\u2019est pourquoi nous cr\u00e9ons des doudous bio faits main, con\u00e7us avec amour \u00e0 partir de coton 100 % biologique certifi\u00e9 GOTS. Chaque pi\u00e8ce est unique, fabriqu\u00e9e en [&hellip;]","og_url":"https:\/\/fast-track.epsi-wis.ovh\/john\/","og_site_name":"Doudou bio","article_modified_time":"2025-05-23T17:13:37+00:00","og_image":[{"width":700,"height":467,"url":"https:\/\/fast-track.epsi-wis.ovh\/john\/wp-content\/uploads\/2025\/05\/doudoubio-1.jpg","type":"image\/jpeg"}],"twitter_card":"summary_large_image","twitter_misc":{"Dur\u00e9e de lecture estim\u00e9e":"2 minutes"},"schema":{"@context":"https:\/\/schema.org","@graph":[{"@type":"WebPage","@id":"https:\/\/fast-track.epsi-wis.ovh\/john\/","url":"https:\/\/fast-track.epsi-wis.ovh\/john\/","name":"Doudou bio - Doudou bio","isPartOf":{"@id":"https:\/\/fast-track.epsi-wis.ovh\/john\/#website"},"primaryImageOfPage":{"@id":"https:\/\/fast-track.epsi-wis.ovh\/john\/#primaryimage"},"image":{"@id":"https:\/\/fast-track.epsi-wis.ovh\/john\/#primaryimage"},"thumbnailUrl":"https:\/\/fast-track.epsi-wis.ovh\/john\/wp-content\/uploads\/2025\/05\/doudoubio-1.jpg","datePublished":"2025-04-09T10:28:29+00:00","dateModified":"2025-05-23T17:13:37+00:00","breadcrumb":{"@id":"https:\/\/fast-track.epsi-wis.ovh\/john\/#breadcrumb"},"inLanguage":"fr-FR","potentialAction":[{"@type":"ReadAction","target":["https:\/\/fast-track.epsi-wis.ovh\/john\/"]}]},{"@type":"ImageObject","inLanguage":"fr-FR","@id":"https:\/\/fast-track.epsi-wis.ovh\/john\/#primaryimage","url":"https:\/\/fast-track.epsi-wis.ovh\/john\/wp-content\/uploads\/2025\/05\/doudoubio-1.jpg","contentUrl":"https:\/\/fast-track.epsi-wis.ovh\/john\/wp-content\/uploads\/2025\/05\/doudoubio-1.jpg","width":700,"height":467},{"@type":"BreadcrumbList","@id":"https:\/\/fast-track.epsi-wis.ovh\/john\/#breadcrumb","itemListElement":[{"@type":"ListItem","position":1,"name":"Accueil","item":"https:\/\/fast-track.epsi-wis.ovh\/john\/"},{"@type":"ListItem","position":2,"name":"Doudou bio"}]},{"@type":"WebSite","@id":"https:\/\/fast-track.epsi-wis.ovh\/john\/#website","url":"https:\/\/fast-track.epsi-wis.ovh\/john\/","name":"Zelvoria","description":"","publisher":{"@id":"https:\/\/fast-track.epsi-wis.ovh\/john\/#organization"},"potentialAction":[{"@type":"SearchAction","target":{"@type":"EntryPoint","urlTemplate":"https:\/\/fast-track.epsi-wis.ovh\/john\/?s={search_term_string}"},"query-input":{"@type":"PropertyValueSpecification","valueRequired":true,"valueName":"search_term_string"}}],"inLanguage":"fr-FR"},{"@type":"Organization","@id":"https:\/\/fast-track.epsi-wis.ovh\/john\/#organization","name":"Zelvoria","url":"https:\/\/fast-track.epsi-wis.ovh\/john\/","logo":{"@type":"ImageObject","inLanguage":"fr-FR","@id":"https:\/\/fast-track.epsi-wis.ovh\/john\/#\/schema\/logo\/image\/","url":"https:\/\/fast-track.epsi-wis.ovh\/john\/wp-content\/uploads\/2025\/05\/porschewallpaper-1-2.jpg","contentUrl":"https:\/\/fast-track.epsi-wis.ovh\/john\/wp-content\/uploads\/2025\/05\/porschewallpaper-1-2.jpg","width":900,"height":600,"caption":"Zelvoria"},"image":{"@id":"https:\/\/fast-track.epsi-wis.ovh\/john\/#\/schema\/logo\/image\/"}}]}},"_links":{"self":[{"href":"https:\/\/fast-track.epsi-wis.ovh\/john\/wp-json\/wp\/v2\/pages\/11","targetHints":{"allow":["GET"]}}],"collection":[{"href":"https:\/\/fast-track.epsi-wis.ovh\/john\/wp-json\/wp\/v2\/pages"}],"about":[{"href":"https:\/\/fast-track.epsi-wis.ovh\/john\/wp-json\/wp\/v2\/types\/page"}],"author":[{"embeddable":true,"href":"https:\/\/fast-track.epsi-wis.ovh\/john\/wp-json\/wp\/v2\/users\/1"}],"replies":[{"embeddable":true,"href":"https:\/\/fast-track.epsi-wis.ovh\/john\/wp-json\/wp\/v2\/comments?post=11"}],"version-history":[{"count":24,"href":"https:\/\/fast-track.epsi-wis.ovh\/john\/wp-json\/wp\/v2\/pages\/11\/revisions"}],"predecessor-version":[{"id":151,"href":"https:\/\/fast-track.epsi-wis.ovh\/john\/wp-json\/wp\/v2\/pages\/11\/revisions\/151"}],"wp:attachment":[{"href":"https:\/\/fast-track.epsi-wis.ovh\/john\/wp-json\/wp\/v2\/media?parent=11"}],"curies":[{"name":"wp","href":"https:\/\/api.w.org\/{rel}","templated":true}]}}