{"id":2,"date":"2025-04-09T10:16:11","date_gmt":"2025-04-09T08:16:11","guid":{"rendered":"https:\/\/fast-track.epsi-wis.ovh\/john\/?page_id=2"},"modified":"2025-05-24T23:12:58","modified_gmt":"2025-05-24T21:12:58","slug":"idees-de-cadeaux-de-naissance-ecologiques","status":"publish","type":"page","link":"https:\/\/fast-track.epsi-wis.ovh\/john\/idees-de-cadeaux-de-naissance-ecologiques\/","title":{"rendered":"Id\u00e9es de cadeaux de naissance \u00e9cologiques"},"content":{"rendered":"\n<h2 class=\"wp-block-heading has-text-align-center\">Offrir un cadeau de naissance \u00e9cologique et plein de tendresse<\/h2>\n\n\n<div class=\"wp-block-image\">\n<figure class=\"aligncenter size-full\"><img fetchpriority=\"high\" decoding=\"async\" width=\"770\" height=\"434\" src=\"https:\/\/fast-track.epsi-wis.ovh\/john\/wp-content\/uploads\/2025\/05\/Peluche-bebe.jpeg\" alt=\"\" class=\"wp-image-158\" srcset=\"https:\/\/fast-track.epsi-wis.ovh\/john\/wp-content\/uploads\/2025\/05\/Peluche-bebe.jpeg 770w, https:\/\/fast-track.epsi-wis.ovh\/john\/wp-content\/uploads\/2025\/05\/Peluche-bebe-532x300.jpeg 532w, https:\/\/fast-track.epsi-wis.ovh\/john\/wp-content\/uploads\/2025\/05\/Peluche-bebe-768x433.jpeg 768w\" sizes=\"(max-width: 770px) 100vw, 770px\" \/><\/figure>\n<\/div>\n\n\n<p class=\"has-text-align-center\" style=\"font-size:20px\">Un b\u00e9b\u00e9 vient de na\u00eetre dans votre entourage ? Offrez un <strong>cadeau de naissance \u00e9cologique<\/strong> qui a du sens. Chez <strong>Doudou Bio<\/strong>, nous proposons une s\u00e9lection d\u2019articles \u00e9thiques et durables pour c\u00e9l\u00e9brer l\u2019arriv\u00e9e d\u2019un tout-petit tout en respectant l\u2019environnement.<\/p>\n\n\n\n<p><\/p>\n\n\n\n<p><\/p>\n\n\n\n<p><\/p>\n\n\n\n<p><\/p>\n\n\n\n<p class=\"has-text-align-center\"><\/p>\n\n\n\n<div class=\"wp-block-columns is-layout-flex wp-container-core-columns-is-layout-9d6595d7 wp-block-columns-is-layout-flex\">\n<div class=\"wp-block-column is-layout-flow wp-block-column-is-layout-flow\">\n<figure class=\"wp-block-image size-full\"><img decoding=\"async\" width=\"768\" height=\"768\" src=\"https:\/\/fast-track.epsi-wis.ovh\/john\/wp-content\/uploads\/2025\/05\/bavoir-cerises-768x768-1.jpg\" alt=\"\" class=\"wp-image-162\" srcset=\"https:\/\/fast-track.epsi-wis.ovh\/john\/wp-content\/uploads\/2025\/05\/bavoir-cerises-768x768-1.jpg 768w, https:\/\/fast-track.epsi-wis.ovh\/john\/wp-content\/uploads\/2025\/05\/bavoir-cerises-768x768-1-300x300.jpg 300w\" sizes=\"(max-width: 768px) 100vw, 768px\" \/><\/figure>\n<\/div>\n\n\n\n<div class=\"wp-block-column is-layout-flow wp-block-column-is-layout-flow\">\n<p class=\"has-text-align-left\" style=\"font-size:20px\">Nos <strong>doudous en coton bio<\/strong>, nos langes r\u00e9utilisables et nos petits accessoires faits main sont tous fabriqu\u00e9s en France avec des mat\u00e9riaux naturels et certifi\u00e9s. Fini les plastiques ou les textiles synth\u00e9tiques : chaque produit est pens\u00e9 pour durer, dans une logique z\u00e9ro d\u00e9chet.Nos <strong>doudous en coton bio<\/strong>, nos langes r\u00e9utilisables et nos petits accessoires faits main sont tous fabriqu\u00e9s en France avec des mat\u00e9riaux naturels et certifi\u00e9s. Fini les plastiques ou les textiles synth\u00e9tiques : chaque produit est pens\u00e9 pour durer, dans une logique z\u00e9ro d\u00e9chet.<\/p>\n<\/div>\n\n\n\n<div class=\"wp-block-column is-layout-flow wp-block-column-is-layout-flow\">\n<figure class=\"wp-block-image size-full\"><img decoding=\"async\" width=\"1024\" height=\"987\" src=\"https:\/\/fast-track.epsi-wis.ovh\/john\/wp-content\/uploads\/2025\/05\/chaussons-bio-alexia-naumovic-colombine-1024x987-1.jpg\" alt=\"\" class=\"wp-image-163\" srcset=\"https:\/\/fast-track.epsi-wis.ovh\/john\/wp-content\/uploads\/2025\/05\/chaussons-bio-alexia-naumovic-colombine-1024x987-1.jpg 1024w, https:\/\/fast-track.epsi-wis.ovh\/john\/wp-content\/uploads\/2025\/05\/chaussons-bio-alexia-naumovic-colombine-1024x987-1-311x300.jpg 311w, https:\/\/fast-track.epsi-wis.ovh\/john\/wp-content\/uploads\/2025\/05\/chaussons-bio-alexia-naumovic-colombine-1024x987-1-768x740.jpg 768w\" sizes=\"(max-width: 1024px) 100vw, 1024px\" \/><\/figure>\n<\/div>\n<\/div>\n\n\n\n<p class=\"has-text-align-center\"><\/p>\n\n\n\n<h2 class=\"wp-block-heading has-text-align-center\">Pourquoi choisir un cadeau de naissance \u00e9cologique ?<br><\/h2>\n\n\n\n<div class=\"wp-block-columns is-layout-flex wp-container-core-columns-is-layout-9d6595d7 wp-block-columns-is-layout-flex\">\n<div class=\"wp-block-column is-layout-flow wp-block-column-is-layout-flow\"><\/div>\n\n\n\n<div class=\"wp-block-column is-layout-flow wp-block-column-is-layout-flow\">\n<ul class=\"wp-block-list\">\n<li style=\"font-size:20px\">C\u2019est un geste pour la plan\u00e8te<\/li>\n\n\n\n<li style=\"font-size:20px\">C\u2019est plus sain pour b\u00e9b\u00e9<\/li>\n\n\n\n<li style=\"font-size:20px\">C\u2019est un choix original et touchant<\/li>\n<\/ul>\n<\/div>\n\n\n\n<div class=\"wp-block-column is-layout-flow wp-block-column-is-layout-flow\"><\/div>\n<\/div>\n\n\n\n<p class=\"has-text-align-center\" style=\"font-size:20px\">Vous pouvez composer un coffret personnalis\u00e9 en fonction de vos envies : doudou, bavoir, serviete&#8230; Chaque ensemble est pr\u00e9sent\u00e9 dans un emballage recyclable ou compostable.<\/p>\n\n\n\n<div class=\"wp-block-columns is-layout-flex wp-container-core-columns-is-layout-9d6595d7 wp-block-columns-is-layout-flex\">\n<div class=\"wp-block-column is-layout-flow wp-block-column-is-layout-flow\">\n<figure class=\"wp-block-image size-full\"><img loading=\"lazy\" decoding=\"async\" width=\"768\" height=\"768\" src=\"https:\/\/fast-track.epsi-wis.ovh\/john\/wp-content\/uploads\/2025\/05\/Lison-souris-768x768-1.jpg\" alt=\"\" class=\"wp-image-187\" srcset=\"https:\/\/fast-track.epsi-wis.ovh\/john\/wp-content\/uploads\/2025\/05\/Lison-souris-768x768-1.jpg 768w, https:\/\/fast-track.epsi-wis.ovh\/john\/wp-content\/uploads\/2025\/05\/Lison-souris-768x768-1-300x300.jpg 300w\" sizes=\"(max-width: 768px) 100vw, 768px\" \/><\/figure>\n<\/div>\n\n\n\n<div class=\"wp-block-column is-layout-flow wp-block-column-is-layout-flow\">\n<figure class=\"wp-block-image size-full\"><img loading=\"lazy\" decoding=\"async\" width=\"1024\" height=\"1024\" src=\"https:\/\/fast-track.epsi-wis.ovh\/john\/wp-content\/uploads\/2025\/05\/Bavoir-bio-3-coeurs-oranges-Alexia-Naumovic-1024x1024-1.jpg\" alt=\"\" class=\"wp-image-188\" srcset=\"https:\/\/fast-track.epsi-wis.ovh\/john\/wp-content\/uploads\/2025\/05\/Bavoir-bio-3-coeurs-oranges-Alexia-Naumovic-1024x1024-1.jpg 1024w, https:\/\/fast-track.epsi-wis.ovh\/john\/wp-content\/uploads\/2025\/05\/Bavoir-bio-3-coeurs-oranges-Alexia-Naumovic-1024x1024-1-300x300.jpg 300w, https:\/\/fast-track.epsi-wis.ovh\/john\/wp-content\/uploads\/2025\/05\/Bavoir-bio-3-coeurs-oranges-Alexia-Naumovic-1024x1024-1-768x768.jpg 768w\" sizes=\"(max-width: 1024px) 100vw, 1024px\" \/><\/figure>\n<\/div>\n\n\n\n<div class=\"wp-block-column is-layout-flow wp-block-column-is-layout-flow\">\n<figure class=\"wp-block-image size-full\"><img loading=\"lazy\" decoding=\"async\" width=\"768\" height=\"737\" src=\"https:\/\/fast-track.epsi-wis.ovh\/john\/wp-content\/uploads\/2025\/05\/serviette-bebe-bio-roussette-alexia-naumovic-768x737-1.jpg\" alt=\"\" class=\"wp-image-189\" srcset=\"https:\/\/fast-track.epsi-wis.ovh\/john\/wp-content\/uploads\/2025\/05\/serviette-bebe-bio-roussette-alexia-naumovic-768x737-1.jpg 768w, https:\/\/fast-track.epsi-wis.ovh\/john\/wp-content\/uploads\/2025\/05\/serviette-bebe-bio-roussette-alexia-naumovic-768x737-1-313x300.jpg 313w\" sizes=\"(max-width: 768px) 100vw, 768px\" \/><\/figure>\n<\/div>\n<\/div>\n\n\n\n<p class=\"has-text-align-center\" style=\"font-size:17px\"><em>Un cadeau \u00e9colo, c\u2019est une belle fa\u00e7on de souhaiter la bienvenue \u00e0 b\u00e9b\u00e9 tout en transmettant des valeurs fortes.<\/em><\/p>\n\n\n\n<p><\/p>\n\n\n\n<p><\/p>\n\n\n\n<p><\/p>\n\n\n\n<p class=\"has-text-align-center\">Besoin d\u2019aide pour choisir ? Notre \u00e9quipe est \u00e0 votre \u00e9coute !<br><a href=\"https:\/\/fast-track.epsi-wis.ovh\/john\/contact-doudou-bio\/\">Remplissez notre formulaire de contact<\/a><\/p>\n\n\n\n<p><\/p>\n","protected":false},"excerpt":{"rendered":"<p>Offrir un cadeau de naissance \u00e9cologique et plein de tendresse Un b\u00e9b\u00e9 vient de na\u00eetre dans votre entourage ? Offrez un cadeau de naissance \u00e9cologique qui a du sens. Chez Doudou Bio, nous proposons une s\u00e9lection d\u2019articles \u00e9thiques et durables pour c\u00e9l\u00e9brer l\u2019arriv\u00e9e d\u2019un tout-petit tout en respectant l\u2019environnement. Nos doudous en coton bio, nos [&hellip;]<\/p>\n","protected":false},"author":1,"featured_media":0,"parent":0,"menu_order":0,"comment_status":"closed","ping_status":"open","template":"","meta":{"footnotes":""},"class_list":["post-2","page","type-page","status-publish","hentry"],"yoast_head":"<!-- This site is optimized with the Yoast SEO plugin v27.4 - https:\/\/yoast.com\/product\/yoast-seo-wordpress\/ -->\n<title>Id\u00e9es de cadeaux de naissance \u00e9cologiques - Doudou bio<\/title>\n<meta name=\"robots\" content=\"index, follow, max-snippet:-1, max-image-preview:large, max-video-preview:-1\" \/>\n<link rel=\"canonical\" href=\"https:\/\/fast-track.epsi-wis.ovh\/john\/idees-de-cadeaux-de-naissance-ecologiques\/\" \/>\n<meta property=\"og:locale\" content=\"fr_FR\" \/>\n<meta property=\"og:type\" content=\"article\" \/>\n<meta property=\"og:title\" content=\"Id\u00e9es de cadeaux de naissance \u00e9cologiques - Doudou bio\" \/>\n<meta property=\"og:description\" content=\"Offrir un cadeau de naissance \u00e9cologique et plein de tendresse Un b\u00e9b\u00e9 vient de na\u00eetre dans votre entourage ? Offrez un cadeau de naissance \u00e9cologique qui a du sens. Chez Doudou Bio, nous proposons une s\u00e9lection d\u2019articles \u00e9thiques et durables pour c\u00e9l\u00e9brer l\u2019arriv\u00e9e d\u2019un tout-petit tout en respectant l\u2019environnement. Nos doudous en coton bio, nos [&hellip;]\" \/>\n<meta property=\"og:url\" content=\"https:\/\/fast-track.epsi-wis.ovh\/john\/idees-de-cadeaux-de-naissance-ecologiques\/\" \/>\n<meta property=\"og:site_name\" content=\"Doudou bio\" \/>\n<meta property=\"article:modified_time\" content=\"2025-05-24T21:12:58+00:00\" \/>\n<meta property=\"og:image\" content=\"https:\/\/fast-track.epsi-wis.ovh\/john\/wp-content\/uploads\/2025\/05\/Peluche-bebe.jpeg\" \/>\n\t<meta property=\"og:image:width\" content=\"770\" \/>\n\t<meta property=\"og:image:height\" content=\"434\" \/>\n\t<meta property=\"og:image:type\" content=\"image\/jpeg\" \/>\n<meta name=\"twitter:card\" content=\"summary_large_image\" \/>\n<meta name=\"twitter:label1\" content=\"Dur\u00e9e de lecture estim\u00e9e\" \/>\n\t<meta name=\"twitter:data1\" content=\"1 minute\" \/>\n<script type=\"application\/ld+json\" class=\"yoast-schema-graph\">{\"@context\":\"https:\\\/\\\/schema.org\",\"@graph\":[{\"@type\":\"WebPage\",\"@id\":\"https:\\\/\\\/fast-track.epsi-wis.ovh\\\/john\\\/idees-de-cadeaux-de-naissance-ecologiques\\\/\",\"url\":\"https:\\\/\\\/fast-track.epsi-wis.ovh\\\/john\\\/idees-de-cadeaux-de-naissance-ecologiques\\\/\",\"name\":\"Id\u00e9es de cadeaux de naissance \u00e9cologiques - Doudou bio\",\"isPartOf\":{\"@id\":\"https:\\\/\\\/fast-track.epsi-wis.ovh\\\/john\\\/#website\"},\"primaryImageOfPage\":{\"@id\":\"https:\\\/\\\/fast-track.epsi-wis.ovh\\\/john\\\/idees-de-cadeaux-de-naissance-ecologiques\\\/#primaryimage\"},\"image\":{\"@id\":\"https:\\\/\\\/fast-track.epsi-wis.ovh\\\/john\\\/idees-de-cadeaux-de-naissance-ecologiques\\\/#primaryimage\"},\"thumbnailUrl\":\"https:\\\/\\\/fast-track.epsi-wis.ovh\\\/john\\\/wp-content\\\/uploads\\\/2025\\\/05\\\/Peluche-bebe.jpeg\",\"datePublished\":\"2025-04-09T08:16:11+00:00\",\"dateModified\":\"2025-05-24T21:12:58+00:00\",\"breadcrumb\":{\"@id\":\"https:\\\/\\\/fast-track.epsi-wis.ovh\\\/john\\\/idees-de-cadeaux-de-naissance-ecologiques\\\/#breadcrumb\"},\"inLanguage\":\"fr-FR\",\"potentialAction\":[{\"@type\":\"ReadAction\",\"target\":[\"https:\\\/\\\/fast-track.epsi-wis.ovh\\\/john\\\/idees-de-cadeaux-de-naissance-ecologiques\\\/\"]}]},{\"@type\":\"ImageObject\",\"inLanguage\":\"fr-FR\",\"@id\":\"https:\\\/\\\/fast-track.epsi-wis.ovh\\\/john\\\/idees-de-cadeaux-de-naissance-ecologiques\\\/#primaryimage\",\"url\":\"https:\\\/\\\/fast-track.epsi-wis.ovh\\\/john\\\/wp-content\\\/uploads\\\/2025\\\/05\\\/Peluche-bebe.jpeg\",\"contentUrl\":\"https:\\\/\\\/fast-track.epsi-wis.ovh\\\/john\\\/wp-content\\\/uploads\\\/2025\\\/05\\\/Peluche-bebe.jpeg\",\"width\":770,\"height\":434},{\"@type\":\"BreadcrumbList\",\"@id\":\"https:\\\/\\\/fast-track.epsi-wis.ovh\\\/john\\\/idees-de-cadeaux-de-naissance-ecologiques\\\/#breadcrumb\",\"itemListElement\":[{\"@type\":\"ListItem\",\"position\":1,\"name\":\"Accueil\",\"item\":\"https:\\\/\\\/fast-track.epsi-wis.ovh\\\/john\\\/\"},{\"@type\":\"ListItem\",\"position\":2,\"name\":\"Id\u00e9es de cadeaux de naissance \u00e9cologiques\"}]},{\"@type\":\"WebSite\",\"@id\":\"https:\\\/\\\/fast-track.epsi-wis.ovh\\\/john\\\/#website\",\"url\":\"https:\\\/\\\/fast-track.epsi-wis.ovh\\\/john\\\/\",\"name\":\"Zelvoria\",\"description\":\"\",\"publisher\":{\"@id\":\"https:\\\/\\\/fast-track.epsi-wis.ovh\\\/john\\\/#organization\"},\"potentialAction\":[{\"@type\":\"SearchAction\",\"target\":{\"@type\":\"EntryPoint\",\"urlTemplate\":\"https:\\\/\\\/fast-track.epsi-wis.ovh\\\/john\\\/?s={search_term_string}\"},\"query-input\":{\"@type\":\"PropertyValueSpecification\",\"valueRequired\":true,\"valueName\":\"search_term_string\"}}],\"inLanguage\":\"fr-FR\"},{\"@type\":\"Organization\",\"@id\":\"https:\\\/\\\/fast-track.epsi-wis.ovh\\\/john\\\/#organization\",\"name\":\"Zelvoria\",\"url\":\"https:\\\/\\\/fast-track.epsi-wis.ovh\\\/john\\\/\",\"logo\":{\"@type\":\"ImageObject\",\"inLanguage\":\"fr-FR\",\"@id\":\"https:\\\/\\\/fast-track.epsi-wis.ovh\\\/john\\\/#\\\/schema\\\/logo\\\/image\\\/\",\"url\":\"https:\\\/\\\/fast-track.epsi-wis.ovh\\\/john\\\/wp-content\\\/uploads\\\/2025\\\/05\\\/porschewallpaper-1-2.jpg\",\"contentUrl\":\"https:\\\/\\\/fast-track.epsi-wis.ovh\\\/john\\\/wp-content\\\/uploads\\\/2025\\\/05\\\/porschewallpaper-1-2.jpg\",\"width\":900,\"height\":600,\"caption\":\"Zelvoria\"},\"image\":{\"@id\":\"https:\\\/\\\/fast-track.epsi-wis.ovh\\\/john\\\/#\\\/schema\\\/logo\\\/image\\\/\"}}]}<\/script>\n<!-- \/ Yoast SEO plugin. -->","yoast_head_json":{"title":"Id\u00e9es de cadeaux de naissance \u00e9cologiques - Doudou bio","robots":{"index":"index","follow":"follow","max-snippet":"max-snippet:-1","max-image-preview":"max-image-preview:large","max-video-preview":"max-video-preview:-1"},"canonical":"https:\/\/fast-track.epsi-wis.ovh\/john\/idees-de-cadeaux-de-naissance-ecologiques\/","og_locale":"fr_FR","og_type":"article","og_title":"Id\u00e9es de cadeaux de naissance \u00e9cologiques - Doudou bio","og_description":"Offrir un cadeau de naissance \u00e9cologique et plein de tendresse Un b\u00e9b\u00e9 vient de na\u00eetre dans votre entourage ? Offrez un cadeau de naissance \u00e9cologique qui a du sens. Chez Doudou Bio, nous proposons une s\u00e9lection d\u2019articles \u00e9thiques et durables pour c\u00e9l\u00e9brer l\u2019arriv\u00e9e d\u2019un tout-petit tout en respectant l\u2019environnement. Nos doudous en coton bio, nos [&hellip;]","og_url":"https:\/\/fast-track.epsi-wis.ovh\/john\/idees-de-cadeaux-de-naissance-ecologiques\/","og_site_name":"Doudou bio","article_modified_time":"2025-05-24T21:12:58+00:00","og_image":[{"width":770,"height":434,"url":"https:\/\/fast-track.epsi-wis.ovh\/john\/wp-content\/uploads\/2025\/05\/Peluche-bebe.jpeg","type":"image\/jpeg"}],"twitter_card":"summary_large_image","twitter_misc":{"Dur\u00e9e de lecture estim\u00e9e":"1 minute"},"schema":{"@context":"https:\/\/schema.org","@graph":[{"@type":"WebPage","@id":"https:\/\/fast-track.epsi-wis.ovh\/john\/idees-de-cadeaux-de-naissance-ecologiques\/","url":"https:\/\/fast-track.epsi-wis.ovh\/john\/idees-de-cadeaux-de-naissance-ecologiques\/","name":"Id\u00e9es de cadeaux de naissance \u00e9cologiques - Doudou bio","isPartOf":{"@id":"https:\/\/fast-track.epsi-wis.ovh\/john\/#website"},"primaryImageOfPage":{"@id":"https:\/\/fast-track.epsi-wis.ovh\/john\/idees-de-cadeaux-de-naissance-ecologiques\/#primaryimage"},"image":{"@id":"https:\/\/fast-track.epsi-wis.ovh\/john\/idees-de-cadeaux-de-naissance-ecologiques\/#primaryimage"},"thumbnailUrl":"https:\/\/fast-track.epsi-wis.ovh\/john\/wp-content\/uploads\/2025\/05\/Peluche-bebe.jpeg","datePublished":"2025-04-09T08:16:11+00:00","dateModified":"2025-05-24T21:12:58+00:00","breadcrumb":{"@id":"https:\/\/fast-track.epsi-wis.ovh\/john\/idees-de-cadeaux-de-naissance-ecologiques\/#breadcrumb"},"inLanguage":"fr-FR","potentialAction":[{"@type":"ReadAction","target":["https:\/\/fast-track.epsi-wis.ovh\/john\/idees-de-cadeaux-de-naissance-ecologiques\/"]}]},{"@type":"ImageObject","inLanguage":"fr-FR","@id":"https:\/\/fast-track.epsi-wis.ovh\/john\/idees-de-cadeaux-de-naissance-ecologiques\/#primaryimage","url":"https:\/\/fast-track.epsi-wis.ovh\/john\/wp-content\/uploads\/2025\/05\/Peluche-bebe.jpeg","contentUrl":"https:\/\/fast-track.epsi-wis.ovh\/john\/wp-content\/uploads\/2025\/05\/Peluche-bebe.jpeg","width":770,"height":434},{"@type":"BreadcrumbList","@id":"https:\/\/fast-track.epsi-wis.ovh\/john\/idees-de-cadeaux-de-naissance-ecologiques\/#breadcrumb","itemListElement":[{"@type":"ListItem","position":1,"name":"Accueil","item":"https:\/\/fast-track.epsi-wis.ovh\/john\/"},{"@type":"ListItem","position":2,"name":"Id\u00e9es de cadeaux de naissance \u00e9cologiques"}]},{"@type":"WebSite","@id":"https:\/\/fast-track.epsi-wis.ovh\/john\/#website","url":"https:\/\/fast-track.epsi-wis.ovh\/john\/","name":"Zelvoria","description":"","publisher":{"@id":"https:\/\/fast-track.epsi-wis.ovh\/john\/#organization"},"potentialAction":[{"@type":"SearchAction","target":{"@type":"EntryPoint","urlTemplate":"https:\/\/fast-track.epsi-wis.ovh\/john\/?s={search_term_string}"},"query-input":{"@type":"PropertyValueSpecification","valueRequired":true,"valueName":"search_term_string"}}],"inLanguage":"fr-FR"},{"@type":"Organization","@id":"https:\/\/fast-track.epsi-wis.ovh\/john\/#organization","name":"Zelvoria","url":"https:\/\/fast-track.epsi-wis.ovh\/john\/","logo":{"@type":"ImageObject","inLanguage":"fr-FR","@id":"https:\/\/fast-track.epsi-wis.ovh\/john\/#\/schema\/logo\/image\/","url":"https:\/\/fast-track.epsi-wis.ovh\/john\/wp-content\/uploads\/2025\/05\/porschewallpaper-1-2.jpg","contentUrl":"https:\/\/fast-track.epsi-wis.ovh\/john\/wp-content\/uploads\/2025\/05\/porschewallpaper-1-2.jpg","width":900,"height":600,"caption":"Zelvoria"},"image":{"@id":"https:\/\/fast-track.epsi-wis.ovh\/john\/#\/schema\/logo\/image\/"}}]}},"_links":{"self":[{"href":"https:\/\/fast-track.epsi-wis.ovh\/john\/wp-json\/wp\/v2\/pages\/2","targetHints":{"allow":["GET"]}}],"collection":[{"href":"https:\/\/fast-track.epsi-wis.ovh\/john\/wp-json\/wp\/v2\/pages"}],"about":[{"href":"https:\/\/fast-track.epsi-wis.ovh\/john\/wp-json\/wp\/v2\/types\/page"}],"author":[{"embeddable":true,"href":"https:\/\/fast-track.epsi-wis.ovh\/john\/wp-json\/wp\/v2\/users\/1"}],"replies":[{"embeddable":true,"href":"https:\/\/fast-track.epsi-wis.ovh\/john\/wp-json\/wp\/v2\/comments?post=2"}],"version-history":[{"count":23,"href":"https:\/\/fast-track.epsi-wis.ovh\/john\/wp-json\/wp\/v2\/pages\/2\/revisions"}],"predecessor-version":[{"id":191,"href":"https:\/\/fast-track.epsi-wis.ovh\/john\/wp-json\/wp\/v2\/pages\/2\/revisions\/191"}],"wp:attachment":[{"href":"https:\/\/fast-track.epsi-wis.ovh\/john\/wp-json\/wp\/v2\/media?parent=2"}],"curies":[{"name":"wp","href":"https:\/\/api.w.org\/{rel}","templated":true}]}}