{"id":70,"date":"2025-05-23T17:24:19","date_gmt":"2025-05-23T15:24:19","guid":{"rendered":"https:\/\/fast-track.epsi-wis.ovh\/john\/?page_id=70"},"modified":"2025-05-24T23:29:57","modified_gmt":"2025-05-24T21:29:57","slug":"doudous-bio-faits-main-pour-bebes","status":"publish","type":"page","link":"https:\/\/fast-track.epsi-wis.ovh\/john\/doudous-bio-faits-main-pour-bebes\/","title":{"rendered":"Doudous bio faits main pour b\u00e9b\u00e9s"},"content":{"rendered":"\n<p><\/p>\n\n\n\n<p><\/p>\n\n\n\n<h2 class=\"wp-block-heading\">Des nouveaux amis pour les nouveaux n\u00e9s :<\/h2>\n\n\n\n<div class=\"wp-block-columns is-layout-flex wp-container-core-columns-is-layout-9d6595d7 wp-block-columns-is-layout-flex\">\n<div class=\"wp-block-column is-layout-flow wp-block-column-is-layout-flow\">\n<figure class=\"wp-block-image size-full\"><img fetchpriority=\"high\" decoding=\"async\" width=\"768\" height=\"768\" src=\"https:\/\/fast-track.epsi-wis.ovh\/john\/wp-content\/uploads\/2025\/05\/doudou1.jpg\" alt=\"\" class=\"wp-image-127\" srcset=\"https:\/\/fast-track.epsi-wis.ovh\/john\/wp-content\/uploads\/2025\/05\/doudou1.jpg 768w, https:\/\/fast-track.epsi-wis.ovh\/john\/wp-content\/uploads\/2025\/05\/doudou1-300x300.jpg 300w\" sizes=\"(max-width: 768px) 100vw, 768px\" \/><\/figure>\n<\/div>\n\n\n\n<div class=\"wp-block-column is-layout-flow wp-block-column-is-layout-flow\">\n<figure class=\"wp-block-image size-full\"><img decoding=\"async\" width=\"1024\" height=\"1024\" src=\"https:\/\/fast-track.epsi-wis.ovh\/john\/wp-content\/uploads\/2025\/05\/doudou2.jpg\" alt=\"\" class=\"wp-image-128\" srcset=\"https:\/\/fast-track.epsi-wis.ovh\/john\/wp-content\/uploads\/2025\/05\/doudou2.jpg 1024w, https:\/\/fast-track.epsi-wis.ovh\/john\/wp-content\/uploads\/2025\/05\/doudou2-300x300.jpg 300w, https:\/\/fast-track.epsi-wis.ovh\/john\/wp-content\/uploads\/2025\/05\/doudou2-768x768.jpg 768w\" sizes=\"(max-width: 1024px) 100vw, 1024px\" \/><\/figure>\n<\/div>\n\n\n\n<div class=\"wp-block-column is-layout-flow wp-block-column-is-layout-flow\">\n<figure class=\"wp-block-image size-full\"><img decoding=\"async\" width=\"1024\" height=\"973\" src=\"https:\/\/fast-track.epsi-wis.ovh\/john\/wp-content\/uploads\/2025\/05\/doudou4.jpg\" alt=\"\" class=\"wp-image-132\" srcset=\"https:\/\/fast-track.epsi-wis.ovh\/john\/wp-content\/uploads\/2025\/05\/doudou4.jpg 1024w, https:\/\/fast-track.epsi-wis.ovh\/john\/wp-content\/uploads\/2025\/05\/doudou4-316x300.jpg 316w, https:\/\/fast-track.epsi-wis.ovh\/john\/wp-content\/uploads\/2025\/05\/doudou4-768x730.jpg 768w\" sizes=\"(max-width: 1024px) 100vw, 1024px\" \/><\/figure>\n<\/div>\n\n\n\n<div class=\"wp-block-column is-layout-flow wp-block-column-is-layout-flow\">\n<figure class=\"wp-block-image size-full\"><img loading=\"lazy\" decoding=\"async\" width=\"768\" height=\"730\" src=\"https:\/\/fast-track.epsi-wis.ovh\/john\/wp-content\/uploads\/2025\/05\/doudou3.jpg\" alt=\"\" class=\"wp-image-129\" srcset=\"https:\/\/fast-track.epsi-wis.ovh\/john\/wp-content\/uploads\/2025\/05\/doudou3.jpg 768w, https:\/\/fast-track.epsi-wis.ovh\/john\/wp-content\/uploads\/2025\/05\/doudou3-316x300.jpg 316w\" sizes=\"(max-width: 768px) 100vw, 768px\" \/><\/figure>\n<\/div>\n<\/div>\n\n\n\n<h3 class=\"wp-block-heading\">Doudous bio faits main pour b\u00e9b\u00e9s : le choix naturel et s\u00e9curis\u00e9<\/h3>\n\n\n\n<p class=\"has-text-align-center\"><\/p>\n\n\n\n<div class=\"wp-block-media-text is-stacked-on-mobile\"><figure class=\"wp-block-media-text__media\"><img loading=\"lazy\" decoding=\"async\" width=\"768\" height=\"713\" src=\"https:\/\/fast-track.epsi-wis.ovh\/john\/wp-content\/uploads\/2025\/05\/doudou5.jpg\" alt=\"\" class=\"wp-image-140 size-full\" srcset=\"https:\/\/fast-track.epsi-wis.ovh\/john\/wp-content\/uploads\/2025\/05\/doudou5.jpg 768w, https:\/\/fast-track.epsi-wis.ovh\/john\/wp-content\/uploads\/2025\/05\/doudou5-323x300.jpg 323w\" sizes=\"(max-width: 768px) 100vw, 768px\" \/><\/figure><div class=\"wp-block-media-text__content\">\n<p style=\"font-size:25px\">Chez <strong>Doudou Bio<\/strong>, nous croyons qu\u2019un doudou doit \u00eatre \u00e0 la fois doux, sain et respectueux de la plan\u00e8te. C\u2019est pourquoi nous cr\u00e9ons des <strong>doudous bio faits main<\/strong>, con\u00e7us avec amour \u00e0 partir de coton 100 % biologique certifi\u00e9 GOTS. Chaque pi\u00e8ce est unique, fabriqu\u00e9e en France dans notre atelier familial.<\/p>\n<\/div><\/div>\n\n\n\n<p class=\"has-text-align-center\"><\/p>\n\n\n\n<div class=\"wp-block-media-text has-media-on-the-right is-stacked-on-mobile\"><div class=\"wp-block-media-text__content\">\n<p style=\"font-size:25px\">Nos doudous sont parfaits pour accompagner b\u00e9b\u00e9 d\u00e8s la naissance. Sans produits chimiques, sans substances nocives, ils respectent la peau sensible des tout-petits. Leur design est pens\u00e9 pour stimuler les sens tout en offrant une pr\u00e9sence rassurante.<\/p>\n<\/div><figure class=\"wp-block-media-text__media\"><img loading=\"lazy\" decoding=\"async\" width=\"1024\" height=\"1024\" src=\"https:\/\/fast-track.epsi-wis.ovh\/john\/wp-content\/uploads\/2025\/05\/doudou6.jpg\" alt=\"\" class=\"wp-image-141 size-full\" srcset=\"https:\/\/fast-track.epsi-wis.ovh\/john\/wp-content\/uploads\/2025\/05\/doudou6.jpg 1024w, https:\/\/fast-track.epsi-wis.ovh\/john\/wp-content\/uploads\/2025\/05\/doudou6-300x300.jpg 300w, https:\/\/fast-track.epsi-wis.ovh\/john\/wp-content\/uploads\/2025\/05\/doudou6-768x768.jpg 768w\" sizes=\"(max-width: 1024px) 100vw, 1024px\" \/><\/figure><\/div>\n\n\n\n<p class=\"has-text-align-center\" style=\"font-size:25px\">Offrir un <strong>doudou bio fait main<\/strong>, c\u2019est aussi soutenir une d\u00e9marche \u00e9thique. En choisissant Doudou Bio, vous encouragez une production artisanale locale et durable. Chaque doudou est cousu avec soin pour garantir qualit\u00e9, s\u00e9curit\u00e9 et long\u00e9vit\u00e9.<\/p>\n\n\n\n<p><\/p>\n","protected":false},"excerpt":{"rendered":"<p>Des nouveaux amis pour les nouveaux n\u00e9s : Doudous bio faits main pour b\u00e9b\u00e9s : le choix naturel et s\u00e9curis\u00e9 Chez Doudou Bio, nous croyons qu\u2019un doudou doit \u00eatre \u00e0 la fois doux, sain et respectueux de la plan\u00e8te. C\u2019est pourquoi nous cr\u00e9ons des doudous bio faits main, con\u00e7us avec amour \u00e0 partir de coton [&hellip;]<\/p>\n","protected":false},"author":1,"featured_media":0,"parent":0,"menu_order":0,"comment_status":"closed","ping_status":"closed","template":"","meta":{"footnotes":""},"class_list":["post-70","page","type-page","status-publish","hentry"],"yoast_head":"<!-- This site is optimized with the Yoast SEO plugin v27.4 - https:\/\/yoast.com\/product\/yoast-seo-wordpress\/ -->\n<title>Doudous bio faits main pour b\u00e9b\u00e9s - Doudou bio<\/title>\n<meta name=\"robots\" content=\"index, follow, max-snippet:-1, max-image-preview:large, max-video-preview:-1\" \/>\n<link rel=\"canonical\" href=\"https:\/\/fast-track.epsi-wis.ovh\/john\/doudous-bio-faits-main-pour-bebes\/\" \/>\n<meta property=\"og:locale\" content=\"fr_FR\" \/>\n<meta property=\"og:type\" content=\"article\" \/>\n<meta property=\"og:title\" content=\"Doudous bio faits main pour b\u00e9b\u00e9s - Doudou bio\" \/>\n<meta property=\"og:description\" content=\"Des nouveaux amis pour les nouveaux n\u00e9s : Doudous bio faits main pour b\u00e9b\u00e9s : le choix naturel et s\u00e9curis\u00e9 Chez Doudou Bio, nous croyons qu\u2019un doudou doit \u00eatre \u00e0 la fois doux, sain et respectueux de la plan\u00e8te. C\u2019est pourquoi nous cr\u00e9ons des doudous bio faits main, con\u00e7us avec amour \u00e0 partir de coton [&hellip;]\" \/>\n<meta property=\"og:url\" content=\"https:\/\/fast-track.epsi-wis.ovh\/john\/doudous-bio-faits-main-pour-bebes\/\" \/>\n<meta property=\"og:site_name\" content=\"Doudou bio\" \/>\n<meta property=\"article:modified_time\" content=\"2025-05-24T21:29:57+00:00\" \/>\n<meta property=\"og:image\" content=\"https:\/\/fast-track.epsi-wis.ovh\/john\/wp-content\/uploads\/2025\/05\/doudou1.jpg\" \/>\n\t<meta property=\"og:image:width\" content=\"768\" \/>\n\t<meta property=\"og:image:height\" content=\"768\" \/>\n\t<meta property=\"og:image:type\" content=\"image\/jpeg\" \/>\n<meta name=\"twitter:card\" content=\"summary_large_image\" \/>\n<meta name=\"twitter:label1\" content=\"Dur\u00e9e de lecture estim\u00e9e\" \/>\n\t<meta name=\"twitter:data1\" content=\"2 minutes\" \/>\n<script type=\"application\/ld+json\" class=\"yoast-schema-graph\">{\"@context\":\"https:\\\/\\\/schema.org\",\"@graph\":[{\"@type\":\"WebPage\",\"@id\":\"https:\\\/\\\/fast-track.epsi-wis.ovh\\\/john\\\/doudous-bio-faits-main-pour-bebes\\\/\",\"url\":\"https:\\\/\\\/fast-track.epsi-wis.ovh\\\/john\\\/doudous-bio-faits-main-pour-bebes\\\/\",\"name\":\"Doudous bio faits main pour b\u00e9b\u00e9s - Doudou bio\",\"isPartOf\":{\"@id\":\"https:\\\/\\\/fast-track.epsi-wis.ovh\\\/john\\\/#website\"},\"primaryImageOfPage\":{\"@id\":\"https:\\\/\\\/fast-track.epsi-wis.ovh\\\/john\\\/doudous-bio-faits-main-pour-bebes\\\/#primaryimage\"},\"image\":{\"@id\":\"https:\\\/\\\/fast-track.epsi-wis.ovh\\\/john\\\/doudous-bio-faits-main-pour-bebes\\\/#primaryimage\"},\"thumbnailUrl\":\"https:\\\/\\\/fast-track.epsi-wis.ovh\\\/john\\\/wp-content\\\/uploads\\\/2025\\\/05\\\/doudou1.jpg\",\"datePublished\":\"2025-05-23T15:24:19+00:00\",\"dateModified\":\"2025-05-24T21:29:57+00:00\",\"breadcrumb\":{\"@id\":\"https:\\\/\\\/fast-track.epsi-wis.ovh\\\/john\\\/doudous-bio-faits-main-pour-bebes\\\/#breadcrumb\"},\"inLanguage\":\"fr-FR\",\"potentialAction\":[{\"@type\":\"ReadAction\",\"target\":[\"https:\\\/\\\/fast-track.epsi-wis.ovh\\\/john\\\/doudous-bio-faits-main-pour-bebes\\\/\"]}]},{\"@type\":\"ImageObject\",\"inLanguage\":\"fr-FR\",\"@id\":\"https:\\\/\\\/fast-track.epsi-wis.ovh\\\/john\\\/doudous-bio-faits-main-pour-bebes\\\/#primaryimage\",\"url\":\"https:\\\/\\\/fast-track.epsi-wis.ovh\\\/john\\\/wp-content\\\/uploads\\\/2025\\\/05\\\/doudou1.jpg\",\"contentUrl\":\"https:\\\/\\\/fast-track.epsi-wis.ovh\\\/john\\\/wp-content\\\/uploads\\\/2025\\\/05\\\/doudou1.jpg\",\"width\":768,\"height\":768},{\"@type\":\"BreadcrumbList\",\"@id\":\"https:\\\/\\\/fast-track.epsi-wis.ovh\\\/john\\\/doudous-bio-faits-main-pour-bebes\\\/#breadcrumb\",\"itemListElement\":[{\"@type\":\"ListItem\",\"position\":1,\"name\":\"Accueil\",\"item\":\"https:\\\/\\\/fast-track.epsi-wis.ovh\\\/john\\\/\"},{\"@type\":\"ListItem\",\"position\":2,\"name\":\"Doudous bio faits main pour b\u00e9b\u00e9s\"}]},{\"@type\":\"WebSite\",\"@id\":\"https:\\\/\\\/fast-track.epsi-wis.ovh\\\/john\\\/#website\",\"url\":\"https:\\\/\\\/fast-track.epsi-wis.ovh\\\/john\\\/\",\"name\":\"Zelvoria\",\"description\":\"\",\"publisher\":{\"@id\":\"https:\\\/\\\/fast-track.epsi-wis.ovh\\\/john\\\/#organization\"},\"potentialAction\":[{\"@type\":\"SearchAction\",\"target\":{\"@type\":\"EntryPoint\",\"urlTemplate\":\"https:\\\/\\\/fast-track.epsi-wis.ovh\\\/john\\\/?s={search_term_string}\"},\"query-input\":{\"@type\":\"PropertyValueSpecification\",\"valueRequired\":true,\"valueName\":\"search_term_string\"}}],\"inLanguage\":\"fr-FR\"},{\"@type\":\"Organization\",\"@id\":\"https:\\\/\\\/fast-track.epsi-wis.ovh\\\/john\\\/#organization\",\"name\":\"Zelvoria\",\"url\":\"https:\\\/\\\/fast-track.epsi-wis.ovh\\\/john\\\/\",\"logo\":{\"@type\":\"ImageObject\",\"inLanguage\":\"fr-FR\",\"@id\":\"https:\\\/\\\/fast-track.epsi-wis.ovh\\\/john\\\/#\\\/schema\\\/logo\\\/image\\\/\",\"url\":\"https:\\\/\\\/fast-track.epsi-wis.ovh\\\/john\\\/wp-content\\\/uploads\\\/2025\\\/05\\\/porschewallpaper-1-2.jpg\",\"contentUrl\":\"https:\\\/\\\/fast-track.epsi-wis.ovh\\\/john\\\/wp-content\\\/uploads\\\/2025\\\/05\\\/porschewallpaper-1-2.jpg\",\"width\":900,\"height\":600,\"caption\":\"Zelvoria\"},\"image\":{\"@id\":\"https:\\\/\\\/fast-track.epsi-wis.ovh\\\/john\\\/#\\\/schema\\\/logo\\\/image\\\/\"}}]}<\/script>\n<!-- \/ Yoast SEO plugin. -->","yoast_head_json":{"title":"Doudous bio faits main pour b\u00e9b\u00e9s - Doudou bio","robots":{"index":"index","follow":"follow","max-snippet":"max-snippet:-1","max-image-preview":"max-image-preview:large","max-video-preview":"max-video-preview:-1"},"canonical":"https:\/\/fast-track.epsi-wis.ovh\/john\/doudous-bio-faits-main-pour-bebes\/","og_locale":"fr_FR","og_type":"article","og_title":"Doudous bio faits main pour b\u00e9b\u00e9s - Doudou bio","og_description":"Des nouveaux amis pour les nouveaux n\u00e9s : Doudous bio faits main pour b\u00e9b\u00e9s : le choix naturel et s\u00e9curis\u00e9 Chez Doudou Bio, nous croyons qu\u2019un doudou doit \u00eatre \u00e0 la fois doux, sain et respectueux de la plan\u00e8te. C\u2019est pourquoi nous cr\u00e9ons des doudous bio faits main, con\u00e7us avec amour \u00e0 partir de coton [&hellip;]","og_url":"https:\/\/fast-track.epsi-wis.ovh\/john\/doudous-bio-faits-main-pour-bebes\/","og_site_name":"Doudou bio","article_modified_time":"2025-05-24T21:29:57+00:00","og_image":[{"width":768,"height":768,"url":"https:\/\/fast-track.epsi-wis.ovh\/john\/wp-content\/uploads\/2025\/05\/doudou1.jpg","type":"image\/jpeg"}],"twitter_card":"summary_large_image","twitter_misc":{"Dur\u00e9e de lecture estim\u00e9e":"2 minutes"},"schema":{"@context":"https:\/\/schema.org","@graph":[{"@type":"WebPage","@id":"https:\/\/fast-track.epsi-wis.ovh\/john\/doudous-bio-faits-main-pour-bebes\/","url":"https:\/\/fast-track.epsi-wis.ovh\/john\/doudous-bio-faits-main-pour-bebes\/","name":"Doudous bio faits main pour b\u00e9b\u00e9s - Doudou bio","isPartOf":{"@id":"https:\/\/fast-track.epsi-wis.ovh\/john\/#website"},"primaryImageOfPage":{"@id":"https:\/\/fast-track.epsi-wis.ovh\/john\/doudous-bio-faits-main-pour-bebes\/#primaryimage"},"image":{"@id":"https:\/\/fast-track.epsi-wis.ovh\/john\/doudous-bio-faits-main-pour-bebes\/#primaryimage"},"thumbnailUrl":"https:\/\/fast-track.epsi-wis.ovh\/john\/wp-content\/uploads\/2025\/05\/doudou1.jpg","datePublished":"2025-05-23T15:24:19+00:00","dateModified":"2025-05-24T21:29:57+00:00","breadcrumb":{"@id":"https:\/\/fast-track.epsi-wis.ovh\/john\/doudous-bio-faits-main-pour-bebes\/#breadcrumb"},"inLanguage":"fr-FR","potentialAction":[{"@type":"ReadAction","target":["https:\/\/fast-track.epsi-wis.ovh\/john\/doudous-bio-faits-main-pour-bebes\/"]}]},{"@type":"ImageObject","inLanguage":"fr-FR","@id":"https:\/\/fast-track.epsi-wis.ovh\/john\/doudous-bio-faits-main-pour-bebes\/#primaryimage","url":"https:\/\/fast-track.epsi-wis.ovh\/john\/wp-content\/uploads\/2025\/05\/doudou1.jpg","contentUrl":"https:\/\/fast-track.epsi-wis.ovh\/john\/wp-content\/uploads\/2025\/05\/doudou1.jpg","width":768,"height":768},{"@type":"BreadcrumbList","@id":"https:\/\/fast-track.epsi-wis.ovh\/john\/doudous-bio-faits-main-pour-bebes\/#breadcrumb","itemListElement":[{"@type":"ListItem","position":1,"name":"Accueil","item":"https:\/\/fast-track.epsi-wis.ovh\/john\/"},{"@type":"ListItem","position":2,"name":"Doudous bio faits main pour b\u00e9b\u00e9s"}]},{"@type":"WebSite","@id":"https:\/\/fast-track.epsi-wis.ovh\/john\/#website","url":"https:\/\/fast-track.epsi-wis.ovh\/john\/","name":"Zelvoria","description":"","publisher":{"@id":"https:\/\/fast-track.epsi-wis.ovh\/john\/#organization"},"potentialAction":[{"@type":"SearchAction","target":{"@type":"EntryPoint","urlTemplate":"https:\/\/fast-track.epsi-wis.ovh\/john\/?s={search_term_string}"},"query-input":{"@type":"PropertyValueSpecification","valueRequired":true,"valueName":"search_term_string"}}],"inLanguage":"fr-FR"},{"@type":"Organization","@id":"https:\/\/fast-track.epsi-wis.ovh\/john\/#organization","name":"Zelvoria","url":"https:\/\/fast-track.epsi-wis.ovh\/john\/","logo":{"@type":"ImageObject","inLanguage":"fr-FR","@id":"https:\/\/fast-track.epsi-wis.ovh\/john\/#\/schema\/logo\/image\/","url":"https:\/\/fast-track.epsi-wis.ovh\/john\/wp-content\/uploads\/2025\/05\/porschewallpaper-1-2.jpg","contentUrl":"https:\/\/fast-track.epsi-wis.ovh\/john\/wp-content\/uploads\/2025\/05\/porschewallpaper-1-2.jpg","width":900,"height":600,"caption":"Zelvoria"},"image":{"@id":"https:\/\/fast-track.epsi-wis.ovh\/john\/#\/schema\/logo\/image\/"}}]}},"_links":{"self":[{"href":"https:\/\/fast-track.epsi-wis.ovh\/john\/wp-json\/wp\/v2\/pages\/70","targetHints":{"allow":["GET"]}}],"collection":[{"href":"https:\/\/fast-track.epsi-wis.ovh\/john\/wp-json\/wp\/v2\/pages"}],"about":[{"href":"https:\/\/fast-track.epsi-wis.ovh\/john\/wp-json\/wp\/v2\/types\/page"}],"author":[{"embeddable":true,"href":"https:\/\/fast-track.epsi-wis.ovh\/john\/wp-json\/wp\/v2\/users\/1"}],"replies":[{"embeddable":true,"href":"https:\/\/fast-track.epsi-wis.ovh\/john\/wp-json\/wp\/v2\/comments?post=70"}],"version-history":[{"count":17,"href":"https:\/\/fast-track.epsi-wis.ovh\/john\/wp-json\/wp\/v2\/pages\/70\/revisions"}],"predecessor-version":[{"id":201,"href":"https:\/\/fast-track.epsi-wis.ovh\/john\/wp-json\/wp\/v2\/pages\/70\/revisions\/201"}],"wp:attachment":[{"href":"https:\/\/fast-track.epsi-wis.ovh\/john\/wp-json\/wp\/v2\/media?parent=70"}],"curies":[{"name":"wp","href":"https:\/\/api.w.org\/{rel}","templated":true}]}}