{"id":120,"date":"2025-06-19T09:58:51","date_gmt":"2025-06-19T07:58:51","guid":{"rendered":"https:\/\/fast-track.epsi-wis.ovh\/kossivi\/?page_id=120"},"modified":"2025-06-19T10:11:22","modified_gmt":"2025-06-19T08:11:22","slug":"mentions-legales","status":"publish","type":"page","link":"https:\/\/fast-track.epsi-wis.ovh\/kossivi\/mentions-legales\/","title":{"rendered":"Mentions l\u00e9gales"},"content":{"rendered":"\n\n\n<details class=\"wp-block-details is-layout-flow wp-block-details-is-layout-flow\"><summary>Editeur<\/summary>\n<p>le site: <a href=\"https:\/\/fast-track.epsi-wis.ovh\/kossivi \">https:\/\/fast-track.epsi-wis.ovh\/kossivi <\/a>est \u00e9dit\u00e9 par la soci\u00e9t\u00e9 E-LINEC SARL au capital de 8000\u20ac<\/p>\n<\/details>\n\n\n\n<details class=\"wp-block-details is-layout-flow wp-block-details-is-layout-flow\"><summary>Si\u00e8ge social<\/summary>\n<p><\/p>\n<\/details>\n\n\n\n<p><strong>E-LINEC<\/strong><\/p>\n\n\n\n<p>7 Avenue Amelie<\/p>\n\n\n\n<p>mailto:contact@e-linec.com<\/p>\n\n\n\n<p><\/p>\n","protected":false},"excerpt":{"rendered":"<p>E-LINEC 7 Avenue Amelie mailto:contact@e-linec.com<\/p>\n","protected":false},"author":1,"featured_media":0,"parent":0,"menu_order":0,"comment_status":"closed","ping_status":"closed","template":"","meta":{"footnotes":""},"class_list":["post-120","page","type-page","status-publish","hentry"],"yoast_head":"<!-- This site is optimized with the Yoast SEO plugin v27.4 - https:\/\/yoast.com\/product\/yoast-seo-wordpress\/ -->\n<title>Mentions l\u00e9gales - hxnxre_avk<\/title>\n<meta name=\"robots\" content=\"index, follow, max-snippet:-1, max-image-preview:large, max-video-preview:-1\" \/>\n<link rel=\"canonical\" href=\"https:\/\/fast-track.epsi-wis.ovh\/kossivi\/mentions-legales\/\" \/>\n<meta property=\"og:locale\" content=\"fr_FR\" \/>\n<meta property=\"og:type\" content=\"article\" \/>\n<meta property=\"og:title\" content=\"Mentions l\u00e9gales - hxnxre_avk\" \/>\n<meta property=\"og:description\" content=\"E-LINEC 7 Avenue Amelie mailto:contact@e-linec.com\" \/>\n<meta property=\"og:url\" content=\"https:\/\/fast-track.epsi-wis.ovh\/kossivi\/mentions-legales\/\" \/>\n<meta property=\"og:site_name\" content=\"hxnxre_avk\" \/>\n<meta property=\"article:modified_time\" content=\"2025-06-19T08:11:22+00:00\" \/>\n<meta name=\"twitter:card\" content=\"summary_large_image\" \/>\n<meta name=\"twitter:label1\" content=\"Dur\u00e9e de lecture estim\u00e9e\" \/>\n\t<meta name=\"twitter:data1\" content=\"1 minute\" \/>\n<script type=\"application\/ld+json\" class=\"yoast-schema-graph\">{\"@context\":\"https:\\\/\\\/schema.org\",\"@graph\":[{\"@type\":\"WebPage\",\"@id\":\"https:\\\/\\\/fast-track.epsi-wis.ovh\\\/kossivi\\\/mentions-legales\\\/\",\"url\":\"https:\\\/\\\/fast-track.epsi-wis.ovh\\\/kossivi\\\/mentions-legales\\\/\",\"name\":\"Mentions l\u00e9gales - hxnxre_avk\",\"isPartOf\":{\"@id\":\"https:\\\/\\\/fast-track.epsi-wis.ovh\\\/kossivi\\\/#website\"},\"datePublished\":\"2025-06-19T07:58:51+00:00\",\"dateModified\":\"2025-06-19T08:11:22+00:00\",\"breadcrumb\":{\"@id\":\"https:\\\/\\\/fast-track.epsi-wis.ovh\\\/kossivi\\\/mentions-legales\\\/#breadcrumb\"},\"inLanguage\":\"fr-FR\",\"potentialAction\":[{\"@type\":\"ReadAction\",\"target\":[\"https:\\\/\\\/fast-track.epsi-wis.ovh\\\/kossivi\\\/mentions-legales\\\/\"]}]},{\"@type\":\"BreadcrumbList\",\"@id\":\"https:\\\/\\\/fast-track.epsi-wis.ovh\\\/kossivi\\\/mentions-legales\\\/#breadcrumb\",\"itemListElement\":[{\"@type\":\"ListItem\",\"position\":1,\"name\":\"Accueil\",\"item\":\"https:\\\/\\\/fast-track.epsi-wis.ovh\\\/kossivi\\\/\"},{\"@type\":\"ListItem\",\"position\":2,\"name\":\"Mentions l\u00e9gales\"}]},{\"@type\":\"WebSite\",\"@id\":\"https:\\\/\\\/fast-track.epsi-wis.ovh\\\/kossivi\\\/#website\",\"url\":\"https:\\\/\\\/fast-track.epsi-wis.ovh\\\/kossivi\\\/\",\"name\":\"hxnxre_avk\",\"description\":\"\",\"publisher\":{\"@id\":\"https:\\\/\\\/fast-track.epsi-wis.ovh\\\/kossivi\\\/#organization\"},\"potentialAction\":[{\"@type\":\"SearchAction\",\"target\":{\"@type\":\"EntryPoint\",\"urlTemplate\":\"https:\\\/\\\/fast-track.epsi-wis.ovh\\\/kossivi\\\/?s={search_term_string}\"},\"query-input\":{\"@type\":\"PropertyValueSpecification\",\"valueRequired\":true,\"valueName\":\"search_term_string\"}}],\"inLanguage\":\"fr-FR\"},{\"@type\":\"Organization\",\"@id\":\"https:\\\/\\\/fast-track.epsi-wis.ovh\\\/kossivi\\\/#organization\",\"name\":\"hxnxre_avk\",\"url\":\"https:\\\/\\\/fast-track.epsi-wis.ovh\\\/kossivi\\\/\",\"logo\":{\"@type\":\"ImageObject\",\"inLanguage\":\"fr-FR\",\"@id\":\"https:\\\/\\\/fast-track.epsi-wis.ovh\\\/kossivi\\\/#\\\/schema\\\/logo\\\/image\\\/\",\"url\":\"https:\\\/\\\/fast-track.epsi-wis.ovh\\\/kossivi\\\/wp-content\\\/uploads\\\/2025\\\/04\\\/IMG_7832-1.jpg\",\"contentUrl\":\"https:\\\/\\\/fast-track.epsi-wis.ovh\\\/kossivi\\\/wp-content\\\/uploads\\\/2025\\\/04\\\/IMG_7832-1.jpg\",\"width\":1600,\"height\":1066,\"caption\":\"hxnxre_avk\"},\"image\":{\"@id\":\"https:\\\/\\\/fast-track.epsi-wis.ovh\\\/kossivi\\\/#\\\/schema\\\/logo\\\/image\\\/\"}}]}<\/script>\n<!-- \/ Yoast SEO plugin. -->","yoast_head_json":{"title":"Mentions l\u00e9gales - hxnxre_avk","robots":{"index":"index","follow":"follow","max-snippet":"max-snippet:-1","max-image-preview":"max-image-preview:large","max-video-preview":"max-video-preview:-1"},"canonical":"https:\/\/fast-track.epsi-wis.ovh\/kossivi\/mentions-legales\/","og_locale":"fr_FR","og_type":"article","og_title":"Mentions l\u00e9gales - hxnxre_avk","og_description":"E-LINEC 7 Avenue Amelie mailto:contact@e-linec.com","og_url":"https:\/\/fast-track.epsi-wis.ovh\/kossivi\/mentions-legales\/","og_site_name":"hxnxre_avk","article_modified_time":"2025-06-19T08:11:22+00:00","twitter_card":"summary_large_image","twitter_misc":{"Dur\u00e9e de lecture estim\u00e9e":"1 minute"},"schema":{"@context":"https:\/\/schema.org","@graph":[{"@type":"WebPage","@id":"https:\/\/fast-track.epsi-wis.ovh\/kossivi\/mentions-legales\/","url":"https:\/\/fast-track.epsi-wis.ovh\/kossivi\/mentions-legales\/","name":"Mentions l\u00e9gales - hxnxre_avk","isPartOf":{"@id":"https:\/\/fast-track.epsi-wis.ovh\/kossivi\/#website"},"datePublished":"2025-06-19T07:58:51+00:00","dateModified":"2025-06-19T08:11:22+00:00","breadcrumb":{"@id":"https:\/\/fast-track.epsi-wis.ovh\/kossivi\/mentions-legales\/#breadcrumb"},"inLanguage":"fr-FR","potentialAction":[{"@type":"ReadAction","target":["https:\/\/fast-track.epsi-wis.ovh\/kossivi\/mentions-legales\/"]}]},{"@type":"BreadcrumbList","@id":"https:\/\/fast-track.epsi-wis.ovh\/kossivi\/mentions-legales\/#breadcrumb","itemListElement":[{"@type":"ListItem","position":1,"name":"Accueil","item":"https:\/\/fast-track.epsi-wis.ovh\/kossivi\/"},{"@type":"ListItem","position":2,"name":"Mentions l\u00e9gales"}]},{"@type":"WebSite","@id":"https:\/\/fast-track.epsi-wis.ovh\/kossivi\/#website","url":"https:\/\/fast-track.epsi-wis.ovh\/kossivi\/","name":"hxnxre_avk","description":"","publisher":{"@id":"https:\/\/fast-track.epsi-wis.ovh\/kossivi\/#organization"},"potentialAction":[{"@type":"SearchAction","target":{"@type":"EntryPoint","urlTemplate":"https:\/\/fast-track.epsi-wis.ovh\/kossivi\/?s={search_term_string}"},"query-input":{"@type":"PropertyValueSpecification","valueRequired":true,"valueName":"search_term_string"}}],"inLanguage":"fr-FR"},{"@type":"Organization","@id":"https:\/\/fast-track.epsi-wis.ovh\/kossivi\/#organization","name":"hxnxre_avk","url":"https:\/\/fast-track.epsi-wis.ovh\/kossivi\/","logo":{"@type":"ImageObject","inLanguage":"fr-FR","@id":"https:\/\/fast-track.epsi-wis.ovh\/kossivi\/#\/schema\/logo\/image\/","url":"https:\/\/fast-track.epsi-wis.ovh\/kossivi\/wp-content\/uploads\/2025\/04\/IMG_7832-1.jpg","contentUrl":"https:\/\/fast-track.epsi-wis.ovh\/kossivi\/wp-content\/uploads\/2025\/04\/IMG_7832-1.jpg","width":1600,"height":1066,"caption":"hxnxre_avk"},"image":{"@id":"https:\/\/fast-track.epsi-wis.ovh\/kossivi\/#\/schema\/logo\/image\/"}}]}},"_links":{"self":[{"href":"https:\/\/fast-track.epsi-wis.ovh\/kossivi\/wp-json\/wp\/v2\/pages\/120","targetHints":{"allow":["GET"]}}],"collection":[{"href":"https:\/\/fast-track.epsi-wis.ovh\/kossivi\/wp-json\/wp\/v2\/pages"}],"about":[{"href":"https:\/\/fast-track.epsi-wis.ovh\/kossivi\/wp-json\/wp\/v2\/types\/page"}],"author":[{"embeddable":true,"href":"https:\/\/fast-track.epsi-wis.ovh\/kossivi\/wp-json\/wp\/v2\/users\/1"}],"replies":[{"embeddable":true,"href":"https:\/\/fast-track.epsi-wis.ovh\/kossivi\/wp-json\/wp\/v2\/comments?post=120"}],"version-history":[{"count":3,"href":"https:\/\/fast-track.epsi-wis.ovh\/kossivi\/wp-json\/wp\/v2\/pages\/120\/revisions"}],"predecessor-version":[{"id":124,"href":"https:\/\/fast-track.epsi-wis.ovh\/kossivi\/wp-json\/wp\/v2\/pages\/120\/revisions\/124"}],"wp:attachment":[{"href":"https:\/\/fast-track.epsi-wis.ovh\/kossivi\/wp-json\/wp\/v2\/media?parent=120"}],"curies":[{"name":"wp","href":"https:\/\/api.w.org\/{rel}","templated":true}]}}