{"id":63,"date":"2025-05-23T17:33:05","date_gmt":"2025-05-23T15:33:05","guid":{"rendered":"https:\/\/fast-track.epsi-wis.ovh\/kossivi\/?page_id=63"},"modified":"2025-05-23T18:48:13","modified_gmt":"2025-05-23T16:48:13","slug":"doudou-bio-pour-bebe","status":"publish","type":"page","link":"https:\/\/fast-track.epsi-wis.ovh\/kossivi\/doudou-bio-pour-bebe\/","title":{"rendered":"Doudou bio pour b\u00e9b\u00e9"},"content":{"rendered":"<h1 style=\"text-align: center;\"><strong>Doudou bio pour b\u00e9b\u00e9: douceur, s\u00e9curit\u00e9 et \u00e9cologie<\/strong><\/h1>\n<p>\u00a0<\/p>\n<p><img fetchpriority=\"high\" decoding=\"async\" class=\"aligncenter wp-image-86 \" src=\"https:\/\/fast-track.epsi-wis.ovh\/kossivi\/wp-content\/uploads\/2025\/05\/alexia-naumovic-doudou-bio-boutique-300x300.jpg\" alt=\"photo de doudou bio\" width=\"552\" height=\"552\" srcset=\"https:\/\/fast-track.epsi-wis.ovh\/kossivi\/wp-content\/uploads\/2025\/05\/alexia-naumovic-doudou-bio-boutique-300x300.jpg 300w, https:\/\/fast-track.epsi-wis.ovh\/kossivi\/wp-content\/uploads\/2025\/05\/alexia-naumovic-doudou-bio-boutique-1024x1024.jpg 1024w, https:\/\/fast-track.epsi-wis.ovh\/kossivi\/wp-content\/uploads\/2025\/05\/alexia-naumovic-doudou-bio-boutique-768x768.jpg 768w, https:\/\/fast-track.epsi-wis.ovh\/kossivi\/wp-content\/uploads\/2025\/05\/alexia-naumovic-doudou-bio-boutique-1536x1536.jpg 1536w, https:\/\/fast-track.epsi-wis.ovh\/kossivi\/wp-content\/uploads\/2025\/05\/alexia-naumovic-doudou-bio-boutique-2048x2048.jpg 2048w\" sizes=\"(max-width: 552px) 100vw, 552px\" \/><\/p>\n<p style=\"text-align: center;\">Offrir un doudou \u00e0 son , c&rsquo;est lui offrir un compagnon de tendresse et de r\u00e9confort. Chez Doudoubio, nous avons fait le choix de proposer des doudous 100% bio, fabriqu\u00e9s avec des mati\u00e8res naturelles, sans produits chimiques, pour respecter la peau sensible des tout-petits et pr\u00e9server la plan\u00e8te.<\/p>\n<h2 style=\"text-align: center;\">\u00a0Pourquoi choisir un doudou bio pour b\u00e9b\u00e9 ?<\/h2>\n<p style=\"text-align: center;\">le coton biologique est cultiv\u00e9 sans produits chimiques, id\u00e9al pour la peau sensible des b\u00e9b\u00e9s.<\/p>\n<h2 style=\"text-align: center;\">La fabrication artisanale fran\u00e7aise<\/h2>\n<p style=\"text-align: center;\">Nos doudous sont con\u00e7us dans notre atelier avec soin et exigence. Chaque pi\u00e8ce est unique.<\/p>\n<p style=\"text-align: center;\"><strong>Appel \u00e0 l\u2019action<\/strong><\/p>\n<p style=\"text-align: center;\"><em data-start=\"2002\" data-end=\"2080\">Cr\u00e9ez votre coffret naissance \u00e9thique via notre <a href=\"https:\/\/fast-track.epsi-wis.ovh\/kossivi\/formulaire\/\">formulaire<\/a><\/em><\/p>\n\n\n<p><\/p>\n","protected":false},"excerpt":{"rendered":"<p>Doudou bio pour b\u00e9b\u00e9: douceur, s\u00e9curit\u00e9 et \u00e9cologie \u00a0 Offrir un doudou \u00e0 son , c&rsquo;est lui offrir un compagnon de tendresse et de r\u00e9confort. Chez Doudoubio, nous avons fait le choix de proposer des doudous 100% bio, fabriqu\u00e9s avec des mati\u00e8res naturelles, sans produits chimiques, pour respecter la peau sensible des tout-petits et pr\u00e9server [&hellip;]<\/p>\n","protected":false},"author":1,"featured_media":0,"parent":0,"menu_order":0,"comment_status":"closed","ping_status":"closed","template":"","meta":{"footnotes":""},"class_list":["post-63","page","type-page","status-publish","hentry"],"yoast_head":"<!-- This site is optimized with the Yoast SEO plugin v27.4 - https:\/\/yoast.com\/product\/yoast-seo-wordpress\/ -->\n<title>Doudou bio pour b\u00e9b\u00e9 - hxnxre_avk<\/title>\n<meta name=\"robots\" content=\"index, follow, max-snippet:-1, max-image-preview:large, max-video-preview:-1\" \/>\n<link rel=\"canonical\" href=\"https:\/\/fast-track.epsi-wis.ovh\/kossivi\/doudou-bio-pour-bebe\/\" \/>\n<meta property=\"og:locale\" content=\"fr_FR\" \/>\n<meta property=\"og:type\" content=\"article\" \/>\n<meta property=\"og:title\" content=\"Doudou bio pour b\u00e9b\u00e9 - hxnxre_avk\" \/>\n<meta property=\"og:description\" content=\"Doudou bio pour b\u00e9b\u00e9: douceur, s\u00e9curit\u00e9 et \u00e9cologie \u00a0 Offrir un doudou \u00e0 son , c&rsquo;est lui offrir un compagnon de tendresse et de r\u00e9confort. Chez Doudoubio, nous avons fait le choix de proposer des doudous 100% bio, fabriqu\u00e9s avec des mati\u00e8res naturelles, sans produits chimiques, pour respecter la peau sensible des tout-petits et pr\u00e9server [&hellip;]\" \/>\n<meta property=\"og:url\" content=\"https:\/\/fast-track.epsi-wis.ovh\/kossivi\/doudou-bio-pour-bebe\/\" \/>\n<meta property=\"og:site_name\" content=\"hxnxre_avk\" \/>\n<meta property=\"article:modified_time\" content=\"2025-05-23T16:48:13+00:00\" \/>\n<meta property=\"og:image\" content=\"https:\/\/fast-track.epsi-wis.ovh\/kossivi\/wp-content\/uploads\/2025\/05\/alexia-naumovic-doudou-bio-boutique.jpg\" \/>\n\t<meta property=\"og:image:width\" content=\"2480\" \/>\n\t<meta property=\"og:image:height\" content=\"2480\" \/>\n\t<meta property=\"og:image:type\" content=\"image\/jpeg\" \/>\n<meta name=\"twitter:card\" content=\"summary_large_image\" \/>\n<meta name=\"twitter:label1\" content=\"Dur\u00e9e de lecture estim\u00e9e\" \/>\n\t<meta name=\"twitter:data1\" content=\"1 minute\" \/>\n<script type=\"application\/ld+json\" class=\"yoast-schema-graph\">{\"@context\":\"https:\\\/\\\/schema.org\",\"@graph\":[{\"@type\":\"WebPage\",\"@id\":\"https:\\\/\\\/fast-track.epsi-wis.ovh\\\/kossivi\\\/doudou-bio-pour-bebe\\\/\",\"url\":\"https:\\\/\\\/fast-track.epsi-wis.ovh\\\/kossivi\\\/doudou-bio-pour-bebe\\\/\",\"name\":\"Doudou bio pour b\u00e9b\u00e9 - hxnxre_avk\",\"isPartOf\":{\"@id\":\"https:\\\/\\\/fast-track.epsi-wis.ovh\\\/kossivi\\\/#website\"},\"primaryImageOfPage\":{\"@id\":\"https:\\\/\\\/fast-track.epsi-wis.ovh\\\/kossivi\\\/doudou-bio-pour-bebe\\\/#primaryimage\"},\"image\":{\"@id\":\"https:\\\/\\\/fast-track.epsi-wis.ovh\\\/kossivi\\\/doudou-bio-pour-bebe\\\/#primaryimage\"},\"thumbnailUrl\":\"https:\\\/\\\/fast-track.epsi-wis.ovh\\\/kossivi\\\/wp-content\\\/uploads\\\/2025\\\/05\\\/alexia-naumovic-doudou-bio-boutique-300x300.jpg\",\"datePublished\":\"2025-05-23T15:33:05+00:00\",\"dateModified\":\"2025-05-23T16:48:13+00:00\",\"breadcrumb\":{\"@id\":\"https:\\\/\\\/fast-track.epsi-wis.ovh\\\/kossivi\\\/doudou-bio-pour-bebe\\\/#breadcrumb\"},\"inLanguage\":\"fr-FR\",\"potentialAction\":[{\"@type\":\"ReadAction\",\"target\":[\"https:\\\/\\\/fast-track.epsi-wis.ovh\\\/kossivi\\\/doudou-bio-pour-bebe\\\/\"]}]},{\"@type\":\"ImageObject\",\"inLanguage\":\"fr-FR\",\"@id\":\"https:\\\/\\\/fast-track.epsi-wis.ovh\\\/kossivi\\\/doudou-bio-pour-bebe\\\/#primaryimage\",\"url\":\"https:\\\/\\\/fast-track.epsi-wis.ovh\\\/kossivi\\\/wp-content\\\/uploads\\\/2025\\\/05\\\/alexia-naumovic-doudou-bio-boutique.jpg\",\"contentUrl\":\"https:\\\/\\\/fast-track.epsi-wis.ovh\\\/kossivi\\\/wp-content\\\/uploads\\\/2025\\\/05\\\/alexia-naumovic-doudou-bio-boutique.jpg\",\"width\":2480,\"height\":2480,\"caption\":\"photo de doudou bio\"},{\"@type\":\"BreadcrumbList\",\"@id\":\"https:\\\/\\\/fast-track.epsi-wis.ovh\\\/kossivi\\\/doudou-bio-pour-bebe\\\/#breadcrumb\",\"itemListElement\":[{\"@type\":\"ListItem\",\"position\":1,\"name\":\"Accueil\",\"item\":\"https:\\\/\\\/fast-track.epsi-wis.ovh\\\/kossivi\\\/\"},{\"@type\":\"ListItem\",\"position\":2,\"name\":\"Doudou bio pour b\u00e9b\u00e9\"}]},{\"@type\":\"WebSite\",\"@id\":\"https:\\\/\\\/fast-track.epsi-wis.ovh\\\/kossivi\\\/#website\",\"url\":\"https:\\\/\\\/fast-track.epsi-wis.ovh\\\/kossivi\\\/\",\"name\":\"hxnxre_avk\",\"description\":\"\",\"publisher\":{\"@id\":\"https:\\\/\\\/fast-track.epsi-wis.ovh\\\/kossivi\\\/#organization\"},\"potentialAction\":[{\"@type\":\"SearchAction\",\"target\":{\"@type\":\"EntryPoint\",\"urlTemplate\":\"https:\\\/\\\/fast-track.epsi-wis.ovh\\\/kossivi\\\/?s={search_term_string}\"},\"query-input\":{\"@type\":\"PropertyValueSpecification\",\"valueRequired\":true,\"valueName\":\"search_term_string\"}}],\"inLanguage\":\"fr-FR\"},{\"@type\":\"Organization\",\"@id\":\"https:\\\/\\\/fast-track.epsi-wis.ovh\\\/kossivi\\\/#organization\",\"name\":\"hxnxre_avk\",\"url\":\"https:\\\/\\\/fast-track.epsi-wis.ovh\\\/kossivi\\\/\",\"logo\":{\"@type\":\"ImageObject\",\"inLanguage\":\"fr-FR\",\"@id\":\"https:\\\/\\\/fast-track.epsi-wis.ovh\\\/kossivi\\\/#\\\/schema\\\/logo\\\/image\\\/\",\"url\":\"https:\\\/\\\/fast-track.epsi-wis.ovh\\\/kossivi\\\/wp-content\\\/uploads\\\/2025\\\/04\\\/IMG_7832-1.jpg\",\"contentUrl\":\"https:\\\/\\\/fast-track.epsi-wis.ovh\\\/kossivi\\\/wp-content\\\/uploads\\\/2025\\\/04\\\/IMG_7832-1.jpg\",\"width\":1600,\"height\":1066,\"caption\":\"hxnxre_avk\"},\"image\":{\"@id\":\"https:\\\/\\\/fast-track.epsi-wis.ovh\\\/kossivi\\\/#\\\/schema\\\/logo\\\/image\\\/\"}}]}<\/script>\n<!-- \/ Yoast SEO plugin. -->","yoast_head_json":{"title":"Doudou bio pour b\u00e9b\u00e9 - hxnxre_avk","robots":{"index":"index","follow":"follow","max-snippet":"max-snippet:-1","max-image-preview":"max-image-preview:large","max-video-preview":"max-video-preview:-1"},"canonical":"https:\/\/fast-track.epsi-wis.ovh\/kossivi\/doudou-bio-pour-bebe\/","og_locale":"fr_FR","og_type":"article","og_title":"Doudou bio pour b\u00e9b\u00e9 - hxnxre_avk","og_description":"Doudou bio pour b\u00e9b\u00e9: douceur, s\u00e9curit\u00e9 et \u00e9cologie \u00a0 Offrir un doudou \u00e0 son , c&rsquo;est lui offrir un compagnon de tendresse et de r\u00e9confort. Chez Doudoubio, nous avons fait le choix de proposer des doudous 100% bio, fabriqu\u00e9s avec des mati\u00e8res naturelles, sans produits chimiques, pour respecter la peau sensible des tout-petits et pr\u00e9server [&hellip;]","og_url":"https:\/\/fast-track.epsi-wis.ovh\/kossivi\/doudou-bio-pour-bebe\/","og_site_name":"hxnxre_avk","article_modified_time":"2025-05-23T16:48:13+00:00","og_image":[{"width":2480,"height":2480,"url":"https:\/\/fast-track.epsi-wis.ovh\/kossivi\/wp-content\/uploads\/2025\/05\/alexia-naumovic-doudou-bio-boutique.jpg","type":"image\/jpeg"}],"twitter_card":"summary_large_image","twitter_misc":{"Dur\u00e9e de lecture estim\u00e9e":"1 minute"},"schema":{"@context":"https:\/\/schema.org","@graph":[{"@type":"WebPage","@id":"https:\/\/fast-track.epsi-wis.ovh\/kossivi\/doudou-bio-pour-bebe\/","url":"https:\/\/fast-track.epsi-wis.ovh\/kossivi\/doudou-bio-pour-bebe\/","name":"Doudou bio pour b\u00e9b\u00e9 - hxnxre_avk","isPartOf":{"@id":"https:\/\/fast-track.epsi-wis.ovh\/kossivi\/#website"},"primaryImageOfPage":{"@id":"https:\/\/fast-track.epsi-wis.ovh\/kossivi\/doudou-bio-pour-bebe\/#primaryimage"},"image":{"@id":"https:\/\/fast-track.epsi-wis.ovh\/kossivi\/doudou-bio-pour-bebe\/#primaryimage"},"thumbnailUrl":"https:\/\/fast-track.epsi-wis.ovh\/kossivi\/wp-content\/uploads\/2025\/05\/alexia-naumovic-doudou-bio-boutique-300x300.jpg","datePublished":"2025-05-23T15:33:05+00:00","dateModified":"2025-05-23T16:48:13+00:00","breadcrumb":{"@id":"https:\/\/fast-track.epsi-wis.ovh\/kossivi\/doudou-bio-pour-bebe\/#breadcrumb"},"inLanguage":"fr-FR","potentialAction":[{"@type":"ReadAction","target":["https:\/\/fast-track.epsi-wis.ovh\/kossivi\/doudou-bio-pour-bebe\/"]}]},{"@type":"ImageObject","inLanguage":"fr-FR","@id":"https:\/\/fast-track.epsi-wis.ovh\/kossivi\/doudou-bio-pour-bebe\/#primaryimage","url":"https:\/\/fast-track.epsi-wis.ovh\/kossivi\/wp-content\/uploads\/2025\/05\/alexia-naumovic-doudou-bio-boutique.jpg","contentUrl":"https:\/\/fast-track.epsi-wis.ovh\/kossivi\/wp-content\/uploads\/2025\/05\/alexia-naumovic-doudou-bio-boutique.jpg","width":2480,"height":2480,"caption":"photo de doudou bio"},{"@type":"BreadcrumbList","@id":"https:\/\/fast-track.epsi-wis.ovh\/kossivi\/doudou-bio-pour-bebe\/#breadcrumb","itemListElement":[{"@type":"ListItem","position":1,"name":"Accueil","item":"https:\/\/fast-track.epsi-wis.ovh\/kossivi\/"},{"@type":"ListItem","position":2,"name":"Doudou bio pour b\u00e9b\u00e9"}]},{"@type":"WebSite","@id":"https:\/\/fast-track.epsi-wis.ovh\/kossivi\/#website","url":"https:\/\/fast-track.epsi-wis.ovh\/kossivi\/","name":"hxnxre_avk","description":"","publisher":{"@id":"https:\/\/fast-track.epsi-wis.ovh\/kossivi\/#organization"},"potentialAction":[{"@type":"SearchAction","target":{"@type":"EntryPoint","urlTemplate":"https:\/\/fast-track.epsi-wis.ovh\/kossivi\/?s={search_term_string}"},"query-input":{"@type":"PropertyValueSpecification","valueRequired":true,"valueName":"search_term_string"}}],"inLanguage":"fr-FR"},{"@type":"Organization","@id":"https:\/\/fast-track.epsi-wis.ovh\/kossivi\/#organization","name":"hxnxre_avk","url":"https:\/\/fast-track.epsi-wis.ovh\/kossivi\/","logo":{"@type":"ImageObject","inLanguage":"fr-FR","@id":"https:\/\/fast-track.epsi-wis.ovh\/kossivi\/#\/schema\/logo\/image\/","url":"https:\/\/fast-track.epsi-wis.ovh\/kossivi\/wp-content\/uploads\/2025\/04\/IMG_7832-1.jpg","contentUrl":"https:\/\/fast-track.epsi-wis.ovh\/kossivi\/wp-content\/uploads\/2025\/04\/IMG_7832-1.jpg","width":1600,"height":1066,"caption":"hxnxre_avk"},"image":{"@id":"https:\/\/fast-track.epsi-wis.ovh\/kossivi\/#\/schema\/logo\/image\/"}}]}},"_links":{"self":[{"href":"https:\/\/fast-track.epsi-wis.ovh\/kossivi\/wp-json\/wp\/v2\/pages\/63","targetHints":{"allow":["GET"]}}],"collection":[{"href":"https:\/\/fast-track.epsi-wis.ovh\/kossivi\/wp-json\/wp\/v2\/pages"}],"about":[{"href":"https:\/\/fast-track.epsi-wis.ovh\/kossivi\/wp-json\/wp\/v2\/types\/page"}],"author":[{"embeddable":true,"href":"https:\/\/fast-track.epsi-wis.ovh\/kossivi\/wp-json\/wp\/v2\/users\/1"}],"replies":[{"embeddable":true,"href":"https:\/\/fast-track.epsi-wis.ovh\/kossivi\/wp-json\/wp\/v2\/comments?post=63"}],"version-history":[{"count":8,"href":"https:\/\/fast-track.epsi-wis.ovh\/kossivi\/wp-json\/wp\/v2\/pages\/63\/revisions"}],"predecessor-version":[{"id":108,"href":"https:\/\/fast-track.epsi-wis.ovh\/kossivi\/wp-json\/wp\/v2\/pages\/63\/revisions\/108"}],"wp:attachment":[{"href":"https:\/\/fast-track.epsi-wis.ovh\/kossivi\/wp-json\/wp\/v2\/media?parent=63"}],"curies":[{"name":"wp","href":"https:\/\/api.w.org\/{rel}","templated":true}]}}