{"id":72,"date":"2025-05-23T17:47:23","date_gmt":"2025-05-23T15:47:23","guid":{"rendered":"https:\/\/fast-track.epsi-wis.ovh\/kossivi\/?page_id=72"},"modified":"2025-05-25T15:39:09","modified_gmt":"2025-05-25T13:39:09","slug":"soin-bebe-bio-sans-parfum","status":"publish","type":"page","link":"https:\/\/fast-track.epsi-wis.ovh\/kossivi\/soin-bebe-bio-sans-parfum\/","title":{"rendered":"Soin b\u00e9b\u00e9 bio sans parfum"},"content":{"rendered":"<h1><img fetchpriority=\"high\" decoding=\"async\" class=\"size-medium wp-image-102 alignleft\" src=\"https:\/\/fast-track.epsi-wis.ovh\/kossivi\/wp-content\/uploads\/2025\/05\/nounoursbio-300x300.jpg\" alt=\"image d'un doudou ours\" width=\"300\" height=\"300\" srcset=\"https:\/\/fast-track.epsi-wis.ovh\/kossivi\/wp-content\/uploads\/2025\/05\/nounoursbio-300x300.jpg 300w, https:\/\/fast-track.epsi-wis.ovh\/kossivi\/wp-content\/uploads\/2025\/05\/nounoursbio-1024x1024.jpg 1024w, https:\/\/fast-track.epsi-wis.ovh\/kossivi\/wp-content\/uploads\/2025\/05\/nounoursbio-768x768.jpg 768w, https:\/\/fast-track.epsi-wis.ovh\/kossivi\/wp-content\/uploads\/2025\/05\/nounoursbio-1536x1536.jpg 1536w, https:\/\/fast-track.epsi-wis.ovh\/kossivi\/wp-content\/uploads\/2025\/05\/nounoursbio-2048x2048.jpg 2048w\" sizes=\"(max-width: 300px) 100vw, 300px\" \/>Soin b\u00e9b\u00e9 bio sans parfum<\/h1>\n<p>Chez Doudou bio , nous savons que la peau d\u00e9licate de votre b\u00e9b\u00e9 m\u00e9rite le meilleur. C\u2019est pourquoi nous vous proposons des soins bio sans parfum, con\u00e7us sp\u00e9cialement pour prot\u00e9ger et apaiser les peaux les plus sensibles.<\/p>\n<h2>Pourquoi choisir un soin bio sans parfum ?<\/h2>\n<p>Nos produits sont fabriqu\u00e9s \u00e0 partir d\u2019ingr\u00e9dients 100 % naturels et certifi\u00e9s bio, sans aucun parfum ajout\u00e9 ni allerg\u00e8ne. Offrez \u00e0 votre b\u00e9b\u00e9 une routine de soin douce et respectueuse<\/p>\n<p><img decoding=\"async\" class=\"size-medium wp-image-105 aligncenter\" src=\"https:\/\/fast-track.epsi-wis.ovh\/kossivi\/wp-content\/uploads\/2025\/05\/ecureuil-souris-alexia-naumovic-1024x1024-1-300x300.jpg\" alt=\"ecureuil-souris-alexia-naumovic-1024x1024 (1)\" width=\"300\" height=\"300\" srcset=\"https:\/\/fast-track.epsi-wis.ovh\/kossivi\/wp-content\/uploads\/2025\/05\/ecureuil-souris-alexia-naumovic-1024x1024-1-300x300.jpg 300w, https:\/\/fast-track.epsi-wis.ovh\/kossivi\/wp-content\/uploads\/2025\/05\/ecureuil-souris-alexia-naumovic-1024x1024-1-768x768.jpg 768w, https:\/\/fast-track.epsi-wis.ovh\/kossivi\/wp-content\/uploads\/2025\/05\/ecureuil-souris-alexia-naumovic-1024x1024-1.jpg 1024w\" sizes=\"(max-width: 300px) 100vw, 300px\" \/><\/p>\n<h2>Nos engagements \u00e9cologiques<\/h2>\n<p data-start=\"998\" data-end=\"1202\">En choisissant nos soins bio, vous contribuez \u00e9galement \u00e0 la pr\u00e9servation de l\u2019environnement. Chaque produit est \u00e9co-con\u00e7u, dans le respect des normes \u00e9cologiques.<\/p>\n<h2 data-start=\"1204\" data-end=\"1593\">Commandez d\u00e8s maintenant<\/h2>\n<p>Offrez \u00e0 votre enfant la meilleure protection gr\u00e2ce \u00e0 notre gamme de soins bio sans parfum.<br data-start=\"1335\" data-end=\"1338\" \/>\ud83d\udd17 D\u00e9couvrez aussi notre <strong data-start=\"1363\" data-end=\"1426\"><a class=\"cursor-pointer\" href=\"https:\/\/fast-track.epsi-wis.ovh\/kossivi\/doudou-bio-pour-bebe\/\" rel=\"noopener\" data-start=\"1365\" data-end=\"1424\">doudou bio pour b\u00e9b\u00e9<\/a><\/strong> pour un cadeau tout en douceur.<br data-start=\"1458\" data-end=\"1461\" \/>\ud83d\udd17 Vous cherchez un cadeau complet ? Explorez nos <a href=\"https:\/\/fast-track.epsi-wis.ovh\/kossivi\/cadeau-naissance-ecologique\/\"><strong data-start=\"1511\" data-end=\"1590\">cadeaux naissance \u00e9cologiques<\/strong>.<\/a><\/p>\n<p><strong data-start=\"1598\" data-end=\"1618\">Call-to-action :<\/strong><br data-start=\"1618\" data-end=\"1621\" \/>\ud83d\udc49<a href=\"https:\/\/fast-track.epsi-wis.ovh\/kossivi\/formulaire\/\"> Remplissez notre formulaire pour commander nos soins bio et recevoir des conseils personnalis\u00e9s !<\/a><\/p>\n\n\n<p><\/p>\n","protected":false},"excerpt":{"rendered":"<p>Soin b\u00e9b\u00e9 bio sans parfum Chez Doudou bio , nous savons que la peau d\u00e9licate de votre b\u00e9b\u00e9 m\u00e9rite le meilleur. C\u2019est pourquoi nous vous proposons des soins bio sans parfum, con\u00e7us sp\u00e9cialement pour prot\u00e9ger et apaiser les peaux les plus sensibles. Pourquoi choisir un soin bio sans parfum ? Nos produits sont fabriqu\u00e9s \u00e0 [&hellip;]<\/p>\n","protected":false},"author":1,"featured_media":0,"parent":0,"menu_order":0,"comment_status":"closed","ping_status":"closed","template":"","meta":{"footnotes":""},"class_list":["post-72","page","type-page","status-publish","hentry"],"yoast_head":"<!-- This site is optimized with the Yoast SEO plugin v27.4 - https:\/\/yoast.com\/product\/yoast-seo-wordpress\/ -->\n<title>Soin b\u00e9b\u00e9 bio sans parfum - hxnxre_avk<\/title>\n<meta name=\"robots\" content=\"index, follow, max-snippet:-1, max-image-preview:large, max-video-preview:-1\" \/>\n<link rel=\"canonical\" href=\"https:\/\/fast-track.epsi-wis.ovh\/kossivi\/soin-bebe-bio-sans-parfum\/\" \/>\n<meta property=\"og:locale\" content=\"fr_FR\" \/>\n<meta property=\"og:type\" content=\"article\" \/>\n<meta property=\"og:title\" content=\"Soin b\u00e9b\u00e9 bio sans parfum - hxnxre_avk\" \/>\n<meta property=\"og:description\" content=\"Soin b\u00e9b\u00e9 bio sans parfum Chez Doudou bio , nous savons que la peau d\u00e9licate de votre b\u00e9b\u00e9 m\u00e9rite le meilleur. C\u2019est pourquoi nous vous proposons des soins bio sans parfum, con\u00e7us sp\u00e9cialement pour prot\u00e9ger et apaiser les peaux les plus sensibles. Pourquoi choisir un soin bio sans parfum ? Nos produits sont fabriqu\u00e9s \u00e0 [&hellip;]\" \/>\n<meta property=\"og:url\" content=\"https:\/\/fast-track.epsi-wis.ovh\/kossivi\/soin-bebe-bio-sans-parfum\/\" \/>\n<meta property=\"og:site_name\" content=\"hxnxre_avk\" \/>\n<meta property=\"article:modified_time\" content=\"2025-05-25T13:39:09+00:00\" \/>\n<meta property=\"og:image\" content=\"https:\/\/fast-track.epsi-wis.ovh\/kossivi\/wp-content\/uploads\/2025\/05\/nounoursbio.jpg\" \/>\n\t<meta property=\"og:image:width\" content=\"2480\" \/>\n\t<meta property=\"og:image:height\" content=\"2480\" \/>\n\t<meta property=\"og:image:type\" content=\"image\/jpeg\" \/>\n<meta name=\"twitter:card\" content=\"summary_large_image\" \/>\n<meta name=\"twitter:label1\" content=\"Dur\u00e9e de lecture estim\u00e9e\" \/>\n\t<meta name=\"twitter:data1\" content=\"2 minutes\" \/>\n<script type=\"application\/ld+json\" class=\"yoast-schema-graph\">{\"@context\":\"https:\\\/\\\/schema.org\",\"@graph\":[{\"@type\":\"WebPage\",\"@id\":\"https:\\\/\\\/fast-track.epsi-wis.ovh\\\/kossivi\\\/soin-bebe-bio-sans-parfum\\\/\",\"url\":\"https:\\\/\\\/fast-track.epsi-wis.ovh\\\/kossivi\\\/soin-bebe-bio-sans-parfum\\\/\",\"name\":\"Soin b\u00e9b\u00e9 bio sans parfum - hxnxre_avk\",\"isPartOf\":{\"@id\":\"https:\\\/\\\/fast-track.epsi-wis.ovh\\\/kossivi\\\/#website\"},\"primaryImageOfPage\":{\"@id\":\"https:\\\/\\\/fast-track.epsi-wis.ovh\\\/kossivi\\\/soin-bebe-bio-sans-parfum\\\/#primaryimage\"},\"image\":{\"@id\":\"https:\\\/\\\/fast-track.epsi-wis.ovh\\\/kossivi\\\/soin-bebe-bio-sans-parfum\\\/#primaryimage\"},\"thumbnailUrl\":\"https:\\\/\\\/fast-track.epsi-wis.ovh\\\/kossivi\\\/wp-content\\\/uploads\\\/2025\\\/05\\\/nounoursbio-300x300.jpg\",\"datePublished\":\"2025-05-23T15:47:23+00:00\",\"dateModified\":\"2025-05-25T13:39:09+00:00\",\"breadcrumb\":{\"@id\":\"https:\\\/\\\/fast-track.epsi-wis.ovh\\\/kossivi\\\/soin-bebe-bio-sans-parfum\\\/#breadcrumb\"},\"inLanguage\":\"fr-FR\",\"potentialAction\":[{\"@type\":\"ReadAction\",\"target\":[\"https:\\\/\\\/fast-track.epsi-wis.ovh\\\/kossivi\\\/soin-bebe-bio-sans-parfum\\\/\"]}]},{\"@type\":\"ImageObject\",\"inLanguage\":\"fr-FR\",\"@id\":\"https:\\\/\\\/fast-track.epsi-wis.ovh\\\/kossivi\\\/soin-bebe-bio-sans-parfum\\\/#primaryimage\",\"url\":\"https:\\\/\\\/fast-track.epsi-wis.ovh\\\/kossivi\\\/wp-content\\\/uploads\\\/2025\\\/05\\\/nounoursbio.jpg\",\"contentUrl\":\"https:\\\/\\\/fast-track.epsi-wis.ovh\\\/kossivi\\\/wp-content\\\/uploads\\\/2025\\\/05\\\/nounoursbio.jpg\",\"width\":2480,\"height\":2480,\"caption\":\"image d'un doudou ours\"},{\"@type\":\"BreadcrumbList\",\"@id\":\"https:\\\/\\\/fast-track.epsi-wis.ovh\\\/kossivi\\\/soin-bebe-bio-sans-parfum\\\/#breadcrumb\",\"itemListElement\":[{\"@type\":\"ListItem\",\"position\":1,\"name\":\"Accueil\",\"item\":\"https:\\\/\\\/fast-track.epsi-wis.ovh\\\/kossivi\\\/\"},{\"@type\":\"ListItem\",\"position\":2,\"name\":\"Soin b\u00e9b\u00e9 bio sans parfum\"}]},{\"@type\":\"WebSite\",\"@id\":\"https:\\\/\\\/fast-track.epsi-wis.ovh\\\/kossivi\\\/#website\",\"url\":\"https:\\\/\\\/fast-track.epsi-wis.ovh\\\/kossivi\\\/\",\"name\":\"hxnxre_avk\",\"description\":\"\",\"publisher\":{\"@id\":\"https:\\\/\\\/fast-track.epsi-wis.ovh\\\/kossivi\\\/#organization\"},\"potentialAction\":[{\"@type\":\"SearchAction\",\"target\":{\"@type\":\"EntryPoint\",\"urlTemplate\":\"https:\\\/\\\/fast-track.epsi-wis.ovh\\\/kossivi\\\/?s={search_term_string}\"},\"query-input\":{\"@type\":\"PropertyValueSpecification\",\"valueRequired\":true,\"valueName\":\"search_term_string\"}}],\"inLanguage\":\"fr-FR\"},{\"@type\":\"Organization\",\"@id\":\"https:\\\/\\\/fast-track.epsi-wis.ovh\\\/kossivi\\\/#organization\",\"name\":\"hxnxre_avk\",\"url\":\"https:\\\/\\\/fast-track.epsi-wis.ovh\\\/kossivi\\\/\",\"logo\":{\"@type\":\"ImageObject\",\"inLanguage\":\"fr-FR\",\"@id\":\"https:\\\/\\\/fast-track.epsi-wis.ovh\\\/kossivi\\\/#\\\/schema\\\/logo\\\/image\\\/\",\"url\":\"https:\\\/\\\/fast-track.epsi-wis.ovh\\\/kossivi\\\/wp-content\\\/uploads\\\/2025\\\/04\\\/IMG_7832-1.jpg\",\"contentUrl\":\"https:\\\/\\\/fast-track.epsi-wis.ovh\\\/kossivi\\\/wp-content\\\/uploads\\\/2025\\\/04\\\/IMG_7832-1.jpg\",\"width\":1600,\"height\":1066,\"caption\":\"hxnxre_avk\"},\"image\":{\"@id\":\"https:\\\/\\\/fast-track.epsi-wis.ovh\\\/kossivi\\\/#\\\/schema\\\/logo\\\/image\\\/\"}}]}<\/script>\n<!-- \/ Yoast SEO plugin. -->","yoast_head_json":{"title":"Soin b\u00e9b\u00e9 bio sans parfum - hxnxre_avk","robots":{"index":"index","follow":"follow","max-snippet":"max-snippet:-1","max-image-preview":"max-image-preview:large","max-video-preview":"max-video-preview:-1"},"canonical":"https:\/\/fast-track.epsi-wis.ovh\/kossivi\/soin-bebe-bio-sans-parfum\/","og_locale":"fr_FR","og_type":"article","og_title":"Soin b\u00e9b\u00e9 bio sans parfum - hxnxre_avk","og_description":"Soin b\u00e9b\u00e9 bio sans parfum Chez Doudou bio , nous savons que la peau d\u00e9licate de votre b\u00e9b\u00e9 m\u00e9rite le meilleur. C\u2019est pourquoi nous vous proposons des soins bio sans parfum, con\u00e7us sp\u00e9cialement pour prot\u00e9ger et apaiser les peaux les plus sensibles. Pourquoi choisir un soin bio sans parfum ? Nos produits sont fabriqu\u00e9s \u00e0 [&hellip;]","og_url":"https:\/\/fast-track.epsi-wis.ovh\/kossivi\/soin-bebe-bio-sans-parfum\/","og_site_name":"hxnxre_avk","article_modified_time":"2025-05-25T13:39:09+00:00","og_image":[{"width":2480,"height":2480,"url":"https:\/\/fast-track.epsi-wis.ovh\/kossivi\/wp-content\/uploads\/2025\/05\/nounoursbio.jpg","type":"image\/jpeg"}],"twitter_card":"summary_large_image","twitter_misc":{"Dur\u00e9e de lecture estim\u00e9e":"2 minutes"},"schema":{"@context":"https:\/\/schema.org","@graph":[{"@type":"WebPage","@id":"https:\/\/fast-track.epsi-wis.ovh\/kossivi\/soin-bebe-bio-sans-parfum\/","url":"https:\/\/fast-track.epsi-wis.ovh\/kossivi\/soin-bebe-bio-sans-parfum\/","name":"Soin b\u00e9b\u00e9 bio sans parfum - hxnxre_avk","isPartOf":{"@id":"https:\/\/fast-track.epsi-wis.ovh\/kossivi\/#website"},"primaryImageOfPage":{"@id":"https:\/\/fast-track.epsi-wis.ovh\/kossivi\/soin-bebe-bio-sans-parfum\/#primaryimage"},"image":{"@id":"https:\/\/fast-track.epsi-wis.ovh\/kossivi\/soin-bebe-bio-sans-parfum\/#primaryimage"},"thumbnailUrl":"https:\/\/fast-track.epsi-wis.ovh\/kossivi\/wp-content\/uploads\/2025\/05\/nounoursbio-300x300.jpg","datePublished":"2025-05-23T15:47:23+00:00","dateModified":"2025-05-25T13:39:09+00:00","breadcrumb":{"@id":"https:\/\/fast-track.epsi-wis.ovh\/kossivi\/soin-bebe-bio-sans-parfum\/#breadcrumb"},"inLanguage":"fr-FR","potentialAction":[{"@type":"ReadAction","target":["https:\/\/fast-track.epsi-wis.ovh\/kossivi\/soin-bebe-bio-sans-parfum\/"]}]},{"@type":"ImageObject","inLanguage":"fr-FR","@id":"https:\/\/fast-track.epsi-wis.ovh\/kossivi\/soin-bebe-bio-sans-parfum\/#primaryimage","url":"https:\/\/fast-track.epsi-wis.ovh\/kossivi\/wp-content\/uploads\/2025\/05\/nounoursbio.jpg","contentUrl":"https:\/\/fast-track.epsi-wis.ovh\/kossivi\/wp-content\/uploads\/2025\/05\/nounoursbio.jpg","width":2480,"height":2480,"caption":"image d'un doudou ours"},{"@type":"BreadcrumbList","@id":"https:\/\/fast-track.epsi-wis.ovh\/kossivi\/soin-bebe-bio-sans-parfum\/#breadcrumb","itemListElement":[{"@type":"ListItem","position":1,"name":"Accueil","item":"https:\/\/fast-track.epsi-wis.ovh\/kossivi\/"},{"@type":"ListItem","position":2,"name":"Soin b\u00e9b\u00e9 bio sans parfum"}]},{"@type":"WebSite","@id":"https:\/\/fast-track.epsi-wis.ovh\/kossivi\/#website","url":"https:\/\/fast-track.epsi-wis.ovh\/kossivi\/","name":"hxnxre_avk","description":"","publisher":{"@id":"https:\/\/fast-track.epsi-wis.ovh\/kossivi\/#organization"},"potentialAction":[{"@type":"SearchAction","target":{"@type":"EntryPoint","urlTemplate":"https:\/\/fast-track.epsi-wis.ovh\/kossivi\/?s={search_term_string}"},"query-input":{"@type":"PropertyValueSpecification","valueRequired":true,"valueName":"search_term_string"}}],"inLanguage":"fr-FR"},{"@type":"Organization","@id":"https:\/\/fast-track.epsi-wis.ovh\/kossivi\/#organization","name":"hxnxre_avk","url":"https:\/\/fast-track.epsi-wis.ovh\/kossivi\/","logo":{"@type":"ImageObject","inLanguage":"fr-FR","@id":"https:\/\/fast-track.epsi-wis.ovh\/kossivi\/#\/schema\/logo\/image\/","url":"https:\/\/fast-track.epsi-wis.ovh\/kossivi\/wp-content\/uploads\/2025\/04\/IMG_7832-1.jpg","contentUrl":"https:\/\/fast-track.epsi-wis.ovh\/kossivi\/wp-content\/uploads\/2025\/04\/IMG_7832-1.jpg","width":1600,"height":1066,"caption":"hxnxre_avk"},"image":{"@id":"https:\/\/fast-track.epsi-wis.ovh\/kossivi\/#\/schema\/logo\/image\/"}}]}},"_links":{"self":[{"href":"https:\/\/fast-track.epsi-wis.ovh\/kossivi\/wp-json\/wp\/v2\/pages\/72","targetHints":{"allow":["GET"]}}],"collection":[{"href":"https:\/\/fast-track.epsi-wis.ovh\/kossivi\/wp-json\/wp\/v2\/pages"}],"about":[{"href":"https:\/\/fast-track.epsi-wis.ovh\/kossivi\/wp-json\/wp\/v2\/types\/page"}],"author":[{"embeddable":true,"href":"https:\/\/fast-track.epsi-wis.ovh\/kossivi\/wp-json\/wp\/v2\/users\/1"}],"replies":[{"embeddable":true,"href":"https:\/\/fast-track.epsi-wis.ovh\/kossivi\/wp-json\/wp\/v2\/comments?post=72"}],"version-history":[{"count":6,"href":"https:\/\/fast-track.epsi-wis.ovh\/kossivi\/wp-json\/wp\/v2\/pages\/72\/revisions"}],"predecessor-version":[{"id":117,"href":"https:\/\/fast-track.epsi-wis.ovh\/kossivi\/wp-json\/wp\/v2\/pages\/72\/revisions\/117"}],"wp:attachment":[{"href":"https:\/\/fast-track.epsi-wis.ovh\/kossivi\/wp-json\/wp\/v2\/media?parent=72"}],"curies":[{"name":"wp","href":"https:\/\/api.w.org\/{rel}","templated":true}]}}