{"id":8,"date":"2025-04-09T12:25:48","date_gmt":"2025-04-09T10:25:48","guid":{"rendered":"https:\/\/fast-track.epsi-wis.ovh\/kossivi\/?page_id=8"},"modified":"2025-05-25T15:40:06","modified_gmt":"2025-05-25T13:40:06","slug":"accueil","status":"publish","type":"page","link":"https:\/\/fast-track.epsi-wis.ovh\/kossivi\/","title":{"rendered":"Bienvenue chez Doudou Bio \u2013 La douceur responsable pour les tout-petits"},"content":{"rendered":"<p>\u00a0 \u00a0 \u00a0 \u00a0 \u00a0 \u00a0 \u00a0 \u00a0 \u00a0 \u00a0 \u00a0 \u00a0 \u00a0 \u00a0 \u00a0 \u00a0 \u00a0 \u00a0 \u00a0 <img fetchpriority=\"high\" decoding=\"async\" class=\"alignnone size-medium wp-image-102\" src=\"https:\/\/fast-track.epsi-wis.ovh\/kossivi\/wp-content\/uploads\/2025\/05\/nounoursbio-300x300.jpg\" alt=\"image d'un doudou ours\" width=\"300\" height=\"300\" srcset=\"https:\/\/fast-track.epsi-wis.ovh\/kossivi\/wp-content\/uploads\/2025\/05\/nounoursbio-300x300.jpg 300w, https:\/\/fast-track.epsi-wis.ovh\/kossivi\/wp-content\/uploads\/2025\/05\/nounoursbio-1024x1024.jpg 1024w, https:\/\/fast-track.epsi-wis.ovh\/kossivi\/wp-content\/uploads\/2025\/05\/nounoursbio-768x768.jpg 768w, https:\/\/fast-track.epsi-wis.ovh\/kossivi\/wp-content\/uploads\/2025\/05\/nounoursbio-1536x1536.jpg 1536w, https:\/\/fast-track.epsi-wis.ovh\/kossivi\/wp-content\/uploads\/2025\/05\/nounoursbio-2048x2048.jpg 2048w\" sizes=\"(max-width: 300px) 100vw, 300px\" \/><\/p>\n<p data-start=\"329\" data-end=\"536\">Chez Doudou Bio, nous concevons avec amour des doudous en coton biologique, certifi\u00e9s et fabriqu\u00e9s en France. Chacun de nos produits est pens\u00e9 pour le confort des b\u00e9b\u00e9s tout en respectant la plan\u00e8te.<\/p>\n<p data-start=\"329\" data-end=\"536\"><img decoding=\"async\" class=\"size-medium wp-image-105 aligncenter\" src=\"https:\/\/fast-track.epsi-wis.ovh\/kossivi\/wp-content\/uploads\/2025\/05\/ecureuil-souris-alexia-naumovic-1024x1024-1-300x300.jpg\" alt=\"ecureuil-souris-alexia-naumovic-1024x1024 (1)\" width=\"300\" height=\"300\" srcset=\"https:\/\/fast-track.epsi-wis.ovh\/kossivi\/wp-content\/uploads\/2025\/05\/ecureuil-souris-alexia-naumovic-1024x1024-1-300x300.jpg 300w, https:\/\/fast-track.epsi-wis.ovh\/kossivi\/wp-content\/uploads\/2025\/05\/ecureuil-souris-alexia-naumovic-1024x1024-1-768x768.jpg 768w, https:\/\/fast-track.epsi-wis.ovh\/kossivi\/wp-content\/uploads\/2025\/05\/ecureuil-souris-alexia-naumovic-1024x1024-1.jpg 1024w\" sizes=\"(max-width: 300px) 100vw, 300px\" \/><\/p>\n<p data-start=\"538\" data-end=\"921\">\ud83c\udf3f Nos cr\u00e9ations artisanales sont id\u00e9ales pour les jeunes parents soucieux de l\u2019environnement. Que vous soyez \u00e0 la recherche d\u2019un <a href=\"https:\/\/fast-track.epsi-wis.ovh\/kossivi\/doudou-bio-pour-bebe\/\"><strong data-start=\"668\" data-end=\"713\">doudou bio pour b\u00e9b\u00e9<\/strong>,<\/a> d\u2019un <strong data-start=\"720\" data-end=\"787\"><a class=\"cursor-pointer\" href=\"https:\/\/fast-track.epsi-wis.ovh\/kossivi\/cadeau-naissance-ecologique\/\" rel=\"noopener\" data-start=\"722\" data-end=\"785\">cadeau de naissance \u00e9cologique<\/a><\/strong> ou d\u2019une <a href=\"https:\/\/fast-track.epsi-wis.ovh\/kossivi\/soin-bebe-bio-sans-parfum\/\"><strong data-start=\"797\" data-end=\"851\">soins b\u00e9b\u00e9 bio sans parfum<\/strong><\/a>, vous trouverez ici des produits sains, durables et personnalisables.<\/p>\n<p data-start=\"923\" data-end=\"1109\">\ud83c\udf81 Vous souhaitez composer un coffret unique ou personnaliser un doudou ? N\u2019h\u00e9sitez pas \u00e0<a href=\"https:\/\/fast-track.epsi-wis.ovh\/kossivi\/formulaire\/\"> <strong data-start=\"1013\" data-end=\"1068\">nous contacter via notre formulaire<\/strong><\/a>. Nous serons ravis de vous accompagner !<\/p>\n<p data-start=\"923\" data-end=\"1109\">\u00a0<\/p>\n\n\n<figure class=\"wp-block-embed is-type-video is-provider-youtube wp-block-embed-youtube wp-embed-aspect-16-9 wp-has-aspect-ratio\"><div class=\"wp-block-embed__wrapper\">\n<iframe hcb-fetch-image-from=\"https:\/\/youtu.be\/vagYrFDwfjA?si=zzsPNFLO03zGnoeJ\" title=\"Doudou bio &quot;Les Gugus&quot;\" width=\"500\" height=\"281\" src=\"https:\/\/www.youtube.com\/embed\/vagYrFDwfjA?feature=oembed\" frameborder=\"0\" allow=\"accelerometer; autoplay; clipboard-write; encrypted-media; gyroscope; picture-in-picture; web-share\" referrerpolicy=\"strict-origin-when-cross-origin\" allowfullscreen><\/iframe>\n<\/div><\/figure>\n\n\n\n<p>\ud83c\udf81 Vous souhaitez composer un coffret unique ou personnaliser un doudou ? N\u2019h\u00e9sitez pas \u00e0 nous<a href=\"https:\/\/fast-track.epsi-wis.ovh\/kossivi\/formulaire\/\"> contacter via formulaire<\/a>. Nous serons ravis de vous accompagner !<\/p>\n\n\n\n<p><\/p>\n","protected":false},"excerpt":{"rendered":"<p>\u00a0 \u00a0 \u00a0 \u00a0 \u00a0 \u00a0 \u00a0 \u00a0 \u00a0 \u00a0 \u00a0 \u00a0 \u00a0 \u00a0 \u00a0 \u00a0 \u00a0 \u00a0 \u00a0 Chez Doudou Bio, nous concevons avec amour des doudous en coton biologique, certifi\u00e9s et fabriqu\u00e9s en France. Chacun de nos produits est pens\u00e9 pour le confort des b\u00e9b\u00e9s tout en respectant la plan\u00e8te. \ud83c\udf3f Nos cr\u00e9ations [&hellip;]<\/p>\n","protected":false},"author":1,"featured_media":0,"parent":0,"menu_order":0,"comment_status":"closed","ping_status":"closed","template":"","meta":{"footnotes":""},"class_list":["post-8","page","type-page","status-publish","hentry"],"yoast_head":"<!-- This site is optimized with the Yoast SEO plugin v27.4 - https:\/\/yoast.com\/product\/yoast-seo-wordpress\/ -->\n<title>Bienvenue chez Doudou Bio \u2013 La douceur responsable pour les tout-petits - hxnxre_avk<\/title>\n<meta name=\"robots\" content=\"index, follow, max-snippet:-1, max-image-preview:large, max-video-preview:-1\" \/>\n<link rel=\"canonical\" href=\"https:\/\/fast-track.epsi-wis.ovh\/kossivi\/\" \/>\n<meta property=\"og:locale\" content=\"fr_FR\" \/>\n<meta property=\"og:type\" content=\"article\" \/>\n<meta property=\"og:title\" content=\"Bienvenue chez Doudou Bio \u2013 La douceur responsable pour les tout-petits - hxnxre_avk\" \/>\n<meta property=\"og:description\" content=\"\u00a0 \u00a0 \u00a0 \u00a0 \u00a0 \u00a0 \u00a0 \u00a0 \u00a0 \u00a0 \u00a0 \u00a0 \u00a0 \u00a0 \u00a0 \u00a0 \u00a0 \u00a0 \u00a0 Chez Doudou Bio, nous concevons avec amour des doudous en coton biologique, certifi\u00e9s et fabriqu\u00e9s en France. Chacun de nos produits est pens\u00e9 pour le confort des b\u00e9b\u00e9s tout en respectant la plan\u00e8te. \ud83c\udf3f Nos cr\u00e9ations [&hellip;]\" \/>\n<meta property=\"og:url\" content=\"https:\/\/fast-track.epsi-wis.ovh\/kossivi\/\" \/>\n<meta property=\"og:site_name\" content=\"hxnxre_avk\" \/>\n<meta property=\"article:modified_time\" content=\"2025-05-25T13:40:06+00:00\" \/>\n<meta property=\"og:image\" content=\"https:\/\/fast-track.epsi-wis.ovh\/kossivi\/wp-content\/uploads\/2025\/05\/nounoursbio.jpg\" \/>\n\t<meta property=\"og:image:width\" content=\"2480\" \/>\n\t<meta property=\"og:image:height\" content=\"2480\" \/>\n\t<meta property=\"og:image:type\" content=\"image\/jpeg\" \/>\n<meta name=\"twitter:card\" content=\"summary_large_image\" \/>\n<meta name=\"twitter:label1\" content=\"Dur\u00e9e de lecture estim\u00e9e\" \/>\n\t<meta name=\"twitter:data1\" content=\"2 minutes\" \/>\n<script type=\"application\/ld+json\" class=\"yoast-schema-graph\">{\"@context\":\"https:\\\/\\\/schema.org\",\"@graph\":[{\"@type\":\"WebPage\",\"@id\":\"https:\\\/\\\/fast-track.epsi-wis.ovh\\\/kossivi\\\/\",\"url\":\"https:\\\/\\\/fast-track.epsi-wis.ovh\\\/kossivi\\\/\",\"name\":\"Bienvenue chez Doudou Bio \u2013 La douceur responsable pour les tout-petits - hxnxre_avk\",\"isPartOf\":{\"@id\":\"https:\\\/\\\/fast-track.epsi-wis.ovh\\\/kossivi\\\/#website\"},\"primaryImageOfPage\":{\"@id\":\"https:\\\/\\\/fast-track.epsi-wis.ovh\\\/kossivi\\\/#primaryimage\"},\"image\":{\"@id\":\"https:\\\/\\\/fast-track.epsi-wis.ovh\\\/kossivi\\\/#primaryimage\"},\"thumbnailUrl\":\"https:\\\/\\\/fast-track.epsi-wis.ovh\\\/kossivi\\\/wp-content\\\/uploads\\\/2025\\\/05\\\/nounoursbio-300x300.jpg\",\"datePublished\":\"2025-04-09T10:25:48+00:00\",\"dateModified\":\"2025-05-25T13:40:06+00:00\",\"breadcrumb\":{\"@id\":\"https:\\\/\\\/fast-track.epsi-wis.ovh\\\/kossivi\\\/#breadcrumb\"},\"inLanguage\":\"fr-FR\",\"potentialAction\":[{\"@type\":\"ReadAction\",\"target\":[\"https:\\\/\\\/fast-track.epsi-wis.ovh\\\/kossivi\\\/\"]}]},{\"@type\":\"ImageObject\",\"inLanguage\":\"fr-FR\",\"@id\":\"https:\\\/\\\/fast-track.epsi-wis.ovh\\\/kossivi\\\/#primaryimage\",\"url\":\"https:\\\/\\\/fast-track.epsi-wis.ovh\\\/kossivi\\\/wp-content\\\/uploads\\\/2025\\\/05\\\/nounoursbio.jpg\",\"contentUrl\":\"https:\\\/\\\/fast-track.epsi-wis.ovh\\\/kossivi\\\/wp-content\\\/uploads\\\/2025\\\/05\\\/nounoursbio.jpg\",\"width\":2480,\"height\":2480,\"caption\":\"image d'un doudou ours\"},{\"@type\":\"BreadcrumbList\",\"@id\":\"https:\\\/\\\/fast-track.epsi-wis.ovh\\\/kossivi\\\/#breadcrumb\",\"itemListElement\":[{\"@type\":\"ListItem\",\"position\":1,\"name\":\"Accueil\",\"item\":\"https:\\\/\\\/fast-track.epsi-wis.ovh\\\/kossivi\\\/\"},{\"@type\":\"ListItem\",\"position\":2,\"name\":\"Bienvenue chez Doudou Bio \u2013 La douceur responsable pour les tout-petits\"}]},{\"@type\":\"WebSite\",\"@id\":\"https:\\\/\\\/fast-track.epsi-wis.ovh\\\/kossivi\\\/#website\",\"url\":\"https:\\\/\\\/fast-track.epsi-wis.ovh\\\/kossivi\\\/\",\"name\":\"hxnxre_avk\",\"description\":\"\",\"publisher\":{\"@id\":\"https:\\\/\\\/fast-track.epsi-wis.ovh\\\/kossivi\\\/#organization\"},\"potentialAction\":[{\"@type\":\"SearchAction\",\"target\":{\"@type\":\"EntryPoint\",\"urlTemplate\":\"https:\\\/\\\/fast-track.epsi-wis.ovh\\\/kossivi\\\/?s={search_term_string}\"},\"query-input\":{\"@type\":\"PropertyValueSpecification\",\"valueRequired\":true,\"valueName\":\"search_term_string\"}}],\"inLanguage\":\"fr-FR\"},{\"@type\":\"Organization\",\"@id\":\"https:\\\/\\\/fast-track.epsi-wis.ovh\\\/kossivi\\\/#organization\",\"name\":\"hxnxre_avk\",\"url\":\"https:\\\/\\\/fast-track.epsi-wis.ovh\\\/kossivi\\\/\",\"logo\":{\"@type\":\"ImageObject\",\"inLanguage\":\"fr-FR\",\"@id\":\"https:\\\/\\\/fast-track.epsi-wis.ovh\\\/kossivi\\\/#\\\/schema\\\/logo\\\/image\\\/\",\"url\":\"https:\\\/\\\/fast-track.epsi-wis.ovh\\\/kossivi\\\/wp-content\\\/uploads\\\/2025\\\/04\\\/IMG_7832-1.jpg\",\"contentUrl\":\"https:\\\/\\\/fast-track.epsi-wis.ovh\\\/kossivi\\\/wp-content\\\/uploads\\\/2025\\\/04\\\/IMG_7832-1.jpg\",\"width\":1600,\"height\":1066,\"caption\":\"hxnxre_avk\"},\"image\":{\"@id\":\"https:\\\/\\\/fast-track.epsi-wis.ovh\\\/kossivi\\\/#\\\/schema\\\/logo\\\/image\\\/\"}}]}<\/script>\n<!-- \/ Yoast SEO plugin. -->","yoast_head_json":{"title":"Bienvenue chez Doudou Bio \u2013 La douceur responsable pour les tout-petits - hxnxre_avk","robots":{"index":"index","follow":"follow","max-snippet":"max-snippet:-1","max-image-preview":"max-image-preview:large","max-video-preview":"max-video-preview:-1"},"canonical":"https:\/\/fast-track.epsi-wis.ovh\/kossivi\/","og_locale":"fr_FR","og_type":"article","og_title":"Bienvenue chez Doudou Bio \u2013 La douceur responsable pour les tout-petits - hxnxre_avk","og_description":"\u00a0 \u00a0 \u00a0 \u00a0 \u00a0 \u00a0 \u00a0 \u00a0 \u00a0 \u00a0 \u00a0 \u00a0 \u00a0 \u00a0 \u00a0 \u00a0 \u00a0 \u00a0 \u00a0 Chez Doudou Bio, nous concevons avec amour des doudous en coton biologique, certifi\u00e9s et fabriqu\u00e9s en France. Chacun de nos produits est pens\u00e9 pour le confort des b\u00e9b\u00e9s tout en respectant la plan\u00e8te. \ud83c\udf3f Nos cr\u00e9ations [&hellip;]","og_url":"https:\/\/fast-track.epsi-wis.ovh\/kossivi\/","og_site_name":"hxnxre_avk","article_modified_time":"2025-05-25T13:40:06+00:00","og_image":[{"width":2480,"height":2480,"url":"https:\/\/fast-track.epsi-wis.ovh\/kossivi\/wp-content\/uploads\/2025\/05\/nounoursbio.jpg","type":"image\/jpeg"}],"twitter_card":"summary_large_image","twitter_misc":{"Dur\u00e9e de lecture estim\u00e9e":"2 minutes"},"schema":{"@context":"https:\/\/schema.org","@graph":[{"@type":"WebPage","@id":"https:\/\/fast-track.epsi-wis.ovh\/kossivi\/","url":"https:\/\/fast-track.epsi-wis.ovh\/kossivi\/","name":"Bienvenue chez Doudou Bio \u2013 La douceur responsable pour les tout-petits - hxnxre_avk","isPartOf":{"@id":"https:\/\/fast-track.epsi-wis.ovh\/kossivi\/#website"},"primaryImageOfPage":{"@id":"https:\/\/fast-track.epsi-wis.ovh\/kossivi\/#primaryimage"},"image":{"@id":"https:\/\/fast-track.epsi-wis.ovh\/kossivi\/#primaryimage"},"thumbnailUrl":"https:\/\/fast-track.epsi-wis.ovh\/kossivi\/wp-content\/uploads\/2025\/05\/nounoursbio-300x300.jpg","datePublished":"2025-04-09T10:25:48+00:00","dateModified":"2025-05-25T13:40:06+00:00","breadcrumb":{"@id":"https:\/\/fast-track.epsi-wis.ovh\/kossivi\/#breadcrumb"},"inLanguage":"fr-FR","potentialAction":[{"@type":"ReadAction","target":["https:\/\/fast-track.epsi-wis.ovh\/kossivi\/"]}]},{"@type":"ImageObject","inLanguage":"fr-FR","@id":"https:\/\/fast-track.epsi-wis.ovh\/kossivi\/#primaryimage","url":"https:\/\/fast-track.epsi-wis.ovh\/kossivi\/wp-content\/uploads\/2025\/05\/nounoursbio.jpg","contentUrl":"https:\/\/fast-track.epsi-wis.ovh\/kossivi\/wp-content\/uploads\/2025\/05\/nounoursbio.jpg","width":2480,"height":2480,"caption":"image d'un doudou ours"},{"@type":"BreadcrumbList","@id":"https:\/\/fast-track.epsi-wis.ovh\/kossivi\/#breadcrumb","itemListElement":[{"@type":"ListItem","position":1,"name":"Accueil","item":"https:\/\/fast-track.epsi-wis.ovh\/kossivi\/"},{"@type":"ListItem","position":2,"name":"Bienvenue chez Doudou Bio \u2013 La douceur responsable pour les tout-petits"}]},{"@type":"WebSite","@id":"https:\/\/fast-track.epsi-wis.ovh\/kossivi\/#website","url":"https:\/\/fast-track.epsi-wis.ovh\/kossivi\/","name":"hxnxre_avk","description":"","publisher":{"@id":"https:\/\/fast-track.epsi-wis.ovh\/kossivi\/#organization"},"potentialAction":[{"@type":"SearchAction","target":{"@type":"EntryPoint","urlTemplate":"https:\/\/fast-track.epsi-wis.ovh\/kossivi\/?s={search_term_string}"},"query-input":{"@type":"PropertyValueSpecification","valueRequired":true,"valueName":"search_term_string"}}],"inLanguage":"fr-FR"},{"@type":"Organization","@id":"https:\/\/fast-track.epsi-wis.ovh\/kossivi\/#organization","name":"hxnxre_avk","url":"https:\/\/fast-track.epsi-wis.ovh\/kossivi\/","logo":{"@type":"ImageObject","inLanguage":"fr-FR","@id":"https:\/\/fast-track.epsi-wis.ovh\/kossivi\/#\/schema\/logo\/image\/","url":"https:\/\/fast-track.epsi-wis.ovh\/kossivi\/wp-content\/uploads\/2025\/04\/IMG_7832-1.jpg","contentUrl":"https:\/\/fast-track.epsi-wis.ovh\/kossivi\/wp-content\/uploads\/2025\/04\/IMG_7832-1.jpg","width":1600,"height":1066,"caption":"hxnxre_avk"},"image":{"@id":"https:\/\/fast-track.epsi-wis.ovh\/kossivi\/#\/schema\/logo\/image\/"}}]}},"_links":{"self":[{"href":"https:\/\/fast-track.epsi-wis.ovh\/kossivi\/wp-json\/wp\/v2\/pages\/8","targetHints":{"allow":["GET"]}}],"collection":[{"href":"https:\/\/fast-track.epsi-wis.ovh\/kossivi\/wp-json\/wp\/v2\/pages"}],"about":[{"href":"https:\/\/fast-track.epsi-wis.ovh\/kossivi\/wp-json\/wp\/v2\/types\/page"}],"author":[{"embeddable":true,"href":"https:\/\/fast-track.epsi-wis.ovh\/kossivi\/wp-json\/wp\/v2\/users\/1"}],"replies":[{"embeddable":true,"href":"https:\/\/fast-track.epsi-wis.ovh\/kossivi\/wp-json\/wp\/v2\/comments?post=8"}],"version-history":[{"count":10,"href":"https:\/\/fast-track.epsi-wis.ovh\/kossivi\/wp-json\/wp\/v2\/pages\/8\/revisions"}],"predecessor-version":[{"id":118,"href":"https:\/\/fast-track.epsi-wis.ovh\/kossivi\/wp-json\/wp\/v2\/pages\/8\/revisions\/118"}],"wp:attachment":[{"href":"https:\/\/fast-track.epsi-wis.ovh\/kossivi\/wp-json\/wp\/v2\/media?parent=8"}],"curies":[{"name":"wp","href":"https:\/\/api.w.org\/{rel}","templated":true}]}}