{"id":22,"date":"2025-04-23T17:56:14","date_gmt":"2025-04-23T15:56:14","guid":{"rendered":"https:\/\/fast-track.epsi-wis.ovh\/laurent\/?page_id=22"},"modified":"2025-05-12T12:07:07","modified_gmt":"2025-05-12T10:07:07","slug":"formation-digitale-en-alternance-avec-wis-paris-la-defense","status":"publish","type":"page","link":"https:\/\/fast-track.epsi-wis.ovh\/laurent\/formation-digitale-en-alternance-avec-wis-paris-la-defense\/","title":{"rendered":"Formation digitale en alternance avec WIS &amp; EPSI"},"content":{"rendered":"\n<ul class=\"wp-block-list\">\n<li>La formation digitale en alternance pl\u00e9biscit\u00e9e par les entreprises<\/li>\n\n\n\n<li><a href=\"#choix\">Pourquoi choisir une formation digitale en alternance ?<\/a><\/li>\n<\/ul>\n\n\n<h2>Se former en alternance au Digital avec les \u00e9coles EPSI &#8211; WIS<\/h2>\n<h3>EPSI, une \u00e9cole digitale pour se former en alternance<\/h3>\n<div class=\"elementor-element elementor-element-bc27c77 elementor-widget elementor-widget-text-editor\" data-id=\"bc27c77\" data-element_type=\"widget\" data-widget_type=\"text-editor.default\">\n<div class=\"elementor-widget-container\">\n<p>L\u2019\u00c9cole EPSI est pleinement engag\u00e9e aupr\u00e8s de ses apprenants pour les accompagner vers une insertion professionnelle r\u00e9ussie. <strong>L\u2019alternance<\/strong> offre la possibilit\u00e9 de se former gratuitement tout en \u00e9tant r\u00e9mun\u00e9r\u00e9s aux <strong>m\u00e9tiers du Digital<\/strong> qui sont parmi les plus recherch\u00e9s sur le march\u00e9 de l\u2019emploi, tout en poursuivant une formation dipl\u00f4mante.<\/p>\n<p>Selon la formation suivie, vous pouvez suivre un <strong>cursus en alternance \u00e0 partir de la troisi\u00e8me ann\u00e9e de Bachelor<\/strong>, puis en Mast\u00e8re dans la fili\u00e8re de votre choix\u202fen Cr\u00e9ation digitale, Communication et marketing digital ou D\u00e9veloppement Web. Il est possible d\u2019int\u00e9grer la formation en cours de cursus en admission parall\u00e8le.<\/p>\n<\/div>\n<\/div>\n\n\n<div class=\"wp-block-columns has-background is-layout-flex wp-container-core-columns-is-layout-9d6595d7 wp-block-columns-is-layout-flex\" style=\"background-color:#4f20ed\">\n<div class=\"wp-block-column is-vertically-aligned-center is-layout-flow wp-block-column-is-layout-flow\">\n<figure class=\"wp-block-embed is-type-video is-provider-youtube wp-block-embed-youtube wp-embed-aspect-16-9 wp-has-aspect-ratio\"><div class=\"wp-block-embed__wrapper\">\n<iframe hcb-fetch-image-from=\"https:\/\/www.youtube.com\/watch?v=j8ckd2IamSU\" title=\"Le recrutement dans le digital, boom ou illusion ? Tonton Karim vous dit tout !\" width=\"500\" height=\"281\" src=\"https:\/\/www.youtube.com\/embed\/j8ckd2IamSU?feature=oembed\" frameborder=\"0\" allow=\"accelerometer; autoplay; clipboard-write; encrypted-media; gyroscope; picture-in-picture; web-share\" referrerpolicy=\"strict-origin-when-cross-origin\" allowfullscreen><\/iframe>\n<\/div><\/figure>\n<\/div>\n\n\n\n<div class=\"wp-block-column is-vertically-aligned-center is-layout-flow wp-block-column-is-layout-flow\">\n<h2 class=\"wp-block-heading alignwide has-text-align-center\">Le recrutement dans le digital<\/h2>\n<\/div>\n<\/div>\n\n\n<h3>La formation digitale en alternance pl\u00e9biscit\u00e9e par les entreprises<\/h3>\n<p data-wp-editing=\"1\"><a href=\"https:\/\/fast-track.epsi-wis.ovh\/laurent\/wp-content\/uploads\/2025\/05\/formation-digitale-alternance-etudiants.jpg\" target=\"_blank\" rel=\"noopener\"><img fetchpriority=\"high\" decoding=\"async\" class=\"alignright size-medium wp-image-42\" src=\"https:\/\/fast-track.epsi-wis.ovh\/laurent\/wp-content\/uploads\/2025\/05\/formation-digitale-alternance-etudiants-469x300.jpg\" alt=\"Etudiants en formation digitale en alternance \u00e0 l'\u00e9cole digitale WIS\" width=\"469\" height=\"300\" srcset=\"https:\/\/fast-track.epsi-wis.ovh\/laurent\/wp-content\/uploads\/2025\/05\/formation-digitale-alternance-etudiants-469x300.jpg 469w, https:\/\/fast-track.epsi-wis.ovh\/laurent\/wp-content\/uploads\/2025\/05\/formation-digitale-alternance-etudiants-768x492.jpg 768w, https:\/\/fast-track.epsi-wis.ovh\/laurent\/wp-content\/uploads\/2025\/05\/formation-digitale-alternance-etudiants.jpg 900w\" sizes=\"(max-width: 469px) 100vw, 469px\" \/><\/a>Consciente des nouveaux enjeux et besoins des entreprises en digital, l\u2019\u00e9cole DSP axe ses formations, Bachelors et Mast\u00e8res, autour de programmes p\u00e9dagogiques d\u2019excellence mais \u00e9galement d\u2019un volet professionnalisant fort, en privil\u00e9giant la modalit\u00e9 de l\u2019alternance.<\/p>\n<p>Tous les cursus de l\u2019\u00e9cole sont ainsi r\u00e9alisables en alternance, permettant aux \u00e9tudiants d\u2019acqu\u00e9rir une exp\u00e9rience pr\u00e9cieuse du monde de l\u2019entreprise et de faciliter l\u2019insertion professionnelle des \u00e9tudiants aux comp\u00e9tences th\u00e9oriques et pratiques du digital, recherch\u00e9s par les entreprises, en fin de formation.<\/p>\n<p>Les \u00e9coles WIS &#8211; EPSI forment ainsi des profils d\u2019experts du digital en alliant excellence p\u00e9dagogique et immersion dans le monde professionnel, gr\u00e2ce \u00e0 la modalit\u00e9 de l\u2019alternance dans chacun des cursus, du Bachelor au Mast\u00e8re.<\/p>\n\n\n<h2 class=\"wp-block-heading\" id=\"choix\">Pourquoi choisir une formation digitale en alternance ?<\/h2>\n\n\n\n<p>La <strong>formation par alternance<\/strong> aussi appel\u00e9e <strong>formation duale<\/strong> ou <strong>formation en apprentissage<\/strong>, d\u00e9signe un syst\u00e8me de formation qui int\u00e8gre une exp\u00e9rience de travail o\u00f9 la personne concern\u00e9e, l&rsquo;alternant qui peut \u00eatre \u00e9l\u00e8ve, \u00e9tudiant ou <a href=\"https:\/\/fr.wikipedia.org\/wiki\/Apprenti\">apprenti<\/a>, se forme alternativement en <a href=\"https:\/\/fr.wikipedia.org\/wiki\/Entreprise\">entreprise<\/a> priv\u00e9e ou publique et dans un \u00e9tablissement d&rsquo;enseignement comme, en France, un <a href=\"https:\/\/fr.wikipedia.org\/wiki\/Lyc%C3%A9e_professionnel\">lyc\u00e9e professionnel<\/a>, un <a href=\"https:\/\/fr.wikipedia.org\/wiki\/Centre_de_formation_d%27apprentis\">centre de formation d&rsquo;apprentis<\/a>, un \u00e9tablissement public local d\u2019enseignement et de formation professionnelle agricole, une <a href=\"https:\/\/fr.wikipedia.org\/wiki\/Maison_familiale_rurale\">maison familiale rurale<\/a>, une \u00e9cole d&rsquo;ing\u00e9nieur ou une <a href=\"https:\/\/fr.wikipedia.org\/wiki\/Universit%C3%A9\">universit\u00e9<\/a>. En Suisse, les \u00e9tablissements d&rsquo;enseignement qui se calquent sur le mod\u00e8le de la formation duale s&rsquo;appellent <em><a href=\"https:\/\/fr.wikipedia.org\/wiki\/%C3%89cole_professionnelle\">\u00e9coles professionnelles<\/a><\/em>.<\/p>\n","protected":false},"excerpt":{"rendered":"<p>Se former en alternance au Digital avec les \u00e9coles EPSI &#8211; WIS EPSI, une \u00e9cole digitale pour se former en alternance L\u2019\u00c9cole EPSI est pleinement engag\u00e9e aupr\u00e8s de ses apprenants pour les accompagner vers une insertion professionnelle r\u00e9ussie. L\u2019alternance offre la possibilit\u00e9 de se former gratuitement tout en \u00e9tant r\u00e9mun\u00e9r\u00e9s aux m\u00e9tiers du Digital qui [&hellip;]<\/p>\n","protected":false},"author":1,"featured_media":0,"parent":0,"menu_order":0,"comment_status":"closed","ping_status":"closed","template":"","meta":{"footnotes":""},"class_list":["post-22","page","type-page","status-publish","hentry"],"yoast_head":"<!-- This site is optimized with the Yoast SEO plugin v27.4 - https:\/\/yoast.com\/product\/yoast-seo-wordpress\/ -->\n<title>Formation digitale en alternance avec WIS &amp; EPSI - Paris La D\u00e9fense<\/title>\n<meta name=\"robots\" content=\"index, follow, max-snippet:-1, max-image-preview:large, max-video-preview:-1\" \/>\n<link rel=\"canonical\" href=\"https:\/\/fast-track.epsi-wis.ovh\/laurent\/formation-digitale-en-alternance-avec-wis-paris-la-defense\/\" \/>\n<meta property=\"og:locale\" content=\"fr_FR\" \/>\n<meta property=\"og:type\" content=\"article\" \/>\n<meta property=\"og:title\" content=\"Formation digitale en alternance avec WIS &amp; EPSI - Paris La D\u00e9fense\" \/>\n<meta property=\"og:description\" content=\"Se former en alternance au Digital avec les \u00e9coles EPSI &#8211; WIS EPSI, une \u00e9cole digitale pour se former en alternance L\u2019\u00c9cole EPSI est pleinement engag\u00e9e aupr\u00e8s de ses apprenants pour les accompagner vers une insertion professionnelle r\u00e9ussie. L\u2019alternance offre la possibilit\u00e9 de se former gratuitement tout en \u00e9tant r\u00e9mun\u00e9r\u00e9s aux m\u00e9tiers du Digital qui [&hellip;]\" \/>\n<meta property=\"og:url\" content=\"https:\/\/fast-track.epsi-wis.ovh\/laurent\/formation-digitale-en-alternance-avec-wis-paris-la-defense\/\" \/>\n<meta property=\"og:site_name\" content=\"Mon joli site EPSI WIS\" \/>\n<meta property=\"article:modified_time\" content=\"2025-05-12T10:07:07+00:00\" \/>\n<meta property=\"og:image\" content=\"https:\/\/fast-track.epsi-wis.ovh\/laurent\/wp-content\/uploads\/2025\/05\/formation-digitale-alternance-etudiants.jpg\" \/>\n\t<meta property=\"og:image:width\" content=\"900\" \/>\n\t<meta property=\"og:image:height\" content=\"576\" \/>\n\t<meta property=\"og:image:type\" content=\"image\/jpeg\" \/>\n<meta name=\"twitter:card\" content=\"summary_large_image\" \/>\n<meta name=\"twitter:label1\" content=\"Dur\u00e9e de lecture estim\u00e9e\" \/>\n\t<meta name=\"twitter:data1\" content=\"3 minutes\" \/>\n<script type=\"application\/ld+json\" class=\"yoast-schema-graph\">{\"@context\":\"https:\\\/\\\/schema.org\",\"@graph\":[{\"@type\":\"WebPage\",\"@id\":\"https:\\\/\\\/fast-track.epsi-wis.ovh\\\/laurent\\\/formation-digitale-en-alternance-avec-wis-paris-la-defense\\\/\",\"url\":\"https:\\\/\\\/fast-track.epsi-wis.ovh\\\/laurent\\\/formation-digitale-en-alternance-avec-wis-paris-la-defense\\\/\",\"name\":\"Formation digitale en alternance avec WIS &amp; EPSI - Paris La D\u00e9fense\",\"isPartOf\":{\"@id\":\"https:\\\/\\\/fast-track.epsi-wis.ovh\\\/laurent\\\/#website\"},\"primaryImageOfPage\":{\"@id\":\"https:\\\/\\\/fast-track.epsi-wis.ovh\\\/laurent\\\/formation-digitale-en-alternance-avec-wis-paris-la-defense\\\/#primaryimage\"},\"image\":{\"@id\":\"https:\\\/\\\/fast-track.epsi-wis.ovh\\\/laurent\\\/formation-digitale-en-alternance-avec-wis-paris-la-defense\\\/#primaryimage\"},\"thumbnailUrl\":\"https:\\\/\\\/fast-track.epsi-wis.ovh\\\/laurent\\\/wp-content\\\/uploads\\\/2025\\\/05\\\/formation-digitale-alternance-etudiants-469x300.jpg\",\"datePublished\":\"2025-04-23T15:56:14+00:00\",\"dateModified\":\"2025-05-12T10:07:07+00:00\",\"breadcrumb\":{\"@id\":\"https:\\\/\\\/fast-track.epsi-wis.ovh\\\/laurent\\\/formation-digitale-en-alternance-avec-wis-paris-la-defense\\\/#breadcrumb\"},\"inLanguage\":\"fr-FR\",\"potentialAction\":[{\"@type\":\"ReadAction\",\"target\":[\"https:\\\/\\\/fast-track.epsi-wis.ovh\\\/laurent\\\/formation-digitale-en-alternance-avec-wis-paris-la-defense\\\/\"]}]},{\"@type\":\"ImageObject\",\"inLanguage\":\"fr-FR\",\"@id\":\"https:\\\/\\\/fast-track.epsi-wis.ovh\\\/laurent\\\/formation-digitale-en-alternance-avec-wis-paris-la-defense\\\/#primaryimage\",\"url\":\"https:\\\/\\\/fast-track.epsi-wis.ovh\\\/laurent\\\/wp-content\\\/uploads\\\/2025\\\/05\\\/formation-digitale-alternance-etudiants.jpg\",\"contentUrl\":\"https:\\\/\\\/fast-track.epsi-wis.ovh\\\/laurent\\\/wp-content\\\/uploads\\\/2025\\\/05\\\/formation-digitale-alternance-etudiants.jpg\",\"width\":900,\"height\":576,\"caption\":\"Etudiants en formation digitale en alternance \u00e0 l'\u00e9cole digitale WIS\"},{\"@type\":\"BreadcrumbList\",\"@id\":\"https:\\\/\\\/fast-track.epsi-wis.ovh\\\/laurent\\\/formation-digitale-en-alternance-avec-wis-paris-la-defense\\\/#breadcrumb\",\"itemListElement\":[{\"@type\":\"ListItem\",\"position\":1,\"name\":\"Accueil\",\"item\":\"https:\\\/\\\/fast-track.epsi-wis.ovh\\\/laurent\\\/\"},{\"@type\":\"ListItem\",\"position\":2,\"name\":\"Formation digitale en alternance avec WIS &amp; EPSI\"}]},{\"@type\":\"WebSite\",\"@id\":\"https:\\\/\\\/fast-track.epsi-wis.ovh\\\/laurent\\\/#website\",\"url\":\"https:\\\/\\\/fast-track.epsi-wis.ovh\\\/laurent\\\/\",\"name\":\"Mon joli site EPSI WIS\",\"description\":\"\",\"publisher\":{\"@id\":\"https:\\\/\\\/fast-track.epsi-wis.ovh\\\/laurent\\\/#organization\"},\"potentialAction\":[{\"@type\":\"SearchAction\",\"target\":{\"@type\":\"EntryPoint\",\"urlTemplate\":\"https:\\\/\\\/fast-track.epsi-wis.ovh\\\/laurent\\\/?s={search_term_string}\"},\"query-input\":{\"@type\":\"PropertyValueSpecification\",\"valueRequired\":true,\"valueName\":\"search_term_string\"}}],\"inLanguage\":\"fr-FR\"},{\"@type\":\"Organization\",\"@id\":\"https:\\\/\\\/fast-track.epsi-wis.ovh\\\/laurent\\\/#organization\",\"name\":\"Mon joli site EPSI WIS\",\"url\":\"https:\\\/\\\/fast-track.epsi-wis.ovh\\\/laurent\\\/\",\"logo\":{\"@type\":\"ImageObject\",\"inLanguage\":\"fr-FR\",\"@id\":\"https:\\\/\\\/fast-track.epsi-wis.ovh\\\/laurent\\\/#\\\/schema\\\/logo\\\/image\\\/\",\"url\":\"https:\\\/\\\/fast-track.epsi-wis.ovh\\\/laurent\\\/wp-content\\\/uploads\\\/2025\\\/05\\\/wis.png\",\"contentUrl\":\"https:\\\/\\\/fast-track.epsi-wis.ovh\\\/laurent\\\/wp-content\\\/uploads\\\/2025\\\/05\\\/wis.png\",\"width\":297,\"height\":170,\"caption\":\"Mon joli site EPSI WIS\"},\"image\":{\"@id\":\"https:\\\/\\\/fast-track.epsi-wis.ovh\\\/laurent\\\/#\\\/schema\\\/logo\\\/image\\\/\"}}]}<\/script>\n<!-- \/ Yoast SEO plugin. -->","yoast_head_json":{"title":"Formation digitale en alternance avec WIS &amp; EPSI - Paris La D\u00e9fense","robots":{"index":"index","follow":"follow","max-snippet":"max-snippet:-1","max-image-preview":"max-image-preview:large","max-video-preview":"max-video-preview:-1"},"canonical":"https:\/\/fast-track.epsi-wis.ovh\/laurent\/formation-digitale-en-alternance-avec-wis-paris-la-defense\/","og_locale":"fr_FR","og_type":"article","og_title":"Formation digitale en alternance avec WIS &amp; EPSI - Paris La D\u00e9fense","og_description":"Se former en alternance au Digital avec les \u00e9coles EPSI &#8211; WIS EPSI, une \u00e9cole digitale pour se former en alternance L\u2019\u00c9cole EPSI est pleinement engag\u00e9e aupr\u00e8s de ses apprenants pour les accompagner vers une insertion professionnelle r\u00e9ussie. L\u2019alternance offre la possibilit\u00e9 de se former gratuitement tout en \u00e9tant r\u00e9mun\u00e9r\u00e9s aux m\u00e9tiers du Digital qui [&hellip;]","og_url":"https:\/\/fast-track.epsi-wis.ovh\/laurent\/formation-digitale-en-alternance-avec-wis-paris-la-defense\/","og_site_name":"Mon joli site EPSI WIS","article_modified_time":"2025-05-12T10:07:07+00:00","og_image":[{"width":900,"height":576,"url":"https:\/\/fast-track.epsi-wis.ovh\/laurent\/wp-content\/uploads\/2025\/05\/formation-digitale-alternance-etudiants.jpg","type":"image\/jpeg"}],"twitter_card":"summary_large_image","twitter_misc":{"Dur\u00e9e de lecture estim\u00e9e":"3 minutes"},"schema":{"@context":"https:\/\/schema.org","@graph":[{"@type":"WebPage","@id":"https:\/\/fast-track.epsi-wis.ovh\/laurent\/formation-digitale-en-alternance-avec-wis-paris-la-defense\/","url":"https:\/\/fast-track.epsi-wis.ovh\/laurent\/formation-digitale-en-alternance-avec-wis-paris-la-defense\/","name":"Formation digitale en alternance avec WIS &amp; EPSI - Paris La D\u00e9fense","isPartOf":{"@id":"https:\/\/fast-track.epsi-wis.ovh\/laurent\/#website"},"primaryImageOfPage":{"@id":"https:\/\/fast-track.epsi-wis.ovh\/laurent\/formation-digitale-en-alternance-avec-wis-paris-la-defense\/#primaryimage"},"image":{"@id":"https:\/\/fast-track.epsi-wis.ovh\/laurent\/formation-digitale-en-alternance-avec-wis-paris-la-defense\/#primaryimage"},"thumbnailUrl":"https:\/\/fast-track.epsi-wis.ovh\/laurent\/wp-content\/uploads\/2025\/05\/formation-digitale-alternance-etudiants-469x300.jpg","datePublished":"2025-04-23T15:56:14+00:00","dateModified":"2025-05-12T10:07:07+00:00","breadcrumb":{"@id":"https:\/\/fast-track.epsi-wis.ovh\/laurent\/formation-digitale-en-alternance-avec-wis-paris-la-defense\/#breadcrumb"},"inLanguage":"fr-FR","potentialAction":[{"@type":"ReadAction","target":["https:\/\/fast-track.epsi-wis.ovh\/laurent\/formation-digitale-en-alternance-avec-wis-paris-la-defense\/"]}]},{"@type":"ImageObject","inLanguage":"fr-FR","@id":"https:\/\/fast-track.epsi-wis.ovh\/laurent\/formation-digitale-en-alternance-avec-wis-paris-la-defense\/#primaryimage","url":"https:\/\/fast-track.epsi-wis.ovh\/laurent\/wp-content\/uploads\/2025\/05\/formation-digitale-alternance-etudiants.jpg","contentUrl":"https:\/\/fast-track.epsi-wis.ovh\/laurent\/wp-content\/uploads\/2025\/05\/formation-digitale-alternance-etudiants.jpg","width":900,"height":576,"caption":"Etudiants en formation digitale en alternance \u00e0 l'\u00e9cole digitale WIS"},{"@type":"BreadcrumbList","@id":"https:\/\/fast-track.epsi-wis.ovh\/laurent\/formation-digitale-en-alternance-avec-wis-paris-la-defense\/#breadcrumb","itemListElement":[{"@type":"ListItem","position":1,"name":"Accueil","item":"https:\/\/fast-track.epsi-wis.ovh\/laurent\/"},{"@type":"ListItem","position":2,"name":"Formation digitale en alternance avec WIS &amp; EPSI"}]},{"@type":"WebSite","@id":"https:\/\/fast-track.epsi-wis.ovh\/laurent\/#website","url":"https:\/\/fast-track.epsi-wis.ovh\/laurent\/","name":"Mon joli site EPSI WIS","description":"","publisher":{"@id":"https:\/\/fast-track.epsi-wis.ovh\/laurent\/#organization"},"potentialAction":[{"@type":"SearchAction","target":{"@type":"EntryPoint","urlTemplate":"https:\/\/fast-track.epsi-wis.ovh\/laurent\/?s={search_term_string}"},"query-input":{"@type":"PropertyValueSpecification","valueRequired":true,"valueName":"search_term_string"}}],"inLanguage":"fr-FR"},{"@type":"Organization","@id":"https:\/\/fast-track.epsi-wis.ovh\/laurent\/#organization","name":"Mon joli site EPSI WIS","url":"https:\/\/fast-track.epsi-wis.ovh\/laurent\/","logo":{"@type":"ImageObject","inLanguage":"fr-FR","@id":"https:\/\/fast-track.epsi-wis.ovh\/laurent\/#\/schema\/logo\/image\/","url":"https:\/\/fast-track.epsi-wis.ovh\/laurent\/wp-content\/uploads\/2025\/05\/wis.png","contentUrl":"https:\/\/fast-track.epsi-wis.ovh\/laurent\/wp-content\/uploads\/2025\/05\/wis.png","width":297,"height":170,"caption":"Mon joli site EPSI WIS"},"image":{"@id":"https:\/\/fast-track.epsi-wis.ovh\/laurent\/#\/schema\/logo\/image\/"}}]}},"_links":{"self":[{"href":"https:\/\/fast-track.epsi-wis.ovh\/laurent\/wp-json\/wp\/v2\/pages\/22","targetHints":{"allow":["GET"]}}],"collection":[{"href":"https:\/\/fast-track.epsi-wis.ovh\/laurent\/wp-json\/wp\/v2\/pages"}],"about":[{"href":"https:\/\/fast-track.epsi-wis.ovh\/laurent\/wp-json\/wp\/v2\/types\/page"}],"author":[{"embeddable":true,"href":"https:\/\/fast-track.epsi-wis.ovh\/laurent\/wp-json\/wp\/v2\/users\/1"}],"replies":[{"embeddable":true,"href":"https:\/\/fast-track.epsi-wis.ovh\/laurent\/wp-json\/wp\/v2\/comments?post=22"}],"version-history":[{"count":14,"href":"https:\/\/fast-track.epsi-wis.ovh\/laurent\/wp-json\/wp\/v2\/pages\/22\/revisions"}],"predecessor-version":[{"id":73,"href":"https:\/\/fast-track.epsi-wis.ovh\/laurent\/wp-json\/wp\/v2\/pages\/22\/revisions\/73"}],"wp:attachment":[{"href":"https:\/\/fast-track.epsi-wis.ovh\/laurent\/wp-json\/wp\/v2\/media?parent=22"}],"curies":[{"name":"wp","href":"https:\/\/api.w.org\/{rel}","templated":true}]}}