{"id":77,"date":"2025-06-19T09:58:39","date_gmt":"2025-06-19T07:58:39","guid":{"rendered":"https:\/\/fast-track.epsi-wis.ovh\/laurent\/?page_id=77"},"modified":"2025-06-19T10:42:50","modified_gmt":"2025-06-19T08:42:50","slug":"mentions-legales","status":"publish","type":"page","link":"https:\/\/fast-track.epsi-wis.ovh\/laurent\/mentions-legales\/","title":{"rendered":"Mentions l\u00e9gales"},"content":{"rendered":"\n<details class=\"wp-block-details is-layout-flow wp-block-details-is-layout-flow\"><summary>Editeur<\/summary>\n<p>Le site <a href=\"https:\/\/fast-track.epsi-wis.ovh\/laurent\">https:\/\/fast-track.epsi-wis.ovh\/laurent<\/a> est \u00e9dit\u00e9 par la soci\u00e9t\u00e9 E-LINEC SARL au capital de 8 000 \u20ac, soci\u00e9t\u00e9 immatricul\u00e9e au RCS de Nanterre sous le num\u00e9ro 493 971 394.<br>D\u00e9claration d\u2019activit\u00e9 de formation enregistr\u00e9e sous le num\u00e9ro 11 92 16309 92.<\/p>\n<\/details>\n\n\n\n<details class=\"wp-block-details is-layout-flow wp-block-details-is-layout-flow\"><summary>Si\u00e8ge social<\/summary>\n<p><strong>E-LINEC<br><\/strong>7 Avenue Am\u00e9lie<br>92320 Ch\u00e2tillon<br>E-mail : <a href=\"mailto:contact@e-linec.com\">contact@e-linec.com<\/a><br>T\u00e9l. : 01.58.35.01.13<\/p>\n<\/details>\n\n\n\n<details class=\"wp-block-details is-layout-flow wp-block-details-is-layout-flow\"><summary>Mentions relatives \u00e0 la propri\u00e9t\u00e9 intellectuelle<\/summary>\n<ul class=\"wp-block-list\"><\/ul>\n\n\n\n<ul class=\"wp-block-list\">\n<li>Le site https:\/\/fast-track.epsi-wis.ovh\/laurent a \u00e9t\u00e9 r\u00e9alis\u00e9 par Laurent Ilgart sur la base du syst\u00e8me de gestion de contenu WordPress et du th\u00e8me b5st.<\/li>\n\n\n\n<li>Textes : Laurent Ilgart<\/li>\n\n\n\n<li>Images, illustrations, photographies : base documentaire libre de droits<\/li>\n<\/ul>\n<\/details>\n\n\n\n<details class=\"wp-block-details is-layout-flow wp-block-details-is-layout-flow\"><summary>H\u00e9bergement<\/summary>\n<p><strong>OVH SAS<\/strong><br>2 rue Kellermann<br>59100 Roubaix<br>T\u00e9l. 1007<\/p>\n<\/details>\n","protected":false},"excerpt":{"rendered":"","protected":false},"author":1,"featured_media":0,"parent":0,"menu_order":0,"comment_status":"closed","ping_status":"closed","template":"","meta":{"footnotes":""},"class_list":["post-77","page","type-page","status-publish","hentry"],"yoast_head":"<!-- This site is optimized with the Yoast SEO plugin v27.4 - https:\/\/yoast.com\/product\/yoast-seo-wordpress\/ -->\n<title>Mentions l\u00e9gales - Mon joli site EPSI WIS<\/title>\n<meta name=\"robots\" content=\"index, follow, max-snippet:-1, max-image-preview:large, max-video-preview:-1\" \/>\n<link rel=\"canonical\" href=\"https:\/\/fast-track.epsi-wis.ovh\/laurent\/mentions-legales\/\" \/>\n<meta property=\"og:locale\" content=\"fr_FR\" \/>\n<meta property=\"og:type\" content=\"article\" \/>\n<meta property=\"og:title\" content=\"Mentions l\u00e9gales - Mon joli site EPSI WIS\" \/>\n<meta property=\"og:url\" content=\"https:\/\/fast-track.epsi-wis.ovh\/laurent\/mentions-legales\/\" \/>\n<meta property=\"og:site_name\" content=\"Mon joli site EPSI WIS\" \/>\n<meta property=\"article:modified_time\" content=\"2025-06-19T08:42:50+00:00\" \/>\n<meta name=\"twitter:card\" content=\"summary_large_image\" \/>\n<meta name=\"twitter:label1\" content=\"Dur\u00e9e de lecture estim\u00e9e\" \/>\n\t<meta name=\"twitter:data1\" content=\"1 minute\" \/>\n<script type=\"application\/ld+json\" class=\"yoast-schema-graph\">{\"@context\":\"https:\\\/\\\/schema.org\",\"@graph\":[{\"@type\":\"WebPage\",\"@id\":\"https:\\\/\\\/fast-track.epsi-wis.ovh\\\/laurent\\\/mentions-legales\\\/\",\"url\":\"https:\\\/\\\/fast-track.epsi-wis.ovh\\\/laurent\\\/mentions-legales\\\/\",\"name\":\"Mentions l\u00e9gales - Mon joli site EPSI WIS\",\"isPartOf\":{\"@id\":\"https:\\\/\\\/fast-track.epsi-wis.ovh\\\/laurent\\\/#website\"},\"datePublished\":\"2025-06-19T07:58:39+00:00\",\"dateModified\":\"2025-06-19T08:42:50+00:00\",\"breadcrumb\":{\"@id\":\"https:\\\/\\\/fast-track.epsi-wis.ovh\\\/laurent\\\/mentions-legales\\\/#breadcrumb\"},\"inLanguage\":\"fr-FR\",\"potentialAction\":[{\"@type\":\"ReadAction\",\"target\":[\"https:\\\/\\\/fast-track.epsi-wis.ovh\\\/laurent\\\/mentions-legales\\\/\"]}]},{\"@type\":\"BreadcrumbList\",\"@id\":\"https:\\\/\\\/fast-track.epsi-wis.ovh\\\/laurent\\\/mentions-legales\\\/#breadcrumb\",\"itemListElement\":[{\"@type\":\"ListItem\",\"position\":1,\"name\":\"Accueil\",\"item\":\"https:\\\/\\\/fast-track.epsi-wis.ovh\\\/laurent\\\/\"},{\"@type\":\"ListItem\",\"position\":2,\"name\":\"Mentions l\u00e9gales\"}]},{\"@type\":\"WebSite\",\"@id\":\"https:\\\/\\\/fast-track.epsi-wis.ovh\\\/laurent\\\/#website\",\"url\":\"https:\\\/\\\/fast-track.epsi-wis.ovh\\\/laurent\\\/\",\"name\":\"Mon joli site EPSI WIS\",\"description\":\"\",\"publisher\":{\"@id\":\"https:\\\/\\\/fast-track.epsi-wis.ovh\\\/laurent\\\/#organization\"},\"potentialAction\":[{\"@type\":\"SearchAction\",\"target\":{\"@type\":\"EntryPoint\",\"urlTemplate\":\"https:\\\/\\\/fast-track.epsi-wis.ovh\\\/laurent\\\/?s={search_term_string}\"},\"query-input\":{\"@type\":\"PropertyValueSpecification\",\"valueRequired\":true,\"valueName\":\"search_term_string\"}}],\"inLanguage\":\"fr-FR\"},{\"@type\":\"Organization\",\"@id\":\"https:\\\/\\\/fast-track.epsi-wis.ovh\\\/laurent\\\/#organization\",\"name\":\"Mon joli site EPSI WIS\",\"url\":\"https:\\\/\\\/fast-track.epsi-wis.ovh\\\/laurent\\\/\",\"logo\":{\"@type\":\"ImageObject\",\"inLanguage\":\"fr-FR\",\"@id\":\"https:\\\/\\\/fast-track.epsi-wis.ovh\\\/laurent\\\/#\\\/schema\\\/logo\\\/image\\\/\",\"url\":\"https:\\\/\\\/fast-track.epsi-wis.ovh\\\/laurent\\\/wp-content\\\/uploads\\\/2025\\\/05\\\/wis.png\",\"contentUrl\":\"https:\\\/\\\/fast-track.epsi-wis.ovh\\\/laurent\\\/wp-content\\\/uploads\\\/2025\\\/05\\\/wis.png\",\"width\":297,\"height\":170,\"caption\":\"Mon joli site EPSI WIS\"},\"image\":{\"@id\":\"https:\\\/\\\/fast-track.epsi-wis.ovh\\\/laurent\\\/#\\\/schema\\\/logo\\\/image\\\/\"}}]}<\/script>\n<!-- \/ Yoast SEO plugin. -->","yoast_head_json":{"title":"Mentions l\u00e9gales - Mon joli site EPSI WIS","robots":{"index":"index","follow":"follow","max-snippet":"max-snippet:-1","max-image-preview":"max-image-preview:large","max-video-preview":"max-video-preview:-1"},"canonical":"https:\/\/fast-track.epsi-wis.ovh\/laurent\/mentions-legales\/","og_locale":"fr_FR","og_type":"article","og_title":"Mentions l\u00e9gales - Mon joli site EPSI WIS","og_url":"https:\/\/fast-track.epsi-wis.ovh\/laurent\/mentions-legales\/","og_site_name":"Mon joli site EPSI WIS","article_modified_time":"2025-06-19T08:42:50+00:00","twitter_card":"summary_large_image","twitter_misc":{"Dur\u00e9e de lecture estim\u00e9e":"1 minute"},"schema":{"@context":"https:\/\/schema.org","@graph":[{"@type":"WebPage","@id":"https:\/\/fast-track.epsi-wis.ovh\/laurent\/mentions-legales\/","url":"https:\/\/fast-track.epsi-wis.ovh\/laurent\/mentions-legales\/","name":"Mentions l\u00e9gales - Mon joli site EPSI WIS","isPartOf":{"@id":"https:\/\/fast-track.epsi-wis.ovh\/laurent\/#website"},"datePublished":"2025-06-19T07:58:39+00:00","dateModified":"2025-06-19T08:42:50+00:00","breadcrumb":{"@id":"https:\/\/fast-track.epsi-wis.ovh\/laurent\/mentions-legales\/#breadcrumb"},"inLanguage":"fr-FR","potentialAction":[{"@type":"ReadAction","target":["https:\/\/fast-track.epsi-wis.ovh\/laurent\/mentions-legales\/"]}]},{"@type":"BreadcrumbList","@id":"https:\/\/fast-track.epsi-wis.ovh\/laurent\/mentions-legales\/#breadcrumb","itemListElement":[{"@type":"ListItem","position":1,"name":"Accueil","item":"https:\/\/fast-track.epsi-wis.ovh\/laurent\/"},{"@type":"ListItem","position":2,"name":"Mentions l\u00e9gales"}]},{"@type":"WebSite","@id":"https:\/\/fast-track.epsi-wis.ovh\/laurent\/#website","url":"https:\/\/fast-track.epsi-wis.ovh\/laurent\/","name":"Mon joli site EPSI WIS","description":"","publisher":{"@id":"https:\/\/fast-track.epsi-wis.ovh\/laurent\/#organization"},"potentialAction":[{"@type":"SearchAction","target":{"@type":"EntryPoint","urlTemplate":"https:\/\/fast-track.epsi-wis.ovh\/laurent\/?s={search_term_string}"},"query-input":{"@type":"PropertyValueSpecification","valueRequired":true,"valueName":"search_term_string"}}],"inLanguage":"fr-FR"},{"@type":"Organization","@id":"https:\/\/fast-track.epsi-wis.ovh\/laurent\/#organization","name":"Mon joli site EPSI WIS","url":"https:\/\/fast-track.epsi-wis.ovh\/laurent\/","logo":{"@type":"ImageObject","inLanguage":"fr-FR","@id":"https:\/\/fast-track.epsi-wis.ovh\/laurent\/#\/schema\/logo\/image\/","url":"https:\/\/fast-track.epsi-wis.ovh\/laurent\/wp-content\/uploads\/2025\/05\/wis.png","contentUrl":"https:\/\/fast-track.epsi-wis.ovh\/laurent\/wp-content\/uploads\/2025\/05\/wis.png","width":297,"height":170,"caption":"Mon joli site EPSI WIS"},"image":{"@id":"https:\/\/fast-track.epsi-wis.ovh\/laurent\/#\/schema\/logo\/image\/"}}]}},"_links":{"self":[{"href":"https:\/\/fast-track.epsi-wis.ovh\/laurent\/wp-json\/wp\/v2\/pages\/77","targetHints":{"allow":["GET"]}}],"collection":[{"href":"https:\/\/fast-track.epsi-wis.ovh\/laurent\/wp-json\/wp\/v2\/pages"}],"about":[{"href":"https:\/\/fast-track.epsi-wis.ovh\/laurent\/wp-json\/wp\/v2\/types\/page"}],"author":[{"embeddable":true,"href":"https:\/\/fast-track.epsi-wis.ovh\/laurent\/wp-json\/wp\/v2\/users\/1"}],"replies":[{"embeddable":true,"href":"https:\/\/fast-track.epsi-wis.ovh\/laurent\/wp-json\/wp\/v2\/comments?post=77"}],"version-history":[{"count":14,"href":"https:\/\/fast-track.epsi-wis.ovh\/laurent\/wp-json\/wp\/v2\/pages\/77\/revisions"}],"predecessor-version":[{"id":99,"href":"https:\/\/fast-track.epsi-wis.ovh\/laurent\/wp-json\/wp\/v2\/pages\/77\/revisions\/99"}],"wp:attachment":[{"href":"https:\/\/fast-track.epsi-wis.ovh\/laurent\/wp-json\/wp\/v2\/media?parent=77"}],"curies":[{"name":"wp","href":"https:\/\/api.w.org\/{rel}","templated":true}]}}