{"id":127,"date":"2025-06-19T10:59:48","date_gmt":"2025-06-19T08:59:48","guid":{"rendered":"https:\/\/fast-track.epsi-wis.ovh\/marietou\/?page_id=127"},"modified":"2025-06-19T12:16:48","modified_gmt":"2025-06-19T10:16:48","slug":"mentions-legales","status":"publish","type":"page","link":"https:\/\/fast-track.epsi-wis.ovh\/marietou\/mentions-legales\/","title":{"rendered":"Mentions L\u00e9gales"},"content":{"rendered":"\n<details class=\"wp-block-details is-layout-flow wp-block-details-is-layout-flow\"><summary>\u00e9diteur<\/summary>\n<p>Le site <a href=\"https:\/\/fast-track.epsi-wis.ovh\/marietou\/\">https:\/\/fast-track.epsi-wis.ovh\/marietou\/<\/a>\u00a0est \u00e9dit\u00e9 par la soci\u00e9t\u00e9 immatricul\u00e9e au RCS de Nanterre sous le num\u00e9ro 493971394.<\/p>\n\n\n<\/details>\n\n\n\n<details class=\"wp-block-details is-layout-flow wp-block-details-is-layout-flow\"><summary>Si\u00e8ge Social<br><\/summary>\n<div class=\"wp-block-group is-nowrap is-layout-flex wp-container-core-group-is-layout-ad2f72ca wp-block-group-is-layout-flex\">\n<p>E-LINEC<\/p>\n<p>7 Avenue Am\u00e9lie<\/p>\n<p>92320 Chatillon<\/p>\n<p>E-mail :\u00a0<a href=\"mailto:contact@e-linec.com\">contact@e-linec.com<\/a><\/p>\n<p>T\u00e9l : 01.58.35.01.13<\/p>\n\n\n<\/div>\n<\/details>\n\n\n\n<details class=\"wp-block-details is-layout-flow wp-block-details-is-layout-flow\"><summary>Mentions Relatives \u00e0 la propri\u00e9t\u00e9 intellectuelle<\/summary>\n<div class=\"wp-block-group is-nowrap is-layout-flex wp-container-core-group-is-layout-ad2f72ca wp-block-group-is-layout-flex\">\n\n\n\n\n<ul class=\"wp-block-list\">\n<li style=\"text-align: left;\">le site https:\/\/fast-track.epsi-wis.ovh\/marietou\/ a \u00e9t\u00e9 r\u00e9alis\u00e9 par Ba Marietou sur la base du syst\u00e8me de gestion de contenu WordPress et du th\u00e8me b5st .<\/li>\n<\/ul>\n<ul class=\"wp-block-list\">\n<li>Textes : Ba Marietou<\/li>\n<\/ul>\n<ul class=\"wp-block-list\">\n<li>Images , illustrations , photographies : base documentaire libre de droits<\/li>\n<\/ul>\n<\/div>\n<\/details>\n\n\n\n<details class=\"wp-block-details is-layout-flow wp-block-details-is-layout-flow\"><summary>H\u00e9bergement<\/summary>\n<p>OVH SAS<br \/>2 rue Kellermann<br \/>59100 Roubaix<br \/>T\u00e9l. 1007<\/p>\n<\/details>\n\n\n\n\n\n<p><\/p>\n","protected":false},"excerpt":{"rendered":"","protected":false},"author":1,"featured_media":0,"parent":0,"menu_order":0,"comment_status":"closed","ping_status":"closed","template":"","meta":{"footnotes":""},"class_list":["post-127","page","type-page","status-publish","hentry"],"yoast_head":"<!-- This site is optimized with the Yoast SEO plugin v27.4 - https:\/\/yoast.com\/product\/yoast-seo-wordpress\/ -->\n<title>Mentions L\u00e9gales -<\/title>\n<meta name=\"robots\" content=\"noindex, follow, max-snippet:-1, max-image-preview:large, max-video-preview:-1\" \/>\n<meta property=\"og:locale\" content=\"fr_FR\" \/>\n<meta property=\"og:type\" content=\"article\" \/>\n<meta property=\"og:title\" content=\"Mentions L\u00e9gales -\" \/>\n<meta property=\"og:url\" content=\"https:\/\/fast-track.epsi-wis.ovh\/marietou\/mentions-legales\/\" \/>\n<meta property=\"article:modified_time\" content=\"2025-06-19T10:16:48+00:00\" \/>\n<meta name=\"twitter:card\" content=\"summary_large_image\" \/>\n<meta name=\"twitter:label1\" content=\"Dur\u00e9e de lecture estim\u00e9e\" \/>\n\t<meta name=\"twitter:data1\" content=\"1 minute\" \/>\n<script type=\"application\/ld+json\" class=\"yoast-schema-graph\">{\"@context\":\"https:\\\/\\\/schema.org\",\"@graph\":[{\"@type\":\"WebPage\",\"@id\":\"https:\\\/\\\/fast-track.epsi-wis.ovh\\\/marietou\\\/mentions-legales\\\/\",\"url\":\"https:\\\/\\\/fast-track.epsi-wis.ovh\\\/marietou\\\/mentions-legales\\\/\",\"name\":\"Mentions L\u00e9gales -\",\"isPartOf\":{\"@id\":\"https:\\\/\\\/fast-track.epsi-wis.ovh\\\/marietou\\\/#website\"},\"datePublished\":\"2025-06-19T08:59:48+00:00\",\"dateModified\":\"2025-06-19T10:16:48+00:00\",\"breadcrumb\":{\"@id\":\"https:\\\/\\\/fast-track.epsi-wis.ovh\\\/marietou\\\/mentions-legales\\\/#breadcrumb\"},\"inLanguage\":\"fr-FR\",\"potentialAction\":[{\"@type\":\"ReadAction\",\"target\":[\"https:\\\/\\\/fast-track.epsi-wis.ovh\\\/marietou\\\/mentions-legales\\\/\"]}]},{\"@type\":\"BreadcrumbList\",\"@id\":\"https:\\\/\\\/fast-track.epsi-wis.ovh\\\/marietou\\\/mentions-legales\\\/#breadcrumb\",\"itemListElement\":[{\"@type\":\"ListItem\",\"position\":1,\"name\":\"Accueil\",\"item\":\"https:\\\/\\\/fast-track.epsi-wis.ovh\\\/marietou\\\/\"},{\"@type\":\"ListItem\",\"position\":2,\"name\":\"Mentions L\u00e9gales\"}]},{\"@type\":\"WebSite\",\"@id\":\"https:\\\/\\\/fast-track.epsi-wis.ovh\\\/marietou\\\/#website\",\"url\":\"https:\\\/\\\/fast-track.epsi-wis.ovh\\\/marietou\\\/\",\"name\":\"\",\"description\":\"\",\"potentialAction\":[{\"@type\":\"SearchAction\",\"target\":{\"@type\":\"EntryPoint\",\"urlTemplate\":\"https:\\\/\\\/fast-track.epsi-wis.ovh\\\/marietou\\\/?s={search_term_string}\"},\"query-input\":{\"@type\":\"PropertyValueSpecification\",\"valueRequired\":true,\"valueName\":\"search_term_string\"}}],\"inLanguage\":\"fr-FR\"}]}<\/script>\n<!-- \/ Yoast SEO plugin. -->","yoast_head_json":{"title":"Mentions L\u00e9gales -","robots":{"index":"noindex","follow":"follow","max-snippet":"max-snippet:-1","max-image-preview":"max-image-preview:large","max-video-preview":"max-video-preview:-1"},"og_locale":"fr_FR","og_type":"article","og_title":"Mentions L\u00e9gales -","og_url":"https:\/\/fast-track.epsi-wis.ovh\/marietou\/mentions-legales\/","article_modified_time":"2025-06-19T10:16:48+00:00","twitter_card":"summary_large_image","twitter_misc":{"Dur\u00e9e de lecture estim\u00e9e":"1 minute"},"schema":{"@context":"https:\/\/schema.org","@graph":[{"@type":"WebPage","@id":"https:\/\/fast-track.epsi-wis.ovh\/marietou\/mentions-legales\/","url":"https:\/\/fast-track.epsi-wis.ovh\/marietou\/mentions-legales\/","name":"Mentions L\u00e9gales -","isPartOf":{"@id":"https:\/\/fast-track.epsi-wis.ovh\/marietou\/#website"},"datePublished":"2025-06-19T08:59:48+00:00","dateModified":"2025-06-19T10:16:48+00:00","breadcrumb":{"@id":"https:\/\/fast-track.epsi-wis.ovh\/marietou\/mentions-legales\/#breadcrumb"},"inLanguage":"fr-FR","potentialAction":[{"@type":"ReadAction","target":["https:\/\/fast-track.epsi-wis.ovh\/marietou\/mentions-legales\/"]}]},{"@type":"BreadcrumbList","@id":"https:\/\/fast-track.epsi-wis.ovh\/marietou\/mentions-legales\/#breadcrumb","itemListElement":[{"@type":"ListItem","position":1,"name":"Accueil","item":"https:\/\/fast-track.epsi-wis.ovh\/marietou\/"},{"@type":"ListItem","position":2,"name":"Mentions L\u00e9gales"}]},{"@type":"WebSite","@id":"https:\/\/fast-track.epsi-wis.ovh\/marietou\/#website","url":"https:\/\/fast-track.epsi-wis.ovh\/marietou\/","name":"","description":"","potentialAction":[{"@type":"SearchAction","target":{"@type":"EntryPoint","urlTemplate":"https:\/\/fast-track.epsi-wis.ovh\/marietou\/?s={search_term_string}"},"query-input":{"@type":"PropertyValueSpecification","valueRequired":true,"valueName":"search_term_string"}}],"inLanguage":"fr-FR"}]}},"_links":{"self":[{"href":"https:\/\/fast-track.epsi-wis.ovh\/marietou\/wp-json\/wp\/v2\/pages\/127","targetHints":{"allow":["GET"]}}],"collection":[{"href":"https:\/\/fast-track.epsi-wis.ovh\/marietou\/wp-json\/wp\/v2\/pages"}],"about":[{"href":"https:\/\/fast-track.epsi-wis.ovh\/marietou\/wp-json\/wp\/v2\/types\/page"}],"author":[{"embeddable":true,"href":"https:\/\/fast-track.epsi-wis.ovh\/marietou\/wp-json\/wp\/v2\/users\/1"}],"replies":[{"embeddable":true,"href":"https:\/\/fast-track.epsi-wis.ovh\/marietou\/wp-json\/wp\/v2\/comments?post=127"}],"version-history":[{"count":7,"href":"https:\/\/fast-track.epsi-wis.ovh\/marietou\/wp-json\/wp\/v2\/pages\/127\/revisions"}],"predecessor-version":[{"id":136,"href":"https:\/\/fast-track.epsi-wis.ovh\/marietou\/wp-json\/wp\/v2\/pages\/127\/revisions\/136"}],"wp:attachment":[{"href":"https:\/\/fast-track.epsi-wis.ovh\/marietou\/wp-json\/wp\/v2\/media?parent=127"}],"curies":[{"name":"wp","href":"https:\/\/api.w.org\/{rel}","templated":true}]}}