{"id":66,"date":"2025-05-24T13:54:57","date_gmt":"2025-05-24T11:54:57","guid":{"rendered":"https:\/\/fast-track.epsi-wis.ovh\/marietou\/?page_id=66"},"modified":"2025-05-26T16:34:05","modified_gmt":"2025-05-26T14:34:05","slug":"contact","status":"publish","type":"page","link":"https:\/\/fast-track.epsi-wis.ovh\/marietou\/contact\/","title":{"rendered":"Contact"},"content":{"rendered":"\n<div class=\"wpcf7 no-js\" id=\"wpcf7-f68-o1\" lang=\"fr-FR\" dir=\"ltr\" data-wpcf7-id=\"68\">\n<div class=\"screen-reader-response\"><p role=\"status\" aria-live=\"polite\" aria-atomic=\"true\"><\/p> <ul><\/ul><\/div>\n<form action=\"\/marietou\/wp-json\/wp\/v2\/pages\/66#wpcf7-f68-o1\" method=\"post\" class=\"wpcf7-form init\" aria-label=\"Formulaire de contact\" novalidate=\"novalidate\" data-status=\"init\">\n<fieldset class=\"hidden-fields-container\"><input type=\"hidden\" name=\"_wpcf7\" value=\"68\" \/><input type=\"hidden\" name=\"_wpcf7_version\" value=\"6.1.5\" \/><input type=\"hidden\" name=\"_wpcf7_locale\" value=\"fr_FR\" \/><input type=\"hidden\" name=\"_wpcf7_unit_tag\" value=\"wpcf7-f68-o1\" \/><input type=\"hidden\" name=\"_wpcf7_container_post\" value=\"0\" \/><input type=\"hidden\" name=\"_wpcf7_posted_data_hash\" value=\"\" \/>\n<\/fieldset>\n<p><label class=\"form-lavel\"> Votre nom<br \/>\n<span class=\"wpcf7-form-control-wrap\" data-name=\"your-name\"><input size=\"40\" maxlength=\"400\" class=\"wpcf7-form-control wpcf7-text wpcf7-validates-as-required form-control\" autocomplete=\"name\" aria-required=\"true\" aria-invalid=\"false\" value=\"\" type=\"text\" name=\"your-name\" \/><\/span> <\/label>\n<\/p>\n<p><label class=\"form-lavel\"> Votre e-mail<br \/>\n<span class=\"wpcf7-form-control-wrap\" data-name=\"your-email\"><input size=\"40\" maxlength=\"400\" class=\"wpcf7-form-control wpcf7-email wpcf7-validates-as-required wpcf7-text wpcf7-validates-as-email form-control\" autocomplete=\"email\" aria-required=\"true\" aria-invalid=\"false\" value=\"\" type=\"email\" name=\"your-email\" \/><\/span> <\/label>\n<\/p>\n<p><label class=\"form-lavel\"> Objet<br \/>\n<span class=\"wpcf7-form-control-wrap\" data-name=\"your-subject\"><input size=\"40\" maxlength=\"400\" class=\"wpcf7-form-control wpcf7-text wpcf7-validates-as-required form-control\" aria-required=\"true\" aria-invalid=\"false\" value=\"\" type=\"text\" name=\"your-subject\" \/><\/span> <\/label>\n<\/p>\n<p><label class=\"form-lavel\"> Votre message (facultatif)<br \/>\n<span class=\"wpcf7-form-control-wrap\" data-name=\"your-message\"><textarea cols=\"40\" rows=\"10\" maxlength=\"2000\" class=\"wpcf7-form-control wpcf7-textarea form-control\" aria-invalid=\"false\" name=\"your-message\"><\/textarea><\/span> <\/label><br \/>\n<span class=\"wpcf7-form-control-wrap\" data-name=\"checkbox-488\"><span class=\"wpcf7-form-control wpcf7-checkbox wpcf7-validates-as-required\"><span class=\"wpcf7-list-item first last\"><label><input type=\"checkbox\" name=\"checkbox-488[]\" value=\"\" \/><span class=\"wpcf7-list-item-label\"><\/span><\/label><\/span><\/span><\/span> En cochant cette case et en cliquant sur le bouton j'accepte la <a href=\"https:\/\/fast-track.epsi-wis.ovh\/kossivi\/politique-de-confidentialite\/\">politique de confidentialit\u00e9 <\/a> de la Maison Kairos\n<\/p>\n<p><input class=\"wpcf7-form-control wpcf7-submit has-spinner\" type=\"submit\" value=\"Envoyer\" \/>\n<\/p><div class=\"wpcf7-response-output\" aria-hidden=\"true\"><\/div>\n<\/form>\n<\/div>\n\n\n\n\n<p>Vous avez un projet ? Vous souhaitez un devis gratuit ou simplement \u00e9changer avec notre \u00e9quipe ?<\/p>\n\n\n\n<p>Remplissez le formulaire ci-dessous, nous vous r\u00e9pondrons sous 48h.<\/p>\n\n\n\n<p>\ud83d\udccd Zone d\u2019intervention : Yvelines (78), \u00cele-de-France<br>\ud83d\udcde T\u00e9l\u00e9phone : 01 23 45 67 89<br>\u2709\ufe0f E-mail : contact@onyxespacesverts.fr<\/p>\n\n\n\n<p><\/p>\n","protected":false},"excerpt":{"rendered":"<p>Vous avez un projet ? Vous souhaitez un devis gratuit ou simplement \u00e9changer avec notre \u00e9quipe ? Remplissez le formulaire ci-dessous, nous vous r\u00e9pondrons sous 48h. \ud83d\udccd Zone d\u2019intervention : Yvelines (78), \u00cele-de-France\ud83d\udcde T\u00e9l\u00e9phone : 01 23 45 67 89\u2709\ufe0f E-mail : contact@onyxespacesverts.fr<\/p>\n","protected":false},"author":1,"featured_media":0,"parent":0,"menu_order":0,"comment_status":"closed","ping_status":"closed","template":"","meta":{"footnotes":""},"class_list":["post-66","page","type-page","status-publish","hentry"],"yoast_head":"<!-- This site is optimized with the Yoast SEO plugin v27.4 - https:\/\/yoast.com\/product\/yoast-seo-wordpress\/ -->\n<title>Contact - %<\/title>\n<meta name=\"description\" content=\"Pour plus d&#039;information veuillez trouvez ci-dessous notre page contact\" \/>\n<meta name=\"robots\" content=\"noindex, follow, max-snippet:-1, max-image-preview:large, max-video-preview:-1\" \/>\n<meta property=\"og:locale\" content=\"fr_FR\" \/>\n<meta property=\"og:type\" content=\"article\" \/>\n<meta property=\"og:title\" content=\"Contact - %\" \/>\n<meta property=\"og:description\" content=\"Pour plus d&#039;information veuillez trouvez ci-dessous notre page contact\" \/>\n<meta property=\"og:url\" content=\"https:\/\/fast-track.epsi-wis.ovh\/marietou\/contact\/\" \/>\n<meta property=\"article:modified_time\" content=\"2025-05-26T14:34:05+00:00\" \/>\n<meta name=\"twitter:card\" content=\"summary_large_image\" \/>\n<meta name=\"twitter:label1\" content=\"Dur\u00e9e de lecture estim\u00e9e\" \/>\n\t<meta name=\"twitter:data1\" content=\"1 minute\" \/>\n<script type=\"application\/ld+json\" class=\"yoast-schema-graph\">{\"@context\":\"https:\\\/\\\/schema.org\",\"@graph\":[{\"@type\":\"WebPage\",\"@id\":\"https:\\\/\\\/fast-track.epsi-wis.ovh\\\/marietou\\\/contact\\\/\",\"url\":\"https:\\\/\\\/fast-track.epsi-wis.ovh\\\/marietou\\\/contact\\\/\",\"name\":\"Contact - %\",\"isPartOf\":{\"@id\":\"https:\\\/\\\/fast-track.epsi-wis.ovh\\\/marietou\\\/#website\"},\"datePublished\":\"2025-05-24T11:54:57+00:00\",\"dateModified\":\"2025-05-26T14:34:05+00:00\",\"description\":\"Pour plus d'information veuillez trouvez ci-dessous notre page contact\",\"breadcrumb\":{\"@id\":\"https:\\\/\\\/fast-track.epsi-wis.ovh\\\/marietou\\\/contact\\\/#breadcrumb\"},\"inLanguage\":\"fr-FR\",\"potentialAction\":[{\"@type\":\"ReadAction\",\"target\":[\"https:\\\/\\\/fast-track.epsi-wis.ovh\\\/marietou\\\/contact\\\/\"]}]},{\"@type\":\"BreadcrumbList\",\"@id\":\"https:\\\/\\\/fast-track.epsi-wis.ovh\\\/marietou\\\/contact\\\/#breadcrumb\",\"itemListElement\":[{\"@type\":\"ListItem\",\"position\":1,\"name\":\"Accueil\",\"item\":\"https:\\\/\\\/fast-track.epsi-wis.ovh\\\/marietou\\\/\"},{\"@type\":\"ListItem\",\"position\":2,\"name\":\"Contact\"}]},{\"@type\":\"WebSite\",\"@id\":\"https:\\\/\\\/fast-track.epsi-wis.ovh\\\/marietou\\\/#website\",\"url\":\"https:\\\/\\\/fast-track.epsi-wis.ovh\\\/marietou\\\/\",\"name\":\"\",\"description\":\"\",\"potentialAction\":[{\"@type\":\"SearchAction\",\"target\":{\"@type\":\"EntryPoint\",\"urlTemplate\":\"https:\\\/\\\/fast-track.epsi-wis.ovh\\\/marietou\\\/?s={search_term_string}\"},\"query-input\":{\"@type\":\"PropertyValueSpecification\",\"valueRequired\":true,\"valueName\":\"search_term_string\"}}],\"inLanguage\":\"fr-FR\"}]}<\/script>\n<!-- \/ Yoast SEO plugin. -->","yoast_head_json":{"title":"Contact - %","description":"Pour plus d'information veuillez trouvez ci-dessous notre page contact","robots":{"index":"noindex","follow":"follow","max-snippet":"max-snippet:-1","max-image-preview":"max-image-preview:large","max-video-preview":"max-video-preview:-1"},"og_locale":"fr_FR","og_type":"article","og_title":"Contact - %","og_description":"Pour plus d'information veuillez trouvez ci-dessous notre page contact","og_url":"https:\/\/fast-track.epsi-wis.ovh\/marietou\/contact\/","article_modified_time":"2025-05-26T14:34:05+00:00","twitter_card":"summary_large_image","twitter_misc":{"Dur\u00e9e de lecture estim\u00e9e":"1 minute"},"schema":{"@context":"https:\/\/schema.org","@graph":[{"@type":"WebPage","@id":"https:\/\/fast-track.epsi-wis.ovh\/marietou\/contact\/","url":"https:\/\/fast-track.epsi-wis.ovh\/marietou\/contact\/","name":"Contact - %","isPartOf":{"@id":"https:\/\/fast-track.epsi-wis.ovh\/marietou\/#website"},"datePublished":"2025-05-24T11:54:57+00:00","dateModified":"2025-05-26T14:34:05+00:00","description":"Pour plus d'information veuillez trouvez ci-dessous notre page contact","breadcrumb":{"@id":"https:\/\/fast-track.epsi-wis.ovh\/marietou\/contact\/#breadcrumb"},"inLanguage":"fr-FR","potentialAction":[{"@type":"ReadAction","target":["https:\/\/fast-track.epsi-wis.ovh\/marietou\/contact\/"]}]},{"@type":"BreadcrumbList","@id":"https:\/\/fast-track.epsi-wis.ovh\/marietou\/contact\/#breadcrumb","itemListElement":[{"@type":"ListItem","position":1,"name":"Accueil","item":"https:\/\/fast-track.epsi-wis.ovh\/marietou\/"},{"@type":"ListItem","position":2,"name":"Contact"}]},{"@type":"WebSite","@id":"https:\/\/fast-track.epsi-wis.ovh\/marietou\/#website","url":"https:\/\/fast-track.epsi-wis.ovh\/marietou\/","name":"","description":"","potentialAction":[{"@type":"SearchAction","target":{"@type":"EntryPoint","urlTemplate":"https:\/\/fast-track.epsi-wis.ovh\/marietou\/?s={search_term_string}"},"query-input":{"@type":"PropertyValueSpecification","valueRequired":true,"valueName":"search_term_string"}}],"inLanguage":"fr-FR"}]}},"_links":{"self":[{"href":"https:\/\/fast-track.epsi-wis.ovh\/marietou\/wp-json\/wp\/v2\/pages\/66","targetHints":{"allow":["GET"]}}],"collection":[{"href":"https:\/\/fast-track.epsi-wis.ovh\/marietou\/wp-json\/wp\/v2\/pages"}],"about":[{"href":"https:\/\/fast-track.epsi-wis.ovh\/marietou\/wp-json\/wp\/v2\/types\/page"}],"author":[{"embeddable":true,"href":"https:\/\/fast-track.epsi-wis.ovh\/marietou\/wp-json\/wp\/v2\/users\/1"}],"replies":[{"embeddable":true,"href":"https:\/\/fast-track.epsi-wis.ovh\/marietou\/wp-json\/wp\/v2\/comments?post=66"}],"version-history":[{"count":4,"href":"https:\/\/fast-track.epsi-wis.ovh\/marietou\/wp-json\/wp\/v2\/pages\/66\/revisions"}],"predecessor-version":[{"id":90,"href":"https:\/\/fast-track.epsi-wis.ovh\/marietou\/wp-json\/wp\/v2\/pages\/66\/revisions\/90"}],"wp:attachment":[{"href":"https:\/\/fast-track.epsi-wis.ovh\/marietou\/wp-json\/wp\/v2\/media?parent=66"}],"curies":[{"name":"wp","href":"https:\/\/api.w.org\/{rel}","templated":true}]}}