{"id":70,"date":"2025-05-24T14:20:09","date_gmt":"2025-05-24T12:20:09","guid":{"rendered":"https:\/\/fast-track.epsi-wis.ovh\/marietou\/?page_id=70"},"modified":"2025-05-26T16:46:11","modified_gmt":"2025-05-26T14:46:11","slug":"bienvenue-chez-onyx-espaces-verts-specialiste-de-lamenagement-paysager-en-ile-de-france-decouvrez-nos-services","status":"publish","type":"page","link":"https:\/\/fast-track.epsi-wis.ovh\/marietou\/","title":{"rendered":"Bienvenue chez Onyx Espaces Verts"},"content":{"rendered":"\n<p><strong>Votre sp\u00e9cialiste de l\u2019am\u00e9nagement paysager en \u00cele-de-France<\/strong><\/p>\n\n\n\n<p>Depuis plusieurs ann\u00e9es, <strong>Onyx Espaces Verts<\/strong> transforme avec passion et savoir-faire vos espaces ext\u00e9rieurs en v\u00e9ritables havres de verdure. Install\u00e9s dans les <strong>Yvelines (78)<\/strong>, nous intervenons dans toute l\u2019\u00cele-de-France pour des projets d\u2019am\u00e9nagement paysager personnalis\u00e9s, durables et respectueux de l\u2019environnement.<\/p>\n\n\n\n<p>\ud83c\udf33 <strong>Nos services :<\/strong><\/p>\n\n\n\n<ul class=\"wp-block-list\">\n<li>Cr\u00e9ation de jardins sur mesure<\/li>\n\n\n\n<li>Entretien r\u00e9gulier d&rsquo;espaces verts<\/li>\n\n\n\n<li>Am\u00e9nagement \u00e9cologique : paillage naturel, gestion de l\u2019eau, choix de plantes locales<\/li>\n\n\n\n<li>Travaux de terrassement, cl\u00f4tures, dallage et engazonnement<\/li>\n\n\n\n<li>Conseil en biodiversit\u00e9 et v\u00e9g\u00e9talisation urbaine<\/li>\n<\/ul>\n\n\n\n<p>\ud83d\udc49 Que vous soyez un particulier, une entreprise ou une collectivit\u00e9, Onyx Espaces Verts vous accompagne dans tous vos projets verts avec \u00e9coute, expertise et r\u00e9activit\u00e9.<\/p>\n\n\n\n<figure class=\"wp-block-image size-large is-resized\"><img fetchpriority=\"high\" decoding=\"async\" width=\"687\" height=\"1024\" src=\"https:\/\/fast-track.epsi-wis.ovh\/marietou\/wp-content\/uploads\/2025\/05\/telecharger-1-687x1024.jpg\" alt=\"\" class=\"wp-image-94\" style=\"width:375px;height:auto\" srcset=\"https:\/\/fast-track.epsi-wis.ovh\/marietou\/wp-content\/uploads\/2025\/05\/telecharger-1-687x1024.jpg 687w, https:\/\/fast-track.epsi-wis.ovh\/marietou\/wp-content\/uploads\/2025\/05\/telecharger-1-201x300.jpg 201w, https:\/\/fast-track.epsi-wis.ovh\/marietou\/wp-content\/uploads\/2025\/05\/telecharger-1.jpg 736w\" sizes=\"(max-width: 687px) 100vw, 687px\" \/><\/figure>\n\n\n\n<blockquote class=\"wp-block-quote is-layout-flow wp-block-quote-is-layout-flow\">\n<p><strong>\u00ab\u00a0Un jardin bien pens\u00e9, c\u2019est la rencontre entre l\u2019art et la terre.\u00a0\u00bb<\/strong><\/p>\n<\/blockquote>\n\n\n\n<div class=\"wp-block-buttons is-layout-flex wp-block-buttons-is-layout-flex\">\n<div class=\"wp-block-button\"><a class=\"wp-block-button__link wp-element-button\" href=\"https:\/\/fast-track.epsi-wis.ovh\/marietou\/entretien-de-jardin-en-ile-de-france\/\">Entretien jardin \u00cele-de-France<\/a><\/div>\n\n\n\n<div class=\"wp-block-button\"><a class=\"wp-block-button__link wp-element-button\" href=\"https:\/\/fast-track.epsi-wis.ovh\/marietou\/paysagiste-professionnel-dans-les-yvelines-78-onyx-espaces-verts\/\">Paysagiste professionnel dans les Yvelines (78)\u2013 Onyx Espaces Verts<\/a><\/div>\n\n\n\n<div class=\"wp-block-button\"><a class=\"wp-block-button__link wp-element-button\" href=\"https:\/\/fast-track.epsi-wis.ovh\/marietou\/%f0%9f%8c%bf-amenagement-paysager-ecologique-des-espaces-verts-responsables-et-durables\/\">Am\u00e9nagement paysager \u00e9cologique<\/a><\/div>\n<\/div>\n\n\n\n<p><\/p>\n","protected":false},"excerpt":{"rendered":"<p>Votre sp\u00e9cialiste de l\u2019am\u00e9nagement paysager en \u00cele-de-France Depuis plusieurs ann\u00e9es, Onyx Espaces Verts transforme avec passion et savoir-faire vos espaces ext\u00e9rieurs en v\u00e9ritables havres de verdure. Install\u00e9s dans les Yvelines (78), nous intervenons dans toute l\u2019\u00cele-de-France pour des projets d\u2019am\u00e9nagement paysager personnalis\u00e9s, durables et respectueux de l\u2019environnement. \ud83c\udf33 Nos services : \ud83d\udc49 Que vous soyez [&hellip;]<\/p>\n","protected":false},"author":1,"featured_media":0,"parent":0,"menu_order":0,"comment_status":"closed","ping_status":"closed","template":"","meta":{"footnotes":""},"class_list":["post-70","page","type-page","status-publish","hentry"],"yoast_head":"<!-- This site is optimized with the Yoast SEO plugin v27.4 - https:\/\/yoast.com\/product\/yoast-seo-wordpress\/ -->\n<title>Bienvenue chez Onyx Espaces Verts -<\/title>\n<meta name=\"description\" content=\"Onyx Espaces Verts, sp\u00e9cialiste de l\u2019am\u00e9nagement paysager \u00e9cologique en \u00cele-de-France. Cr\u00e9ation, entretien et valorisation de vos espaces ext\u00e9rieurs avec passion et expertise.\" \/>\n<meta name=\"robots\" content=\"noindex, follow, max-snippet:-1, max-image-preview:large, max-video-preview:-1\" \/>\n<meta property=\"og:locale\" content=\"fr_FR\" \/>\n<meta property=\"og:type\" content=\"article\" \/>\n<meta property=\"og:title\" content=\"Bienvenue chez Onyx Espaces Verts -\" \/>\n<meta property=\"og:description\" content=\"Onyx Espaces Verts, sp\u00e9cialiste de l\u2019am\u00e9nagement paysager \u00e9cologique en \u00cele-de-France. Cr\u00e9ation, entretien et valorisation de vos espaces ext\u00e9rieurs avec passion et expertise.\" \/>\n<meta property=\"og:url\" content=\"https:\/\/fast-track.epsi-wis.ovh\/marietou\/\" \/>\n<meta property=\"article:modified_time\" content=\"2025-05-26T14:46:11+00:00\" \/>\n<meta property=\"og:image\" content=\"https:\/\/fast-track.epsi-wis.ovh\/marietou\/wp-content\/uploads\/2025\/05\/telecharger-1.jpg\" \/>\n\t<meta property=\"og:image:width\" content=\"736\" \/>\n\t<meta property=\"og:image:height\" content=\"1097\" \/>\n\t<meta property=\"og:image:type\" content=\"image\/jpeg\" \/>\n<meta name=\"twitter:card\" content=\"summary_large_image\" \/>\n<meta name=\"twitter:label1\" content=\"Dur\u00e9e de lecture estim\u00e9e\" \/>\n\t<meta name=\"twitter:data1\" content=\"1 minute\" \/>\n<script type=\"application\/ld+json\" class=\"yoast-schema-graph\">{\"@context\":\"https:\\\/\\\/schema.org\",\"@graph\":[{\"@type\":\"WebPage\",\"@id\":\"https:\\\/\\\/fast-track.epsi-wis.ovh\\\/marietou\\\/\",\"url\":\"https:\\\/\\\/fast-track.epsi-wis.ovh\\\/marietou\\\/\",\"name\":\"Bienvenue chez Onyx Espaces Verts -\",\"isPartOf\":{\"@id\":\"https:\\\/\\\/fast-track.epsi-wis.ovh\\\/marietou\\\/#website\"},\"primaryImageOfPage\":{\"@id\":\"https:\\\/\\\/fast-track.epsi-wis.ovh\\\/marietou\\\/#primaryimage\"},\"image\":{\"@id\":\"https:\\\/\\\/fast-track.epsi-wis.ovh\\\/marietou\\\/#primaryimage\"},\"thumbnailUrl\":\"https:\\\/\\\/fast-track.epsi-wis.ovh\\\/marietou\\\/wp-content\\\/uploads\\\/2025\\\/05\\\/telecharger-1-687x1024.jpg\",\"datePublished\":\"2025-05-24T12:20:09+00:00\",\"dateModified\":\"2025-05-26T14:46:11+00:00\",\"description\":\"Onyx Espaces Verts, sp\u00e9cialiste de l\u2019am\u00e9nagement paysager \u00e9cologique en \u00cele-de-France. Cr\u00e9ation, entretien et valorisation de vos espaces ext\u00e9rieurs avec passion et expertise.\",\"breadcrumb\":{\"@id\":\"https:\\\/\\\/fast-track.epsi-wis.ovh\\\/marietou\\\/#breadcrumb\"},\"inLanguage\":\"fr-FR\",\"potentialAction\":[{\"@type\":\"ReadAction\",\"target\":[\"https:\\\/\\\/fast-track.epsi-wis.ovh\\\/marietou\\\/\"]}]},{\"@type\":\"ImageObject\",\"inLanguage\":\"fr-FR\",\"@id\":\"https:\\\/\\\/fast-track.epsi-wis.ovh\\\/marietou\\\/#primaryimage\",\"url\":\"https:\\\/\\\/fast-track.epsi-wis.ovh\\\/marietou\\\/wp-content\\\/uploads\\\/2025\\\/05\\\/telecharger-1.jpg\",\"contentUrl\":\"https:\\\/\\\/fast-track.epsi-wis.ovh\\\/marietou\\\/wp-content\\\/uploads\\\/2025\\\/05\\\/telecharger-1.jpg\",\"width\":736,\"height\":1097},{\"@type\":\"BreadcrumbList\",\"@id\":\"https:\\\/\\\/fast-track.epsi-wis.ovh\\\/marietou\\\/#breadcrumb\",\"itemListElement\":[{\"@type\":\"ListItem\",\"position\":1,\"name\":\"Accueil\",\"item\":\"https:\\\/\\\/fast-track.epsi-wis.ovh\\\/marietou\\\/\"},{\"@type\":\"ListItem\",\"position\":2,\"name\":\"Bienvenue chez Onyx Espaces Verts\"}]},{\"@type\":\"WebSite\",\"@id\":\"https:\\\/\\\/fast-track.epsi-wis.ovh\\\/marietou\\\/#website\",\"url\":\"https:\\\/\\\/fast-track.epsi-wis.ovh\\\/marietou\\\/\",\"name\":\"\",\"description\":\"\",\"potentialAction\":[{\"@type\":\"SearchAction\",\"target\":{\"@type\":\"EntryPoint\",\"urlTemplate\":\"https:\\\/\\\/fast-track.epsi-wis.ovh\\\/marietou\\\/?s={search_term_string}\"},\"query-input\":{\"@type\":\"PropertyValueSpecification\",\"valueRequired\":true,\"valueName\":\"search_term_string\"}}],\"inLanguage\":\"fr-FR\"}]}<\/script>\n<!-- \/ Yoast SEO plugin. -->","yoast_head_json":{"title":"Bienvenue chez Onyx Espaces Verts -","description":"Onyx Espaces Verts, sp\u00e9cialiste de l\u2019am\u00e9nagement paysager \u00e9cologique en \u00cele-de-France. Cr\u00e9ation, entretien et valorisation de vos espaces ext\u00e9rieurs avec passion et expertise.","robots":{"index":"noindex","follow":"follow","max-snippet":"max-snippet:-1","max-image-preview":"max-image-preview:large","max-video-preview":"max-video-preview:-1"},"og_locale":"fr_FR","og_type":"article","og_title":"Bienvenue chez Onyx Espaces Verts -","og_description":"Onyx Espaces Verts, sp\u00e9cialiste de l\u2019am\u00e9nagement paysager \u00e9cologique en \u00cele-de-France. Cr\u00e9ation, entretien et valorisation de vos espaces ext\u00e9rieurs avec passion et expertise.","og_url":"https:\/\/fast-track.epsi-wis.ovh\/marietou\/","article_modified_time":"2025-05-26T14:46:11+00:00","og_image":[{"width":736,"height":1097,"url":"https:\/\/fast-track.epsi-wis.ovh\/marietou\/wp-content\/uploads\/2025\/05\/telecharger-1.jpg","type":"image\/jpeg"}],"twitter_card":"summary_large_image","twitter_misc":{"Dur\u00e9e de lecture estim\u00e9e":"1 minute"},"schema":{"@context":"https:\/\/schema.org","@graph":[{"@type":"WebPage","@id":"https:\/\/fast-track.epsi-wis.ovh\/marietou\/","url":"https:\/\/fast-track.epsi-wis.ovh\/marietou\/","name":"Bienvenue chez Onyx Espaces Verts -","isPartOf":{"@id":"https:\/\/fast-track.epsi-wis.ovh\/marietou\/#website"},"primaryImageOfPage":{"@id":"https:\/\/fast-track.epsi-wis.ovh\/marietou\/#primaryimage"},"image":{"@id":"https:\/\/fast-track.epsi-wis.ovh\/marietou\/#primaryimage"},"thumbnailUrl":"https:\/\/fast-track.epsi-wis.ovh\/marietou\/wp-content\/uploads\/2025\/05\/telecharger-1-687x1024.jpg","datePublished":"2025-05-24T12:20:09+00:00","dateModified":"2025-05-26T14:46:11+00:00","description":"Onyx Espaces Verts, sp\u00e9cialiste de l\u2019am\u00e9nagement paysager \u00e9cologique en \u00cele-de-France. Cr\u00e9ation, entretien et valorisation de vos espaces ext\u00e9rieurs avec passion et expertise.","breadcrumb":{"@id":"https:\/\/fast-track.epsi-wis.ovh\/marietou\/#breadcrumb"},"inLanguage":"fr-FR","potentialAction":[{"@type":"ReadAction","target":["https:\/\/fast-track.epsi-wis.ovh\/marietou\/"]}]},{"@type":"ImageObject","inLanguage":"fr-FR","@id":"https:\/\/fast-track.epsi-wis.ovh\/marietou\/#primaryimage","url":"https:\/\/fast-track.epsi-wis.ovh\/marietou\/wp-content\/uploads\/2025\/05\/telecharger-1.jpg","contentUrl":"https:\/\/fast-track.epsi-wis.ovh\/marietou\/wp-content\/uploads\/2025\/05\/telecharger-1.jpg","width":736,"height":1097},{"@type":"BreadcrumbList","@id":"https:\/\/fast-track.epsi-wis.ovh\/marietou\/#breadcrumb","itemListElement":[{"@type":"ListItem","position":1,"name":"Accueil","item":"https:\/\/fast-track.epsi-wis.ovh\/marietou\/"},{"@type":"ListItem","position":2,"name":"Bienvenue chez Onyx Espaces Verts"}]},{"@type":"WebSite","@id":"https:\/\/fast-track.epsi-wis.ovh\/marietou\/#website","url":"https:\/\/fast-track.epsi-wis.ovh\/marietou\/","name":"","description":"","potentialAction":[{"@type":"SearchAction","target":{"@type":"EntryPoint","urlTemplate":"https:\/\/fast-track.epsi-wis.ovh\/marietou\/?s={search_term_string}"},"query-input":{"@type":"PropertyValueSpecification","valueRequired":true,"valueName":"search_term_string"}}],"inLanguage":"fr-FR"}]}},"_links":{"self":[{"href":"https:\/\/fast-track.epsi-wis.ovh\/marietou\/wp-json\/wp\/v2\/pages\/70","targetHints":{"allow":["GET"]}}],"collection":[{"href":"https:\/\/fast-track.epsi-wis.ovh\/marietou\/wp-json\/wp\/v2\/pages"}],"about":[{"href":"https:\/\/fast-track.epsi-wis.ovh\/marietou\/wp-json\/wp\/v2\/types\/page"}],"author":[{"embeddable":true,"href":"https:\/\/fast-track.epsi-wis.ovh\/marietou\/wp-json\/wp\/v2\/users\/1"}],"replies":[{"embeddable":true,"href":"https:\/\/fast-track.epsi-wis.ovh\/marietou\/wp-json\/wp\/v2\/comments?post=70"}],"version-history":[{"count":5,"href":"https:\/\/fast-track.epsi-wis.ovh\/marietou\/wp-json\/wp\/v2\/pages\/70\/revisions"}],"predecessor-version":[{"id":117,"href":"https:\/\/fast-track.epsi-wis.ovh\/marietou\/wp-json\/wp\/v2\/pages\/70\/revisions\/117"}],"wp:attachment":[{"href":"https:\/\/fast-track.epsi-wis.ovh\/marietou\/wp-json\/wp\/v2\/media?parent=70"}],"curies":[{"name":"wp","href":"https:\/\/api.w.org\/{rel}","templated":true}]}}