{"id":73,"date":"2025-05-24T14:29:42","date_gmt":"2025-05-24T12:29:42","guid":{"rendered":"https:\/\/fast-track.epsi-wis.ovh\/marietou\/?page_id=73"},"modified":"2025-05-26T16:48:06","modified_gmt":"2025-05-26T14:48:06","slug":"%f0%9f%8c%bf-amenagement-paysager-ecologique-des-espaces-verts-responsables-et-durables","status":"publish","type":"page","link":"https:\/\/fast-track.epsi-wis.ovh\/marietou\/%f0%9f%8c%bf-amenagement-paysager-ecologique-des-espaces-verts-responsables-et-durables\/","title":{"rendered":"\ud83c\udf3f Am\u00e9nagement paysager \u00e9cologique"},"content":{"rendered":"\n<p>Chez <strong>Onyx Espaces Verts<\/strong>, nous croyons qu\u2019il est possible de cr\u00e9er des jardins magnifiques <strong>tout en respectant la plan\u00e8te<\/strong>. Gr\u00e2ce \u00e0 notre expertise en <strong>am\u00e9nagement paysager \u00e9cologique<\/strong>, nous accompagnons les entreprises et collectivit\u00e9s en \u00cele-de-France dans la cr\u00e9ation de lieux verts \u00e0 faible impact environnemental.<\/p>\n\n\n\n<h3 class=\"wp-block-heading\">\ud83c\udf31 Des plantes locales, r\u00e9sistantes et peu gourmandes<\/h3>\n\n\n\n<p>Nous privil\u00e9gions des <strong>esp\u00e8ces v\u00e9g\u00e9tales locales<\/strong>, adapt\u00e9es au climat francilien, n\u00e9cessitant peu d\u2019entretien et tr\u00e8s peu d\u2019eau. Moins de pesticides, moins d&rsquo;arrosage, <strong>plus de biodiversit\u00e9<\/strong> !<\/p>\n\n\n\n<h3 class=\"wp-block-heading\">\ud83d\udca7 \u00c9conomie d\u2019eau et entretien raisonn\u00e9<\/h3>\n\n\n\n<p>Nos solutions int\u00e8grent des techniques telles que :<\/p>\n\n\n\n<ul class=\"wp-block-list\">\n<li>le <strong>paillage v\u00e9g\u00e9tal<\/strong> pour garder l\u2019humidit\u00e9,<\/li>\n\n\n\n<li>des <strong>syst\u00e8mes d\u2019arrosage goutte-\u00e0-goutte intelligents<\/strong>,<\/li>\n\n\n\n<li>et un <strong>calendrier d\u2019entretien responsable<\/strong>.<\/li>\n<\/ul>\n\n\n\n<p>R\u00e9sultat ? Un <strong>jardin \u00e9colo et \u00e9conomique<\/strong> \ud83c\udf0e.<\/p>\n\n\n\n<h3 class=\"wp-block-heading\">\ud83c\udf3c Pour un cadre de travail sain et harmonieux<\/h3>\n\n\n\n<p>Un <strong>am\u00e9nagement paysager respectueux de l\u2019environnement<\/strong>, c\u2019est aussi :<\/p>\n\n\n\n<ul class=\"wp-block-list\">\n<li>un lieu agr\u00e9able pour vos salari\u00e9s et visiteurs,<\/li>\n\n\n\n<li>un engagement visible pour le d\u00e9veloppement durable,<\/li>\n\n\n\n<li>un plus pour votre image de marque \ud83c\udf1f.<\/li>\n<\/ul>\n\n\n\n<hr class=\"wp-block-separator has-alpha-channel-opacity\"\/>\n\n\n<div class=\"wp-block-image\">\n<figure class=\"alignleft size-full is-resized\"><img fetchpriority=\"high\" decoding=\"async\" width=\"460\" height=\"626\" src=\"https:\/\/fast-track.epsi-wis.ovh\/marietou\/wp-content\/uploads\/2025\/05\/telecharger.jpg\" alt=\"\" class=\"wp-image-74\" style=\"width:196px;height:auto\" srcset=\"https:\/\/fast-track.epsi-wis.ovh\/marietou\/wp-content\/uploads\/2025\/05\/telecharger.jpg 460w, https:\/\/fast-track.epsi-wis.ovh\/marietou\/wp-content\/uploads\/2025\/05\/telecharger-220x300.jpg 220w\" sizes=\"(max-width: 460px) 100vw, 460px\" \/><\/figure>\n<\/div>\n\n\n<hr class=\"wp-block-separator has-alpha-channel-opacity\"\/>\n\n\n\n<h2 class=\"wp-block-heading\">Besoin d\u2019un am\u00e9nagement \u00e9cologique ?<a href=\"https:\/\/fast-track.epsi-wis.ovh\/marietou\/contact\/\">Contactez-nous<\/a> pour imaginer ensemble un <strong>espace vert durable<\/strong> et adapt\u00e9 \u00e0 vos besoins !<\/h2>\n","protected":false},"excerpt":{"rendered":"<p>Chez Onyx Espaces Verts, nous croyons qu\u2019il est possible de cr\u00e9er des jardins magnifiques tout en respectant la plan\u00e8te. Gr\u00e2ce \u00e0 notre expertise en am\u00e9nagement paysager \u00e9cologique, nous accompagnons les entreprises et collectivit\u00e9s en \u00cele-de-France dans la cr\u00e9ation de lieux verts \u00e0 faible impact environnemental. \ud83c\udf31 Des plantes locales, r\u00e9sistantes et peu gourmandes Nous privil\u00e9gions [&hellip;]<\/p>\n","protected":false},"author":1,"featured_media":0,"parent":0,"menu_order":0,"comment_status":"closed","ping_status":"closed","template":"","meta":{"footnotes":""},"class_list":["post-73","page","type-page","status-publish","hentry"],"yoast_head":"<!-- This site is optimized with the Yoast SEO plugin v27.4 - https:\/\/yoast.com\/product\/yoast-seo-wordpress\/ -->\n<title>\ud83c\udf3f Am\u00e9nagement paysager \u00e9cologique -<\/title>\n<meta name=\"description\" content=\"Faites le choix d\u2019un am\u00e9nagement paysager \u00e9cologique. Onyx Espaces Verts con\u00e7oit des solutions durables et responsables pour sublimer vos ext\u00e9rieurs.\" \/>\n<meta name=\"robots\" content=\"noindex, follow, max-snippet:-1, max-image-preview:large, max-video-preview:-1\" \/>\n<meta property=\"og:locale\" content=\"fr_FR\" \/>\n<meta property=\"og:type\" content=\"article\" \/>\n<meta property=\"og:title\" content=\"\ud83c\udf3f Am\u00e9nagement paysager \u00e9cologique -\" \/>\n<meta property=\"og:description\" content=\"Faites le choix d\u2019un am\u00e9nagement paysager \u00e9cologique. Onyx Espaces Verts con\u00e7oit des solutions durables et responsables pour sublimer vos ext\u00e9rieurs.\" \/>\n<meta property=\"og:url\" content=\"https:\/\/fast-track.epsi-wis.ovh\/marietou\/\ud83c\udf3f-amenagement-paysager-ecologique-des-espaces-verts-responsables-et-durables\/\" \/>\n<meta property=\"article:modified_time\" content=\"2025-05-26T14:48:06+00:00\" \/>\n<meta property=\"og:image\" content=\"https:\/\/fast-track.epsi-wis.ovh\/marietou\/wp-content\/uploads\/2025\/05\/telecharger.jpg\" \/>\n\t<meta property=\"og:image:width\" content=\"460\" \/>\n\t<meta property=\"og:image:height\" content=\"626\" \/>\n\t<meta property=\"og:image:type\" content=\"image\/jpeg\" \/>\n<meta name=\"twitter:card\" content=\"summary_large_image\" \/>\n<meta name=\"twitter:label1\" content=\"Dur\u00e9e de lecture estim\u00e9e\" \/>\n\t<meta name=\"twitter:data1\" content=\"2 minutes\" \/>\n<script type=\"application\/ld+json\" class=\"yoast-schema-graph\">{\"@context\":\"https:\\\/\\\/schema.org\",\"@graph\":[{\"@type\":\"WebPage\",\"@id\":\"https:\\\/\\\/fast-track.epsi-wis.ovh\\\/marietou\\\/%f0%9f%8c%bf-amenagement-paysager-ecologique-des-espaces-verts-responsables-et-durables\\\/\",\"url\":\"https:\\\/\\\/fast-track.epsi-wis.ovh\\\/marietou\\\/%f0%9f%8c%bf-amenagement-paysager-ecologique-des-espaces-verts-responsables-et-durables\\\/\",\"name\":\"\ud83c\udf3f Am\u00e9nagement paysager \u00e9cologique -\",\"isPartOf\":{\"@id\":\"https:\\\/\\\/fast-track.epsi-wis.ovh\\\/marietou\\\/#website\"},\"primaryImageOfPage\":{\"@id\":\"https:\\\/\\\/fast-track.epsi-wis.ovh\\\/marietou\\\/%f0%9f%8c%bf-amenagement-paysager-ecologique-des-espaces-verts-responsables-et-durables\\\/#primaryimage\"},\"image\":{\"@id\":\"https:\\\/\\\/fast-track.epsi-wis.ovh\\\/marietou\\\/%f0%9f%8c%bf-amenagement-paysager-ecologique-des-espaces-verts-responsables-et-durables\\\/#primaryimage\"},\"thumbnailUrl\":\"https:\\\/\\\/fast-track.epsi-wis.ovh\\\/marietou\\\/wp-content\\\/uploads\\\/2025\\\/05\\\/telecharger.jpg\",\"datePublished\":\"2025-05-24T12:29:42+00:00\",\"dateModified\":\"2025-05-26T14:48:06+00:00\",\"description\":\"Faites le choix d\u2019un am\u00e9nagement paysager \u00e9cologique. Onyx Espaces Verts con\u00e7oit des solutions durables et responsables pour sublimer vos ext\u00e9rieurs.\",\"breadcrumb\":{\"@id\":\"https:\\\/\\\/fast-track.epsi-wis.ovh\\\/marietou\\\/%f0%9f%8c%bf-amenagement-paysager-ecologique-des-espaces-verts-responsables-et-durables\\\/#breadcrumb\"},\"inLanguage\":\"fr-FR\",\"potentialAction\":[{\"@type\":\"ReadAction\",\"target\":[\"https:\\\/\\\/fast-track.epsi-wis.ovh\\\/marietou\\\/%f0%9f%8c%bf-amenagement-paysager-ecologique-des-espaces-verts-responsables-et-durables\\\/\"]}]},{\"@type\":\"ImageObject\",\"inLanguage\":\"fr-FR\",\"@id\":\"https:\\\/\\\/fast-track.epsi-wis.ovh\\\/marietou\\\/%f0%9f%8c%bf-amenagement-paysager-ecologique-des-espaces-verts-responsables-et-durables\\\/#primaryimage\",\"url\":\"https:\\\/\\\/fast-track.epsi-wis.ovh\\\/marietou\\\/wp-content\\\/uploads\\\/2025\\\/05\\\/telecharger.jpg\",\"contentUrl\":\"https:\\\/\\\/fast-track.epsi-wis.ovh\\\/marietou\\\/wp-content\\\/uploads\\\/2025\\\/05\\\/telecharger.jpg\",\"width\":460,\"height\":626},{\"@type\":\"BreadcrumbList\",\"@id\":\"https:\\\/\\\/fast-track.epsi-wis.ovh\\\/marietou\\\/%f0%9f%8c%bf-amenagement-paysager-ecologique-des-espaces-verts-responsables-et-durables\\\/#breadcrumb\",\"itemListElement\":[{\"@type\":\"ListItem\",\"position\":1,\"name\":\"Accueil\",\"item\":\"https:\\\/\\\/fast-track.epsi-wis.ovh\\\/marietou\\\/\"},{\"@type\":\"ListItem\",\"position\":2,\"name\":\"\ud83c\udf3f Am\u00e9nagement paysager \u00e9cologique\"}]},{\"@type\":\"WebSite\",\"@id\":\"https:\\\/\\\/fast-track.epsi-wis.ovh\\\/marietou\\\/#website\",\"url\":\"https:\\\/\\\/fast-track.epsi-wis.ovh\\\/marietou\\\/\",\"name\":\"\",\"description\":\"\",\"potentialAction\":[{\"@type\":\"SearchAction\",\"target\":{\"@type\":\"EntryPoint\",\"urlTemplate\":\"https:\\\/\\\/fast-track.epsi-wis.ovh\\\/marietou\\\/?s={search_term_string}\"},\"query-input\":{\"@type\":\"PropertyValueSpecification\",\"valueRequired\":true,\"valueName\":\"search_term_string\"}}],\"inLanguage\":\"fr-FR\"}]}<\/script>\n<!-- \/ Yoast SEO plugin. -->","yoast_head_json":{"title":"\ud83c\udf3f Am\u00e9nagement paysager \u00e9cologique -","description":"Faites le choix d\u2019un am\u00e9nagement paysager \u00e9cologique. Onyx Espaces Verts con\u00e7oit des solutions durables et responsables pour sublimer vos ext\u00e9rieurs.","robots":{"index":"noindex","follow":"follow","max-snippet":"max-snippet:-1","max-image-preview":"max-image-preview:large","max-video-preview":"max-video-preview:-1"},"og_locale":"fr_FR","og_type":"article","og_title":"\ud83c\udf3f Am\u00e9nagement paysager \u00e9cologique -","og_description":"Faites le choix d\u2019un am\u00e9nagement paysager \u00e9cologique. Onyx Espaces Verts con\u00e7oit des solutions durables et responsables pour sublimer vos ext\u00e9rieurs.","og_url":"https:\/\/fast-track.epsi-wis.ovh\/marietou\/\ud83c\udf3f-amenagement-paysager-ecologique-des-espaces-verts-responsables-et-durables\/","article_modified_time":"2025-05-26T14:48:06+00:00","og_image":[{"width":460,"height":626,"url":"https:\/\/fast-track.epsi-wis.ovh\/marietou\/wp-content\/uploads\/2025\/05\/telecharger.jpg","type":"image\/jpeg"}],"twitter_card":"summary_large_image","twitter_misc":{"Dur\u00e9e de lecture estim\u00e9e":"2 minutes"},"schema":{"@context":"https:\/\/schema.org","@graph":[{"@type":"WebPage","@id":"https:\/\/fast-track.epsi-wis.ovh\/marietou\/%f0%9f%8c%bf-amenagement-paysager-ecologique-des-espaces-verts-responsables-et-durables\/","url":"https:\/\/fast-track.epsi-wis.ovh\/marietou\/%f0%9f%8c%bf-amenagement-paysager-ecologique-des-espaces-verts-responsables-et-durables\/","name":"\ud83c\udf3f Am\u00e9nagement paysager \u00e9cologique -","isPartOf":{"@id":"https:\/\/fast-track.epsi-wis.ovh\/marietou\/#website"},"primaryImageOfPage":{"@id":"https:\/\/fast-track.epsi-wis.ovh\/marietou\/%f0%9f%8c%bf-amenagement-paysager-ecologique-des-espaces-verts-responsables-et-durables\/#primaryimage"},"image":{"@id":"https:\/\/fast-track.epsi-wis.ovh\/marietou\/%f0%9f%8c%bf-amenagement-paysager-ecologique-des-espaces-verts-responsables-et-durables\/#primaryimage"},"thumbnailUrl":"https:\/\/fast-track.epsi-wis.ovh\/marietou\/wp-content\/uploads\/2025\/05\/telecharger.jpg","datePublished":"2025-05-24T12:29:42+00:00","dateModified":"2025-05-26T14:48:06+00:00","description":"Faites le choix d\u2019un am\u00e9nagement paysager \u00e9cologique. Onyx Espaces Verts con\u00e7oit des solutions durables et responsables pour sublimer vos ext\u00e9rieurs.","breadcrumb":{"@id":"https:\/\/fast-track.epsi-wis.ovh\/marietou\/%f0%9f%8c%bf-amenagement-paysager-ecologique-des-espaces-verts-responsables-et-durables\/#breadcrumb"},"inLanguage":"fr-FR","potentialAction":[{"@type":"ReadAction","target":["https:\/\/fast-track.epsi-wis.ovh\/marietou\/%f0%9f%8c%bf-amenagement-paysager-ecologique-des-espaces-verts-responsables-et-durables\/"]}]},{"@type":"ImageObject","inLanguage":"fr-FR","@id":"https:\/\/fast-track.epsi-wis.ovh\/marietou\/%f0%9f%8c%bf-amenagement-paysager-ecologique-des-espaces-verts-responsables-et-durables\/#primaryimage","url":"https:\/\/fast-track.epsi-wis.ovh\/marietou\/wp-content\/uploads\/2025\/05\/telecharger.jpg","contentUrl":"https:\/\/fast-track.epsi-wis.ovh\/marietou\/wp-content\/uploads\/2025\/05\/telecharger.jpg","width":460,"height":626},{"@type":"BreadcrumbList","@id":"https:\/\/fast-track.epsi-wis.ovh\/marietou\/%f0%9f%8c%bf-amenagement-paysager-ecologique-des-espaces-verts-responsables-et-durables\/#breadcrumb","itemListElement":[{"@type":"ListItem","position":1,"name":"Accueil","item":"https:\/\/fast-track.epsi-wis.ovh\/marietou\/"},{"@type":"ListItem","position":2,"name":"\ud83c\udf3f Am\u00e9nagement paysager \u00e9cologique"}]},{"@type":"WebSite","@id":"https:\/\/fast-track.epsi-wis.ovh\/marietou\/#website","url":"https:\/\/fast-track.epsi-wis.ovh\/marietou\/","name":"","description":"","potentialAction":[{"@type":"SearchAction","target":{"@type":"EntryPoint","urlTemplate":"https:\/\/fast-track.epsi-wis.ovh\/marietou\/?s={search_term_string}"},"query-input":{"@type":"PropertyValueSpecification","valueRequired":true,"valueName":"search_term_string"}}],"inLanguage":"fr-FR"}]}},"_links":{"self":[{"href":"https:\/\/fast-track.epsi-wis.ovh\/marietou\/wp-json\/wp\/v2\/pages\/73","targetHints":{"allow":["GET"]}}],"collection":[{"href":"https:\/\/fast-track.epsi-wis.ovh\/marietou\/wp-json\/wp\/v2\/pages"}],"about":[{"href":"https:\/\/fast-track.epsi-wis.ovh\/marietou\/wp-json\/wp\/v2\/types\/page"}],"author":[{"embeddable":true,"href":"https:\/\/fast-track.epsi-wis.ovh\/marietou\/wp-json\/wp\/v2\/users\/1"}],"replies":[{"embeddable":true,"href":"https:\/\/fast-track.epsi-wis.ovh\/marietou\/wp-json\/wp\/v2\/comments?post=73"}],"version-history":[{"count":3,"href":"https:\/\/fast-track.epsi-wis.ovh\/marietou\/wp-json\/wp\/v2\/pages\/73\/revisions"}],"predecessor-version":[{"id":120,"href":"https:\/\/fast-track.epsi-wis.ovh\/marietou\/wp-json\/wp\/v2\/pages\/73\/revisions\/120"}],"wp:attachment":[{"href":"https:\/\/fast-track.epsi-wis.ovh\/marietou\/wp-json\/wp\/v2\/media?parent=73"}],"curies":[{"name":"wp","href":"https:\/\/api.w.org\/{rel}","templated":true}]}}