{"id":157,"date":"2025-06-19T09:59:09","date_gmt":"2025-06-19T07:59:09","guid":{"rendered":"https:\/\/fast-track.epsi-wis.ovh\/molka\/?page_id=157"},"modified":"2025-06-19T10:43:06","modified_gmt":"2025-06-19T08:43:06","slug":"mentions-legales","status":"publish","type":"page","link":"https:\/\/fast-track.epsi-wis.ovh\/molka\/mentions-legales\/","title":{"rendered":"Mentions l\u00e9gales"},"content":{"rendered":"\n<details class=\"wp-block-details is-layout-flow wp-block-details-is-layout-flow\"><summary>Editeur <\/summary>\n<p>Le site <a href=\"https:\/\/fast-track.epsi-wis.ovh\/molka\/\">https:\/\/fast-track.epsi-wis.ovh\/molka\/<\/a> est \u00e9dit\u00e9 par la soci\u00e9t\u00e9 E-LINEC SARL au capital de 8000 Euros , soci\u00e9te immatricul\u00e9 au RCS de Nanterre sous le num\u00e9ro 493 971 394 .<\/p>\n\n\n\n<p>D\u00e9claration d&rsquo;activit\u00e9 de formation enregistr\u00e9e sous le num\u00e9ro 11 92 16309 92.<\/p>\n<\/details>\n\n\n\n<details class=\"wp-block-details is-layout-flow wp-block-details-is-layout-flow\"><summary>Si\u00e8ge social<\/summary>\n<p>E-LINEC <\/p>\n\n\n\n<p>7 Avenue Am\u00e9lie <\/p>\n\n\n\n<p>92320 Chatillon <\/p>\n\n\n\n<p>E-mail : <a href=\"mailto:contact@e-linec.com\">contact@e-linec.com<\/a><\/p>\n\n\n\n<p>T\u00e9l : 01.58.35.01.13<\/p>\n<\/details>\n\n\n\n<details class=\"wp-block-details is-layout-flow wp-block-details-is-layout-flow\"><summary>Mentions relatives \u00e0 la propri\u00e9t\u00e9 intellectuelle <\/summary>\n<ul class=\"wp-block-list\">\n<li>le site https:\/\/fast-track.epsi-wis.ovh\/molka\/ a \u00e9t\u00e9 r\u00e9alis\u00e9 par Belakhdar Molka sur la base du syst\u00e8me de gestion de contenu WordPress et du th\u00e8me b5st .<\/li>\n<\/ul>\n\n\n\n<ul class=\"wp-block-list\">\n<li>Textes : Belakhdar Molka<\/li>\n<\/ul>\n\n\n\n<ul class=\"wp-block-list\">\n<li>Images , illustrations , photographies : base documentaire libre de droits <\/li>\n<\/ul>\n<\/details>\n\n\n\n<details class=\"wp-block-details is-layout-flow wp-block-details-is-layout-flow\"><summary>H\u00e9bergement <br><\/summary>\n<p>OVH SAS <br>2 rue Kellermann<br>59100 Roubaix<br>T\u00e9l. 1007<\/p>\n<\/details>\n\n\n\n<ul class=\"wp-block-list\"><\/ul>\n\n\n\n<p><\/p>\n","protected":false},"excerpt":{"rendered":"","protected":false},"author":1,"featured_media":0,"parent":0,"menu_order":0,"comment_status":"closed","ping_status":"closed","template":"","meta":{"footnotes":""},"class_list":["post-157","page","type-page","status-publish","hentry"],"yoast_head":"<!-- This site is optimized with the Yoast SEO plugin v27.4 - https:\/\/yoast.com\/product\/yoast-seo-wordpress\/ -->\n<title>Mentions l\u00e9gales - Onyx Espaces Verts<\/title>\n<meta name=\"robots\" content=\"index, follow, max-snippet:-1, max-image-preview:large, max-video-preview:-1\" \/>\n<link rel=\"canonical\" href=\"https:\/\/fast-track.epsi-wis.ovh\/molka\/mentions-legales\/\" \/>\n<meta property=\"og:locale\" content=\"fr_FR\" \/>\n<meta property=\"og:type\" content=\"article\" \/>\n<meta property=\"og:title\" content=\"Mentions l\u00e9gales - Onyx Espaces Verts\" \/>\n<meta property=\"og:url\" content=\"https:\/\/fast-track.epsi-wis.ovh\/molka\/mentions-legales\/\" \/>\n<meta property=\"og:site_name\" content=\"Onyx Espaces Verts\" \/>\n<meta property=\"article:modified_time\" content=\"2025-06-19T08:43:06+00:00\" \/>\n<meta name=\"twitter:card\" content=\"summary_large_image\" \/>\n<meta name=\"twitter:label1\" content=\"Dur\u00e9e de lecture estim\u00e9e\" \/>\n\t<meta name=\"twitter:data1\" content=\"1 minute\" \/>\n<script type=\"application\/ld+json\" class=\"yoast-schema-graph\">{\"@context\":\"https:\\\/\\\/schema.org\",\"@graph\":[{\"@type\":\"WebPage\",\"@id\":\"https:\\\/\\\/fast-track.epsi-wis.ovh\\\/molka\\\/mentions-legales\\\/\",\"url\":\"https:\\\/\\\/fast-track.epsi-wis.ovh\\\/molka\\\/mentions-legales\\\/\",\"name\":\"Mentions l\u00e9gales - Onyx Espaces Verts\",\"isPartOf\":{\"@id\":\"https:\\\/\\\/fast-track.epsi-wis.ovh\\\/molka\\\/#website\"},\"datePublished\":\"2025-06-19T07:59:09+00:00\",\"dateModified\":\"2025-06-19T08:43:06+00:00\",\"breadcrumb\":{\"@id\":\"https:\\\/\\\/fast-track.epsi-wis.ovh\\\/molka\\\/mentions-legales\\\/#breadcrumb\"},\"inLanguage\":\"fr-FR\",\"potentialAction\":[{\"@type\":\"ReadAction\",\"target\":[\"https:\\\/\\\/fast-track.epsi-wis.ovh\\\/molka\\\/mentions-legales\\\/\"]}]},{\"@type\":\"BreadcrumbList\",\"@id\":\"https:\\\/\\\/fast-track.epsi-wis.ovh\\\/molka\\\/mentions-legales\\\/#breadcrumb\",\"itemListElement\":[{\"@type\":\"ListItem\",\"position\":1,\"name\":\"Accueil\",\"item\":\"https:\\\/\\\/fast-track.epsi-wis.ovh\\\/molka\\\/\"},{\"@type\":\"ListItem\",\"position\":2,\"name\":\"Mentions l\u00e9gales\"}]},{\"@type\":\"WebSite\",\"@id\":\"https:\\\/\\\/fast-track.epsi-wis.ovh\\\/molka\\\/#website\",\"url\":\"https:\\\/\\\/fast-track.epsi-wis.ovh\\\/molka\\\/\",\"name\":\"Hrissa Arbi\",\"description\":\"\",\"publisher\":{\"@id\":\"https:\\\/\\\/fast-track.epsi-wis.ovh\\\/molka\\\/#organization\"},\"potentialAction\":[{\"@type\":\"SearchAction\",\"target\":{\"@type\":\"EntryPoint\",\"urlTemplate\":\"https:\\\/\\\/fast-track.epsi-wis.ovh\\\/molka\\\/?s={search_term_string}\"},\"query-input\":{\"@type\":\"PropertyValueSpecification\",\"valueRequired\":true,\"valueName\":\"search_term_string\"}}],\"inLanguage\":\"fr-FR\"},{\"@type\":\"Organization\",\"@id\":\"https:\\\/\\\/fast-track.epsi-wis.ovh\\\/molka\\\/#organization\",\"name\":\"Hrissa Arbi\",\"url\":\"https:\\\/\\\/fast-track.epsi-wis.ovh\\\/molka\\\/\",\"logo\":{\"@type\":\"ImageObject\",\"inLanguage\":\"fr-FR\",\"@id\":\"https:\\\/\\\/fast-track.epsi-wis.ovh\\\/molka\\\/#\\\/schema\\\/logo\\\/image\\\/\",\"url\":\"https:\\\/\\\/fast-track.epsi-wis.ovh\\\/molka\\\/wp-content\\\/uploads\\\/2025\\\/05\\\/telechargement-1.png\",\"contentUrl\":\"https:\\\/\\\/fast-track.epsi-wis.ovh\\\/molka\\\/wp-content\\\/uploads\\\/2025\\\/05\\\/telechargement-1.png\",\"width\":310,\"height\":163,\"caption\":\"Hrissa Arbi\"},\"image\":{\"@id\":\"https:\\\/\\\/fast-track.epsi-wis.ovh\\\/molka\\\/#\\\/schema\\\/logo\\\/image\\\/\"}}]}<\/script>\n<!-- \/ Yoast SEO plugin. -->","yoast_head_json":{"title":"Mentions l\u00e9gales - Onyx Espaces Verts","robots":{"index":"index","follow":"follow","max-snippet":"max-snippet:-1","max-image-preview":"max-image-preview:large","max-video-preview":"max-video-preview:-1"},"canonical":"https:\/\/fast-track.epsi-wis.ovh\/molka\/mentions-legales\/","og_locale":"fr_FR","og_type":"article","og_title":"Mentions l\u00e9gales - Onyx Espaces Verts","og_url":"https:\/\/fast-track.epsi-wis.ovh\/molka\/mentions-legales\/","og_site_name":"Onyx Espaces Verts","article_modified_time":"2025-06-19T08:43:06+00:00","twitter_card":"summary_large_image","twitter_misc":{"Dur\u00e9e de lecture estim\u00e9e":"1 minute"},"schema":{"@context":"https:\/\/schema.org","@graph":[{"@type":"WebPage","@id":"https:\/\/fast-track.epsi-wis.ovh\/molka\/mentions-legales\/","url":"https:\/\/fast-track.epsi-wis.ovh\/molka\/mentions-legales\/","name":"Mentions l\u00e9gales - Onyx Espaces Verts","isPartOf":{"@id":"https:\/\/fast-track.epsi-wis.ovh\/molka\/#website"},"datePublished":"2025-06-19T07:59:09+00:00","dateModified":"2025-06-19T08:43:06+00:00","breadcrumb":{"@id":"https:\/\/fast-track.epsi-wis.ovh\/molka\/mentions-legales\/#breadcrumb"},"inLanguage":"fr-FR","potentialAction":[{"@type":"ReadAction","target":["https:\/\/fast-track.epsi-wis.ovh\/molka\/mentions-legales\/"]}]},{"@type":"BreadcrumbList","@id":"https:\/\/fast-track.epsi-wis.ovh\/molka\/mentions-legales\/#breadcrumb","itemListElement":[{"@type":"ListItem","position":1,"name":"Accueil","item":"https:\/\/fast-track.epsi-wis.ovh\/molka\/"},{"@type":"ListItem","position":2,"name":"Mentions l\u00e9gales"}]},{"@type":"WebSite","@id":"https:\/\/fast-track.epsi-wis.ovh\/molka\/#website","url":"https:\/\/fast-track.epsi-wis.ovh\/molka\/","name":"Hrissa Arbi","description":"","publisher":{"@id":"https:\/\/fast-track.epsi-wis.ovh\/molka\/#organization"},"potentialAction":[{"@type":"SearchAction","target":{"@type":"EntryPoint","urlTemplate":"https:\/\/fast-track.epsi-wis.ovh\/molka\/?s={search_term_string}"},"query-input":{"@type":"PropertyValueSpecification","valueRequired":true,"valueName":"search_term_string"}}],"inLanguage":"fr-FR"},{"@type":"Organization","@id":"https:\/\/fast-track.epsi-wis.ovh\/molka\/#organization","name":"Hrissa Arbi","url":"https:\/\/fast-track.epsi-wis.ovh\/molka\/","logo":{"@type":"ImageObject","inLanguage":"fr-FR","@id":"https:\/\/fast-track.epsi-wis.ovh\/molka\/#\/schema\/logo\/image\/","url":"https:\/\/fast-track.epsi-wis.ovh\/molka\/wp-content\/uploads\/2025\/05\/telechargement-1.png","contentUrl":"https:\/\/fast-track.epsi-wis.ovh\/molka\/wp-content\/uploads\/2025\/05\/telechargement-1.png","width":310,"height":163,"caption":"Hrissa Arbi"},"image":{"@id":"https:\/\/fast-track.epsi-wis.ovh\/molka\/#\/schema\/logo\/image\/"}}]}},"_links":{"self":[{"href":"https:\/\/fast-track.epsi-wis.ovh\/molka\/wp-json\/wp\/v2\/pages\/157","targetHints":{"allow":["GET"]}}],"collection":[{"href":"https:\/\/fast-track.epsi-wis.ovh\/molka\/wp-json\/wp\/v2\/pages"}],"about":[{"href":"https:\/\/fast-track.epsi-wis.ovh\/molka\/wp-json\/wp\/v2\/types\/page"}],"author":[{"embeddable":true,"href":"https:\/\/fast-track.epsi-wis.ovh\/molka\/wp-json\/wp\/v2\/users\/1"}],"replies":[{"embeddable":true,"href":"https:\/\/fast-track.epsi-wis.ovh\/molka\/wp-json\/wp\/v2\/comments?post=157"}],"version-history":[{"count":5,"href":"https:\/\/fast-track.epsi-wis.ovh\/molka\/wp-json\/wp\/v2\/pages\/157\/revisions"}],"predecessor-version":[{"id":166,"href":"https:\/\/fast-track.epsi-wis.ovh\/molka\/wp-json\/wp\/v2\/pages\/157\/revisions\/166"}],"wp:attachment":[{"href":"https:\/\/fast-track.epsi-wis.ovh\/molka\/wp-json\/wp\/v2\/media?parent=157"}],"curies":[{"name":"wp","href":"https:\/\/api.w.org\/{rel}","templated":true}]}}