{"id":53,"date":"2025-05-26T17:33:29","date_gmt":"2025-05-26T15:33:29","guid":{"rendered":"https:\/\/fast-track.epsi-wis.ovh\/raisa\/?page_id=53"},"modified":"2025-05-26T18:09:41","modified_gmt":"2025-05-26T16:09:41","slug":"creations-textiles-naturelles","status":"publish","type":"page","link":"https:\/\/fast-track.epsi-wis.ovh\/raisa\/creations-textiles-naturelles\/","title":{"rendered":"Cr\u00e9ations textiles naturelles"},"content":{"rendered":"\n<p><\/p>\n\n\n\n<h2 class=\"wp-block-heading\">Nos peluches sont con\u00e7ues exclusivement \u00e0 partir de tissus biologiques et naturels, garantissant douceur, s\u00e9curit\u00e9 et respect de l\u2019environnement.<\/h2>\n\n\n\n<p><\/p>\n\n\n\n<figure class=\"wp-block-image\"><img decoding=\"async\" src=\"https:\/\/precious-pudding-566f26.netlify.app\/images\/Doudou%20coton.webp\" alt=\"Peluches en coton bio\"\/><\/figure>\n\n\n\n<h3 class=\"wp-block-heading\">Peluches en coton bio<\/h3>\n\n\n\n<p>D\u00e9couvrez notre collection en coton biologique, certifi\u00e9e et douce pour la peau sensible des b\u00e9b\u00e9s.<\/p>\n\n\n\n<figure class=\"wp-block-image\"><img decoding=\"async\" src=\"https:\/\/precious-pudding-566f26.netlify.app\/images\/Champ%20de%20coton.jpeg\" alt=\"Peluches en laine naturelle\"\/><\/figure>\n\n\n\n<h3 class=\"wp-block-heading\">Peluches en laine naturelle<\/h3>\n\n\n\n<p>La laine naturelle s\u00e9lectionn\u00e9e pour la chaleur et la douceur, id\u00e9ale pour des c\u00e2lins r\u00e9confortants.<\/p>\n\n\n\n<figure class=\"wp-block-image is-resized\"><img decoding=\"async\" src=\"https:\/\/precious-pudding-566f26.netlify.app\/images\/vegidou%20v.jpg\" alt=\"Peluches teintes naturellement\" style=\"width:241px;height:auto\"\/><\/figure>\n\n\n\n<h3 class=\"wp-block-heading\">Teintures naturelles<\/h3>\n\n\n\n<p>Nous utilisons uniquement des teintures naturelles pour garantir la s\u00e9curit\u00e9 et pr\u00e9server la nature.<\/p>\n","protected":false},"excerpt":{"rendered":"<p>Nos peluches sont con\u00e7ues exclusivement \u00e0 partir de tissus biologiques et naturels, garantissant douceur, s\u00e9curit\u00e9 et respect de l\u2019environnement. Peluches en coton bio D\u00e9couvrez notre collection en coton biologique, certifi\u00e9e et douce pour la peau sensible des b\u00e9b\u00e9s. Peluches en laine naturelle La laine naturelle s\u00e9lectionn\u00e9e pour la chaleur et la douceur, id\u00e9ale pour des [&hellip;]<\/p>\n","protected":false},"author":1,"featured_media":0,"parent":0,"menu_order":0,"comment_status":"closed","ping_status":"closed","template":"","meta":{"footnotes":""},"class_list":["post-53","page","type-page","status-publish","hentry"],"yoast_head":"<!-- This site is optimized with the Yoast SEO plugin v27.4 - https:\/\/yoast.com\/product\/yoast-seo-wordpress\/ -->\n<title>Cr\u00e9ations textiles naturelles -<\/title>\n<meta name=\"robots\" content=\"noindex, follow, max-snippet:-1, max-image-preview:large, max-video-preview:-1\" \/>\n<meta property=\"og:locale\" content=\"fr_FR\" \/>\n<meta property=\"og:type\" content=\"article\" \/>\n<meta property=\"og:title\" content=\"Cr\u00e9ations textiles naturelles -\" \/>\n<meta property=\"og:description\" content=\"Nos peluches sont con\u00e7ues exclusivement \u00e0 partir de tissus biologiques et naturels, garantissant douceur, s\u00e9curit\u00e9 et respect de l\u2019environnement. Peluches en coton bio D\u00e9couvrez notre collection en coton biologique, certifi\u00e9e et douce pour la peau sensible des b\u00e9b\u00e9s. Peluches en laine naturelle La laine naturelle s\u00e9lectionn\u00e9e pour la chaleur et la douceur, id\u00e9ale pour des [&hellip;]\" \/>\n<meta property=\"og:url\" content=\"https:\/\/fast-track.epsi-wis.ovh\/raisa\/creations-textiles-naturelles\/\" \/>\n<meta property=\"article:modified_time\" content=\"2025-05-26T16:09:41+00:00\" \/>\n<meta property=\"og:image\" content=\"https:\/\/precious-pudding-566f26.netlify.app\/images\/Doudou%20coton.webp\" \/>\n<meta name=\"twitter:card\" content=\"summary_large_image\" \/>\n<meta name=\"twitter:label1\" content=\"Dur\u00e9e de lecture estim\u00e9e\" \/>\n\t<meta name=\"twitter:data1\" content=\"1 minute\" \/>\n<script type=\"application\/ld+json\" class=\"yoast-schema-graph\">{\"@context\":\"https:\\\/\\\/schema.org\",\"@graph\":[{\"@type\":\"WebPage\",\"@id\":\"https:\\\/\\\/fast-track.epsi-wis.ovh\\\/raisa\\\/creations-textiles-naturelles\\\/\",\"url\":\"https:\\\/\\\/fast-track.epsi-wis.ovh\\\/raisa\\\/creations-textiles-naturelles\\\/\",\"name\":\"Cr\u00e9ations textiles naturelles -\",\"isPartOf\":{\"@id\":\"https:\\\/\\\/fast-track.epsi-wis.ovh\\\/raisa\\\/#website\"},\"primaryImageOfPage\":{\"@id\":\"https:\\\/\\\/fast-track.epsi-wis.ovh\\\/raisa\\\/creations-textiles-naturelles\\\/#primaryimage\"},\"image\":{\"@id\":\"https:\\\/\\\/fast-track.epsi-wis.ovh\\\/raisa\\\/creations-textiles-naturelles\\\/#primaryimage\"},\"thumbnailUrl\":\"https:\\\/\\\/precious-pudding-566f26.netlify.app\\\/images\\\/Doudou%20coton.webp\",\"datePublished\":\"2025-05-26T15:33:29+00:00\",\"dateModified\":\"2025-05-26T16:09:41+00:00\",\"breadcrumb\":{\"@id\":\"https:\\\/\\\/fast-track.epsi-wis.ovh\\\/raisa\\\/creations-textiles-naturelles\\\/#breadcrumb\"},\"inLanguage\":\"fr-FR\",\"potentialAction\":[{\"@type\":\"ReadAction\",\"target\":[\"https:\\\/\\\/fast-track.epsi-wis.ovh\\\/raisa\\\/creations-textiles-naturelles\\\/\"]}]},{\"@type\":\"ImageObject\",\"inLanguage\":\"fr-FR\",\"@id\":\"https:\\\/\\\/fast-track.epsi-wis.ovh\\\/raisa\\\/creations-textiles-naturelles\\\/#primaryimage\",\"url\":\"https:\\\/\\\/precious-pudding-566f26.netlify.app\\\/images\\\/Doudou%20coton.webp\",\"contentUrl\":\"https:\\\/\\\/precious-pudding-566f26.netlify.app\\\/images\\\/Doudou%20coton.webp\"},{\"@type\":\"BreadcrumbList\",\"@id\":\"https:\\\/\\\/fast-track.epsi-wis.ovh\\\/raisa\\\/creations-textiles-naturelles\\\/#breadcrumb\",\"itemListElement\":[{\"@type\":\"ListItem\",\"position\":1,\"name\":\"Accueil\",\"item\":\"https:\\\/\\\/fast-track.epsi-wis.ovh\\\/raisa\\\/\"},{\"@type\":\"ListItem\",\"position\":2,\"name\":\"Cr\u00e9ations textiles naturelles\"}]},{\"@type\":\"WebSite\",\"@id\":\"https:\\\/\\\/fast-track.epsi-wis.ovh\\\/raisa\\\/#website\",\"url\":\"https:\\\/\\\/fast-track.epsi-wis.ovh\\\/raisa\\\/\",\"name\":\"\",\"description\":\"\",\"potentialAction\":[{\"@type\":\"SearchAction\",\"target\":{\"@type\":\"EntryPoint\",\"urlTemplate\":\"https:\\\/\\\/fast-track.epsi-wis.ovh\\\/raisa\\\/?s={search_term_string}\"},\"query-input\":{\"@type\":\"PropertyValueSpecification\",\"valueRequired\":true,\"valueName\":\"search_term_string\"}}],\"inLanguage\":\"fr-FR\"}]}<\/script>\n<!-- \/ Yoast SEO plugin. -->","yoast_head_json":{"title":"Cr\u00e9ations textiles naturelles -","robots":{"index":"noindex","follow":"follow","max-snippet":"max-snippet:-1","max-image-preview":"max-image-preview:large","max-video-preview":"max-video-preview:-1"},"og_locale":"fr_FR","og_type":"article","og_title":"Cr\u00e9ations textiles naturelles -","og_description":"Nos peluches sont con\u00e7ues exclusivement \u00e0 partir de tissus biologiques et naturels, garantissant douceur, s\u00e9curit\u00e9 et respect de l\u2019environnement. Peluches en coton bio D\u00e9couvrez notre collection en coton biologique, certifi\u00e9e et douce pour la peau sensible des b\u00e9b\u00e9s. Peluches en laine naturelle La laine naturelle s\u00e9lectionn\u00e9e pour la chaleur et la douceur, id\u00e9ale pour des [&hellip;]","og_url":"https:\/\/fast-track.epsi-wis.ovh\/raisa\/creations-textiles-naturelles\/","article_modified_time":"2025-05-26T16:09:41+00:00","og_image":[{"url":"https:\/\/precious-pudding-566f26.netlify.app\/images\/Doudou%20coton.webp","type":"","width":"","height":""}],"twitter_card":"summary_large_image","twitter_misc":{"Dur\u00e9e de lecture estim\u00e9e":"1 minute"},"schema":{"@context":"https:\/\/schema.org","@graph":[{"@type":"WebPage","@id":"https:\/\/fast-track.epsi-wis.ovh\/raisa\/creations-textiles-naturelles\/","url":"https:\/\/fast-track.epsi-wis.ovh\/raisa\/creations-textiles-naturelles\/","name":"Cr\u00e9ations textiles naturelles -","isPartOf":{"@id":"https:\/\/fast-track.epsi-wis.ovh\/raisa\/#website"},"primaryImageOfPage":{"@id":"https:\/\/fast-track.epsi-wis.ovh\/raisa\/creations-textiles-naturelles\/#primaryimage"},"image":{"@id":"https:\/\/fast-track.epsi-wis.ovh\/raisa\/creations-textiles-naturelles\/#primaryimage"},"thumbnailUrl":"https:\/\/precious-pudding-566f26.netlify.app\/images\/Doudou%20coton.webp","datePublished":"2025-05-26T15:33:29+00:00","dateModified":"2025-05-26T16:09:41+00:00","breadcrumb":{"@id":"https:\/\/fast-track.epsi-wis.ovh\/raisa\/creations-textiles-naturelles\/#breadcrumb"},"inLanguage":"fr-FR","potentialAction":[{"@type":"ReadAction","target":["https:\/\/fast-track.epsi-wis.ovh\/raisa\/creations-textiles-naturelles\/"]}]},{"@type":"ImageObject","inLanguage":"fr-FR","@id":"https:\/\/fast-track.epsi-wis.ovh\/raisa\/creations-textiles-naturelles\/#primaryimage","url":"https:\/\/precious-pudding-566f26.netlify.app\/images\/Doudou%20coton.webp","contentUrl":"https:\/\/precious-pudding-566f26.netlify.app\/images\/Doudou%20coton.webp"},{"@type":"BreadcrumbList","@id":"https:\/\/fast-track.epsi-wis.ovh\/raisa\/creations-textiles-naturelles\/#breadcrumb","itemListElement":[{"@type":"ListItem","position":1,"name":"Accueil","item":"https:\/\/fast-track.epsi-wis.ovh\/raisa\/"},{"@type":"ListItem","position":2,"name":"Cr\u00e9ations textiles naturelles"}]},{"@type":"WebSite","@id":"https:\/\/fast-track.epsi-wis.ovh\/raisa\/#website","url":"https:\/\/fast-track.epsi-wis.ovh\/raisa\/","name":"","description":"","potentialAction":[{"@type":"SearchAction","target":{"@type":"EntryPoint","urlTemplate":"https:\/\/fast-track.epsi-wis.ovh\/raisa\/?s={search_term_string}"},"query-input":{"@type":"PropertyValueSpecification","valueRequired":true,"valueName":"search_term_string"}}],"inLanguage":"fr-FR"}]}},"_links":{"self":[{"href":"https:\/\/fast-track.epsi-wis.ovh\/raisa\/wp-json\/wp\/v2\/pages\/53","targetHints":{"allow":["GET"]}}],"collection":[{"href":"https:\/\/fast-track.epsi-wis.ovh\/raisa\/wp-json\/wp\/v2\/pages"}],"about":[{"href":"https:\/\/fast-track.epsi-wis.ovh\/raisa\/wp-json\/wp\/v2\/types\/page"}],"author":[{"embeddable":true,"href":"https:\/\/fast-track.epsi-wis.ovh\/raisa\/wp-json\/wp\/v2\/users\/1"}],"replies":[{"embeddable":true,"href":"https:\/\/fast-track.epsi-wis.ovh\/raisa\/wp-json\/wp\/v2\/comments?post=53"}],"version-history":[{"count":3,"href":"https:\/\/fast-track.epsi-wis.ovh\/raisa\/wp-json\/wp\/v2\/pages\/53\/revisions"}],"predecessor-version":[{"id":79,"href":"https:\/\/fast-track.epsi-wis.ovh\/raisa\/wp-json\/wp\/v2\/pages\/53\/revisions\/79"}],"wp:attachment":[{"href":"https:\/\/fast-track.epsi-wis.ovh\/raisa\/wp-json\/wp\/v2\/media?parent=53"}],"curies":[{"name":"wp","href":"https:\/\/api.w.org\/{rel}","templated":true}]}}