{"id":8,"date":"2025-04-09T12:28:05","date_gmt":"2025-04-09T10:28:05","guid":{"rendered":"https:\/\/fast-track.epsi-wis.ovh\/raisa\/?page_id=8"},"modified":"2025-05-26T17:50:11","modified_gmt":"2025-05-26T15:50:11","slug":"accueil","status":"publish","type":"page","link":"https:\/\/fast-track.epsi-wis.ovh\/raisa\/","title":{"rendered":"Bienvenue chez DoudouNature1"},"content":{"rendered":"\n<p>Nos peluches artisanales, fabriqu\u00e9es avec soin et respect de l\u2019environnement, offrent douceur et s\u00e9curit\u00e9 \u00e0 vos petits tr\u00e9sors.<\/p>\n\n\n\n<p><\/p>\n\n\n\n<h3 class=\"wp-block-heading\">Cr\u00e9ations textiles naturelles<\/h3>\n\n\n\n<div class=\"wp-block-group is-nowrap is-layout-flex wp-container-core-group-is-layout-ad2f72ca wp-block-group-is-layout-flex\">\n<p>D\u00e9couvrez notre gamme de peluches fabriqu\u00e9es \u00e0 partir de tissus biologiques et naturels, id\u00e9ales pour un c\u00e2lin tout doux.<a href=\"https:\/\/fast-track.epsi-wis.ovh\/raisa\/creations-textiles-naturelles\/\">En savoir plus<\/a><\/p>\n\n\n\n<figure class=\"wp-block-image size-full is-resized\"><img fetchpriority=\"high\" decoding=\"async\" width=\"1024\" height=\"1024\" src=\"https:\/\/fast-track.epsi-wis.ovh\/raisa\/wp-content\/uploads\/2025\/05\/image.png\" alt=\"\" class=\"wp-image-67\" style=\"width:225px;height:auto\" srcset=\"https:\/\/fast-track.epsi-wis.ovh\/raisa\/wp-content\/uploads\/2025\/05\/image.png 1024w, https:\/\/fast-track.epsi-wis.ovh\/raisa\/wp-content\/uploads\/2025\/05\/image-300x300.png 300w, https:\/\/fast-track.epsi-wis.ovh\/raisa\/wp-content\/uploads\/2025\/05\/image-768x768.png 768w\" sizes=\"(max-width: 1024px) 100vw, 1024px\" \/><\/figure>\n<\/div>\n\n\n\n<p><\/p>\n\n\n\n<h3 class=\"wp-block-heading\">Doudous sur mesure pour b\u00e9b\u00e9s<\/h3>\n\n\n\n<div class=\"wp-block-group is-nowrap is-layout-flex wp-container-core-group-is-layout-ad2f72ca wp-block-group-is-layout-flex\">\n<p>Personnalisez le doudou de votre enfant pour un cadeau unique, tendre et durable, confectionn\u00e9 avec amour par nos artisans.<a href=\"https:\/\/precious-pudding-566f26.netlify.app\/doudous-sur-mesure\">Personnalise mon doudou<\/a><\/p>\n\n\n\n<figure class=\"wp-block-image size-full is-resized\"><img decoding=\"async\" width=\"1024\" height=\"1024\" src=\"https:\/\/fast-track.epsi-wis.ovh\/raisa\/wp-content\/uploads\/2025\/05\/image-1.png\" alt=\"\" class=\"wp-image-69\" style=\"width:354px;height:auto\" srcset=\"https:\/\/fast-track.epsi-wis.ovh\/raisa\/wp-content\/uploads\/2025\/05\/image-1.png 1024w, https:\/\/fast-track.epsi-wis.ovh\/raisa\/wp-content\/uploads\/2025\/05\/image-1-300x300.png 300w, https:\/\/fast-track.epsi-wis.ovh\/raisa\/wp-content\/uploads\/2025\/05\/image-1-768x768.png 768w\" sizes=\"(max-width: 1024px) 100vw, 1024px\" \/><\/figure>\n<\/div>\n","protected":false},"excerpt":{"rendered":"<p>Nos peluches artisanales, fabriqu\u00e9es avec soin et respect de l\u2019environnement, offrent douceur et s\u00e9curit\u00e9 \u00e0 vos petits tr\u00e9sors. Cr\u00e9ations textiles naturelles D\u00e9couvrez notre gamme de peluches fabriqu\u00e9es \u00e0 partir de tissus biologiques et naturels, id\u00e9ales pour un c\u00e2lin tout doux.En savoir plus Doudous sur mesure pour b\u00e9b\u00e9s Personnalisez le doudou de votre enfant pour un [&hellip;]<\/p>\n","protected":false},"author":1,"featured_media":0,"parent":0,"menu_order":0,"comment_status":"closed","ping_status":"closed","template":"","meta":{"footnotes":""},"class_list":["post-8","page","type-page","status-publish","hentry"],"yoast_head":"<!-- This site is optimized with the Yoast SEO plugin v27.4 - https:\/\/yoast.com\/product\/yoast-seo-wordpress\/ -->\n<title>Bienvenue chez DoudouNature1 -<\/title>\n<meta name=\"robots\" content=\"noindex, follow, max-snippet:-1, max-image-preview:large, max-video-preview:-1\" \/>\n<meta property=\"og:locale\" content=\"fr_FR\" \/>\n<meta property=\"og:type\" content=\"article\" \/>\n<meta property=\"og:title\" content=\"Bienvenue chez DoudouNature1 -\" \/>\n<meta property=\"og:description\" content=\"Nos peluches artisanales, fabriqu\u00e9es avec soin et respect de l\u2019environnement, offrent douceur et s\u00e9curit\u00e9 \u00e0 vos petits tr\u00e9sors. Cr\u00e9ations textiles naturelles D\u00e9couvrez notre gamme de peluches fabriqu\u00e9es \u00e0 partir de tissus biologiques et naturels, id\u00e9ales pour un c\u00e2lin tout doux.En savoir plus Doudous sur mesure pour b\u00e9b\u00e9s Personnalisez le doudou de votre enfant pour un [&hellip;]\" \/>\n<meta property=\"og:url\" content=\"https:\/\/fast-track.epsi-wis.ovh\/raisa\/\" \/>\n<meta property=\"article:modified_time\" content=\"2025-05-26T15:50:11+00:00\" \/>\n<meta property=\"og:image\" content=\"https:\/\/fast-track.epsi-wis.ovh\/raisa\/wp-content\/uploads\/2025\/05\/image.png\" \/>\n\t<meta property=\"og:image:width\" content=\"1024\" \/>\n\t<meta property=\"og:image:height\" content=\"1024\" \/>\n\t<meta property=\"og:image:type\" content=\"image\/png\" \/>\n<meta name=\"twitter:card\" content=\"summary_large_image\" \/>\n<meta name=\"twitter:label1\" content=\"Dur\u00e9e de lecture estim\u00e9e\" \/>\n\t<meta name=\"twitter:data1\" content=\"1 minute\" \/>\n<script type=\"application\/ld+json\" class=\"yoast-schema-graph\">{\"@context\":\"https:\\\/\\\/schema.org\",\"@graph\":[{\"@type\":\"WebPage\",\"@id\":\"https:\\\/\\\/fast-track.epsi-wis.ovh\\\/raisa\\\/\",\"url\":\"https:\\\/\\\/fast-track.epsi-wis.ovh\\\/raisa\\\/\",\"name\":\"Bienvenue chez DoudouNature1 -\",\"isPartOf\":{\"@id\":\"https:\\\/\\\/fast-track.epsi-wis.ovh\\\/raisa\\\/#website\"},\"primaryImageOfPage\":{\"@id\":\"https:\\\/\\\/fast-track.epsi-wis.ovh\\\/raisa\\\/#primaryimage\"},\"image\":{\"@id\":\"https:\\\/\\\/fast-track.epsi-wis.ovh\\\/raisa\\\/#primaryimage\"},\"thumbnailUrl\":\"https:\\\/\\\/fast-track.epsi-wis.ovh\\\/raisa\\\/wp-content\\\/uploads\\\/2025\\\/05\\\/image.png\",\"datePublished\":\"2025-04-09T10:28:05+00:00\",\"dateModified\":\"2025-05-26T15:50:11+00:00\",\"breadcrumb\":{\"@id\":\"https:\\\/\\\/fast-track.epsi-wis.ovh\\\/raisa\\\/#breadcrumb\"},\"inLanguage\":\"fr-FR\",\"potentialAction\":[{\"@type\":\"ReadAction\",\"target\":[\"https:\\\/\\\/fast-track.epsi-wis.ovh\\\/raisa\\\/\"]}]},{\"@type\":\"ImageObject\",\"inLanguage\":\"fr-FR\",\"@id\":\"https:\\\/\\\/fast-track.epsi-wis.ovh\\\/raisa\\\/#primaryimage\",\"url\":\"https:\\\/\\\/fast-track.epsi-wis.ovh\\\/raisa\\\/wp-content\\\/uploads\\\/2025\\\/05\\\/image.png\",\"contentUrl\":\"https:\\\/\\\/fast-track.epsi-wis.ovh\\\/raisa\\\/wp-content\\\/uploads\\\/2025\\\/05\\\/image.png\",\"width\":1024,\"height\":1024},{\"@type\":\"BreadcrumbList\",\"@id\":\"https:\\\/\\\/fast-track.epsi-wis.ovh\\\/raisa\\\/#breadcrumb\",\"itemListElement\":[{\"@type\":\"ListItem\",\"position\":1,\"name\":\"Accueil\",\"item\":\"https:\\\/\\\/fast-track.epsi-wis.ovh\\\/raisa\\\/\"},{\"@type\":\"ListItem\",\"position\":2,\"name\":\"Bienvenue chez DoudouNature1\"}]},{\"@type\":\"WebSite\",\"@id\":\"https:\\\/\\\/fast-track.epsi-wis.ovh\\\/raisa\\\/#website\",\"url\":\"https:\\\/\\\/fast-track.epsi-wis.ovh\\\/raisa\\\/\",\"name\":\"\",\"description\":\"\",\"potentialAction\":[{\"@type\":\"SearchAction\",\"target\":{\"@type\":\"EntryPoint\",\"urlTemplate\":\"https:\\\/\\\/fast-track.epsi-wis.ovh\\\/raisa\\\/?s={search_term_string}\"},\"query-input\":{\"@type\":\"PropertyValueSpecification\",\"valueRequired\":true,\"valueName\":\"search_term_string\"}}],\"inLanguage\":\"fr-FR\"}]}<\/script>\n<!-- \/ Yoast SEO plugin. -->","yoast_head_json":{"title":"Bienvenue chez DoudouNature1 -","robots":{"index":"noindex","follow":"follow","max-snippet":"max-snippet:-1","max-image-preview":"max-image-preview:large","max-video-preview":"max-video-preview:-1"},"og_locale":"fr_FR","og_type":"article","og_title":"Bienvenue chez DoudouNature1 -","og_description":"Nos peluches artisanales, fabriqu\u00e9es avec soin et respect de l\u2019environnement, offrent douceur et s\u00e9curit\u00e9 \u00e0 vos petits tr\u00e9sors. Cr\u00e9ations textiles naturelles D\u00e9couvrez notre gamme de peluches fabriqu\u00e9es \u00e0 partir de tissus biologiques et naturels, id\u00e9ales pour un c\u00e2lin tout doux.En savoir plus Doudous sur mesure pour b\u00e9b\u00e9s Personnalisez le doudou de votre enfant pour un [&hellip;]","og_url":"https:\/\/fast-track.epsi-wis.ovh\/raisa\/","article_modified_time":"2025-05-26T15:50:11+00:00","og_image":[{"width":1024,"height":1024,"url":"https:\/\/fast-track.epsi-wis.ovh\/raisa\/wp-content\/uploads\/2025\/05\/image.png","type":"image\/png"}],"twitter_card":"summary_large_image","twitter_misc":{"Dur\u00e9e de lecture estim\u00e9e":"1 minute"},"schema":{"@context":"https:\/\/schema.org","@graph":[{"@type":"WebPage","@id":"https:\/\/fast-track.epsi-wis.ovh\/raisa\/","url":"https:\/\/fast-track.epsi-wis.ovh\/raisa\/","name":"Bienvenue chez DoudouNature1 -","isPartOf":{"@id":"https:\/\/fast-track.epsi-wis.ovh\/raisa\/#website"},"primaryImageOfPage":{"@id":"https:\/\/fast-track.epsi-wis.ovh\/raisa\/#primaryimage"},"image":{"@id":"https:\/\/fast-track.epsi-wis.ovh\/raisa\/#primaryimage"},"thumbnailUrl":"https:\/\/fast-track.epsi-wis.ovh\/raisa\/wp-content\/uploads\/2025\/05\/image.png","datePublished":"2025-04-09T10:28:05+00:00","dateModified":"2025-05-26T15:50:11+00:00","breadcrumb":{"@id":"https:\/\/fast-track.epsi-wis.ovh\/raisa\/#breadcrumb"},"inLanguage":"fr-FR","potentialAction":[{"@type":"ReadAction","target":["https:\/\/fast-track.epsi-wis.ovh\/raisa\/"]}]},{"@type":"ImageObject","inLanguage":"fr-FR","@id":"https:\/\/fast-track.epsi-wis.ovh\/raisa\/#primaryimage","url":"https:\/\/fast-track.epsi-wis.ovh\/raisa\/wp-content\/uploads\/2025\/05\/image.png","contentUrl":"https:\/\/fast-track.epsi-wis.ovh\/raisa\/wp-content\/uploads\/2025\/05\/image.png","width":1024,"height":1024},{"@type":"BreadcrumbList","@id":"https:\/\/fast-track.epsi-wis.ovh\/raisa\/#breadcrumb","itemListElement":[{"@type":"ListItem","position":1,"name":"Accueil","item":"https:\/\/fast-track.epsi-wis.ovh\/raisa\/"},{"@type":"ListItem","position":2,"name":"Bienvenue chez DoudouNature1"}]},{"@type":"WebSite","@id":"https:\/\/fast-track.epsi-wis.ovh\/raisa\/#website","url":"https:\/\/fast-track.epsi-wis.ovh\/raisa\/","name":"","description":"","potentialAction":[{"@type":"SearchAction","target":{"@type":"EntryPoint","urlTemplate":"https:\/\/fast-track.epsi-wis.ovh\/raisa\/?s={search_term_string}"},"query-input":{"@type":"PropertyValueSpecification","valueRequired":true,"valueName":"search_term_string"}}],"inLanguage":"fr-FR"}]}},"_links":{"self":[{"href":"https:\/\/fast-track.epsi-wis.ovh\/raisa\/wp-json\/wp\/v2\/pages\/8","targetHints":{"allow":["GET"]}}],"collection":[{"href":"https:\/\/fast-track.epsi-wis.ovh\/raisa\/wp-json\/wp\/v2\/pages"}],"about":[{"href":"https:\/\/fast-track.epsi-wis.ovh\/raisa\/wp-json\/wp\/v2\/types\/page"}],"author":[{"embeddable":true,"href":"https:\/\/fast-track.epsi-wis.ovh\/raisa\/wp-json\/wp\/v2\/users\/1"}],"replies":[{"embeddable":true,"href":"https:\/\/fast-track.epsi-wis.ovh\/raisa\/wp-json\/wp\/v2\/comments?post=8"}],"version-history":[{"count":4,"href":"https:\/\/fast-track.epsi-wis.ovh\/raisa\/wp-json\/wp\/v2\/pages\/8\/revisions"}],"predecessor-version":[{"id":71,"href":"https:\/\/fast-track.epsi-wis.ovh\/raisa\/wp-json\/wp\/v2\/pages\/8\/revisions\/71"}],"wp:attachment":[{"href":"https:\/\/fast-track.epsi-wis.ovh\/raisa\/wp-json\/wp\/v2\/media?parent=8"}],"curies":[{"name":"wp","href":"https:\/\/api.w.org\/{rel}","templated":true}]}}