{"id":222,"date":"2025-08-21T15:12:27","date_gmt":"2025-08-21T13:12:27","guid":{"rendered":"https:\/\/fast-track.epsi-wis.ovh\/shanys\/?page_id=222"},"modified":"2025-08-21T15:13:49","modified_gmt":"2025-08-21T13:13:49","slug":"nos-evenements","status":"publish","type":"page","link":"https:\/\/fast-track.epsi-wis.ovh\/shanys\/nos-evenements\/","title":{"rendered":"NOS EVENEMENTS"},"content":{"rendered":"<p><!-- SECTION A VENIR --><\/p>\n<div style=\"background:#FFD200; padding:60px;\">\n<h2 style=\"color:#111111; text-align:center;\">\u00c0 venir<\/h2>\n<div style=\"display:flex; flex-wrap:wrap; justify-content:center; margin-top:40px;\">\n<div style=\"background:#fff; border:2px solid #111; border-radius:8px; width:300px; margin:15px; overflow:hidden;\">\n      <img decoding=\"async\" src=\"images\/collecte-jouets.jpg\" alt=\"Collecte de jouets\" style=\"width:100%; height:200px; object-fit:cover;\"><\/p>\n<div style=\"padding:20px;\">\n<h3 style=\"color:#111111;\">\ud83c\udf88 Collecte de jouets<\/h3>\n<p>Samedi 15 octobre \u2013 Une journ\u00e9e d\u00e9di\u00e9e aux enfants pour pr\u00e9parer un No\u00ebl solidaire.<\/p>\n<\/p><\/div>\n<\/p><\/div>\n<div style=\"background:#fff; border:2px solid #111; border-radius:8px; width:300px; margin:15px; overflow:hidden;\">\n      <img decoding=\"async\" src=\"images\/concert-solidaire.jpg\" alt=\"Concert solidaire\" style=\"width:100%; height:200px; object-fit:cover;\"><\/p>\n<div style=\"padding:20px;\">\n<h3 style=\"color:#111111;\">\ud83c\udfb6 Concert solidaire<\/h3>\n<p>Vendredi 5 novembre \u2013 Musique et solidarit\u00e9 r\u00e9unies pour r\u00e9colter des fonds.<\/p>\n<\/p><\/div>\n<\/p><\/div>\n<div style=\"background:#fff; border:2px solid #111; border-radius:8px; width:300px; margin:15px; overflow:hidden;\">\n      <img decoding=\"async\" src=\"images\/atelier-creatif.jpg\" alt=\"Atelier cr\u00e9atif\" style=\"width:100%; height:200px; object-fit:cover;\"><\/p>\n<div style=\"padding:20px;\">\n<h3 style=\"color:#111111;\">\ud83c\udfa8 Atelier cr\u00e9atif<\/h3>\n<p>Dimanche 20 novembre \u2013 Un moment d\u2019expression artistique pour petits et grands.<\/p>\n<\/p><\/div>\n<\/p><\/div>\n<\/p><\/div>\n<\/div>\n<p><!-- SECTION PASSES --><\/p>\n<div style=\"background:#111111; padding:60px; color:#fff;\">\n<h2 style=\"color:#FFD200; text-align:center;\">\u00c9v\u00e9nements pass\u00e9s<\/h2>\n<div style=\"display:flex; flex-wrap:wrap; justify-content:center; margin-top:40px;\">\n<div style=\"width:300px; margin:15px;\">\n      <img decoding=\"async\" src=\"images\/fournitures.jpg\" alt=\"Distribution de fournitures\" style=\"width:100%; border-radius:8px;\"><\/p>\n<p style=\"margin-top:10px;\">\ud83d\udcda Distribution de fournitures scolaires (septembre)<\/p>\n<\/p><\/div>\n<div style=\"width:300px; margin:15px;\">\n      <img decoding=\"async\" src=\"images\/repas-solidaire.jpg\" alt=\"Repas solidaire\" style=\"width:100%; border-radius:8px;\"><\/p>\n<p style=\"margin-top:10px;\">\ud83c\udf72 Repas solidaire (juillet)<\/p>\n<\/p><\/div>\n<\/p><\/div>\n<\/div>\n","protected":false},"excerpt":{"rendered":"<p>\u00c0 venir \ud83c\udf88 Collecte de jouets Samedi 15 octobre \u2013 Une journ\u00e9e d\u00e9di\u00e9e aux enfants pour pr\u00e9parer un No\u00ebl solidaire. \ud83c\udfb6 Concert solidaire Vendredi 5 novembre \u2013 Musique et solidarit\u00e9 r\u00e9unies pour r\u00e9colter des fonds. \ud83c\udfa8 Atelier cr\u00e9atif Dimanche 20 novembre \u2013 Un moment d\u2019expression artistique pour petits et grands. \u00c9v\u00e9nements pass\u00e9s \ud83d\udcda Distribution de [&hellip;]<\/p>\n","protected":false},"author":1,"featured_media":0,"parent":0,"menu_order":3,"comment_status":"closed","ping_status":"closed","template":"","meta":{"footnotes":""},"class_list":["post-222","page","type-page","status-publish","hentry"],"yoast_head":"<!-- This site is optimized with the Yoast SEO plugin v27.4 - https:\/\/yoast.com\/product\/yoast-seo-wordpress\/ -->\n<title>NOS EVENEMENTS -<\/title>\n<meta name=\"robots\" content=\"noindex, follow, max-snippet:-1, max-image-preview:large, max-video-preview:-1\" \/>\n<meta property=\"og:locale\" content=\"fr_FR\" \/>\n<meta property=\"og:type\" content=\"article\" \/>\n<meta property=\"og:title\" content=\"NOS EVENEMENTS -\" \/>\n<meta property=\"og:description\" content=\"\u00c0 venir \ud83c\udf88 Collecte de jouets Samedi 15 octobre \u2013 Une journ\u00e9e d\u00e9di\u00e9e aux enfants pour pr\u00e9parer un No\u00ebl solidaire. \ud83c\udfb6 Concert solidaire Vendredi 5 novembre \u2013 Musique et solidarit\u00e9 r\u00e9unies pour r\u00e9colter des fonds. \ud83c\udfa8 Atelier cr\u00e9atif Dimanche 20 novembre \u2013 Un moment d\u2019expression artistique pour petits et grands. \u00c9v\u00e9nements pass\u00e9s \ud83d\udcda Distribution de [&hellip;]\" \/>\n<meta property=\"og:url\" content=\"https:\/\/fast-track.epsi-wis.ovh\/shanys\/nos-evenements\/\" \/>\n<meta property=\"article:modified_time\" content=\"2025-08-21T13:13:49+00:00\" \/>\n<meta name=\"twitter:card\" content=\"summary_large_image\" \/>\n<meta name=\"twitter:label1\" content=\"Dur\u00e9e de lecture estim\u00e9e\" \/>\n\t<meta name=\"twitter:data1\" content=\"2 minutes\" \/>\n<script type=\"application\/ld+json\" class=\"yoast-schema-graph\">{\"@context\":\"https:\\\/\\\/schema.org\",\"@graph\":[{\"@type\":\"WebPage\",\"@id\":\"https:\\\/\\\/fast-track.epsi-wis.ovh\\\/shanys\\\/nos-evenements\\\/\",\"url\":\"https:\\\/\\\/fast-track.epsi-wis.ovh\\\/shanys\\\/nos-evenements\\\/\",\"name\":\"NOS EVENEMENTS -\",\"isPartOf\":{\"@id\":\"https:\\\/\\\/fast-track.epsi-wis.ovh\\\/shanys\\\/#website\"},\"datePublished\":\"2025-08-21T13:12:27+00:00\",\"dateModified\":\"2025-08-21T13:13:49+00:00\",\"breadcrumb\":{\"@id\":\"https:\\\/\\\/fast-track.epsi-wis.ovh\\\/shanys\\\/nos-evenements\\\/#breadcrumb\"},\"inLanguage\":\"fr-FR\",\"potentialAction\":[{\"@type\":\"ReadAction\",\"target\":[\"https:\\\/\\\/fast-track.epsi-wis.ovh\\\/shanys\\\/nos-evenements\\\/\"]}]},{\"@type\":\"BreadcrumbList\",\"@id\":\"https:\\\/\\\/fast-track.epsi-wis.ovh\\\/shanys\\\/nos-evenements\\\/#breadcrumb\",\"itemListElement\":[{\"@type\":\"ListItem\",\"position\":1,\"name\":\"Accueil\",\"item\":\"https:\\\/\\\/fast-track.epsi-wis.ovh\\\/shanys\\\/\"},{\"@type\":\"ListItem\",\"position\":2,\"name\":\"NOS EVENEMENTS\"}]},{\"@type\":\"WebSite\",\"@id\":\"https:\\\/\\\/fast-track.epsi-wis.ovh\\\/shanys\\\/#website\",\"url\":\"https:\\\/\\\/fast-track.epsi-wis.ovh\\\/shanys\\\/\",\"name\":\"shanys\",\"description\":\"\",\"publisher\":{\"@id\":\"https:\\\/\\\/fast-track.epsi-wis.ovh\\\/shanys\\\/#organization\"},\"potentialAction\":[{\"@type\":\"SearchAction\",\"target\":{\"@type\":\"EntryPoint\",\"urlTemplate\":\"https:\\\/\\\/fast-track.epsi-wis.ovh\\\/shanys\\\/?s={search_term_string}\"},\"query-input\":{\"@type\":\"PropertyValueSpecification\",\"valueRequired\":true,\"valueName\":\"search_term_string\"}}],\"inLanguage\":\"fr-FR\"},{\"@type\":\"Organization\",\"@id\":\"https:\\\/\\\/fast-track.epsi-wis.ovh\\\/shanys\\\/#organization\",\"name\":\"shanys\",\"url\":\"https:\\\/\\\/fast-track.epsi-wis.ovh\\\/shanys\\\/\",\"logo\":{\"@type\":\"ImageObject\",\"inLanguage\":\"fr-FR\",\"@id\":\"https:\\\/\\\/fast-track.epsi-wis.ovh\\\/shanys\\\/#\\\/schema\\\/logo\\\/image\\\/\",\"url\":\"https:\\\/\\\/fast-track.epsi-wis.ovh\\\/shanys\\\/wp-content\\\/uploads\\\/2025\\\/04\\\/logoSmartBike.webp\",\"contentUrl\":\"https:\\\/\\\/fast-track.epsi-wis.ovh\\\/shanys\\\/wp-content\\\/uploads\\\/2025\\\/04\\\/logoSmartBike.webp\",\"width\":1024,\"height\":1024,\"caption\":\"shanys\"},\"image\":{\"@id\":\"https:\\\/\\\/fast-track.epsi-wis.ovh\\\/shanys\\\/#\\\/schema\\\/logo\\\/image\\\/\"}}]}<\/script>\n<!-- \/ Yoast SEO plugin. -->","yoast_head_json":{"title":"NOS EVENEMENTS -","robots":{"index":"noindex","follow":"follow","max-snippet":"max-snippet:-1","max-image-preview":"max-image-preview:large","max-video-preview":"max-video-preview:-1"},"og_locale":"fr_FR","og_type":"article","og_title":"NOS EVENEMENTS -","og_description":"\u00c0 venir \ud83c\udf88 Collecte de jouets Samedi 15 octobre \u2013 Une journ\u00e9e d\u00e9di\u00e9e aux enfants pour pr\u00e9parer un No\u00ebl solidaire. \ud83c\udfb6 Concert solidaire Vendredi 5 novembre \u2013 Musique et solidarit\u00e9 r\u00e9unies pour r\u00e9colter des fonds. \ud83c\udfa8 Atelier cr\u00e9atif Dimanche 20 novembre \u2013 Un moment d\u2019expression artistique pour petits et grands. \u00c9v\u00e9nements pass\u00e9s \ud83d\udcda Distribution de [&hellip;]","og_url":"https:\/\/fast-track.epsi-wis.ovh\/shanys\/nos-evenements\/","article_modified_time":"2025-08-21T13:13:49+00:00","twitter_card":"summary_large_image","twitter_misc":{"Dur\u00e9e de lecture estim\u00e9e":"2 minutes"},"schema":{"@context":"https:\/\/schema.org","@graph":[{"@type":"WebPage","@id":"https:\/\/fast-track.epsi-wis.ovh\/shanys\/nos-evenements\/","url":"https:\/\/fast-track.epsi-wis.ovh\/shanys\/nos-evenements\/","name":"NOS EVENEMENTS -","isPartOf":{"@id":"https:\/\/fast-track.epsi-wis.ovh\/shanys\/#website"},"datePublished":"2025-08-21T13:12:27+00:00","dateModified":"2025-08-21T13:13:49+00:00","breadcrumb":{"@id":"https:\/\/fast-track.epsi-wis.ovh\/shanys\/nos-evenements\/#breadcrumb"},"inLanguage":"fr-FR","potentialAction":[{"@type":"ReadAction","target":["https:\/\/fast-track.epsi-wis.ovh\/shanys\/nos-evenements\/"]}]},{"@type":"BreadcrumbList","@id":"https:\/\/fast-track.epsi-wis.ovh\/shanys\/nos-evenements\/#breadcrumb","itemListElement":[{"@type":"ListItem","position":1,"name":"Accueil","item":"https:\/\/fast-track.epsi-wis.ovh\/shanys\/"},{"@type":"ListItem","position":2,"name":"NOS EVENEMENTS"}]},{"@type":"WebSite","@id":"https:\/\/fast-track.epsi-wis.ovh\/shanys\/#website","url":"https:\/\/fast-track.epsi-wis.ovh\/shanys\/","name":"shanys","description":"","publisher":{"@id":"https:\/\/fast-track.epsi-wis.ovh\/shanys\/#organization"},"potentialAction":[{"@type":"SearchAction","target":{"@type":"EntryPoint","urlTemplate":"https:\/\/fast-track.epsi-wis.ovh\/shanys\/?s={search_term_string}"},"query-input":{"@type":"PropertyValueSpecification","valueRequired":true,"valueName":"search_term_string"}}],"inLanguage":"fr-FR"},{"@type":"Organization","@id":"https:\/\/fast-track.epsi-wis.ovh\/shanys\/#organization","name":"shanys","url":"https:\/\/fast-track.epsi-wis.ovh\/shanys\/","logo":{"@type":"ImageObject","inLanguage":"fr-FR","@id":"https:\/\/fast-track.epsi-wis.ovh\/shanys\/#\/schema\/logo\/image\/","url":"https:\/\/fast-track.epsi-wis.ovh\/shanys\/wp-content\/uploads\/2025\/04\/logoSmartBike.webp","contentUrl":"https:\/\/fast-track.epsi-wis.ovh\/shanys\/wp-content\/uploads\/2025\/04\/logoSmartBike.webp","width":1024,"height":1024,"caption":"shanys"},"image":{"@id":"https:\/\/fast-track.epsi-wis.ovh\/shanys\/#\/schema\/logo\/image\/"}}]}},"_links":{"self":[{"href":"https:\/\/fast-track.epsi-wis.ovh\/shanys\/wp-json\/wp\/v2\/pages\/222","targetHints":{"allow":["GET"]}}],"collection":[{"href":"https:\/\/fast-track.epsi-wis.ovh\/shanys\/wp-json\/wp\/v2\/pages"}],"about":[{"href":"https:\/\/fast-track.epsi-wis.ovh\/shanys\/wp-json\/wp\/v2\/types\/page"}],"author":[{"embeddable":true,"href":"https:\/\/fast-track.epsi-wis.ovh\/shanys\/wp-json\/wp\/v2\/users\/1"}],"replies":[{"embeddable":true,"href":"https:\/\/fast-track.epsi-wis.ovh\/shanys\/wp-json\/wp\/v2\/comments?post=222"}],"version-history":[{"count":1,"href":"https:\/\/fast-track.epsi-wis.ovh\/shanys\/wp-json\/wp\/v2\/pages\/222\/revisions"}],"predecessor-version":[{"id":223,"href":"https:\/\/fast-track.epsi-wis.ovh\/shanys\/wp-json\/wp\/v2\/pages\/222\/revisions\/223"}],"wp:attachment":[{"href":"https:\/\/fast-track.epsi-wis.ovh\/shanys\/wp-json\/wp\/v2\/media?parent=222"}],"curies":[{"name":"wp","href":"https:\/\/api.w.org\/{rel}","templated":true}]}}