{"id":226,"date":"2025-08-21T15:23:13","date_gmt":"2025-08-21T13:23:13","guid":{"rendered":"https:\/\/fast-track.epsi-wis.ovh\/shanys\/?page_id=226"},"modified":"2025-08-21T15:35:12","modified_gmt":"2025-08-21T13:35:12","slug":"nous-contacter","status":"publish","type":"page","link":"https:\/\/fast-track.epsi-wis.ovh\/shanys\/nous-contacter\/","title":{"rendered":"NOUS CONTACTER"},"content":{"rendered":"\n<div style=\"background:#FFD200; padding:30px; margin:30px 0;\">\n<p style=\"color:#111111; font-size:18px;\">\n      \ud83d\udcde T\u00e9l\u00e9phone : 01 XX XX XX XX <br \/>\n      \u2709\ufe0f Email : contact@association.fr <br \/>\n      \ud83d\udccd Adresse : [Ville \/ Local]\n    <\/p>\n<\/p><\/div>\n<h2 style=\"color:#111111;\">Formulaire de contact<\/h2>\n<form action=\"#\" method=\"post\" style=\"max-width:500px;\">\n    <label for=\"nom\">Nom *<\/label><br \/>\n    <input type=\"text\" id=\"nom\" name=\"nom\" required style=\"width:100%; padding:10px; margin-bottom:15px;\"><\/p>\n<p>    <label for=\"prenom\">Pr\u00e9nom *<\/label><br \/>\n    <input type=\"text\" id=\"prenom\" name=\"prenom\" required style=\"width:100%; padding:10px; margin-bottom:15px;\"><\/p>\n<p>    <label for=\"telephone\">Num\u00e9ro de t\u00e9l\u00e9phone *<\/label><br \/>\n    <input type=\"tel\" id=\"telephone\" name=\"telephone\" required style=\"width:100%; padding:10px; margin-bottom:15px;\"><\/p>\n<p>    <label for=\"email\">Email *<\/label><br \/>\n    <input type=\"email\" id=\"email\" name=\"email\" required style=\"width:100%; padding:10px; margin-bottom:15px;\"><\/p>\n<p>    <input type=\"submit\" value=\"Envoyer\" style=\"background:#111111; color:#FFD200; padding:10px 20px; border:none; cursor:pointer;\"><br \/>\n  <\/form>\n<div style=\"margin-top:40px; text-align:center;\">\n<p>\ud83d\udcf2 Suivez-nous :<\/p>\n<p>    <a href=\"https:\/\/instagram.com\" style=\"color:#111111; margin:0 10px;\">Instagram<\/a> |<br \/>\n    <a href=\"https:\/\/tiktok.com\" style=\"color:#111111; margin:0 10px;\">TikTok<\/a>\n  <\/div>\n<\/div>\n","protected":false},"excerpt":{"rendered":"<p>\ud83d\udcde T\u00e9l\u00e9phone : 01 XX XX XX XX \u2709\ufe0f Email : contact@association.fr \ud83d\udccd Adresse : [Ville \/ Local] Formulaire de contact Nom * Pr\u00e9nom * Num\u00e9ro de t\u00e9l\u00e9phone * Email * \ud83d\udcf2 Suivez-nous : Instagram | TikTok<\/p>\n","protected":false},"author":1,"featured_media":0,"parent":0,"menu_order":0,"comment_status":"closed","ping_status":"closed","template":"","meta":{"footnotes":""},"class_list":["post-226","page","type-page","status-publish","hentry"],"yoast_head":"<!-- This site is optimized with the Yoast SEO plugin v27.4 - https:\/\/yoast.com\/product\/yoast-seo-wordpress\/ -->\n<title>NOUS CONTACTER -<\/title>\n<meta name=\"robots\" content=\"noindex, follow, max-snippet:-1, max-image-preview:large, max-video-preview:-1\" \/>\n<meta property=\"og:locale\" content=\"fr_FR\" \/>\n<meta property=\"og:type\" content=\"article\" \/>\n<meta property=\"og:title\" content=\"NOUS CONTACTER -\" \/>\n<meta property=\"og:description\" content=\"\ud83d\udcde T\u00e9l\u00e9phone : 01 XX XX XX XX \u2709\ufe0f Email : contact@association.fr \ud83d\udccd Adresse : [Ville \/ Local] Formulaire de contact Nom * Pr\u00e9nom * Num\u00e9ro de t\u00e9l\u00e9phone * Email * \ud83d\udcf2 Suivez-nous : Instagram | TikTok\" \/>\n<meta property=\"og:url\" content=\"https:\/\/fast-track.epsi-wis.ovh\/shanys\/nous-contacter\/\" \/>\n<meta property=\"article:modified_time\" content=\"2025-08-21T13:35:12+00:00\" \/>\n<meta name=\"twitter:card\" content=\"summary_large_image\" \/>\n<meta name=\"twitter:label1\" content=\"Dur\u00e9e de lecture estim\u00e9e\" \/>\n\t<meta name=\"twitter:data1\" content=\"1 minute\" \/>\n<script type=\"application\/ld+json\" class=\"yoast-schema-graph\">{\"@context\":\"https:\\\/\\\/schema.org\",\"@graph\":[{\"@type\":\"WebPage\",\"@id\":\"https:\\\/\\\/fast-track.epsi-wis.ovh\\\/shanys\\\/nous-contacter\\\/\",\"url\":\"https:\\\/\\\/fast-track.epsi-wis.ovh\\\/shanys\\\/nous-contacter\\\/\",\"name\":\"NOUS CONTACTER -\",\"isPartOf\":{\"@id\":\"https:\\\/\\\/fast-track.epsi-wis.ovh\\\/shanys\\\/#website\"},\"datePublished\":\"2025-08-21T13:23:13+00:00\",\"dateModified\":\"2025-08-21T13:35:12+00:00\",\"breadcrumb\":{\"@id\":\"https:\\\/\\\/fast-track.epsi-wis.ovh\\\/shanys\\\/nous-contacter\\\/#breadcrumb\"},\"inLanguage\":\"fr-FR\",\"potentialAction\":[{\"@type\":\"ReadAction\",\"target\":[\"https:\\\/\\\/fast-track.epsi-wis.ovh\\\/shanys\\\/nous-contacter\\\/\"]}]},{\"@type\":\"BreadcrumbList\",\"@id\":\"https:\\\/\\\/fast-track.epsi-wis.ovh\\\/shanys\\\/nous-contacter\\\/#breadcrumb\",\"itemListElement\":[{\"@type\":\"ListItem\",\"position\":1,\"name\":\"Accueil\",\"item\":\"https:\\\/\\\/fast-track.epsi-wis.ovh\\\/shanys\\\/\"},{\"@type\":\"ListItem\",\"position\":2,\"name\":\"NOUS CONTACTER\"}]},{\"@type\":\"WebSite\",\"@id\":\"https:\\\/\\\/fast-track.epsi-wis.ovh\\\/shanys\\\/#website\",\"url\":\"https:\\\/\\\/fast-track.epsi-wis.ovh\\\/shanys\\\/\",\"name\":\"shanys\",\"description\":\"\",\"publisher\":{\"@id\":\"https:\\\/\\\/fast-track.epsi-wis.ovh\\\/shanys\\\/#organization\"},\"potentialAction\":[{\"@type\":\"SearchAction\",\"target\":{\"@type\":\"EntryPoint\",\"urlTemplate\":\"https:\\\/\\\/fast-track.epsi-wis.ovh\\\/shanys\\\/?s={search_term_string}\"},\"query-input\":{\"@type\":\"PropertyValueSpecification\",\"valueRequired\":true,\"valueName\":\"search_term_string\"}}],\"inLanguage\":\"fr-FR\"},{\"@type\":\"Organization\",\"@id\":\"https:\\\/\\\/fast-track.epsi-wis.ovh\\\/shanys\\\/#organization\",\"name\":\"shanys\",\"url\":\"https:\\\/\\\/fast-track.epsi-wis.ovh\\\/shanys\\\/\",\"logo\":{\"@type\":\"ImageObject\",\"inLanguage\":\"fr-FR\",\"@id\":\"https:\\\/\\\/fast-track.epsi-wis.ovh\\\/shanys\\\/#\\\/schema\\\/logo\\\/image\\\/\",\"url\":\"https:\\\/\\\/fast-track.epsi-wis.ovh\\\/shanys\\\/wp-content\\\/uploads\\\/2025\\\/04\\\/logoSmartBike.webp\",\"contentUrl\":\"https:\\\/\\\/fast-track.epsi-wis.ovh\\\/shanys\\\/wp-content\\\/uploads\\\/2025\\\/04\\\/logoSmartBike.webp\",\"width\":1024,\"height\":1024,\"caption\":\"shanys\"},\"image\":{\"@id\":\"https:\\\/\\\/fast-track.epsi-wis.ovh\\\/shanys\\\/#\\\/schema\\\/logo\\\/image\\\/\"}}]}<\/script>\n<!-- \/ Yoast SEO plugin. -->","yoast_head_json":{"title":"NOUS CONTACTER -","robots":{"index":"noindex","follow":"follow","max-snippet":"max-snippet:-1","max-image-preview":"max-image-preview:large","max-video-preview":"max-video-preview:-1"},"og_locale":"fr_FR","og_type":"article","og_title":"NOUS CONTACTER -","og_description":"\ud83d\udcde T\u00e9l\u00e9phone : 01 XX XX XX XX \u2709\ufe0f Email : contact@association.fr \ud83d\udccd Adresse : [Ville \/ Local] Formulaire de contact Nom * Pr\u00e9nom * Num\u00e9ro de t\u00e9l\u00e9phone * Email * \ud83d\udcf2 Suivez-nous : Instagram | TikTok","og_url":"https:\/\/fast-track.epsi-wis.ovh\/shanys\/nous-contacter\/","article_modified_time":"2025-08-21T13:35:12+00:00","twitter_card":"summary_large_image","twitter_misc":{"Dur\u00e9e de lecture estim\u00e9e":"1 minute"},"schema":{"@context":"https:\/\/schema.org","@graph":[{"@type":"WebPage","@id":"https:\/\/fast-track.epsi-wis.ovh\/shanys\/nous-contacter\/","url":"https:\/\/fast-track.epsi-wis.ovh\/shanys\/nous-contacter\/","name":"NOUS CONTACTER -","isPartOf":{"@id":"https:\/\/fast-track.epsi-wis.ovh\/shanys\/#website"},"datePublished":"2025-08-21T13:23:13+00:00","dateModified":"2025-08-21T13:35:12+00:00","breadcrumb":{"@id":"https:\/\/fast-track.epsi-wis.ovh\/shanys\/nous-contacter\/#breadcrumb"},"inLanguage":"fr-FR","potentialAction":[{"@type":"ReadAction","target":["https:\/\/fast-track.epsi-wis.ovh\/shanys\/nous-contacter\/"]}]},{"@type":"BreadcrumbList","@id":"https:\/\/fast-track.epsi-wis.ovh\/shanys\/nous-contacter\/#breadcrumb","itemListElement":[{"@type":"ListItem","position":1,"name":"Accueil","item":"https:\/\/fast-track.epsi-wis.ovh\/shanys\/"},{"@type":"ListItem","position":2,"name":"NOUS CONTACTER"}]},{"@type":"WebSite","@id":"https:\/\/fast-track.epsi-wis.ovh\/shanys\/#website","url":"https:\/\/fast-track.epsi-wis.ovh\/shanys\/","name":"shanys","description":"","publisher":{"@id":"https:\/\/fast-track.epsi-wis.ovh\/shanys\/#organization"},"potentialAction":[{"@type":"SearchAction","target":{"@type":"EntryPoint","urlTemplate":"https:\/\/fast-track.epsi-wis.ovh\/shanys\/?s={search_term_string}"},"query-input":{"@type":"PropertyValueSpecification","valueRequired":true,"valueName":"search_term_string"}}],"inLanguage":"fr-FR"},{"@type":"Organization","@id":"https:\/\/fast-track.epsi-wis.ovh\/shanys\/#organization","name":"shanys","url":"https:\/\/fast-track.epsi-wis.ovh\/shanys\/","logo":{"@type":"ImageObject","inLanguage":"fr-FR","@id":"https:\/\/fast-track.epsi-wis.ovh\/shanys\/#\/schema\/logo\/image\/","url":"https:\/\/fast-track.epsi-wis.ovh\/shanys\/wp-content\/uploads\/2025\/04\/logoSmartBike.webp","contentUrl":"https:\/\/fast-track.epsi-wis.ovh\/shanys\/wp-content\/uploads\/2025\/04\/logoSmartBike.webp","width":1024,"height":1024,"caption":"shanys"},"image":{"@id":"https:\/\/fast-track.epsi-wis.ovh\/shanys\/#\/schema\/logo\/image\/"}}]}},"_links":{"self":[{"href":"https:\/\/fast-track.epsi-wis.ovh\/shanys\/wp-json\/wp\/v2\/pages\/226","targetHints":{"allow":["GET"]}}],"collection":[{"href":"https:\/\/fast-track.epsi-wis.ovh\/shanys\/wp-json\/wp\/v2\/pages"}],"about":[{"href":"https:\/\/fast-track.epsi-wis.ovh\/shanys\/wp-json\/wp\/v2\/types\/page"}],"author":[{"embeddable":true,"href":"https:\/\/fast-track.epsi-wis.ovh\/shanys\/wp-json\/wp\/v2\/users\/1"}],"replies":[{"embeddable":true,"href":"https:\/\/fast-track.epsi-wis.ovh\/shanys\/wp-json\/wp\/v2\/comments?post=226"}],"version-history":[{"count":5,"href":"https:\/\/fast-track.epsi-wis.ovh\/shanys\/wp-json\/wp\/v2\/pages\/226\/revisions"}],"predecessor-version":[{"id":233,"href":"https:\/\/fast-track.epsi-wis.ovh\/shanys\/wp-json\/wp\/v2\/pages\/226\/revisions\/233"}],"wp:attachment":[{"href":"https:\/\/fast-track.epsi-wis.ovh\/shanys\/wp-json\/wp\/v2\/media?parent=226"}],"curies":[{"name":"wp","href":"https:\/\/api.w.org\/{rel}","templated":true}]}}