{"id":259,"date":"2025-12-12T16:26:29","date_gmt":"2025-12-12T15:26:29","guid":{"rendered":"https:\/\/fast-track.epsi-wis.ovh\/shanys\/?page_id=259"},"modified":"2025-12-12T16:26:29","modified_gmt":"2025-12-12T15:26:29","slug":"garba","status":"publish","type":"page","link":"https:\/\/fast-track.epsi-wis.ovh\/shanys\/garba\/","title":{"rendered":"GARBA"},"content":{"rendered":"<p><!DOCTYPE html><br \/>\n<html lang=\"en\"><br \/>\n<head><br \/>\n    <meta charset=\"UTF-8\"><br \/>\n    <meta name=\"viewport\" content=\"width=device-width, initial-scale=1.0\"><br \/>\n    <title>cuisine africaine : recettes, traditions et saveurs du continent <\/title><br \/>\n     <meta name=\"description\" content=\"D\u00e9couvrez la cuisine africaine a travers ses recettes, ses traditions et ses saveurs uniques.\"><br \/>\n    <meta name=\"keywords\" content=\"cuisine africaine, recettes africaines, gastronomie africaine, plats africains, saveurs africaines\"><br \/>\n<\/head><br \/>\n<body><\/p>\n<header>\n<h1>Cuisine africaine<\/h1>\n<p>Bienvenu sur notre espace d\u00e9di\u00e9 \u00e0 la  <strong >Cuisine africaine<\/strong> , un univers riche en traditions et en saveurs.<\/p>\n<p>         <img decoding=\"async\" src=\"\/image\/cuisines-africaine.png\" alt=\"Cuisine africaine traditionnelle\" width=\"600\"><br \/>\n    <\/header>\n<p><main><\/p>\n<section>\n<h2>Pourquoi d\u00e9couvrir la cuisine africaine ?<\/h2>\n<p>La  <a href=\"#cuisine-africaine\" ><\/a> est reconnue pour sa diversit\u00e9, son authenticit\u00e9 et son histoire culinaire mill\u00e9naire.<\/p>\n<ul>\n<li>Des recettes transmises de g\u00e9n\u00e9ration en g\u00e9n\u00e9ration.<\/li>\n<li>Des ingr\u00e9dients locaux et naturels.<\/li>\n<li>Une richesse culturelle et gastronomique unique.<\/li>\n<li>Une conviviabilit\u00e9 autour des repas.<\/li>\n<\/ul>\n<p>     <img decoding=\"async\" src=\"\/image\/image afriacain 3.avif\" alt=\"saveurs de la cuisine africaine\" width=\"400\"><br \/>\n   <\/section>\n<section>\n<h2>Explorez la gastronomie africaine<\/h2>\n<p>Notre page d&rsquo;accueil vous invite \u00e0 plonger dans l&rsquo;univers de la <strong>gastronomie africaine<\/strong>, entre modernit\u00e9 et tradition.<\/p>\n<p>       <img decoding=\"async\" src=\"\/image\/image africaine 4.avif\" alt=\"Gastronomie africaine moderne\" width=\"400\"><br \/>\n   <\/section>\n<p><\/main><\/p>\n<footer>\n<p>&copy; 2025 Recettes du Monde &#8211; Cuisine africaine<\/p>\n<p><\/body><br \/>\n<\/html><\/p>\n","protected":false},"excerpt":{"rendered":"<p>cuisine africaine : recettes, traditions et saveurs du continent Cuisine africaine Bienvenu sur notre espace d\u00e9di\u00e9 \u00e0 la Cuisine africaine , un univers riche en traditions et en saveurs. Pourquoi d\u00e9couvrir la cuisine africaine ? La est reconnue pour sa diversit\u00e9, son authenticit\u00e9 et son histoire culinaire mill\u00e9naire. Des recettes transmises de g\u00e9n\u00e9ration en g\u00e9n\u00e9ration. [&hellip;]<\/p>\n","protected":false},"author":1,"featured_media":0,"parent":0,"menu_order":0,"comment_status":"closed","ping_status":"closed","template":"","meta":{"footnotes":""},"class_list":["post-259","page","type-page","status-publish","hentry"],"yoast_head":"<!-- This site is optimized with the Yoast SEO plugin v27.4 - https:\/\/yoast.com\/product\/yoast-seo-wordpress\/ -->\n<title>GARBA -<\/title>\n<meta name=\"robots\" content=\"noindex, follow, max-snippet:-1, max-image-preview:large, max-video-preview:-1\" \/>\n<meta property=\"og:locale\" content=\"fr_FR\" \/>\n<meta property=\"og:type\" content=\"article\" \/>\n<meta property=\"og:title\" content=\"GARBA -\" \/>\n<meta property=\"og:description\" content=\"cuisine africaine : recettes, traditions et saveurs du continent Cuisine africaine Bienvenu sur notre espace d\u00e9di\u00e9 \u00e0 la Cuisine africaine , un univers riche en traditions et en saveurs. Pourquoi d\u00e9couvrir la cuisine africaine ? La est reconnue pour sa diversit\u00e9, son authenticit\u00e9 et son histoire culinaire mill\u00e9naire. Des recettes transmises de g\u00e9n\u00e9ration en g\u00e9n\u00e9ration. [&hellip;]\" \/>\n<meta property=\"og:url\" content=\"https:\/\/fast-track.epsi-wis.ovh\/shanys\/garba\/\" \/>\n<meta name=\"twitter:card\" content=\"summary_large_image\" \/>\n<meta name=\"twitter:label1\" content=\"Dur\u00e9e de lecture estim\u00e9e\" \/>\n\t<meta name=\"twitter:data1\" content=\"2 minutes\" \/>\n<script type=\"application\/ld+json\" class=\"yoast-schema-graph\">{\"@context\":\"https:\\\/\\\/schema.org\",\"@graph\":[{\"@type\":\"WebPage\",\"@id\":\"https:\\\/\\\/fast-track.epsi-wis.ovh\\\/shanys\\\/garba\\\/\",\"url\":\"https:\\\/\\\/fast-track.epsi-wis.ovh\\\/shanys\\\/garba\\\/\",\"name\":\"GARBA -\",\"isPartOf\":{\"@id\":\"https:\\\/\\\/fast-track.epsi-wis.ovh\\\/shanys\\\/#website\"},\"datePublished\":\"2025-12-12T15:26:29+00:00\",\"breadcrumb\":{\"@id\":\"https:\\\/\\\/fast-track.epsi-wis.ovh\\\/shanys\\\/garba\\\/#breadcrumb\"},\"inLanguage\":\"fr-FR\",\"potentialAction\":[{\"@type\":\"ReadAction\",\"target\":[\"https:\\\/\\\/fast-track.epsi-wis.ovh\\\/shanys\\\/garba\\\/\"]}]},{\"@type\":\"BreadcrumbList\",\"@id\":\"https:\\\/\\\/fast-track.epsi-wis.ovh\\\/shanys\\\/garba\\\/#breadcrumb\",\"itemListElement\":[{\"@type\":\"ListItem\",\"position\":1,\"name\":\"Accueil\",\"item\":\"https:\\\/\\\/fast-track.epsi-wis.ovh\\\/shanys\\\/\"},{\"@type\":\"ListItem\",\"position\":2,\"name\":\"GARBA\"}]},{\"@type\":\"WebSite\",\"@id\":\"https:\\\/\\\/fast-track.epsi-wis.ovh\\\/shanys\\\/#website\",\"url\":\"https:\\\/\\\/fast-track.epsi-wis.ovh\\\/shanys\\\/\",\"name\":\"shanys\",\"description\":\"\",\"publisher\":{\"@id\":\"https:\\\/\\\/fast-track.epsi-wis.ovh\\\/shanys\\\/#organization\"},\"potentialAction\":[{\"@type\":\"SearchAction\",\"target\":{\"@type\":\"EntryPoint\",\"urlTemplate\":\"https:\\\/\\\/fast-track.epsi-wis.ovh\\\/shanys\\\/?s={search_term_string}\"},\"query-input\":{\"@type\":\"PropertyValueSpecification\",\"valueRequired\":true,\"valueName\":\"search_term_string\"}}],\"inLanguage\":\"fr-FR\"},{\"@type\":\"Organization\",\"@id\":\"https:\\\/\\\/fast-track.epsi-wis.ovh\\\/shanys\\\/#organization\",\"name\":\"shanys\",\"url\":\"https:\\\/\\\/fast-track.epsi-wis.ovh\\\/shanys\\\/\",\"logo\":{\"@type\":\"ImageObject\",\"inLanguage\":\"fr-FR\",\"@id\":\"https:\\\/\\\/fast-track.epsi-wis.ovh\\\/shanys\\\/#\\\/schema\\\/logo\\\/image\\\/\",\"url\":\"https:\\\/\\\/fast-track.epsi-wis.ovh\\\/shanys\\\/wp-content\\\/uploads\\\/2025\\\/04\\\/logoSmartBike.webp\",\"contentUrl\":\"https:\\\/\\\/fast-track.epsi-wis.ovh\\\/shanys\\\/wp-content\\\/uploads\\\/2025\\\/04\\\/logoSmartBike.webp\",\"width\":1024,\"height\":1024,\"caption\":\"shanys\"},\"image\":{\"@id\":\"https:\\\/\\\/fast-track.epsi-wis.ovh\\\/shanys\\\/#\\\/schema\\\/logo\\\/image\\\/\"}}]}<\/script>\n<!-- \/ Yoast SEO plugin. -->","yoast_head_json":{"title":"GARBA -","robots":{"index":"noindex","follow":"follow","max-snippet":"max-snippet:-1","max-image-preview":"max-image-preview:large","max-video-preview":"max-video-preview:-1"},"og_locale":"fr_FR","og_type":"article","og_title":"GARBA -","og_description":"cuisine africaine : recettes, traditions et saveurs du continent Cuisine africaine Bienvenu sur notre espace d\u00e9di\u00e9 \u00e0 la Cuisine africaine , un univers riche en traditions et en saveurs. Pourquoi d\u00e9couvrir la cuisine africaine ? La est reconnue pour sa diversit\u00e9, son authenticit\u00e9 et son histoire culinaire mill\u00e9naire. Des recettes transmises de g\u00e9n\u00e9ration en g\u00e9n\u00e9ration. [&hellip;]","og_url":"https:\/\/fast-track.epsi-wis.ovh\/shanys\/garba\/","twitter_card":"summary_large_image","twitter_misc":{"Dur\u00e9e de lecture estim\u00e9e":"2 minutes"},"schema":{"@context":"https:\/\/schema.org","@graph":[{"@type":"WebPage","@id":"https:\/\/fast-track.epsi-wis.ovh\/shanys\/garba\/","url":"https:\/\/fast-track.epsi-wis.ovh\/shanys\/garba\/","name":"GARBA -","isPartOf":{"@id":"https:\/\/fast-track.epsi-wis.ovh\/shanys\/#website"},"datePublished":"2025-12-12T15:26:29+00:00","breadcrumb":{"@id":"https:\/\/fast-track.epsi-wis.ovh\/shanys\/garba\/#breadcrumb"},"inLanguage":"fr-FR","potentialAction":[{"@type":"ReadAction","target":["https:\/\/fast-track.epsi-wis.ovh\/shanys\/garba\/"]}]},{"@type":"BreadcrumbList","@id":"https:\/\/fast-track.epsi-wis.ovh\/shanys\/garba\/#breadcrumb","itemListElement":[{"@type":"ListItem","position":1,"name":"Accueil","item":"https:\/\/fast-track.epsi-wis.ovh\/shanys\/"},{"@type":"ListItem","position":2,"name":"GARBA"}]},{"@type":"WebSite","@id":"https:\/\/fast-track.epsi-wis.ovh\/shanys\/#website","url":"https:\/\/fast-track.epsi-wis.ovh\/shanys\/","name":"shanys","description":"","publisher":{"@id":"https:\/\/fast-track.epsi-wis.ovh\/shanys\/#organization"},"potentialAction":[{"@type":"SearchAction","target":{"@type":"EntryPoint","urlTemplate":"https:\/\/fast-track.epsi-wis.ovh\/shanys\/?s={search_term_string}"},"query-input":{"@type":"PropertyValueSpecification","valueRequired":true,"valueName":"search_term_string"}}],"inLanguage":"fr-FR"},{"@type":"Organization","@id":"https:\/\/fast-track.epsi-wis.ovh\/shanys\/#organization","name":"shanys","url":"https:\/\/fast-track.epsi-wis.ovh\/shanys\/","logo":{"@type":"ImageObject","inLanguage":"fr-FR","@id":"https:\/\/fast-track.epsi-wis.ovh\/shanys\/#\/schema\/logo\/image\/","url":"https:\/\/fast-track.epsi-wis.ovh\/shanys\/wp-content\/uploads\/2025\/04\/logoSmartBike.webp","contentUrl":"https:\/\/fast-track.epsi-wis.ovh\/shanys\/wp-content\/uploads\/2025\/04\/logoSmartBike.webp","width":1024,"height":1024,"caption":"shanys"},"image":{"@id":"https:\/\/fast-track.epsi-wis.ovh\/shanys\/#\/schema\/logo\/image\/"}}]}},"_links":{"self":[{"href":"https:\/\/fast-track.epsi-wis.ovh\/shanys\/wp-json\/wp\/v2\/pages\/259","targetHints":{"allow":["GET"]}}],"collection":[{"href":"https:\/\/fast-track.epsi-wis.ovh\/shanys\/wp-json\/wp\/v2\/pages"}],"about":[{"href":"https:\/\/fast-track.epsi-wis.ovh\/shanys\/wp-json\/wp\/v2\/types\/page"}],"author":[{"embeddable":true,"href":"https:\/\/fast-track.epsi-wis.ovh\/shanys\/wp-json\/wp\/v2\/users\/1"}],"replies":[{"embeddable":true,"href":"https:\/\/fast-track.epsi-wis.ovh\/shanys\/wp-json\/wp\/v2\/comments?post=259"}],"version-history":[{"count":1,"href":"https:\/\/fast-track.epsi-wis.ovh\/shanys\/wp-json\/wp\/v2\/pages\/259\/revisions"}],"predecessor-version":[{"id":260,"href":"https:\/\/fast-track.epsi-wis.ovh\/shanys\/wp-json\/wp\/v2\/pages\/259\/revisions\/260"}],"wp:attachment":[{"href":"https:\/\/fast-track.epsi-wis.ovh\/shanys\/wp-json\/wp\/v2\/media?parent=259"}],"curies":[{"name":"wp","href":"https:\/\/api.w.org\/{rel}","templated":true}]}}