{"id":65,"date":"2025-05-23T17:33:18","date_gmt":"2025-05-23T15:33:18","guid":{"rendered":"https:\/\/fast-track.epsi-wis.ovh\/william\/?page_id=65"},"modified":"2025-05-24T13:16:50","modified_gmt":"2025-05-24T11:16:50","slug":"doudou-bio-pour-bebe-2","status":"publish","type":"page","link":"https:\/\/fast-track.epsi-wis.ovh\/william\/doudou-bio-pour-bebe-2\/","title":{"rendered":"Doudou bio pour b\u00e9b\u00e9"},"content":{"rendered":"\n<figure class=\"wp-block-image size-full\"><img fetchpriority=\"high\" decoding=\"async\" width=\"1024\" height=\"1024\" src=\"https:\/\/fast-track.epsi-wis.ovh\/william\/wp-content\/uploads\/2025\/05\/alexia-naumovic-doudou-bio-boutique-1024x1024-1.jpg\" alt=\"\" class=\"wp-image-84\" srcset=\"https:\/\/fast-track.epsi-wis.ovh\/william\/wp-content\/uploads\/2025\/05\/alexia-naumovic-doudou-bio-boutique-1024x1024-1.jpg 1024w, https:\/\/fast-track.epsi-wis.ovh\/william\/wp-content\/uploads\/2025\/05\/alexia-naumovic-doudou-bio-boutique-1024x1024-1-300x300.jpg 300w, https:\/\/fast-track.epsi-wis.ovh\/william\/wp-content\/uploads\/2025\/05\/alexia-naumovic-doudou-bio-boutique-1024x1024-1-768x768.jpg 768w\" sizes=\"(max-width: 1024px) 100vw, 1024px\" \/><\/figure>\n\n\n\n<p><strong>Doudou bio \u2014 Naturellement rassurant.<\/strong><br>Tout doux, tout pur, tout bio. Notre doudou est fabriqu\u00e9 en coton 100 % biologique, sans produits chimiques ni teintures irritantes. Il respecte la peau sensible des tout-petits et les accompagne d\u00e8s la naissance, dans un nuage de tendresse.<\/p>\n\n\n\n<p>Facile \u00e0 attraper, lavable en machine, cousu avec soin dans des ateliers \u00e9thiques \u2014 c\u2019est le compagnon id\u00e9al pour les c\u00e2lins, les siestes et les premiers grands chagrins.<\/p>\n\n\n\n<p> Un doudou tout simplement bon : pour b\u00e9b\u00e9, pour vous, pour la plan\u00e8te.<\/p>\n","protected":false},"excerpt":{"rendered":"<p>Doudou bio \u2014 Naturellement rassurant.Tout doux, tout pur, tout bio. Notre doudou est fabriqu\u00e9 en coton 100 % biologique, sans produits chimiques ni teintures irritantes. Il respecte la peau sensible des tout-petits et les accompagne d\u00e8s la naissance, dans un nuage de tendresse. Facile \u00e0 attraper, lavable en machine, cousu avec soin dans des ateliers [&hellip;]<\/p>\n","protected":false},"author":1,"featured_media":0,"parent":0,"menu_order":0,"comment_status":"closed","ping_status":"closed","template":"","meta":{"footnotes":""},"class_list":["post-65","page","type-page","status-publish","hentry"],"yoast_head":"<!-- This site is optimized with the Yoast SEO plugin v27.4 - https:\/\/yoast.com\/product\/yoast-seo-wordpress\/ -->\n<title>Doudou bio pour b\u00e9b\u00e9 - Le site du meilleur du monde<\/title>\n<meta name=\"robots\" content=\"index, follow, max-snippet:-1, max-image-preview:large, max-video-preview:-1\" \/>\n<link rel=\"canonical\" href=\"https:\/\/fast-track.epsi-wis.ovh\/william\/doudou-bio-pour-bebe-2\/\" \/>\n<meta property=\"og:locale\" content=\"fr_FR\" \/>\n<meta property=\"og:type\" content=\"article\" \/>\n<meta property=\"og:title\" content=\"Doudou bio pour b\u00e9b\u00e9 - Le site du meilleur du monde\" \/>\n<meta property=\"og:description\" content=\"Doudou bio \u2014 Naturellement rassurant.Tout doux, tout pur, tout bio. Notre doudou est fabriqu\u00e9 en coton 100 % biologique, sans produits chimiques ni teintures irritantes. Il respecte la peau sensible des tout-petits et les accompagne d\u00e8s la naissance, dans un nuage de tendresse. Facile \u00e0 attraper, lavable en machine, cousu avec soin dans des ateliers [&hellip;]\" \/>\n<meta property=\"og:url\" content=\"https:\/\/fast-track.epsi-wis.ovh\/william\/doudou-bio-pour-bebe-2\/\" \/>\n<meta property=\"og:site_name\" content=\"Le site du meilleur du monde\" \/>\n<meta property=\"article:modified_time\" content=\"2025-05-24T11:16:50+00:00\" \/>\n<meta property=\"og:image\" content=\"https:\/\/fast-track.epsi-wis.ovh\/william\/wp-content\/uploads\/2025\/05\/alexia-naumovic-doudou-bio-boutique-1024x1024-1.jpg\" \/>\n\t<meta property=\"og:image:width\" content=\"1024\" \/>\n\t<meta property=\"og:image:height\" content=\"1024\" \/>\n\t<meta property=\"og:image:type\" content=\"image\/jpeg\" \/>\n<meta name=\"twitter:card\" content=\"summary_large_image\" \/>\n<meta name=\"twitter:label1\" content=\"Dur\u00e9e de lecture estim\u00e9e\" \/>\n\t<meta name=\"twitter:data1\" content=\"1 minute\" \/>\n<script type=\"application\/ld+json\" class=\"yoast-schema-graph\">{\"@context\":\"https:\\\/\\\/schema.org\",\"@graph\":[{\"@type\":\"WebPage\",\"@id\":\"https:\\\/\\\/fast-track.epsi-wis.ovh\\\/william\\\/doudou-bio-pour-bebe-2\\\/\",\"url\":\"https:\\\/\\\/fast-track.epsi-wis.ovh\\\/william\\\/doudou-bio-pour-bebe-2\\\/\",\"name\":\"Doudou bio pour b\u00e9b\u00e9 - Le site du meilleur du monde\",\"isPartOf\":{\"@id\":\"https:\\\/\\\/fast-track.epsi-wis.ovh\\\/william\\\/#website\"},\"primaryImageOfPage\":{\"@id\":\"https:\\\/\\\/fast-track.epsi-wis.ovh\\\/william\\\/doudou-bio-pour-bebe-2\\\/#primaryimage\"},\"image\":{\"@id\":\"https:\\\/\\\/fast-track.epsi-wis.ovh\\\/william\\\/doudou-bio-pour-bebe-2\\\/#primaryimage\"},\"thumbnailUrl\":\"https:\\\/\\\/fast-track.epsi-wis.ovh\\\/william\\\/wp-content\\\/uploads\\\/2025\\\/05\\\/alexia-naumovic-doudou-bio-boutique-1024x1024-1.jpg\",\"datePublished\":\"2025-05-23T15:33:18+00:00\",\"dateModified\":\"2025-05-24T11:16:50+00:00\",\"breadcrumb\":{\"@id\":\"https:\\\/\\\/fast-track.epsi-wis.ovh\\\/william\\\/doudou-bio-pour-bebe-2\\\/#breadcrumb\"},\"inLanguage\":\"fr-FR\",\"potentialAction\":[{\"@type\":\"ReadAction\",\"target\":[\"https:\\\/\\\/fast-track.epsi-wis.ovh\\\/william\\\/doudou-bio-pour-bebe-2\\\/\"]}]},{\"@type\":\"ImageObject\",\"inLanguage\":\"fr-FR\",\"@id\":\"https:\\\/\\\/fast-track.epsi-wis.ovh\\\/william\\\/doudou-bio-pour-bebe-2\\\/#primaryimage\",\"url\":\"https:\\\/\\\/fast-track.epsi-wis.ovh\\\/william\\\/wp-content\\\/uploads\\\/2025\\\/05\\\/alexia-naumovic-doudou-bio-boutique-1024x1024-1.jpg\",\"contentUrl\":\"https:\\\/\\\/fast-track.epsi-wis.ovh\\\/william\\\/wp-content\\\/uploads\\\/2025\\\/05\\\/alexia-naumovic-doudou-bio-boutique-1024x1024-1.jpg\",\"width\":1024,\"height\":1024},{\"@type\":\"BreadcrumbList\",\"@id\":\"https:\\\/\\\/fast-track.epsi-wis.ovh\\\/william\\\/doudou-bio-pour-bebe-2\\\/#breadcrumb\",\"itemListElement\":[{\"@type\":\"ListItem\",\"position\":1,\"name\":\"Accueil\",\"item\":\"https:\\\/\\\/fast-track.epsi-wis.ovh\\\/william\\\/\"},{\"@type\":\"ListItem\",\"position\":2,\"name\":\"Doudou bio pour b\u00e9b\u00e9\"}]},{\"@type\":\"WebSite\",\"@id\":\"https:\\\/\\\/fast-track.epsi-wis.ovh\\\/william\\\/#website\",\"url\":\"https:\\\/\\\/fast-track.epsi-wis.ovh\\\/william\\\/\",\"name\":\"Le site du meilleur du monde\",\"description\":\"\",\"publisher\":{\"@id\":\"https:\\\/\\\/fast-track.epsi-wis.ovh\\\/william\\\/#organization\"},\"potentialAction\":[{\"@type\":\"SearchAction\",\"target\":{\"@type\":\"EntryPoint\",\"urlTemplate\":\"https:\\\/\\\/fast-track.epsi-wis.ovh\\\/william\\\/?s={search_term_string}\"},\"query-input\":{\"@type\":\"PropertyValueSpecification\",\"valueRequired\":true,\"valueName\":\"search_term_string\"}}],\"inLanguage\":\"fr-FR\"},{\"@type\":\"Organization\",\"@id\":\"https:\\\/\\\/fast-track.epsi-wis.ovh\\\/william\\\/#organization\",\"name\":\"Le site du meilleur du monde\",\"url\":\"https:\\\/\\\/fast-track.epsi-wis.ovh\\\/william\\\/\",\"logo\":{\"@type\":\"ImageObject\",\"inLanguage\":\"fr-FR\",\"@id\":\"https:\\\/\\\/fast-track.epsi-wis.ovh\\\/william\\\/#\\\/schema\\\/logo\\\/image\\\/\",\"url\":\"https:\\\/\\\/fast-track.epsi-wis.ovh\\\/william\\\/wp-content\\\/uploads\\\/2025\\\/05\\\/LOGO_WIS_2025_8240b8634d-scaled.png\",\"contentUrl\":\"https:\\\/\\\/fast-track.epsi-wis.ovh\\\/william\\\/wp-content\\\/uploads\\\/2025\\\/05\\\/LOGO_WIS_2025_8240b8634d-scaled.png\",\"width\":2560,\"height\":1469,\"caption\":\"Le site du meilleur du monde\"},\"image\":{\"@id\":\"https:\\\/\\\/fast-track.epsi-wis.ovh\\\/william\\\/#\\\/schema\\\/logo\\\/image\\\/\"}}]}<\/script>\n<!-- \/ Yoast SEO plugin. -->","yoast_head_json":{"title":"Doudou bio pour b\u00e9b\u00e9 - Le site du meilleur du monde","robots":{"index":"index","follow":"follow","max-snippet":"max-snippet:-1","max-image-preview":"max-image-preview:large","max-video-preview":"max-video-preview:-1"},"canonical":"https:\/\/fast-track.epsi-wis.ovh\/william\/doudou-bio-pour-bebe-2\/","og_locale":"fr_FR","og_type":"article","og_title":"Doudou bio pour b\u00e9b\u00e9 - Le site du meilleur du monde","og_description":"Doudou bio \u2014 Naturellement rassurant.Tout doux, tout pur, tout bio. Notre doudou est fabriqu\u00e9 en coton 100 % biologique, sans produits chimiques ni teintures irritantes. Il respecte la peau sensible des tout-petits et les accompagne d\u00e8s la naissance, dans un nuage de tendresse. Facile \u00e0 attraper, lavable en machine, cousu avec soin dans des ateliers [&hellip;]","og_url":"https:\/\/fast-track.epsi-wis.ovh\/william\/doudou-bio-pour-bebe-2\/","og_site_name":"Le site du meilleur du monde","article_modified_time":"2025-05-24T11:16:50+00:00","og_image":[{"width":1024,"height":1024,"url":"https:\/\/fast-track.epsi-wis.ovh\/william\/wp-content\/uploads\/2025\/05\/alexia-naumovic-doudou-bio-boutique-1024x1024-1.jpg","type":"image\/jpeg"}],"twitter_card":"summary_large_image","twitter_misc":{"Dur\u00e9e de lecture estim\u00e9e":"1 minute"},"schema":{"@context":"https:\/\/schema.org","@graph":[{"@type":"WebPage","@id":"https:\/\/fast-track.epsi-wis.ovh\/william\/doudou-bio-pour-bebe-2\/","url":"https:\/\/fast-track.epsi-wis.ovh\/william\/doudou-bio-pour-bebe-2\/","name":"Doudou bio pour b\u00e9b\u00e9 - Le site du meilleur du monde","isPartOf":{"@id":"https:\/\/fast-track.epsi-wis.ovh\/william\/#website"},"primaryImageOfPage":{"@id":"https:\/\/fast-track.epsi-wis.ovh\/william\/doudou-bio-pour-bebe-2\/#primaryimage"},"image":{"@id":"https:\/\/fast-track.epsi-wis.ovh\/william\/doudou-bio-pour-bebe-2\/#primaryimage"},"thumbnailUrl":"https:\/\/fast-track.epsi-wis.ovh\/william\/wp-content\/uploads\/2025\/05\/alexia-naumovic-doudou-bio-boutique-1024x1024-1.jpg","datePublished":"2025-05-23T15:33:18+00:00","dateModified":"2025-05-24T11:16:50+00:00","breadcrumb":{"@id":"https:\/\/fast-track.epsi-wis.ovh\/william\/doudou-bio-pour-bebe-2\/#breadcrumb"},"inLanguage":"fr-FR","potentialAction":[{"@type":"ReadAction","target":["https:\/\/fast-track.epsi-wis.ovh\/william\/doudou-bio-pour-bebe-2\/"]}]},{"@type":"ImageObject","inLanguage":"fr-FR","@id":"https:\/\/fast-track.epsi-wis.ovh\/william\/doudou-bio-pour-bebe-2\/#primaryimage","url":"https:\/\/fast-track.epsi-wis.ovh\/william\/wp-content\/uploads\/2025\/05\/alexia-naumovic-doudou-bio-boutique-1024x1024-1.jpg","contentUrl":"https:\/\/fast-track.epsi-wis.ovh\/william\/wp-content\/uploads\/2025\/05\/alexia-naumovic-doudou-bio-boutique-1024x1024-1.jpg","width":1024,"height":1024},{"@type":"BreadcrumbList","@id":"https:\/\/fast-track.epsi-wis.ovh\/william\/doudou-bio-pour-bebe-2\/#breadcrumb","itemListElement":[{"@type":"ListItem","position":1,"name":"Accueil","item":"https:\/\/fast-track.epsi-wis.ovh\/william\/"},{"@type":"ListItem","position":2,"name":"Doudou bio pour b\u00e9b\u00e9"}]},{"@type":"WebSite","@id":"https:\/\/fast-track.epsi-wis.ovh\/william\/#website","url":"https:\/\/fast-track.epsi-wis.ovh\/william\/","name":"Le site du meilleur du monde","description":"","publisher":{"@id":"https:\/\/fast-track.epsi-wis.ovh\/william\/#organization"},"potentialAction":[{"@type":"SearchAction","target":{"@type":"EntryPoint","urlTemplate":"https:\/\/fast-track.epsi-wis.ovh\/william\/?s={search_term_string}"},"query-input":{"@type":"PropertyValueSpecification","valueRequired":true,"valueName":"search_term_string"}}],"inLanguage":"fr-FR"},{"@type":"Organization","@id":"https:\/\/fast-track.epsi-wis.ovh\/william\/#organization","name":"Le site du meilleur du monde","url":"https:\/\/fast-track.epsi-wis.ovh\/william\/","logo":{"@type":"ImageObject","inLanguage":"fr-FR","@id":"https:\/\/fast-track.epsi-wis.ovh\/william\/#\/schema\/logo\/image\/","url":"https:\/\/fast-track.epsi-wis.ovh\/william\/wp-content\/uploads\/2025\/05\/LOGO_WIS_2025_8240b8634d-scaled.png","contentUrl":"https:\/\/fast-track.epsi-wis.ovh\/william\/wp-content\/uploads\/2025\/05\/LOGO_WIS_2025_8240b8634d-scaled.png","width":2560,"height":1469,"caption":"Le site du meilleur du monde"},"image":{"@id":"https:\/\/fast-track.epsi-wis.ovh\/william\/#\/schema\/logo\/image\/"}}]}},"_links":{"self":[{"href":"https:\/\/fast-track.epsi-wis.ovh\/william\/wp-json\/wp\/v2\/pages\/65","targetHints":{"allow":["GET"]}}],"collection":[{"href":"https:\/\/fast-track.epsi-wis.ovh\/william\/wp-json\/wp\/v2\/pages"}],"about":[{"href":"https:\/\/fast-track.epsi-wis.ovh\/william\/wp-json\/wp\/v2\/types\/page"}],"author":[{"embeddable":true,"href":"https:\/\/fast-track.epsi-wis.ovh\/william\/wp-json\/wp\/v2\/users\/1"}],"replies":[{"embeddable":true,"href":"https:\/\/fast-track.epsi-wis.ovh\/william\/wp-json\/wp\/v2\/comments?post=65"}],"version-history":[{"count":5,"href":"https:\/\/fast-track.epsi-wis.ovh\/william\/wp-json\/wp\/v2\/pages\/65\/revisions"}],"predecessor-version":[{"id":99,"href":"https:\/\/fast-track.epsi-wis.ovh\/william\/wp-json\/wp\/v2\/pages\/65\/revisions\/99"}],"wp:attachment":[{"href":"https:\/\/fast-track.epsi-wis.ovh\/william\/wp-json\/wp\/v2\/media?parent=65"}],"curies":[{"name":"wp","href":"https:\/\/api.w.org\/{rel}","templated":true}]}}