{"id":89,"date":"2025-05-24T12:57:38","date_gmt":"2025-05-24T10:57:38","guid":{"rendered":"https:\/\/fast-track.epsi-wis.ovh\/william\/?page_id=89"},"modified":"2025-05-24T12:57:38","modified_gmt":"2025-05-24T10:57:38","slug":"cadeau-de-naissance","status":"publish","type":"page","link":"https:\/\/fast-track.epsi-wis.ovh\/william\/cadeau-de-naissance\/","title":{"rendered":"Cadeau de naissance"},"content":{"rendered":"\n<figure class=\"wp-block-image size-full\"><img fetchpriority=\"high\" decoding=\"async\" width=\"225\" height=\"225\" src=\"https:\/\/fast-track.epsi-wis.ovh\/william\/wp-content\/uploads\/2025\/05\/CADEAU-DE-NAISSANCE-VRAI.jpeg\" alt=\"\" class=\"wp-image-91\"\/><\/figure>\n\n\n\n<h3 class=\"wp-block-heading\">Pour accueillir b\u00e9b\u00e9 en douceur\u2026 et en conscience.<\/h3>\n\n\n\n<p>Vous cherchez une id\u00e9e de cadeau de naissance qui ait du sens ?<br>Nos doudous bio sont bien plus que de simples peluches : ce sont les premiers compagnons de vie des tout-petits, con\u00e7us avec amour, douceur\u2026 et respect.<\/p>\n\n\n\n<p> <strong>Coton 100 % biologique<\/strong>, doux pour la peau fragile de b\u00e9b\u00e9 et doux pour la plan\u00e8te.<br> <strong>Sans substances nocives<\/strong>, parce que la s\u00e9curit\u00e9 ne se discute pas.<br> <strong>Fabriqu\u00e9s avec soin<\/strong>, dans des ateliers \u00e9thiques et responsables.<br> <strong>Faciles \u00e0 laver<\/strong>, pens\u00e9s pour les parents d\u2019aujourd\u2019hui.<\/p>\n\n\n\n<p>Que ce soit pour une naissance, une baby shower ou une premi\u00e8re visite \u00e0 la maternit\u00e9, offrir un doudou bio, c\u2019est offrir une pr\u00e9sence rassurante, un objet durable, et un geste tendre \u2014 pour b\u00e9b\u00e9 et pour la plan\u00e8te.<\/p>\n","protected":false},"excerpt":{"rendered":"<p>Pour accueillir b\u00e9b\u00e9 en douceur\u2026 et en conscience. Vous cherchez une id\u00e9e de cadeau de naissance qui ait du sens ?Nos doudous bio sont bien plus que de simples peluches : ce sont les premiers compagnons de vie des tout-petits, con\u00e7us avec amour, douceur\u2026 et respect. Coton 100 % biologique, doux pour la peau fragile [&hellip;]<\/p>\n","protected":false},"author":1,"featured_media":0,"parent":0,"menu_order":0,"comment_status":"closed","ping_status":"closed","template":"","meta":{"footnotes":""},"class_list":["post-89","page","type-page","status-publish","hentry"],"yoast_head":"<!-- This site is optimized with the Yoast SEO plugin v27.4 - https:\/\/yoast.com\/product\/yoast-seo-wordpress\/ -->\n<title>Cadeau de naissance - Le site du meilleur du monde<\/title>\n<meta name=\"robots\" content=\"index, follow, max-snippet:-1, max-image-preview:large, max-video-preview:-1\" \/>\n<link rel=\"canonical\" href=\"https:\/\/fast-track.epsi-wis.ovh\/william\/cadeau-de-naissance\/\" \/>\n<meta property=\"og:locale\" content=\"fr_FR\" \/>\n<meta property=\"og:type\" content=\"article\" \/>\n<meta property=\"og:title\" content=\"Cadeau de naissance - Le site du meilleur du monde\" \/>\n<meta property=\"og:description\" content=\"Pour accueillir b\u00e9b\u00e9 en douceur\u2026 et en conscience. Vous cherchez une id\u00e9e de cadeau de naissance qui ait du sens ?Nos doudous bio sont bien plus que de simples peluches : ce sont les premiers compagnons de vie des tout-petits, con\u00e7us avec amour, douceur\u2026 et respect. Coton 100 % biologique, doux pour la peau fragile [&hellip;]\" \/>\n<meta property=\"og:url\" content=\"https:\/\/fast-track.epsi-wis.ovh\/william\/cadeau-de-naissance\/\" \/>\n<meta property=\"og:site_name\" content=\"Le site du meilleur du monde\" \/>\n<meta property=\"og:image\" content=\"https:\/\/fast-track.epsi-wis.ovh\/william\/wp-content\/uploads\/2025\/05\/CADEAU-DE-NAISSANCE-VRAI.jpeg\" \/>\n\t<meta property=\"og:image:width\" content=\"225\" \/>\n\t<meta property=\"og:image:height\" content=\"225\" \/>\n\t<meta property=\"og:image:type\" content=\"image\/jpeg\" \/>\n<meta name=\"twitter:card\" content=\"summary_large_image\" \/>\n<meta name=\"twitter:label1\" content=\"Dur\u00e9e de lecture estim\u00e9e\" \/>\n\t<meta name=\"twitter:data1\" content=\"1 minute\" \/>\n<script type=\"application\/ld+json\" class=\"yoast-schema-graph\">{\"@context\":\"https:\\\/\\\/schema.org\",\"@graph\":[{\"@type\":\"WebPage\",\"@id\":\"https:\\\/\\\/fast-track.epsi-wis.ovh\\\/william\\\/cadeau-de-naissance\\\/\",\"url\":\"https:\\\/\\\/fast-track.epsi-wis.ovh\\\/william\\\/cadeau-de-naissance\\\/\",\"name\":\"Cadeau de naissance - Le site du meilleur du monde\",\"isPartOf\":{\"@id\":\"https:\\\/\\\/fast-track.epsi-wis.ovh\\\/william\\\/#website\"},\"primaryImageOfPage\":{\"@id\":\"https:\\\/\\\/fast-track.epsi-wis.ovh\\\/william\\\/cadeau-de-naissance\\\/#primaryimage\"},\"image\":{\"@id\":\"https:\\\/\\\/fast-track.epsi-wis.ovh\\\/william\\\/cadeau-de-naissance\\\/#primaryimage\"},\"thumbnailUrl\":\"https:\\\/\\\/fast-track.epsi-wis.ovh\\\/william\\\/wp-content\\\/uploads\\\/2025\\\/05\\\/CADEAU-DE-NAISSANCE-VRAI.jpeg\",\"datePublished\":\"2025-05-24T10:57:38+00:00\",\"breadcrumb\":{\"@id\":\"https:\\\/\\\/fast-track.epsi-wis.ovh\\\/william\\\/cadeau-de-naissance\\\/#breadcrumb\"},\"inLanguage\":\"fr-FR\",\"potentialAction\":[{\"@type\":\"ReadAction\",\"target\":[\"https:\\\/\\\/fast-track.epsi-wis.ovh\\\/william\\\/cadeau-de-naissance\\\/\"]}]},{\"@type\":\"ImageObject\",\"inLanguage\":\"fr-FR\",\"@id\":\"https:\\\/\\\/fast-track.epsi-wis.ovh\\\/william\\\/cadeau-de-naissance\\\/#primaryimage\",\"url\":\"https:\\\/\\\/fast-track.epsi-wis.ovh\\\/william\\\/wp-content\\\/uploads\\\/2025\\\/05\\\/CADEAU-DE-NAISSANCE-VRAI.jpeg\",\"contentUrl\":\"https:\\\/\\\/fast-track.epsi-wis.ovh\\\/william\\\/wp-content\\\/uploads\\\/2025\\\/05\\\/CADEAU-DE-NAISSANCE-VRAI.jpeg\",\"width\":225,\"height\":225},{\"@type\":\"BreadcrumbList\",\"@id\":\"https:\\\/\\\/fast-track.epsi-wis.ovh\\\/william\\\/cadeau-de-naissance\\\/#breadcrumb\",\"itemListElement\":[{\"@type\":\"ListItem\",\"position\":1,\"name\":\"Accueil\",\"item\":\"https:\\\/\\\/fast-track.epsi-wis.ovh\\\/william\\\/\"},{\"@type\":\"ListItem\",\"position\":2,\"name\":\"Cadeau de naissance\"}]},{\"@type\":\"WebSite\",\"@id\":\"https:\\\/\\\/fast-track.epsi-wis.ovh\\\/william\\\/#website\",\"url\":\"https:\\\/\\\/fast-track.epsi-wis.ovh\\\/william\\\/\",\"name\":\"Le site du meilleur du monde\",\"description\":\"\",\"publisher\":{\"@id\":\"https:\\\/\\\/fast-track.epsi-wis.ovh\\\/william\\\/#organization\"},\"potentialAction\":[{\"@type\":\"SearchAction\",\"target\":{\"@type\":\"EntryPoint\",\"urlTemplate\":\"https:\\\/\\\/fast-track.epsi-wis.ovh\\\/william\\\/?s={search_term_string}\"},\"query-input\":{\"@type\":\"PropertyValueSpecification\",\"valueRequired\":true,\"valueName\":\"search_term_string\"}}],\"inLanguage\":\"fr-FR\"},{\"@type\":\"Organization\",\"@id\":\"https:\\\/\\\/fast-track.epsi-wis.ovh\\\/william\\\/#organization\",\"name\":\"Le site du meilleur du monde\",\"url\":\"https:\\\/\\\/fast-track.epsi-wis.ovh\\\/william\\\/\",\"logo\":{\"@type\":\"ImageObject\",\"inLanguage\":\"fr-FR\",\"@id\":\"https:\\\/\\\/fast-track.epsi-wis.ovh\\\/william\\\/#\\\/schema\\\/logo\\\/image\\\/\",\"url\":\"https:\\\/\\\/fast-track.epsi-wis.ovh\\\/william\\\/wp-content\\\/uploads\\\/2025\\\/05\\\/LOGO_WIS_2025_8240b8634d-scaled.png\",\"contentUrl\":\"https:\\\/\\\/fast-track.epsi-wis.ovh\\\/william\\\/wp-content\\\/uploads\\\/2025\\\/05\\\/LOGO_WIS_2025_8240b8634d-scaled.png\",\"width\":2560,\"height\":1469,\"caption\":\"Le site du meilleur du monde\"},\"image\":{\"@id\":\"https:\\\/\\\/fast-track.epsi-wis.ovh\\\/william\\\/#\\\/schema\\\/logo\\\/image\\\/\"}}]}<\/script>\n<!-- \/ Yoast SEO plugin. -->","yoast_head_json":{"title":"Cadeau de naissance - Le site du meilleur du monde","robots":{"index":"index","follow":"follow","max-snippet":"max-snippet:-1","max-image-preview":"max-image-preview:large","max-video-preview":"max-video-preview:-1"},"canonical":"https:\/\/fast-track.epsi-wis.ovh\/william\/cadeau-de-naissance\/","og_locale":"fr_FR","og_type":"article","og_title":"Cadeau de naissance - Le site du meilleur du monde","og_description":"Pour accueillir b\u00e9b\u00e9 en douceur\u2026 et en conscience. Vous cherchez une id\u00e9e de cadeau de naissance qui ait du sens ?Nos doudous bio sont bien plus que de simples peluches : ce sont les premiers compagnons de vie des tout-petits, con\u00e7us avec amour, douceur\u2026 et respect. Coton 100 % biologique, doux pour la peau fragile [&hellip;]","og_url":"https:\/\/fast-track.epsi-wis.ovh\/william\/cadeau-de-naissance\/","og_site_name":"Le site du meilleur du monde","og_image":[{"width":225,"height":225,"url":"https:\/\/fast-track.epsi-wis.ovh\/william\/wp-content\/uploads\/2025\/05\/CADEAU-DE-NAISSANCE-VRAI.jpeg","type":"image\/jpeg"}],"twitter_card":"summary_large_image","twitter_misc":{"Dur\u00e9e de lecture estim\u00e9e":"1 minute"},"schema":{"@context":"https:\/\/schema.org","@graph":[{"@type":"WebPage","@id":"https:\/\/fast-track.epsi-wis.ovh\/william\/cadeau-de-naissance\/","url":"https:\/\/fast-track.epsi-wis.ovh\/william\/cadeau-de-naissance\/","name":"Cadeau de naissance - Le site du meilleur du monde","isPartOf":{"@id":"https:\/\/fast-track.epsi-wis.ovh\/william\/#website"},"primaryImageOfPage":{"@id":"https:\/\/fast-track.epsi-wis.ovh\/william\/cadeau-de-naissance\/#primaryimage"},"image":{"@id":"https:\/\/fast-track.epsi-wis.ovh\/william\/cadeau-de-naissance\/#primaryimage"},"thumbnailUrl":"https:\/\/fast-track.epsi-wis.ovh\/william\/wp-content\/uploads\/2025\/05\/CADEAU-DE-NAISSANCE-VRAI.jpeg","datePublished":"2025-05-24T10:57:38+00:00","breadcrumb":{"@id":"https:\/\/fast-track.epsi-wis.ovh\/william\/cadeau-de-naissance\/#breadcrumb"},"inLanguage":"fr-FR","potentialAction":[{"@type":"ReadAction","target":["https:\/\/fast-track.epsi-wis.ovh\/william\/cadeau-de-naissance\/"]}]},{"@type":"ImageObject","inLanguage":"fr-FR","@id":"https:\/\/fast-track.epsi-wis.ovh\/william\/cadeau-de-naissance\/#primaryimage","url":"https:\/\/fast-track.epsi-wis.ovh\/william\/wp-content\/uploads\/2025\/05\/CADEAU-DE-NAISSANCE-VRAI.jpeg","contentUrl":"https:\/\/fast-track.epsi-wis.ovh\/william\/wp-content\/uploads\/2025\/05\/CADEAU-DE-NAISSANCE-VRAI.jpeg","width":225,"height":225},{"@type":"BreadcrumbList","@id":"https:\/\/fast-track.epsi-wis.ovh\/william\/cadeau-de-naissance\/#breadcrumb","itemListElement":[{"@type":"ListItem","position":1,"name":"Accueil","item":"https:\/\/fast-track.epsi-wis.ovh\/william\/"},{"@type":"ListItem","position":2,"name":"Cadeau de naissance"}]},{"@type":"WebSite","@id":"https:\/\/fast-track.epsi-wis.ovh\/william\/#website","url":"https:\/\/fast-track.epsi-wis.ovh\/william\/","name":"Le site du meilleur du monde","description":"","publisher":{"@id":"https:\/\/fast-track.epsi-wis.ovh\/william\/#organization"},"potentialAction":[{"@type":"SearchAction","target":{"@type":"EntryPoint","urlTemplate":"https:\/\/fast-track.epsi-wis.ovh\/william\/?s={search_term_string}"},"query-input":{"@type":"PropertyValueSpecification","valueRequired":true,"valueName":"search_term_string"}}],"inLanguage":"fr-FR"},{"@type":"Organization","@id":"https:\/\/fast-track.epsi-wis.ovh\/william\/#organization","name":"Le site du meilleur du monde","url":"https:\/\/fast-track.epsi-wis.ovh\/william\/","logo":{"@type":"ImageObject","inLanguage":"fr-FR","@id":"https:\/\/fast-track.epsi-wis.ovh\/william\/#\/schema\/logo\/image\/","url":"https:\/\/fast-track.epsi-wis.ovh\/william\/wp-content\/uploads\/2025\/05\/LOGO_WIS_2025_8240b8634d-scaled.png","contentUrl":"https:\/\/fast-track.epsi-wis.ovh\/william\/wp-content\/uploads\/2025\/05\/LOGO_WIS_2025_8240b8634d-scaled.png","width":2560,"height":1469,"caption":"Le site du meilleur du monde"},"image":{"@id":"https:\/\/fast-track.epsi-wis.ovh\/william\/#\/schema\/logo\/image\/"}}]}},"_links":{"self":[{"href":"https:\/\/fast-track.epsi-wis.ovh\/william\/wp-json\/wp\/v2\/pages\/89","targetHints":{"allow":["GET"]}}],"collection":[{"href":"https:\/\/fast-track.epsi-wis.ovh\/william\/wp-json\/wp\/v2\/pages"}],"about":[{"href":"https:\/\/fast-track.epsi-wis.ovh\/william\/wp-json\/wp\/v2\/types\/page"}],"author":[{"embeddable":true,"href":"https:\/\/fast-track.epsi-wis.ovh\/william\/wp-json\/wp\/v2\/users\/1"}],"replies":[{"embeddable":true,"href":"https:\/\/fast-track.epsi-wis.ovh\/william\/wp-json\/wp\/v2\/comments?post=89"}],"version-history":[{"count":1,"href":"https:\/\/fast-track.epsi-wis.ovh\/william\/wp-json\/wp\/v2\/pages\/89\/revisions"}],"predecessor-version":[{"id":92,"href":"https:\/\/fast-track.epsi-wis.ovh\/william\/wp-json\/wp\/v2\/pages\/89\/revisions\/92"}],"wp:attachment":[{"href":"https:\/\/fast-track.epsi-wis.ovh\/william\/wp-json\/wp\/v2\/media?parent=89"}],"curies":[{"name":"wp","href":"https:\/\/api.w.org\/{rel}","templated":true}]}}