{"id":130,"date":"2025-05-25T06:02:13","date_gmt":"2025-05-25T04:02:13","guid":{"rendered":"https:\/\/fast-track.epsi-wis.ovh\/yastene\/?page_id=130"},"modified":"2025-06-29T23:06:05","modified_gmt":"2025-06-29T21:06:05","slug":"creation-de-jardins-durables-nature-et-performance-reunies","status":"publish","type":"page","link":"https:\/\/fast-track.epsi-wis.ovh\/yastene\/creation-de-jardins-durables-nature-et-performance-reunies\/","title":{"rendered":"Cr\u00e9ation de jardins durables : nature et performance r\u00e9unies"},"content":{"rendered":"\n<figure class=\"wp-block-image size-large\"><img fetchpriority=\"high\" decoding=\"async\" width=\"1110\" height=\"361\" src=\"https:\/\/fast-track.epsi-wis.ovh\/yastene\/wp-content\/uploads\/2025\/05\/Screenshot-2025-05-25-065940-1110x361.png\" alt=\"image de jardin onyx\" class=\"wp-image-154\" srcset=\"https:\/\/fast-track.epsi-wis.ovh\/yastene\/wp-content\/uploads\/2025\/05\/Screenshot-2025-05-25-065940-1110x361.png 1110w, https:\/\/fast-track.epsi-wis.ovh\/yastene\/wp-content\/uploads\/2025\/05\/Screenshot-2025-05-25-065940-730x238.png 730w, https:\/\/fast-track.epsi-wis.ovh\/yastene\/wp-content\/uploads\/2025\/05\/Screenshot-2025-05-25-065940-768x250.png 768w, https:\/\/fast-track.epsi-wis.ovh\/yastene\/wp-content\/uploads\/2025\/05\/Screenshot-2025-05-25-065940.png 1164w\" sizes=\"(max-width: 1110px) 100vw, 1110px\" \/><\/figure>\n\n\n\n<p>Avec les enjeux environnementaux croissants, la <strong>cr\u00e9ation de jardins durables<\/strong> devient une priorit\u00e9 pour les entreprises et collectivit\u00e9s. <strong>Onyx Espaces Verts<\/strong> con\u00e7oit des espaces verts \u00e9co-responsables, esth\u00e9tiques et faciles \u00e0 entretenir, tout en valorisant la biodiversit\u00e9 locale et en r\u00e9duisant les co\u00fbts.<\/p>\n\n\n\n<h2 class=\"wp-block-heading\">Les caract\u00e9ristiques d\u2019un jardin durable<\/h2>\n\n\n\n<ul class=\"wp-block-list\">\n<li>\ud83c\udf31 Choix de <strong>plantes locales<\/strong> r\u00e9sistantes et n\u00e9cessitant peu d\u2019entretien<\/li>\n\n\n\n<li>\ud83d\udca7 Installation de <strong>solutions d\u2019arrosage \u00e9conomes<\/strong> (goutte-\u00e0-goutte, r\u00e9cup\u00e9ration d\u2019eau)<\/li>\n\n\n\n<li>\ud83c\udf3f Cr\u00e9ation de <strong>zones de fra\u00eecheur<\/strong> et de trames vertes favorisant la faune<\/li>\n\n\n\n<li>\ud83c\udf42 Gestion des d\u00e9chets verts et compostage sur site<\/li>\n\n\n\n<li>\ud83d\udeab Aucun usage de produits phytosanitaires<\/li>\n<\/ul>\n\n\n\n<h2 class=\"wp-block-heading\">Des projets sur mesure<\/h2>\n\n\n\n<p>Nous concevons et r\u00e9alisons des <strong>jardins d\u2019entreprise<\/strong>, des <strong>espaces verts publics<\/strong>, des <strong>toitures v\u00e9g\u00e9talis\u00e9es<\/strong> et des <strong>jardins de pluie<\/strong> pour limiter les ruissellements et favoriser la biodiversit\u00e9. Chaque projet est pens\u00e9 en fonction de vos contraintes, de vos attentes et de l\u2019environnement local.<\/p>\n\n\n\n<h2 class=\"wp-block-heading\">Les avantages pour votre entreprise<\/h2>\n\n\n\n<ul class=\"wp-block-list\">\n<li>\u2705 R\u00e9duction des co\u00fbts d\u2019entretien et d\u2019arrosage<\/li>\n\n\n\n<li>\u2705 Am\u00e9lioration du confort et du bien-\u00eatre des salari\u00e9s et visiteurs<\/li>\n\n\n\n<li>\u2705 Renforcement de votre image RSE et \u00e9coresponsable<\/li>\n\n\n\n<li>\u2705 Contribution active \u00e0 la lutte contre le r\u00e9chauffement climatique<\/li>\n<\/ul>\n\n\n\n<p>Investissez dans un <strong>jardin durable<\/strong> et offrez \u00e0 votre entreprise une image moderne, engag\u00e9e et respectueuse de l\u2019environnement.<\/p>\n\n\n\n<p><a href=\"\/contact\">Contactez-nous d\u00e8s maintenant pour \u00e9changer sur votre projet<\/a>.<br><\/p>\n\n\n\n<div class=\"wp-block-group alignfull has-background-color has-white-color has-black-background-color has-text-color has-background has-link-color wp-elements-d24999c5ba29685acb8a376e554c0a52 has-global-padding is-layout-constrained wp-container-core-group-is-layout-23b1a4dc wp-block-group-is-layout-constrained\" style=\"padding-top:var(--wp--preset--spacing--30);padding-right:var(--wp--preset--spacing--30);padding-bottom:var(--wp--preset--spacing--30);padding-left:var(--wp--preset--spacing--30)\">\n<div class=\"wp-block-group alignwide is-content-justification-space-between is-layout-flex wp-container-core-group-is-layout-b585a4aa wp-block-group-is-layout-flex\">\n<div class=\"wp-block-group is-layout-flex wp-block-group-is-layout-flex\"><div class=\"is-default-size wp-block-site-logo\"><a href=\"https:\/\/fast-track.epsi-wis.ovh\/yastene\/\" class=\"custom-logo-link\" rel=\"home\"><img decoding=\"async\" width=\"1185\" height=\"666\" src=\"https:\/\/fast-track.epsi-wis.ovh\/yastene\/wp-content\/uploads\/2025\/05\/Screenshot-2025-05-25-024031.png\" class=\"custom-logo\" alt=\"logo de onyx\" srcset=\"https:\/\/fast-track.epsi-wis.ovh\/yastene\/wp-content\/uploads\/2025\/05\/Screenshot-2025-05-25-024031.png 1185w, https:\/\/fast-track.epsi-wis.ovh\/yastene\/wp-content\/uploads\/2025\/05\/Screenshot-2025-05-25-024031-534x300.png 534w, https:\/\/fast-track.epsi-wis.ovh\/yastene\/wp-content\/uploads\/2025\/05\/Screenshot-2025-05-25-024031-1110x624.png 1110w, https:\/\/fast-track.epsi-wis.ovh\/yastene\/wp-content\/uploads\/2025\/05\/Screenshot-2025-05-25-024031-768x432.png 768w\" sizes=\"(max-width: 1185px) 100vw, 1185px\" \/><\/a><\/div>\n\n<h1 class=\"has-link-color wp-elements-f1e98d6c897e424c7d4e8232ded39f0a wp-block-site-title\"><a href=\"https:\/\/fast-track.epsi-wis.ovh\/yastene\" target=\"_self\" rel=\"home\">onyx<\/a><\/h1><\/div>\n\n\n\n<div class=\"wp-block-group is-layout-flex wp-block-group-is-layout-flex\"><nav class=\"is-responsive items-justified-right wp-block-navigation is-content-justification-right is-layout-flex wp-container-core-navigation-is-layout-f665d2b5 wp-block-navigation-is-layout-flex\" aria-label=\"Navigation\" \n\t\t data-wp-interactive=\"core\/navigation\" data-wp-context='{\"overlayOpenedBy\":{\"click\":false,\"hover\":false,\"focus\":false},\"type\":\"overlay\",\"roleAttribute\":\"\",\"ariaLabel\":\"Menu\"}'><button aria-haspopup=\"dialog\" aria-label=\"Ouvrir le menu\" class=\"wp-block-navigation__responsive-container-open\" \n\t\t\t\tdata-wp-on--click=\"actions.openMenuOnClick\"\n\t\t\t\tdata-wp-on--keydown=\"actions.handleMenuKeydown\"\n\t\t\t><svg width=\"24\" height=\"24\" xmlns=\"http:\/\/www.w3.org\/2000\/svg\" viewBox=\"0 0 24 24\" aria-hidden=\"true\" focusable=\"false\"><path d=\"M4 7.5h16v1.5H4z\"><\/path><path d=\"M4 15h16v1.5H4z\"><\/path><\/svg><\/button>\n\t\t\t\t<div class=\"wp-block-navigation__responsive-container\"  id=\"modal-1\" \n\t\t\t\tdata-wp-class--has-modal-open=\"state.isMenuOpen\"\n\t\t\t\tdata-wp-class--is-menu-open=\"state.isMenuOpen\"\n\t\t\t\tdata-wp-watch=\"callbacks.initMenu\"\n\t\t\t\tdata-wp-on--keydown=\"actions.handleMenuKeydown\"\n\t\t\t\tdata-wp-on--focusout=\"actions.handleMenuFocusout\"\n\t\t\t\ttabindex=\"-1\"\n\t\t\t>\n\t\t\t\t\t<div class=\"wp-block-navigation__responsive-close\" tabindex=\"-1\">\n\t\t\t\t\t\t<div class=\"wp-block-navigation__responsive-dialog\" \n\t\t\t\tdata-wp-bind--aria-modal=\"state.ariaModal\"\n\t\t\t\tdata-wp-bind--aria-label=\"state.ariaLabel\"\n\t\t\t\tdata-wp-bind--role=\"state.roleAttribute\"\n\t\t\t>\n\t\t\t\t\t\t\t<button aria-label=\"Fermer le menu\" class=\"wp-block-navigation__responsive-container-close\" \n\t\t\t\tdata-wp-on--click=\"actions.closeMenuOnClick\"\n\t\t\t><svg xmlns=\"http:\/\/www.w3.org\/2000\/svg\" viewBox=\"0 0 24 24\" width=\"24\" height=\"24\" aria-hidden=\"true\" focusable=\"false\"><path d=\"m13.06 12 6.47-6.47-1.06-1.06L12 10.94 5.53 4.47 4.47 5.53 10.94 12l-6.47 6.47 1.06 1.06L12 13.06l6.47 6.47 1.06-1.06L13.06 12Z\"><\/path><\/svg><\/button>\n\t\t\t\t\t\t\t<div class=\"wp-block-navigation__responsive-container-content\" \n\t\t\t\tdata-wp-watch=\"callbacks.focusFirstElement\"\n\t\t\t id=\"modal-1-content\">\n\t\t\t\t\t\t\t\t<ul class=\"wp-block-navigation__container is-responsive items-justified-right wp-block-navigation\"><li class=\" wp-block-navigation-item wp-block-navigation-link\"><a class=\"wp-block-navigation-item__content\"  href=\"https:\/\/fast-track.epsi-wis.ovh\/yastene\/creation-de-jardins-durables-nature-et-performance-reunies\/\"><span class=\"wp-block-navigation-item__label\">Cr\u00e9ation de jardins<\/span><\/a><\/li><li class=\" wp-block-navigation-item wp-block-navigation-link\"><a class=\"wp-block-navigation-item__content\"  href=\"https:\/\/fast-track.epsi-wis.ovh\/yastene\/contactez-onyx-espaces-verts\/\"><span class=\"wp-block-navigation-item__label\">contact<\/span><\/a><\/li><li class=\" wp-block-navigation-item wp-block-navigation-link\"><a class=\"wp-block-navigation-item__content\"  href=\"https:\/\/fast-track.epsi-wis.ovh\/yastene\/entretien-despaces-verts-professionnels-un-cadre-soigne-toute-lannee\/\"><span class=\"wp-block-navigation-item__label\">Entretien d\u2019espaces verts professionnels<\/span><\/a><\/li><li class=\" wp-block-navigation-item wp-block-navigation-link\"><a class=\"wp-block-navigation-item__content\"  href=\"https:\/\/fast-track.epsi-wis.ovh\/yastene\/amenagement-paysager-pour-entreprises-valorisez-votre-image-grace-au-vegetal\/\"><span class=\"wp-block-navigation-item__label\">Am\u00e9nagement paysager pour entreprises<\/span><\/a><\/li><li class=\" wp-block-navigation-item wp-block-navigation-link\"><a class=\"wp-block-navigation-item__content\"  href=\"https:\/\/fast-track.epsi-wis.ovh\/yastene\/conditions-generales-de-vente-cgv\/\"><span class=\"wp-block-navigation-item__label\">Politique de Confidentialit\u00e9<\/span><\/a><\/li><li class=\" wp-block-navigation-item wp-block-navigation-link\"><a class=\"wp-block-navigation-item__content\"  href=\"https:\/\/fast-track.epsi-wis.ovh\/yastene\/conditions-generales-de-vente-cgv-2\/\"><span class=\"wp-block-navigation-item__label\">Conditions G\u00e9n\u00e9rales de Vente (CGV)<\/span><\/a><\/li><\/ul>\n\t\t\t\t\t\t\t<\/div>\n\t\t\t\t\t\t<\/div>\n\t\t\t\t\t<\/div>\n\t\t\t\t<\/div><\/nav><\/div>\n<\/div>\n\n\n\n<p><\/p>\n\n\n\n<p><\/p>\n<\/div>\n\n\n\n<p><strong>l&rsquo;abus d&rsquo;alcool est dangereux pour la sant\u00e9 \u00e0 consommer avec mod\u00e9ration<\/strong><\/p>\n","protected":false},"excerpt":{"rendered":"<p>Avec les enjeux environnementaux croissants, la cr\u00e9ation de jardins durables devient une priorit\u00e9 pour les entreprises et collectivit\u00e9s. Onyx Espaces Verts con\u00e7oit des espaces verts \u00e9co-responsables, esth\u00e9tiques et faciles \u00e0 entretenir, tout en valorisant la biodiversit\u00e9 locale et en r\u00e9duisant les co\u00fbts. Les caract\u00e9ristiques d\u2019un jardin durable Des projets sur mesure Nous concevons et r\u00e9alisons [&hellip;]<\/p>\n","protected":false},"author":1,"featured_media":0,"parent":0,"menu_order":0,"comment_status":"closed","ping_status":"closed","template":"","meta":{"footnotes":""},"class_list":["post-130","page","type-page","status-publish","hentry"],"yoast_head":"<!-- This site is optimized with the Yoast SEO plugin v27.4 - https:\/\/yoast.com\/product\/yoast-seo-wordpress\/ -->\n<title>Cr\u00e9ation de jardins durables : nature et performance r\u00e9unies - onyx<\/title>\n<meta name=\"description\" content=\"Jardins durables avec Onyx Espaces Verts\u202f: biodiversit\u00e9, \u00e9conomie d\u2019eau et solutions sur mesure pour un espace vert responsable.\" \/>\n<meta name=\"robots\" content=\"noindex, follow, max-snippet:-1, max-image-preview:large, max-video-preview:-1\" \/>\n<meta property=\"og:locale\" content=\"fr_FR\" \/>\n<meta property=\"og:type\" content=\"article\" \/>\n<meta property=\"og:title\" content=\"Cr\u00e9ation de jardins durables : nature et performance r\u00e9unies - onyx\" \/>\n<meta property=\"og:description\" content=\"Jardins durables avec Onyx Espaces Verts\u202f: biodiversit\u00e9, \u00e9conomie d\u2019eau et solutions sur mesure pour un espace vert responsable.\" \/>\n<meta property=\"og:url\" content=\"https:\/\/fast-track.epsi-wis.ovh\/yastene\/creation-de-jardins-durables-nature-et-performance-reunies\/\" \/>\n<meta property=\"og:site_name\" content=\"onyx\" \/>\n<meta property=\"article:modified_time\" content=\"2025-06-29T21:06:05+00:00\" \/>\n<meta property=\"og:image\" content=\"https:\/\/fast-track.epsi-wis.ovh\/yastene\/wp-content\/uploads\/2025\/05\/Screenshot-2025-05-25-065940.png\" \/>\n\t<meta property=\"og:image:width\" content=\"1164\" \/>\n\t<meta property=\"og:image:height\" content=\"379\" \/>\n\t<meta property=\"og:image:type\" content=\"image\/png\" \/>\n<meta name=\"twitter:card\" content=\"summary_large_image\" \/>\n<meta name=\"twitter:label1\" content=\"Dur\u00e9e de lecture estim\u00e9e\" \/>\n\t<meta name=\"twitter:data1\" content=\"2 minutes\" \/>\n<script type=\"application\/ld+json\" class=\"yoast-schema-graph\">{\"@context\":\"https:\\\/\\\/schema.org\",\"@graph\":[{\"@type\":\"WebPage\",\"@id\":\"https:\\\/\\\/fast-track.epsi-wis.ovh\\\/yastene\\\/creation-de-jardins-durables-nature-et-performance-reunies\\\/\",\"url\":\"https:\\\/\\\/fast-track.epsi-wis.ovh\\\/yastene\\\/creation-de-jardins-durables-nature-et-performance-reunies\\\/\",\"name\":\"Cr\u00e9ation de jardins durables : nature et performance r\u00e9unies - onyx\",\"isPartOf\":{\"@id\":\"https:\\\/\\\/fast-track.epsi-wis.ovh\\\/yastene\\\/#website\"},\"primaryImageOfPage\":{\"@id\":\"https:\\\/\\\/fast-track.epsi-wis.ovh\\\/yastene\\\/creation-de-jardins-durables-nature-et-performance-reunies\\\/#primaryimage\"},\"image\":{\"@id\":\"https:\\\/\\\/fast-track.epsi-wis.ovh\\\/yastene\\\/creation-de-jardins-durables-nature-et-performance-reunies\\\/#primaryimage\"},\"thumbnailUrl\":\"https:\\\/\\\/fast-track.epsi-wis.ovh\\\/yastene\\\/wp-content\\\/uploads\\\/2025\\\/05\\\/Screenshot-2025-05-25-065940-1110x361.png\",\"datePublished\":\"2025-05-25T04:02:13+00:00\",\"dateModified\":\"2025-06-29T21:06:05+00:00\",\"description\":\"Jardins durables avec Onyx Espaces Verts\u202f: biodiversit\u00e9, \u00e9conomie d\u2019eau et solutions sur mesure pour un espace vert responsable.\",\"breadcrumb\":{\"@id\":\"https:\\\/\\\/fast-track.epsi-wis.ovh\\\/yastene\\\/creation-de-jardins-durables-nature-et-performance-reunies\\\/#breadcrumb\"},\"inLanguage\":\"fr-FR\",\"potentialAction\":[{\"@type\":\"ReadAction\",\"target\":[\"https:\\\/\\\/fast-track.epsi-wis.ovh\\\/yastene\\\/creation-de-jardins-durables-nature-et-performance-reunies\\\/\"]}]},{\"@type\":\"ImageObject\",\"inLanguage\":\"fr-FR\",\"@id\":\"https:\\\/\\\/fast-track.epsi-wis.ovh\\\/yastene\\\/creation-de-jardins-durables-nature-et-performance-reunies\\\/#primaryimage\",\"url\":\"https:\\\/\\\/fast-track.epsi-wis.ovh\\\/yastene\\\/wp-content\\\/uploads\\\/2025\\\/05\\\/Screenshot-2025-05-25-065940.png\",\"contentUrl\":\"https:\\\/\\\/fast-track.epsi-wis.ovh\\\/yastene\\\/wp-content\\\/uploads\\\/2025\\\/05\\\/Screenshot-2025-05-25-065940.png\",\"width\":1164,\"height\":379,\"caption\":\"image de jardin onyx\"},{\"@type\":\"BreadcrumbList\",\"@id\":\"https:\\\/\\\/fast-track.epsi-wis.ovh\\\/yastene\\\/creation-de-jardins-durables-nature-et-performance-reunies\\\/#breadcrumb\",\"itemListElement\":[{\"@type\":\"ListItem\",\"position\":1,\"name\":\"Accueil\",\"item\":\"https:\\\/\\\/fast-track.epsi-wis.ovh\\\/yastene\\\/\"},{\"@type\":\"ListItem\",\"position\":2,\"name\":\"Cr\u00e9ation de jardins durables : nature et performance r\u00e9unies\"}]},{\"@type\":\"WebSite\",\"@id\":\"https:\\\/\\\/fast-track.epsi-wis.ovh\\\/yastene\\\/#website\",\"url\":\"https:\\\/\\\/fast-track.epsi-wis.ovh\\\/yastene\\\/\",\"name\":\"yastene\",\"description\":\"\",\"publisher\":{\"@id\":\"https:\\\/\\\/fast-track.epsi-wis.ovh\\\/yastene\\\/#organization\"},\"potentialAction\":[{\"@type\":\"SearchAction\",\"target\":{\"@type\":\"EntryPoint\",\"urlTemplate\":\"https:\\\/\\\/fast-track.epsi-wis.ovh\\\/yastene\\\/?s={search_term_string}\"},\"query-input\":{\"@type\":\"PropertyValueSpecification\",\"valueRequired\":true,\"valueName\":\"search_term_string\"}}],\"inLanguage\":\"fr-FR\"},{\"@type\":\"Organization\",\"@id\":\"https:\\\/\\\/fast-track.epsi-wis.ovh\\\/yastene\\\/#organization\",\"name\":\"yastene\",\"url\":\"https:\\\/\\\/fast-track.epsi-wis.ovh\\\/yastene\\\/\",\"logo\":{\"@type\":\"ImageObject\",\"inLanguage\":\"fr-FR\",\"@id\":\"https:\\\/\\\/fast-track.epsi-wis.ovh\\\/yastene\\\/#\\\/schema\\\/logo\\\/image\\\/\",\"url\":\"https:\\\/\\\/fast-track.epsi-wis.ovh\\\/yastene\\\/wp-content\\\/uploads\\\/2025\\\/04\\\/image-1.png\",\"contentUrl\":\"https:\\\/\\\/fast-track.epsi-wis.ovh\\\/yastene\\\/wp-content\\\/uploads\\\/2025\\\/04\\\/image-1.png\",\"width\":301,\"height\":168,\"caption\":\"yastene\"},\"image\":{\"@id\":\"https:\\\/\\\/fast-track.epsi-wis.ovh\\\/yastene\\\/#\\\/schema\\\/logo\\\/image\\\/\"}}]}<\/script>\n<!-- \/ Yoast SEO plugin. -->","yoast_head_json":{"title":"Cr\u00e9ation de jardins durables : nature et performance r\u00e9unies - onyx","description":"Jardins durables avec Onyx Espaces Verts\u202f: biodiversit\u00e9, \u00e9conomie d\u2019eau et solutions sur mesure pour un espace vert responsable.","robots":{"index":"noindex","follow":"follow","max-snippet":"max-snippet:-1","max-image-preview":"max-image-preview:large","max-video-preview":"max-video-preview:-1"},"og_locale":"fr_FR","og_type":"article","og_title":"Cr\u00e9ation de jardins durables : nature et performance r\u00e9unies - onyx","og_description":"Jardins durables avec Onyx Espaces Verts\u202f: biodiversit\u00e9, \u00e9conomie d\u2019eau et solutions sur mesure pour un espace vert responsable.","og_url":"https:\/\/fast-track.epsi-wis.ovh\/yastene\/creation-de-jardins-durables-nature-et-performance-reunies\/","og_site_name":"onyx","article_modified_time":"2025-06-29T21:06:05+00:00","og_image":[{"width":1164,"height":379,"url":"https:\/\/fast-track.epsi-wis.ovh\/yastene\/wp-content\/uploads\/2025\/05\/Screenshot-2025-05-25-065940.png","type":"image\/png"}],"twitter_card":"summary_large_image","twitter_misc":{"Dur\u00e9e de lecture estim\u00e9e":"2 minutes"},"schema":{"@context":"https:\/\/schema.org","@graph":[{"@type":"WebPage","@id":"https:\/\/fast-track.epsi-wis.ovh\/yastene\/creation-de-jardins-durables-nature-et-performance-reunies\/","url":"https:\/\/fast-track.epsi-wis.ovh\/yastene\/creation-de-jardins-durables-nature-et-performance-reunies\/","name":"Cr\u00e9ation de jardins durables : nature et performance r\u00e9unies - onyx","isPartOf":{"@id":"https:\/\/fast-track.epsi-wis.ovh\/yastene\/#website"},"primaryImageOfPage":{"@id":"https:\/\/fast-track.epsi-wis.ovh\/yastene\/creation-de-jardins-durables-nature-et-performance-reunies\/#primaryimage"},"image":{"@id":"https:\/\/fast-track.epsi-wis.ovh\/yastene\/creation-de-jardins-durables-nature-et-performance-reunies\/#primaryimage"},"thumbnailUrl":"https:\/\/fast-track.epsi-wis.ovh\/yastene\/wp-content\/uploads\/2025\/05\/Screenshot-2025-05-25-065940-1110x361.png","datePublished":"2025-05-25T04:02:13+00:00","dateModified":"2025-06-29T21:06:05+00:00","description":"Jardins durables avec Onyx Espaces Verts\u202f: biodiversit\u00e9, \u00e9conomie d\u2019eau et solutions sur mesure pour un espace vert responsable.","breadcrumb":{"@id":"https:\/\/fast-track.epsi-wis.ovh\/yastene\/creation-de-jardins-durables-nature-et-performance-reunies\/#breadcrumb"},"inLanguage":"fr-FR","potentialAction":[{"@type":"ReadAction","target":["https:\/\/fast-track.epsi-wis.ovh\/yastene\/creation-de-jardins-durables-nature-et-performance-reunies\/"]}]},{"@type":"ImageObject","inLanguage":"fr-FR","@id":"https:\/\/fast-track.epsi-wis.ovh\/yastene\/creation-de-jardins-durables-nature-et-performance-reunies\/#primaryimage","url":"https:\/\/fast-track.epsi-wis.ovh\/yastene\/wp-content\/uploads\/2025\/05\/Screenshot-2025-05-25-065940.png","contentUrl":"https:\/\/fast-track.epsi-wis.ovh\/yastene\/wp-content\/uploads\/2025\/05\/Screenshot-2025-05-25-065940.png","width":1164,"height":379,"caption":"image de jardin onyx"},{"@type":"BreadcrumbList","@id":"https:\/\/fast-track.epsi-wis.ovh\/yastene\/creation-de-jardins-durables-nature-et-performance-reunies\/#breadcrumb","itemListElement":[{"@type":"ListItem","position":1,"name":"Accueil","item":"https:\/\/fast-track.epsi-wis.ovh\/yastene\/"},{"@type":"ListItem","position":2,"name":"Cr\u00e9ation de jardins durables : nature et performance r\u00e9unies"}]},{"@type":"WebSite","@id":"https:\/\/fast-track.epsi-wis.ovh\/yastene\/#website","url":"https:\/\/fast-track.epsi-wis.ovh\/yastene\/","name":"yastene","description":"","publisher":{"@id":"https:\/\/fast-track.epsi-wis.ovh\/yastene\/#organization"},"potentialAction":[{"@type":"SearchAction","target":{"@type":"EntryPoint","urlTemplate":"https:\/\/fast-track.epsi-wis.ovh\/yastene\/?s={search_term_string}"},"query-input":{"@type":"PropertyValueSpecification","valueRequired":true,"valueName":"search_term_string"}}],"inLanguage":"fr-FR"},{"@type":"Organization","@id":"https:\/\/fast-track.epsi-wis.ovh\/yastene\/#organization","name":"yastene","url":"https:\/\/fast-track.epsi-wis.ovh\/yastene\/","logo":{"@type":"ImageObject","inLanguage":"fr-FR","@id":"https:\/\/fast-track.epsi-wis.ovh\/yastene\/#\/schema\/logo\/image\/","url":"https:\/\/fast-track.epsi-wis.ovh\/yastene\/wp-content\/uploads\/2025\/04\/image-1.png","contentUrl":"https:\/\/fast-track.epsi-wis.ovh\/yastene\/wp-content\/uploads\/2025\/04\/image-1.png","width":301,"height":168,"caption":"yastene"},"image":{"@id":"https:\/\/fast-track.epsi-wis.ovh\/yastene\/#\/schema\/logo\/image\/"}}]}},"_links":{"self":[{"href":"https:\/\/fast-track.epsi-wis.ovh\/yastene\/wp-json\/wp\/v2\/pages\/130","targetHints":{"allow":["GET"]}}],"collection":[{"href":"https:\/\/fast-track.epsi-wis.ovh\/yastene\/wp-json\/wp\/v2\/pages"}],"about":[{"href":"https:\/\/fast-track.epsi-wis.ovh\/yastene\/wp-json\/wp\/v2\/types\/page"}],"author":[{"embeddable":true,"href":"https:\/\/fast-track.epsi-wis.ovh\/yastene\/wp-json\/wp\/v2\/users\/1"}],"replies":[{"embeddable":true,"href":"https:\/\/fast-track.epsi-wis.ovh\/yastene\/wp-json\/wp\/v2\/comments?post=130"}],"version-history":[{"count":7,"href":"https:\/\/fast-track.epsi-wis.ovh\/yastene\/wp-json\/wp\/v2\/pages\/130\/revisions"}],"predecessor-version":[{"id":218,"href":"https:\/\/fast-track.epsi-wis.ovh\/yastene\/wp-json\/wp\/v2\/pages\/130\/revisions\/218"}],"wp:attachment":[{"href":"https:\/\/fast-track.epsi-wis.ovh\/yastene\/wp-json\/wp\/v2\/media?parent=130"}],"curies":[{"name":"wp","href":"https:\/\/api.w.org\/{rel}","templated":true}]}}