{"id":166,"date":"2025-05-25T07:25:26","date_gmt":"2025-05-25T05:25:26","guid":{"rendered":"https:\/\/fast-track.epsi-wis.ovh\/yastene\/?page_id=166"},"modified":"2025-06-29T23:07:53","modified_gmt":"2025-06-29T21:07:53","slug":"contactez-onyx-espaces-verts","status":"publish","type":"page","link":"https:\/\/fast-track.epsi-wis.ovh\/yastene\/contactez-onyx-espaces-verts\/","title":{"rendered":"Contactez Onyx Espaces Verts"},"content":{"rendered":"\n<figure class=\"wp-block-image size-full is-resized\"><img decoding=\"async\" width=\"345\" height=\"124\" src=\"https:\/\/fast-track.epsi-wis.ovh\/yastene\/wp-content\/uploads\/2025\/05\/Screenshot-2025-05-25-015231-edited.png\" alt=\"verdure jardin\" class=\"wp-image-182\" style=\"width:645px;height:auto\"\/><\/figure>\n\n\n\n<p>Vous avez un projet d\u2019am\u00e9nagement paysager ou d\u2019entretien d\u2019espaces verts\u202f? Notre \u00e9quipe est \u00e0 votre \u00e9coute pour vous accompagner et vous proposer des solutions adapt\u00e9es et \u00e9coresponsables. Remplissez ce formulaire, nous vous recontacterons rapidement avec un devis gratuit et personnalis\u00e9.<\/p>\n\n\n\n<h2 class=\"wp-block-heading\">Pourquoi nous contacter\u202f?<\/h2>\n\n\n\n<ul class=\"wp-block-list\">\n<li>\ud83c\udf3f Expertise reconnue en cr\u00e9ation et entretien d\u2019espaces verts<\/li>\n\n\n\n<li>\ud83c\udf31 Solutions sur mesure, respectueuses de l\u2019environnement<\/li>\n\n\n\n<li>\ud83d\udcc6 R\u00e9ponse rapide et devis gratuit sous 48h<\/li>\n<\/ul>\n\n\n\n<h2 class=\"wp-block-heading\">Formulaire de contact<\/h2>\n\n\n\n<form action=\"\/merci\" method=\"post\">\n<p><label for=\"nom\">Votre nom (obligatoire)<br><input id=\"nom\" name=\"nom\" required=\"\" type=\"text\"><\/label><\/p>\n<p><label for=\"email\">Votre email (obligatoire)<br><input id=\"email\" name=\"email\" required=\"\" type=\"email\"><\/label><\/p>\n<p><label for=\"telephone\">Votre t\u00e9l\u00e9phone (optionnel)<br><input id=\"telephone\" name=\"telephone\" type=\"tel\"><\/label><\/p>\n<p><label for=\"message\">Votre message<br><textarea id=\"message\" name=\"message\" required=\"\" rows=\"5\"><\/textarea><\/label><\/p>\n<p><button style=\"background-color: #006400; color: white; padding: 10px 20px; border: none; border-radius: 5px;\" type=\"submit\">Envoyer<\/button><\/p>\n<\/form>\n\n\n\n<div class=\"wpcf7 no-js\" id=\"wpcf7-f6-o1\" lang=\"fr-FR\" dir=\"ltr\" data-wpcf7-id=\"6\">\n<div class=\"screen-reader-response\"><p role=\"status\" aria-live=\"polite\" aria-atomic=\"true\"><\/p> <ul><\/ul><\/div>\n<form action=\"\/yastene\/wp-json\/wp\/v2\/pages\/166#wpcf7-f6-o1\" method=\"post\" class=\"wpcf7-form init\" aria-label=\"Formulaire de contact\" novalidate=\"novalidate\" data-status=\"init\">\n<fieldset class=\"hidden-fields-container\"><input type=\"hidden\" name=\"_wpcf7\" value=\"6\" \/><input type=\"hidden\" name=\"_wpcf7_version\" value=\"6.1.5\" \/><input type=\"hidden\" name=\"_wpcf7_locale\" value=\"fr_FR\" \/><input type=\"hidden\" name=\"_wpcf7_unit_tag\" value=\"wpcf7-f6-o1\" \/><input type=\"hidden\" name=\"_wpcf7_container_post\" value=\"0\" \/><input type=\"hidden\" name=\"_wpcf7_posted_data_hash\" value=\"\" \/>\n<\/fieldset>\n<p><label class=\"form-label\"> Votre nom<br \/>\n<span class=\"wpcf7-form-control-wrap\" data-name=\"your-name\"><input size=\"40\" maxlength=\"400\" class=\"wpcf7-form-control wpcf7-text wpcf7-validates-as-required form-control\" autocomplete=\"name\" aria-required=\"true\" aria-invalid=\"false\" value=\"\" type=\"text\" name=\"your-name\" \/><\/span> <\/label>\n<\/p>\n<p><label class=\"form-label\"> Votre e-mail<br \/>\n<span class=\"wpcf7-form-control-wrap\" data-name=\"your-email\"><input size=\"40\" maxlength=\"400\" class=\"wpcf7-form-control wpcf7-email wpcf7-validates-as-required wpcf7-text wpcf7-validates-as-email form-contro\" autocomplete=\"email\" aria-required=\"true\" aria-invalid=\"false\" value=\"\" type=\"email\" name=\"your-email\" \/><\/span> <\/label>\n<\/p>\n<p><label class=\"form-label\"> Objet<br \/>\n<span class=\"wpcf7-form-control-wrap\" data-name=\"your-subject\"><input size=\"40\" maxlength=\"400\" class=\"wpcf7-form-control wpcf7-text wpcf7-validates-as-required form-contro\" aria-required=\"true\" aria-invalid=\"false\" value=\"\" type=\"text\" name=\"your-subject\" \/><\/span> <\/label>\n<\/p>\n<p><label class=\"form-label\"> Votre message (facultatif)<br \/>\n<span class=\"wpcf7-form-control-wrap\" data-name=\"your-message\"><textarea cols=\"40\" rows=\"10\" maxlength=\"2000\" class=\"wpcf7-form-control wpcf7-textarea form-contro\" aria-invalid=\"false\" name=\"your-message\"><\/textarea><\/span> <\/label>\n<\/p>\n<p><span class=\"wpcf7-form-control-wrap\" data-name=\"checkbox-42\"><span class=\"wpcf7-form-control wpcf7-checkbox\"><span class=\"wpcf7-list-item first last\"><label><input type=\"checkbox\" name=\"checkbox-42[]\" value=\"\" \/><span class=\"wpcf7-list-item-label\"><\/span><\/label><\/span><\/span><\/span> en cochant cette case j'accepte la <a href=\"https:\/\/fast-track.epsi-wis.ovh\/yastene\/conditions-generales-de-vente-cgv\/\" target=\"_blank\"> politique de confidentialit\u00e9 <\/a> de la maison kairos\n<\/p>\n<p><input class=\"wpcf7-form-control wpcf7-submit has-spinner\" type=\"submit\" value=\"Envoyer\" \/>\n<\/p><div class=\"wpcf7-response-output\" aria-hidden=\"true\"><\/div>\n<\/form>\n<\/div>\n\n\n\n\n<p>Nous respectons votre vie priv\u00e9e. Vos informations ne seront jamais partag\u00e9es sans votre accord.<\/p>\n\n\n\n<div class=\"wp-block-group alignfull has-background-color has-white-color has-black-background-color has-text-color has-background has-link-color wp-elements-883f055f9ef7ac732a0fc7c9e99eefac has-global-padding is-layout-constrained wp-container-core-group-is-layout-23b1a4dc wp-block-group-is-layout-constrained\" style=\"padding-top:var(--wp--preset--spacing--30);padding-right:var(--wp--preset--spacing--30);padding-bottom:var(--wp--preset--spacing--30);padding-left:var(--wp--preset--spacing--30)\">\n<div class=\"wp-block-group alignwide is-content-justification-space-between is-layout-flex wp-container-core-group-is-layout-b585a4aa wp-block-group-is-layout-flex\">\n<div class=\"wp-block-group is-layout-flex wp-block-group-is-layout-flex\"><div class=\"is-default-size wp-block-site-logo\"><a href=\"https:\/\/fast-track.epsi-wis.ovh\/yastene\/\" class=\"custom-logo-link\" rel=\"home\"><img fetchpriority=\"high\" decoding=\"async\" width=\"1185\" height=\"666\" src=\"https:\/\/fast-track.epsi-wis.ovh\/yastene\/wp-content\/uploads\/2025\/05\/Screenshot-2025-05-25-024031.png\" class=\"custom-logo\" alt=\"logo de onyx\" srcset=\"https:\/\/fast-track.epsi-wis.ovh\/yastene\/wp-content\/uploads\/2025\/05\/Screenshot-2025-05-25-024031.png 1185w, https:\/\/fast-track.epsi-wis.ovh\/yastene\/wp-content\/uploads\/2025\/05\/Screenshot-2025-05-25-024031-534x300.png 534w, https:\/\/fast-track.epsi-wis.ovh\/yastene\/wp-content\/uploads\/2025\/05\/Screenshot-2025-05-25-024031-1110x624.png 1110w, https:\/\/fast-track.epsi-wis.ovh\/yastene\/wp-content\/uploads\/2025\/05\/Screenshot-2025-05-25-024031-768x432.png 768w\" sizes=\"(max-width: 1185px) 100vw, 1185px\" \/><\/a><\/div>\n\n<h1 class=\"has-link-color wp-elements-f1e98d6c897e424c7d4e8232ded39f0a wp-block-site-title\"><a href=\"https:\/\/fast-track.epsi-wis.ovh\/yastene\" target=\"_self\" rel=\"home\">onyx<\/a><\/h1><\/div>\n\n\n\n<div class=\"wp-block-group is-layout-flex wp-block-group-is-layout-flex\"><nav class=\"is-responsive items-justified-right wp-block-navigation is-content-justification-right is-layout-flex wp-container-core-navigation-is-layout-f665d2b5 wp-block-navigation-is-layout-flex\" aria-label=\"Navigation\" \n\t\t data-wp-interactive=\"core\/navigation\" data-wp-context='{\"overlayOpenedBy\":{\"click\":false,\"hover\":false,\"focus\":false},\"type\":\"overlay\",\"roleAttribute\":\"\",\"ariaLabel\":\"Menu\"}'><button aria-haspopup=\"dialog\" aria-label=\"Ouvrir le menu\" class=\"wp-block-navigation__responsive-container-open\" \n\t\t\t\tdata-wp-on--click=\"actions.openMenuOnClick\"\n\t\t\t\tdata-wp-on--keydown=\"actions.handleMenuKeydown\"\n\t\t\t><svg width=\"24\" height=\"24\" xmlns=\"http:\/\/www.w3.org\/2000\/svg\" viewBox=\"0 0 24 24\" aria-hidden=\"true\" focusable=\"false\"><path d=\"M4 7.5h16v1.5H4z\"><\/path><path d=\"M4 15h16v1.5H4z\"><\/path><\/svg><\/button>\n\t\t\t\t<div class=\"wp-block-navigation__responsive-container\"  id=\"modal-1\" \n\t\t\t\tdata-wp-class--has-modal-open=\"state.isMenuOpen\"\n\t\t\t\tdata-wp-class--is-menu-open=\"state.isMenuOpen\"\n\t\t\t\tdata-wp-watch=\"callbacks.initMenu\"\n\t\t\t\tdata-wp-on--keydown=\"actions.handleMenuKeydown\"\n\t\t\t\tdata-wp-on--focusout=\"actions.handleMenuFocusout\"\n\t\t\t\ttabindex=\"-1\"\n\t\t\t>\n\t\t\t\t\t<div class=\"wp-block-navigation__responsive-close\" tabindex=\"-1\">\n\t\t\t\t\t\t<div class=\"wp-block-navigation__responsive-dialog\" \n\t\t\t\tdata-wp-bind--aria-modal=\"state.ariaModal\"\n\t\t\t\tdata-wp-bind--aria-label=\"state.ariaLabel\"\n\t\t\t\tdata-wp-bind--role=\"state.roleAttribute\"\n\t\t\t>\n\t\t\t\t\t\t\t<button aria-label=\"Fermer le menu\" class=\"wp-block-navigation__responsive-container-close\" \n\t\t\t\tdata-wp-on--click=\"actions.closeMenuOnClick\"\n\t\t\t><svg xmlns=\"http:\/\/www.w3.org\/2000\/svg\" viewBox=\"0 0 24 24\" width=\"24\" height=\"24\" aria-hidden=\"true\" focusable=\"false\"><path d=\"m13.06 12 6.47-6.47-1.06-1.06L12 10.94 5.53 4.47 4.47 5.53 10.94 12l-6.47 6.47 1.06 1.06L12 13.06l6.47 6.47 1.06-1.06L13.06 12Z\"><\/path><\/svg><\/button>\n\t\t\t\t\t\t\t<div class=\"wp-block-navigation__responsive-container-content\" \n\t\t\t\tdata-wp-watch=\"callbacks.focusFirstElement\"\n\t\t\t id=\"modal-1-content\">\n\t\t\t\t\t\t\t\t<ul class=\"wp-block-navigation__container is-responsive items-justified-right wp-block-navigation\"><li class=\" wp-block-navigation-item wp-block-navigation-link\"><a class=\"wp-block-navigation-item__content\"  href=\"https:\/\/fast-track.epsi-wis.ovh\/yastene\/creation-de-jardins-durables-nature-et-performance-reunies\/\"><span class=\"wp-block-navigation-item__label\">Cr\u00e9ation de jardins<\/span><\/a><\/li><li class=\" wp-block-navigation-item wp-block-navigation-link\"><a class=\"wp-block-navigation-item__content\"  href=\"https:\/\/fast-track.epsi-wis.ovh\/yastene\/contactez-onyx-espaces-verts\/\"><span class=\"wp-block-navigation-item__label\">contact<\/span><\/a><\/li><li class=\" wp-block-navigation-item wp-block-navigation-link\"><a class=\"wp-block-navigation-item__content\"  href=\"https:\/\/fast-track.epsi-wis.ovh\/yastene\/entretien-despaces-verts-professionnels-un-cadre-soigne-toute-lannee\/\"><span class=\"wp-block-navigation-item__label\">Entretien d\u2019espaces verts professionnels<\/span><\/a><\/li><li class=\" wp-block-navigation-item wp-block-navigation-link\"><a class=\"wp-block-navigation-item__content\"  href=\"https:\/\/fast-track.epsi-wis.ovh\/yastene\/amenagement-paysager-pour-entreprises-valorisez-votre-image-grace-au-vegetal\/\"><span class=\"wp-block-navigation-item__label\">Am\u00e9nagement paysager pour entreprises<\/span><\/a><\/li><li class=\" wp-block-navigation-item wp-block-navigation-link\"><a class=\"wp-block-navigation-item__content\"  href=\"https:\/\/fast-track.epsi-wis.ovh\/yastene\/conditions-generales-de-vente-cgv\/\"><span class=\"wp-block-navigation-item__label\">Politique de Confidentialit\u00e9<\/span><\/a><\/li><li class=\" wp-block-navigation-item wp-block-navigation-link\"><a class=\"wp-block-navigation-item__content\"  href=\"https:\/\/fast-track.epsi-wis.ovh\/yastene\/conditions-generales-de-vente-cgv-2\/\"><span class=\"wp-block-navigation-item__label\">Conditions G\u00e9n\u00e9rales de Vente (CGV)<\/span><\/a><\/li><\/ul>\n\t\t\t\t\t\t\t<\/div>\n\t\t\t\t\t\t<\/div>\n\t\t\t\t\t<\/div>\n\t\t\t\t<\/div><\/nav>\n\n<\/div>\n<\/div>\n<\/div>\n\n\n\n<p><strong>l&rsquo;abus d&rsquo;alcool est dangereux pour la sant\u00e9 \u00e0 consommer avec mod\u00e9ration<\/strong><\/p>\n","protected":false},"excerpt":{"rendered":"<p>Vous avez un projet d\u2019am\u00e9nagement paysager ou d\u2019entretien d\u2019espaces verts\u202f? Notre \u00e9quipe est \u00e0 votre \u00e9coute pour vous accompagner et vous proposer des solutions adapt\u00e9es et \u00e9coresponsables. Remplissez ce formulaire, nous vous recontacterons rapidement avec un devis gratuit et personnalis\u00e9. Pourquoi nous contacter\u202f? Formulaire de contact Votre nom (obligatoire) Votre email (obligatoire) Votre t\u00e9l\u00e9phone (optionnel) [&hellip;]<\/p>\n","protected":false},"author":1,"featured_media":0,"parent":0,"menu_order":0,"comment_status":"closed","ping_status":"closed","template":"","meta":{"footnotes":""},"class_list":["post-166","page","type-page","status-publish","hentry"],"yoast_head":"<!-- This site is optimized with the Yoast SEO plugin v27.4 - https:\/\/yoast.com\/product\/yoast-seo-wordpress\/ -->\n<title>Contactez Onyx Espaces Verts - onyx<\/title>\n<meta name=\"description\" content=\"Contactez Onyx Espaces Verts pour un devis gratuit d\u2019am\u00e9nagement ou d\u2019entretien.\" \/>\n<meta name=\"robots\" content=\"noindex, follow, max-snippet:-1, max-image-preview:large, max-video-preview:-1\" \/>\n<meta property=\"og:locale\" content=\"fr_FR\" \/>\n<meta property=\"og:type\" content=\"article\" \/>\n<meta property=\"og:title\" content=\"Contactez Onyx Espaces Verts - onyx\" \/>\n<meta property=\"og:description\" content=\"Contactez Onyx Espaces Verts pour un devis gratuit d\u2019am\u00e9nagement ou d\u2019entretien.\" \/>\n<meta property=\"og:url\" content=\"https:\/\/fast-track.epsi-wis.ovh\/yastene\/contactez-onyx-espaces-verts\/\" \/>\n<meta property=\"og:site_name\" content=\"onyx\" \/>\n<meta property=\"article:modified_time\" content=\"2025-06-29T21:07:53+00:00\" \/>\n<meta property=\"og:image\" content=\"https:\/\/fast-track.epsi-wis.ovh\/yastene\/wp-content\/uploads\/2025\/05\/Screenshot-2025-05-25-015231-edited.png\" \/>\n\t<meta property=\"og:image:width\" content=\"345\" \/>\n\t<meta property=\"og:image:height\" content=\"124\" \/>\n\t<meta property=\"og:image:type\" content=\"image\/png\" \/>\n<meta name=\"twitter:card\" content=\"summary_large_image\" \/>\n<meta name=\"twitter:label1\" content=\"Dur\u00e9e de lecture estim\u00e9e\" \/>\n\t<meta name=\"twitter:data1\" content=\"1 minute\" \/>\n<script type=\"application\/ld+json\" class=\"yoast-schema-graph\">{\"@context\":\"https:\\\/\\\/schema.org\",\"@graph\":[{\"@type\":\"WebPage\",\"@id\":\"https:\\\/\\\/fast-track.epsi-wis.ovh\\\/yastene\\\/contactez-onyx-espaces-verts\\\/\",\"url\":\"https:\\\/\\\/fast-track.epsi-wis.ovh\\\/yastene\\\/contactez-onyx-espaces-verts\\\/\",\"name\":\"Contactez Onyx Espaces Verts - onyx\",\"isPartOf\":{\"@id\":\"https:\\\/\\\/fast-track.epsi-wis.ovh\\\/yastene\\\/#website\"},\"primaryImageOfPage\":{\"@id\":\"https:\\\/\\\/fast-track.epsi-wis.ovh\\\/yastene\\\/contactez-onyx-espaces-verts\\\/#primaryimage\"},\"image\":{\"@id\":\"https:\\\/\\\/fast-track.epsi-wis.ovh\\\/yastene\\\/contactez-onyx-espaces-verts\\\/#primaryimage\"},\"thumbnailUrl\":\"https:\\\/\\\/fast-track.epsi-wis.ovh\\\/yastene\\\/wp-content\\\/uploads\\\/2025\\\/05\\\/Screenshot-2025-05-25-015231-edited.png\",\"datePublished\":\"2025-05-25T05:25:26+00:00\",\"dateModified\":\"2025-06-29T21:07:53+00:00\",\"description\":\"Contactez Onyx Espaces Verts pour un devis gratuit d\u2019am\u00e9nagement ou d\u2019entretien.\",\"breadcrumb\":{\"@id\":\"https:\\\/\\\/fast-track.epsi-wis.ovh\\\/yastene\\\/contactez-onyx-espaces-verts\\\/#breadcrumb\"},\"inLanguage\":\"fr-FR\",\"potentialAction\":[{\"@type\":\"ReadAction\",\"target\":[\"https:\\\/\\\/fast-track.epsi-wis.ovh\\\/yastene\\\/contactez-onyx-espaces-verts\\\/\"]}]},{\"@type\":\"ImageObject\",\"inLanguage\":\"fr-FR\",\"@id\":\"https:\\\/\\\/fast-track.epsi-wis.ovh\\\/yastene\\\/contactez-onyx-espaces-verts\\\/#primaryimage\",\"url\":\"https:\\\/\\\/fast-track.epsi-wis.ovh\\\/yastene\\\/wp-content\\\/uploads\\\/2025\\\/05\\\/Screenshot-2025-05-25-015231-edited.png\",\"contentUrl\":\"https:\\\/\\\/fast-track.epsi-wis.ovh\\\/yastene\\\/wp-content\\\/uploads\\\/2025\\\/05\\\/Screenshot-2025-05-25-015231-edited.png\",\"width\":345,\"height\":124,\"caption\":\"verdure jardin\"},{\"@type\":\"BreadcrumbList\",\"@id\":\"https:\\\/\\\/fast-track.epsi-wis.ovh\\\/yastene\\\/contactez-onyx-espaces-verts\\\/#breadcrumb\",\"itemListElement\":[{\"@type\":\"ListItem\",\"position\":1,\"name\":\"Accueil\",\"item\":\"https:\\\/\\\/fast-track.epsi-wis.ovh\\\/yastene\\\/\"},{\"@type\":\"ListItem\",\"position\":2,\"name\":\"Contactez Onyx Espaces Verts\"}]},{\"@type\":\"WebSite\",\"@id\":\"https:\\\/\\\/fast-track.epsi-wis.ovh\\\/yastene\\\/#website\",\"url\":\"https:\\\/\\\/fast-track.epsi-wis.ovh\\\/yastene\\\/\",\"name\":\"yastene\",\"description\":\"\",\"publisher\":{\"@id\":\"https:\\\/\\\/fast-track.epsi-wis.ovh\\\/yastene\\\/#organization\"},\"potentialAction\":[{\"@type\":\"SearchAction\",\"target\":{\"@type\":\"EntryPoint\",\"urlTemplate\":\"https:\\\/\\\/fast-track.epsi-wis.ovh\\\/yastene\\\/?s={search_term_string}\"},\"query-input\":{\"@type\":\"PropertyValueSpecification\",\"valueRequired\":true,\"valueName\":\"search_term_string\"}}],\"inLanguage\":\"fr-FR\"},{\"@type\":\"Organization\",\"@id\":\"https:\\\/\\\/fast-track.epsi-wis.ovh\\\/yastene\\\/#organization\",\"name\":\"yastene\",\"url\":\"https:\\\/\\\/fast-track.epsi-wis.ovh\\\/yastene\\\/\",\"logo\":{\"@type\":\"ImageObject\",\"inLanguage\":\"fr-FR\",\"@id\":\"https:\\\/\\\/fast-track.epsi-wis.ovh\\\/yastene\\\/#\\\/schema\\\/logo\\\/image\\\/\",\"url\":\"https:\\\/\\\/fast-track.epsi-wis.ovh\\\/yastene\\\/wp-content\\\/uploads\\\/2025\\\/04\\\/image-1.png\",\"contentUrl\":\"https:\\\/\\\/fast-track.epsi-wis.ovh\\\/yastene\\\/wp-content\\\/uploads\\\/2025\\\/04\\\/image-1.png\",\"width\":301,\"height\":168,\"caption\":\"yastene\"},\"image\":{\"@id\":\"https:\\\/\\\/fast-track.epsi-wis.ovh\\\/yastene\\\/#\\\/schema\\\/logo\\\/image\\\/\"}}]}<\/script>\n<!-- \/ Yoast SEO plugin. -->","yoast_head_json":{"title":"Contactez Onyx Espaces Verts - onyx","description":"Contactez Onyx Espaces Verts pour un devis gratuit d\u2019am\u00e9nagement ou d\u2019entretien.","robots":{"index":"noindex","follow":"follow","max-snippet":"max-snippet:-1","max-image-preview":"max-image-preview:large","max-video-preview":"max-video-preview:-1"},"og_locale":"fr_FR","og_type":"article","og_title":"Contactez Onyx Espaces Verts - onyx","og_description":"Contactez Onyx Espaces Verts pour un devis gratuit d\u2019am\u00e9nagement ou d\u2019entretien.","og_url":"https:\/\/fast-track.epsi-wis.ovh\/yastene\/contactez-onyx-espaces-verts\/","og_site_name":"onyx","article_modified_time":"2025-06-29T21:07:53+00:00","og_image":[{"width":345,"height":124,"url":"https:\/\/fast-track.epsi-wis.ovh\/yastene\/wp-content\/uploads\/2025\/05\/Screenshot-2025-05-25-015231-edited.png","type":"image\/png"}],"twitter_card":"summary_large_image","twitter_misc":{"Dur\u00e9e de lecture estim\u00e9e":"1 minute"},"schema":{"@context":"https:\/\/schema.org","@graph":[{"@type":"WebPage","@id":"https:\/\/fast-track.epsi-wis.ovh\/yastene\/contactez-onyx-espaces-verts\/","url":"https:\/\/fast-track.epsi-wis.ovh\/yastene\/contactez-onyx-espaces-verts\/","name":"Contactez Onyx Espaces Verts - onyx","isPartOf":{"@id":"https:\/\/fast-track.epsi-wis.ovh\/yastene\/#website"},"primaryImageOfPage":{"@id":"https:\/\/fast-track.epsi-wis.ovh\/yastene\/contactez-onyx-espaces-verts\/#primaryimage"},"image":{"@id":"https:\/\/fast-track.epsi-wis.ovh\/yastene\/contactez-onyx-espaces-verts\/#primaryimage"},"thumbnailUrl":"https:\/\/fast-track.epsi-wis.ovh\/yastene\/wp-content\/uploads\/2025\/05\/Screenshot-2025-05-25-015231-edited.png","datePublished":"2025-05-25T05:25:26+00:00","dateModified":"2025-06-29T21:07:53+00:00","description":"Contactez Onyx Espaces Verts pour un devis gratuit d\u2019am\u00e9nagement ou d\u2019entretien.","breadcrumb":{"@id":"https:\/\/fast-track.epsi-wis.ovh\/yastene\/contactez-onyx-espaces-verts\/#breadcrumb"},"inLanguage":"fr-FR","potentialAction":[{"@type":"ReadAction","target":["https:\/\/fast-track.epsi-wis.ovh\/yastene\/contactez-onyx-espaces-verts\/"]}]},{"@type":"ImageObject","inLanguage":"fr-FR","@id":"https:\/\/fast-track.epsi-wis.ovh\/yastene\/contactez-onyx-espaces-verts\/#primaryimage","url":"https:\/\/fast-track.epsi-wis.ovh\/yastene\/wp-content\/uploads\/2025\/05\/Screenshot-2025-05-25-015231-edited.png","contentUrl":"https:\/\/fast-track.epsi-wis.ovh\/yastene\/wp-content\/uploads\/2025\/05\/Screenshot-2025-05-25-015231-edited.png","width":345,"height":124,"caption":"verdure jardin"},{"@type":"BreadcrumbList","@id":"https:\/\/fast-track.epsi-wis.ovh\/yastene\/contactez-onyx-espaces-verts\/#breadcrumb","itemListElement":[{"@type":"ListItem","position":1,"name":"Accueil","item":"https:\/\/fast-track.epsi-wis.ovh\/yastene\/"},{"@type":"ListItem","position":2,"name":"Contactez Onyx Espaces Verts"}]},{"@type":"WebSite","@id":"https:\/\/fast-track.epsi-wis.ovh\/yastene\/#website","url":"https:\/\/fast-track.epsi-wis.ovh\/yastene\/","name":"yastene","description":"","publisher":{"@id":"https:\/\/fast-track.epsi-wis.ovh\/yastene\/#organization"},"potentialAction":[{"@type":"SearchAction","target":{"@type":"EntryPoint","urlTemplate":"https:\/\/fast-track.epsi-wis.ovh\/yastene\/?s={search_term_string}"},"query-input":{"@type":"PropertyValueSpecification","valueRequired":true,"valueName":"search_term_string"}}],"inLanguage":"fr-FR"},{"@type":"Organization","@id":"https:\/\/fast-track.epsi-wis.ovh\/yastene\/#organization","name":"yastene","url":"https:\/\/fast-track.epsi-wis.ovh\/yastene\/","logo":{"@type":"ImageObject","inLanguage":"fr-FR","@id":"https:\/\/fast-track.epsi-wis.ovh\/yastene\/#\/schema\/logo\/image\/","url":"https:\/\/fast-track.epsi-wis.ovh\/yastene\/wp-content\/uploads\/2025\/04\/image-1.png","contentUrl":"https:\/\/fast-track.epsi-wis.ovh\/yastene\/wp-content\/uploads\/2025\/04\/image-1.png","width":301,"height":168,"caption":"yastene"},"image":{"@id":"https:\/\/fast-track.epsi-wis.ovh\/yastene\/#\/schema\/logo\/image\/"}}]}},"_links":{"self":[{"href":"https:\/\/fast-track.epsi-wis.ovh\/yastene\/wp-json\/wp\/v2\/pages\/166","targetHints":{"allow":["GET"]}}],"collection":[{"href":"https:\/\/fast-track.epsi-wis.ovh\/yastene\/wp-json\/wp\/v2\/pages"}],"about":[{"href":"https:\/\/fast-track.epsi-wis.ovh\/yastene\/wp-json\/wp\/v2\/types\/page"}],"author":[{"embeddable":true,"href":"https:\/\/fast-track.epsi-wis.ovh\/yastene\/wp-json\/wp\/v2\/users\/1"}],"replies":[{"embeddable":true,"href":"https:\/\/fast-track.epsi-wis.ovh\/yastene\/wp-json\/wp\/v2\/comments?post=166"}],"version-history":[{"count":6,"href":"https:\/\/fast-track.epsi-wis.ovh\/yastene\/wp-json\/wp\/v2\/pages\/166\/revisions"}],"predecessor-version":[{"id":220,"href":"https:\/\/fast-track.epsi-wis.ovh\/yastene\/wp-json\/wp\/v2\/pages\/166\/revisions\/220"}],"wp:attachment":[{"href":"https:\/\/fast-track.epsi-wis.ovh\/yastene\/wp-json\/wp\/v2\/media?parent=166"}],"curies":[{"name":"wp","href":"https:\/\/api.w.org\/{rel}","templated":true}]}}