{"id":215,"date":"2025-06-29T23:03:51","date_gmt":"2025-06-29T21:03:51","guid":{"rendered":"https:\/\/fast-track.epsi-wis.ovh\/yastene\/?page_id=215"},"modified":"2025-06-29T23:03:51","modified_gmt":"2025-06-29T21:03:51","slug":"conditions-generales-de-vente-cgv-2","status":"publish","type":"page","link":"https:\/\/fast-track.epsi-wis.ovh\/yastene\/conditions-generales-de-vente-cgv-2\/","title":{"rendered":"Conditions G\u00e9n\u00e9rales de Vente (CGV)"},"content":{"rendered":"\n<p><br><br>Champagne Ka\u00efros<br>Derni\u00e8re mise \u00e0 jour : [27\/06\/2025]<br>Pr\u00e9ambule Les pr\u00e9sentes Conditions G\u00e9n\u00e9rales de Vente (ci-apr\u00e8s les \u00ab\u00a0CGV\u00a0\u00bb)<br>r\u00e9gissent de mani\u00e8re exclusive les ventes en ligne des produits de la soci\u00e9t\u00e9<br>Champagne Ka\u00efros (ci-apr\u00e8s \u00ab\u00a0le Vendeur\u00a0\u00bb) et sont conclues d&rsquo;une part par la soci\u00e9t\u00e9<br>Champagne Ka\u00efros, dont les informations l\u00e9gales compl\u00e8tes seront disponibles dans<br>les Mentions L\u00e9gales du site, et d&rsquo;autre part, par toute personne physique ou morale<br>(ci-apr\u00e8s \u00ab\u00a0le Client\u00a0\u00bb) souhaitant proc\u00e9der \u00e0 un achat via le site internet<br>www.champagnekairos.com.<br>Le Client d\u00e9clare avoir pris connaissance des pr\u00e9sentes CGV avant la validation de sa<br>commande et les accepter sans r\u00e9serve.<br>Article 1 \u2013 Objet<br>Les pr\u00e9sentes CGV d\u00e9finissent les droits et obligations des parties dans le cadre de la<br>vente des bouteilles de champagne propos\u00e9es par Champagne Ka\u00efros sur son site<br>internet<br>www.champagnekairos.com. Elles s&rsquo;appliquent \u00e0 l&rsquo;exclusion de toutes autres<br>conditions, notamment celles applicables pour les ventes en magasin ou au moyen<br>d&rsquo;autres circuits de distribution et de commercialisation.<br>Article 2 \u2013 Produits<br>Les produits propos\u00e9s \u00e0 la vente par Champagne Ka\u00efros sont ceux qui figurent sur le<br>site<br>www.champagnekairos.com, dans la limite des stocks disponibles.<br>Chaque produit est accompagn\u00e9 d&rsquo;un descriptif \u00e9tabli par le Vendeur pr\u00e9sentant ses<br>caract\u00e9ristiques essentielles (c\u00e9page, mill\u00e9sime, dosage, ar\u00f4mes, accords mets\/vins,<br>volume, teneur en alcool, etc.).<br>Les photographies des produits pr\u00e9sentes sur le site sont les plus fid\u00e8les possible mais<br>n&rsquo;ont aucune valeur contractuelle et ne sauraient engager la responsabilit\u00e9 du Vendeur.<br>Des diff\u00e9rences minimes entre les produits livr\u00e9s et ceux repr\u00e9sent\u00e9s sont possibles.<br>Champagne Ka\u00efros rappelle que l&rsquo;abus d&rsquo;alcool est dangereux pour la sant\u00e9, \u00e0<br>consommer avec mod\u00e9ration. La vente d&rsquo;alcool est strictement interdite aux mineurs.<br>Le Client certifie avoir l&rsquo;\u00e2ge l\u00e9gal requis pour acheter des boissons alcoolis\u00e9es dans<br>son pays de r\u00e9sidence.<br>Article 3 \u2013 Prix<br>Les prix des produits sont indiqu\u00e9s en euros (\u20ac) toutes taxes comprises (TTC) au taux de<br>TVA applicable au jour de la commande. Ils s&rsquo;entendent hors frais de livraison, lesquels<br>sont pr\u00e9cis\u00e9s avant la validation de la commande et factur\u00e9s en suppl\u00e9ment.<br>Champagne Ka\u00efros se r\u00e9serve le droit de modifier ses prix \u00e0 tout moment. Toutefois, les<br>produits seront factur\u00e9s sur la base des tarifs en vigueur au moment de<br>l&rsquo;enregistrement de la commande.<br>Article 4 \u2013 Commande<br>Le Client passe commande sur le site internet<br>www.champagnekairos.com. Pour valider sa commande, le Client doit suivre les<br>\u00e9tapes suivantes :<\/p>\n\n\n\n<ol class=\"wp-block-list\">\n<li>S\u00e9lectionner les produits et les ajouter au panier.<\/li>\n\n\n\n<li>Acc\u00e9der au panier et v\u00e9rifier le d\u00e9tail de la commande.<\/li>\n\n\n\n<li>S&rsquo;identifier (cr\u00e9ation de compte ou connexion) ou renseigner les informations<br>n\u00e9cessaires \u00e0 la livraison et \u00e0 la facturation.<\/li>\n\n\n\n<li>Accepter express\u00e9ment les pr\u00e9sentes CGV en cochant la case d\u00e9di\u00e9e.<\/li>\n\n\n\n<li>Choisir le mode de livraison.<\/li>\n\n\n\n<li>Proc\u00e9der au paiement s\u00e9curis\u00e9 de la commande. La vente ne sera consid\u00e9r\u00e9e<br>comme d\u00e9finitive qu&rsquo;apr\u00e8s l&rsquo;envoi au Client d&rsquo;une confirmation de commande<br>par e-mail par Champagne Ka\u00efros. Cette confirmation r\u00e9capitule les d\u00e9tails de la<br>commande, le prix total, l&rsquo;adresse de livraison et les CGV applicables.<br>Article 5 \u2013 Droit de R\u00e9tractation<br>Conform\u00e9ment \u00e0 l&rsquo;article L221-18 du Code de la consommation, le Client, s&rsquo;il est un<br>consommateur, dispose d&rsquo;un d\u00e9lai de quatorze (14) jours francs \u00e0 compter de la<br>r\u00e9ception des produits pour exercer son droit de r\u00e9tractation, sans avoir \u00e0 justifier de<br>motifs ni \u00e0 payer de p\u00e9nalit\u00e9s.<br>Cependant, conform\u00e9ment \u00e0 l&rsquo;article L221-28 du Code de la consommation, ce droit de<br>r\u00e9tractation ne peut \u00eatre exerc\u00e9, notamment pour :<\/li>\n<\/ol>\n\n\n\n<p>Garantie l\u00e9gale des vices cach\u00e9s (articles 1641 et suivants du Code civil) : Le<br>Client peut d\u00e9cider de mettre en \u0153uvre la garantie contre les d\u00e9fauts cach\u00e9s de<br>la chose vendue au sens de l&rsquo;article 1641 du Code civil. Dans cette hypoth\u00e8se, il<br>peut choisir entre la r\u00e9solution de la vente ou une r\u00e9duction du prix de vente<br>conform\u00e9ment \u00e0 l&rsquo;article 1644 du Code civil.<br>Article 9 \u2013 Donn\u00e9es Personnelles<br>Les informations recueillies lors de la commande du Client sont n\u00e9cessaires au<br>traitement et \u00e0 la livraison de celle-ci, ainsi qu&rsquo;\u00e0 la facturation.<br>Conform\u00e9ment au R\u00e8glement G\u00e9n\u00e9ral sur la Protection des Donn\u00e9es (RGPD) du 27 avril<br>2016 et \u00e0 la loi Informatique et Libert\u00e9s du 6 janvier 1978 modifi\u00e9e, le Client dispose<br>d&rsquo;un droit d&rsquo;acc\u00e8s, de rectification, de portabilit\u00e9 et de suppression de ses donn\u00e9es<br>personnelles, ainsi qu&rsquo;un droit \u00e0 la limitation du traitement et d&rsquo;opposition au<br>traitement de ses donn\u00e9es. Ces droits peuvent \u00eatre exerc\u00e9s en contactant Champagne<br>Ka\u00efros \u00e0 l&rsquo;adresse e-mail mentionn\u00e9e dans les Mentions L\u00e9gales du site.<br>Pour plus d&rsquo;informations sur la collecte, le traitement et la protection des donn\u00e9es<br>personnelles, le Client est invit\u00e9 \u00e0 consulter la Politique de Confidentialit\u00e9 de<br>Champagne Ka\u00efros, accessible sur le site www.champagnekairos.com.<br>Article 10 \u2013 Propri\u00e9t\u00e9 Intellectuelle Tous les \u00e9l\u00e9ments du site<br>www.champagnekairos.com, qu&rsquo;ils soient visuels ou sonores, y compris la technologie<br>sous-jacente, sont prot\u00e9g\u00e9s par le droit d&rsquo;auteur, des marques ou des brevets. Ils sont<br>la propri\u00e9t\u00e9 exclusive de Champagne Ka\u00efros ou de ses partenaires. Toute reproduction,<br>repr\u00e9sentation, modification, publication, adaptation de tout ou partie des \u00e9l\u00e9ments du<br>site, quel que soit le moyen ou le proc\u00e9d\u00e9 utilis\u00e9, est interdite, sauf autorisation \u00e9crite<br>pr\u00e9alable de Champagne Ka\u00efros.<br>Article 11 \u2013 Force Majeure<br>Champagne Ka\u00efros ne pourra \u00eatre tenue responsable de la non-ex\u00e9cution ou du retard<br>dans l&rsquo;ex\u00e9cution de l&rsquo;une de ses obligations d\u00e9crites dans les pr\u00e9sentes CGV si cette<br>non-ex\u00e9cution ou ce retard est d\u00fb \u00e0 un cas de force majeure, tel que d\u00e9fini par l&rsquo;article<br>1218 du Code civil et la jurisprudence des tribunaux fran\u00e7ais.<br>Article 12 \u2013 Litiges et Droit Applicable<br>Les pr\u00e9sentes Conditions G\u00e9n\u00e9rales de Vente sont soumises au droit fran\u00e7ais.<br>En cas de litige, une solution amiable sera recherch\u00e9e en priorit\u00e9 entre les parties.<br>Conform\u00e9ment aux dispositions du Code de la consommation concernant le r\u00e8glement<br>amiable des litiges, Champagne Ka\u00efros adh\u00e8re au service de m\u00e9diation dont les<br>coordonn\u00e9es sont les suivantes :<br>email: lauraetgeoffroy@champagnekairos.com<br>telephone : +33 681 117231.<br>Apr\u00e8s d\u00e9marche pr\u00e9alable \u00e9crite des consommateurs aupr\u00e8s de Champagne Ka\u00efros, le<br>Service du m\u00e9diateur peut \u00eatre saisi pour tout litige de consommation dont le<br>r\u00e8glement n&rsquo;aurait pas abouti.<br>\u00c0 d\u00e9faut de r\u00e9solution amiable, le litige sera port\u00e9 devant les tribunaux fran\u00e7ais<br>comp\u00e9tents<\/p>\n\n\n\n<p>La fourniture de boissons alcoolis\u00e9es dont la livraison est diff\u00e9r\u00e9e au-del\u00e0 de<br>trente jours et dont la valeur convenue \u00e0 la conclusion du contrat d\u00e9pend de<br>fluctuations sur le march\u00e9 \u00e9chappant au contr\u00f4le du professionnel.<\/p>\n\n\n\n<p>Les produits qui ont \u00e9t\u00e9 descell\u00e9s par le Client apr\u00e8s la livraison et qui ne<br>peuvent \u00eatre renvoy\u00e9s pour des raisons d&rsquo;hygi\u00e8ne ou de protection de la sant\u00e9.<br>Pour exercer son droit de r\u00e9tractation, le Client doit notifier sa d\u00e9cision par \u00e9crit (e-mail<br>ou courrier) \u00e0 Champagne Ka\u00efros avant l&rsquo;expiration du d\u00e9lai de 14 jours. Un formulaire<br>de r\u00e9tractation type pourra \u00eatre mis \u00e0 disposition. Les produits doivent \u00eatre retourn\u00e9s<br>dans leur emballage d&rsquo;origine, en parfait \u00e9tat (non ouverts, non endommag\u00e9s),<br>accompagn\u00e9s de tous les accessoires \u00e9ventuels et de la facture d&rsquo;achat, aux frais du<br>Client. Champagne Ka\u00efros remboursera le Client de la totalit\u00e9 des sommes vers\u00e9es, y<br>compris les frais de livraison (sur la base du mode de livraison standard le moins cher<br>propos\u00e9), dans un d\u00e9lai de quatorze (14) jours \u00e0 compter de la date \u00e0 laquelle elle est<br>inform\u00e9e de la d\u00e9cision du Client de se r\u00e9tracter, sous r\u00e9serve de la bonne r\u00e9ception<br>des produits retourn\u00e9s.<br>Article 6 \u2013 Paiement<br>Le paiement est exigible imm\u00e9diatement \u00e0 la commande. Le paiement s&rsquo;effectue par<br>carte bancaire via une interface de paiement s\u00e9curis\u00e9e. Les informations bancaires du<br>Client ne sont jamais communiqu\u00e9es au Vendeur. Le protocole de s\u00e9curit\u00e9 utilis\u00e9 est le<br>SSL (Secure Socket Layer) qui crypte les informations bancaires du Client lors de leur<br>transmission.<br>En cas de refus de paiement par les centres bancaires, la commande sera<br>automatiquement annul\u00e9e.<br>Article 7 \u2013 Livraison<br>Les produits sont livr\u00e9s \u00e0 l&rsquo;adresse indiqu\u00e9e par le Client lors de la commande. La<br>responsabilit\u00e9 de Champagne Ka\u00efros ne saurait \u00eatre engag\u00e9e en cas d&rsquo;erreur dans<br>l&rsquo;adresse de livraison fournie par le Client.<br>Champagne Ka\u00efros s&rsquo;engage \u00e0 effectuer les livraisons dans les meilleurs d\u00e9lais<br>possibles, en fonction du mode de livraison choisi par le Client et de la destination. Les<br>d\u00e9lais de livraison indiqu\u00e9s sur le site sont des d\u00e9lais estimatifs et peuvent varier.<br>En cas de retard de livraison non d\u00fb \u00e0 un cas de force majeure, le Client pourra<br>enjoindre le Vendeur d&rsquo;effectuer la livraison dans un d\u00e9lai suppl\u00e9mentaire raisonnable.<br>Si le Vendeur ne s&rsquo;ex\u00e9cute pas dans ce d\u00e9lai, le Client pourra r\u00e9soudre le contrat par<br>lettre recommand\u00e9e avec accus\u00e9 de r\u00e9ception ou par un \u00e9crit sur un autre support<br>durable.<br>Le transfert des risques de perte et de d\u00e9t\u00e9rioration des produits a lieu au moment o\u00f9 le<br>Client (ou un tiers d\u00e9sign\u00e9 par lui) prend physiquement possession des produits.<br>Article 8 \u2013 Garanties<br>Champagne Ka\u00efros est tenue des garanties l\u00e9gales de conformit\u00e9 et des vices cach\u00e9s<br>pr\u00e9vues par les articles L.217-4 et suivants du Code de la consommation et 1641 et<br>suivants du Code civil.<\/p>\n\n\n\n<p>Garantie l\u00e9gale de conformit\u00e9 (articles L217-4 et suivants du Code de la<br>consommation) : Le Client dispose d&rsquo;un d\u00e9lai de deux (2) ans \u00e0 compter de la<br>d\u00e9livrance du bien pour agir. Il peut choisir entre la r\u00e9paration ou le<br>remplacement du bien, sous r\u00e9serve des conditions de co\u00fbt pr\u00e9vues \u00e0 l&rsquo;article<br>L217-9 du Code de la consommation. Il est dispens\u00e9 de prouver l&rsquo;existence du<br>d\u00e9faut de conformit\u00e9 du bien durant les vingt-quatre (24) mois suivant la<br>d\u00e9livrance du bien (six mois pour les biens d&rsquo;occasion).<\/p>\n","protected":false},"excerpt":{"rendered":"<p>Champagne Ka\u00efrosDerni\u00e8re mise \u00e0 jour : [27\/06\/2025]Pr\u00e9ambule Les pr\u00e9sentes Conditions G\u00e9n\u00e9rales de Vente (ci-apr\u00e8s les \u00ab\u00a0CGV\u00a0\u00bb)r\u00e9gissent de mani\u00e8re exclusive les ventes en ligne des produits de la soci\u00e9t\u00e9Champagne Ka\u00efros (ci-apr\u00e8s \u00ab\u00a0le Vendeur\u00a0\u00bb) et sont conclues d&rsquo;une part par la soci\u00e9t\u00e9Champagne Ka\u00efros, dont les informations l\u00e9gales compl\u00e8tes seront disponibles dansles Mentions L\u00e9gales du site, et d&rsquo;autre [&hellip;]<\/p>\n","protected":false},"author":1,"featured_media":0,"parent":0,"menu_order":0,"comment_status":"closed","ping_status":"closed","template":"","meta":{"footnotes":""},"class_list":["post-215","page","type-page","status-publish","hentry"],"yoast_head":"<!-- This site is optimized with the Yoast SEO plugin v27.4 - https:\/\/yoast.com\/product\/yoast-seo-wordpress\/ -->\n<title>Conditions G\u00e9n\u00e9rales de Vente (CGV) - onyx<\/title>\n<meta name=\"robots\" content=\"noindex, follow, max-snippet:-1, max-image-preview:large, max-video-preview:-1\" \/>\n<meta property=\"og:locale\" content=\"fr_FR\" \/>\n<meta property=\"og:type\" content=\"article\" \/>\n<meta property=\"og:title\" content=\"Conditions G\u00e9n\u00e9rales de Vente (CGV) - onyx\" \/>\n<meta property=\"og:description\" content=\"Champagne Ka\u00efrosDerni\u00e8re mise \u00e0 jour : [27\/06\/2025]Pr\u00e9ambule Les pr\u00e9sentes Conditions G\u00e9n\u00e9rales de Vente (ci-apr\u00e8s les \u00ab\u00a0CGV\u00a0\u00bb)r\u00e9gissent de mani\u00e8re exclusive les ventes en ligne des produits de la soci\u00e9t\u00e9Champagne Ka\u00efros (ci-apr\u00e8s \u00ab\u00a0le Vendeur\u00a0\u00bb) et sont conclues d&rsquo;une part par la soci\u00e9t\u00e9Champagne Ka\u00efros, dont les informations l\u00e9gales compl\u00e8tes seront disponibles dansles Mentions L\u00e9gales du site, et d&rsquo;autre [&hellip;]\" \/>\n<meta property=\"og:url\" content=\"https:\/\/fast-track.epsi-wis.ovh\/yastene\/conditions-generales-de-vente-cgv-2\/\" \/>\n<meta property=\"og:site_name\" content=\"onyx\" \/>\n<meta name=\"twitter:card\" content=\"summary_large_image\" \/>\n<meta name=\"twitter:label1\" content=\"Dur\u00e9e de lecture estim\u00e9e\" \/>\n\t<meta name=\"twitter:data1\" content=\"8 minutes\" \/>\n<script type=\"application\/ld+json\" class=\"yoast-schema-graph\">{\"@context\":\"https:\\\/\\\/schema.org\",\"@graph\":[{\"@type\":\"WebPage\",\"@id\":\"https:\\\/\\\/fast-track.epsi-wis.ovh\\\/yastene\\\/conditions-generales-de-vente-cgv-2\\\/\",\"url\":\"https:\\\/\\\/fast-track.epsi-wis.ovh\\\/yastene\\\/conditions-generales-de-vente-cgv-2\\\/\",\"name\":\"Conditions G\u00e9n\u00e9rales de Vente (CGV) - onyx\",\"isPartOf\":{\"@id\":\"https:\\\/\\\/fast-track.epsi-wis.ovh\\\/yastene\\\/#website\"},\"datePublished\":\"2025-06-29T21:03:51+00:00\",\"breadcrumb\":{\"@id\":\"https:\\\/\\\/fast-track.epsi-wis.ovh\\\/yastene\\\/conditions-generales-de-vente-cgv-2\\\/#breadcrumb\"},\"inLanguage\":\"fr-FR\",\"potentialAction\":[{\"@type\":\"ReadAction\",\"target\":[\"https:\\\/\\\/fast-track.epsi-wis.ovh\\\/yastene\\\/conditions-generales-de-vente-cgv-2\\\/\"]}]},{\"@type\":\"BreadcrumbList\",\"@id\":\"https:\\\/\\\/fast-track.epsi-wis.ovh\\\/yastene\\\/conditions-generales-de-vente-cgv-2\\\/#breadcrumb\",\"itemListElement\":[{\"@type\":\"ListItem\",\"position\":1,\"name\":\"Accueil\",\"item\":\"https:\\\/\\\/fast-track.epsi-wis.ovh\\\/yastene\\\/\"},{\"@type\":\"ListItem\",\"position\":2,\"name\":\"Conditions G\u00e9n\u00e9rales de Vente (CGV)\"}]},{\"@type\":\"WebSite\",\"@id\":\"https:\\\/\\\/fast-track.epsi-wis.ovh\\\/yastene\\\/#website\",\"url\":\"https:\\\/\\\/fast-track.epsi-wis.ovh\\\/yastene\\\/\",\"name\":\"yastene\",\"description\":\"\",\"publisher\":{\"@id\":\"https:\\\/\\\/fast-track.epsi-wis.ovh\\\/yastene\\\/#organization\"},\"potentialAction\":[{\"@type\":\"SearchAction\",\"target\":{\"@type\":\"EntryPoint\",\"urlTemplate\":\"https:\\\/\\\/fast-track.epsi-wis.ovh\\\/yastene\\\/?s={search_term_string}\"},\"query-input\":{\"@type\":\"PropertyValueSpecification\",\"valueRequired\":true,\"valueName\":\"search_term_string\"}}],\"inLanguage\":\"fr-FR\"},{\"@type\":\"Organization\",\"@id\":\"https:\\\/\\\/fast-track.epsi-wis.ovh\\\/yastene\\\/#organization\",\"name\":\"yastene\",\"url\":\"https:\\\/\\\/fast-track.epsi-wis.ovh\\\/yastene\\\/\",\"logo\":{\"@type\":\"ImageObject\",\"inLanguage\":\"fr-FR\",\"@id\":\"https:\\\/\\\/fast-track.epsi-wis.ovh\\\/yastene\\\/#\\\/schema\\\/logo\\\/image\\\/\",\"url\":\"https:\\\/\\\/fast-track.epsi-wis.ovh\\\/yastene\\\/wp-content\\\/uploads\\\/2025\\\/04\\\/image-1.png\",\"contentUrl\":\"https:\\\/\\\/fast-track.epsi-wis.ovh\\\/yastene\\\/wp-content\\\/uploads\\\/2025\\\/04\\\/image-1.png\",\"width\":301,\"height\":168,\"caption\":\"yastene\"},\"image\":{\"@id\":\"https:\\\/\\\/fast-track.epsi-wis.ovh\\\/yastene\\\/#\\\/schema\\\/logo\\\/image\\\/\"}}]}<\/script>\n<!-- \/ Yoast SEO plugin. -->","yoast_head_json":{"title":"Conditions G\u00e9n\u00e9rales de Vente (CGV) - onyx","robots":{"index":"noindex","follow":"follow","max-snippet":"max-snippet:-1","max-image-preview":"max-image-preview:large","max-video-preview":"max-video-preview:-1"},"og_locale":"fr_FR","og_type":"article","og_title":"Conditions G\u00e9n\u00e9rales de Vente (CGV) - onyx","og_description":"Champagne Ka\u00efrosDerni\u00e8re mise \u00e0 jour : [27\/06\/2025]Pr\u00e9ambule Les pr\u00e9sentes Conditions G\u00e9n\u00e9rales de Vente (ci-apr\u00e8s les \u00ab\u00a0CGV\u00a0\u00bb)r\u00e9gissent de mani\u00e8re exclusive les ventes en ligne des produits de la soci\u00e9t\u00e9Champagne Ka\u00efros (ci-apr\u00e8s \u00ab\u00a0le Vendeur\u00a0\u00bb) et sont conclues d&rsquo;une part par la soci\u00e9t\u00e9Champagne Ka\u00efros, dont les informations l\u00e9gales compl\u00e8tes seront disponibles dansles Mentions L\u00e9gales du site, et d&rsquo;autre [&hellip;]","og_url":"https:\/\/fast-track.epsi-wis.ovh\/yastene\/conditions-generales-de-vente-cgv-2\/","og_site_name":"onyx","twitter_card":"summary_large_image","twitter_misc":{"Dur\u00e9e de lecture estim\u00e9e":"8 minutes"},"schema":{"@context":"https:\/\/schema.org","@graph":[{"@type":"WebPage","@id":"https:\/\/fast-track.epsi-wis.ovh\/yastene\/conditions-generales-de-vente-cgv-2\/","url":"https:\/\/fast-track.epsi-wis.ovh\/yastene\/conditions-generales-de-vente-cgv-2\/","name":"Conditions G\u00e9n\u00e9rales de Vente (CGV) - onyx","isPartOf":{"@id":"https:\/\/fast-track.epsi-wis.ovh\/yastene\/#website"},"datePublished":"2025-06-29T21:03:51+00:00","breadcrumb":{"@id":"https:\/\/fast-track.epsi-wis.ovh\/yastene\/conditions-generales-de-vente-cgv-2\/#breadcrumb"},"inLanguage":"fr-FR","potentialAction":[{"@type":"ReadAction","target":["https:\/\/fast-track.epsi-wis.ovh\/yastene\/conditions-generales-de-vente-cgv-2\/"]}]},{"@type":"BreadcrumbList","@id":"https:\/\/fast-track.epsi-wis.ovh\/yastene\/conditions-generales-de-vente-cgv-2\/#breadcrumb","itemListElement":[{"@type":"ListItem","position":1,"name":"Accueil","item":"https:\/\/fast-track.epsi-wis.ovh\/yastene\/"},{"@type":"ListItem","position":2,"name":"Conditions G\u00e9n\u00e9rales de Vente (CGV)"}]},{"@type":"WebSite","@id":"https:\/\/fast-track.epsi-wis.ovh\/yastene\/#website","url":"https:\/\/fast-track.epsi-wis.ovh\/yastene\/","name":"yastene","description":"","publisher":{"@id":"https:\/\/fast-track.epsi-wis.ovh\/yastene\/#organization"},"potentialAction":[{"@type":"SearchAction","target":{"@type":"EntryPoint","urlTemplate":"https:\/\/fast-track.epsi-wis.ovh\/yastene\/?s={search_term_string}"},"query-input":{"@type":"PropertyValueSpecification","valueRequired":true,"valueName":"search_term_string"}}],"inLanguage":"fr-FR"},{"@type":"Organization","@id":"https:\/\/fast-track.epsi-wis.ovh\/yastene\/#organization","name":"yastene","url":"https:\/\/fast-track.epsi-wis.ovh\/yastene\/","logo":{"@type":"ImageObject","inLanguage":"fr-FR","@id":"https:\/\/fast-track.epsi-wis.ovh\/yastene\/#\/schema\/logo\/image\/","url":"https:\/\/fast-track.epsi-wis.ovh\/yastene\/wp-content\/uploads\/2025\/04\/image-1.png","contentUrl":"https:\/\/fast-track.epsi-wis.ovh\/yastene\/wp-content\/uploads\/2025\/04\/image-1.png","width":301,"height":168,"caption":"yastene"},"image":{"@id":"https:\/\/fast-track.epsi-wis.ovh\/yastene\/#\/schema\/logo\/image\/"}}]}},"_links":{"self":[{"href":"https:\/\/fast-track.epsi-wis.ovh\/yastene\/wp-json\/wp\/v2\/pages\/215","targetHints":{"allow":["GET"]}}],"collection":[{"href":"https:\/\/fast-track.epsi-wis.ovh\/yastene\/wp-json\/wp\/v2\/pages"}],"about":[{"href":"https:\/\/fast-track.epsi-wis.ovh\/yastene\/wp-json\/wp\/v2\/types\/page"}],"author":[{"embeddable":true,"href":"https:\/\/fast-track.epsi-wis.ovh\/yastene\/wp-json\/wp\/v2\/users\/1"}],"replies":[{"embeddable":true,"href":"https:\/\/fast-track.epsi-wis.ovh\/yastene\/wp-json\/wp\/v2\/comments?post=215"}],"version-history":[{"count":1,"href":"https:\/\/fast-track.epsi-wis.ovh\/yastene\/wp-json\/wp\/v2\/pages\/215\/revisions"}],"predecessor-version":[{"id":216,"href":"https:\/\/fast-track.epsi-wis.ovh\/yastene\/wp-json\/wp\/v2\/pages\/215\/revisions\/216"}],"wp:attachment":[{"href":"https:\/\/fast-track.epsi-wis.ovh\/yastene\/wp-json\/wp\/v2\/media?parent=215"}],"curies":[{"name":"wp","href":"https:\/\/api.w.org\/{rel}","templated":true}]}}