{"id":152,"date":"2025-06-19T10:35:54","date_gmt":"2025-06-19T08:35:54","guid":{"rendered":"https:\/\/fast-track.epsi-wis.ovh\/yves\/?page_id=152"},"modified":"2025-06-19T11:12:37","modified_gmt":"2025-06-19T09:12:37","slug":"mentions-legales","status":"publish","type":"page","link":"https:\/\/fast-track.epsi-wis.ovh\/yves\/mentions-legales\/","title":{"rendered":"Mentions l\u00e9gales"},"content":{"rendered":"\n<details class=\"wp-block-details is-layout-flow wp-block-details-is-layout-flow\"><summary>Editeur<\/summary>\n<p>Le site <a href=\"https:\/\/fast-track.epsi-wis.ovh\/yves\">https:\/\/fast-track.epsi-wis.ovh\/yves<\/a> est \u00e9dit\u00e9 par la soci\u00e9t\u00e9 E-LINEC SARL au capital de 8 000 \u20ac, soci\u00e9t\u00e9 immatricul\u00e9e au RCS de Nanterre sous le num\u00e9ro 493 971 394.<\/p>\n\n\n\n<p>D\u00e9claration d&rsquo;activit\u00e9 de formation enregistr\u00e9e sous le num\u00e9ro 11921630992<\/p>\n<\/details>\n\n\n\n<p><\/p>\n\n\n\n<details class=\"wp-block-details is-layout-flow wp-block-details-is-layout-flow\"><summary>Si\u00e8ge Social<\/summary>\n<p><strong>E-LINEC<\/strong><\/p>\n\n\n\n<p>7 Avenue Am\u00e9lie<\/p>\n\n\n\n<p>92320 Chatillon<\/p>\n\n\n\n<p>Tel:01.58.35.01.13<\/p>\n<\/details>\n\n\n\n<p><\/p>\n\n\n\n<details class=\"wp-block-details is-layout-flow wp-block-details-is-layout-flow\"><summary>Mentions relative \u00e0 la propri\u00e9t\u00e9 intellectuelle<\/summary>\n<p>Le site <a href=\"https:\/\/fast-track.epsi-wis.ovh\/yves\">https:\/\/fast-track.epsi-wis.ovh\/yves<\/a> a \u00e9t\u00e9 r\u00e9alis\u00e9 par Yves Wansi sur la base du syst\u00e8me de gestion de contenu WordPress et du th\u00e8me b5st.<\/p>\n\n\n\n<p>Textes : Yves Wansi<\/p>\n\n\n\n<p>Images, illustrations, photographies : base documentaire libre de droits<\/p>\n<\/details>\n\n\n\n<details class=\"wp-block-details is-layout-flow wp-block-details-is-layout-flow\"><summary>H\u00e9bergement<\/summary>\n<p><strong>OVH SAS<\/strong><\/p>\n\n\n\n<p>2 rue Kellermann<\/p>\n\n\n\n<p>59100 Roubaix<\/p>\n\n\n\n<p>T\u00e9l. 1007<\/p>\n<\/details>\n","protected":false},"excerpt":{"rendered":"","protected":false},"author":1,"featured_media":0,"parent":0,"menu_order":0,"comment_status":"closed","ping_status":"closed","template":"","meta":{"footnotes":""},"class_list":["post-152","page","type-page","status-publish","hentry"],"yoast_head":"<!-- This site is optimized with the Yoast SEO plugin v27.4 - https:\/\/yoast.com\/product\/yoast-seo-wordpress\/ -->\n<title>Mentions l\u00e9gales - yves<\/title>\n<meta name=\"robots\" content=\"index, follow, max-snippet:-1, max-image-preview:large, max-video-preview:-1\" \/>\n<link rel=\"canonical\" href=\"https:\/\/fast-track.epsi-wis.ovh\/yves\/mentions-legales\/\" \/>\n<meta property=\"og:locale\" content=\"fr_FR\" \/>\n<meta property=\"og:type\" content=\"article\" \/>\n<meta property=\"og:title\" content=\"Mentions l\u00e9gales - yves\" \/>\n<meta property=\"og:url\" content=\"https:\/\/fast-track.epsi-wis.ovh\/yves\/mentions-legales\/\" \/>\n<meta property=\"og:site_name\" content=\"yves\" \/>\n<meta property=\"article:modified_time\" content=\"2025-06-19T09:12:37+00:00\" \/>\n<meta name=\"twitter:card\" content=\"summary_large_image\" \/>\n<meta name=\"twitter:label1\" content=\"Dur\u00e9e de lecture estim\u00e9e\" \/>\n\t<meta name=\"twitter:data1\" content=\"1 minute\" \/>\n<script type=\"application\/ld+json\" class=\"yoast-schema-graph\">{\"@context\":\"https:\\\/\\\/schema.org\",\"@graph\":[{\"@type\":\"WebPage\",\"@id\":\"https:\\\/\\\/fast-track.epsi-wis.ovh\\\/yves\\\/mentions-legales\\\/\",\"url\":\"https:\\\/\\\/fast-track.epsi-wis.ovh\\\/yves\\\/mentions-legales\\\/\",\"name\":\"Mentions l\u00e9gales - yves\",\"isPartOf\":{\"@id\":\"https:\\\/\\\/fast-track.epsi-wis.ovh\\\/yves\\\/#website\"},\"datePublished\":\"2025-06-19T08:35:54+00:00\",\"dateModified\":\"2025-06-19T09:12:37+00:00\",\"breadcrumb\":{\"@id\":\"https:\\\/\\\/fast-track.epsi-wis.ovh\\\/yves\\\/mentions-legales\\\/#breadcrumb\"},\"inLanguage\":\"fr-FR\",\"potentialAction\":[{\"@type\":\"ReadAction\",\"target\":[\"https:\\\/\\\/fast-track.epsi-wis.ovh\\\/yves\\\/mentions-legales\\\/\"]}]},{\"@type\":\"BreadcrumbList\",\"@id\":\"https:\\\/\\\/fast-track.epsi-wis.ovh\\\/yves\\\/mentions-legales\\\/#breadcrumb\",\"itemListElement\":[{\"@type\":\"ListItem\",\"position\":1,\"name\":\"Accueil\",\"item\":\"https:\\\/\\\/fast-track.epsi-wis.ovh\\\/yves\\\/\"},{\"@type\":\"ListItem\",\"position\":2,\"name\":\"Mentions l\u00e9gales\"}]},{\"@type\":\"WebSite\",\"@id\":\"https:\\\/\\\/fast-track.epsi-wis.ovh\\\/yves\\\/#website\",\"url\":\"https:\\\/\\\/fast-track.epsi-wis.ovh\\\/yves\\\/\",\"name\":\"yves\",\"description\":\"\",\"publisher\":{\"@id\":\"https:\\\/\\\/fast-track.epsi-wis.ovh\\\/yves\\\/#organization\"},\"potentialAction\":[{\"@type\":\"SearchAction\",\"target\":{\"@type\":\"EntryPoint\",\"urlTemplate\":\"https:\\\/\\\/fast-track.epsi-wis.ovh\\\/yves\\\/?s={search_term_string}\"},\"query-input\":{\"@type\":\"PropertyValueSpecification\",\"valueRequired\":true,\"valueName\":\"search_term_string\"}}],\"inLanguage\":\"fr-FR\"},{\"@type\":\"Organization\",\"@id\":\"https:\\\/\\\/fast-track.epsi-wis.ovh\\\/yves\\\/#organization\",\"name\":\"yves\",\"url\":\"https:\\\/\\\/fast-track.epsi-wis.ovh\\\/yves\\\/\",\"logo\":{\"@type\":\"ImageObject\",\"inLanguage\":\"fr-FR\",\"@id\":\"https:\\\/\\\/fast-track.epsi-wis.ovh\\\/yves\\\/#\\\/schema\\\/logo\\\/image\\\/\",\"url\":\"https:\\\/\\\/fast-track.epsi-wis.ovh\\\/yves\\\/wp-content\\\/uploads\\\/2025\\\/05\\\/EPSI-WIS.png\",\"contentUrl\":\"https:\\\/\\\/fast-track.epsi-wis.ovh\\\/yves\\\/wp-content\\\/uploads\\\/2025\\\/05\\\/EPSI-WIS.png\",\"width\":297,\"height\":170,\"caption\":\"yves\"},\"image\":{\"@id\":\"https:\\\/\\\/fast-track.epsi-wis.ovh\\\/yves\\\/#\\\/schema\\\/logo\\\/image\\\/\"}}]}<\/script>\n<!-- \/ Yoast SEO plugin. -->","yoast_head_json":{"title":"Mentions l\u00e9gales - yves","robots":{"index":"index","follow":"follow","max-snippet":"max-snippet:-1","max-image-preview":"max-image-preview:large","max-video-preview":"max-video-preview:-1"},"canonical":"https:\/\/fast-track.epsi-wis.ovh\/yves\/mentions-legales\/","og_locale":"fr_FR","og_type":"article","og_title":"Mentions l\u00e9gales - yves","og_url":"https:\/\/fast-track.epsi-wis.ovh\/yves\/mentions-legales\/","og_site_name":"yves","article_modified_time":"2025-06-19T09:12:37+00:00","twitter_card":"summary_large_image","twitter_misc":{"Dur\u00e9e de lecture estim\u00e9e":"1 minute"},"schema":{"@context":"https:\/\/schema.org","@graph":[{"@type":"WebPage","@id":"https:\/\/fast-track.epsi-wis.ovh\/yves\/mentions-legales\/","url":"https:\/\/fast-track.epsi-wis.ovh\/yves\/mentions-legales\/","name":"Mentions l\u00e9gales - yves","isPartOf":{"@id":"https:\/\/fast-track.epsi-wis.ovh\/yves\/#website"},"datePublished":"2025-06-19T08:35:54+00:00","dateModified":"2025-06-19T09:12:37+00:00","breadcrumb":{"@id":"https:\/\/fast-track.epsi-wis.ovh\/yves\/mentions-legales\/#breadcrumb"},"inLanguage":"fr-FR","potentialAction":[{"@type":"ReadAction","target":["https:\/\/fast-track.epsi-wis.ovh\/yves\/mentions-legales\/"]}]},{"@type":"BreadcrumbList","@id":"https:\/\/fast-track.epsi-wis.ovh\/yves\/mentions-legales\/#breadcrumb","itemListElement":[{"@type":"ListItem","position":1,"name":"Accueil","item":"https:\/\/fast-track.epsi-wis.ovh\/yves\/"},{"@type":"ListItem","position":2,"name":"Mentions l\u00e9gales"}]},{"@type":"WebSite","@id":"https:\/\/fast-track.epsi-wis.ovh\/yves\/#website","url":"https:\/\/fast-track.epsi-wis.ovh\/yves\/","name":"yves","description":"","publisher":{"@id":"https:\/\/fast-track.epsi-wis.ovh\/yves\/#organization"},"potentialAction":[{"@type":"SearchAction","target":{"@type":"EntryPoint","urlTemplate":"https:\/\/fast-track.epsi-wis.ovh\/yves\/?s={search_term_string}"},"query-input":{"@type":"PropertyValueSpecification","valueRequired":true,"valueName":"search_term_string"}}],"inLanguage":"fr-FR"},{"@type":"Organization","@id":"https:\/\/fast-track.epsi-wis.ovh\/yves\/#organization","name":"yves","url":"https:\/\/fast-track.epsi-wis.ovh\/yves\/","logo":{"@type":"ImageObject","inLanguage":"fr-FR","@id":"https:\/\/fast-track.epsi-wis.ovh\/yves\/#\/schema\/logo\/image\/","url":"https:\/\/fast-track.epsi-wis.ovh\/yves\/wp-content\/uploads\/2025\/05\/EPSI-WIS.png","contentUrl":"https:\/\/fast-track.epsi-wis.ovh\/yves\/wp-content\/uploads\/2025\/05\/EPSI-WIS.png","width":297,"height":170,"caption":"yves"},"image":{"@id":"https:\/\/fast-track.epsi-wis.ovh\/yves\/#\/schema\/logo\/image\/"}}]}},"_links":{"self":[{"href":"https:\/\/fast-track.epsi-wis.ovh\/yves\/wp-json\/wp\/v2\/pages\/152","targetHints":{"allow":["GET"]}}],"collection":[{"href":"https:\/\/fast-track.epsi-wis.ovh\/yves\/wp-json\/wp\/v2\/pages"}],"about":[{"href":"https:\/\/fast-track.epsi-wis.ovh\/yves\/wp-json\/wp\/v2\/types\/page"}],"author":[{"embeddable":true,"href":"https:\/\/fast-track.epsi-wis.ovh\/yves\/wp-json\/wp\/v2\/users\/1"}],"replies":[{"embeddable":true,"href":"https:\/\/fast-track.epsi-wis.ovh\/yves\/wp-json\/wp\/v2\/comments?post=152"}],"version-history":[{"count":7,"href":"https:\/\/fast-track.epsi-wis.ovh\/yves\/wp-json\/wp\/v2\/pages\/152\/revisions"}],"predecessor-version":[{"id":162,"href":"https:\/\/fast-track.epsi-wis.ovh\/yves\/wp-json\/wp\/v2\/pages\/152\/revisions\/162"}],"wp:attachment":[{"href":"https:\/\/fast-track.epsi-wis.ovh\/yves\/wp-json\/wp\/v2\/media?parent=152"}],"curies":[{"name":"wp","href":"https:\/\/api.w.org\/{rel}","templated":true}]}}