{"id":8,"date":"2025-04-09T12:26:02","date_gmt":"2025-04-09T10:26:02","guid":{"rendered":"https:\/\/fast-track.epsi-wis.ovh\/yves\/?page_id=8"},"modified":"2025-06-19T11:23:56","modified_gmt":"2025-06-19T09:23:56","slug":"accueil","status":"publish","type":"page","link":"https:\/\/fast-track.epsi-wis.ovh\/yves\/","title":{"rendered":"Bienvenu chez Onyx Espaces Verts"},"content":{"rendered":"\n<h3 class=\"wp-block-heading\">L\u2019art de sublimer vos espaces ext\u00e9rieurs<\/h3>\n\n\n<div class=\"wp-block-image\">\n<figure class=\"aligncenter\"><img fetchpriority=\"high\" decoding=\"async\" width=\"275\" height=\"183\" src=\"https:\/\/fast-track.epsi-wis.ovh\/yves\/wp-content\/uploads\/2025\/06\/espaces-verts.jpeg\" alt=\"\" class=\"wp-image-164\"\/><\/figure>\n<\/div>\n\n<p class=\"my-0\">Depuis plusieurs ann\u00e9es, notre \u00e9quipe passionn\u00e9e accompagne particuliers, entreprises et collectivit\u00e9s dans la cr\u00e9ation, la transformation et l\u2019entretien de jardins et parcs. Nous mettons notre expertise \u00e0 votre service pour imaginer, r\u00e9aliser et entretenir des espaces ext\u00e9rieurs esth\u00e9tiques, harmonieux et durables.<\/p>\n\n\n<p><strong>Nos domaines d\u2019expertise<\/strong><\/p>\n\n\n\n<p><a href=\"https:\/\/fast-track.epsi-wis.ovh\/yves\/amenagement-paysager%f0%9f%8c%bf\/\">Am\u00e9nagement paysager<\/a><\/p>\n\n\n\n<p><a href=\"https:\/\/fast-track.epsi-wis.ovh\/yves\/wp-admin\/post.php?post=85&amp;action=edit\">Entretien des espaces verts<\/a><\/p>\n\n\n\n<p><a href=\"https:\/\/fast-track.epsi-wis.ovh\/yves\/wp-admin\/post.php?post=92&amp;action=edit\">Am\u00e9nagement de terrasses<\/a><\/p>\n\n\n\n<p><\/p>\n\n\n<h2 class=\"mb-xs mt-5 text-base font-[500] first:mt-0 dark:font-[475]\">Besoin d\u2019un renseignement ou d\u2019un devis ?<\/h2>\n<p class=\"my-0\">Cliquez ci-dessous pour acc\u00e9der \u00e0 notre formulaire de contact et nous faire part de votre demande.<\/p>\n<p>Remplissez notre <a href=\"https:\/\/fast-track.epsi-wis.ovh\/yves\/?page_id=10\">formulaire de contact<\/a><\/p>\n\n\n<p><\/p>\n","protected":false},"excerpt":{"rendered":"<p>L\u2019art de sublimer vos espaces ext\u00e9rieurs Depuis plusieurs ann\u00e9es, notre \u00e9quipe passionn\u00e9e accompagne particuliers, entreprises et collectivit\u00e9s dans la cr\u00e9ation, la transformation et l\u2019entretien de jardins et parcs. Nous mettons notre expertise \u00e0 votre service pour imaginer, r\u00e9aliser et entretenir des espaces ext\u00e9rieurs esth\u00e9tiques, harmonieux et durables. Nos domaines d\u2019expertise Am\u00e9nagement paysager Entretien des espaces [&hellip;]<\/p>\n","protected":false},"author":1,"featured_media":0,"parent":0,"menu_order":0,"comment_status":"closed","ping_status":"closed","template":"","meta":{"footnotes":""},"class_list":["post-8","page","type-page","status-publish","hentry"],"yoast_head":"<!-- This site is optimized with the Yoast SEO plugin v27.4 - https:\/\/yoast.com\/product\/yoast-seo-wordpress\/ -->\n<title>Bienvenu chez Onyx Espaces Verts - yves<\/title>\n<meta name=\"robots\" content=\"index, follow, max-snippet:-1, max-image-preview:large, max-video-preview:-1\" \/>\n<link rel=\"canonical\" href=\"https:\/\/fast-track.epsi-wis.ovh\/yves\/\" \/>\n<meta property=\"og:locale\" content=\"fr_FR\" \/>\n<meta property=\"og:type\" content=\"article\" \/>\n<meta property=\"og:title\" content=\"Bienvenu chez Onyx Espaces Verts - yves\" \/>\n<meta property=\"og:description\" content=\"L\u2019art de sublimer vos espaces ext\u00e9rieurs Depuis plusieurs ann\u00e9es, notre \u00e9quipe passionn\u00e9e accompagne particuliers, entreprises et collectivit\u00e9s dans la cr\u00e9ation, la transformation et l\u2019entretien de jardins et parcs. Nous mettons notre expertise \u00e0 votre service pour imaginer, r\u00e9aliser et entretenir des espaces ext\u00e9rieurs esth\u00e9tiques, harmonieux et durables. Nos domaines d\u2019expertise Am\u00e9nagement paysager Entretien des espaces [&hellip;]\" \/>\n<meta property=\"og:url\" content=\"https:\/\/fast-track.epsi-wis.ovh\/yves\/\" \/>\n<meta property=\"og:site_name\" content=\"yves\" \/>\n<meta property=\"article:modified_time\" content=\"2025-06-19T09:23:56+00:00\" \/>\n<meta property=\"og:image\" content=\"https:\/\/fast-track.epsi-wis.ovh\/yves\/wp-content\/uploads\/2025\/06\/espaces-verts.jpeg\" \/>\n\t<meta property=\"og:image:width\" content=\"275\" \/>\n\t<meta property=\"og:image:height\" content=\"183\" \/>\n\t<meta property=\"og:image:type\" content=\"image\/jpeg\" \/>\n<meta name=\"twitter:card\" content=\"summary_large_image\" \/>\n<meta name=\"twitter:label1\" content=\"Dur\u00e9e de lecture estim\u00e9e\" \/>\n\t<meta name=\"twitter:data1\" content=\"1 minute\" \/>\n<script type=\"application\/ld+json\" class=\"yoast-schema-graph\">{\"@context\":\"https:\\\/\\\/schema.org\",\"@graph\":[{\"@type\":\"WebPage\",\"@id\":\"https:\\\/\\\/fast-track.epsi-wis.ovh\\\/yves\\\/\",\"url\":\"https:\\\/\\\/fast-track.epsi-wis.ovh\\\/yves\\\/\",\"name\":\"Bienvenu chez Onyx Espaces Verts - yves\",\"isPartOf\":{\"@id\":\"https:\\\/\\\/fast-track.epsi-wis.ovh\\\/yves\\\/#website\"},\"primaryImageOfPage\":{\"@id\":\"https:\\\/\\\/fast-track.epsi-wis.ovh\\\/yves\\\/#primaryimage\"},\"image\":{\"@id\":\"https:\\\/\\\/fast-track.epsi-wis.ovh\\\/yves\\\/#primaryimage\"},\"thumbnailUrl\":\"https:\\\/\\\/fast-track.epsi-wis.ovh\\\/yves\\\/wp-content\\\/uploads\\\/2025\\\/06\\\/espaces-verts.jpeg\",\"datePublished\":\"2025-04-09T10:26:02+00:00\",\"dateModified\":\"2025-06-19T09:23:56+00:00\",\"breadcrumb\":{\"@id\":\"https:\\\/\\\/fast-track.epsi-wis.ovh\\\/yves\\\/#breadcrumb\"},\"inLanguage\":\"fr-FR\",\"potentialAction\":[{\"@type\":\"ReadAction\",\"target\":[\"https:\\\/\\\/fast-track.epsi-wis.ovh\\\/yves\\\/\"]}]},{\"@type\":\"ImageObject\",\"inLanguage\":\"fr-FR\",\"@id\":\"https:\\\/\\\/fast-track.epsi-wis.ovh\\\/yves\\\/#primaryimage\",\"url\":\"https:\\\/\\\/fast-track.epsi-wis.ovh\\\/yves\\\/wp-content\\\/uploads\\\/2025\\\/06\\\/espaces-verts.jpeg\",\"contentUrl\":\"https:\\\/\\\/fast-track.epsi-wis.ovh\\\/yves\\\/wp-content\\\/uploads\\\/2025\\\/06\\\/espaces-verts.jpeg\",\"width\":275,\"height\":183},{\"@type\":\"BreadcrumbList\",\"@id\":\"https:\\\/\\\/fast-track.epsi-wis.ovh\\\/yves\\\/#breadcrumb\",\"itemListElement\":[{\"@type\":\"ListItem\",\"position\":1,\"name\":\"Accueil\",\"item\":\"https:\\\/\\\/fast-track.epsi-wis.ovh\\\/yves\\\/\"},{\"@type\":\"ListItem\",\"position\":2,\"name\":\"Bienvenu chez Onyx Espaces Verts\"}]},{\"@type\":\"WebSite\",\"@id\":\"https:\\\/\\\/fast-track.epsi-wis.ovh\\\/yves\\\/#website\",\"url\":\"https:\\\/\\\/fast-track.epsi-wis.ovh\\\/yves\\\/\",\"name\":\"yves\",\"description\":\"\",\"publisher\":{\"@id\":\"https:\\\/\\\/fast-track.epsi-wis.ovh\\\/yves\\\/#organization\"},\"potentialAction\":[{\"@type\":\"SearchAction\",\"target\":{\"@type\":\"EntryPoint\",\"urlTemplate\":\"https:\\\/\\\/fast-track.epsi-wis.ovh\\\/yves\\\/?s={search_term_string}\"},\"query-input\":{\"@type\":\"PropertyValueSpecification\",\"valueRequired\":true,\"valueName\":\"search_term_string\"}}],\"inLanguage\":\"fr-FR\"},{\"@type\":\"Organization\",\"@id\":\"https:\\\/\\\/fast-track.epsi-wis.ovh\\\/yves\\\/#organization\",\"name\":\"yves\",\"url\":\"https:\\\/\\\/fast-track.epsi-wis.ovh\\\/yves\\\/\",\"logo\":{\"@type\":\"ImageObject\",\"inLanguage\":\"fr-FR\",\"@id\":\"https:\\\/\\\/fast-track.epsi-wis.ovh\\\/yves\\\/#\\\/schema\\\/logo\\\/image\\\/\",\"url\":\"https:\\\/\\\/fast-track.epsi-wis.ovh\\\/yves\\\/wp-content\\\/uploads\\\/2025\\\/05\\\/EPSI-WIS.png\",\"contentUrl\":\"https:\\\/\\\/fast-track.epsi-wis.ovh\\\/yves\\\/wp-content\\\/uploads\\\/2025\\\/05\\\/EPSI-WIS.png\",\"width\":297,\"height\":170,\"caption\":\"yves\"},\"image\":{\"@id\":\"https:\\\/\\\/fast-track.epsi-wis.ovh\\\/yves\\\/#\\\/schema\\\/logo\\\/image\\\/\"}}]}<\/script>\n<!-- \/ Yoast SEO plugin. -->","yoast_head_json":{"title":"Bienvenu chez Onyx Espaces Verts - yves","robots":{"index":"index","follow":"follow","max-snippet":"max-snippet:-1","max-image-preview":"max-image-preview:large","max-video-preview":"max-video-preview:-1"},"canonical":"https:\/\/fast-track.epsi-wis.ovh\/yves\/","og_locale":"fr_FR","og_type":"article","og_title":"Bienvenu chez Onyx Espaces Verts - yves","og_description":"L\u2019art de sublimer vos espaces ext\u00e9rieurs Depuis plusieurs ann\u00e9es, notre \u00e9quipe passionn\u00e9e accompagne particuliers, entreprises et collectivit\u00e9s dans la cr\u00e9ation, la transformation et l\u2019entretien de jardins et parcs. Nous mettons notre expertise \u00e0 votre service pour imaginer, r\u00e9aliser et entretenir des espaces ext\u00e9rieurs esth\u00e9tiques, harmonieux et durables. Nos domaines d\u2019expertise Am\u00e9nagement paysager Entretien des espaces [&hellip;]","og_url":"https:\/\/fast-track.epsi-wis.ovh\/yves\/","og_site_name":"yves","article_modified_time":"2025-06-19T09:23:56+00:00","og_image":[{"width":275,"height":183,"url":"https:\/\/fast-track.epsi-wis.ovh\/yves\/wp-content\/uploads\/2025\/06\/espaces-verts.jpeg","type":"image\/jpeg"}],"twitter_card":"summary_large_image","twitter_misc":{"Dur\u00e9e de lecture estim\u00e9e":"1 minute"},"schema":{"@context":"https:\/\/schema.org","@graph":[{"@type":"WebPage","@id":"https:\/\/fast-track.epsi-wis.ovh\/yves\/","url":"https:\/\/fast-track.epsi-wis.ovh\/yves\/","name":"Bienvenu chez Onyx Espaces Verts - yves","isPartOf":{"@id":"https:\/\/fast-track.epsi-wis.ovh\/yves\/#website"},"primaryImageOfPage":{"@id":"https:\/\/fast-track.epsi-wis.ovh\/yves\/#primaryimage"},"image":{"@id":"https:\/\/fast-track.epsi-wis.ovh\/yves\/#primaryimage"},"thumbnailUrl":"https:\/\/fast-track.epsi-wis.ovh\/yves\/wp-content\/uploads\/2025\/06\/espaces-verts.jpeg","datePublished":"2025-04-09T10:26:02+00:00","dateModified":"2025-06-19T09:23:56+00:00","breadcrumb":{"@id":"https:\/\/fast-track.epsi-wis.ovh\/yves\/#breadcrumb"},"inLanguage":"fr-FR","potentialAction":[{"@type":"ReadAction","target":["https:\/\/fast-track.epsi-wis.ovh\/yves\/"]}]},{"@type":"ImageObject","inLanguage":"fr-FR","@id":"https:\/\/fast-track.epsi-wis.ovh\/yves\/#primaryimage","url":"https:\/\/fast-track.epsi-wis.ovh\/yves\/wp-content\/uploads\/2025\/06\/espaces-verts.jpeg","contentUrl":"https:\/\/fast-track.epsi-wis.ovh\/yves\/wp-content\/uploads\/2025\/06\/espaces-verts.jpeg","width":275,"height":183},{"@type":"BreadcrumbList","@id":"https:\/\/fast-track.epsi-wis.ovh\/yves\/#breadcrumb","itemListElement":[{"@type":"ListItem","position":1,"name":"Accueil","item":"https:\/\/fast-track.epsi-wis.ovh\/yves\/"},{"@type":"ListItem","position":2,"name":"Bienvenu chez Onyx Espaces Verts"}]},{"@type":"WebSite","@id":"https:\/\/fast-track.epsi-wis.ovh\/yves\/#website","url":"https:\/\/fast-track.epsi-wis.ovh\/yves\/","name":"yves","description":"","publisher":{"@id":"https:\/\/fast-track.epsi-wis.ovh\/yves\/#organization"},"potentialAction":[{"@type":"SearchAction","target":{"@type":"EntryPoint","urlTemplate":"https:\/\/fast-track.epsi-wis.ovh\/yves\/?s={search_term_string}"},"query-input":{"@type":"PropertyValueSpecification","valueRequired":true,"valueName":"search_term_string"}}],"inLanguage":"fr-FR"},{"@type":"Organization","@id":"https:\/\/fast-track.epsi-wis.ovh\/yves\/#organization","name":"yves","url":"https:\/\/fast-track.epsi-wis.ovh\/yves\/","logo":{"@type":"ImageObject","inLanguage":"fr-FR","@id":"https:\/\/fast-track.epsi-wis.ovh\/yves\/#\/schema\/logo\/image\/","url":"https:\/\/fast-track.epsi-wis.ovh\/yves\/wp-content\/uploads\/2025\/05\/EPSI-WIS.png","contentUrl":"https:\/\/fast-track.epsi-wis.ovh\/yves\/wp-content\/uploads\/2025\/05\/EPSI-WIS.png","width":297,"height":170,"caption":"yves"},"image":{"@id":"https:\/\/fast-track.epsi-wis.ovh\/yves\/#\/schema\/logo\/image\/"}}]}},"_links":{"self":[{"href":"https:\/\/fast-track.epsi-wis.ovh\/yves\/wp-json\/wp\/v2\/pages\/8","targetHints":{"allow":["GET"]}}],"collection":[{"href":"https:\/\/fast-track.epsi-wis.ovh\/yves\/wp-json\/wp\/v2\/pages"}],"about":[{"href":"https:\/\/fast-track.epsi-wis.ovh\/yves\/wp-json\/wp\/v2\/types\/page"}],"author":[{"embeddable":true,"href":"https:\/\/fast-track.epsi-wis.ovh\/yves\/wp-json\/wp\/v2\/users\/1"}],"replies":[{"embeddable":true,"href":"https:\/\/fast-track.epsi-wis.ovh\/yves\/wp-json\/wp\/v2\/comments?post=8"}],"version-history":[{"count":12,"href":"https:\/\/fast-track.epsi-wis.ovh\/yves\/wp-json\/wp\/v2\/pages\/8\/revisions"}],"predecessor-version":[{"id":168,"href":"https:\/\/fast-track.epsi-wis.ovh\/yves\/wp-json\/wp\/v2\/pages\/8\/revisions\/168"}],"wp:attachment":[{"href":"https:\/\/fast-track.epsi-wis.ovh\/yves\/wp-json\/wp\/v2\/media?parent=8"}],"curies":[{"name":"wp","href":"https:\/\/api.w.org\/{rel}","templated":true}]}}